{"id":20583,"date":"2020-03-10T07:52:03","date_gmt":"2020-03-10T07:52:03","guid":{"rendered":"https:\/\/www.msds-europe.com\/?page_id=20583"},"modified":"2026-02-24T09:54:21","modified_gmt":"2026-02-24T09:54:21","slug":"elements-etiquetage-de-la-fiche-de-donnees-de-securite","status":"publish","type":"page","link":"https:\/\/www.msds-europe.com\/fr\/elements-etiquetage-de-la-fiche-de-donnees-de-securite\/","title":{"rendered":"\u00c9l\u00e9ments d\u00b4\u00e9tiquetage de la fiche de donn\u00e9es de s\u00e9curit\u00e9"},"content":{"rendered":"<p style=\"text-align: right;\"><em><a href=\"https:\/\/www.msds-europe.com\/fr\/fiche-de-donnees-de-securite-base-de-connaissances\/\">Base de connaissances sur les fiches de donn\u00e9es de s\u00e9curit\u00e9<\/a> \u2013 \u00c9l\u00e9ments d\u2019\u00e9tiquetage dans une fiche de donn\u00e9es de s\u00e9curit\u00e9<\/em><\/p>\n<p>&nbsp;<\/p>\n<p style=\"text-align: justify;\">Conform\u00e9ment \u00e0 l\u2019annexe II du r\u00e8glement (UE) n\u00b0 2015\/830 (28 mai 2015), \u00e0 la rubrique 2.2 des fiches de donn\u00e9es de s\u00e9curit\u00e9, les \u00e9l\u00e9ments d\u2019\u00e9tiquetage suivants sont requis :<\/p>\n<ul>\n<li style=\"text-align: justify;\"><a href=\"https:\/\/www.msds-europe.com\/fr\/pictogramme-de-danger\/\">pictogramme(s) de danger<\/a><\/li>\n<li style=\"text-align: justify;\">mot(s)-signal<\/li>\n<li style=\"text-align: justify;\"><a href=\"https:\/\/www.msds-europe.com\/fr\/mentions-de-danger-h\/\">mention(s) de danger<\/a> et <a href=\"https:\/\/www.msds-europe.com\/fr\/conseils-de-prudence-p\/\">conseil(s) de prudence<\/a><\/li>\n<li style=\"text-align: justify;\">informations suppl\u00e9mentaires<\/li>\n<\/ul>\n<p>&nbsp;<\/p>\n<p style=\"text-align: justify;\">Le pictogramme en couleur pr\u00e9vu par le r\u00e8glement (CE) n\u00b0 1272\/2008 peut \u00eatre remplac\u00e9, dans une FDS, par une reproduction graphique compl\u00e8te en noir et blanc du pictogramme de danger, ou par une reproduction graphique du seul symbole.<\/p>\n<p style=\"text-align: justify;\">Des mentions telles que \u00ab non toxique \u00bb, \u00ab non nocif \u00bb, \u00ab non polluant \u00bb, \u00ab \u00e9cologique \u00bb ou toute autre d\u00e9claration indiquant que la substance ou le m\u00e9lange n\u2019est pas dangereux, ainsi que toute d\u00e9claration incompatible avec la classification de cette substance ou de ce m\u00e9lange, ne doivent pas appara\u00eetre sur l\u2019\u00e9tiquette ou l\u2019emballage de la substance ou du m\u00e9lange.<\/p>\n<p style=\"text-align: right;\"><a href=\"https:\/\/www.msds-europe.com\/fr\/consultation-en-ligne\/\" class=\"su-button su-button-style-default\" style=\"color:#ffffff;background-color:#ef552d;border-color:#c04424;border-radius:6px\" target=\"_self\"><span style=\"color:#ffffff;padding:0px 18px;font-size:14px;line-height:28px;border-color:#f4886c;border-radius:6px;text-shadow:0px 0px 2px #ffffff\"> Demandez \u00e0 notre expert en s\u00e9curit\u00e9 chimique !<\/span><\/a>\n<h2 style=\"text-align: justify;\">\u00c9l\u00e9ments obligatoires d\u2019\u00e9tiquetage selon le r\u00e8glement CLP<\/h2>\n<p style=\"text-align: justify;\">Conform\u00e9ment \u00e0 l\u2019article 17 du r\u00e8glement (CE) n\u00b0 1272\/2008 relatif \u00e0 la classification, \u00e0 l\u2019\u00e9tiquetage et \u00e0 l\u2019emballage des substances et des m\u00e9langes, une substance ou un m\u00e9lange class\u00e9 comme dangereux et plac\u00e9 dans un emballage doit porter une \u00e9tiquette comprenant les \u00e9l\u00e9ments suivants :<\/p>\n<ol>\n<li style=\"text-align: justify;\">Le nom, l\u2019adresse et le num\u00e9ro de t\u00e9l\u00e9phone du ou des fournisseur(s)<\/li>\n<li style=\"text-align: justify;\">La quantit\u00e9 nominale de la substance ou du m\u00e9lange dans l\u2019emballage fourni au grand public, sauf si cette quantit\u00e9 est indiqu\u00e9e ailleurs sur l\u2019emballage<\/li>\n<li style=\"text-align: justify;\">Les identificateurs de produit (nom et num\u00e9ro d\u2019identification de la substance, nom du m\u00e9lange et identification de certaines substances dans le m\u00e9lange qui contribuent \u00e0 la classification du m\u00e9lange au regard, notamment, de la toxicit\u00e9 aigu\u00eb, de la corrosion cutan\u00e9e ou des l\u00e9sions oculaires graves, de la mutag\u00e9nicit\u00e9 sur les cellules germinales, de la canc\u00e9rog\u00e9nicit\u00e9, de la toxicit\u00e9 pour la reproduction, de la sensibilisation respiratoire ou cutan\u00e9e, de la toxicit\u00e9 sp\u00e9cifique pour certains organes cibles (STOT) ou du danger par aspiration)<\/li>\n<li style=\"text-align: justify;\">Le cas \u00e9ch\u00e9ant, les pictogrammes de danger<\/li>\n<li style=\"text-align: justify;\">Le cas \u00e9ch\u00e9ant, le(s) mot(s)-signal (Danger ou Attention)<\/li>\n<li style=\"text-align: justify;\">Le cas \u00e9ch\u00e9ant, les mentions de danger (H)<\/li>\n<li style=\"text-align: justify;\">Le cas \u00e9ch\u00e9ant, les conseils de prudence (P) appropri\u00e9s<\/li>\n<li style=\"text-align: justify;\">Le cas \u00e9ch\u00e9ant, une rubrique relative aux informations suppl\u00e9mentaires<\/li>\n<\/ol>\n<p>&nbsp;<\/p>\n<h2>Rubrique relative aux informations suppl\u00e9mentaires<\/h2>\n<p style=\"text-align: justify;\">Les \u00e9l\u00e9ments d\u2019\u00e9tiquetage r\u00e9sultant d\u2019exigences pr\u00e9vues dans d\u2019autres actes de l\u2019Union sont indiqu\u00e9s dans la rubrique \u00ab informations suppl\u00e9mentaires \u00bb sur l\u2019\u00e9tiquette.<\/p>\n<p>&nbsp;<\/p>\n<h2 style=\"text-align: justify;\">Langue de l\u2019\u00e9tiquette<\/h2>\n<p style=\"text-align: justify;\">L\u2019\u00e9tiquette doit \u00eatre r\u00e9dig\u00e9e dans la ou les langue(s) officielle(s) des \u00c9tats membres dans lesquels la substance ou le m\u00e9lange est mis sur le march\u00e9, sauf si le ou les \u00c9tats membres concern\u00e9s en disposent autrement.<\/p>\n<p style=\"text-align: justify;\">Les fournisseurs peuvent utiliser sur leurs \u00e9tiquettes plus de langues que celles requises par les \u00c9tats membres, \u00e0 condition que les m\u00eames informations figurent dans toutes les langues utilis\u00e9es.<\/p>\n<p>&nbsp;<\/p>\n<h3 style=\"text-align: justify;\"><span style=\"color: #333333;\">Services offerts<\/span><\/h3>\n<ul>\n<li style=\"text-align: justify;\"><a href=\"https:\/\/www.msds-europe.com\/fr\/etablissement-projet-etiquette\/\">Projet d\u2019\u00e9tiquette<\/a><\/li>\n<li style=\"text-align: justify;\"><a href=\"https:\/\/www.msds-europe.com\/fr\/traduction-fiches-de-donnees-de-securite\/\">Traduction de fiches de donn\u00e9es de s\u00e9curit\u00e9<\/a><\/li>\n<li style=\"text-align: justify;\"><a href=\"https:\/\/www.msds-europe.com\/fr\/fds-revision-mise-a-jour\/\">R\u00e9vision et mise \u00e0 jour de fiches de donn\u00e9es de s\u00e9curit\u00e9<\/a> conform\u00e9ment \u00e0 la r\u00e9glementation en vigueur<\/li>\n<\/ul>\n<p>&nbsp;<\/p>\n<h3 style=\"text-align: justify;\"><span style=\"color: #333333;\">Article(s) recommand\u00e9(s)<\/span><\/h3>\n<ul>\n<li style=\"text-align: justify;\"><a href=\"https:\/\/www.msds-europe.com\/fr\/etiquetage-clp-pratique\/\">\u00c9tiquetage CLP en pratique<\/a><\/li>\n<li style=\"text-align: justify;\"><a href=\"https:\/\/www.msds-europe.com\/fr\/fiche-de-donnees-de-securite-etablissement-elaboration\/\">\u00c9laboration d\u2019une fiche de donn\u00e9es de s\u00e9curit\u00e9<\/a><\/li>\n<li style=\"text-align: justify;\"><a href=\"https:\/\/www.msds-europe.com\/fr\/periode-validite-fiche-donnees-securite\/\">P\u00e9riode de validit\u00e9 d\u2019une fiche de donn\u00e9es de s\u00e9curit\u00e9<\/a><\/li>\n<li style=\"text-align: justify;\"><a href=\"https:\/\/www.msds-europe.com\/fr\/ufi-identifiant-unique-de-formulation\/\">Sp\u00e9cifications relatives \u00e0 l\u2019UFI et \u00e0 l\u2019\u00e9tiquetage des m\u00e9langes dangereux<\/a><\/li>\n<\/ul>\n<p>&nbsp;<\/p>\n<h3><span style=\"color: #333333;\">Questions rapides et r\u00e9ponses<\/span><\/h3>\n<div class=\"su-spoiler su-spoiler-style-fancy su-spoiler-icon-chevron su-spoiler-closed\" data-scroll-offset=\"0\" data-anchor-in-url=\"no\"><div class=\"su-spoiler-title\" tabindex=\"0\" role=\"button\"><span class=\"su-spoiler-icon\"><\/span>Quels \u00e9l\u00e9ments d\u2019\u00e9tiquetage doivent figurer dans la section 2.2 d\u2019une FDS selon le r\u00e8glement (UE) 2020\/878 ?<\/div><div class=\"su-spoiler-content su-u-clearfix su-u-trim\">\n<p style=\"text-align: justify;\">La section 2.2 doit faire appara\u00eetre les pictogrammes de danger applicables, le(s) mot(s)-signal, les mentions de danger (H) et les conseils de prudence (P) pertinents, ainsi que toute information suppl\u00e9mentaire requise.<\/p>\n<\/div><\/div>\n<div class=\"su-spoiler su-spoiler-style-fancy su-spoiler-icon-chevron su-spoiler-closed\" data-scroll-offset=\"0\" data-anchor-in-url=\"no\"><div class=\"su-spoiler-title\" tabindex=\"0\" role=\"button\"><span class=\"su-spoiler-icon\"><\/span>Est-il permis d\u2019utiliser des pictogrammes de danger en noir et blanc dans une FDS ?<\/div><div class=\"su-spoiler-content su-u-clearfix su-u-trim\">\n<p style=\"text-align: justify;\">Oui. Le r\u00e8glement CLP autorise \u00e0 remplacer le pictogramme en couleur par une repr\u00e9sentation graphique en noir et blanc, ou par le seul symbole, dans une FDS.<\/p>\n<\/div><\/div>\n<div class=\"su-spoiler su-spoiler-style-fancy su-spoiler-icon-chevron su-spoiler-closed\" data-scroll-offset=\"0\" data-anchor-in-url=\"no\"><div class=\"su-spoiler-title\" tabindex=\"0\" role=\"button\"><span class=\"su-spoiler-icon\"><\/span>L\u2019\u00e9tiquette d\u2019un produit dangereux peut-elle porter la mention \u00ab non toxique \u00bb ou \u00ab \u00e9cologique \u00bb ?<\/div><div class=\"su-spoiler-content su-u-clearfix su-u-trim\">\n<p style=\"text-align: justify;\">Non. Le r\u00e8glement CLP interdit toute formulation (p. ex. \u00ab non toxique \u00bb, \u00ab \u00e9cologique \u00bb) qui contredirait la classification r\u00e9elle du produit.<\/p>\n<\/div><\/div>\n","protected":false},"excerpt":{"rendered":"<p>Base de connaissances sur les fiches de donn\u00e9es de s\u00e9curit\u00e9 \u2013 \u00c9l\u00e9ments d\u2019\u00e9tiquetage dans une fiche de donn\u00e9es de s\u00e9curit\u00e9 &nbsp; Conform\u00e9ment \u00e0 l\u2019annexe II du r\u00e8glement (UE) n\u00b0 2015\/830 (28 mai 2015), \u00e0 la rubrique 2.2 des fiches de donn\u00e9es de s\u00e9curit\u00e9, les \u00e9l\u00e9ments d\u2019\u00e9tiquetage suivants sont requis :&#8230;<\/p>\n","protected":false},"author":2,"featured_media":0,"parent":0,"menu_order":0,"comment_status":"closed","ping_status":"closed","template":"","meta":{"_acf_changed":false,"footnotes":""},"tags":[404,385,406,386],"class_list":["post-20583","page","type-page","status-publish","hentry","tag-etiquette-clp","tag-fiche-de-donnees-de-securite","tag-fiche-de-donnees-de-securite-fr","tag-fiche-de-donnees-de-securite-base-de-connaissances"],"acf":[],"yoast_head":"<!-- This site is optimized with the Yoast SEO plugin v27.2 - https:\/\/yoast.com\/product\/yoast-seo-wordpress\/ -->\n<title>\u00c9l\u00e9ments d&#039;\u00e9tiquetage de la fiche de donn\u00e9es de s\u00e9curit\u00e9<\/title>\n<meta name=\"description\" content=\"\u00c9l\u00e9ments d&#039;\u00e9tiquetage de la fiche de donn\u00e9es de s\u00e9curit\u00e9 conform\u00e9ment au R\u00e8glement (CE) no 1272\/2008 et au R\u00e8glement (UE) 2015\/830.\" \/>\n<meta name=\"robots\" content=\"index, follow, max-snippet:-1, max-image-preview:large, max-video-preview:-1\" \/>\n<link rel=\"canonical\" href=\"https:\/\/www.msds-europe.com\/fr\/elements-etiquetage-de-la-fiche-de-donnees-de-securite\/\" \/>\n<meta property=\"og:locale\" content=\"fr_FR\" \/>\n<meta property=\"og:type\" content=\"article\" \/>\n<meta property=\"og:title\" content=\"\u00c9l\u00e9ments d&#039;\u00e9tiquetage de la fiche de donn\u00e9es de s\u00e9curit\u00e9\" \/>\n<meta property=\"og:description\" content=\"\u00c9l\u00e9ments d&#039;\u00e9tiquetage de la fiche de donn\u00e9es de s\u00e9curit\u00e9 conform\u00e9ment au R\u00e8glement (CE) no 1272\/2008 et au R\u00e8glement (UE) 2015\/830.\" \/>\n<meta property=\"og:url\" content=\"https:\/\/www.msds-europe.com\/fr\/elements-etiquetage-de-la-fiche-de-donnees-de-securite\/\" \/>\n<meta property=\"og:site_name\" content=\"MSDS Europe\" \/>\n<meta property=\"article:publisher\" content=\"https:\/\/www.facebook.com\/toxinfokft\/\" \/>\n<meta property=\"article:modified_time\" content=\"2026-02-24T09:54:21+00:00\" \/>\n<meta name=\"twitter:card\" content=\"summary_large_image\" \/>\n<meta name=\"twitter:site\" content=\"@ToxInfoKft\" \/>\n<meta name=\"twitter:label1\" content=\"Dur\u00e9e de lecture estim\u00e9e\" \/>\n\t<meta name=\"twitter:data1\" content=\"3 minutes\" \/>\n<script type=\"application\/ld+json\" class=\"yoast-schema-graph\">{\"@context\":\"https:\/\/schema.org\",\"@graph\":[{\"@type\":\"WebPage\",\"@id\":\"https:\/\/www.msds-europe.com\/fr\/elements-etiquetage-de-la-fiche-de-donnees-de-securite\/\",\"url\":\"https:\/\/www.msds-europe.com\/fr\/elements-etiquetage-de-la-fiche-de-donnees-de-securite\/\",\"name\":\"\u00c9l\u00e9ments d'\u00e9tiquetage de la fiche de donn\u00e9es de s\u00e9curit\u00e9\",\"isPartOf\":{\"@id\":\"https:\/\/www.msds-europe.com\/es\/#website\"},\"datePublished\":\"2020-03-10T07:52:03+00:00\",\"dateModified\":\"2026-02-24T09:54:21+00:00\",\"description\":\"\u00c9l\u00e9ments d'\u00e9tiquetage de la fiche de donn\u00e9es de s\u00e9curit\u00e9 conform\u00e9ment au R\u00e8glement (CE) no 1272\/2008 et au R\u00e8glement (UE) 2015\/830.\",\"breadcrumb\":{\"@id\":\"https:\/\/www.msds-europe.com\/fr\/elements-etiquetage-de-la-fiche-de-donnees-de-securite\/#breadcrumb\"},\"inLanguage\":\"fr-FR\",\"potentialAction\":[{\"@type\":\"ReadAction\",\"target\":[\"https:\/\/www.msds-europe.com\/fr\/elements-etiquetage-de-la-fiche-de-donnees-de-securite\/\"]}]},{\"@type\":\"BreadcrumbList\",\"@id\":\"https:\/\/www.msds-europe.com\/fr\/elements-etiquetage-de-la-fiche-de-donnees-de-securite\/#breadcrumb\",\"itemListElement\":[{\"@type\":\"ListItem\",\"position\":1,\"name\":\"F\u0151oldal\",\"item\":\"https:\/\/www.msds-europe.com\/fr\/\"},{\"@type\":\"ListItem\",\"position\":2,\"name\":\"\u00c9l\u00e9ments d\u00b4\u00e9tiquetage de la fiche de donn\u00e9es de s\u00e9curit\u00e9\"}]},{\"@type\":\"WebSite\",\"@id\":\"https:\/\/www.msds-europe.com\/es\/#website\",\"url\":\"https:\/\/www.msds-europe.com\/es\/\",\"name\":\"MSDS Europe\",\"description\":\"\",\"publisher\":{\"@id\":\"https:\/\/www.msds-europe.com\/es\/#organization\"},\"potentialAction\":[{\"@type\":\"SearchAction\",\"target\":{\"@type\":\"EntryPoint\",\"urlTemplate\":\"https:\/\/www.msds-europe.com\/es\/?s={search_term_string}\"},\"query-input\":{\"@type\":\"PropertyValueSpecification\",\"valueRequired\":true,\"valueName\":\"search_term_string\"}}],\"inLanguage\":\"fr-FR\"},{\"@type\":\"Organization\",\"@id\":\"https:\/\/www.msds-europe.com\/es\/#organization\",\"name\":\"MSDS-Europe International branch of ToxInfo\",\"url\":\"https:\/\/www.msds-europe.com\/es\/\",\"logo\":{\"@type\":\"ImageObject\",\"inLanguage\":\"fr-FR\",\"@id\":\"https:\/\/www.msds-europe.com\/es\/#\/schema\/logo\/image\/\",\"url\":\"https:\/\/www.msds-europe.com\/wp-content\/uploads\/2021\/04\/msds-europe-logo.jpg\",\"contentUrl\":\"https:\/\/www.msds-europe.com\/wp-content\/uploads\/2021\/04\/msds-europe-logo.jpg\",\"width\":2296,\"height\":1067,\"caption\":\"MSDS-Europe International branch of ToxInfo\"},\"image\":{\"@id\":\"https:\/\/www.msds-europe.com\/es\/#\/schema\/logo\/image\/\"},\"sameAs\":[\"https:\/\/www.facebook.com\/toxinfokft\/\",\"https:\/\/x.com\/ToxInfoKft\"]}]}<\/script>\n<!-- \/ Yoast SEO plugin. -->","yoast_head_json":{"title":"\u00c9l\u00e9ments d'\u00e9tiquetage de la fiche de donn\u00e9es de s\u00e9curit\u00e9","description":"\u00c9l\u00e9ments d'\u00e9tiquetage de la fiche de donn\u00e9es de s\u00e9curit\u00e9 conform\u00e9ment au R\u00e8glement (CE) no 1272\/2008 et au R\u00e8glement (UE) 2015\/830.","robots":{"index":"index","follow":"follow","max-snippet":"max-snippet:-1","max-image-preview":"max-image-preview:large","max-video-preview":"max-video-preview:-1"},"canonical":"https:\/\/www.msds-europe.com\/fr\/elements-etiquetage-de-la-fiche-de-donnees-de-securite\/","og_locale":"fr_FR","og_type":"article","og_title":"\u00c9l\u00e9ments d'\u00e9tiquetage de la fiche de donn\u00e9es de s\u00e9curit\u00e9","og_description":"\u00c9l\u00e9ments d'\u00e9tiquetage de la fiche de donn\u00e9es de s\u00e9curit\u00e9 conform\u00e9ment au R\u00e8glement (CE) no 1272\/2008 et au R\u00e8glement (UE) 2015\/830.","og_url":"https:\/\/www.msds-europe.com\/fr\/elements-etiquetage-de-la-fiche-de-donnees-de-securite\/","og_site_name":"MSDS Europe","article_publisher":"https:\/\/www.facebook.com\/toxinfokft\/","article_modified_time":"2026-02-24T09:54:21+00:00","twitter_card":"summary_large_image","twitter_site":"@ToxInfoKft","twitter_misc":{"Dur\u00e9e de lecture estim\u00e9e":"3 minutes"},"schema":{"@context":"https:\/\/schema.org","@graph":[{"@type":"WebPage","@id":"https:\/\/www.msds-europe.com\/fr\/elements-etiquetage-de-la-fiche-de-donnees-de-securite\/","url":"https:\/\/www.msds-europe.com\/fr\/elements-etiquetage-de-la-fiche-de-donnees-de-securite\/","name":"\u00c9l\u00e9ments d'\u00e9tiquetage de la fiche de donn\u00e9es de s\u00e9curit\u00e9","isPartOf":{"@id":"https:\/\/www.msds-europe.com\/es\/#website"},"datePublished":"2020-03-10T07:52:03+00:00","dateModified":"2026-02-24T09:54:21+00:00","description":"\u00c9l\u00e9ments d'\u00e9tiquetage de la fiche de donn\u00e9es de s\u00e9curit\u00e9 conform\u00e9ment au R\u00e8glement (CE) no 1272\/2008 et au R\u00e8glement (UE) 2015\/830.","breadcrumb":{"@id":"https:\/\/www.msds-europe.com\/fr\/elements-etiquetage-de-la-fiche-de-donnees-de-securite\/#breadcrumb"},"inLanguage":"fr-FR","potentialAction":[{"@type":"ReadAction","target":["https:\/\/www.msds-europe.com\/fr\/elements-etiquetage-de-la-fiche-de-donnees-de-securite\/"]}]},{"@type":"BreadcrumbList","@id":"https:\/\/www.msds-europe.com\/fr\/elements-etiquetage-de-la-fiche-de-donnees-de-securite\/#breadcrumb","itemListElement":[{"@type":"ListItem","position":1,"name":"F\u0151oldal","item":"https:\/\/www.msds-europe.com\/fr\/"},{"@type":"ListItem","position":2,"name":"\u00c9l\u00e9ments d\u00b4\u00e9tiquetage de la fiche de donn\u00e9es de s\u00e9curit\u00e9"}]},{"@type":"WebSite","@id":"https:\/\/www.msds-europe.com\/es\/#website","url":"https:\/\/www.msds-europe.com\/es\/","name":"MSDS Europe","description":"","publisher":{"@id":"https:\/\/www.msds-europe.com\/es\/#organization"},"potentialAction":[{"@type":"SearchAction","target":{"@type":"EntryPoint","urlTemplate":"https:\/\/www.msds-europe.com\/es\/?s={search_term_string}"},"query-input":{"@type":"PropertyValueSpecification","valueRequired":true,"valueName":"search_term_string"}}],"inLanguage":"fr-FR"},{"@type":"Organization","@id":"https:\/\/www.msds-europe.com\/es\/#organization","name":"MSDS-Europe International branch of ToxInfo","url":"https:\/\/www.msds-europe.com\/es\/","logo":{"@type":"ImageObject","inLanguage":"fr-FR","@id":"https:\/\/www.msds-europe.com\/es\/#\/schema\/logo\/image\/","url":"https:\/\/www.msds-europe.com\/wp-content\/uploads\/2021\/04\/msds-europe-logo.jpg","contentUrl":"https:\/\/www.msds-europe.com\/wp-content\/uploads\/2021\/04\/msds-europe-logo.jpg","width":2296,"height":1067,"caption":"MSDS-Europe International branch of ToxInfo"},"image":{"@id":"https:\/\/www.msds-europe.com\/es\/#\/schema\/logo\/image\/"},"sameAs":["https:\/\/www.facebook.com\/toxinfokft\/","https:\/\/x.com\/ToxInfoKft"]}]}},"_links":{"self":[{"href":"https:\/\/www.msds-europe.com\/fr\/wp-json\/wp\/v2\/pages\/20583","targetHints":{"allow":["GET"]}}],"collection":[{"href":"https:\/\/www.msds-europe.com\/fr\/wp-json\/wp\/v2\/pages"}],"about":[{"href":"https:\/\/www.msds-europe.com\/fr\/wp-json\/wp\/v2\/types\/page"}],"author":[{"embeddable":true,"href":"https:\/\/www.msds-europe.com\/fr\/wp-json\/wp\/v2\/users\/2"}],"replies":[{"embeddable":true,"href":"https:\/\/www.msds-europe.com\/fr\/wp-json\/wp\/v2\/comments?post=20583"}],"version-history":[{"count":10,"href":"https:\/\/www.msds-europe.com\/fr\/wp-json\/wp\/v2\/pages\/20583\/revisions"}],"predecessor-version":[{"id":37626,"href":"https:\/\/www.msds-europe.com\/fr\/wp-json\/wp\/v2\/pages\/20583\/revisions\/37626"}],"wp:attachment":[{"href":"https:\/\/www.msds-europe.com\/fr\/wp-json\/wp\/v2\/media?parent=20583"}],"wp:term":[{"taxonomy":"post_tag","embeddable":true,"href":"https:\/\/www.msds-europe.com\/fr\/wp-json\/wp\/v2\/tags?post=20583"}],"curies":[{"name":"wp","href":"https:\/\/api.w.org\/{rel}","templated":true}]}}