{"id":20576,"date":"2020-03-10T07:29:37","date_gmt":"2020-03-10T07:29:37","guid":{"rendered":"https:\/\/www.msds-europe.com\/?page_id=20576"},"modified":"2020-03-10T12:46:49","modified_gmt":"2020-03-10T12:46:49","slug":"informations-utilisateurs-fiches-de-donnees-de-securite","status":"publish","type":"page","link":"https:\/\/www.msds-europe.com\/fr\/informations-utilisateurs-fiches-de-donnees-de-securite\/","title":{"rendered":"Informations de base utiles pour les utilisateurs en aval sur les fiches de donn\u00e9es de s\u00e9curit\u00e9"},"content":{"rendered":"<p style=\"text-align: right;\"><em><a href=\"https:\/\/www.msds-europe.com\/fr\/fiche-de-donnees-de-securite-base-de-connaissances\/\">Fiche de donn\u00e9es de s\u00e9curit\u00e9 base de connaissances<\/a>\u2013 Sur les fiches de donn\u00e9es de s\u00e9curit\u00e9 pour les utilisateurs en aval<\/em><\/p>\n<p>&nbsp;<\/p>\n<h2 style=\"text-align: justify;\">La fiche de donn\u00e9es de s\u00e9curit\u00e9 comme un outil de la communication<\/h2>\n<p style=\"text-align: justify;\">Les fiches de donn\u00e9es de s\u00e9curit\u00e9 sont des outils de communication importants dans la cha\u00eene d&rsquo;approvisionnement.<br \/>\nAident tous les membres de la cha\u00eene d&rsquo;approvisionnement \u00e0 assumer leurs responsabilit\u00e9s en mati\u00e8re de gestion des risques li\u00e9s \u00e0 l&rsquo;utilisation des substances et des m\u00e9langes.<\/p>\n<p style=\"text-align: justify;\">Les utilisateurs en aval sont inform\u00e9s sous forme d&rsquo;une fiche de donn\u00e9es de s\u00e9curit\u00e9 des risques r\u00e9sultant de l&rsquo;utilisation identifi\u00e9e et des mesures \u00e0 prendre pour ma\u00eetriser ces risques.<\/p>\n<p>&nbsp;<\/p>\n<h2 style=\"text-align: justify;\">Sc\u00e9nario d&rsquo;exposition<\/h2>\n<p style=\"text-align: justify;\">Certaines fiches de donn\u00e9es de s\u00e9curit\u00e9 comportent \u00e9galement un document joint appel\u00e9 sc\u00e9nario d&rsquo;exposition. Le sc\u00e9nario d&rsquo;exposition fournit des donn\u00e9es plus pr\u00e9cises concernant l&rsquo;utilisation sans risque et la r\u00e9duction de l&rsquo;exposition, qu&rsquo;une fiche de donn\u00e9es de s\u00e9curit\u00e9.<\/p>\n<p style=\"text-align: justify;\">Si le sc\u00e9nario d&rsquo;exposition ne contient pas l&rsquo;utilisation pr\u00e9vue, un contact avec le fournisseur doit \u00eatre \u00e9tabli.<br \/>\nSinon, les utilisateurs en aval doivent \u00e9laborer leur propre rapport sur la s\u00e9curit\u00e9 chimique.<\/p>\n<p style=\"text-align: justify;\">T\u00e2ches \u00e0 accomplir si vous ne recevez pas de fiche de donn\u00e9es de s\u00e9curit\u00e9 pour la substance \/ le m\u00e9lange achet\u00e9(e)<\/p>\n<p style=\"text-align: justify;\">Cela ne signifie pas que vous n&rsquo;avez pas \u00e0 mettre en \u0153uvre (et \u00e0 communiquer avec les autres membres de la cha\u00eene d&rsquo;approvisionnement) les mesures de gestion des risques que le fournisseur communique autrement (dans une d\u00e9claration \u00e9crite, sur une fiche technique, dans les sp\u00e9cifications, etc.)<\/p>\n<p style=\"text-align: justify;\">Le fait, que nous n&rsquo;avons pas obtenu de fiche de donn\u00e9es de s\u00e9curit\u00e9, signifie probablement que la substance ou le m\u00e9lange n&rsquo;est pas consid\u00e9r\u00e9 comme dangereux.<\/p>\n<p style=\"text-align: justify;\">N\u00e9anmoins, nous devons contacter les fournisseurs et demander une fiche de donn\u00e9es de s\u00e9curit\u00e9 (dans certains cas, la l\u00e9gislation autorise les fournisseurs \u00e0 fournir une fiche de donn\u00e9es de s\u00e9curit\u00e9 uniquement sur demande).<\/p>\n<p>&nbsp;<\/p>\n<h2 style=\"text-align: justify;\">T\u00e2ches \u00e0 effectuer apr\u00e8s la r\u00e9ception d&rsquo;une fiche de donn\u00e9es de s\u00e9curit\u00e9<\/h2>\n<p style=\"text-align: justify;\">Il convient de v\u00e9rifier si la fiche de donn\u00e9es de s\u00e9curit\u00e9 contient un num\u00e9ro d&rsquo;enregistrement.<\/p>\n<p style=\"text-align: justify;\">Si le num\u00e9ro d&rsquo;enregistrement est inclus dans la fiche de donn\u00e9es de s\u00e9curit\u00e9, vous disposerez de 12 mois pour vous conformer aux exigences REACH sp\u00e9cifi\u00e9es pour les utilisateurs en aval.<\/p>\n<p style=\"text-align: justify;\">Si une substance n&rsquo;a pas encore \u00e9t\u00e9 enregistr\u00e9e et qu&rsquo;aucun num\u00e9ro d&rsquo;enregistrement n&rsquo;y est attribu\u00e9, vous devez suivre les instructions donn\u00e9es dans la fiche de donn\u00e9es de s\u00e9curit\u00e9.<\/p>\n<p style=\"text-align: justify;\">Vous devriez v\u00e9rifier les informations sur les dangers et sur la gestion des risques.\u00a0 Vous devez \u00e9galement v\u00e9rifier la mise en \u0153uvre des mesures de gestion des risques et le fait que toute substance \u00e9num\u00e9r\u00e9e en soi ou en tant que partie d&rsquo;un m\u00e9lange soit soumise \u00e0 autorisation ou \u00e0 une sorte de restriction.<\/p>\n<p style=\"text-align: justify;\">Si le fournisseur ne prend pas en charge certaines utilisations afin de prot\u00e9ger la sant\u00e9 humaine ou l&rsquo;environnement, il doit l&rsquo;indiquer dans la section 16 de la fiche de donn\u00e9es de s\u00e9curit\u00e9 ou parmi les informations fournies conform\u00e9ment \u00e0 l&rsquo;article 32.\u00a0\u00a0 Si la contre-indication n&rsquo;est pas justifi\u00e9e, l&rsquo;utilisateur en aval a le droit de demander des informations suppl\u00e9mentaires ou une justification.<\/p>\n<p>&nbsp;<\/p>\n<h2 style=\"text-align: justify;\">T\u00e2che \u00e0 effectuer en cas d&rsquo;utilisation d\u00e9conseill\u00e9e<\/h2>\n<ul>\n<li style=\"text-align: justify;\">Vous devez mettre fin \u00e0 l&rsquo;utilisation de la substance ou du m\u00e9lange.<\/li>\n<li style=\"text-align: justify;\">Une utilisation s\u00fbre peut \u00eatre d\u00e9montr\u00e9e avec l&rsquo;\u00e9laboration d&rsquo;un rapport de s\u00e9curit\u00e9 chimique pour l&rsquo;utilisateur en aval.\u00a0 \u00c0 cette fin, vous devez \u00e9valuer l&rsquo;utilisation de la substance ou du m\u00e9lange plus en profondeur que le fournisseur et, le cas \u00e9ch\u00e9ant, vous devez modifier les conditions d&rsquo;utilisation.<\/li>\n<\/ul>\n<p>&nbsp;<\/p>\n<h2 style=\"text-align: justify;\">T\u00e2ches des utilisateurs en aval produisant des m\u00e9langes concernant les fiches de donn\u00e9es de s\u00e9curit\u00e9<\/h2>\n<p style=\"text-align: justify;\">Une fois la classification effectu\u00e9e, nous serons en mesure de dire si nous devons ou non fournir une fiche de donn\u00e9es de s\u00e9curit\u00e9 \u00e0 nos clients concernant le m\u00e9lange en question.<\/p>\n<p>&nbsp;<\/p>\n<h2 style=\"text-align: justify;\">Une fiche de donn\u00e9es de s\u00e9curit\u00e9 doit \u00eatre fournie aux utilisateurs professionnels dans les cas suivants<\/h2>\n<ul>\n<li style=\"text-align: justify;\">Si une substance ou un m\u00e9lange est class\u00e9 comme dangereux<\/li>\n<li style=\"text-align: justify;\">Si une substance est persistante, bioaccumulable et toxique ou tr\u00e8s persistante et tr\u00e8s bioaccumulable, conform\u00e9ment aux crit\u00e8res \u00e9nonc\u00e9s \u00e0 l&rsquo;annexe XIII.<\/li>\n<li style=\"text-align: justify;\">Si une substance figure sur la liste \u00e9tablie conform\u00e9ment au paragraphe 1 de l&rsquo;article 59,<\/li>\n<\/ul>\n<p>&nbsp;<\/p>\n<h2 style=\"text-align: justify;\">Si le m\u00e9lange n&rsquo;est pas consid\u00e9r\u00e9 comme dangereux, le client peut demander la fiche de donn\u00e9es de s\u00e9curit\u00e9 dans les cas suivants<\/h2>\n<ul>\n<li style=\"text-align: justify;\">Il contient une substance dangereuse \u00e0 une concentration \u2265 1% en poids en cas des m\u00e9langes non gazeux.<\/li>\n<li style=\"text-align: justify;\">Il contient une substance dangereuse \u00e0 une concentration \u2265 0.2% en poids en cas des m\u00e9langes gazeux.<\/li>\n<li style=\"text-align: justify;\">Il contient dans une concentration individuelle \u2265 0,1% en poids en cas des m\u00e9langes non gazeux au moins une substance canc\u00e9rog\u00e8ne de cat\u00e9gorie 2 ou toxique pour la reproduction de cat\u00e9gorie 1A, 1B et 2, sensibilisant cutan\u00e9 de cat\u00e9gorie 1, sensibilisant respiratoire de cat\u00e9gorie 1, ou a des effets sur ou via l&rsquo;allaitement ou est persistant, bioaccumulable et toxique (PBT) conform\u00e9ment aux crit\u00e8res \u00e9nonc\u00e9s \u00e0 l&rsquo;annexe XIII ou tr\u00e8s persistant et tr\u00e8s bioaccumulable (vPvB) conform\u00e9ment aux crit\u00e8res \u00e9nonc\u00e9s \u00e0 l&rsquo;annexe XIII.<\/li>\n<li style=\"text-align: justify;\">S&rsquo;il contient une substance qui figure sur la liste \u00e9tablie conform\u00e9ment au paragraphe (1) de l&rsquo;article 59.<\/li>\n<li style=\"text-align: justify;\">Il contient une substance pour laquelle il existe des limites communautaires d&rsquo;exposition sur le lieu de travail.<\/li>\n<\/ul>\n<p style=\"text-align: justify;\">Dans les cas o\u00f9 les exceptions ci-dessus ne sont pas accomplies &#8211; donc, aucune fiche de donn\u00e9es de s\u00e9curit\u00e9 n&rsquo;est n\u00e9cessaire \u00e0 rediger &#8211; pour la substance ou le m\u00e9lange, les fournisseurs doivent fournir les informations suivantes \u00e0 tous leurs utilisateurs et distributeurs en aval (article 32 de REACH):<\/p>\n<ul>\n<li style=\"text-align: justify;\">Si la substance est soumise \u00e0 l&rsquo;autorisation, les d\u00e9tails de l&rsquo;autorisation accord\u00e9e ou, si l&rsquo;autorisation est refus\u00e9e, les informations appropri\u00e9es sur les d\u00e9tails de la restriction.<\/li>\n<li style=\"text-align: justify;\">Toute information pertinente sur la substance qui est n\u00e9cessaire pour permettre d&rsquo;identifier et d&rsquo;appliquer les mesures de gestion des risques appropri\u00e9es.<\/li>\n<li style=\"text-align: justify;\">Le ou les num\u00e9ros d&rsquo;enregistrement, s&rsquo;ils sont disponibles, pour toute substance pour laquelle des informations sont communiqu\u00e9es au titre des points ci-dessus.<\/li>\n<\/ul>\n<p style=\"text-align: justify;\">Aucune fiche de donn\u00e9es de s\u00e9curit\u00e9 ne doit \u00eatre \u00e9tablie pour les substances ou m\u00e9langes dangereux sur le march\u00e9, qui sont destin\u00e9s pour l&rsquo;usage pour le grand public, lorsque des informations suffisantes sont fournies pour permettre aux utilisateurs de prendre les mesures n\u00e9cessaires pour prot\u00e9ger la sant\u00e9 humaine, la s\u00e9curit\u00e9 et l&rsquo;environnement, sauf si l&rsquo;utilisateur en aval ou le distributeur le demande en particulier.<\/p>\n<p style=\"text-align: justify;\">Vous pouvez trouver notre article sur le contenu et les \u00e9l\u00e9ments de formulaire d&rsquo;une fiche de donn\u00e9es de s\u00e9curit\u00e9 ici.<\/p>\n<p>&nbsp;<\/p>\n<h3 style=\"text-align: justify;\"><span style=\"color: #333333;\">Services offerts<\/span><\/h3>\n<ul>\n<li style=\"text-align: justify;\"><a href=\"https:\/\/www.msds-europe.com\/fr\/traduction-fiches-de-donnees-de-securite\/\">Traduction des fiches de donn\u00e9es de s\u00e9curit\u00e9<\/a><\/li>\n<li style=\"text-align: justify;\"><a href=\"https:\/\/www.msds-europe.com\/fr\/fds-revision-mise-a-jour\/\">R\u00e9vision,<\/a> mise \u00e0 jour des fiches de donn\u00e9es de s\u00e9curit\u00e9<\/li>\n<li style=\"text-align: justify;\"><a href=\"https:\/\/www.msds-europe.com\/fr\/fiche-de-donnees-de-securite-etablissement-elaboration\/\">\u00c9tablissement, \u00e9laboration d&rsquo;une fiche de donn\u00e9es de s\u00e9curit\u00e9<\/a><\/li>\n<\/ul>\n<p>&nbsp;<\/p>\n<h3><span style=\"color: #333333;\">Informations utiles<\/span><\/h3>\n<ul>\n<li><a href=\"https:\/\/www.msds-europe.com\/fr\/ufi-identifiant-unique-de-formulation\/\">Sp\u00e9cifications relatives \u00e0 l&rsquo;UFI et \u00e0 l&rsquo;\u00e9tiquetage des m\u00e9langes dangereux<\/a><\/li>\n<li><a href=\"https:\/\/www.msds-europe.com\/fr\/definition-fiche-donnees-securite\/\">La d\u00e9finition de la fiche de donn\u00e9es de s\u00e9curit\u00e9<\/a><\/li>\n<li><a href=\"https:\/\/www.msds-europe.com\/fr\/periode-validite-fiche-donnees-securite\/\">P\u00e9riode de validit\u00e9 d&rsquo;une fiche de donn\u00e9es de s\u00e9curit\u00e9<\/a><\/li>\n<li><a href=\"https:\/\/www.msds-europe.com\/fr\/soumission-des-d%c3%a9clarations-aux-centres-antipoison\/\">Soumission des d\u00e9clarations aux centres antipoison<\/a><\/li>\n<\/ul>\n<p>&nbsp;<\/p>\n","protected":false},"excerpt":{"rendered":"<p>Fiche de donn\u00e9es de s\u00e9curit\u00e9 base de connaissances\u2013 Sur les fiches de donn\u00e9es de s\u00e9curit\u00e9 pour les utilisateurs en aval &nbsp; La fiche de donn\u00e9es de s\u00e9curit\u00e9 comme un outil de la communication Les fiches de donn\u00e9es de s\u00e9curit\u00e9 sont des outils de communication importants dans la cha\u00eene d&rsquo;approvisionnement. Aident&#8230;<\/p>\n","protected":false},"author":2,"featured_media":0,"parent":0,"menu_order":0,"comment_status":"closed","ping_status":"closed","template":"","meta":{"_acf_changed":false,"footnotes":""},"tags":[385,386],"class_list":["post-20576","page","type-page","status-publish","hentry","tag-fiche-de-donnees-de-securite","tag-fiche-de-donnees-de-securite-base-de-connaissances"],"acf":[],"yoast_head":"<!-- This site is optimized with the Yoast SEO plugin v27.2 - https:\/\/yoast.com\/product\/yoast-seo-wordpress\/ -->\n<title>Informations utiles pour les utilisateurs en aval sur les FDS<\/title>\n<meta name=\"description\" content=\"T\u00e2ches des utilisateurs en aval concernant les fiches de donn\u00e9es de s\u00e9curit\u00e9 T\u00e2ches \u00e0 accomplir si l&#039;utilisateur en aval ne re\u00e7oit pas de FDS\" \/>\n<meta name=\"robots\" content=\"index, follow, max-snippet:-1, max-image-preview:large, max-video-preview:-1\" \/>\n<link rel=\"canonical\" href=\"https:\/\/www.msds-europe.com\/fr\/informations-utilisateurs-fiches-de-donnees-de-securite\/\" \/>\n<meta property=\"og:locale\" content=\"fr_FR\" \/>\n<meta property=\"og:type\" content=\"article\" \/>\n<meta property=\"og:title\" content=\"Informations utiles pour les utilisateurs en aval sur les FDS\" \/>\n<meta property=\"og:description\" content=\"T\u00e2ches des utilisateurs en aval concernant les fiches de donn\u00e9es de s\u00e9curit\u00e9 T\u00e2ches \u00e0 accomplir si l&#039;utilisateur en aval ne re\u00e7oit pas de FDS\" \/>\n<meta property=\"og:url\" content=\"https:\/\/www.msds-europe.com\/fr\/informations-utilisateurs-fiches-de-donnees-de-securite\/\" \/>\n<meta property=\"og:site_name\" content=\"MSDS Europe\" \/>\n<meta property=\"article:publisher\" content=\"https:\/\/www.facebook.com\/toxinfokft\/\" \/>\n<meta property=\"article:modified_time\" content=\"2020-03-10T12:46:49+00:00\" \/>\n<meta name=\"twitter:card\" content=\"summary_large_image\" \/>\n<meta name=\"twitter:site\" content=\"@ToxInfoKft\" \/>\n<meta name=\"twitter:label1\" content=\"Dur\u00e9e de lecture estim\u00e9e\" \/>\n\t<meta name=\"twitter:data1\" content=\"6 minutes\" \/>\n<script type=\"application\/ld+json\" class=\"yoast-schema-graph\">{\"@context\":\"https:\/\/schema.org\",\"@graph\":[{\"@type\":\"WebPage\",\"@id\":\"https:\/\/www.msds-europe.com\/fr\/informations-utilisateurs-fiches-de-donnees-de-securite\/\",\"url\":\"https:\/\/www.msds-europe.com\/fr\/informations-utilisateurs-fiches-de-donnees-de-securite\/\",\"name\":\"Informations utiles pour les utilisateurs en aval sur les FDS\",\"isPartOf\":{\"@id\":\"https:\/\/www.msds-europe.com\/es\/#website\"},\"datePublished\":\"2020-03-10T07:29:37+00:00\",\"dateModified\":\"2020-03-10T12:46:49+00:00\",\"description\":\"T\u00e2ches des utilisateurs en aval concernant les fiches de donn\u00e9es de s\u00e9curit\u00e9 T\u00e2ches \u00e0 accomplir si l'utilisateur en aval ne re\u00e7oit pas de FDS\",\"breadcrumb\":{\"@id\":\"https:\/\/www.msds-europe.com\/fr\/informations-utilisateurs-fiches-de-donnees-de-securite\/#breadcrumb\"},\"inLanguage\":\"fr-FR\",\"potentialAction\":[{\"@type\":\"ReadAction\",\"target\":[\"https:\/\/www.msds-europe.com\/fr\/informations-utilisateurs-fiches-de-donnees-de-securite\/\"]}]},{\"@type\":\"BreadcrumbList\",\"@id\":\"https:\/\/www.msds-europe.com\/fr\/informations-utilisateurs-fiches-de-donnees-de-securite\/#breadcrumb\",\"itemListElement\":[{\"@type\":\"ListItem\",\"position\":1,\"name\":\"F\u0151oldal\",\"item\":\"https:\/\/www.msds-europe.com\/fr\/\"},{\"@type\":\"ListItem\",\"position\":2,\"name\":\"Informations de base utiles pour les utilisateurs en aval sur les fiches de donn\u00e9es de s\u00e9curit\u00e9\"}]},{\"@type\":\"WebSite\",\"@id\":\"https:\/\/www.msds-europe.com\/es\/#website\",\"url\":\"https:\/\/www.msds-europe.com\/es\/\",\"name\":\"MSDS Europe\",\"description\":\"\",\"publisher\":{\"@id\":\"https:\/\/www.msds-europe.com\/es\/#organization\"},\"potentialAction\":[{\"@type\":\"SearchAction\",\"target\":{\"@type\":\"EntryPoint\",\"urlTemplate\":\"https:\/\/www.msds-europe.com\/es\/?s={search_term_string}\"},\"query-input\":{\"@type\":\"PropertyValueSpecification\",\"valueRequired\":true,\"valueName\":\"search_term_string\"}}],\"inLanguage\":\"fr-FR\"},{\"@type\":\"Organization\",\"@id\":\"https:\/\/www.msds-europe.com\/es\/#organization\",\"name\":\"MSDS-Europe International branch of ToxInfo\",\"url\":\"https:\/\/www.msds-europe.com\/es\/\",\"logo\":{\"@type\":\"ImageObject\",\"inLanguage\":\"fr-FR\",\"@id\":\"https:\/\/www.msds-europe.com\/es\/#\/schema\/logo\/image\/\",\"url\":\"https:\/\/www.msds-europe.com\/wp-content\/uploads\/2021\/04\/msds-europe-logo.jpg\",\"contentUrl\":\"https:\/\/www.msds-europe.com\/wp-content\/uploads\/2021\/04\/msds-europe-logo.jpg\",\"width\":2296,\"height\":1067,\"caption\":\"MSDS-Europe International branch of ToxInfo\"},\"image\":{\"@id\":\"https:\/\/www.msds-europe.com\/es\/#\/schema\/logo\/image\/\"},\"sameAs\":[\"https:\/\/www.facebook.com\/toxinfokft\/\",\"https:\/\/x.com\/ToxInfoKft\"]}]}<\/script>\n<!-- \/ Yoast SEO plugin. -->","yoast_head_json":{"title":"Informations utiles pour les utilisateurs en aval sur les FDS","description":"T\u00e2ches des utilisateurs en aval concernant les fiches de donn\u00e9es de s\u00e9curit\u00e9 T\u00e2ches \u00e0 accomplir si l'utilisateur en aval ne re\u00e7oit pas de FDS","robots":{"index":"index","follow":"follow","max-snippet":"max-snippet:-1","max-image-preview":"max-image-preview:large","max-video-preview":"max-video-preview:-1"},"canonical":"https:\/\/www.msds-europe.com\/fr\/informations-utilisateurs-fiches-de-donnees-de-securite\/","og_locale":"fr_FR","og_type":"article","og_title":"Informations utiles pour les utilisateurs en aval sur les FDS","og_description":"T\u00e2ches des utilisateurs en aval concernant les fiches de donn\u00e9es de s\u00e9curit\u00e9 T\u00e2ches \u00e0 accomplir si l'utilisateur en aval ne re\u00e7oit pas de FDS","og_url":"https:\/\/www.msds-europe.com\/fr\/informations-utilisateurs-fiches-de-donnees-de-securite\/","og_site_name":"MSDS Europe","article_publisher":"https:\/\/www.facebook.com\/toxinfokft\/","article_modified_time":"2020-03-10T12:46:49+00:00","twitter_card":"summary_large_image","twitter_site":"@ToxInfoKft","twitter_misc":{"Dur\u00e9e de lecture estim\u00e9e":"6 minutes"},"schema":{"@context":"https:\/\/schema.org","@graph":[{"@type":"WebPage","@id":"https:\/\/www.msds-europe.com\/fr\/informations-utilisateurs-fiches-de-donnees-de-securite\/","url":"https:\/\/www.msds-europe.com\/fr\/informations-utilisateurs-fiches-de-donnees-de-securite\/","name":"Informations utiles pour les utilisateurs en aval sur les FDS","isPartOf":{"@id":"https:\/\/www.msds-europe.com\/es\/#website"},"datePublished":"2020-03-10T07:29:37+00:00","dateModified":"2020-03-10T12:46:49+00:00","description":"T\u00e2ches des utilisateurs en aval concernant les fiches de donn\u00e9es de s\u00e9curit\u00e9 T\u00e2ches \u00e0 accomplir si l'utilisateur en aval ne re\u00e7oit pas de FDS","breadcrumb":{"@id":"https:\/\/www.msds-europe.com\/fr\/informations-utilisateurs-fiches-de-donnees-de-securite\/#breadcrumb"},"inLanguage":"fr-FR","potentialAction":[{"@type":"ReadAction","target":["https:\/\/www.msds-europe.com\/fr\/informations-utilisateurs-fiches-de-donnees-de-securite\/"]}]},{"@type":"BreadcrumbList","@id":"https:\/\/www.msds-europe.com\/fr\/informations-utilisateurs-fiches-de-donnees-de-securite\/#breadcrumb","itemListElement":[{"@type":"ListItem","position":1,"name":"F\u0151oldal","item":"https:\/\/www.msds-europe.com\/fr\/"},{"@type":"ListItem","position":2,"name":"Informations de base utiles pour les utilisateurs en aval sur les fiches de donn\u00e9es de s\u00e9curit\u00e9"}]},{"@type":"WebSite","@id":"https:\/\/www.msds-europe.com\/es\/#website","url":"https:\/\/www.msds-europe.com\/es\/","name":"MSDS Europe","description":"","publisher":{"@id":"https:\/\/www.msds-europe.com\/es\/#organization"},"potentialAction":[{"@type":"SearchAction","target":{"@type":"EntryPoint","urlTemplate":"https:\/\/www.msds-europe.com\/es\/?s={search_term_string}"},"query-input":{"@type":"PropertyValueSpecification","valueRequired":true,"valueName":"search_term_string"}}],"inLanguage":"fr-FR"},{"@type":"Organization","@id":"https:\/\/www.msds-europe.com\/es\/#organization","name":"MSDS-Europe International branch of ToxInfo","url":"https:\/\/www.msds-europe.com\/es\/","logo":{"@type":"ImageObject","inLanguage":"fr-FR","@id":"https:\/\/www.msds-europe.com\/es\/#\/schema\/logo\/image\/","url":"https:\/\/www.msds-europe.com\/wp-content\/uploads\/2021\/04\/msds-europe-logo.jpg","contentUrl":"https:\/\/www.msds-europe.com\/wp-content\/uploads\/2021\/04\/msds-europe-logo.jpg","width":2296,"height":1067,"caption":"MSDS-Europe International branch of ToxInfo"},"image":{"@id":"https:\/\/www.msds-europe.com\/es\/#\/schema\/logo\/image\/"},"sameAs":["https:\/\/www.facebook.com\/toxinfokft\/","https:\/\/x.com\/ToxInfoKft"]}]}},"_links":{"self":[{"href":"https:\/\/www.msds-europe.com\/fr\/wp-json\/wp\/v2\/pages\/20576","targetHints":{"allow":["GET"]}}],"collection":[{"href":"https:\/\/www.msds-europe.com\/fr\/wp-json\/wp\/v2\/pages"}],"about":[{"href":"https:\/\/www.msds-europe.com\/fr\/wp-json\/wp\/v2\/types\/page"}],"author":[{"embeddable":true,"href":"https:\/\/www.msds-europe.com\/fr\/wp-json\/wp\/v2\/users\/2"}],"replies":[{"embeddable":true,"href":"https:\/\/www.msds-europe.com\/fr\/wp-json\/wp\/v2\/comments?post=20576"}],"version-history":[{"count":6,"href":"https:\/\/www.msds-europe.com\/fr\/wp-json\/wp\/v2\/pages\/20576\/revisions"}],"predecessor-version":[{"id":20656,"href":"https:\/\/www.msds-europe.com\/fr\/wp-json\/wp\/v2\/pages\/20576\/revisions\/20656"}],"wp:attachment":[{"href":"https:\/\/www.msds-europe.com\/fr\/wp-json\/wp\/v2\/media?parent=20576"}],"wp:term":[{"taxonomy":"post_tag","embeddable":true,"href":"https:\/\/www.msds-europe.com\/fr\/wp-json\/wp\/v2\/tags?post=20576"}],"curies":[{"name":"wp","href":"https:\/\/api.w.org\/{rel}","templated":true}]}}