{"id":19644,"date":"2019-05-14T12:21:28","date_gmt":"2019-05-14T12:21:28","guid":{"rendered":"https:\/\/www.msds-europe.com\/?page_id=19644"},"modified":"2026-02-24T11:34:22","modified_gmt":"2026-02-24T11:34:22","slug":"ufi-identifiant-unique-de-formulation","status":"publish","type":"page","link":"https:\/\/www.msds-europe.com\/fr\/ufi-identifiant-unique-de-formulation\/","title":{"rendered":"Sp\u00e9cifications relatives \u00e0 l&rsquo;UFI et \u00e0 l&rsquo;\u00e9tiquetage des m\u00e9langes dangereux"},"content":{"rendered":"<p style=\"text-align: right;\"><em><a href=\"https:\/\/www.msds-europe.com\/fr\/fiche-de-donnees-de-securite-base-de-connaissances\/\">Base de connaissances sur les fiches de donn\u00e9es de s\u00e9curit\u00e9<\/a> \u2013 Identifiant unique de formulation : application de l\u2019UFI<\/em><\/p>\n<p style=\"text-align: justify;\"><strong>L\u2019identifiant unique de formulation (UFI)<\/strong> est un <strong>code alphanum\u00e9rique unique de 16 caract\u00e8res<\/strong> qui doit \u00eatre indiqu\u00e9 sur l\u2019\u00e9tiquette des m\u00e9langes. L\u2019UFI est un \u00e9l\u00e9ment de la <strong>notification aux centres antipoison (PCN)<\/strong> (format harmonis\u00e9) relative aux m\u00e9langes dangereux, soumise aux centres antipoison.<\/p>\n<p style=\"text-align: justify;\"><strong>Apr\u00e8s la soumission des notifications, des donn\u00e9es harmonis\u00e9es sont disponibles dans les \u00c9tats membres de l\u2019UE pour le personnel m\u00e9dical. L\u2019utilisation du code permet aux centres antipoison de fournir rapidement des informations sur un m\u00e9lange dangereux en situation d\u2019urgence.<\/strong><\/p>\n<p style=\"text-align: justify;\"><strong>Les dispositions concernant l\u2019application de l\u2019UFI ainsi que la notification aux centres antipoison (PCN) ont \u00e9t\u00e9 introduites par le r\u00e8glement <a href=\"https:\/\/www.msds-europe.com\/fr\/changements-reglementaires-securite-chimique\/#reglement-2017-542\">(UE) 2017\/542<\/a> de la Commission, qui modifie le r\u00e8glement (CE) n\u00b0 1272\/2008 (CLP) en y ajoutant l\u2019annexe VIII. Ces dispositions s\u2019appliquent \u00e0 tous les \u00c9tats membres de l\u2019EEE.<\/strong><\/p>\n<p>&nbsp;<\/p>\n<h2 style=\"text-align: justify;\">Objectif de l\u2019identifiant unique de formulation (UFI)<\/h2>\n<p style=\"text-align: justify;\">Gr\u00e2ce au code UFI (mis \u00e0 la disposition des autorit\u00e9s lors de la proc\u00e9dure de notification), la composition d\u2019un m\u00e9lange donn\u00e9 peut \u00eatre identifi\u00e9e de mani\u00e8re univoque, ce qui permet une r\u00e9ponse rapide en cas d\u2019urgence. L\u2019UFI contribue \u00e9galement \u00e0 prot\u00e9ger la confidentialit\u00e9 de la composition&nbsp;: seules les autorit\u00e9s comp\u00e9tentes de l\u2019\u00c9tat membre concern\u00e9 ont acc\u00e8s aux donn\u00e9es fournies lors de la notification.<\/p>\n<p>&nbsp;<\/p>\n<h2 style=\"text-align: justify;\">Approche strat\u00e9gique<\/h2>\n<h4 style=\"text-align: justify;\"><span style=\"color: #333333;\">M\u00e9thodes possibles de cr\u00e9ation de l\u2019identifiant unique de formulation<\/span><\/h4>\n<p style=\"text-align: justify;\"><strong>Approche bas\u00e9e sur les m\u00e9langes<\/strong><\/p>\n<p style=\"text-align: justify;\">Une composition de m\u00e9lange donn\u00e9e est identifi\u00e9e par un identifiant interne de formulation d\u00e9termin\u00e9.<\/p>\n<p style=\"text-align: justify;\">Les produits ayant une composition identique mais des noms commerciaux diff\u00e9rents (le m\u00eame m\u00e9lange \u00e9tant mis sur le march\u00e9 sous plusieurs noms) obtiennent le m\u00eame code UFI.<\/p>\n<p style=\"text-align: justify;\"><strong>Approche bas\u00e9e sur les produits<\/strong><\/p>\n<p style=\"text-align: justify;\">Chaque produit re\u00e7oit un identifiant interne de formulation distinct.<\/p>\n<p style=\"text-align: justify;\">Dans ce cas, un m\u00eame m\u00e9lange peut \u00eatre associ\u00e9 \u00e0 plusieurs codes UFI. Cela s\u2019applique notamment lorsqu\u2019un m\u00e9lange est mis sur le march\u00e9 sous plusieurs noms commerciaux (produits) diff\u00e9rents.<\/p>\n<p style=\"text-align: justify;\"><em>Pour mieux comprendre les approches bas\u00e9es sur les m\u00e9langes et sur les produits, il est utile de pr\u00e9ciser les d\u00e9finitions suivantes&nbsp;:<\/em><\/p>\n<p style=\"text-align: justify;\"><em><strong>M\u00e9lange&nbsp;:<\/strong> contient au moins deux composants (qui peuvent \u00eatre une substance et\/ou un <strong>m\u00e9lange dans un m\u00e9lange<\/strong> (MiM)). Les caract\u00e9ristiques d\u2019un m\u00e9lange sont principalement d\u00e9termin\u00e9es par sa composition et ses propri\u00e9t\u00e9s physico-chimiques.<\/em><\/p>\n<p style=\"text-align: justify;\"><em><strong>Produit&nbsp;:<\/strong> m\u00e9lange destin\u00e9 \u00e0 la vente, g\u00e9n\u00e9ralement identifi\u00e9 par un nom commercial, dont les caract\u00e9ristiques sont \u00e9galement influenc\u00e9es par l\u2019emballage, l\u2019\u00e9tiquetage et la cat\u00e9gorie de produit.<\/em><\/p>\n<p style=\"text-align: justify;\"><strong>Approche bas\u00e9e sur le march\u00e9<\/strong><\/p>\n<p style=\"text-align: justify;\">Un m\u00eame m\u00e9lange peut avoir des identifiants uniques de formulation diff\u00e9rents s\u2019il est mis sur le march\u00e9 dans diff\u00e9rents pays.<\/p>\n<p style=\"text-align: justify;\">Par exemple, \u00ab&nbsp;Produit 1&nbsp;\u00bb mis sur le march\u00e9 en Allemagne obtient un identifiant unique de formulation (\u00ab&nbsp;UFI 1&nbsp;\u00bb), tandis que \u00ab&nbsp;Produit 1&nbsp;\u00bb mis sur le march\u00e9 en Espagne obtient un autre code (\u00ab&nbsp;UFI 2&nbsp;\u00bb).<\/p>\n<p style=\"text-align: justify;\"><strong>Approche bas\u00e9e sur l\u2019\u00e9tiquette \/ la langue<\/strong><\/p>\n<p style=\"text-align: justify;\">Similaire \u00e0 l\u2019\u00ab&nbsp;approche bas\u00e9e sur le march\u00e9&nbsp;\u00bb, mais tenant compte du fait que certains pays partagent la m\u00eame langue officielle (par ex. l\u2019allemand en Allemagne et en Autriche).<\/p>\n<p style=\"text-align: center;\">Une strat\u00e9gie peut \u00eatre pertinente, \u00e0 condition de respecter le principe fondamental suivant&nbsp;:<\/p>\n<p style=\"text-align: center;\"><strong>L\u2019UFI doit identifier une composition donn\u00e9e et ne peut jamais correspondre \u00e0 des m\u00e9langes de composition diff\u00e9rente&nbsp;!<\/strong><\/p>\n<p>&nbsp;<\/p>\n<h2 style=\"text-align: justify;\">G\u00e9n\u00e9rateur d\u2019UFI \u2013 cr\u00e9ation de l\u2019identifiant unique de formulation (UFI)<\/h2>\n<p style=\"text-align: justify;\">Le <a href=\"https:\/\/ufi.echa.europa.eu\/#\/create\">g\u00e9n\u00e9rateur d\u2019UFI<\/a> est une application web utilisable en ligne (dans le navigateur). Son utilisation est gratuite et il est disponible dans toutes les langues officielles de l\u2019Union europ\u00e9enne.<\/p>\n<p style=\"text-align: justify;\">Le code UFI peut \u00eatre cr\u00e9\u00e9 en fournissant le num\u00e9ro de TVA (ou l\u2019identifiant fiscal) de l\u2019entreprise et un identifiant interne de formulation.<\/p>\n<p style=\"text-align: justify;\"><strong>Important&nbsp;:<\/strong><\/p>\n<ul>\n<li style=\"text-align: justify;\">Le syst\u00e8me n\u2019enregistre pas automatiquement les UFI cr\u00e9\u00e9s&nbsp;: l\u2019enregistrement doit \u00eatre effectu\u00e9 par l\u2019utilisateur.<\/li>\n<li style=\"text-align: justify;\">L\u2019UFI peut \u00eatre cr\u00e9\u00e9 sans num\u00e9ro de TVA, mais cette option ne doit \u00eatre choisie que si l\u2019entreprise n\u2019en poss\u00e8de r\u00e9ellement pas.<\/li>\n<li style=\"text-align: justify;\">Il est n\u00e9cessaire de valider l\u2019UFI cr\u00e9\u00e9 lors d\u2019une \u00e9tape ult\u00e9rieure.<\/li>\n<\/ul>\n<p>&nbsp;<\/p>\n<h2 style=\"text-align: justify;\">Validit\u00e9 de l\u2019UFI<\/h2>\n<p style=\"text-align: justify;\"><strong>Une mise \u00e0 jour est n\u00e9cessaire&nbsp;:<\/strong><\/p>\n<p style=\"text-align: justify;\">En cas de modification de la composition (dans les limites pr\u00e9vues par la l\u00e9gislation), une <strong>mise \u00e0 jour de la notification aux centres antipoison (PCN)<\/strong> peut \u00eatre n\u00e9cessaire. Selon les r\u00e8gles applicables, l\u2019UFI peut rester identique.<\/p>\n<p>&nbsp;<\/p>\n<p style=\"text-align: justify;\"><strong>La cr\u00e9ation d\u2019un nouvel UFI est n\u00e9cessaire dans les cas suivants&nbsp;:<\/strong><\/p>\n<ul>\n<li style=\"text-align: justify;\">Ajout, remplacement ou retrait d\u2019un composant.<\/li>\n<li style=\"text-align: justify;\">Dans le cas d\u2019un <strong>m\u00e9lange dans un m\u00e9lange<\/strong> (MiM), si le code UFI du m\u00e9lange composant a \u00e9t\u00e9 modifi\u00e9 par le fournisseur.<\/li>\n<li style=\"text-align: justify;\">La modification de composition d\u00e9passe les limites de concentration sp\u00e9cifi\u00e9es dans la l\u00e9gislation.<\/li>\n<\/ul>\n<p style=\"text-align: justify;\">Modification de la concentration des composants du m\u00e9lange rendant n\u00e9cessaire la cr\u00e9ation d\u2019un nouvel UFI&nbsp;:<\/p>\n<p style=\"text-align: justify;\">Concentration du composant dans le m\u00e9lange (degr\u00e9 de changement)&nbsp;:<\/p>\n<ul>\n<li style=\"text-align: justify;\">25\u2013100&nbsp;% (5&nbsp;%)<\/li>\n<li style=\"text-align: justify;\">10\u201325&nbsp;% (10&nbsp;%)<\/li>\n<li style=\"text-align: justify;\">2,5\u201310&nbsp;% (20&nbsp;%)<\/li>\n<li style=\"text-align: justify;\">&lt;&nbsp;2,5&nbsp;% (30&nbsp;%)<\/li>\n<\/ul>\n<p style=\"text-align: justify;\">\u00c9tapes \u00e0 suivre apr\u00e8s la cr\u00e9ation d\u2019un nouvel UFI&nbsp;:<\/p>\n<ul>\n<li style=\"text-align: justify;\">mise \u00e0 jour de l\u2019\u00e9tiquette<\/li>\n<li style=\"text-align: justify;\">communication au sein de la cha\u00eene d\u2019approvisionnement<\/li>\n<\/ul>\n<p>&nbsp;<\/p>\n<p style=\"text-align: justify;\"><strong>La cr\u00e9ation d\u2019un nouvel UFI n\u2019est pas n\u00e9cessaire si&nbsp;:<\/strong><\/p>\n<ul>\n<li style=\"text-align: justify;\">seul le nom du m\u00e9lange (produit) a chang\u00e9<\/li>\n<li style=\"text-align: justify;\">la modification n\u2019affecte que les parfums pr\u00e9sents dans le produit<\/li>\n<li style=\"text-align: justify;\">le changement concerne uniquement un nouvel emballage<\/li>\n<\/ul>\n<p style=\"text-align: right;\"><em>Informations compl\u00e9mentaires sur l\u2019obligation de mise \u00e0 jour de la <a href=\"https:\/\/www.msds-europe.com\/fr\/soumission-des-d%c3%a9clarations-aux-centres-antipoison\/\">notification aux centres antipoison (PCN)<\/a><\/em><\/p>\n<p>&nbsp;<\/p>\n<h2 style=\"text-align: justify;\">Communication au sein de la cha\u00eene d\u2019approvisionnement<\/h2>\n<p style=\"text-align: justify;\">Si l\u2019utilisateur en aval utilise un <strong>m\u00e9lange dans un m\u00e9lange<\/strong> (MiM) comme ingr\u00e9dient pour formuler son propre m\u00e9lange, il peut suffire de conna\u00eetre le code UFI, plut\u00f4t que la composition compl\u00e8te du MiM.<\/p>\n<p style=\"text-align: justify;\">En pratique, la notification exige de fournir des informations d\u00e9taill\u00e9es sur les composants, ce qui peut poser des difficult\u00e9s importantes lorsqu\u2019un produit contient un MiM. Or, le MiM a g\u00e9n\u00e9ralement d\u00e9j\u00e0 \u00e9t\u00e9 notifi\u00e9 en amont dans la cha\u00eene d\u2019approvisionnement. Gr\u00e2ce \u00e0 l\u2019UFI, les autorit\u00e9s peuvent identifier rapidement la composition et les dangers potentiels, sans divulguer la formulation compl\u00e8te aux acteurs en aval.<\/p>\n<p style=\"text-align: justify;\">Il est donc essentiel de communiquer, au sein de la cha\u00eene d\u2019approvisionnement, toute modification de l\u2019UFI d\u2019un MiM&nbsp;: les parties qui utilisent ce MiM pour formuler leur propre m\u00e9lange doivent, le cas \u00e9ch\u00e9ant, mettre \u00e0 jour leur notification PCN.<\/p>\n<p>&nbsp;<\/p>\n<h2 style=\"text-align: justify;\">Apposition de l\u2019UFI sur l\u2019\u00e9tiquette des m\u00e9langes<\/h2>\n<p style=\"text-align: justify;\">Des informations compl\u00e9mentaires sur l\u2019apposition de l\u2019identifiant unique de formulation et sur l\u2019\u00e9tiquetage CLP sont disponibles dans notre article intitul\u00e9 \u00ab&nbsp;<a href=\"https:\/\/www.msds-europe.com\/fr\/etiquetage-clp-pratique\/\">\u00c9tiquetage CLP en pratique<\/a>&nbsp;\u00bb.<\/p>\n<p>&nbsp;<\/p>\n<h4><span style=\"color: #333333;\">Instructions d\u2019\u00e9tiquetage<\/span><\/h4>\n<p><strong>UFI : xxxx-xxxx-xxxx-xxxx<\/strong><\/p>\n<ul>\n<li style=\"text-align: justify;\">\u00ab&nbsp;UFI&nbsp;: \u00bb est identique dans toutes les langues de l\u2019UE, ne doit pas \u00eatre traduit et doit \u00eatre \u00e9crit en majuscules.<\/li>\n<li style=\"text-align: justify;\">\u00ab&nbsp;xxxx-xxxx-xxxx-xxxx&nbsp;\u00bb&nbsp;: le code est divis\u00e9 en quatre blocs s\u00e9par\u00e9s par un trait d\u2019union.<\/li>\n<li style=\"text-align: justify;\">L\u2019UFI doit \u00eatre clairement visible et lisible.<\/li>\n<li style=\"text-align: justify;\">Aucune exigence typographique sp\u00e9cifique n\u2019a \u00e9t\u00e9 d\u00e9finie (par exemple pour le type ou la taille de la police).<\/li>\n<li style=\"text-align: justify;\">L\u2019UFI doit \u00eatre indiqu\u00e9 sur l\u2019\u00e9tiquette des produits contenant des m\u00e9langes dangereux soumis \u00e0 notification PCN.<\/li>\n<li style=\"text-align: justify;\">Pour les m\u00e9langes dangereux \u00e0 usage industriel et pour les m\u00e9langes non emball\u00e9s, l\u2019UFI peut \u00e9galement \u00eatre indiqu\u00e9 dans la fiche de donn\u00e9es de s\u00e9curit\u00e9.<\/li>\n<li style=\"text-align: justify;\">Il doit \u00eatre appos\u00e9 de mani\u00e8re ind\u00e9l\u00e9bile sur l\u2019\u00e9tiquette.<\/li>\n<\/ul>\n<p>&nbsp;<\/p>\n<h4>Informations utiles connexes<\/h4>\n<ul>\n<li><a href=\"https:\/\/www.msds-europe.com\/fr\/soumission-des-d%c3%a9clarations-aux-centres-antipoison\/\">Soumission des d\u00e9clarations aux centres antipoison<\/a><\/li>\n<\/ul>\n<p>&nbsp;<\/p>\n<h4>Recommandations de service<\/h4>\n<ul>\n<li>Projet d\u2019<a href=\"https:\/\/www.msds-europe.com\/fr\/etablissement-projet-etiquette\/\">\u00e9tiquette CLP<\/a> pour les substances et les m\u00e9langes<\/li>\n<li style=\"text-align: justify;\"><a href=\"https:\/\/www.msds-europe.com\/fr\/traduction-fiches-de-donnees-de-securite\/\">Traduction de fiches de donn\u00e9es de s\u00e9curit\u00e9<\/a> conform\u00e9ment \u00e0 la r\u00e9glementation sur la s\u00e9curit\u00e9 chimique<\/li>\n<li>Nos services li\u00e9s \u00e0 la <a href=\"https:\/\/www.msds-europe.com\/fr\/service-ufi\/\">cr\u00e9ation de l\u2019UFI et \u00e0 la notification PCN<\/a><\/li>\n<\/ul>\n<p>&nbsp;<\/p>\n<h3 style=\"text-align: justify;\"><span style=\"color: #333333;\">Questions fr\u00e9quentes et r\u00e9ponses<\/span><\/h3>\n<div class=\"su-spoiler su-spoiler-style-fancy su-spoiler-icon-chevron su-spoiler-closed\" data-scroll-offset=\"0\" data-anchor-in-url=\"no\"><div class=\"su-spoiler-title\" tabindex=\"0\" role=\"button\"><span class=\"su-spoiler-icon\"><\/span>Qu\u2019est-ce qu\u2019un UFI et o\u00f9 doit-il figurer ?<\/div><div class=\"su-spoiler-content su-u-clearfix su-u-trim\">\n<p>L\u2019UFI (identifiant unique de formulation) est un code de 16 caract\u00e8res qui relie un m\u00e9lange dangereux aux donn\u00e9es de sa notification PCN ; il doit figurer sur l\u2019\u00e9tiquette. Dans certains cas (par ex. m\u00e9langes non emball\u00e9s ou communication \u00e0 usage industriel), l\u2019UFI peut aussi \u00eatre communiqu\u00e9 via la fiche de donn\u00e9es de s\u00e9curit\u00e9, rubrique 1.1. <a href=\"https:\/\/www.msds-europe.com\/fr\/rubrique-1-fds-identificateur-produit-ufi-melanges\/\">Plus de d\u00e9tails ici.<\/a><\/p>\n<\/div><\/div>\n<div class=\"su-spoiler su-spoiler-style-fancy su-spoiler-icon-chevron su-spoiler-closed\" data-scroll-offset=\"0\" data-anchor-in-url=\"no\"><div class=\"su-spoiler-title\" tabindex=\"0\" role=\"button\"><span class=\"su-spoiler-icon\"><\/span>Qui est responsable de la cr\u00e9ation et de la soumission de l\u2019UFI ?<\/div><div class=\"su-spoiler-content su-u-clearfix su-u-trim\">\n<p>L\u2019entit\u00e9 qui met le m\u00e9lange sur le march\u00e9 (fabricant ou importateur) g\u00e9n\u00e8re le code via le g\u00e9n\u00e9rateur d\u2019UFI de l\u2019ECHA et le soumet, via une notification PCN, au centre antipoison comp\u00e9tent.<\/p>\n<\/div><\/div>\n<div class=\"su-spoiler su-spoiler-style-fancy su-spoiler-icon-chevron su-spoiler-closed\" data-scroll-offset=\"0\" data-anchor-in-url=\"no\"><div class=\"su-spoiler-title\" tabindex=\"0\" role=\"button\"><span class=\"su-spoiler-icon\"><\/span>L\u2019UFI est-il obligatoire pour les m\u00e9langes non class\u00e9s comme dangereux ?<\/div><div class=\"su-spoiler-content su-u-clearfix su-u-trim\">\n<p>En r\u00e8gle g\u00e9n\u00e9rale, non. Si un m\u00e9lange ne pr\u00e9sente pas de classification de danger pour la sant\u00e9 ou de danger physique au sens du CLP, l\u2019UFI (et la notification PCN) n\u2019est en principe pas requis.<\/p>\n<\/div><\/div>\n<p>\u00a0<\/p>\n","protected":false},"excerpt":{"rendered":"<p>Base de connaissances sur les fiches de donn\u00e9es de s\u00e9curit\u00e9 \u2013 Identifiant unique de formulation : application de l\u2019UFI L\u2019identifiant unique de formulation (UFI) est un code alphanum\u00e9rique unique de 16 caract\u00e8res qui doit \u00eatre indiqu\u00e9 sur l\u2019\u00e9tiquette des m\u00e9langes. L\u2019UFI est un \u00e9l\u00e9ment de la notification aux centres antipoison&#8230;<\/p>\n","protected":false},"author":2,"featured_media":0,"parent":0,"menu_order":0,"comment_status":"closed","ping_status":"closed","template":"","meta":{"_acf_changed":false,"footnotes":""},"tags":[404,386],"class_list":["post-19644","page","type-page","status-publish","hentry","tag-etiquette-clp","tag-fiche-de-donnees-de-securite-base-de-connaissances"],"acf":[],"yoast_head":"<!-- This site is optimized with the Yoast SEO plugin v27.2 - https:\/\/yoast.com\/product\/yoast-seo-wordpress\/ -->\n<title>Informations relatives \u00e0 l&#039;application de l&#039;UFI<\/title>\n<meta name=\"description\" content=\"Obligations des importateurs et des utilisateurs en aval concernant l&#039;UFI. Cr\u00e9ation, validation de l&#039;UFI et d\u00e9claration. Changements concernant l&#039;\u00e9tiquetage des m\u00e9langes.\" \/>\n<meta name=\"robots\" content=\"index, follow, max-snippet:-1, max-image-preview:large, max-video-preview:-1\" \/>\n<link rel=\"canonical\" href=\"https:\/\/www.msds-europe.com\/fr\/ufi-identifiant-unique-de-formulation\/\" \/>\n<meta property=\"og:locale\" content=\"fr_FR\" \/>\n<meta property=\"og:type\" content=\"article\" \/>\n<meta property=\"og:title\" content=\"Informations relatives \u00e0 l&#039;application de l&#039;UFI\" \/>\n<meta property=\"og:description\" content=\"Obligations des importateurs et des utilisateurs en aval concernant l&#039;UFI. Cr\u00e9ation, validation de l&#039;UFI et d\u00e9claration. Changements concernant l&#039;\u00e9tiquetage des m\u00e9langes.\" \/>\n<meta property=\"og:url\" content=\"https:\/\/www.msds-europe.com\/fr\/ufi-identifiant-unique-de-formulation\/\" \/>\n<meta property=\"og:site_name\" content=\"MSDS Europe\" \/>\n<meta property=\"article:publisher\" content=\"https:\/\/www.facebook.com\/toxinfokft\/\" \/>\n<meta property=\"article:modified_time\" content=\"2026-02-24T11:34:22+00:00\" \/>\n<meta name=\"twitter:card\" content=\"summary_large_image\" \/>\n<meta name=\"twitter:site\" content=\"@ToxInfoKft\" \/>\n<meta name=\"twitter:label1\" content=\"Dur\u00e9e de lecture estim\u00e9e\" \/>\n\t<meta name=\"twitter:data1\" content=\"6 minutes\" \/>\n<script type=\"application\/ld+json\" class=\"yoast-schema-graph\">{\"@context\":\"https:\/\/schema.org\",\"@graph\":[{\"@type\":\"WebPage\",\"@id\":\"https:\/\/www.msds-europe.com\/fr\/ufi-identifiant-unique-de-formulation\/\",\"url\":\"https:\/\/www.msds-europe.com\/fr\/ufi-identifiant-unique-de-formulation\/\",\"name\":\"Informations relatives \u00e0 l'application de l'UFI\",\"isPartOf\":{\"@id\":\"https:\/\/www.msds-europe.com\/es\/#website\"},\"datePublished\":\"2019-05-14T12:21:28+00:00\",\"dateModified\":\"2026-02-24T11:34:22+00:00\",\"description\":\"Obligations des importateurs et des utilisateurs en aval concernant l'UFI. Cr\u00e9ation, validation de l'UFI et d\u00e9claration. Changements concernant l'\u00e9tiquetage des m\u00e9langes.\",\"breadcrumb\":{\"@id\":\"https:\/\/www.msds-europe.com\/fr\/ufi-identifiant-unique-de-formulation\/#breadcrumb\"},\"inLanguage\":\"fr-FR\",\"potentialAction\":[{\"@type\":\"ReadAction\",\"target\":[\"https:\/\/www.msds-europe.com\/fr\/ufi-identifiant-unique-de-formulation\/\"]}]},{\"@type\":\"BreadcrumbList\",\"@id\":\"https:\/\/www.msds-europe.com\/fr\/ufi-identifiant-unique-de-formulation\/#breadcrumb\",\"itemListElement\":[{\"@type\":\"ListItem\",\"position\":1,\"name\":\"F\u0151oldal\",\"item\":\"https:\/\/www.msds-europe.com\/fr\/\"},{\"@type\":\"ListItem\",\"position\":2,\"name\":\"Sp\u00e9cifications relatives \u00e0 l&#8217;UFI et \u00e0 l&#8217;\u00e9tiquetage des m\u00e9langes dangereux\"}]},{\"@type\":\"WebSite\",\"@id\":\"https:\/\/www.msds-europe.com\/es\/#website\",\"url\":\"https:\/\/www.msds-europe.com\/es\/\",\"name\":\"MSDS Europe\",\"description\":\"\",\"publisher\":{\"@id\":\"https:\/\/www.msds-europe.com\/es\/#organization\"},\"potentialAction\":[{\"@type\":\"SearchAction\",\"target\":{\"@type\":\"EntryPoint\",\"urlTemplate\":\"https:\/\/www.msds-europe.com\/es\/?s={search_term_string}\"},\"query-input\":{\"@type\":\"PropertyValueSpecification\",\"valueRequired\":true,\"valueName\":\"search_term_string\"}}],\"inLanguage\":\"fr-FR\"},{\"@type\":\"Organization\",\"@id\":\"https:\/\/www.msds-europe.com\/es\/#organization\",\"name\":\"MSDS-Europe International branch of ToxInfo\",\"url\":\"https:\/\/www.msds-europe.com\/es\/\",\"logo\":{\"@type\":\"ImageObject\",\"inLanguage\":\"fr-FR\",\"@id\":\"https:\/\/www.msds-europe.com\/es\/#\/schema\/logo\/image\/\",\"url\":\"https:\/\/www.msds-europe.com\/wp-content\/uploads\/2021\/04\/msds-europe-logo.jpg\",\"contentUrl\":\"https:\/\/www.msds-europe.com\/wp-content\/uploads\/2021\/04\/msds-europe-logo.jpg\",\"width\":2296,\"height\":1067,\"caption\":\"MSDS-Europe International branch of ToxInfo\"},\"image\":{\"@id\":\"https:\/\/www.msds-europe.com\/es\/#\/schema\/logo\/image\/\"},\"sameAs\":[\"https:\/\/www.facebook.com\/toxinfokft\/\",\"https:\/\/x.com\/ToxInfoKft\"]}]}<\/script>\n<!-- \/ Yoast SEO plugin. -->","yoast_head_json":{"title":"Informations relatives \u00e0 l'application de l'UFI","description":"Obligations des importateurs et des utilisateurs en aval concernant l'UFI. Cr\u00e9ation, validation de l'UFI et d\u00e9claration. Changements concernant l'\u00e9tiquetage des m\u00e9langes.","robots":{"index":"index","follow":"follow","max-snippet":"max-snippet:-1","max-image-preview":"max-image-preview:large","max-video-preview":"max-video-preview:-1"},"canonical":"https:\/\/www.msds-europe.com\/fr\/ufi-identifiant-unique-de-formulation\/","og_locale":"fr_FR","og_type":"article","og_title":"Informations relatives \u00e0 l'application de l'UFI","og_description":"Obligations des importateurs et des utilisateurs en aval concernant l'UFI. Cr\u00e9ation, validation de l'UFI et d\u00e9claration. Changements concernant l'\u00e9tiquetage des m\u00e9langes.","og_url":"https:\/\/www.msds-europe.com\/fr\/ufi-identifiant-unique-de-formulation\/","og_site_name":"MSDS Europe","article_publisher":"https:\/\/www.facebook.com\/toxinfokft\/","article_modified_time":"2026-02-24T11:34:22+00:00","twitter_card":"summary_large_image","twitter_site":"@ToxInfoKft","twitter_misc":{"Dur\u00e9e de lecture estim\u00e9e":"6 minutes"},"schema":{"@context":"https:\/\/schema.org","@graph":[{"@type":"WebPage","@id":"https:\/\/www.msds-europe.com\/fr\/ufi-identifiant-unique-de-formulation\/","url":"https:\/\/www.msds-europe.com\/fr\/ufi-identifiant-unique-de-formulation\/","name":"Informations relatives \u00e0 l'application de l'UFI","isPartOf":{"@id":"https:\/\/www.msds-europe.com\/es\/#website"},"datePublished":"2019-05-14T12:21:28+00:00","dateModified":"2026-02-24T11:34:22+00:00","description":"Obligations des importateurs et des utilisateurs en aval concernant l'UFI. Cr\u00e9ation, validation de l'UFI et d\u00e9claration. Changements concernant l'\u00e9tiquetage des m\u00e9langes.","breadcrumb":{"@id":"https:\/\/www.msds-europe.com\/fr\/ufi-identifiant-unique-de-formulation\/#breadcrumb"},"inLanguage":"fr-FR","potentialAction":[{"@type":"ReadAction","target":["https:\/\/www.msds-europe.com\/fr\/ufi-identifiant-unique-de-formulation\/"]}]},{"@type":"BreadcrumbList","@id":"https:\/\/www.msds-europe.com\/fr\/ufi-identifiant-unique-de-formulation\/#breadcrumb","itemListElement":[{"@type":"ListItem","position":1,"name":"F\u0151oldal","item":"https:\/\/www.msds-europe.com\/fr\/"},{"@type":"ListItem","position":2,"name":"Sp\u00e9cifications relatives \u00e0 l&#8217;UFI et \u00e0 l&#8217;\u00e9tiquetage des m\u00e9langes dangereux"}]},{"@type":"WebSite","@id":"https:\/\/www.msds-europe.com\/es\/#website","url":"https:\/\/www.msds-europe.com\/es\/","name":"MSDS Europe","description":"","publisher":{"@id":"https:\/\/www.msds-europe.com\/es\/#organization"},"potentialAction":[{"@type":"SearchAction","target":{"@type":"EntryPoint","urlTemplate":"https:\/\/www.msds-europe.com\/es\/?s={search_term_string}"},"query-input":{"@type":"PropertyValueSpecification","valueRequired":true,"valueName":"search_term_string"}}],"inLanguage":"fr-FR"},{"@type":"Organization","@id":"https:\/\/www.msds-europe.com\/es\/#organization","name":"MSDS-Europe International branch of ToxInfo","url":"https:\/\/www.msds-europe.com\/es\/","logo":{"@type":"ImageObject","inLanguage":"fr-FR","@id":"https:\/\/www.msds-europe.com\/es\/#\/schema\/logo\/image\/","url":"https:\/\/www.msds-europe.com\/wp-content\/uploads\/2021\/04\/msds-europe-logo.jpg","contentUrl":"https:\/\/www.msds-europe.com\/wp-content\/uploads\/2021\/04\/msds-europe-logo.jpg","width":2296,"height":1067,"caption":"MSDS-Europe International branch of ToxInfo"},"image":{"@id":"https:\/\/www.msds-europe.com\/es\/#\/schema\/logo\/image\/"},"sameAs":["https:\/\/www.facebook.com\/toxinfokft\/","https:\/\/x.com\/ToxInfoKft"]}]}},"_links":{"self":[{"href":"https:\/\/www.msds-europe.com\/fr\/wp-json\/wp\/v2\/pages\/19644","targetHints":{"allow":["GET"]}}],"collection":[{"href":"https:\/\/www.msds-europe.com\/fr\/wp-json\/wp\/v2\/pages"}],"about":[{"href":"https:\/\/www.msds-europe.com\/fr\/wp-json\/wp\/v2\/types\/page"}],"author":[{"embeddable":true,"href":"https:\/\/www.msds-europe.com\/fr\/wp-json\/wp\/v2\/users\/2"}],"replies":[{"embeddable":true,"href":"https:\/\/www.msds-europe.com\/fr\/wp-json\/wp\/v2\/comments?post=19644"}],"version-history":[{"count":14,"href":"https:\/\/www.msds-europe.com\/fr\/wp-json\/wp\/v2\/pages\/19644\/revisions"}],"predecessor-version":[{"id":37698,"href":"https:\/\/www.msds-europe.com\/fr\/wp-json\/wp\/v2\/pages\/19644\/revisions\/37698"}],"wp:attachment":[{"href":"https:\/\/www.msds-europe.com\/fr\/wp-json\/wp\/v2\/media?parent=19644"}],"wp:term":[{"taxonomy":"post_tag","embeddable":true,"href":"https:\/\/www.msds-europe.com\/fr\/wp-json\/wp\/v2\/tags?post=19644"}],"curies":[{"name":"wp","href":"https:\/\/api.w.org\/{rel}","templated":true}]}}