{"id":6283,"date":"2018-06-27T04:09:35","date_gmt":"2018-06-27T04:09:35","guid":{"rendered":"http:\/\/www.msds-europe.com\/?page_id=6283"},"modified":"2018-06-27T04:09:35","modified_gmt":"2018-06-27T04:09:35","slug":"gestion-de-id-anonimas-de-visitante-cookies","status":"publish","type":"page","link":"https:\/\/www.msds-europe.com\/es\/gestion-de-id-anonimas-de-visitante-cookies\/","title":{"rendered":"Gesti\u00f3n de ID an\u00f3nimas de visitante (cookies)"},"content":{"rendered":"<p>Una identificaci\u00f3n de visitante an\u00f3nima (cookie) es una secuencia \u00fanica de caracteres que se puede usar para identificar y almacenar informaci\u00f3n de perfil, colocada por los proveedores en las computadoras de los visitantes. Es importante saber que, dado que la direcci\u00f3n IP completa no se almacena durante su uso, dicha secuencia de caracteres en s\u00ed misma no puede identificar a un visitante de ninguna manera y solo permite el reconocimiento de la computadora del visitante.<\/p>\n<p>ToxInfo Kft. gestiona las ID an\u00f3nimas para obtener m\u00e1s informaci\u00f3n sobre c\u00f3mo los visitantes utilizan la informaci\u00f3n para mejorar la calidad de sus servicios y mostrar p\u00e1ginas personalizadas y materiales de marketing (publicidad) a sus clientes que visitan el sitio web. Las ID an\u00f3nimas de visitante no est\u00e1n vinculadas a una base de datos personal; sin embargo, las ID an\u00f3nimas despersonalizadas creadas al visitar cualquiera de los sitios web de la cartera de ToxInfo Kft. o cualquier tercero contratado estar\u00e1n vinculadas para ayudar a mejorar la calidad del servicio.<\/p>\n","protected":false},"excerpt":{"rendered":"<p>Una identificaci\u00f3n de visitante an\u00f3nima (cookie) es una secuencia \u00fanica de caracteres que se puede usar para identificar y almacenar informaci\u00f3n de perfil, colocada por los proveedores en las computadoras de los visitantes. Es importante saber que, dado que la direcci\u00f3n IP completa no se almacena durante su uso, dicha&#8230;<\/p>\n","protected":false},"author":1,"featured_media":0,"parent":0,"menu_order":0,"comment_status":"closed","ping_status":"closed","template":"","meta":{"_acf_changed":false,"footnotes":""},"tags":[],"class_list":["post-6283","page","type-page","status-publish","hentry"],"acf":[],"yoast_head":"<!-- This site is optimized with the Yoast SEO plugin v27.2 - https:\/\/yoast.com\/product\/yoast-seo-wordpress\/ -->\n<title>Gesti\u00f3n de ID an\u00f3nimas de visitante (cookies) - MSDS Europe<\/title>\n<meta name=\"robots\" content=\"index, follow, max-snippet:-1, max-image-preview:large, max-video-preview:-1\" \/>\n<link rel=\"canonical\" href=\"https:\/\/www.msds-europe.com\/es\/gestion-de-id-anonimas-de-visitante-cookies\/\" \/>\n<meta property=\"og:locale\" content=\"es_ES\" \/>\n<meta property=\"og:type\" content=\"article\" \/>\n<meta property=\"og:title\" content=\"Gesti\u00f3n de ID an\u00f3nimas de visitante (cookies) - MSDS Europe\" \/>\n<meta property=\"og:description\" content=\"Una identificaci\u00f3n de visitante an\u00f3nima (cookie) es una secuencia \u00fanica de caracteres que se puede usar para identificar y almacenar informaci\u00f3n de perfil, colocada por los proveedores en las computadoras de los visitantes. Es importante saber que, dado que la direcci\u00f3n IP completa no se almacena durante su uso, dicha...\" \/>\n<meta property=\"og:url\" content=\"https:\/\/www.msds-europe.com\/es\/gestion-de-id-anonimas-de-visitante-cookies\/\" \/>\n<meta property=\"og:site_name\" content=\"MSDS Europe\" \/>\n<meta property=\"article:publisher\" content=\"https:\/\/www.facebook.com\/toxinfokft\/\" \/>\n<meta name=\"twitter:card\" content=\"summary_large_image\" \/>\n<meta name=\"twitter:site\" content=\"@ToxInfoKft\" \/>\n<meta name=\"twitter:label1\" content=\"Tiempo de lectura\" \/>\n\t<meta name=\"twitter:data1\" content=\"1 minuto\" \/>\n<script type=\"application\/ld+json\" class=\"yoast-schema-graph\">{\"@context\":\"https:\/\/schema.org\",\"@graph\":[{\"@type\":\"WebPage\",\"@id\":\"https:\/\/www.msds-europe.com\/es\/gestion-de-id-anonimas-de-visitante-cookies\/\",\"url\":\"https:\/\/www.msds-europe.com\/es\/gestion-de-id-anonimas-de-visitante-cookies\/\",\"name\":\"Gesti\u00f3n de ID an\u00f3nimas de visitante (cookies) - MSDS Europe\",\"isPartOf\":{\"@id\":\"https:\/\/www.msds-europe.com\/es\/#website\"},\"datePublished\":\"2018-06-27T04:09:35+00:00\",\"breadcrumb\":{\"@id\":\"https:\/\/www.msds-europe.com\/es\/gestion-de-id-anonimas-de-visitante-cookies\/#breadcrumb\"},\"inLanguage\":\"es\",\"potentialAction\":[{\"@type\":\"ReadAction\",\"target\":[\"https:\/\/www.msds-europe.com\/es\/gestion-de-id-anonimas-de-visitante-cookies\/\"]}]},{\"@type\":\"BreadcrumbList\",\"@id\":\"https:\/\/www.msds-europe.com\/es\/gestion-de-id-anonimas-de-visitante-cookies\/#breadcrumb\",\"itemListElement\":[{\"@type\":\"ListItem\",\"position\":1,\"name\":\"F\u0151oldal\",\"item\":\"https:\/\/www.msds-europe.com\/es\/\"},{\"@type\":\"ListItem\",\"position\":2,\"name\":\"Gesti\u00f3n de ID an\u00f3nimas de visitante (cookies)\"}]},{\"@type\":\"WebSite\",\"@id\":\"https:\/\/www.msds-europe.com\/es\/#website\",\"url\":\"https:\/\/www.msds-europe.com\/es\/\",\"name\":\"MSDS Europe\",\"description\":\"\",\"publisher\":{\"@id\":\"https:\/\/www.msds-europe.com\/es\/#organization\"},\"potentialAction\":[{\"@type\":\"SearchAction\",\"target\":{\"@type\":\"EntryPoint\",\"urlTemplate\":\"https:\/\/www.msds-europe.com\/es\/?s={search_term_string}\"},\"query-input\":{\"@type\":\"PropertyValueSpecification\",\"valueRequired\":true,\"valueName\":\"search_term_string\"}}],\"inLanguage\":\"es\"},{\"@type\":\"Organization\",\"@id\":\"https:\/\/www.msds-europe.com\/es\/#organization\",\"name\":\"MSDS-Europe International branch of ToxInfo\",\"url\":\"https:\/\/www.msds-europe.com\/es\/\",\"logo\":{\"@type\":\"ImageObject\",\"inLanguage\":\"es\",\"@id\":\"https:\/\/www.msds-europe.com\/es\/#\/schema\/logo\/image\/\",\"url\":\"https:\/\/www.msds-europe.com\/wp-content\/uploads\/2021\/04\/msds-europe-logo.jpg\",\"contentUrl\":\"https:\/\/www.msds-europe.com\/wp-content\/uploads\/2021\/04\/msds-europe-logo.jpg\",\"width\":2296,\"height\":1067,\"caption\":\"MSDS-Europe International branch of ToxInfo\"},\"image\":{\"@id\":\"https:\/\/www.msds-europe.com\/es\/#\/schema\/logo\/image\/\"},\"sameAs\":[\"https:\/\/www.facebook.com\/toxinfokft\/\",\"https:\/\/x.com\/ToxInfoKft\"]}]}<\/script>\n<!-- \/ Yoast SEO plugin. -->","yoast_head_json":{"title":"Gesti\u00f3n de ID an\u00f3nimas de visitante (cookies) - MSDS Europe","robots":{"index":"index","follow":"follow","max-snippet":"max-snippet:-1","max-image-preview":"max-image-preview:large","max-video-preview":"max-video-preview:-1"},"canonical":"https:\/\/www.msds-europe.com\/es\/gestion-de-id-anonimas-de-visitante-cookies\/","og_locale":"es_ES","og_type":"article","og_title":"Gesti\u00f3n de ID an\u00f3nimas de visitante (cookies) - MSDS Europe","og_description":"Una identificaci\u00f3n de visitante an\u00f3nima (cookie) es una secuencia \u00fanica de caracteres que se puede usar para identificar y almacenar informaci\u00f3n de perfil, colocada por los proveedores en las computadoras de los visitantes. Es importante saber que, dado que la direcci\u00f3n IP completa no se almacena durante su uso, dicha...","og_url":"https:\/\/www.msds-europe.com\/es\/gestion-de-id-anonimas-de-visitante-cookies\/","og_site_name":"MSDS Europe","article_publisher":"https:\/\/www.facebook.com\/toxinfokft\/","twitter_card":"summary_large_image","twitter_site":"@ToxInfoKft","twitter_misc":{"Tiempo de lectura":"1 minuto"},"schema":{"@context":"https:\/\/schema.org","@graph":[{"@type":"WebPage","@id":"https:\/\/www.msds-europe.com\/es\/gestion-de-id-anonimas-de-visitante-cookies\/","url":"https:\/\/www.msds-europe.com\/es\/gestion-de-id-anonimas-de-visitante-cookies\/","name":"Gesti\u00f3n de ID an\u00f3nimas de visitante (cookies) - MSDS Europe","isPartOf":{"@id":"https:\/\/www.msds-europe.com\/es\/#website"},"datePublished":"2018-06-27T04:09:35+00:00","breadcrumb":{"@id":"https:\/\/www.msds-europe.com\/es\/gestion-de-id-anonimas-de-visitante-cookies\/#breadcrumb"},"inLanguage":"es","potentialAction":[{"@type":"ReadAction","target":["https:\/\/www.msds-europe.com\/es\/gestion-de-id-anonimas-de-visitante-cookies\/"]}]},{"@type":"BreadcrumbList","@id":"https:\/\/www.msds-europe.com\/es\/gestion-de-id-anonimas-de-visitante-cookies\/#breadcrumb","itemListElement":[{"@type":"ListItem","position":1,"name":"F\u0151oldal","item":"https:\/\/www.msds-europe.com\/es\/"},{"@type":"ListItem","position":2,"name":"Gesti\u00f3n de ID an\u00f3nimas de visitante (cookies)"}]},{"@type":"WebSite","@id":"https:\/\/www.msds-europe.com\/es\/#website","url":"https:\/\/www.msds-europe.com\/es\/","name":"MSDS Europe","description":"","publisher":{"@id":"https:\/\/www.msds-europe.com\/es\/#organization"},"potentialAction":[{"@type":"SearchAction","target":{"@type":"EntryPoint","urlTemplate":"https:\/\/www.msds-europe.com\/es\/?s={search_term_string}"},"query-input":{"@type":"PropertyValueSpecification","valueRequired":true,"valueName":"search_term_string"}}],"inLanguage":"es"},{"@type":"Organization","@id":"https:\/\/www.msds-europe.com\/es\/#organization","name":"MSDS-Europe International branch of ToxInfo","url":"https:\/\/www.msds-europe.com\/es\/","logo":{"@type":"ImageObject","inLanguage":"es","@id":"https:\/\/www.msds-europe.com\/es\/#\/schema\/logo\/image\/","url":"https:\/\/www.msds-europe.com\/wp-content\/uploads\/2021\/04\/msds-europe-logo.jpg","contentUrl":"https:\/\/www.msds-europe.com\/wp-content\/uploads\/2021\/04\/msds-europe-logo.jpg","width":2296,"height":1067,"caption":"MSDS-Europe International branch of ToxInfo"},"image":{"@id":"https:\/\/www.msds-europe.com\/es\/#\/schema\/logo\/image\/"},"sameAs":["https:\/\/www.facebook.com\/toxinfokft\/","https:\/\/x.com\/ToxInfoKft"]}]}},"_links":{"self":[{"href":"https:\/\/www.msds-europe.com\/es\/wp-json\/wp\/v2\/pages\/6283","targetHints":{"allow":["GET"]}}],"collection":[{"href":"https:\/\/www.msds-europe.com\/es\/wp-json\/wp\/v2\/pages"}],"about":[{"href":"https:\/\/www.msds-europe.com\/es\/wp-json\/wp\/v2\/types\/page"}],"author":[{"embeddable":true,"href":"https:\/\/www.msds-europe.com\/es\/wp-json\/wp\/v2\/users\/1"}],"replies":[{"embeddable":true,"href":"https:\/\/www.msds-europe.com\/es\/wp-json\/wp\/v2\/comments?post=6283"}],"version-history":[{"count":1,"href":"https:\/\/www.msds-europe.com\/es\/wp-json\/wp\/v2\/pages\/6283\/revisions"}],"predecessor-version":[{"id":6284,"href":"https:\/\/www.msds-europe.com\/es\/wp-json\/wp\/v2\/pages\/6283\/revisions\/6284"}],"wp:attachment":[{"href":"https:\/\/www.msds-europe.com\/es\/wp-json\/wp\/v2\/media?parent=6283"}],"wp:term":[{"taxonomy":"post_tag","embeddable":true,"href":"https:\/\/www.msds-europe.com\/es\/wp-json\/wp\/v2\/tags?post=6283"}],"curies":[{"name":"wp","href":"https:\/\/api.w.org\/{rel}","templated":true}]}}