{"id":6264,"date":"2018-06-26T09:41:02","date_gmt":"2018-06-26T09:41:02","guid":{"rendered":"http:\/\/www.msds-europe.com\/informe-sobre-la-seguridad-de-los-productos-cosmeticos-ejemplo\/"},"modified":"2018-06-28T10:28:14","modified_gmt":"2018-06-28T10:28:14","slug":"informe-sobre-la-seguridad-de-los-productos-cosmeticos-ejemplo","status":"publish","type":"page","link":"https:\/\/www.msds-europe.com\/es\/informe-sobre-la-seguridad-de-los-productos-cosmeticos-ejemplo\/","title":{"rendered":"INFORME SOBRE LA SEGURIDAD DE LOS PRODUCTOS COSM\u00c9TICOS &#8211; Ejemplo"},"content":{"rendered":"<p style=\"text-align: right;\"><em><a href=\"http:\/\/www.msds-europe.com\/es\/productos-cosmeticos\/\">Base de conocimiento de productos cosm\u00e9ticos\u00a0<\/a>\u00a0\u2013 INFORME SOBRE LA SEGURIDAD DE LOS PRODUCTOS COSM\u00c9TICOS<\/em><\/p>\n<h3 style=\"text-align: justify;\"><span style=\"color: #333333;\">Descargar: <a href=\"http:\/\/www.msds-europe.com\/wp-content\/uploads\/2018\/06\/informe_sobre_la_seguridad_de_los_productos_cosmeticos_ejemplo.pdf\">INFORME SOBRE LA SEGURIDAD DE LOS PRODUCTOS COSM\u00c9TICOS &#8211; Ejemplo<\/a><\/span><\/h3>\n<p>&nbsp;<\/p>\n<p style=\"text-align: justify;\">El informe sobre la seguridad de un producto cosm\u00e9tico contendr\u00e1, como m\u00ednimo, lo siguiente:<\/p>\n<h2 style=\"text-align: justify;\">PARTE A \u2013 Informaci\u00f3n sobre la seguridad del producto cosm\u00e9tico<\/h2>\n<p>&nbsp;<\/p>\n<p style=\"text-align: justify;\"><strong>1. Composici\u00f3n cuantitativa y cualitativa del producto cosm\u00e9tico<\/strong><br \/>\nLa composici\u00f3n cualitativa y cuantitativa del producto cosm\u00e9tico que incluya la identidad qu\u00edmica de las sustancias (en particular, la denominaci\u00f3n qu\u00edmica, INCI, CAS, EINECS\/ELINCS, cuando sea posible) y su funci\u00f3n prevista. En el caso de compuestos perfumantes y arom\u00e1ticos, nombre y n\u00famero de c\u00f3digo del compuesto e identidad del proveedor.<\/p>\n<p>&nbsp;<\/p>\n<p style=\"text-align: justify;\"><strong>2. Caracter\u00edsticas fisicoqu\u00edmicas y estabilidad del producto cosm\u00e9tico<\/strong><br \/>\nLas caracter\u00edsticas f\u00edsicas y qu\u00edmicas de las sustancias o mezclas, y del producto cosm\u00e9tico.<br \/>\nLa estabilidad del producto cosm\u00e9tico en las condiciones de almacenamiento razonablemente previsibles.<\/p>\n<p>&nbsp;<\/p>\n<p style=\"text-align: justify;\"><strong>3. Calidad microbiol\u00f3gica<\/strong><br \/>\nLas especificaciones microbiol\u00f3gicas de la sustancia o mezcla y del producto cosm\u00e9tico. Deber\u00e1 prestarse especial atenci\u00f3n a los cosm\u00e9ticos utilizados alrededor de los ojos, en las mucosas en general, en piel lesionada, en ni\u00f1os menores de tres a\u00f1os, en personas de edad avanzada y en personas que muestren respuestas inmunitarias alteradas.<br \/>\nResultados del ensayo de eficacia conservante.<\/p>\n<p>&nbsp;<\/p>\n<p style=\"text-align: justify;\"><strong>4. Impurezas, trazas e informaci\u00f3n sobre el material de embalaje<\/strong><br \/>\nLa pureza de las sustancias y mezclas.<br \/>\nEn el caso de trazas de sustancias prohibidas, prueba de su inevitabilidad t\u00e9cnica.<br \/>\nLas caracter\u00edsticas pertinentes del material de embalaje, en particular, pureza y estabilidad.<\/p>\n<p>&nbsp;<\/p>\n<p style=\"text-align: justify;\"><strong>5. Uso normal y razonablemente previsible<\/strong><br \/>\nEl uso normal y razonablemente previsible del producto. El razonamiento se justificar\u00e1, en particular, con relaci\u00f3n a las advertencias y otras explicaciones que figuren en el etiquetado del producto.<\/p>\n<p>&nbsp;<\/p>\n<p style=\"text-align: justify;\"><strong>6. Exposici\u00f3n al producto cosm\u00e9tico<\/strong><br \/>\nDatos sobre la exposici\u00f3n al producto cosm\u00e9tico tomando en consideraci\u00f3n la informaci\u00f3n del punto 5 en relaci\u00f3n con:<br \/>\n1) el lugar o lugares de aplicaci\u00f3n;<br \/>\n2) el \u00e1rea o las \u00e1reas de aplicaci\u00f3n;<br \/>\n3) la cantidad de producto aplicada;<br \/>\n4) la duraci\u00f3n y frecuencia de uso;<br \/>\n5) la v\u00eda o v\u00edas de exposici\u00f3n normales y razonablemente previsibles;<br \/>\n6) la poblaci\u00f3n o poblaciones objetivos o expuestas; tambi\u00e9n se tendr\u00e1 en cuenta la exposici\u00f3n potencial de una poblaci\u00f3n espec\u00edfica.<\/p>\n<p style=\"text-align: justify;\">El c\u00e1lculo de la exposici\u00f3n tendr\u00e1 asimismo en cuenta los efectos toxicol\u00f3gicos que deban considerarse (por ejemplo, la exposici\u00f3n podr\u00e1 tener que calcularse por unidad de superficie de piel o por unidad de peso corporal). Tambi\u00e9n debe considerarse la posibilidad de una exposici\u00f3n secundaria por v\u00edas distintas de las resultantes de la aplicaci\u00f3n directa (por ejemplo, inhalaci\u00f3n involuntaria de aerosoles, ingesti\u00f3n fortuita de productos labiales, etc.).<br \/>\nSe prestar\u00e1 especial atenci\u00f3n a las posibles repercusiones en la exposici\u00f3n derivadas del tama\u00f1o de las part\u00edculas.<\/p>\n<p>&nbsp;<\/p>\n<p style=\"text-align: justify;\"><strong>7. Exposici\u00f3n a las sustancias<\/strong><br \/>\nDatos sobre la exposici\u00f3n a las sustancias contenidas en el producto cosm\u00e9tico atendiendo a los par\u00e1metros toxicol\u00f3gicos pertinentes y teniendo en cuenta la informaci\u00f3n del punto 6.<\/p>\n<p>&nbsp;<\/p>\n<p style=\"text-align: justify;\"><strong>8. Perfil toxicol\u00f3gico de las sustancias<\/strong><br \/>\nSin perjuicio del art\u00edculo 18, el perfil toxicol\u00f3gico de las sustancias incluidas en el producto cosm\u00e9tico para todos los par\u00e1metros toxicol\u00f3gicos pertinentes. Se har\u00e1 especial hincapi\u00e9 en la evaluaci\u00f3n de la toxicidad local (irritaci\u00f3n cut\u00e1nea y ocular), la sensibilizaci\u00f3n cut\u00e1nea y, en caso de absorci\u00f3n UV, la toxicidad fotoinducida.<br \/>\nSe considerar\u00e1n todas las v\u00edas toxicol\u00f3gicas importantes de absorci\u00f3n, as\u00ed como los efectos sist\u00e9micos, y se calcular\u00e1 el margen de seguridad (MoS) basado en el nivel sin efecto adverso observable (NOAEL). La ausencia de estas consideraciones estar\u00e1 debidamente justificada.<br \/>\nSe prestar\u00e1 especial atenci\u00f3n a las posibles repercusiones en el perfil toxicol\u00f3gico debidas a:<br \/>\n&#8211; el tama\u00f1o de las part\u00edculas, incluidos los nanomateriales;<br \/>\n&#8211; las impurezas de las sustancias y materias primas usadas; y<br \/>\n&#8211; la interacci\u00f3n de las sustancias.<\/p>\n<p style=\"text-align: justify;\">Cualquier utilizaci\u00f3n de un enfoque comparativo mediante referencias cruzadas estar\u00e1 debidamente documentada y justificada.<br \/>\nLa fuente de informaci\u00f3n se indicar\u00e1 claramente.<\/p>\n<p>&nbsp;<\/p>\n<p style=\"text-align: justify;\"><strong>9. Efectos no deseados y efectos graves no deseados<\/strong><br \/>\nTodos los datos disponibles sobre los efectos no deseados y los efectos graves no deseados del producto cosm\u00e9tico o, cuando proceda, de otros productos cosm\u00e9ticos. Esta descripci\u00f3n incluir\u00e1 datos estad\u00edsticos.<\/p>\n<p>&nbsp;<\/p>\n<p style=\"text-align: justify;\"><strong>10. Informaci\u00f3n sobre el producto cosm\u00e9tico<\/strong><br \/>\nOtra informaci\u00f3n pertinente, como los estudios existentes con voluntarios humanos o los resultados debidamente comprobados y justificados de las evaluaciones de riesgo que se han realizado en otros \u00e1mbitos pertinentes.<\/p>\n<p>&nbsp;<\/p>\n<h2 style=\"text-align: justify;\">PARTE B \u2013 Evaluaci\u00f3n de la seguridad del producto cosm\u00e9tico<\/h2>\n<p>&nbsp;<\/p>\n<p style=\"text-align: justify;\"><strong>1. Conclusi\u00f3n de la evaluaci\u00f3n<\/strong><br \/>\nDeclaraci\u00f3n sobre la seguridad del producto cosm\u00e9tico en relaci\u00f3n con el art\u00edculo 3.<\/p>\n<p>&nbsp;<\/p>\n<p style=\"text-align: justify;\"><strong>2. Etiquetado con advertencias e instrucciones de uso<\/strong><br \/>\nDeclaraci\u00f3n sobre la necesidad de indicar en el etiquetado determinadas advertencias o instrucciones de uso con arreglo al art\u00edculo 19, apartado 1, letra d).<\/p>\n<p>&nbsp;<\/p>\n<p style=\"text-align: justify;\"><strong>3. Razonamiento<\/strong><br \/>\nExplicaci\u00f3n del razonamiento cient\u00edfico que lleve a la conclusi\u00f3n de la evaluaci\u00f3n establecida en el punto 1 y a la declaraci\u00f3n prevista en el punto 2. Esta explicaci\u00f3n se basar\u00e1 en las descripciones de la parte A. Cuando proceda, los m\u00e1rgenes de seguridad se evaluar\u00e1n y analizar\u00e1n.<br \/>\nDeber\u00e1 realizarse, entre otras cosas, una evaluaci\u00f3n espec\u00edfica de los productos cosm\u00e9ticos destinados a ser utilizados en ni\u00f1os menores de tres a\u00f1os y de los productos cosm\u00e9ticos destinados exclusivamente a la higiene \u00edntima externa.<br \/>\nSe evaluar\u00e1n las posibles interacciones de las sustancias contenidas en el producto cosm\u00e9tico.<br \/>\nLa consideraci\u00f3n o no consideraci\u00f3n de los distintos perfiles toxicol\u00f3gicos se justificar\u00e1 debidamente.<br \/>\nSe tendr\u00e1n debidamente en cuenta las repercusiones de la estabilidad en la seguridad del producto cosm\u00e9tico.<\/p>\n<p>&nbsp;<\/p>\n<p style=\"text-align: justify;\"><strong>4. Credenciales del evaluador y aprobaci\u00f3n de la parte B<\/strong><br \/>\nNombre y direcci\u00f3n del evaluador de la seguridad.<br \/>\nPrueba de la cualificaci\u00f3n del evaluador de la seguridad.<br \/>\nFecha y firma del evaluador de la seguridad.<\/p>\n<p>&nbsp;<\/p>\n<h3><span style=\"color: #333333;\">Servicios ofrecidos<\/span><\/h3>\n<ul class=\"category_pages_list\">\n<li><a title=\"Creaci\u00f3n de evaluaci\u00f3n de seguridad para cosm\u00e9ticos\" href=\"http:\/\/www.msds-europe.com\/es\/creacion-de-evaluacion-de-seguridad-para-cosmeticos\/\">Creaci\u00f3n de evaluaci\u00f3n de seguridad para cosm\u00e9ticos<\/a><\/li>\n<li><a title=\"Creaci\u00f3n de ficha de datos de seguridad para productos cosm\u00e9ticos\" href=\"http:\/\/www.msds-europe.com\/es\/creacion-de-fds-para-productos-cosmeticos\/\">Creaci\u00f3n de ficha de datos de seguridad para productos cosm\u00e9ticos<\/a><\/li>\n<li><a title=\"Creaci\u00f3n, traducci\u00f3n del proyecto de etiqueta para productos cosm\u00e9ticos\" href=\"http:\/\/www.msds-europe.com\/es\/creacion-traduccion-etiqueta-cosmeticos\/\">Creaci\u00f3n, traducci\u00f3n del proyecto de etiqueta para productos cosm\u00e9ticos<\/a><\/li>\n<li><a title=\"Servicio de notificaci\u00f3n CPNP\" href=\"http:\/\/www.msds-europe.com\/es\/cpnp-notification-servicio\/\">Servicio de notificaci\u00f3n CPNP<\/a><\/li>\n<\/ul>\n<p>&nbsp;<\/p>\n<h3><span style=\"color: #333333;\">Informaciones \u00fatiles<\/span><\/h3>\n<ul class=\"category_pages_list\">\n<li><a title=\"Las responsabilidades de la persona responsable\" href=\"http:\/\/www.msds-europe.com\/es\/responsabilidades-persona-responsable\/\">Las responsabilidades de la persona responsable<\/a><\/li>\n<li><a title=\"Las obligaciones de los distribuidores de productos cosm\u00e9ticos\" href=\"http:\/\/www.msds-europe.com\/es\/obligaciones-distribuidores-productos-cosmeticos\/\">Las obligaciones de los distribuidores de productos cosm\u00e9ticos<\/a><\/li>\n<\/ul>\n<p>&nbsp;<\/p>\n","protected":false},"excerpt":{"rendered":"<p>Base de conocimiento de productos cosm\u00e9ticos\u00a0\u00a0\u2013 INFORME SOBRE LA SEGURIDAD DE LOS PRODUCTOS COSM\u00c9TICOS Descargar: INFORME SOBRE LA SEGURIDAD DE LOS PRODUCTOS COSM\u00c9TICOS &#8211; Ejemplo &nbsp; El informe sobre la seguridad de un producto cosm\u00e9tico contendr\u00e1, como m\u00ednimo, lo siguiente: PARTE A \u2013 Informaci\u00f3n sobre la seguridad del producto cosm\u00e9tico&#8230;<\/p>\n","protected":false},"author":2,"featured_media":0,"parent":0,"menu_order":0,"comment_status":"closed","ping_status":"closed","template":"","meta":{"_acf_changed":false,"footnotes":""},"tags":[314,269],"class_list":["post-6264","page","type-page","status-publish","hentry","tag-base-de-conocimiento-de-productos-cosmeticos","tag-productos-cosmeticos-es"],"acf":[],"yoast_head":"<!-- This site is optimized with the Yoast SEO plugin v27.2 - https:\/\/yoast.com\/product\/yoast-seo-wordpress\/ -->\n<title>INFORME SOBRE LA SEGURIDAD DE LOS PRODUCTOS COSM\u00c9TICOS - Ejemplo<\/title>\n<meta name=\"description\" content=\"El informe sobre la seguridad de un producto cosm\u00e9tico contendr\u00e1, como m\u00ednimo, lo siguiente...\" \/>\n<meta name=\"robots\" content=\"index, follow, max-snippet:-1, max-image-preview:large, max-video-preview:-1\" \/>\n<link rel=\"canonical\" href=\"https:\/\/www.msds-europe.com\/es\/informe-sobre-la-seguridad-de-los-productos-cosmeticos-ejemplo\/\" \/>\n<meta property=\"og:locale\" content=\"es_ES\" \/>\n<meta property=\"og:type\" content=\"article\" \/>\n<meta property=\"og:title\" content=\"INFORME SOBRE LA SEGURIDAD DE LOS PRODUCTOS COSM\u00c9TICOS - Ejemplo\" \/>\n<meta property=\"og:description\" content=\"El informe sobre la seguridad de un producto cosm\u00e9tico contendr\u00e1, como m\u00ednimo, lo siguiente...\" \/>\n<meta property=\"og:url\" content=\"https:\/\/www.msds-europe.com\/es\/informe-sobre-la-seguridad-de-los-productos-cosmeticos-ejemplo\/\" \/>\n<meta property=\"og:site_name\" content=\"MSDS Europe\" \/>\n<meta property=\"article:publisher\" content=\"https:\/\/www.facebook.com\/toxinfokft\/\" \/>\n<meta property=\"article:modified_time\" content=\"2018-06-28T10:28:14+00:00\" \/>\n<meta name=\"twitter:card\" content=\"summary_large_image\" \/>\n<meta name=\"twitter:site\" content=\"@ToxInfoKft\" \/>\n<meta name=\"twitter:label1\" content=\"Tiempo de lectura\" \/>\n\t<meta name=\"twitter:data1\" content=\"6 minutos\" \/>\n<script type=\"application\/ld+json\" class=\"yoast-schema-graph\">{\"@context\":\"https:\/\/schema.org\",\"@graph\":[{\"@type\":\"WebPage\",\"@id\":\"https:\/\/www.msds-europe.com\/es\/informe-sobre-la-seguridad-de-los-productos-cosmeticos-ejemplo\/\",\"url\":\"https:\/\/www.msds-europe.com\/es\/informe-sobre-la-seguridad-de-los-productos-cosmeticos-ejemplo\/\",\"name\":\"INFORME SOBRE LA SEGURIDAD DE LOS PRODUCTOS COSM\u00c9TICOS - Ejemplo\",\"isPartOf\":{\"@id\":\"https:\/\/www.msds-europe.com\/es\/#website\"},\"datePublished\":\"2018-06-26T09:41:02+00:00\",\"dateModified\":\"2018-06-28T10:28:14+00:00\",\"description\":\"El informe sobre la seguridad de un producto cosm\u00e9tico contendr\u00e1, como m\u00ednimo, lo siguiente...\",\"breadcrumb\":{\"@id\":\"https:\/\/www.msds-europe.com\/es\/informe-sobre-la-seguridad-de-los-productos-cosmeticos-ejemplo\/#breadcrumb\"},\"inLanguage\":\"es\",\"potentialAction\":[{\"@type\":\"ReadAction\",\"target\":[\"https:\/\/www.msds-europe.com\/es\/informe-sobre-la-seguridad-de-los-productos-cosmeticos-ejemplo\/\"]}]},{\"@type\":\"BreadcrumbList\",\"@id\":\"https:\/\/www.msds-europe.com\/es\/informe-sobre-la-seguridad-de-los-productos-cosmeticos-ejemplo\/#breadcrumb\",\"itemListElement\":[{\"@type\":\"ListItem\",\"position\":1,\"name\":\"F\u0151oldal\",\"item\":\"https:\/\/www.msds-europe.com\/es\/\"},{\"@type\":\"ListItem\",\"position\":2,\"name\":\"INFORME SOBRE LA SEGURIDAD DE LOS PRODUCTOS COSM\u00c9TICOS &#8211; Ejemplo\"}]},{\"@type\":\"WebSite\",\"@id\":\"https:\/\/www.msds-europe.com\/es\/#website\",\"url\":\"https:\/\/www.msds-europe.com\/es\/\",\"name\":\"MSDS Europe\",\"description\":\"\",\"publisher\":{\"@id\":\"https:\/\/www.msds-europe.com\/es\/#organization\"},\"potentialAction\":[{\"@type\":\"SearchAction\",\"target\":{\"@type\":\"EntryPoint\",\"urlTemplate\":\"https:\/\/www.msds-europe.com\/es\/?s={search_term_string}\"},\"query-input\":{\"@type\":\"PropertyValueSpecification\",\"valueRequired\":true,\"valueName\":\"search_term_string\"}}],\"inLanguage\":\"es\"},{\"@type\":\"Organization\",\"@id\":\"https:\/\/www.msds-europe.com\/es\/#organization\",\"name\":\"MSDS-Europe International branch of ToxInfo\",\"url\":\"https:\/\/www.msds-europe.com\/es\/\",\"logo\":{\"@type\":\"ImageObject\",\"inLanguage\":\"es\",\"@id\":\"https:\/\/www.msds-europe.com\/es\/#\/schema\/logo\/image\/\",\"url\":\"https:\/\/www.msds-europe.com\/wp-content\/uploads\/2021\/04\/msds-europe-logo.jpg\",\"contentUrl\":\"https:\/\/www.msds-europe.com\/wp-content\/uploads\/2021\/04\/msds-europe-logo.jpg\",\"width\":2296,\"height\":1067,\"caption\":\"MSDS-Europe International branch of ToxInfo\"},\"image\":{\"@id\":\"https:\/\/www.msds-europe.com\/es\/#\/schema\/logo\/image\/\"},\"sameAs\":[\"https:\/\/www.facebook.com\/toxinfokft\/\",\"https:\/\/x.com\/ToxInfoKft\"]}]}<\/script>\n<!-- \/ Yoast SEO plugin. -->","yoast_head_json":{"title":"INFORME SOBRE LA SEGURIDAD DE LOS PRODUCTOS COSM\u00c9TICOS - Ejemplo","description":"El informe sobre la seguridad de un producto cosm\u00e9tico contendr\u00e1, como m\u00ednimo, lo siguiente...","robots":{"index":"index","follow":"follow","max-snippet":"max-snippet:-1","max-image-preview":"max-image-preview:large","max-video-preview":"max-video-preview:-1"},"canonical":"https:\/\/www.msds-europe.com\/es\/informe-sobre-la-seguridad-de-los-productos-cosmeticos-ejemplo\/","og_locale":"es_ES","og_type":"article","og_title":"INFORME SOBRE LA SEGURIDAD DE LOS PRODUCTOS COSM\u00c9TICOS - Ejemplo","og_description":"El informe sobre la seguridad de un producto cosm\u00e9tico contendr\u00e1, como m\u00ednimo, lo siguiente...","og_url":"https:\/\/www.msds-europe.com\/es\/informe-sobre-la-seguridad-de-los-productos-cosmeticos-ejemplo\/","og_site_name":"MSDS Europe","article_publisher":"https:\/\/www.facebook.com\/toxinfokft\/","article_modified_time":"2018-06-28T10:28:14+00:00","twitter_card":"summary_large_image","twitter_site":"@ToxInfoKft","twitter_misc":{"Tiempo de lectura":"6 minutos"},"schema":{"@context":"https:\/\/schema.org","@graph":[{"@type":"WebPage","@id":"https:\/\/www.msds-europe.com\/es\/informe-sobre-la-seguridad-de-los-productos-cosmeticos-ejemplo\/","url":"https:\/\/www.msds-europe.com\/es\/informe-sobre-la-seguridad-de-los-productos-cosmeticos-ejemplo\/","name":"INFORME SOBRE LA SEGURIDAD DE LOS PRODUCTOS COSM\u00c9TICOS - Ejemplo","isPartOf":{"@id":"https:\/\/www.msds-europe.com\/es\/#website"},"datePublished":"2018-06-26T09:41:02+00:00","dateModified":"2018-06-28T10:28:14+00:00","description":"El informe sobre la seguridad de un producto cosm\u00e9tico contendr\u00e1, como m\u00ednimo, lo siguiente...","breadcrumb":{"@id":"https:\/\/www.msds-europe.com\/es\/informe-sobre-la-seguridad-de-los-productos-cosmeticos-ejemplo\/#breadcrumb"},"inLanguage":"es","potentialAction":[{"@type":"ReadAction","target":["https:\/\/www.msds-europe.com\/es\/informe-sobre-la-seguridad-de-los-productos-cosmeticos-ejemplo\/"]}]},{"@type":"BreadcrumbList","@id":"https:\/\/www.msds-europe.com\/es\/informe-sobre-la-seguridad-de-los-productos-cosmeticos-ejemplo\/#breadcrumb","itemListElement":[{"@type":"ListItem","position":1,"name":"F\u0151oldal","item":"https:\/\/www.msds-europe.com\/es\/"},{"@type":"ListItem","position":2,"name":"INFORME SOBRE LA SEGURIDAD DE LOS PRODUCTOS COSM\u00c9TICOS &#8211; Ejemplo"}]},{"@type":"WebSite","@id":"https:\/\/www.msds-europe.com\/es\/#website","url":"https:\/\/www.msds-europe.com\/es\/","name":"MSDS Europe","description":"","publisher":{"@id":"https:\/\/www.msds-europe.com\/es\/#organization"},"potentialAction":[{"@type":"SearchAction","target":{"@type":"EntryPoint","urlTemplate":"https:\/\/www.msds-europe.com\/es\/?s={search_term_string}"},"query-input":{"@type":"PropertyValueSpecification","valueRequired":true,"valueName":"search_term_string"}}],"inLanguage":"es"},{"@type":"Organization","@id":"https:\/\/www.msds-europe.com\/es\/#organization","name":"MSDS-Europe International branch of ToxInfo","url":"https:\/\/www.msds-europe.com\/es\/","logo":{"@type":"ImageObject","inLanguage":"es","@id":"https:\/\/www.msds-europe.com\/es\/#\/schema\/logo\/image\/","url":"https:\/\/www.msds-europe.com\/wp-content\/uploads\/2021\/04\/msds-europe-logo.jpg","contentUrl":"https:\/\/www.msds-europe.com\/wp-content\/uploads\/2021\/04\/msds-europe-logo.jpg","width":2296,"height":1067,"caption":"MSDS-Europe International branch of ToxInfo"},"image":{"@id":"https:\/\/www.msds-europe.com\/es\/#\/schema\/logo\/image\/"},"sameAs":["https:\/\/www.facebook.com\/toxinfokft\/","https:\/\/x.com\/ToxInfoKft"]}]}},"_links":{"self":[{"href":"https:\/\/www.msds-europe.com\/es\/wp-json\/wp\/v2\/pages\/6264","targetHints":{"allow":["GET"]}}],"collection":[{"href":"https:\/\/www.msds-europe.com\/es\/wp-json\/wp\/v2\/pages"}],"about":[{"href":"https:\/\/www.msds-europe.com\/es\/wp-json\/wp\/v2\/types\/page"}],"author":[{"embeddable":true,"href":"https:\/\/www.msds-europe.com\/es\/wp-json\/wp\/v2\/users\/2"}],"replies":[{"embeddable":true,"href":"https:\/\/www.msds-europe.com\/es\/wp-json\/wp\/v2\/comments?post=6264"}],"version-history":[{"count":3,"href":"https:\/\/www.msds-europe.com\/es\/wp-json\/wp\/v2\/pages\/6264\/revisions"}],"predecessor-version":[{"id":6648,"href":"https:\/\/www.msds-europe.com\/es\/wp-json\/wp\/v2\/pages\/6264\/revisions\/6648"}],"wp:attachment":[{"href":"https:\/\/www.msds-europe.com\/es\/wp-json\/wp\/v2\/media?parent=6264"}],"wp:term":[{"taxonomy":"post_tag","embeddable":true,"href":"https:\/\/www.msds-europe.com\/es\/wp-json\/wp\/v2\/tags?post=6264"}],"curies":[{"name":"wp","href":"https:\/\/api.w.org\/{rel}","templated":true}]}}