{"id":6001,"date":"2018-06-25T15:43:43","date_gmt":"2018-06-25T15:43:43","guid":{"rendered":"http:\/\/www.msds-europe.com\/las-obligaciones-de-los-distribuidores-de-productos-cosmeticos\/"},"modified":"2018-07-04T07:37:03","modified_gmt":"2018-07-04T07:37:03","slug":"obligaciones-distribuidores-productos-cosmeticos","status":"publish","type":"page","link":"https:\/\/www.msds-europe.com\/es\/obligaciones-distribuidores-productos-cosmeticos\/","title":{"rendered":"Las obligaciones de los distribuidores de productos cosm\u00e9ticos"},"content":{"rendered":"<p style=\"text-align: right;\"><em><a href=\"http:\/\/www.msds-europe.com\/es\/productos-cosmeticos\/\">Base de conocimiento de productos cosm\u00e9ticos<\/a>\u00a0\u2013\u00a0Las obligaciones de los distribuidores de productos cosm\u00e9ticos<\/em><\/p>\n<p>&nbsp;<\/p>\n<h2 style=\"text-align: justify;\"><span style=\"color: #333333;\">Regla b\u00e1sica para entender las responsabilidades de los distribuidores de productos cosm\u00e9ticos<\/span><\/h2>\n<p style=\"text-align: justify;\">Si el distribuidor considera o tiene motivos para creer que un producto cosm\u00e9tico no est\u00e1 en conformidad con el <a href=\"http:\/\/www.msds-europe.com\/es\/cambios-reguladores-seguridad-quimica\/\">Reglamento (CE) n.\u00ba 1223\/2009<\/a> tomar\u00e1 inmediatamente las medidas correctivas necesarias para poner ese producto en conformidad, lo retirar\u00e1 o recordarlo, seg\u00fan corresponda.<\/p>\n<p style=\"text-align: justify;\">Adem\u00e1s, cuando el producto cosm\u00e9tico represente un riesgo para la salud humana, las personas responsables informar\u00e1n inmediatamente a las autoridades nacionales competentes de los Estados miembros en los que hayan comercializado el producto y al Estado miembro en el que el expediente de informaci\u00f3n sobre el producto sea f\u00e1cilmente accesible, dando detalles , en particular, del incumplimiento y de las medidas correctivas adoptadas.<\/p>\n<p>&nbsp;<\/p>\n<h2 style=\"text-align: justify;\">Distribuidor<\/h2>\n<p style=\"text-align: justify;\">Personas f\u00edsicas o jur\u00eddicas de la cadena de suministro que distribuyen el producto cosm\u00e9tico en el mercado comunitario, excepto el fabricante y el importador.<\/p>\n<p style=\"text-align: justify;\">No se considera al distribuidor que pone en el mercado un producto cosm\u00e9tico bajo su nombre o marca, o cambia un producto ya en el mercado de una manera que pueda afectar el cumplimiento de los requisitos para el producto, como en este caso, la persona responsable.<\/p>\n<p style=\"text-align: justify;\">S\u00f3lo podr\u00e1n comercializarse productos cosm\u00e9ticos que tengan una evaluaci\u00f3n de la seguridad, un expediente de informaci\u00f3n sobre el producto y un etiquetado de acuerdo con la norma 1223\/2009\/CE, y cuya producci\u00f3n se lleve a cabo de conformidad con las buenas pr\u00e1cticas de fabricaci\u00f3n.<\/p>\n<p style=\"text-align: justify;\">El Reglamento (CE) n.\u00ba 1223\/2009 debe aplicarse a partir del 11 de julio de 2013 a los miembros de la Comunidad Europea y a los miembros de la Asociaci\u00f3n Europea de Libre Comercio (AELC)-Noruega, Suiza, Islandia y Liechtenstein.<\/p>\n<p>&nbsp;<\/p>\n<h2 style=\"text-align: justify;\">Obligaciones de los distribuidores<\/h2>\n<p style=\"text-align: justify;\">1.\u00a0<strong>Responsabilidades del distribuidor para verificar:<\/strong><\/p>\n<ul>\n<li style=\"text-align: justify;\">si la informaci\u00f3n de etiquetado requerida se muestra en el producto<\/li>\n<li style=\"text-align: justify;\">nombre de la persona responsable o nombre y direcci\u00f3n de la empresa registrada<\/li>\n<li style=\"text-align: justify;\">n\u00famero de lote o n\u00famero de identificaci\u00f3n del producto cosm\u00e9tico<\/li>\n<li style=\"text-align: justify;\">la lista de ingredientes en el envase o en el embalaje o en el material de informaci\u00f3n suministrado<\/li>\n<\/ul>\n<p style=\"text-align: justify;\">2. Si se cumplen los requisitos ling\u00fc\u00edsticos prescritos, la informaci\u00f3n deber\u00e1 redactarse en la lengua oficial del pa\u00eds en el que se comercialice el producto final<\/p>\n<p style=\"text-align: justify;\">3. Es necesario comprobar si el periodo de conservaci\u00f3n specificado todav\u00eda no ha expirado.<\/p>\n<p>&nbsp;<\/p>\n<h2 style=\"text-align: justify;\">Elementos de la etiqueta<\/h2>\n<p style=\"text-align: justify;\">Los productos cosm\u00e9ticos \u00fanicamente se comercializar\u00e1n si en el recipiente y en el embalaje figuran, con caracteres indelebles, f\u00e1cilmente legibles y visibles, las menciones siguientes:<\/p>\n<p style=\"text-align: justify;\">1. El nombre o la raz\u00f3n social y la direcci\u00f3n de la persona responsable. El pa\u00eds de origen en el caso de productos cosm\u00e9ticos importados.<\/p>\n<p style=\"text-align: justify;\">2. El contenido nominal en el momento del acondicionamiento, indicado en peso o en volumen<\/p>\n<p style=\"text-align: justify;\">(respecto a los productos preenvasados, que se comercializan habitualmente por conjuntos de unidades y para los que no es significativa la indicaci\u00f3n del peso o del volumen; salvo para los envases que contengan menos de\u00a05\u00a0gramos o de\u00a05\u00a0mililitros, las muestras gratuitas y las monodosis).<\/p>\n<p style=\"text-align: justify;\">3. La fecha de duraci\u00f3n m\u00ednim<\/p>\n<p style=\"text-align: justify;\">a, Indicaci\u00f3n de la fecha de durabilidad m\u00ednima para productos cosm\u00e9ticos con una durabilidad m\u00ednima de menos de 30 meses.<\/p>\n<p style=\"text-align: justify;\">Formato apropiado: despu\u00e9s de la fecha del s\u00edmbolo de durabilidad m\u00ednima o las palabras \u00abutil\u00edcese preferentemente antes del final de\u00bb, la fecha de durabilidad m\u00ednima debe estar claramente expresada y debe consistir en el mes y el a\u00f1o o el d\u00eda, mes y a\u00f1o, en ese orden.<\/p>\n<p style=\"text-align: justify;\">b, en el caso de los productos cosm\u00e9ticos cuya duraci\u00f3n m\u00ednima exceda de treinta meses, se indicar\u00e1 el plazo despu\u00e9s de la apertura durante el que el producto es seguro y puede utilizarse sin da\u00f1o alguno para el consumidor.\u00a0 El s\u00edmbolo de durabilidad m\u00ednima es seguido por el tiempo indicado en meses y\/o a\u00f1os, salvo cuando el concepto de duraci\u00f3n tras la apertura no sea pertinent:\u00a0 los productos monodosis, los productos que no presenten un riesgo de deterioro o los productos que no se abran.<\/p>\n<p style=\"text-align: justify;\">4. Las precauciones particulares de empleo.<\/p>\n<p style=\"text-align: justify;\">5. El n\u00famero de lote de fabricaci\u00f3n o la referencia que permita la identificaci\u00f3n del producto cosm\u00e9tico.<\/p>\n<p style=\"text-align: justify;\">6. la funci\u00f3n del producto cosm\u00e9tico, salvo si se desprende de su presentaci\u00f3n.<\/p>\n<p style=\"text-align: justify;\">7. Lista de ingredientes seg\u00fan INCI (International Nomenclature Cosmetic Ingredient). Esta informaci\u00f3n s\u00f3lo se facilitar\u00e1 en el embalaje exterior (si procede).<\/p>\n<p style=\"text-align: justify;\">La informaci\u00f3n de etiquetado deber\u00e1 figurar en la lengua del Estado miembro en el que se distribuya el producto para el usuario final (excepto: \u00abIngredientes\u00bb).<\/p>\n<p style=\"text-align: justify;\">Si no es posible indicar la informaci\u00f3n indicada en la etiqueta por motivos pr\u00e1cticos, la informaci\u00f3n debe indicarse en un folleto, una etiqueta, una cinta o una tarjeta cerrada o adjunta al producto.<\/p>\n<p style=\"text-align: justify;\"><strong>Servicio ofrecido:<\/strong>\u00a0<a href=\"http:\/\/www.msds-europe.com\/es\/creacion-traduccion-etiqueta-cosmeticos\/\">Creaci\u00f3n de bocetos de etiquetas, traducci\u00f3n de productos cosm\u00e9ticos<\/a><\/p>\n<p>&nbsp;<\/p>\n<h2 style=\"text-align: justify;\">Notificaci\u00f3n del producto que ya est\u00e1 en el mercado<\/h2>\n<p style=\"text-align: justify;\">un distribuidor que comercialice en un Estado miembro un producto cosm\u00e9tico ya introducido en el mercado en otro Estado miembro y traduzca, por propia iniciativa, cualquier elemento del etiquetado de ese producto con objeto de cumplir con la legislaci\u00f3n nacional, deber\u00e1 presentar, por medios electr\u00f3nicos, la siguiente informaci\u00f3n a la CPNP.<\/p>\n<p style=\"text-align: justify;\"><strong>Para la notificaci\u00f3n se necesita la siguiente informaci\u00f3n:<\/strong><\/p>\n<ul>\n<li style=\"text-align: justify;\">el nombre y la direcci\u00f3n de la persona responsable donde el expediente de informaci\u00f3n sobre el producto est\u00e9 disponible;<\/li>\n<li style=\"text-align: justify;\">la categor\u00eda de producto cosm\u00e9tico, su nombre en el Estado miembro de expedici\u00f3n y su nombre en el Estado miembro en el que est\u00e1 disponible, lo que permite su identificaci\u00f3n espec\u00edfica;<\/li>\n<li style=\"text-align: justify;\">el nombre del Estado miembro donde el producto cosm\u00e9tico est\u00e1 en el mercado;<\/li>\n<li style=\"text-align: justify;\">el nombre y la direcci\u00f3n del distribuidor<\/li>\n<\/ul>\n<p style=\"text-align: justify;\">Cuando cualquier informaci\u00f3n cambie, el distribuidor o la persona responsable deber\u00e1 proporcionar una actualizaci\u00f3n sin demora a trav\u00e9s de <a href=\"http:\/\/www.msds-europe.com\/es\/cpnp-notification-servicio\/\">CPNP<\/a>.<\/p>\n<p>&nbsp;<\/p>\n<h3 style=\"text-align: justify;\"><span style=\"color: #333333;\">Materiales profesionales relacionados<\/span><\/h3>\n<ul>\n<li style=\"text-align: justify;\"><a href=\"http:\/\/www.msds-europe.com\/es\/responsabilidades-persona-responsable\/\">Las responsabilidades de la persona responsable<\/a><\/li>\n<\/ul>\n<p>&nbsp;<\/p>\n<h3 style=\"text-align: justify;\"><span style=\"color: #333333;\">Servicios ofrecidos<\/span><\/h3>\n<ul>\n<li><a href=\"http:\/\/www.msds-europe.com\/es\/cpnp-notification-servicio\/\">Nuestro servicio de notificaci\u00f3n de CPNP para productos cosm\u00e9ticos<\/a><\/li>\n<li><a href=\"http:\/\/www.msds-europe.com\/es\/creacion-traduccion-etiqueta-cosmeticos\/\">Nuestro servicio de creaci\u00f3n y traducci\u00f3n de proyecto de etiqueta para productos cosm\u00e9ticos<\/a><\/li>\n<li><a href=\"http:\/\/www.msds-europe.com\/es\/creacion-de-evaluacion-de-seguridad-para-cosmeticos\/\">Nuestro servicio de Compilaci\u00f3n de evaluaci\u00f3n de seguridad para productos cosm\u00e9ticos<\/a><\/li>\n<\/ul>\n<p>&nbsp;<\/p>\n","protected":false},"excerpt":{"rendered":"<p>Breve resumen de las obligaciones de los distribuidores de productos cosm\u00e9ticos.<\/p>\n","protected":false},"author":2,"featured_media":0,"parent":0,"menu_order":0,"comment_status":"closed","ping_status":"closed","template":"","meta":{"_acf_changed":false,"footnotes":""},"tags":[314,269],"class_list":["post-6001","page","type-page","status-publish","hentry","tag-base-de-conocimiento-de-productos-cosmeticos","tag-productos-cosmeticos-es"],"acf":[],"yoast_head":"<!-- This site is optimized with the Yoast SEO plugin v27.2 - https:\/\/yoast.com\/product\/yoast-seo-wordpress\/ -->\n<title>Obligaciones legales de los distribuidores de productos cosm\u00e9ticos<\/title>\n<meta name=\"description\" content=\"Resumen de las disposiciones y tareas necesarias que deben realizarse antes de la comercializaci\u00f3n de productos cosm\u00e9ticos. Obligaciones de los distribuidores de productos cosm\u00e9ticos brevemente.\" \/>\n<meta name=\"robots\" content=\"index, follow, max-snippet:-1, max-image-preview:large, max-video-preview:-1\" \/>\n<link rel=\"canonical\" href=\"https:\/\/www.msds-europe.com\/es\/obligaciones-distribuidores-productos-cosmeticos\/\" \/>\n<meta property=\"og:locale\" content=\"es_ES\" \/>\n<meta property=\"og:type\" content=\"article\" \/>\n<meta property=\"og:title\" content=\"Obligaciones legales de los distribuidores de productos cosm\u00e9ticos\" \/>\n<meta property=\"og:description\" content=\"Resumen de las disposiciones y tareas necesarias que deben realizarse antes de la comercializaci\u00f3n de productos cosm\u00e9ticos. Obligaciones de los distribuidores de productos cosm\u00e9ticos brevemente.\" \/>\n<meta property=\"og:url\" content=\"https:\/\/www.msds-europe.com\/es\/obligaciones-distribuidores-productos-cosmeticos\/\" \/>\n<meta property=\"og:site_name\" content=\"MSDS Europe\" \/>\n<meta property=\"article:publisher\" content=\"https:\/\/www.facebook.com\/toxinfokft\/\" \/>\n<meta property=\"article:modified_time\" content=\"2018-07-04T07:37:03+00:00\" \/>\n<meta name=\"twitter:card\" content=\"summary_large_image\" \/>\n<meta name=\"twitter:site\" content=\"@ToxInfoKft\" \/>\n<meta name=\"twitter:label1\" content=\"Tiempo de lectura\" \/>\n\t<meta name=\"twitter:data1\" content=\"5 minutos\" \/>\n<script type=\"application\/ld+json\" class=\"yoast-schema-graph\">{\"@context\":\"https:\/\/schema.org\",\"@graph\":[{\"@type\":\"WebPage\",\"@id\":\"https:\/\/www.msds-europe.com\/es\/obligaciones-distribuidores-productos-cosmeticos\/\",\"url\":\"https:\/\/www.msds-europe.com\/es\/obligaciones-distribuidores-productos-cosmeticos\/\",\"name\":\"Obligaciones legales de los distribuidores de productos cosm\u00e9ticos\",\"isPartOf\":{\"@id\":\"https:\/\/www.msds-europe.com\/es\/#website\"},\"datePublished\":\"2018-06-25T15:43:43+00:00\",\"dateModified\":\"2018-07-04T07:37:03+00:00\",\"description\":\"Resumen de las disposiciones y tareas necesarias que deben realizarse antes de la comercializaci\u00f3n de productos cosm\u00e9ticos. Obligaciones de los distribuidores de productos cosm\u00e9ticos brevemente.\",\"breadcrumb\":{\"@id\":\"https:\/\/www.msds-europe.com\/es\/obligaciones-distribuidores-productos-cosmeticos\/#breadcrumb\"},\"inLanguage\":\"es\",\"potentialAction\":[{\"@type\":\"ReadAction\",\"target\":[\"https:\/\/www.msds-europe.com\/es\/obligaciones-distribuidores-productos-cosmeticos\/\"]}]},{\"@type\":\"BreadcrumbList\",\"@id\":\"https:\/\/www.msds-europe.com\/es\/obligaciones-distribuidores-productos-cosmeticos\/#breadcrumb\",\"itemListElement\":[{\"@type\":\"ListItem\",\"position\":1,\"name\":\"F\u0151oldal\",\"item\":\"https:\/\/www.msds-europe.com\/es\/\"},{\"@type\":\"ListItem\",\"position\":2,\"name\":\"Las obligaciones de los distribuidores de productos cosm\u00e9ticos\"}]},{\"@type\":\"WebSite\",\"@id\":\"https:\/\/www.msds-europe.com\/es\/#website\",\"url\":\"https:\/\/www.msds-europe.com\/es\/\",\"name\":\"MSDS Europe\",\"description\":\"\",\"publisher\":{\"@id\":\"https:\/\/www.msds-europe.com\/es\/#organization\"},\"potentialAction\":[{\"@type\":\"SearchAction\",\"target\":{\"@type\":\"EntryPoint\",\"urlTemplate\":\"https:\/\/www.msds-europe.com\/es\/?s={search_term_string}\"},\"query-input\":{\"@type\":\"PropertyValueSpecification\",\"valueRequired\":true,\"valueName\":\"search_term_string\"}}],\"inLanguage\":\"es\"},{\"@type\":\"Organization\",\"@id\":\"https:\/\/www.msds-europe.com\/es\/#organization\",\"name\":\"MSDS-Europe International branch of ToxInfo\",\"url\":\"https:\/\/www.msds-europe.com\/es\/\",\"logo\":{\"@type\":\"ImageObject\",\"inLanguage\":\"es\",\"@id\":\"https:\/\/www.msds-europe.com\/es\/#\/schema\/logo\/image\/\",\"url\":\"https:\/\/www.msds-europe.com\/wp-content\/uploads\/2021\/04\/msds-europe-logo.jpg\",\"contentUrl\":\"https:\/\/www.msds-europe.com\/wp-content\/uploads\/2021\/04\/msds-europe-logo.jpg\",\"width\":2296,\"height\":1067,\"caption\":\"MSDS-Europe International branch of ToxInfo\"},\"image\":{\"@id\":\"https:\/\/www.msds-europe.com\/es\/#\/schema\/logo\/image\/\"},\"sameAs\":[\"https:\/\/www.facebook.com\/toxinfokft\/\",\"https:\/\/x.com\/ToxInfoKft\"]}]}<\/script>\n<!-- \/ Yoast SEO plugin. -->","yoast_head_json":{"title":"Obligaciones legales de los distribuidores de productos cosm\u00e9ticos","description":"Resumen de las disposiciones y tareas necesarias que deben realizarse antes de la comercializaci\u00f3n de productos cosm\u00e9ticos. Obligaciones de los distribuidores de productos cosm\u00e9ticos brevemente.","robots":{"index":"index","follow":"follow","max-snippet":"max-snippet:-1","max-image-preview":"max-image-preview:large","max-video-preview":"max-video-preview:-1"},"canonical":"https:\/\/www.msds-europe.com\/es\/obligaciones-distribuidores-productos-cosmeticos\/","og_locale":"es_ES","og_type":"article","og_title":"Obligaciones legales de los distribuidores de productos cosm\u00e9ticos","og_description":"Resumen de las disposiciones y tareas necesarias que deben realizarse antes de la comercializaci\u00f3n de productos cosm\u00e9ticos. Obligaciones de los distribuidores de productos cosm\u00e9ticos brevemente.","og_url":"https:\/\/www.msds-europe.com\/es\/obligaciones-distribuidores-productos-cosmeticos\/","og_site_name":"MSDS Europe","article_publisher":"https:\/\/www.facebook.com\/toxinfokft\/","article_modified_time":"2018-07-04T07:37:03+00:00","twitter_card":"summary_large_image","twitter_site":"@ToxInfoKft","twitter_misc":{"Tiempo de lectura":"5 minutos"},"schema":{"@context":"https:\/\/schema.org","@graph":[{"@type":"WebPage","@id":"https:\/\/www.msds-europe.com\/es\/obligaciones-distribuidores-productos-cosmeticos\/","url":"https:\/\/www.msds-europe.com\/es\/obligaciones-distribuidores-productos-cosmeticos\/","name":"Obligaciones legales de los distribuidores de productos cosm\u00e9ticos","isPartOf":{"@id":"https:\/\/www.msds-europe.com\/es\/#website"},"datePublished":"2018-06-25T15:43:43+00:00","dateModified":"2018-07-04T07:37:03+00:00","description":"Resumen de las disposiciones y tareas necesarias que deben realizarse antes de la comercializaci\u00f3n de productos cosm\u00e9ticos. Obligaciones de los distribuidores de productos cosm\u00e9ticos brevemente.","breadcrumb":{"@id":"https:\/\/www.msds-europe.com\/es\/obligaciones-distribuidores-productos-cosmeticos\/#breadcrumb"},"inLanguage":"es","potentialAction":[{"@type":"ReadAction","target":["https:\/\/www.msds-europe.com\/es\/obligaciones-distribuidores-productos-cosmeticos\/"]}]},{"@type":"BreadcrumbList","@id":"https:\/\/www.msds-europe.com\/es\/obligaciones-distribuidores-productos-cosmeticos\/#breadcrumb","itemListElement":[{"@type":"ListItem","position":1,"name":"F\u0151oldal","item":"https:\/\/www.msds-europe.com\/es\/"},{"@type":"ListItem","position":2,"name":"Las obligaciones de los distribuidores de productos cosm\u00e9ticos"}]},{"@type":"WebSite","@id":"https:\/\/www.msds-europe.com\/es\/#website","url":"https:\/\/www.msds-europe.com\/es\/","name":"MSDS Europe","description":"","publisher":{"@id":"https:\/\/www.msds-europe.com\/es\/#organization"},"potentialAction":[{"@type":"SearchAction","target":{"@type":"EntryPoint","urlTemplate":"https:\/\/www.msds-europe.com\/es\/?s={search_term_string}"},"query-input":{"@type":"PropertyValueSpecification","valueRequired":true,"valueName":"search_term_string"}}],"inLanguage":"es"},{"@type":"Organization","@id":"https:\/\/www.msds-europe.com\/es\/#organization","name":"MSDS-Europe International branch of ToxInfo","url":"https:\/\/www.msds-europe.com\/es\/","logo":{"@type":"ImageObject","inLanguage":"es","@id":"https:\/\/www.msds-europe.com\/es\/#\/schema\/logo\/image\/","url":"https:\/\/www.msds-europe.com\/wp-content\/uploads\/2021\/04\/msds-europe-logo.jpg","contentUrl":"https:\/\/www.msds-europe.com\/wp-content\/uploads\/2021\/04\/msds-europe-logo.jpg","width":2296,"height":1067,"caption":"MSDS-Europe International branch of ToxInfo"},"image":{"@id":"https:\/\/www.msds-europe.com\/es\/#\/schema\/logo\/image\/"},"sameAs":["https:\/\/www.facebook.com\/toxinfokft\/","https:\/\/x.com\/ToxInfoKft"]}]}},"_links":{"self":[{"href":"https:\/\/www.msds-europe.com\/es\/wp-json\/wp\/v2\/pages\/6001","targetHints":{"allow":["GET"]}}],"collection":[{"href":"https:\/\/www.msds-europe.com\/es\/wp-json\/wp\/v2\/pages"}],"about":[{"href":"https:\/\/www.msds-europe.com\/es\/wp-json\/wp\/v2\/types\/page"}],"author":[{"embeddable":true,"href":"https:\/\/www.msds-europe.com\/es\/wp-json\/wp\/v2\/users\/2"}],"replies":[{"embeddable":true,"href":"https:\/\/www.msds-europe.com\/es\/wp-json\/wp\/v2\/comments?post=6001"}],"version-history":[{"count":4,"href":"https:\/\/www.msds-europe.com\/es\/wp-json\/wp\/v2\/pages\/6001\/revisions"}],"predecessor-version":[{"id":7311,"href":"https:\/\/www.msds-europe.com\/es\/wp-json\/wp\/v2\/pages\/6001\/revisions\/7311"}],"wp:attachment":[{"href":"https:\/\/www.msds-europe.com\/es\/wp-json\/wp\/v2\/media?parent=6001"}],"wp:term":[{"taxonomy":"post_tag","embeddable":true,"href":"https:\/\/www.msds-europe.com\/es\/wp-json\/wp\/v2\/tags?post=6001"}],"curies":[{"name":"wp","href":"https:\/\/api.w.org\/{rel}","templated":true}]}}