{"id":5414,"date":"2018-06-21T09:36:17","date_gmt":"2018-06-21T09:36:17","guid":{"rendered":"http:\/\/www.msds-europe.com\/simbolo-del-peligro\/"},"modified":"2026-02-20T12:58:37","modified_gmt":"2026-02-20T12:58:37","slug":"simbolo-del-peligro","status":"publish","type":"page","link":"https:\/\/www.msds-europe.com\/es\/simbolo-del-peligro\/","title":{"rendered":"S\u00edmbolo del peligro"},"content":{"rendered":"<p style=\"text-align: right;\"><em><a href=\"https:\/\/www.msds-europe.com\/es\/base-conocimiento-ficha-de-datos-de-seguridad\/\">Base de conocimientos sobre fichas de datos de seguridad<\/a> \u2013 S\u00edmbolos de peligro<\/em><\/p>\n<p>&nbsp;<\/p>\n<h3>Los antiguos s\u00edmbolos de peligro DSD\/DPD ya no pueden utilizarse a partir del 1 de junio de 2017.<\/h3>\n<div class=\"su-custom-gallery su-custom-gallery-align-left su-custom-gallery-title-always su-lightbox-gallery\"><div class=\"su-custom-gallery-slide\" style=\"width:200px;height:200px\"><a href=\"https:\/\/www.msds-europe.com\/wp-content\/uploads\/2018\/06\/C_Corrosivo-1.jpg\" title=\"C_Corrosivo\"><img decoding=\"async\" src=\"https:\/\/www.msds-europe.com\/wp-content\/uploads\/2018\/06\/C_Corrosivo-1.jpg\" alt=\"C_Corrosivo\" width=\"200\" height=\"200\" \/><span class=\"su-custom-gallery-title\">C_Corrosivo<\/span><\/a><\/div><div class=\"su-custom-gallery-slide\" style=\"width:200px;height:200px\"><a href=\"https:\/\/www.msds-europe.com\/wp-content\/uploads\/2018\/06\/E_Explosivo.jpg\" title=\"E_Explosivo\"><img decoding=\"async\" src=\"https:\/\/www.msds-europe.com\/wp-content\/uploads\/2018\/06\/E_Explosivo.jpg\" alt=\"E_Explosivo\" width=\"200\" height=\"200\" \/><span class=\"su-custom-gallery-title\">E_Explosivo<\/span><\/a><\/div><div class=\"su-custom-gallery-slide\" style=\"width:200px;height:200px\"><a href=\"https:\/\/www.msds-europe.com\/wp-content\/uploads\/2018\/06\/F_F\u00e1cilmente-inflamable.jpg\" title=\"F_F\u00e1cilmente inflamable\"><img decoding=\"async\" src=\"https:\/\/www.msds-europe.com\/wp-content\/uploads\/2018\/06\/F_F\u00e1cilmente-inflamable.jpg\" alt=\"F_F\u00e1cilmente inflamable\" width=\"200\" height=\"200\" \/><span class=\"su-custom-gallery-title\">F_F\u00e1cilmente inflamable<\/span><\/a><\/div><div class=\"su-custom-gallery-slide\" style=\"width:200px;height:200px\"><a href=\"https:\/\/www.msds-europe.com\/wp-content\/uploads\/2018\/06\/F_Extremadamente-inflamable.jpg\" title=\"F+_Extremadamente inflamable\"><img decoding=\"async\" src=\"https:\/\/www.msds-europe.com\/wp-content\/uploads\/2018\/06\/F_Extremadamente-inflamable.jpg\" alt=\"F+_Extremadamente inflamable\" width=\"200\" height=\"200\" \/><span class=\"su-custom-gallery-title\">F+_Extremadamente inflamable<\/span><\/a><\/div><div class=\"su-custom-gallery-slide\" style=\"width:200px;height:200px\"><a href=\"https:\/\/www.msds-europe.com\/wp-content\/uploads\/2018\/06\/N_Peligroso-para-el-medio-ambiente.jpg\" title=\"N_Peligroso para el medio ambiente\"><img decoding=\"async\" src=\"https:\/\/www.msds-europe.com\/wp-content\/uploads\/2018\/06\/N_Peligroso-para-el-medio-ambiente.jpg\" alt=\"N_Peligroso para el medio ambiente\" width=\"200\" height=\"200\" \/><span class=\"su-custom-gallery-title\">N_Peligroso para el medio ambiente<\/span><\/a><\/div><div class=\"su-custom-gallery-slide\" style=\"width:200px;height:200px\"><a href=\"https:\/\/www.msds-europe.com\/wp-content\/uploads\/2018\/06\/O_Comburente-1.jpg\" title=\"O_Comburente\"><img decoding=\"async\" src=\"https:\/\/www.msds-europe.com\/wp-content\/uploads\/2018\/06\/O_Comburente-1.jpg\" alt=\"O_Comburente\" width=\"200\" height=\"200\" \/><span class=\"su-custom-gallery-title\">O_Comburente<\/span><\/a><\/div><div class=\"su-custom-gallery-slide\" style=\"width:200px;height:200px\"><a href=\"https:\/\/www.msds-europe.com\/wp-content\/uploads\/2018\/06\/T_T\u00f3xico-1.jpg\" title=\"T_T\u00f3xico\"><img decoding=\"async\" src=\"https:\/\/www.msds-europe.com\/wp-content\/uploads\/2018\/06\/T_T\u00f3xico-1.jpg\" alt=\"T_T\u00f3xico\" width=\"200\" height=\"200\" \/><span class=\"su-custom-gallery-title\">T_T\u00f3xico<\/span><\/a><\/div><div class=\"su-custom-gallery-slide\" style=\"width:200px;height:200px\"><a href=\"https:\/\/www.msds-europe.com\/wp-content\/uploads\/2018\/06\/T_Muy-t\u00f3xico.jpg\" title=\"T+_Muy t\u00f3xico\"><img decoding=\"async\" src=\"https:\/\/www.msds-europe.com\/wp-content\/uploads\/2018\/06\/T_Muy-t\u00f3xico.jpg\" alt=\"T+_Muy t\u00f3xico\" width=\"200\" height=\"200\" \/><span class=\"su-custom-gallery-title\">T+_Muy t\u00f3xico<\/span><\/a><\/div><div class=\"su-custom-gallery-slide\" style=\"width:200px;height:200px\"><a href=\"https:\/\/www.msds-europe.com\/wp-content\/uploads\/2018\/06\/Xi_Irritante-1.jpg\" title=\"Xi_Irritante\"><img decoding=\"async\" src=\"https:\/\/www.msds-europe.com\/wp-content\/uploads\/2018\/06\/Xi_Irritante-1.jpg\" alt=\"Xi_Irritante\" width=\"200\" height=\"200\" \/><span class=\"su-custom-gallery-title\">Xi_Irritante<\/span><\/a><\/div><div class=\"su-custom-gallery-slide\" style=\"width:200px;height:200px\"><a href=\"https:\/\/www.msds-europe.com\/wp-content\/uploads\/2018\/06\/Xn_Nocivo-1.jpg\" title=\"Xn_Nocivo\"><img decoding=\"async\" src=\"https:\/\/www.msds-europe.com\/wp-content\/uploads\/2018\/06\/Xn_Nocivo-1.jpg\" alt=\"Xn_Nocivo\" width=\"200\" height=\"200\" \/><span class=\"su-custom-gallery-title\">Xn_Nocivo<\/span><\/a><\/div><div class=\"su-clear\"><\/div><\/div>\n<p>\u00a0<\/p>\n<h3><span style=\"color: #333333;\">Servicios ofrecidos<\/span><\/h3>\n<ul>\n<li><a href=\"https:\/\/www.msds-europe.com\/es\/compilacion-creacion-ficha-de-datos-de-seguridad\/\">Compilaci\u00f3n y creaci\u00f3n de una ficha de datos de seguridad<\/a><\/li>\n<li><a href=\"https:\/\/www.msds-europe.com\/es\/creacion-proyecto-de-etiqueta\/\">Creaci\u00f3n del proyecto de etiqueta<\/a><\/li>\n<\/ul>\n<p>&nbsp;<\/p>\n<h3 class=\"title_4\"><span style=\"color: #333333;\">Informaci\u00f3n \u00fatil<\/span><\/h3>\n<ul>\n<li><a title=\"Consejos de prudencia P\" href=\"https:\/\/www.msds-europe.com\/es\/prudencia-p\/\">Consejos de prudencia P<\/a><\/li>\n<li><a title=\"Pictogramas de peligro\" href=\"https:\/\/www.msds-europe.com\/es\/pictogramas-de-peligro\/\">Pictogramas de peligro<\/a><\/li>\n<li><a title=\"Indicaciones de peligro H\" href=\"https:\/\/www.msds-europe.com\/es\/indicaciones-de-peligro-h\/\">Indicaciones de peligro H<\/a><\/li>\n<li><a title=\"Elementos de la etiqueta de la ficha de datos de seguridad\" href=\"https:\/\/www.msds-europe.com\/es\/elementos-de-etiquetado-de-la-ficha-de-datos-de-seguridad\/\">Elementos de la etiqueta de la ficha de datos de seguridad<\/a><\/li>\n<li><a title=\"Etiquetado CLP en la pr\u00e1ctica\" href=\"https:\/\/www.msds-europe.com\/es\/la-etiqueta-clp-etiquetado-en-la-practica\/\">Etiquetado CLP en la pr\u00e1ctica<\/a><\/li>\n<\/ul>\n<p>&nbsp;<\/p>\n<h3><span style=\"color: #333333;\">Preguntas frecuentes y respuestas<\/span><\/h3>\n<div class=\"su-spoiler su-spoiler-style-fancy su-spoiler-icon-chevron su-spoiler-closed\" data-scroll-offset=\"0\" data-anchor-in-url=\"no\"><div class=\"su-spoiler-title\" tabindex=\"0\" role=\"button\"><span class=\"su-spoiler-icon\"><\/span>\u00bfPor qu\u00e9 los s\u00edmbolos de peligro DSD\/DPD ya no se pueden utilizar en etiquetas y fichas de datos de seguridad despu\u00e9s del 1 de junio de 2017?<\/div><div class=\"su-spoiler-content su-u-clearfix su-u-trim\">\nA partir de esa fecha solo pueden utilizarse los pictogramas de peligro conformes al Reglamento CLP, por lo que los s\u00edmbolos anteriores han perdido su validez legal.<br \/>\n<\/div><\/div>\n<div class=\"su-spoiler su-spoiler-style-fancy su-spoiler-icon-chevron su-spoiler-closed\" data-scroll-offset=\"0\" data-anchor-in-url=\"no\"><div class=\"su-spoiler-title\" tabindex=\"0\" role=\"button\"><span class=\"su-spoiler-icon\"><\/span>\u00bfD\u00f3nde puedo encontrar los nuevos pictogramas de peligro CLP ahora que los s\u00edmbolos antiguos ya no est\u00e1n permitidos?<\/div><div class=\"su-spoiler-content su-u-clearfix su-u-trim\">\nPuede descargarlos a trav\u00e9s del enlace facilitado en el art\u00edculo (\u00abPictogramas de peligro\u00bb).<br \/>\n<\/div><\/div>\n","protected":false},"excerpt":{"rendered":"<p>Colecci\u00f3n de s\u00edmbolos de peligro DPD (no aplicable desde el 1 de junio de 2017).<\/p>\n","protected":false},"author":2,"featured_media":0,"parent":0,"menu_order":0,"comment_status":"closed","ping_status":"closed","template":"","meta":{"_acf_changed":false,"footnotes":""},"tags":[360,410,253],"class_list":["post-5414","page","type-page","status-publish","hentry","tag-base-de-conocimiento-de-fichas-de-datos-de-seguridad-es","tag-ficha-de-datos-de-seguridad","tag-ficha-de-datos-de-seguridad-es"],"acf":[],"yoast_head":"<!-- This site is optimized with the Yoast SEO plugin v27.2 - https:\/\/yoast.com\/product\/yoast-seo-wordpress\/ -->\n<title>S\u00edmbolo del peligro. Descarga s\u00edmbolos de peligro.<\/title>\n<meta name=\"description\" content=\"Colecci\u00f3n de s\u00edmbolos de peligro. A partir del 1 de 06 de 2017 los s\u00edmbolos de peligro anteriores de DPD no se utilizar\u00e1n en las etiquetas.\" \/>\n<meta name=\"robots\" content=\"index, follow, max-snippet:-1, max-image-preview:large, max-video-preview:-1\" \/>\n<link rel=\"canonical\" href=\"https:\/\/www.msds-europe.com\/es\/simbolo-del-peligro\/\" \/>\n<meta property=\"og:locale\" content=\"es_ES\" \/>\n<meta property=\"og:type\" content=\"article\" \/>\n<meta property=\"og:title\" content=\"S\u00edmbolo del peligro. Descarga s\u00edmbolos de peligro.\" \/>\n<meta property=\"og:description\" content=\"Colecci\u00f3n de s\u00edmbolos de peligro. A partir del 1 de 06 de 2017 los s\u00edmbolos de peligro anteriores de DPD no se utilizar\u00e1n en las etiquetas.\" \/>\n<meta property=\"og:url\" content=\"https:\/\/www.msds-europe.com\/es\/simbolo-del-peligro\/\" \/>\n<meta property=\"og:site_name\" content=\"MSDS Europe\" \/>\n<meta property=\"article:publisher\" content=\"https:\/\/www.facebook.com\/toxinfokft\/\" \/>\n<meta property=\"article:modified_time\" content=\"2026-02-20T12:58:37+00:00\" \/>\n<meta name=\"twitter:card\" content=\"summary_large_image\" \/>\n<meta name=\"twitter:site\" content=\"@ToxInfoKft\" \/>\n<meta name=\"twitter:label1\" content=\"Tiempo de lectura\" \/>\n\t<meta name=\"twitter:data1\" content=\"1 minuto\" \/>\n<script type=\"application\/ld+json\" class=\"yoast-schema-graph\">{\"@context\":\"https:\/\/schema.org\",\"@graph\":[{\"@type\":\"WebPage\",\"@id\":\"https:\/\/www.msds-europe.com\/es\/simbolo-del-peligro\/\",\"url\":\"https:\/\/www.msds-europe.com\/es\/simbolo-del-peligro\/\",\"name\":\"S\u00edmbolo del peligro. Descarga s\u00edmbolos de peligro.\",\"isPartOf\":{\"@id\":\"https:\/\/www.msds-europe.com\/es\/#website\"},\"datePublished\":\"2018-06-21T09:36:17+00:00\",\"dateModified\":\"2026-02-20T12:58:37+00:00\",\"description\":\"Colecci\u00f3n de s\u00edmbolos de peligro. A partir del 1 de 06 de 2017 los s\u00edmbolos de peligro anteriores de DPD no se utilizar\u00e1n en las etiquetas.\",\"breadcrumb\":{\"@id\":\"https:\/\/www.msds-europe.com\/es\/simbolo-del-peligro\/#breadcrumb\"},\"inLanguage\":\"es\",\"potentialAction\":[{\"@type\":\"ReadAction\",\"target\":[\"https:\/\/www.msds-europe.com\/es\/simbolo-del-peligro\/\"]}]},{\"@type\":\"BreadcrumbList\",\"@id\":\"https:\/\/www.msds-europe.com\/es\/simbolo-del-peligro\/#breadcrumb\",\"itemListElement\":[{\"@type\":\"ListItem\",\"position\":1,\"name\":\"F\u0151oldal\",\"item\":\"https:\/\/www.msds-europe.com\/es\/\"},{\"@type\":\"ListItem\",\"position\":2,\"name\":\"S\u00edmbolo del peligro\"}]},{\"@type\":\"WebSite\",\"@id\":\"https:\/\/www.msds-europe.com\/es\/#website\",\"url\":\"https:\/\/www.msds-europe.com\/es\/\",\"name\":\"MSDS Europe\",\"description\":\"\",\"publisher\":{\"@id\":\"https:\/\/www.msds-europe.com\/es\/#organization\"},\"potentialAction\":[{\"@type\":\"SearchAction\",\"target\":{\"@type\":\"EntryPoint\",\"urlTemplate\":\"https:\/\/www.msds-europe.com\/es\/?s={search_term_string}\"},\"query-input\":{\"@type\":\"PropertyValueSpecification\",\"valueRequired\":true,\"valueName\":\"search_term_string\"}}],\"inLanguage\":\"es\"},{\"@type\":\"Organization\",\"@id\":\"https:\/\/www.msds-europe.com\/es\/#organization\",\"name\":\"MSDS-Europe International branch of ToxInfo\",\"url\":\"https:\/\/www.msds-europe.com\/es\/\",\"logo\":{\"@type\":\"ImageObject\",\"inLanguage\":\"es\",\"@id\":\"https:\/\/www.msds-europe.com\/es\/#\/schema\/logo\/image\/\",\"url\":\"https:\/\/www.msds-europe.com\/wp-content\/uploads\/2021\/04\/msds-europe-logo.jpg\",\"contentUrl\":\"https:\/\/www.msds-europe.com\/wp-content\/uploads\/2021\/04\/msds-europe-logo.jpg\",\"width\":2296,\"height\":1067,\"caption\":\"MSDS-Europe International branch of ToxInfo\"},\"image\":{\"@id\":\"https:\/\/www.msds-europe.com\/es\/#\/schema\/logo\/image\/\"},\"sameAs\":[\"https:\/\/www.facebook.com\/toxinfokft\/\",\"https:\/\/x.com\/ToxInfoKft\"]}]}<\/script>\n<!-- \/ Yoast SEO plugin. -->","yoast_head_json":{"title":"S\u00edmbolo del peligro. Descarga s\u00edmbolos de peligro.","description":"Colecci\u00f3n de s\u00edmbolos de peligro. A partir del 1 de 06 de 2017 los s\u00edmbolos de peligro anteriores de DPD no se utilizar\u00e1n en las etiquetas.","robots":{"index":"index","follow":"follow","max-snippet":"max-snippet:-1","max-image-preview":"max-image-preview:large","max-video-preview":"max-video-preview:-1"},"canonical":"https:\/\/www.msds-europe.com\/es\/simbolo-del-peligro\/","og_locale":"es_ES","og_type":"article","og_title":"S\u00edmbolo del peligro. Descarga s\u00edmbolos de peligro.","og_description":"Colecci\u00f3n de s\u00edmbolos de peligro. A partir del 1 de 06 de 2017 los s\u00edmbolos de peligro anteriores de DPD no se utilizar\u00e1n en las etiquetas.","og_url":"https:\/\/www.msds-europe.com\/es\/simbolo-del-peligro\/","og_site_name":"MSDS Europe","article_publisher":"https:\/\/www.facebook.com\/toxinfokft\/","article_modified_time":"2026-02-20T12:58:37+00:00","twitter_card":"summary_large_image","twitter_site":"@ToxInfoKft","twitter_misc":{"Tiempo de lectura":"1 minuto"},"schema":{"@context":"https:\/\/schema.org","@graph":[{"@type":"WebPage","@id":"https:\/\/www.msds-europe.com\/es\/simbolo-del-peligro\/","url":"https:\/\/www.msds-europe.com\/es\/simbolo-del-peligro\/","name":"S\u00edmbolo del peligro. Descarga s\u00edmbolos de peligro.","isPartOf":{"@id":"https:\/\/www.msds-europe.com\/es\/#website"},"datePublished":"2018-06-21T09:36:17+00:00","dateModified":"2026-02-20T12:58:37+00:00","description":"Colecci\u00f3n de s\u00edmbolos de peligro. A partir del 1 de 06 de 2017 los s\u00edmbolos de peligro anteriores de DPD no se utilizar\u00e1n en las etiquetas.","breadcrumb":{"@id":"https:\/\/www.msds-europe.com\/es\/simbolo-del-peligro\/#breadcrumb"},"inLanguage":"es","potentialAction":[{"@type":"ReadAction","target":["https:\/\/www.msds-europe.com\/es\/simbolo-del-peligro\/"]}]},{"@type":"BreadcrumbList","@id":"https:\/\/www.msds-europe.com\/es\/simbolo-del-peligro\/#breadcrumb","itemListElement":[{"@type":"ListItem","position":1,"name":"F\u0151oldal","item":"https:\/\/www.msds-europe.com\/es\/"},{"@type":"ListItem","position":2,"name":"S\u00edmbolo del peligro"}]},{"@type":"WebSite","@id":"https:\/\/www.msds-europe.com\/es\/#website","url":"https:\/\/www.msds-europe.com\/es\/","name":"MSDS Europe","description":"","publisher":{"@id":"https:\/\/www.msds-europe.com\/es\/#organization"},"potentialAction":[{"@type":"SearchAction","target":{"@type":"EntryPoint","urlTemplate":"https:\/\/www.msds-europe.com\/es\/?s={search_term_string}"},"query-input":{"@type":"PropertyValueSpecification","valueRequired":true,"valueName":"search_term_string"}}],"inLanguage":"es"},{"@type":"Organization","@id":"https:\/\/www.msds-europe.com\/es\/#organization","name":"MSDS-Europe International branch of ToxInfo","url":"https:\/\/www.msds-europe.com\/es\/","logo":{"@type":"ImageObject","inLanguage":"es","@id":"https:\/\/www.msds-europe.com\/es\/#\/schema\/logo\/image\/","url":"https:\/\/www.msds-europe.com\/wp-content\/uploads\/2021\/04\/msds-europe-logo.jpg","contentUrl":"https:\/\/www.msds-europe.com\/wp-content\/uploads\/2021\/04\/msds-europe-logo.jpg","width":2296,"height":1067,"caption":"MSDS-Europe International branch of ToxInfo"},"image":{"@id":"https:\/\/www.msds-europe.com\/es\/#\/schema\/logo\/image\/"},"sameAs":["https:\/\/www.facebook.com\/toxinfokft\/","https:\/\/x.com\/ToxInfoKft"]}]}},"_links":{"self":[{"href":"https:\/\/www.msds-europe.com\/es\/wp-json\/wp\/v2\/pages\/5414","targetHints":{"allow":["GET"]}}],"collection":[{"href":"https:\/\/www.msds-europe.com\/es\/wp-json\/wp\/v2\/pages"}],"about":[{"href":"https:\/\/www.msds-europe.com\/es\/wp-json\/wp\/v2\/types\/page"}],"author":[{"embeddable":true,"href":"https:\/\/www.msds-europe.com\/es\/wp-json\/wp\/v2\/users\/2"}],"replies":[{"embeddable":true,"href":"https:\/\/www.msds-europe.com\/es\/wp-json\/wp\/v2\/comments?post=5414"}],"version-history":[{"count":11,"href":"https:\/\/www.msds-europe.com\/es\/wp-json\/wp\/v2\/pages\/5414\/revisions"}],"predecessor-version":[{"id":37336,"href":"https:\/\/www.msds-europe.com\/es\/wp-json\/wp\/v2\/pages\/5414\/revisions\/37336"}],"wp:attachment":[{"href":"https:\/\/www.msds-europe.com\/es\/wp-json\/wp\/v2\/media?parent=5414"}],"wp:term":[{"taxonomy":"post_tag","embeddable":true,"href":"https:\/\/www.msds-europe.com\/es\/wp-json\/wp\/v2\/tags?post=5414"}],"curies":[{"name":"wp","href":"https:\/\/api.w.org\/{rel}","templated":true}]}}