{"id":4794,"date":"2018-06-18T10:03:48","date_gmt":"2018-06-18T10:03:48","guid":{"rendered":"http:\/\/www.msds-europe.com\/base-de-conocimiento-reach\/"},"modified":"2026-03-11T11:35:00","modified_gmt":"2026-03-11T11:35:00","slug":"base-de-conocimiento-reach","status":"publish","type":"page","link":"https:\/\/www.msds-europe.com\/es\/base-de-conocimiento-reach\/","title":{"rendered":"Base de conocimiento REACH"},"content":{"rendered":"<p>&nbsp;<\/p>\n<h2><span style=\"color: #333333;\">El objetivo de la base de conocimientos sobre REACH<\/span><\/h2>\n<p style=\"text-align: justify;\">Al crear esta base de conocimientos, nos gustar\u00eda apoyar el trabajo de los fabricantes, usuarios intermedios y distribuidores que tienen obligaciones en virtud del Reglamento REACH.<\/p>\n<p style=\"text-align: justify;\">En la categor\u00eda de la base de conocimientos sobre REACH publicamos principalmente art\u00edculos que llaman la atenci\u00f3n sobre las obligaciones b\u00e1sicas relacionadas con REACH o que pueden utilizarse como fuente de informaci\u00f3n r\u00e1pida, sin necesidad de estudiar en detalle una normativa extensa.<\/p>\n<p style=\"text-align: justify;\">Con los materiales profesionales publicados en nuestro sitio web, nos gustar\u00eda ayudar a las empresas a determinar su papel y sus responsabilidades en virtud del Reglamento REACH. Queremos proporcionar informaci\u00f3n b\u00e1sica sobre determinadas normativas y subtareas, que puede ayudarle a encontrar la orientaci\u00f3n adecuada durante la aplicaci\u00f3n pr\u00e1ctica.<\/p>\n<p>&nbsp;<\/p>\n<p style=\"text-align: justify;\"><strong>\u00a1Atenci\u00f3n!<\/strong><br \/>\nPor motivos de claridad y comprensi\u00f3n, algunos art\u00edculos de nuestro sitio web no necesariamente abarcan todos los aspectos de la seguridad qu\u00edmica y, por lo tanto, pueden contener formulaciones simplificadas.<\/p>\n<p style=\"text-align: justify;\">En cada caso, las tareas relacionadas con REACH deben definirse espec\u00edficamente para la empresa en cuesti\u00f3n, y solo los textos de la normativa aplicable pueden considerarse aut\u00e9nticos.<\/p>\n<p style=\"text-align: justify;\">Consulte la \u00faltima modificaci\u00f3n del Reglamento REACH en \u00ab<a href=\"https:\/\/www.msds-europe.com\/es\/cambios-reguladores-seguridad-quimica\/\">Cambios normativos en seguridad qu\u00edmica<\/a>\u00bb.<\/p>\n<p>&nbsp;<\/p>\n<p><strong>Los \u00faltimos art\u00edculos de la base de conocimientos sobre REACH<\/strong><\/p>\n<ul>\n<li><a href=\"https:\/\/www.msds-europe.com\/distributors-reach-communication-obligations\/\">Las obligaciones de los distribuidores en la comunicaci\u00f3n REACH<\/a><\/li>\n<li><a href=\"https:\/\/www.msds-europe.com\/authorization-svhc-substances\/\">Autorizaci\u00f3n de sustancias SVHC<\/a><\/li>\n<li><a href=\"https:\/\/www.msds-europe.com\/downstream-user-reach-communication-obligations\/\">Las obligaciones del usuario intermedio en la comunicaci\u00f3n REACH<\/a><\/li>\n<\/ul>\n<p>&nbsp;<\/p>\n<h4><span style=\"color: #333333;\">Otros art\u00edculos \u00fatiles<\/span><\/h4>\n<p><a href=\"https:\/\/www.msds-europe.com\/es\/base-conocimiento-ficha-de-datos-de-seguridad\/\"><img decoding=\"async\" class=\"size-full wp-image-32879 alignright\" src=\"https:\/\/www.msds-europe.com\/wp-content\/uploads\/2025\/05\/MSDS-Europe-Recursos-profesionales.jpg\" alt=\"\" width=\"300\" height=\"277\" \/><\/a><\/p>\n<h3>Base de conocimientos sobre fichas de datos de seguridad<\/h3>\n<p style=\"text-align: justify;\">En la categor\u00eda \u00ab<strong>Base de conocimientos sobre fichas de datos de seguridad<\/strong>\u00bb publicamos principalmente art\u00edculos que llaman la atenci\u00f3n sobre las obligaciones fundamentales y la informaci\u00f3n esencial relacionadas con las fichas de datos de seguridad.<\/p>\n<p style=\"text-align: justify;\"><em>Nuevos art\u00edculos de la categor\u00eda \u00abBase de conocimientos sobre fichas de datos de seguridad\u00bb:<\/em><\/p>\n<ul>\n<li style=\"text-align: justify;\"><a href=\"https:\/\/www.msds-europe.com\/es\/sds-requisitos-linguisticos\/\"><em>Idioma de la ficha de datos de seguridad en la UE<\/em><\/a><\/li>\n<li style=\"text-align: justify;\"><a href=\"https:\/\/www.msds-europe.com\/es\/sds-fuentes-informacion-bases-datos\/\"><em>Fuentes de informaci\u00f3n y bases de datos \u00fatiles para la elaboraci\u00f3n de SDS<\/em><\/a><\/li>\n<li style=\"text-align: justify;\"><a href=\"https:\/\/www.msds-europe.com\/es\/clp-2026-05-01-nuevas-clases-peligro-mezclas-fds-etiquetado\/\"><em>CLP 2026: nuevas clases de peligro para mezclas \u2013 acciones necesarias en FDS y etiquetado<\/em><\/a><\/li>\n<li style=\"text-align: justify;\"><a href=\"https:\/\/www.msds-europe.com\/es\/sds-seccion-1-identificador-de-producto-ufi-mezclas\/\"><em>SDS Secci\u00f3n 1: identificador de producto y UFI en mezclas<\/em><\/a><\/li>\n<\/ul>\n<p>&nbsp;<\/p>\n<h3>Br\u00fajula hacia la seguridad qu\u00edmica<\/h3>\n<p><a href=\"https:\/\/www.msds-europe.com\/es\/seguridad-quimica-articulos-analisis\/\"><img decoding=\"async\" class=\"alignright size-full wp-image-32891\" src=\"https:\/\/www.msds-europe.com\/wp-content\/uploads\/2025\/05\/MSDS-Europe-Brujula-hacia-la-seguridad-quimica.jpg\" alt=\"\" width=\"300\" height=\"180\" \/><\/a><\/p>\n<p><strong>Seguridad qu\u00edmica en lenguaje claro.<\/strong><\/p>\n<p style=\"text-align: justify;\">Art\u00edculos m\u00e1s accesibles sobre seguridad qu\u00edmica, con informaci\u00f3n b\u00e1sica \u00fatil y an\u00e1lisis.<\/p>\n<p style=\"text-align: justify;\"><em>\u00daltimos art\u00edculos de \u00abBr\u00fajula hacia la seguridad qu\u00edmica\u00bb:<\/em><\/p>\n<ul>\n<li><em><a href=\"https:\/\/www.msds-europe.com\/es\/seguridad-quimica-articulos-analisis\/#firefighting-foams\">Eliminaci\u00f3n progresiva de las espumas contra incendios que contienen PFAS: plazos, transici\u00f3n y gesti\u00f3n de residuos<\/a><\/em><\/li>\n<li><a href=\"https:\/\/www.msds-europe.com\/es\/seguridad-quimica-articulos-analisis\/#clp-trap\"><em>La trampa del CLP para los fabricantes de mezclas en 2026: plazos para sustancias frente a mezclas y puntos de acci\u00f3n<\/em><\/a><\/li>\n<li><em><a href=\"https:\/\/www.msds-europe.com\/es\/seguridad-quimica-articulos-analisis\/#digital-label\">Etiqueta digital en el CLP: obligaciones, acciones de la empresa e implementaci\u00f3n t\u00e9cnica (c\u00f3digo QR)<\/a><\/em><\/li>\n<li style=\"text-align: justify;\"><a href=\"https:\/\/www.msds-europe.com\/es\/seguridad-quimica-articulos-analisis\/#calendario-2026\"><em>Calendario 2026 de plazos y acciones en materia de seguridad qu\u00edmica<\/em><\/a><\/li>\n<li style=\"text-align: justify;\"><a href=\"https:\/\/www.msds-europe.com\/es\/seguridad-quimica-articulos-analisis\/#publicidad-online\"><em>Nuevas normas CLP para e-commerce: etiquetado y publicidad<\/em><\/a><\/li>\n<\/ul>\n<p>&nbsp;<\/p>\n<h4><span style=\"color: #333333;\">\u00bfM\u00e1s preguntas?<\/span><\/h4>\n<p style=\"text-align: justify;\">P\u00f3ngase en contacto con nuestro servicio de atenci\u00f3n al cliente o consulte a nuestro experto en l\u00ednea.<\/p>\n<a href=\"https:\/\/www.msds-europe.com\/es\/servicio-de-atencion-al-cliente\/\" class=\"su-button su-button-style-default\" style=\"color:#ef552d;background-color:#fefefe;border-color:#cccccc;border-radius:6px\" target=\"_self\"><span style=\"color:#ef552d;padding:0px 18px;font-size:14px;line-height:28px;border-color:#ffffff;border-radius:6px;text-shadow:none\"> Atenci\u00f3n al cliente<\/span><\/a>\u00a0 \u00a0 \u00a0 \u00a0 \u00a0 \u00a0 \u00a0<a href=\"https:\/\/www.msds-europe.com\/es\/consulta-linea\/\" class=\"su-button su-button-style-default\" style=\"color:#ffffff;background-color:#ef552d;border-color:#c04424;border-radius:6px\" target=\"_self\"><span style=\"color:#ffffff;padding:0px 18px;font-size:14px;line-height:28px;border-color:#f4886c;border-radius:6px;text-shadow:0px 0px 2px #ffffff\"> Pregunte a nuestro experto<\/span><\/a>\n<p>&nbsp;<\/p>\n<h4><span style=\"color: #333333;\">Recomendaci\u00f3n de servicios:<\/span><\/h4>\n<ul>\n<li><a href=\"https:\/\/www.msds-europe.com\/es\/ficha-de-datos-de-seguridad-traduccion\/\">Servicios de traducci\u00f3n de fichas de datos de seguridad<\/a><\/li>\n<li><a href=\"https:\/\/www.msds-europe.com\/es\/compilacion-creacion-ficha-de-datos-de-seguridad\/\">Compilaci\u00f3n y elaboraci\u00f3n de fichas de datos de seguridad<\/a><\/li>\n<li><a href=\"https:\/\/www.msds-europe.com\/es\/servicio-ufi\/\">Nuestros servicios relacionados con la notificaci\u00f3n PCN<\/a><\/li>\n<\/ul>\n<p>&nbsp;<\/p>\n","protected":false},"excerpt":{"rendered":"<p>La base de conocimiento de REACH contiene informaci\u00f3n \u00fatil necesaria para cumplir con los requisitos de REACH para todos los niveles de la cadena de suministro.<\/p>\n","protected":false},"author":2,"featured_media":0,"parent":0,"menu_order":0,"comment_status":"closed","ping_status":"closed","template":"page-category.php","meta":{"_acf_changed":false,"footnotes":""},"tags":[315],"class_list":["post-4794","page","type-page","status-publish","hentry","tag-base-de-conocimientos-es"],"acf":[],"yoast_head":"<!-- This site is optimized with the Yoast SEO plugin v27.2 - https:\/\/yoast.com\/product\/yoast-seo-wordpress\/ -->\n<title>Base de conocimiento REACH: gu\u00edas y obligaciones<\/title>\n<meta name=\"description\" content=\"Art\u00edculos pr\u00e1cticos sobre los requisitos de REACH para fabricantes, importadores, distribuidores y usuarios intermedios.\" \/>\n<meta name=\"robots\" content=\"index, follow, max-snippet:-1, max-image-preview:large, max-video-preview:-1\" \/>\n<link rel=\"canonical\" href=\"https:\/\/www.msds-europe.com\/es\/base-de-conocimiento-reach\/\" \/>\n<meta property=\"og:locale\" content=\"es_ES\" \/>\n<meta property=\"og:type\" content=\"article\" \/>\n<meta property=\"og:title\" content=\"Base de conocimiento REACH: gu\u00edas y obligaciones\" \/>\n<meta property=\"og:description\" content=\"Art\u00edculos pr\u00e1cticos sobre los requisitos de REACH para fabricantes, importadores, distribuidores y usuarios intermedios.\" \/>\n<meta property=\"og:url\" content=\"https:\/\/www.msds-europe.com\/es\/base-de-conocimiento-reach\/\" \/>\n<meta property=\"og:site_name\" content=\"MSDS Europe\" \/>\n<meta property=\"article:publisher\" content=\"https:\/\/www.facebook.com\/toxinfokft\/\" \/>\n<meta property=\"article:modified_time\" content=\"2026-03-11T11:35:00+00:00\" \/>\n<meta property=\"og:image\" content=\"https:\/\/www.msds-europe.com\/wp-content\/uploads\/2025\/05\/MSDS-Europe-Recursos-profesionales.jpg\" \/>\n\t<meta property=\"og:image:width\" content=\"300\" \/>\n\t<meta property=\"og:image:height\" content=\"277\" \/>\n\t<meta property=\"og:image:type\" content=\"image\/jpeg\" \/>\n<meta name=\"twitter:card\" content=\"summary_large_image\" \/>\n<meta name=\"twitter:site\" content=\"@ToxInfoKft\" \/>\n<meta name=\"twitter:label1\" content=\"Tiempo de lectura\" \/>\n\t<meta name=\"twitter:data1\" content=\"4 minutos\" \/>\n<script type=\"application\/ld+json\" class=\"yoast-schema-graph\">{\"@context\":\"https:\/\/schema.org\",\"@graph\":[{\"@type\":\"WebPage\",\"@id\":\"https:\/\/www.msds-europe.com\/es\/base-de-conocimiento-reach\/\",\"url\":\"https:\/\/www.msds-europe.com\/es\/base-de-conocimiento-reach\/\",\"name\":\"Base de conocimiento REACH: gu\u00edas y obligaciones\",\"isPartOf\":{\"@id\":\"https:\/\/www.msds-europe.com\/es\/#website\"},\"primaryImageOfPage\":{\"@id\":\"https:\/\/www.msds-europe.com\/es\/base-de-conocimiento-reach\/#primaryimage\"},\"image\":{\"@id\":\"https:\/\/www.msds-europe.com\/es\/base-de-conocimiento-reach\/#primaryimage\"},\"thumbnailUrl\":\"https:\/\/www.msds-europe.com\/wp-content\/uploads\/2025\/05\/MSDS-Europe-Recursos-profesionales.jpg\",\"datePublished\":\"2018-06-18T10:03:48+00:00\",\"dateModified\":\"2026-03-11T11:35:00+00:00\",\"description\":\"Art\u00edculos pr\u00e1cticos sobre los requisitos de REACH para fabricantes, importadores, distribuidores y usuarios intermedios.\",\"breadcrumb\":{\"@id\":\"https:\/\/www.msds-europe.com\/es\/base-de-conocimiento-reach\/#breadcrumb\"},\"inLanguage\":\"es\",\"potentialAction\":[{\"@type\":\"ReadAction\",\"target\":[\"https:\/\/www.msds-europe.com\/es\/base-de-conocimiento-reach\/\"]}]},{\"@type\":\"ImageObject\",\"inLanguage\":\"es\",\"@id\":\"https:\/\/www.msds-europe.com\/es\/base-de-conocimiento-reach\/#primaryimage\",\"url\":\"https:\/\/www.msds-europe.com\/wp-content\/uploads\/2025\/05\/MSDS-Europe-Recursos-profesionales.jpg\",\"contentUrl\":\"https:\/\/www.msds-europe.com\/wp-content\/uploads\/2025\/05\/MSDS-Europe-Recursos-profesionales.jpg\"},{\"@type\":\"BreadcrumbList\",\"@id\":\"https:\/\/www.msds-europe.com\/es\/base-de-conocimiento-reach\/#breadcrumb\",\"itemListElement\":[{\"@type\":\"ListItem\",\"position\":1,\"name\":\"F\u0151oldal\",\"item\":\"https:\/\/www.msds-europe.com\/es\/\"},{\"@type\":\"ListItem\",\"position\":2,\"name\":\"Base de conocimiento REACH\"}]},{\"@type\":\"WebSite\",\"@id\":\"https:\/\/www.msds-europe.com\/es\/#website\",\"url\":\"https:\/\/www.msds-europe.com\/es\/\",\"name\":\"MSDS Europe\",\"description\":\"\",\"publisher\":{\"@id\":\"https:\/\/www.msds-europe.com\/es\/#organization\"},\"potentialAction\":[{\"@type\":\"SearchAction\",\"target\":{\"@type\":\"EntryPoint\",\"urlTemplate\":\"https:\/\/www.msds-europe.com\/es\/?s={search_term_string}\"},\"query-input\":{\"@type\":\"PropertyValueSpecification\",\"valueRequired\":true,\"valueName\":\"search_term_string\"}}],\"inLanguage\":\"es\"},{\"@type\":\"Organization\",\"@id\":\"https:\/\/www.msds-europe.com\/es\/#organization\",\"name\":\"MSDS-Europe International branch of ToxInfo\",\"url\":\"https:\/\/www.msds-europe.com\/es\/\",\"logo\":{\"@type\":\"ImageObject\",\"inLanguage\":\"es\",\"@id\":\"https:\/\/www.msds-europe.com\/es\/#\/schema\/logo\/image\/\",\"url\":\"https:\/\/www.msds-europe.com\/wp-content\/uploads\/2021\/04\/msds-europe-logo.jpg\",\"contentUrl\":\"https:\/\/www.msds-europe.com\/wp-content\/uploads\/2021\/04\/msds-europe-logo.jpg\",\"width\":2296,\"height\":1067,\"caption\":\"MSDS-Europe International branch of ToxInfo\"},\"image\":{\"@id\":\"https:\/\/www.msds-europe.com\/es\/#\/schema\/logo\/image\/\"},\"sameAs\":[\"https:\/\/www.facebook.com\/toxinfokft\/\",\"https:\/\/x.com\/ToxInfoKft\"]}]}<\/script>\n<!-- \/ Yoast SEO plugin. -->","yoast_head_json":{"title":"Base de conocimiento REACH: gu\u00edas y obligaciones","description":"Art\u00edculos pr\u00e1cticos sobre los requisitos de REACH para fabricantes, importadores, distribuidores y usuarios intermedios.","robots":{"index":"index","follow":"follow","max-snippet":"max-snippet:-1","max-image-preview":"max-image-preview:large","max-video-preview":"max-video-preview:-1"},"canonical":"https:\/\/www.msds-europe.com\/es\/base-de-conocimiento-reach\/","og_locale":"es_ES","og_type":"article","og_title":"Base de conocimiento REACH: gu\u00edas y obligaciones","og_description":"Art\u00edculos pr\u00e1cticos sobre los requisitos de REACH para fabricantes, importadores, distribuidores y usuarios intermedios.","og_url":"https:\/\/www.msds-europe.com\/es\/base-de-conocimiento-reach\/","og_site_name":"MSDS Europe","article_publisher":"https:\/\/www.facebook.com\/toxinfokft\/","article_modified_time":"2026-03-11T11:35:00+00:00","og_image":[{"width":300,"height":277,"url":"https:\/\/www.msds-europe.com\/wp-content\/uploads\/2025\/05\/MSDS-Europe-Recursos-profesionales.jpg","type":"image\/jpeg"}],"twitter_card":"summary_large_image","twitter_site":"@ToxInfoKft","twitter_misc":{"Tiempo de lectura":"4 minutos"},"schema":{"@context":"https:\/\/schema.org","@graph":[{"@type":"WebPage","@id":"https:\/\/www.msds-europe.com\/es\/base-de-conocimiento-reach\/","url":"https:\/\/www.msds-europe.com\/es\/base-de-conocimiento-reach\/","name":"Base de conocimiento REACH: gu\u00edas y obligaciones","isPartOf":{"@id":"https:\/\/www.msds-europe.com\/es\/#website"},"primaryImageOfPage":{"@id":"https:\/\/www.msds-europe.com\/es\/base-de-conocimiento-reach\/#primaryimage"},"image":{"@id":"https:\/\/www.msds-europe.com\/es\/base-de-conocimiento-reach\/#primaryimage"},"thumbnailUrl":"https:\/\/www.msds-europe.com\/wp-content\/uploads\/2025\/05\/MSDS-Europe-Recursos-profesionales.jpg","datePublished":"2018-06-18T10:03:48+00:00","dateModified":"2026-03-11T11:35:00+00:00","description":"Art\u00edculos pr\u00e1cticos sobre los requisitos de REACH para fabricantes, importadores, distribuidores y usuarios intermedios.","breadcrumb":{"@id":"https:\/\/www.msds-europe.com\/es\/base-de-conocimiento-reach\/#breadcrumb"},"inLanguage":"es","potentialAction":[{"@type":"ReadAction","target":["https:\/\/www.msds-europe.com\/es\/base-de-conocimiento-reach\/"]}]},{"@type":"ImageObject","inLanguage":"es","@id":"https:\/\/www.msds-europe.com\/es\/base-de-conocimiento-reach\/#primaryimage","url":"https:\/\/www.msds-europe.com\/wp-content\/uploads\/2025\/05\/MSDS-Europe-Recursos-profesionales.jpg","contentUrl":"https:\/\/www.msds-europe.com\/wp-content\/uploads\/2025\/05\/MSDS-Europe-Recursos-profesionales.jpg"},{"@type":"BreadcrumbList","@id":"https:\/\/www.msds-europe.com\/es\/base-de-conocimiento-reach\/#breadcrumb","itemListElement":[{"@type":"ListItem","position":1,"name":"F\u0151oldal","item":"https:\/\/www.msds-europe.com\/es\/"},{"@type":"ListItem","position":2,"name":"Base de conocimiento REACH"}]},{"@type":"WebSite","@id":"https:\/\/www.msds-europe.com\/es\/#website","url":"https:\/\/www.msds-europe.com\/es\/","name":"MSDS Europe","description":"","publisher":{"@id":"https:\/\/www.msds-europe.com\/es\/#organization"},"potentialAction":[{"@type":"SearchAction","target":{"@type":"EntryPoint","urlTemplate":"https:\/\/www.msds-europe.com\/es\/?s={search_term_string}"},"query-input":{"@type":"PropertyValueSpecification","valueRequired":true,"valueName":"search_term_string"}}],"inLanguage":"es"},{"@type":"Organization","@id":"https:\/\/www.msds-europe.com\/es\/#organization","name":"MSDS-Europe International branch of ToxInfo","url":"https:\/\/www.msds-europe.com\/es\/","logo":{"@type":"ImageObject","inLanguage":"es","@id":"https:\/\/www.msds-europe.com\/es\/#\/schema\/logo\/image\/","url":"https:\/\/www.msds-europe.com\/wp-content\/uploads\/2021\/04\/msds-europe-logo.jpg","contentUrl":"https:\/\/www.msds-europe.com\/wp-content\/uploads\/2021\/04\/msds-europe-logo.jpg","width":2296,"height":1067,"caption":"MSDS-Europe International branch of ToxInfo"},"image":{"@id":"https:\/\/www.msds-europe.com\/es\/#\/schema\/logo\/image\/"},"sameAs":["https:\/\/www.facebook.com\/toxinfokft\/","https:\/\/x.com\/ToxInfoKft"]}]}},"_links":{"self":[{"href":"https:\/\/www.msds-europe.com\/es\/wp-json\/wp\/v2\/pages\/4794","targetHints":{"allow":["GET"]}}],"collection":[{"href":"https:\/\/www.msds-europe.com\/es\/wp-json\/wp\/v2\/pages"}],"about":[{"href":"https:\/\/www.msds-europe.com\/es\/wp-json\/wp\/v2\/types\/page"}],"author":[{"embeddable":true,"href":"https:\/\/www.msds-europe.com\/es\/wp-json\/wp\/v2\/users\/2"}],"replies":[{"embeddable":true,"href":"https:\/\/www.msds-europe.com\/es\/wp-json\/wp\/v2\/comments?post=4794"}],"version-history":[{"count":17,"href":"https:\/\/www.msds-europe.com\/es\/wp-json\/wp\/v2\/pages\/4794\/revisions"}],"predecessor-version":[{"id":38546,"href":"https:\/\/www.msds-europe.com\/es\/wp-json\/wp\/v2\/pages\/4794\/revisions\/38546"}],"wp:attachment":[{"href":"https:\/\/www.msds-europe.com\/es\/wp-json\/wp\/v2\/media?parent=4794"}],"wp:term":[{"taxonomy":"post_tag","embeddable":true,"href":"https:\/\/www.msds-europe.com\/es\/wp-json\/wp\/v2\/tags?post=4794"}],"curies":[{"name":"wp","href":"https:\/\/api.w.org\/{rel}","templated":true}]}}