{"id":4754,"date":"2018-06-17T15:05:00","date_gmt":"2018-06-17T15:05:00","guid":{"rendered":"http:\/\/www.msds-europe.com\/servicio-de-atencion-al-cliente\/"},"modified":"2025-01-06T07:00:58","modified_gmt":"2025-01-06T07:00:58","slug":"servicio-de-atencion-al-cliente","status":"publish","type":"page","link":"https:\/\/www.msds-europe.com\/es\/servicio-de-atencion-al-cliente\/","title":{"rendered":"Servicio de atenci\u00f3n al cliente"},"content":{"rendered":"<p style=\"text-align: right;\"><em><a href=\"http:\/\/www.msds-europe.com\/es\/\">MSDS-Europe<\/a> &#8211;\u00a0Servicio de atenci\u00f3n al cliente<\/em><\/p>\n<h2 style=\"text-align: justify;\"><span style=\"color: #333333;\">Servicio de atenci\u00f3n al cliente sobre seguridad qu\u00edmica<\/span><\/h2>\n<p style=\"text-align: justify;\">Brindamos asistencia experta para seleccionar el servicio adecuado y para responder preguntas relacionadas con la seguridad qu\u00edmica.<\/p>\n<p style=\"text-align: justify;\">Estamos convencidos de que una de las piedras angulares de la confianza hacia nuestra compa\u00f1\u00eda es nuestro servicio de atenci\u00f3n al cliente de alta calidad que brinda asistencia de la manera m\u00e1s efectiva.<\/p>\n<p>Respondemos cualquier solicitud por escrito en el plazo de <strong>24 horas<\/strong>.<\/p>\n<p>&nbsp;<\/p>\n<h3>Informaci\u00f3n de contacto<\/h3>\n<p><strong>E-mail:<\/strong> <a href=\"mailto:office@msds-europe.com\">info@msds-europe.com<\/a><\/p>\n<p><strong>Tel\u00e9fono:<\/strong>\u00a0<a href=\"tel:+36703358480\"><u>+36 70 335 8480<\/u><\/a><\/p>\n<p><strong>Direcci\u00f3n postal:<\/strong>\u00a0H-1143 Budapest, Eleon\u00f3ra utca 8.<\/p>\n<p>&nbsp;<\/p>\n<h3>Horas de oficina<\/h3>\n<p>D\u00edas de trabajo: 8.00 \u2013 16.00 CET<\/p>\n<p>&nbsp;<\/p>\n<h3>Gerente de oficina<\/h3>\n<h4>Dalma Peregi<\/h4>\n\n<div class=\"wpcf7 no-js\" id=\"wpcf7-f1118-o1\" lang=\"hu-HU\" dir=\"ltr\" data-wpcf7-id=\"1118\">\n<div class=\"screen-reader-response\"><p role=\"status\" aria-live=\"polite\" aria-atomic=\"true\"><\/p> <ul><\/ul><\/div>\n<form action=\"\/es\/wp-json\/wp\/v2\/pages\/4754#wpcf7-f1118-o1\" method=\"post\" class=\"wpcf7-form init\" aria-label=\"Kapcsolatfelv\u00e9teli \u0171rlap\" novalidate=\"novalidate\" data-status=\"init\">\n<fieldset class=\"hidden-fields-container\"><input type=\"hidden\" name=\"_wpcf7\" value=\"1118\" \/><input type=\"hidden\" name=\"_wpcf7_version\" value=\"6.1.5\" \/><input type=\"hidden\" name=\"_wpcf7_locale\" value=\"hu_HU\" \/><input type=\"hidden\" name=\"_wpcf7_unit_tag\" value=\"wpcf7-f1118-o1\" \/><input type=\"hidden\" name=\"_wpcf7_container_post\" value=\"0\" \/><input type=\"hidden\" name=\"_wpcf7_posted_data_hash\" value=\"\" \/><input type=\"hidden\" name=\"_wpcf7_recaptcha_response\" value=\"\" \/>\n<\/fieldset>\n<div class=\"contact_page_form\">\n\t<div class=\"row contact_row\">\n\t\t<div class=\"col-sm-4\">\n\t\t\t<p><span class=\"wpcf7-form-control-wrap\" data-name=\"your-name\"><input size=\"40\" maxlength=\"400\" class=\"wpcf7-form-control wpcf7-text wpcf7-validates-as-required\" aria-required=\"true\" aria-invalid=\"false\" placeholder=\"Name*\" value=\"\" type=\"text\" name=\"your-name\" \/><\/span>\n\t\t\t<\/p>\n\t\t<\/div>\n\t\t<div class=\"col-sm-4\">\n\t\t\t<p><span class=\"wpcf7-form-control-wrap\" data-name=\"your-email\"><input size=\"40\" maxlength=\"400\" class=\"wpcf7-form-control wpcf7-email wpcf7-validates-as-required wpcf7-text wpcf7-validates-as-email\" aria-required=\"true\" aria-invalid=\"false\" placeholder=\"E-mail*\" value=\"\" type=\"email\" name=\"your-email\" \/><\/span>\n\t\t\t<\/p>\n\t\t<\/div>\n\t\t<div class=\"col-sm-4\">\n\t\t\t<p><span class=\"wpcf7-form-control-wrap\" data-name=\"your-phone\"><input size=\"40\" maxlength=\"400\" class=\"wpcf7-form-control wpcf7-text wpcf7-validates-as-required\" aria-required=\"true\" aria-invalid=\"false\" placeholder=\"Phone*\" value=\"\" type=\"text\" name=\"your-phone\" \/><\/span>\n\t\t\t<\/p>\n\t\t<\/div>\n\t<\/div>\n\t<div class=\"row contact_row\">\n\t\t<div class=\"col-sm-12\">\n\t\t\t<p><span class=\"wpcf7-form-control-wrap\" data-name=\"your-message\"><textarea cols=\"40\" rows=\"10\" maxlength=\"2000\" class=\"wpcf7-form-control wpcf7-textarea wpcf7-validates-as-required\" aria-required=\"true\" aria-invalid=\"false\" placeholder=\"Message*\" name=\"your-message\"><\/textarea><\/span>\n\t\t\t<\/p>\n\t\t<\/div>\n\t<\/div>\n\t<div class=\"row contact_row policy_row\">\n\t\t<div class=\"col-sm-12\">\n\t\t\t<p><span class=\"wpcf7-form-control-wrap\" data-name=\"policy\"><span class=\"wpcf7-form-control wpcf7-acceptance\"><span class=\"wpcf7-list-item\"><label><input type=\"checkbox\" name=\"policy\" value=\"1\" aria-invalid=\"false\" \/><span class=\"wpcf7-list-item-label\">I agree to the <a href=\"http:\/\/www.msds-europe.com\/privacy-policy\/\" target=\"_blank\" title=\"Privacy Policy\">Privacy Policy.<\/a><\/span><\/label><\/span><\/span><\/span>\n\t\t\t<\/p>\n\t\t<\/div>\n\t<\/div>\n\t<div class=\"row contact_row\">\n\t\t<div class=\"col-sm-12 text-center\">\n\t\t\t<p><input class=\"wpcf7-form-control wpcf7-submit has-spinner\" type=\"submit\" value=\"Send Message &raquo;\" \/>\n\t\t\t<\/p>\n\t\t<\/div>\n\t<\/div>\n<\/div><div class=\"wpcf7-response-output\" aria-hidden=\"true\"><\/div>\n<\/form>\n<\/div>\n\n<p>&nbsp;<\/p>\n","protected":false},"excerpt":{"rendered":"<p>Tambi\u00e9n puede solicitar un presupuesto de cualquiera de nuestros servicios a trav\u00e9s de nuestro servicio de atenci\u00f3n al cliente u obtener asesoramiento experto para ayudarlo a elegir el servicio adecuado.<\/p>\n","protected":false},"author":2,"featured_media":0,"parent":0,"menu_order":0,"comment_status":"closed","ping_status":"closed","template":"","meta":{"_acf_changed":false,"footnotes":""},"class_list":["post-4754","page","type-page","status-publish","hentry"],"acf":[],"yoast_head":"<!-- This site is optimized with the Yoast SEO plugin v27.2 - https:\/\/yoast.com\/product\/yoast-seo-wordpress\/ -->\n<title>MSDS-Europe servicio de atenci\u00f3n al cliente - Si necesita ayuda<\/title>\n<meta name=\"description\" content=\"Servicio de atenci\u00f3n al cliente sobre seguridad qu\u00edmica. Si necesita ayuda o tiene preguntas sobre nuestros servicios, contacte con nuestro servicio de atenci\u00f3n al cliente.\" \/>\n<meta name=\"robots\" content=\"index, follow, max-snippet:-1, max-image-preview:large, max-video-preview:-1\" \/>\n<link rel=\"canonical\" href=\"https:\/\/www.msds-europe.com\/es\/servicio-de-atencion-al-cliente\/\" \/>\n<meta property=\"og:locale\" content=\"es_ES\" \/>\n<meta property=\"og:type\" content=\"article\" \/>\n<meta property=\"og:title\" content=\"MSDS-Europe servicio de atenci\u00f3n al cliente - Si necesita ayuda\" \/>\n<meta property=\"og:description\" content=\"Servicio de atenci\u00f3n al cliente sobre seguridad qu\u00edmica. Si necesita ayuda o tiene preguntas sobre nuestros servicios, contacte con nuestro servicio de atenci\u00f3n al cliente.\" \/>\n<meta property=\"og:url\" content=\"https:\/\/www.msds-europe.com\/es\/servicio-de-atencion-al-cliente\/\" \/>\n<meta property=\"og:site_name\" content=\"MSDS Europe\" \/>\n<meta property=\"article:publisher\" content=\"https:\/\/www.facebook.com\/toxinfokft\/\" \/>\n<meta property=\"article:modified_time\" content=\"2025-01-06T07:00:58+00:00\" \/>\n<meta name=\"twitter:card\" content=\"summary_large_image\" \/>\n<meta name=\"twitter:site\" content=\"@ToxInfoKft\" \/>\n<meta name=\"twitter:label1\" content=\"Tiempo de lectura\" \/>\n\t<meta name=\"twitter:data1\" content=\"1 minuto\" \/>\n<script type=\"application\/ld+json\" class=\"yoast-schema-graph\">{\"@context\":\"https:\/\/schema.org\",\"@graph\":[{\"@type\":\"WebPage\",\"@id\":\"https:\/\/www.msds-europe.com\/es\/servicio-de-atencion-al-cliente\/\",\"url\":\"https:\/\/www.msds-europe.com\/es\/servicio-de-atencion-al-cliente\/\",\"name\":\"MSDS-Europe servicio de atenci\u00f3n al cliente - Si necesita ayuda\",\"isPartOf\":{\"@id\":\"https:\/\/www.msds-europe.com\/es\/#website\"},\"datePublished\":\"2018-06-17T15:05:00+00:00\",\"dateModified\":\"2025-01-06T07:00:58+00:00\",\"description\":\"Servicio de atenci\u00f3n al cliente sobre seguridad qu\u00edmica. Si necesita ayuda o tiene preguntas sobre nuestros servicios, contacte con nuestro servicio de atenci\u00f3n al cliente.\",\"breadcrumb\":{\"@id\":\"https:\/\/www.msds-europe.com\/es\/servicio-de-atencion-al-cliente\/#breadcrumb\"},\"inLanguage\":\"es\",\"potentialAction\":[{\"@type\":\"ReadAction\",\"target\":[\"https:\/\/www.msds-europe.com\/es\/servicio-de-atencion-al-cliente\/\"]}]},{\"@type\":\"BreadcrumbList\",\"@id\":\"https:\/\/www.msds-europe.com\/es\/servicio-de-atencion-al-cliente\/#breadcrumb\",\"itemListElement\":[{\"@type\":\"ListItem\",\"position\":1,\"name\":\"F\u0151oldal\",\"item\":\"https:\/\/www.msds-europe.com\/es\/\"},{\"@type\":\"ListItem\",\"position\":2,\"name\":\"Servicio de atenci\u00f3n al cliente\"}]},{\"@type\":\"WebSite\",\"@id\":\"https:\/\/www.msds-europe.com\/es\/#website\",\"url\":\"https:\/\/www.msds-europe.com\/es\/\",\"name\":\"MSDS Europe\",\"description\":\"\",\"publisher\":{\"@id\":\"https:\/\/www.msds-europe.com\/es\/#organization\"},\"potentialAction\":[{\"@type\":\"SearchAction\",\"target\":{\"@type\":\"EntryPoint\",\"urlTemplate\":\"https:\/\/www.msds-europe.com\/es\/?s={search_term_string}\"},\"query-input\":{\"@type\":\"PropertyValueSpecification\",\"valueRequired\":true,\"valueName\":\"search_term_string\"}}],\"inLanguage\":\"es\"},{\"@type\":\"Organization\",\"@id\":\"https:\/\/www.msds-europe.com\/es\/#organization\",\"name\":\"MSDS-Europe International branch of ToxInfo\",\"url\":\"https:\/\/www.msds-europe.com\/es\/\",\"logo\":{\"@type\":\"ImageObject\",\"inLanguage\":\"es\",\"@id\":\"https:\/\/www.msds-europe.com\/es\/#\/schema\/logo\/image\/\",\"url\":\"https:\/\/www.msds-europe.com\/wp-content\/uploads\/2021\/04\/msds-europe-logo.jpg\",\"contentUrl\":\"https:\/\/www.msds-europe.com\/wp-content\/uploads\/2021\/04\/msds-europe-logo.jpg\",\"width\":2296,\"height\":1067,\"caption\":\"MSDS-Europe International branch of ToxInfo\"},\"image\":{\"@id\":\"https:\/\/www.msds-europe.com\/es\/#\/schema\/logo\/image\/\"},\"sameAs\":[\"https:\/\/www.facebook.com\/toxinfokft\/\",\"https:\/\/x.com\/ToxInfoKft\"]}]}<\/script>\n<!-- \/ Yoast SEO plugin. -->","yoast_head_json":{"title":"MSDS-Europe servicio de atenci\u00f3n al cliente - Si necesita ayuda","description":"Servicio de atenci\u00f3n al cliente sobre seguridad qu\u00edmica. Si necesita ayuda o tiene preguntas sobre nuestros servicios, contacte con nuestro servicio de atenci\u00f3n al cliente.","robots":{"index":"index","follow":"follow","max-snippet":"max-snippet:-1","max-image-preview":"max-image-preview:large","max-video-preview":"max-video-preview:-1"},"canonical":"https:\/\/www.msds-europe.com\/es\/servicio-de-atencion-al-cliente\/","og_locale":"es_ES","og_type":"article","og_title":"MSDS-Europe servicio de atenci\u00f3n al cliente - Si necesita ayuda","og_description":"Servicio de atenci\u00f3n al cliente sobre seguridad qu\u00edmica. Si necesita ayuda o tiene preguntas sobre nuestros servicios, contacte con nuestro servicio de atenci\u00f3n al cliente.","og_url":"https:\/\/www.msds-europe.com\/es\/servicio-de-atencion-al-cliente\/","og_site_name":"MSDS Europe","article_publisher":"https:\/\/www.facebook.com\/toxinfokft\/","article_modified_time":"2025-01-06T07:00:58+00:00","twitter_card":"summary_large_image","twitter_site":"@ToxInfoKft","twitter_misc":{"Tiempo de lectura":"1 minuto"},"schema":{"@context":"https:\/\/schema.org","@graph":[{"@type":"WebPage","@id":"https:\/\/www.msds-europe.com\/es\/servicio-de-atencion-al-cliente\/","url":"https:\/\/www.msds-europe.com\/es\/servicio-de-atencion-al-cliente\/","name":"MSDS-Europe servicio de atenci\u00f3n al cliente - Si necesita ayuda","isPartOf":{"@id":"https:\/\/www.msds-europe.com\/es\/#website"},"datePublished":"2018-06-17T15:05:00+00:00","dateModified":"2025-01-06T07:00:58+00:00","description":"Servicio de atenci\u00f3n al cliente sobre seguridad qu\u00edmica. Si necesita ayuda o tiene preguntas sobre nuestros servicios, contacte con nuestro servicio de atenci\u00f3n al cliente.","breadcrumb":{"@id":"https:\/\/www.msds-europe.com\/es\/servicio-de-atencion-al-cliente\/#breadcrumb"},"inLanguage":"es","potentialAction":[{"@type":"ReadAction","target":["https:\/\/www.msds-europe.com\/es\/servicio-de-atencion-al-cliente\/"]}]},{"@type":"BreadcrumbList","@id":"https:\/\/www.msds-europe.com\/es\/servicio-de-atencion-al-cliente\/#breadcrumb","itemListElement":[{"@type":"ListItem","position":1,"name":"F\u0151oldal","item":"https:\/\/www.msds-europe.com\/es\/"},{"@type":"ListItem","position":2,"name":"Servicio de atenci\u00f3n al cliente"}]},{"@type":"WebSite","@id":"https:\/\/www.msds-europe.com\/es\/#website","url":"https:\/\/www.msds-europe.com\/es\/","name":"MSDS Europe","description":"","publisher":{"@id":"https:\/\/www.msds-europe.com\/es\/#organization"},"potentialAction":[{"@type":"SearchAction","target":{"@type":"EntryPoint","urlTemplate":"https:\/\/www.msds-europe.com\/es\/?s={search_term_string}"},"query-input":{"@type":"PropertyValueSpecification","valueRequired":true,"valueName":"search_term_string"}}],"inLanguage":"es"},{"@type":"Organization","@id":"https:\/\/www.msds-europe.com\/es\/#organization","name":"MSDS-Europe International branch of ToxInfo","url":"https:\/\/www.msds-europe.com\/es\/","logo":{"@type":"ImageObject","inLanguage":"es","@id":"https:\/\/www.msds-europe.com\/es\/#\/schema\/logo\/image\/","url":"https:\/\/www.msds-europe.com\/wp-content\/uploads\/2021\/04\/msds-europe-logo.jpg","contentUrl":"https:\/\/www.msds-europe.com\/wp-content\/uploads\/2021\/04\/msds-europe-logo.jpg","width":2296,"height":1067,"caption":"MSDS-Europe International branch of ToxInfo"},"image":{"@id":"https:\/\/www.msds-europe.com\/es\/#\/schema\/logo\/image\/"},"sameAs":["https:\/\/www.facebook.com\/toxinfokft\/","https:\/\/x.com\/ToxInfoKft"]}]}},"_links":{"self":[{"href":"https:\/\/www.msds-europe.com\/es\/wp-json\/wp\/v2\/pages\/4754","targetHints":{"allow":["GET"]}}],"collection":[{"href":"https:\/\/www.msds-europe.com\/es\/wp-json\/wp\/v2\/pages"}],"about":[{"href":"https:\/\/www.msds-europe.com\/es\/wp-json\/wp\/v2\/types\/page"}],"author":[{"embeddable":true,"href":"https:\/\/www.msds-europe.com\/es\/wp-json\/wp\/v2\/users\/2"}],"replies":[{"embeddable":true,"href":"https:\/\/www.msds-europe.com\/es\/wp-json\/wp\/v2\/comments?post=4754"}],"version-history":[{"count":16,"href":"https:\/\/www.msds-europe.com\/es\/wp-json\/wp\/v2\/pages\/4754\/revisions"}],"predecessor-version":[{"id":30313,"href":"https:\/\/www.msds-europe.com\/es\/wp-json\/wp\/v2\/pages\/4754\/revisions\/30313"}],"wp:attachment":[{"href":"https:\/\/www.msds-europe.com\/es\/wp-json\/wp\/v2\/media?parent=4754"}],"curies":[{"name":"wp","href":"https:\/\/api.w.org\/{rel}","templated":true}]}}