{"id":4610,"date":"2018-06-17T08:52:45","date_gmt":"2018-06-17T08:52:45","guid":{"rendered":"http:\/\/www.msds-europe.com\/solicitud-de-presupuesto-en-linea-para-servicios-de-ficha-de-datos-de-seguridad\/"},"modified":"2026-02-20T12:59:47","modified_gmt":"2026-02-20T12:59:47","slug":"solicitud-presupuesto-ficha-datos-seguridad","status":"publish","type":"page","link":"https:\/\/www.msds-europe.com\/es\/solicitud-presupuesto-ficha-datos-seguridad\/","title":{"rendered":"Solicitud de presupuesto en l\u00ednea para servicios de ficha de datos de seguridad"},"content":{"rendered":"<p style=\"text-align: right;\"><em><a href=\"https:\/\/www.msds-europe.com\/es\/\">MSDS-Europe<\/a> \u2013 Solicitud de presupuesto para servicios de fichas de datos de seguridad<\/em><\/p>\n<p style=\"text-align: justify;\">Le enviaremos un presupuesto por escrito para el servicio seleccionado en un plazo de <strong>24 horas<\/strong> tras recibir su solicitud de presupuesto en l\u00ednea.<\/p>\n<p style=\"text-align: justify;\">Tenga en cuenta que, en caso de vol\u00famenes mayores, podemos ofrecerle un precio significativamente m\u00e1s favorable. Tambi\u00e9n podemos aplicar un descuento por volumen sobre una cantidad anual estimada en caso de relaci\u00f3n contractual.<\/p>\n<p>&nbsp;<\/p>\n<h2>Asistencia para seleccionar el servicio adecuado<\/h2>\n<p style=\"text-align: justify;\">Recomendamos nuestro <a href=\"https:\/\/www.msds-europe.com\/es\/compilacion-creacion-ficha-de-datos-de-seguridad\/\">servicio de elaboraci\u00f3n de fichas de datos de seguridad<\/a> principalmente a usuarios intermedios que fabrican mezclas e importadores, para ayudarles a cumplir su obligaci\u00f3n de clasificar sus productos y\/o elaborar fichas de datos de seguridad (FDS) para ellos.<\/p>\n<p style=\"text-align: justify;\">Recomendamos nuestro <a href=\"https:\/\/www.msds-europe.com\/es\/ficha-de-datos-de-seguridad-traduccion\/\">servicio de traducci\u00f3n de FDS<\/a> principalmente a distribuidores e importadores. Puede solicitar la traducci\u00f3n de una ficha de datos de seguridad desde cualquier idioma de la UE a cualquier otro idioma de la UE. Como servicio adicional, tambi\u00e9n le recomendamos solicitar un proyecto de etiqueta conforme a la ficha de datos de seguridad.<\/p>\n<p style=\"text-align: justify;\">Si tambi\u00e9n desea solicitar un servicio adicional, ind\u00edquelo en la secci\u00f3n \u00abNota\u00bb.<\/p>\n<p style=\"text-align: justify;\">Recomendamos nuestro <a href=\"https:\/\/www.msds-europe.com\/es\/sds-revision-actualizacion\/\">servicio de revisi\u00f3n de fichas de datos de seguridad<\/a> en todos los casos en que se haya producido un cambio importante en el contenido de la ficha de datos de seguridad o cuando los cambios en el entorno normativo lo hagan necesario.<\/p>\n<p>&nbsp;<\/p>\n<h2>Solicitud de presupuesto para servicios expr\u00e9s<\/h2>\n<p style=\"text-align: justify;\">Nuestro servicio de revisi\u00f3n y traducci\u00f3n de fichas de datos de seguridad, as\u00ed como nuestro servicio de <a href=\"https:\/\/www.msds-europe.com\/es\/creacion-proyecto-de-etiqueta\/\">creaci\u00f3n de proyecto de etiqueta<\/a>, tambi\u00e9n est\u00e1n disponibles como <a href=\"https:\/\/www.msds-europe.com\/es\/ficha-de-datos-de-seguridad-servicios-express\/\">servicio expr\u00e9s<\/a>, incluso con un plazo de entrega de 24 horas.<\/p>\n<p>&nbsp;<\/p>\n<p><em>Si tiene alguna pregunta sobre su pedido o sobre seguridad qu\u00edmica, contacte con nuestro <a href=\"https:\/\/www.msds-europe.com\/es\/servicio-de-atencion-al-cliente\/\">Servicio de atenci\u00f3n al cliente<\/a>.<\/em><\/p>\n<h4><\/h4>\n\n<div class=\"wpcf7 no-js\" id=\"wpcf7-f6124-o1\" lang=\"hu-HU\" dir=\"ltr\" data-wpcf7-id=\"6124\">\n<div class=\"screen-reader-response\"><p role=\"status\" aria-live=\"polite\" aria-atomic=\"true\"><\/p> <ul><\/ul><\/div>\n<form action=\"\/es\/wp-json\/wp\/v2\/pages\/4610#wpcf7-f6124-o1\" method=\"post\" class=\"wpcf7-form init\" aria-label=\"Kapcsolatfelv\u00e9teli \u0171rlap\" novalidate=\"novalidate\" data-status=\"init\">\n<fieldset class=\"hidden-fields-container\"><input type=\"hidden\" name=\"_wpcf7\" value=\"6124\" \/><input type=\"hidden\" name=\"_wpcf7_version\" value=\"6.1.5\" \/><input type=\"hidden\" name=\"_wpcf7_locale\" value=\"hu_HU\" \/><input type=\"hidden\" name=\"_wpcf7_unit_tag\" value=\"wpcf7-f6124-o1\" \/><input type=\"hidden\" name=\"_wpcf7_container_post\" value=\"0\" \/><input type=\"hidden\" name=\"_wpcf7_posted_data_hash\" value=\"\" \/><input type=\"hidden\" name=\"_wpcf7_recaptcha_response\" value=\"\" \/>\n<\/fieldset>\n<div class=\"arajanlatkeres_form\">\n\t<div class=\"row contact_row\">\n\t\t<div class=\"col-sm-5 col-sm-offset-1\">\n\t\t\t<p><label>Nombre de la persona de contacto<\/label>\n\t\t\t<\/p>\n\t\t<\/div>\n\t\t<div class=\"col-sm-5\">\n\t\t\t<p><span class=\"wpcf7-form-control-wrap\" data-name=\"your-name\"><input size=\"40\" maxlength=\"400\" class=\"wpcf7-form-control wpcf7-text wpcf7-validates-as-required\" aria-required=\"true\" aria-invalid=\"false\" value=\"\" type=\"text\" name=\"your-name\" \/><\/span>\n\t\t\t<\/p>\n\t\t<\/div>\n\t<\/div>\n\t<div class=\"row contact_row\">\n\t\t<div class=\"col-sm-5 col-sm-offset-1\">\n\t\t\t<p><label>Nombre de la empresa<\/label>\n\t\t\t<\/p>\n\t\t<\/div>\n\t\t<div class=\"col-sm-5\">\n\t\t\t<p><span class=\"wpcf7-form-control-wrap\" data-name=\"company-name\"><input size=\"40\" maxlength=\"400\" class=\"wpcf7-form-control wpcf7-text wpcf7-validates-as-required\" aria-required=\"true\" aria-invalid=\"false\" value=\"\" type=\"text\" name=\"company-name\" \/><\/span>\n\t\t\t<\/p>\n\t\t<\/div>\n\t<\/div>\n\t<div class=\"row contact_row\">\n\t\t<div class=\"col-sm-5 col-sm-offset-1\">\n\t\t\t<p><label>Direcci\u00f3n de la empresa<\/label>\n\t\t\t<\/p>\n\t\t<\/div>\n\t\t<div class=\"col-sm-5\">\n\t\t\t<p><span class=\"wpcf7-form-control-wrap\" data-name=\"company-address\"><input size=\"40\" maxlength=\"400\" class=\"wpcf7-form-control wpcf7-text wpcf7-validates-as-required\" aria-required=\"true\" aria-invalid=\"false\" value=\"\" type=\"text\" name=\"company-address\" \/><\/span>\n\t\t\t<\/p>\n\t\t<\/div>\n\t<\/div>\n\t<div class=\"row contact_row\">\n\t\t<div class=\"col-sm-5 col-sm-offset-1\">\n\t\t\t<p><label>N\u00famero de tel\u00e9fono<\/label>\n\t\t\t<\/p>\n\t\t<\/div>\n\t\t<div class=\"col-sm-5\">\n\t\t\t<p><span class=\"wpcf7-form-control-wrap\" data-name=\"company-phone\"><input size=\"40\" maxlength=\"400\" class=\"wpcf7-form-control wpcf7-text wpcf7-validates-as-required\" aria-required=\"true\" aria-invalid=\"false\" value=\"\" type=\"text\" name=\"company-phone\" \/><\/span>\n\t\t\t<\/p>\n\t\t<\/div>\n\t<\/div>\n\t<div class=\"row contact_row\">\n\t\t<div class=\"col-sm-5 col-sm-offset-1\">\n\t\t\t<p><label>E-Mail<\/label>\n\t\t\t<\/p>\n\t\t<\/div>\n\t\t<div class=\"col-sm-5\">\n\t\t\t<p><span class=\"wpcf7-form-control-wrap\" data-name=\"your-email\"><input size=\"40\" maxlength=\"400\" class=\"wpcf7-form-control wpcf7-email wpcf7-validates-as-required wpcf7-text wpcf7-validates-as-email\" aria-required=\"true\" aria-invalid=\"false\" value=\"\" type=\"email\" name=\"your-email\" \/><\/span>\n\t\t\t<\/p>\n\t\t<\/div>\n\t<\/div>\n\t<div class=\"row contact_row\">\n\t\t<div class=\"col-sm-5 col-sm-offset-1\">\n\t\t\t<p><label>Lenguaje de la SDS original<\/label>\n\t\t\t<\/p>\n\t\t<\/div>\n\t\t<div class=\"col-sm-5\">\n\t\t\t<p><span class=\"wpcf7-form-control-wrap\" data-name=\"language\"><input size=\"40\" maxlength=\"400\" class=\"wpcf7-form-control wpcf7-text wpcf7-validates-as-required\" aria-required=\"true\" aria-invalid=\"false\" value=\"\" type=\"text\" name=\"language\" \/><\/span>\n\t\t\t<\/p>\n\t\t<\/div>\n\t<\/div>\n\t<div class=\"row contact_row\">\n\t\t<div class=\"col-sm-5 col-sm-offset-1\">\n\t\t\t<p><label>Idioma de destino y pa\u00eds de destino (en caso de traducci\u00f3n)<\/label>\n\t\t\t<\/p>\n\t\t<\/div>\n\t\t<div class=\"col-sm-5\">\n\t\t\t<p><span class=\"wpcf7-form-control-wrap\" data-name=\"wished-language\"><input size=\"40\" maxlength=\"400\" class=\"wpcf7-form-control wpcf7-text\" aria-invalid=\"false\" value=\"\" type=\"text\" name=\"wished-language\" \/><\/span>\n\t\t\t<\/p>\n\t\t<\/div>\n\t<\/div>\n\t<div class=\"row contact_row\">\n\t\t<div class=\"col-sm-5 col-sm-offset-1\">\n\t\t\t<p><label>Cantidad<\/label>\n\t\t\t<\/p>\n\t\t<\/div>\n\t\t<div class=\"col-sm-5\">\n\t\t\t<p><span class=\"wpcf7-form-control-wrap\" data-name=\"number\"><input size=\"40\" maxlength=\"400\" class=\"wpcf7-form-control wpcf7-text wpcf7-validates-as-required\" aria-required=\"true\" aria-invalid=\"false\" value=\"\" type=\"text\" name=\"number\" \/><\/span>\n\t\t\t<\/p>\n\t\t<\/div>\n\t<\/div>\n\t<div class=\"row contact_row\">\n\t\t<div class=\"col-sm-5 col-sm-offset-1\">\n\t\t\t<p><label>Observaci\u00f3n<\/label>\n\t\t\t<\/p>\n\t\t<\/div>\n\t\t<div class=\"col-sm-5\">\n\t\t\t<p><span class=\"wpcf7-form-control-wrap\" data-name=\"your-message\"><textarea cols=\"40\" rows=\"10\" maxlength=\"2000\" class=\"wpcf7-form-control wpcf7-textarea\" aria-invalid=\"false\" name=\"your-message\"><\/textarea><\/span>\n\t\t\t<\/p>\n\t\t<\/div>\n\t<\/div>\n\t<div class=\"row contact_row\">\n\t\t<div class=\"col-sm-10 col-sm-offset-1\">\n\t\t\t<p><span class=\"wpcf7-form-control-wrap\" data-name=\"radio-917\"><span class=\"wpcf7-form-control wpcf7-radio\"><span class=\"wpcf7-list-item first\"><input type=\"radio\" name=\"radio-917\" value=\"Creaci\u00f3n de nueva ficha de datos de seguridad\" checked=\"checked\" \/><span class=\"wpcf7-list-item-label\">Creaci\u00f3n de nueva ficha de datos de seguridad<\/span><\/span><span class=\"wpcf7-list-item\"><input type=\"radio\" name=\"radio-917\" value=\"Revisi\u00f3n (actualizaci\u00f3n) de la ficha de datos de seguridad\" \/><span class=\"wpcf7-list-item-label\">Revisi\u00f3n (actualizaci\u00f3n) de la ficha de datos de seguridad<\/span><\/span><span class=\"wpcf7-list-item\"><input type=\"radio\" name=\"radio-917\" value=\"Traducci\u00f3n de ficha de datos de seguridad (con adaptaci\u00f3n)\" \/><span class=\"wpcf7-list-item-label\">Traducci\u00f3n de ficha de datos de seguridad (con adaptaci\u00f3n)<\/span><\/span><span class=\"wpcf7-list-item last\"><input type=\"radio\" name=\"radio-917\" value=\"Traducci\u00f3n de ficha de datos de seguridad (sin adaptaci\u00f3n)\" \/><span class=\"wpcf7-list-item-label\">Traducci\u00f3n de ficha de datos de seguridad (sin adaptaci\u00f3n)<\/span><\/span><\/span><\/span>\n\t\t\t<\/p>\n\t\t<\/div>\n\t<\/div>\n\t<div class=\"row contact_row policy_row\">\n\t\t<div class=\"col-sm-10 col-sm-offset-1\">\n\t\t\t<p><span class=\"wpcf7-form-control-wrap\" data-name=\"policy\"><span class=\"wpcf7-form-control wpcf7-acceptance\"><span class=\"wpcf7-list-item\"><label><input type=\"checkbox\" name=\"policy\" value=\"1\" aria-invalid=\"false\" \/><span class=\"wpcf7-list-item-label\">Acepto la <a href=\"http:\/\/www.msds-europe.com\/privacy-policy\/\" target=\"_blank\" title=\"pol\u00edtica de privacidad\">pol\u00edtica de privacidad<\/a>.<\/span><\/label><\/span><\/span><\/span>\n\t\t\t<\/p>\n\t\t<\/div>\n\t<\/div>\n\t<div class=\"row contact_row\">\n\t\t<div class=\"col-sm-10 col-sm-offset-1 text-right\">\n\t\t\t<p><input class=\"wpcf7-form-control wpcf7-submit has-spinner\" type=\"submit\" value=\"Enviar\" \/>\n\t\t\t<\/p>\n\t\t<\/div>\n\t<\/div>\n<\/div><div class=\"wpcf7-response-output\" aria-hidden=\"true\"><\/div>\n<\/form>\n<\/div>\n\n<p>\u00a0<\/p>\n","protected":false},"excerpt":{"rendered":"<p>Solicitud de presupuesto en l\u00ednea para servicios de ficha de datos de seguridad presupuesto por escrito dentro de las 24 horas.<\/p>\n","protected":false},"author":2,"featured_media":0,"parent":0,"menu_order":0,"comment_status":"closed","ping_status":"closed","template":"","meta":{"_acf_changed":false,"footnotes":""},"class_list":["post-4610","page","type-page","status-publish","hentry"],"acf":[],"yoast_head":"<!-- This site is optimized with the Yoast SEO plugin v27.2 - https:\/\/yoast.com\/product\/yoast-seo-wordpress\/ -->\n<title>Solicitud de presupuesto en l\u00ednea para servicios de ficha de datos de seguridad<\/title>\n<meta name=\"description\" content=\"Solicitud de presupuesto en l\u00ednea para servicios de ficha de datos de seguridad presupuesto por escrito dentro de las 24 horas. Solicitud de presupuesto r\u00e1pida y sencilla sin compromiso.\" \/>\n<meta name=\"robots\" content=\"index, follow, max-snippet:-1, max-image-preview:large, max-video-preview:-1\" \/>\n<link rel=\"canonical\" href=\"https:\/\/www.msds-europe.com\/es\/solicitud-presupuesto-ficha-datos-seguridad\/\" \/>\n<meta property=\"og:locale\" content=\"es_ES\" \/>\n<meta property=\"og:type\" content=\"article\" \/>\n<meta property=\"og:title\" content=\"Solicitud de presupuesto en l\u00ednea para servicios de ficha de datos de seguridad\" \/>\n<meta property=\"og:description\" content=\"Solicitud de presupuesto en l\u00ednea para servicios de ficha de datos de seguridad presupuesto por escrito dentro de las 24 horas. Solicitud de presupuesto r\u00e1pida y sencilla sin compromiso.\" \/>\n<meta property=\"og:url\" content=\"https:\/\/www.msds-europe.com\/es\/solicitud-presupuesto-ficha-datos-seguridad\/\" \/>\n<meta property=\"og:site_name\" content=\"MSDS Europe\" \/>\n<meta property=\"article:publisher\" content=\"https:\/\/www.facebook.com\/toxinfokft\/\" \/>\n<meta property=\"article:modified_time\" content=\"2026-02-20T12:59:47+00:00\" \/>\n<meta name=\"twitter:card\" content=\"summary_large_image\" \/>\n<meta name=\"twitter:site\" content=\"@ToxInfoKft\" \/>\n<meta name=\"twitter:label1\" content=\"Tiempo de lectura\" \/>\n\t<meta name=\"twitter:data1\" content=\"2 minutos\" \/>\n<script type=\"application\/ld+json\" class=\"yoast-schema-graph\">{\"@context\":\"https:\/\/schema.org\",\"@graph\":[{\"@type\":\"WebPage\",\"@id\":\"https:\/\/www.msds-europe.com\/es\/solicitud-presupuesto-ficha-datos-seguridad\/\",\"url\":\"https:\/\/www.msds-europe.com\/es\/solicitud-presupuesto-ficha-datos-seguridad\/\",\"name\":\"Solicitud de presupuesto en l\u00ednea para servicios de ficha de datos de seguridad\",\"isPartOf\":{\"@id\":\"https:\/\/www.msds-europe.com\/es\/#website\"},\"datePublished\":\"2018-06-17T08:52:45+00:00\",\"dateModified\":\"2026-02-20T12:59:47+00:00\",\"description\":\"Solicitud de presupuesto en l\u00ednea para servicios de ficha de datos de seguridad presupuesto por escrito dentro de las 24 horas. Solicitud de presupuesto r\u00e1pida y sencilla sin compromiso.\",\"breadcrumb\":{\"@id\":\"https:\/\/www.msds-europe.com\/es\/solicitud-presupuesto-ficha-datos-seguridad\/#breadcrumb\"},\"inLanguage\":\"es\",\"potentialAction\":[{\"@type\":\"ReadAction\",\"target\":[\"https:\/\/www.msds-europe.com\/es\/solicitud-presupuesto-ficha-datos-seguridad\/\"]}]},{\"@type\":\"BreadcrumbList\",\"@id\":\"https:\/\/www.msds-europe.com\/es\/solicitud-presupuesto-ficha-datos-seguridad\/#breadcrumb\",\"itemListElement\":[{\"@type\":\"ListItem\",\"position\":1,\"name\":\"F\u0151oldal\",\"item\":\"https:\/\/www.msds-europe.com\/es\/\"},{\"@type\":\"ListItem\",\"position\":2,\"name\":\"Solicitud de presupuesto en l\u00ednea para servicios de ficha de datos de seguridad\"}]},{\"@type\":\"WebSite\",\"@id\":\"https:\/\/www.msds-europe.com\/es\/#website\",\"url\":\"https:\/\/www.msds-europe.com\/es\/\",\"name\":\"MSDS Europe\",\"description\":\"\",\"publisher\":{\"@id\":\"https:\/\/www.msds-europe.com\/es\/#organization\"},\"potentialAction\":[{\"@type\":\"SearchAction\",\"target\":{\"@type\":\"EntryPoint\",\"urlTemplate\":\"https:\/\/www.msds-europe.com\/es\/?s={search_term_string}\"},\"query-input\":{\"@type\":\"PropertyValueSpecification\",\"valueRequired\":true,\"valueName\":\"search_term_string\"}}],\"inLanguage\":\"es\"},{\"@type\":\"Organization\",\"@id\":\"https:\/\/www.msds-europe.com\/es\/#organization\",\"name\":\"MSDS-Europe International branch of ToxInfo\",\"url\":\"https:\/\/www.msds-europe.com\/es\/\",\"logo\":{\"@type\":\"ImageObject\",\"inLanguage\":\"es\",\"@id\":\"https:\/\/www.msds-europe.com\/es\/#\/schema\/logo\/image\/\",\"url\":\"https:\/\/www.msds-europe.com\/wp-content\/uploads\/2021\/04\/msds-europe-logo.jpg\",\"contentUrl\":\"https:\/\/www.msds-europe.com\/wp-content\/uploads\/2021\/04\/msds-europe-logo.jpg\",\"width\":2296,\"height\":1067,\"caption\":\"MSDS-Europe International branch of ToxInfo\"},\"image\":{\"@id\":\"https:\/\/www.msds-europe.com\/es\/#\/schema\/logo\/image\/\"},\"sameAs\":[\"https:\/\/www.facebook.com\/toxinfokft\/\",\"https:\/\/x.com\/ToxInfoKft\"]}]}<\/script>\n<!-- \/ Yoast SEO plugin. -->","yoast_head_json":{"title":"Solicitud de presupuesto en l\u00ednea para servicios de ficha de datos de seguridad","description":"Solicitud de presupuesto en l\u00ednea para servicios de ficha de datos de seguridad presupuesto por escrito dentro de las 24 horas. Solicitud de presupuesto r\u00e1pida y sencilla sin compromiso.","robots":{"index":"index","follow":"follow","max-snippet":"max-snippet:-1","max-image-preview":"max-image-preview:large","max-video-preview":"max-video-preview:-1"},"canonical":"https:\/\/www.msds-europe.com\/es\/solicitud-presupuesto-ficha-datos-seguridad\/","og_locale":"es_ES","og_type":"article","og_title":"Solicitud de presupuesto en l\u00ednea para servicios de ficha de datos de seguridad","og_description":"Solicitud de presupuesto en l\u00ednea para servicios de ficha de datos de seguridad presupuesto por escrito dentro de las 24 horas. Solicitud de presupuesto r\u00e1pida y sencilla sin compromiso.","og_url":"https:\/\/www.msds-europe.com\/es\/solicitud-presupuesto-ficha-datos-seguridad\/","og_site_name":"MSDS Europe","article_publisher":"https:\/\/www.facebook.com\/toxinfokft\/","article_modified_time":"2026-02-20T12:59:47+00:00","twitter_card":"summary_large_image","twitter_site":"@ToxInfoKft","twitter_misc":{"Tiempo de lectura":"2 minutos"},"schema":{"@context":"https:\/\/schema.org","@graph":[{"@type":"WebPage","@id":"https:\/\/www.msds-europe.com\/es\/solicitud-presupuesto-ficha-datos-seguridad\/","url":"https:\/\/www.msds-europe.com\/es\/solicitud-presupuesto-ficha-datos-seguridad\/","name":"Solicitud de presupuesto en l\u00ednea para servicios de ficha de datos de seguridad","isPartOf":{"@id":"https:\/\/www.msds-europe.com\/es\/#website"},"datePublished":"2018-06-17T08:52:45+00:00","dateModified":"2026-02-20T12:59:47+00:00","description":"Solicitud de presupuesto en l\u00ednea para servicios de ficha de datos de seguridad presupuesto por escrito dentro de las 24 horas. Solicitud de presupuesto r\u00e1pida y sencilla sin compromiso.","breadcrumb":{"@id":"https:\/\/www.msds-europe.com\/es\/solicitud-presupuesto-ficha-datos-seguridad\/#breadcrumb"},"inLanguage":"es","potentialAction":[{"@type":"ReadAction","target":["https:\/\/www.msds-europe.com\/es\/solicitud-presupuesto-ficha-datos-seguridad\/"]}]},{"@type":"BreadcrumbList","@id":"https:\/\/www.msds-europe.com\/es\/solicitud-presupuesto-ficha-datos-seguridad\/#breadcrumb","itemListElement":[{"@type":"ListItem","position":1,"name":"F\u0151oldal","item":"https:\/\/www.msds-europe.com\/es\/"},{"@type":"ListItem","position":2,"name":"Solicitud de presupuesto en l\u00ednea para servicios de ficha de datos de seguridad"}]},{"@type":"WebSite","@id":"https:\/\/www.msds-europe.com\/es\/#website","url":"https:\/\/www.msds-europe.com\/es\/","name":"MSDS Europe","description":"","publisher":{"@id":"https:\/\/www.msds-europe.com\/es\/#organization"},"potentialAction":[{"@type":"SearchAction","target":{"@type":"EntryPoint","urlTemplate":"https:\/\/www.msds-europe.com\/es\/?s={search_term_string}"},"query-input":{"@type":"PropertyValueSpecification","valueRequired":true,"valueName":"search_term_string"}}],"inLanguage":"es"},{"@type":"Organization","@id":"https:\/\/www.msds-europe.com\/es\/#organization","name":"MSDS-Europe International branch of ToxInfo","url":"https:\/\/www.msds-europe.com\/es\/","logo":{"@type":"ImageObject","inLanguage":"es","@id":"https:\/\/www.msds-europe.com\/es\/#\/schema\/logo\/image\/","url":"https:\/\/www.msds-europe.com\/wp-content\/uploads\/2021\/04\/msds-europe-logo.jpg","contentUrl":"https:\/\/www.msds-europe.com\/wp-content\/uploads\/2021\/04\/msds-europe-logo.jpg","width":2296,"height":1067,"caption":"MSDS-Europe International branch of ToxInfo"},"image":{"@id":"https:\/\/www.msds-europe.com\/es\/#\/schema\/logo\/image\/"},"sameAs":["https:\/\/www.facebook.com\/toxinfokft\/","https:\/\/x.com\/ToxInfoKft"]}]}},"_links":{"self":[{"href":"https:\/\/www.msds-europe.com\/es\/wp-json\/wp\/v2\/pages\/4610","targetHints":{"allow":["GET"]}}],"collection":[{"href":"https:\/\/www.msds-europe.com\/es\/wp-json\/wp\/v2\/pages"}],"about":[{"href":"https:\/\/www.msds-europe.com\/es\/wp-json\/wp\/v2\/types\/page"}],"author":[{"embeddable":true,"href":"https:\/\/www.msds-europe.com\/es\/wp-json\/wp\/v2\/users\/2"}],"replies":[{"embeddable":true,"href":"https:\/\/www.msds-europe.com\/es\/wp-json\/wp\/v2\/comments?post=4610"}],"version-history":[{"count":10,"href":"https:\/\/www.msds-europe.com\/es\/wp-json\/wp\/v2\/pages\/4610\/revisions"}],"predecessor-version":[{"id":37338,"href":"https:\/\/www.msds-europe.com\/es\/wp-json\/wp\/v2\/pages\/4610\/revisions\/37338"}],"wp:attachment":[{"href":"https:\/\/www.msds-europe.com\/es\/wp-json\/wp\/v2\/media?parent=4610"}],"curies":[{"name":"wp","href":"https:\/\/api.w.org\/{rel}","templated":true}]}}