{"id":4584,"date":"2018-06-15T08:40:06","date_gmt":"2018-06-15T08:40:06","guid":{"rendered":"http:\/\/www.msds-europe.com\/productos-cosmeticos-coleccion-de-informacion-util\/"},"modified":"2020-03-12T11:33:16","modified_gmt":"2020-03-12T11:33:16","slug":"productos-cosmeticos","status":"publish","type":"page","link":"https:\/\/www.msds-europe.com\/es\/productos-cosmeticos\/","title":{"rendered":"Productos cosm\u00e9ticos &#8211; colecci\u00f3n de informaci\u00f3n \u00fatil"},"content":{"rendered":"<p style=\"text-align: right;\"><em><a href=\"https:\/\/www.msds-europe.com\/es\/\">MSDS-Europe<\/a> \u2013 Base de conocimiento de productos cosm\u00e9ticos<\/em><\/p>\n<p style=\"text-align: justify;\">Datos \u00fatiles de antecedentes e informaci\u00f3n sobre los requisitos para colocar cosm\u00e9ticos en el mercado y para el procedimiento de autorizaci\u00f3n.<\/p>\n<p>&nbsp;<\/p>\n<h2 style=\"text-align: justify;\">El objetivo de la base de conocimiento de productos cosm\u00e9ticos<\/h2>\n<p style=\"text-align: justify;\">Al crear esta base de conocimiento, nos gustar\u00eda ayudar al trabajo de las compa\u00f1\u00edas que fabrican\/distribuyen productos cosm\u00e9ticos.<\/p>\n<p style=\"text-align: justify;\">Principalmente publicamos dichos art\u00edculos en la categor\u00eda de base de conocimiento de productos cosm\u00e9ticos que no est\u00e1n espec\u00edficamente relacionados con una tarea o con un requerimiento reglamentario, pero a\u00fan pueden contener informaci\u00f3n importante.<\/p>\n<p style=\"text-align: justify;\"><strong>\u00a1Atenci\u00f3n!<\/strong><br \/>\nAl determinar las tareas relacionadas con un producto cosm\u00e9tico, siempre es necesario considerar todos los aspectos especiales del producto y la actividad con el producto.<br \/>\nSolo los textos de las regulaciones relevantes se pueden considerar como aut\u00e9nticos, los art\u00edculos publicados en nuestro sitio web son solo informativos.<\/p>\n<p style=\"text-align: justify;\">Consulte las \u00faltimas regulaciones bajo \u00ab<a href=\"https:\/\/www.msds-europe.com\/es\/cambios-reguladores-seguridad-quimica\/\">Regulaciones sobre seguridad qu\u00edmica<\/a>\u00ab.<\/p>\n<p>&nbsp;<\/p>\n<h4 style=\"text-align: justify;\"><span style=\"color: #333333;\">Art\u00edculos m\u00e1s recientes de la base de conocimiento de productos cosm\u00e9ticos<\/span><\/h4>\n<ul>\n<li style=\"text-align: justify;\"><a href=\"https:\/\/www.msds-europe.com\/es\/obligaciones-distribuidores-productos-cosmeticos\/\">Las obligaciones de los distribuidores de productos cosm\u00e9ticos<\/a><\/li>\n<li style=\"text-align: justify;\"><a href=\"https:\/\/www.msds-europe.com\/es\/responsabilidades-persona-responsable\/\">Las responsabilidades de la persona responsable<\/a><\/li>\n<\/ul>\n<p>&nbsp;<\/p>\n<h3 style=\"text-align: justify;\">Consulta gratuita en l\u00ednea<\/h3>\n<p style=\"text-align: justify;\">Si no ha encontrado la informaci\u00f3n que necesitaba en nuestro sitio web, solo h\u00e1gale preguntas directamente relacionadas con la seguridad qu\u00edmica a nuestro experto.<\/p>\n<p style=\"text-align: justify;\">Para enviar preguntas, utilice la siguiente aplicaci\u00f3n de env\u00edo de mensajes:<br \/>\n<a href=\"https:\/\/www.msds-europe.com\/es\/consulta-linea\/\">Consulta gratuita en l\u00ednea<\/a><\/p>\n<p>&nbsp;<\/p>\n<h3 style=\"text-align: justify;\">Si necesita ayuda<\/h3>\n<p style=\"text-align: justify;\">Nuestro <a href=\"https:\/\/www.msds-europe.com\/es\/servicio-de-atencion-al-cliente\/\">servicio de atenci\u00f3n al cliente<\/a> le ayudar\u00e1 a seleccionar el servicio adecuado.<\/p>\n<p>&nbsp;<\/p>\n<h3 style=\"text-align: justify;\"><span style=\"color: #333333;\">Nuestros servicios<\/span><\/h3>\n<ul>\n<li>Servicio de <a href=\"https:\/\/www.msds-europe.com\/es\/cpnp-notification-servicio\/\">notificaci\u00f3n de productos cosm\u00e9ticos<\/a> al portal CPNP<\/li>\n<li style=\"text-align: justify;\"><a href=\"https:\/\/www.msds-europe.com\/es\/creacion-de-evaluacion-de-seguridad-para-cosmeticos\/\">Creaci\u00f3n de un servicio de evaluaci\u00f3n de la seguridad para productos cosm\u00e9ticos<\/a> de acuerdo con el Reglamento (CE) n.\u00ba 1223\/2009<\/li>\n<li style=\"text-align: justify;\"><a href=\"https:\/\/www.msds-europe.com\/es\/creacion-traduccion-etiqueta-cosmeticos\/\">Creaci\u00f3n, traducci\u00f3n del proyecto de etiqueta de productos cosm\u00e9ticos<\/a> de acuerdo con las regulaciones pertinentes<\/li>\n<\/ul>\n<p>&nbsp;<\/p>\n<blockquote class=\"wp-embedded-content\" data-secret=\"md4lWUfmL7\"><p><a href=\"https:\/\/www.msds-europe.com\/es\/servicios-productos-cosmeticos\/\">Servicios relacionados con la colocaci\u00f3n de productos cosm\u00e9ticos en el mercado<\/a><\/p><\/blockquote>\n<p><iframe class=\"wp-embedded-content\" sandbox=\"allow-scripts\" security=\"restricted\" style=\"position: absolute; visibility: hidden;\" title=\"\u00abServicios relacionados con la colocaci\u00f3n de productos cosm\u00e9ticos en el mercado\u00bb \u2014 MSDS Europe\" src=\"https:\/\/www.msds-europe.com\/es\/servicios-productos-cosmeticos\/embed\/#?secret=YpDJGXc2WS#?secret=md4lWUfmL7\" data-secret=\"md4lWUfmL7\" width=\"500\" height=\"282\" frameborder=\"0\" marginwidth=\"0\" marginheight=\"0\" scrolling=\"no\"><\/iframe><\/p>\n<p>&nbsp;<\/p>\n","protected":false},"excerpt":{"rendered":"<p>Colecci\u00f3n de materiales de referencia \u00fatiles que le ayudan a comprender y cumplir con los requisitos legales relacionados con los cosm\u00e9ticos.<\/p>\n","protected":false},"author":2,"featured_media":0,"parent":0,"menu_order":0,"comment_status":"closed","ping_status":"closed","template":"page-category.php","meta":{"_acf_changed":false,"footnotes":""},"tags":[314,315,269],"class_list":["post-4584","page","type-page","status-publish","hentry","tag-base-de-conocimiento-de-productos-cosmeticos","tag-base-de-conocimientos-es","tag-productos-cosmeticos-es"],"acf":[],"yoast_head":"<!-- This site is optimized with the Yoast SEO plugin v27.2 - https:\/\/yoast.com\/product\/yoast-seo-wordpress\/ -->\n<title>Informaci\u00f3n de antecedentes para la distribuci\u00f3n de productos cosm\u00e9ticos<\/title>\n<meta name=\"description\" content=\"La base de conocimiento de productos cosm\u00e9ticos ayuda a comprender y cumplir con los requisitos legales relacionados con los cosm\u00e9ticos.\" \/>\n<meta name=\"robots\" content=\"index, follow, max-snippet:-1, max-image-preview:large, max-video-preview:-1\" \/>\n<link rel=\"canonical\" href=\"https:\/\/www.msds-europe.com\/es\/productos-cosmeticos\/\" \/>\n<meta property=\"og:locale\" content=\"es_ES\" \/>\n<meta property=\"og:type\" content=\"article\" \/>\n<meta property=\"og:title\" content=\"Informaci\u00f3n de antecedentes para la distribuci\u00f3n de productos cosm\u00e9ticos\" \/>\n<meta property=\"og:description\" content=\"La base de conocimiento de productos cosm\u00e9ticos ayuda a comprender y cumplir con los requisitos legales relacionados con los cosm\u00e9ticos.\" \/>\n<meta property=\"og:url\" content=\"https:\/\/www.msds-europe.com\/es\/productos-cosmeticos\/\" \/>\n<meta property=\"og:site_name\" content=\"MSDS Europe\" \/>\n<meta property=\"article:publisher\" content=\"https:\/\/www.facebook.com\/toxinfokft\/\" \/>\n<meta property=\"article:modified_time\" content=\"2020-03-12T11:33:16+00:00\" \/>\n<meta name=\"twitter:card\" content=\"summary_large_image\" \/>\n<meta name=\"twitter:site\" content=\"@ToxInfoKft\" \/>\n<meta name=\"twitter:label1\" content=\"Tiempo de lectura\" \/>\n\t<meta name=\"twitter:data1\" content=\"2 minutos\" \/>\n<script type=\"application\/ld+json\" class=\"yoast-schema-graph\">{\"@context\":\"https:\/\/schema.org\",\"@graph\":[{\"@type\":\"WebPage\",\"@id\":\"https:\/\/www.msds-europe.com\/es\/productos-cosmeticos\/\",\"url\":\"https:\/\/www.msds-europe.com\/es\/productos-cosmeticos\/\",\"name\":\"Informaci\u00f3n de antecedentes para la distribuci\u00f3n de productos cosm\u00e9ticos\",\"isPartOf\":{\"@id\":\"https:\/\/www.msds-europe.com\/es\/#website\"},\"datePublished\":\"2018-06-15T08:40:06+00:00\",\"dateModified\":\"2020-03-12T11:33:16+00:00\",\"description\":\"La base de conocimiento de productos cosm\u00e9ticos ayuda a comprender y cumplir con los requisitos legales relacionados con los cosm\u00e9ticos.\",\"breadcrumb\":{\"@id\":\"https:\/\/www.msds-europe.com\/es\/productos-cosmeticos\/#breadcrumb\"},\"inLanguage\":\"es\",\"potentialAction\":[{\"@type\":\"ReadAction\",\"target\":[\"https:\/\/www.msds-europe.com\/es\/productos-cosmeticos\/\"]}]},{\"@type\":\"BreadcrumbList\",\"@id\":\"https:\/\/www.msds-europe.com\/es\/productos-cosmeticos\/#breadcrumb\",\"itemListElement\":[{\"@type\":\"ListItem\",\"position\":1,\"name\":\"F\u0151oldal\",\"item\":\"https:\/\/www.msds-europe.com\/es\/\"},{\"@type\":\"ListItem\",\"position\":2,\"name\":\"Productos cosm\u00e9ticos &#8211; colecci\u00f3n de informaci\u00f3n \u00fatil\"}]},{\"@type\":\"WebSite\",\"@id\":\"https:\/\/www.msds-europe.com\/es\/#website\",\"url\":\"https:\/\/www.msds-europe.com\/es\/\",\"name\":\"MSDS Europe\",\"description\":\"\",\"publisher\":{\"@id\":\"https:\/\/www.msds-europe.com\/es\/#organization\"},\"potentialAction\":[{\"@type\":\"SearchAction\",\"target\":{\"@type\":\"EntryPoint\",\"urlTemplate\":\"https:\/\/www.msds-europe.com\/es\/?s={search_term_string}\"},\"query-input\":{\"@type\":\"PropertyValueSpecification\",\"valueRequired\":true,\"valueName\":\"search_term_string\"}}],\"inLanguage\":\"es\"},{\"@type\":\"Organization\",\"@id\":\"https:\/\/www.msds-europe.com\/es\/#organization\",\"name\":\"MSDS-Europe International branch of ToxInfo\",\"url\":\"https:\/\/www.msds-europe.com\/es\/\",\"logo\":{\"@type\":\"ImageObject\",\"inLanguage\":\"es\",\"@id\":\"https:\/\/www.msds-europe.com\/es\/#\/schema\/logo\/image\/\",\"url\":\"https:\/\/www.msds-europe.com\/wp-content\/uploads\/2021\/04\/msds-europe-logo.jpg\",\"contentUrl\":\"https:\/\/www.msds-europe.com\/wp-content\/uploads\/2021\/04\/msds-europe-logo.jpg\",\"width\":2296,\"height\":1067,\"caption\":\"MSDS-Europe International branch of ToxInfo\"},\"image\":{\"@id\":\"https:\/\/www.msds-europe.com\/es\/#\/schema\/logo\/image\/\"},\"sameAs\":[\"https:\/\/www.facebook.com\/toxinfokft\/\",\"https:\/\/x.com\/ToxInfoKft\"]}]}<\/script>\n<!-- \/ Yoast SEO plugin. -->","yoast_head_json":{"title":"Informaci\u00f3n de antecedentes para la distribuci\u00f3n de productos cosm\u00e9ticos","description":"La base de conocimiento de productos cosm\u00e9ticos ayuda a comprender y cumplir con los requisitos legales relacionados con los cosm\u00e9ticos.","robots":{"index":"index","follow":"follow","max-snippet":"max-snippet:-1","max-image-preview":"max-image-preview:large","max-video-preview":"max-video-preview:-1"},"canonical":"https:\/\/www.msds-europe.com\/es\/productos-cosmeticos\/","og_locale":"es_ES","og_type":"article","og_title":"Informaci\u00f3n de antecedentes para la distribuci\u00f3n de productos cosm\u00e9ticos","og_description":"La base de conocimiento de productos cosm\u00e9ticos ayuda a comprender y cumplir con los requisitos legales relacionados con los cosm\u00e9ticos.","og_url":"https:\/\/www.msds-europe.com\/es\/productos-cosmeticos\/","og_site_name":"MSDS Europe","article_publisher":"https:\/\/www.facebook.com\/toxinfokft\/","article_modified_time":"2020-03-12T11:33:16+00:00","twitter_card":"summary_large_image","twitter_site":"@ToxInfoKft","twitter_misc":{"Tiempo de lectura":"2 minutos"},"schema":{"@context":"https:\/\/schema.org","@graph":[{"@type":"WebPage","@id":"https:\/\/www.msds-europe.com\/es\/productos-cosmeticos\/","url":"https:\/\/www.msds-europe.com\/es\/productos-cosmeticos\/","name":"Informaci\u00f3n de antecedentes para la distribuci\u00f3n de productos cosm\u00e9ticos","isPartOf":{"@id":"https:\/\/www.msds-europe.com\/es\/#website"},"datePublished":"2018-06-15T08:40:06+00:00","dateModified":"2020-03-12T11:33:16+00:00","description":"La base de conocimiento de productos cosm\u00e9ticos ayuda a comprender y cumplir con los requisitos legales relacionados con los cosm\u00e9ticos.","breadcrumb":{"@id":"https:\/\/www.msds-europe.com\/es\/productos-cosmeticos\/#breadcrumb"},"inLanguage":"es","potentialAction":[{"@type":"ReadAction","target":["https:\/\/www.msds-europe.com\/es\/productos-cosmeticos\/"]}]},{"@type":"BreadcrumbList","@id":"https:\/\/www.msds-europe.com\/es\/productos-cosmeticos\/#breadcrumb","itemListElement":[{"@type":"ListItem","position":1,"name":"F\u0151oldal","item":"https:\/\/www.msds-europe.com\/es\/"},{"@type":"ListItem","position":2,"name":"Productos cosm\u00e9ticos &#8211; colecci\u00f3n de informaci\u00f3n \u00fatil"}]},{"@type":"WebSite","@id":"https:\/\/www.msds-europe.com\/es\/#website","url":"https:\/\/www.msds-europe.com\/es\/","name":"MSDS Europe","description":"","publisher":{"@id":"https:\/\/www.msds-europe.com\/es\/#organization"},"potentialAction":[{"@type":"SearchAction","target":{"@type":"EntryPoint","urlTemplate":"https:\/\/www.msds-europe.com\/es\/?s={search_term_string}"},"query-input":{"@type":"PropertyValueSpecification","valueRequired":true,"valueName":"search_term_string"}}],"inLanguage":"es"},{"@type":"Organization","@id":"https:\/\/www.msds-europe.com\/es\/#organization","name":"MSDS-Europe International branch of ToxInfo","url":"https:\/\/www.msds-europe.com\/es\/","logo":{"@type":"ImageObject","inLanguage":"es","@id":"https:\/\/www.msds-europe.com\/es\/#\/schema\/logo\/image\/","url":"https:\/\/www.msds-europe.com\/wp-content\/uploads\/2021\/04\/msds-europe-logo.jpg","contentUrl":"https:\/\/www.msds-europe.com\/wp-content\/uploads\/2021\/04\/msds-europe-logo.jpg","width":2296,"height":1067,"caption":"MSDS-Europe International branch of ToxInfo"},"image":{"@id":"https:\/\/www.msds-europe.com\/es\/#\/schema\/logo\/image\/"},"sameAs":["https:\/\/www.facebook.com\/toxinfokft\/","https:\/\/x.com\/ToxInfoKft"]}]}},"_links":{"self":[{"href":"https:\/\/www.msds-europe.com\/es\/wp-json\/wp\/v2\/pages\/4584","targetHints":{"allow":["GET"]}}],"collection":[{"href":"https:\/\/www.msds-europe.com\/es\/wp-json\/wp\/v2\/pages"}],"about":[{"href":"https:\/\/www.msds-europe.com\/es\/wp-json\/wp\/v2\/types\/page"}],"author":[{"embeddable":true,"href":"https:\/\/www.msds-europe.com\/es\/wp-json\/wp\/v2\/users\/2"}],"replies":[{"embeddable":true,"href":"https:\/\/www.msds-europe.com\/es\/wp-json\/wp\/v2\/comments?post=4584"}],"version-history":[{"count":8,"href":"https:\/\/www.msds-europe.com\/es\/wp-json\/wp\/v2\/pages\/4584\/revisions"}],"predecessor-version":[{"id":20790,"href":"https:\/\/www.msds-europe.com\/es\/wp-json\/wp\/v2\/pages\/4584\/revisions\/20790"}],"wp:attachment":[{"href":"https:\/\/www.msds-europe.com\/es\/wp-json\/wp\/v2\/media?parent=4584"}],"wp:term":[{"taxonomy":"post_tag","embeddable":true,"href":"https:\/\/www.msds-europe.com\/es\/wp-json\/wp\/v2\/tags?post=4584"}],"curies":[{"name":"wp","href":"https:\/\/api.w.org\/{rel}","templated":true}]}}