{"id":3934,"date":"2018-05-22T10:12:50","date_gmt":"2018-05-22T10:12:50","guid":{"rendered":"http:\/\/www.msds-europe.com\/creacion-de-ficha-de-datos-de-seguridad-para-productos-cosmeticos\/"},"modified":"2018-06-29T13:23:13","modified_gmt":"2018-06-29T13:23:13","slug":"creacion-de-fds-para-productos-cosmeticos","status":"publish","type":"page","link":"https:\/\/www.msds-europe.com\/es\/creacion-de-fds-para-productos-cosmeticos\/","title":{"rendered":"Creaci\u00f3n de ficha de datos de seguridad para productos cosm\u00e9ticos"},"content":{"rendered":"<p style=\"text-align: right;\"><em><a href=\"http:\/\/www.msds-europe.com\/es\/servicios-productos-cosmeticos\/\">Servicios relacionados con productos cosm\u00e9ticos<\/a><span style=\"text-align: left; color: #333333; text-transform: none; text-indent: 0px; letter-spacing: normal; font-family: Georgia,'Times New Roman','Bitstream Charter',Times,serif; font-size: 16px; font-variant: normal; font-weight: 400; text-decoration: none; word-spacing: 0px; display: inline !important; white-space: normal; cursor: text; orphans: 2; float: none; -webkit-text-stroke-width: 0px; background-color: transparent;\">\u00a0\u2013\u00a0Creaci\u00f3n de ficha de datos de seguridad para productos cosm\u00e9ticos<\/span><\/em><\/p>\n<p>&nbsp;<\/p>\n<p style=\"text-align: justify;\">En muchos casos, nuestros clientes nos contactaron con la solicitud de crear una ficha de datos de seguridad para sus productos cosm\u00e9ticos.<\/p>\n<p style=\"text-align: justify;\">Por supuesto, nuestros clientes tambi\u00e9n estaban al tanto, y tambi\u00e9n hemos llamado su atenci\u00f3n sobre el hecho de que, para los productos cosm\u00e9ticos, las instrucciones de las normas de seguridad qu\u00edmica no se aplican.<\/p>\n<p style=\"text-align: justify;\">No existe una obligaci\u00f3n legal con respecto a los productos cosm\u00e9ticos que imponga obligaciones a los participantes del mercado con respecto a la existencia, transferencia o creaci\u00f3n de una ficha de datos de seguridad.<\/p>\n<p>&nbsp;<\/p>\n<h2 style=\"text-align: justify;\">Se recomienda la ficha de datos de seguridad para productos cosm\u00e9ticos para las siguientes consideraciones<\/h2>\n<p style=\"text-align: justify;\">Durante la producci\u00f3n, el almacenamiento, el embalaje o el transporte de productos cosm\u00e9ticos, pueden producirse riesgos potenciales con respecto a los empleados. Una ficha de datos de seguridad podr\u00eda ser una excelente \u00abherramienta\u00bb para transferir la informaci\u00f3n requerida para un trabajo seguro.<\/p>\n<p style=\"text-align: justify;\">Al preparar una ficha de datos de seguridad para un producto cosm\u00e9tico, se trata de la misma manera que cualquier otra mezcla.<\/p>\n<p style=\"text-align: justify;\">Tomamos en cuenta los requisitos de contenido y formato y la<a href=\"http:\/\/www.msds-europe.com\/es\/cambios-reguladores-seguridad-quimica\/\"> legislaci\u00f3n pertinente<\/a> con respecto a las fichas de datos de seguridad.<\/p>\n<p>&nbsp;<\/p>\n<h2 style=\"text-align: justify;\">M\u00e1s informaci\u00f3n sobre nuestros servicios relacionados con la creaci\u00f3n de fichas de datos de seguridad<\/h2>\n<p style=\"text-align: justify;\">Las descripciones de los servicios que puede encontrar en la secci\u00f3n \u00ab<a href=\"http:\/\/www.msds-europe.com\/es\/compilacion-creacion-ficha-de-datos-de-seguridad\/\">Servicios de la ficha de datos de seguridad<\/a>\u00bb se aplican tambi\u00e9n a los procedimientos utilizados para productos cosm\u00e9ticos.<\/p>\n<p style=\"text-align: justify;\">En cada caso, indicamos en la ficha de datos de seguridad que, en el caso del producto actual, no es obligatorio proporcionar una ficha de datos de seguridad para el consumidor; adem\u00e1s, los datos publicados tienen una finalidad meramente informativa.<\/p>\n<p>&nbsp;<\/p>\n<h2 style=\"text-align: justify;\">Solicitud de presupuesto para la creaci\u00f3n de la ficha de datos de seguridad<\/h2>\n<p style=\"text-align: justify;\"><a href=\"mailto:info@msds-europe.com\">Responderemos a las solicitudes de presupuesto enviadas a trav\u00e9s de correo electr\u00f3nico<\/a> o <a href=\"http:\/\/www.msds-europe.com\/es\/solicitud-presupuesto-para-cosmeticos\/\">nuestro formulario en l\u00ednea<\/a> en el plazo de 24 horas.<br \/>\n<a href=\"http:\/\/www.msds-europe.com\/es\/servicio-de-atencion-al-cliente\/\">Nuestro servicio de atenci\u00f3n al cliente<\/a> le ayudar\u00e1 a seleccionar el servicio adecuado.<\/p>\n<p>&nbsp;<\/p>\n<h3 style=\"text-align: justify;\"><span style=\"color: #333333;\">Servicios relacionados con nuestro servicio de creaci\u00f3n de fichas de datos de seguridad<\/span><\/h3>\n<ul>\n<li><a title=\"Creaci\u00f3n, traducci\u00f3n del proyecto de etiqueta para productos cosm\u00e9ticos\" href=\"http:\/\/www.msds-europe.com\/es\/creacion-traduccion-etiqueta-cosmeticos\/\">Creaci\u00f3n, traducci\u00f3n del proyecto de etiqueta para productos cosm\u00e9ticos<\/a><\/li>\n<li><a title=\"Servicio de notificaci\u00f3n CPNP\" href=\"http:\/\/www.msds-europe.com\/es\/cpnp-notification-servicio\/\">Servicio de notificaci\u00f3n CPNP<\/a><\/li>\n<\/ul>\n<p>&nbsp;<\/p>\n","protected":false},"excerpt":{"rendered":"<p>Nuestra ficha de datos de seguridad es opcional en el caso de productos cosm\u00e9ticos. No es obligatorio crear una ficha de datos de seguridad para productos cosm\u00e9ticos, pero en muchos casos puede ser un medio de comunicaci\u00f3n adecuado teniendo en cuenta la seguridad en el lugar de trabajo.<\/p>\n","protected":false},"author":2,"featured_media":0,"parent":0,"menu_order":0,"comment_status":"closed","ping_status":"closed","template":"","meta":{"_acf_changed":false,"footnotes":""},"tags":[253,269,293],"class_list":["post-3934","page","type-page","status-publish","hentry","tag-ficha-de-datos-de-seguridad-es","tag-productos-cosmeticos-es","tag-servicios-relacionados-con-productos-cosmeticos-es"],"acf":[],"yoast_head":"<!-- This site is optimized with the Yoast SEO plugin v27.2 - https:\/\/yoast.com\/product\/yoast-seo-wordpress\/ -->\n<title>Creaci\u00f3n de ficha de datos de seguridad para productos cosm\u00e9ticos - MSDS Europe<\/title>\n<meta name=\"robots\" content=\"index, follow, max-snippet:-1, max-image-preview:large, max-video-preview:-1\" \/>\n<link rel=\"canonical\" href=\"https:\/\/www.msds-europe.com\/es\/creacion-de-fds-para-productos-cosmeticos\/\" \/>\n<meta property=\"og:locale\" content=\"es_ES\" \/>\n<meta property=\"og:type\" content=\"article\" \/>\n<meta property=\"og:title\" content=\"Creaci\u00f3n de ficha de datos de seguridad para productos cosm\u00e9ticos - MSDS Europe\" \/>\n<meta property=\"og:description\" content=\"Nuestra ficha de datos de seguridad es opcional en el caso de productos cosm\u00e9ticos. No es obligatorio crear una ficha de datos de seguridad para productos cosm\u00e9ticos, pero en muchos casos puede ser un medio de comunicaci\u00f3n adecuado teniendo en cuenta la seguridad en el lugar de trabajo.\" \/>\n<meta property=\"og:url\" content=\"https:\/\/www.msds-europe.com\/es\/creacion-de-fds-para-productos-cosmeticos\/\" \/>\n<meta property=\"og:site_name\" content=\"MSDS Europe\" \/>\n<meta property=\"article:publisher\" content=\"https:\/\/www.facebook.com\/toxinfokft\/\" \/>\n<meta property=\"article:modified_time\" content=\"2018-06-29T13:23:13+00:00\" \/>\n<meta name=\"twitter:card\" content=\"summary_large_image\" \/>\n<meta name=\"twitter:site\" content=\"@ToxInfoKft\" \/>\n<meta name=\"twitter:label1\" content=\"Tiempo de lectura\" \/>\n\t<meta name=\"twitter:data1\" content=\"2 minutos\" \/>\n<script type=\"application\/ld+json\" class=\"yoast-schema-graph\">{\"@context\":\"https:\/\/schema.org\",\"@graph\":[{\"@type\":\"WebPage\",\"@id\":\"https:\/\/www.msds-europe.com\/es\/creacion-de-fds-para-productos-cosmeticos\/\",\"url\":\"https:\/\/www.msds-europe.com\/es\/creacion-de-fds-para-productos-cosmeticos\/\",\"name\":\"Creaci\u00f3n de ficha de datos de seguridad para productos cosm\u00e9ticos - MSDS Europe\",\"isPartOf\":{\"@id\":\"https:\/\/www.msds-europe.com\/es\/#website\"},\"datePublished\":\"2018-05-22T10:12:50+00:00\",\"dateModified\":\"2018-06-29T13:23:13+00:00\",\"breadcrumb\":{\"@id\":\"https:\/\/www.msds-europe.com\/es\/creacion-de-fds-para-productos-cosmeticos\/#breadcrumb\"},\"inLanguage\":\"es\",\"potentialAction\":[{\"@type\":\"ReadAction\",\"target\":[\"https:\/\/www.msds-europe.com\/es\/creacion-de-fds-para-productos-cosmeticos\/\"]}]},{\"@type\":\"BreadcrumbList\",\"@id\":\"https:\/\/www.msds-europe.com\/es\/creacion-de-fds-para-productos-cosmeticos\/#breadcrumb\",\"itemListElement\":[{\"@type\":\"ListItem\",\"position\":1,\"name\":\"F\u0151oldal\",\"item\":\"https:\/\/www.msds-europe.com\/es\/\"},{\"@type\":\"ListItem\",\"position\":2,\"name\":\"Creaci\u00f3n de ficha de datos de seguridad para productos cosm\u00e9ticos\"}]},{\"@type\":\"WebSite\",\"@id\":\"https:\/\/www.msds-europe.com\/es\/#website\",\"url\":\"https:\/\/www.msds-europe.com\/es\/\",\"name\":\"MSDS Europe\",\"description\":\"\",\"publisher\":{\"@id\":\"https:\/\/www.msds-europe.com\/es\/#organization\"},\"potentialAction\":[{\"@type\":\"SearchAction\",\"target\":{\"@type\":\"EntryPoint\",\"urlTemplate\":\"https:\/\/www.msds-europe.com\/es\/?s={search_term_string}\"},\"query-input\":{\"@type\":\"PropertyValueSpecification\",\"valueRequired\":true,\"valueName\":\"search_term_string\"}}],\"inLanguage\":\"es\"},{\"@type\":\"Organization\",\"@id\":\"https:\/\/www.msds-europe.com\/es\/#organization\",\"name\":\"MSDS-Europe International branch of ToxInfo\",\"url\":\"https:\/\/www.msds-europe.com\/es\/\",\"logo\":{\"@type\":\"ImageObject\",\"inLanguage\":\"es\",\"@id\":\"https:\/\/www.msds-europe.com\/es\/#\/schema\/logo\/image\/\",\"url\":\"https:\/\/www.msds-europe.com\/wp-content\/uploads\/2021\/04\/msds-europe-logo.jpg\",\"contentUrl\":\"https:\/\/www.msds-europe.com\/wp-content\/uploads\/2021\/04\/msds-europe-logo.jpg\",\"width\":2296,\"height\":1067,\"caption\":\"MSDS-Europe International branch of ToxInfo\"},\"image\":{\"@id\":\"https:\/\/www.msds-europe.com\/es\/#\/schema\/logo\/image\/\"},\"sameAs\":[\"https:\/\/www.facebook.com\/toxinfokft\/\",\"https:\/\/x.com\/ToxInfoKft\"]}]}<\/script>\n<!-- \/ Yoast SEO plugin. -->","yoast_head_json":{"title":"Creaci\u00f3n de ficha de datos de seguridad para productos cosm\u00e9ticos - MSDS Europe","robots":{"index":"index","follow":"follow","max-snippet":"max-snippet:-1","max-image-preview":"max-image-preview:large","max-video-preview":"max-video-preview:-1"},"canonical":"https:\/\/www.msds-europe.com\/es\/creacion-de-fds-para-productos-cosmeticos\/","og_locale":"es_ES","og_type":"article","og_title":"Creaci\u00f3n de ficha de datos de seguridad para productos cosm\u00e9ticos - MSDS Europe","og_description":"Nuestra ficha de datos de seguridad es opcional en el caso de productos cosm\u00e9ticos. No es obligatorio crear una ficha de datos de seguridad para productos cosm\u00e9ticos, pero en muchos casos puede ser un medio de comunicaci\u00f3n adecuado teniendo en cuenta la seguridad en el lugar de trabajo.","og_url":"https:\/\/www.msds-europe.com\/es\/creacion-de-fds-para-productos-cosmeticos\/","og_site_name":"MSDS Europe","article_publisher":"https:\/\/www.facebook.com\/toxinfokft\/","article_modified_time":"2018-06-29T13:23:13+00:00","twitter_card":"summary_large_image","twitter_site":"@ToxInfoKft","twitter_misc":{"Tiempo de lectura":"2 minutos"},"schema":{"@context":"https:\/\/schema.org","@graph":[{"@type":"WebPage","@id":"https:\/\/www.msds-europe.com\/es\/creacion-de-fds-para-productos-cosmeticos\/","url":"https:\/\/www.msds-europe.com\/es\/creacion-de-fds-para-productos-cosmeticos\/","name":"Creaci\u00f3n de ficha de datos de seguridad para productos cosm\u00e9ticos - MSDS Europe","isPartOf":{"@id":"https:\/\/www.msds-europe.com\/es\/#website"},"datePublished":"2018-05-22T10:12:50+00:00","dateModified":"2018-06-29T13:23:13+00:00","breadcrumb":{"@id":"https:\/\/www.msds-europe.com\/es\/creacion-de-fds-para-productos-cosmeticos\/#breadcrumb"},"inLanguage":"es","potentialAction":[{"@type":"ReadAction","target":["https:\/\/www.msds-europe.com\/es\/creacion-de-fds-para-productos-cosmeticos\/"]}]},{"@type":"BreadcrumbList","@id":"https:\/\/www.msds-europe.com\/es\/creacion-de-fds-para-productos-cosmeticos\/#breadcrumb","itemListElement":[{"@type":"ListItem","position":1,"name":"F\u0151oldal","item":"https:\/\/www.msds-europe.com\/es\/"},{"@type":"ListItem","position":2,"name":"Creaci\u00f3n de ficha de datos de seguridad para productos cosm\u00e9ticos"}]},{"@type":"WebSite","@id":"https:\/\/www.msds-europe.com\/es\/#website","url":"https:\/\/www.msds-europe.com\/es\/","name":"MSDS Europe","description":"","publisher":{"@id":"https:\/\/www.msds-europe.com\/es\/#organization"},"potentialAction":[{"@type":"SearchAction","target":{"@type":"EntryPoint","urlTemplate":"https:\/\/www.msds-europe.com\/es\/?s={search_term_string}"},"query-input":{"@type":"PropertyValueSpecification","valueRequired":true,"valueName":"search_term_string"}}],"inLanguage":"es"},{"@type":"Organization","@id":"https:\/\/www.msds-europe.com\/es\/#organization","name":"MSDS-Europe International branch of ToxInfo","url":"https:\/\/www.msds-europe.com\/es\/","logo":{"@type":"ImageObject","inLanguage":"es","@id":"https:\/\/www.msds-europe.com\/es\/#\/schema\/logo\/image\/","url":"https:\/\/www.msds-europe.com\/wp-content\/uploads\/2021\/04\/msds-europe-logo.jpg","contentUrl":"https:\/\/www.msds-europe.com\/wp-content\/uploads\/2021\/04\/msds-europe-logo.jpg","width":2296,"height":1067,"caption":"MSDS-Europe International branch of ToxInfo"},"image":{"@id":"https:\/\/www.msds-europe.com\/es\/#\/schema\/logo\/image\/"},"sameAs":["https:\/\/www.facebook.com\/toxinfokft\/","https:\/\/x.com\/ToxInfoKft"]}]}},"_links":{"self":[{"href":"https:\/\/www.msds-europe.com\/es\/wp-json\/wp\/v2\/pages\/3934","targetHints":{"allow":["GET"]}}],"collection":[{"href":"https:\/\/www.msds-europe.com\/es\/wp-json\/wp\/v2\/pages"}],"about":[{"href":"https:\/\/www.msds-europe.com\/es\/wp-json\/wp\/v2\/types\/page"}],"author":[{"embeddable":true,"href":"https:\/\/www.msds-europe.com\/es\/wp-json\/wp\/v2\/users\/2"}],"replies":[{"embeddable":true,"href":"https:\/\/www.msds-europe.com\/es\/wp-json\/wp\/v2\/comments?post=3934"}],"version-history":[{"count":5,"href":"https:\/\/www.msds-europe.com\/es\/wp-json\/wp\/v2\/pages\/3934\/revisions"}],"predecessor-version":[{"id":6789,"href":"https:\/\/www.msds-europe.com\/es\/wp-json\/wp\/v2\/pages\/3934\/revisions\/6789"}],"wp:attachment":[{"href":"https:\/\/www.msds-europe.com\/es\/wp-json\/wp\/v2\/media?parent=3934"}],"wp:term":[{"taxonomy":"post_tag","embeddable":true,"href":"https:\/\/www.msds-europe.com\/es\/wp-json\/wp\/v2\/tags?post=3934"}],"curies":[{"name":"wp","href":"https:\/\/api.w.org\/{rel}","templated":true}]}}