{"id":3929,"date":"2018-05-22T10:08:33","date_gmt":"2018-05-22T10:08:33","guid":{"rendered":"http:\/\/www.msds-europe.com\/creacion-traduccion-del-proyecto-de-etiqueta-para-productos-cosmeticos\/"},"modified":"2018-07-04T13:45:22","modified_gmt":"2018-07-04T13:45:22","slug":"creacion-traduccion-etiqueta-cosmeticos","status":"publish","type":"page","link":"https:\/\/www.msds-europe.com\/es\/creacion-traduccion-etiqueta-cosmeticos\/","title":{"rendered":"Creaci\u00f3n, traducci\u00f3n del proyecto de etiqueta para productos cosm\u00e9ticos"},"content":{"rendered":"<p style=\"text-align: right;\"><em><a href=\"http:\/\/www.msds-europe.com\/es\/servicios-productos-cosmeticos\/\">Servicios relacionados con productos cosm\u00e9ticos<\/a>\u00a0\u2013\u00a0Creaci\u00f3n, traducci\u00f3n del proyecto de etiquetas de productos cosm\u00e9ticos<\/em><\/p>\n<p>&nbsp;<\/p>\n<p style=\"text-align: justify;\">Creaci\u00f3n del proyecto de etiqueta para productos cosm\u00e9ticos de acuerdo con las reglamentaciones pertinentes y la traducci\u00f3n a todos los idiomas de la UE.<\/p>\n<p>&nbsp;<\/p>\n<h2 style=\"text-align: justify;\">Creaci\u00f3n del proyecto de etiqueta para personas responsables<\/h2>\n<p style=\"text-align: justify;\"><strong>Creaci\u00f3n<\/strong> del proyecto de etiquetas para productos cosm\u00e9ticos de conformidad con el art\u00edculo 19 del Reglamento (CE) n.\u00ba 1223\/2009.<\/p>\n<p>&nbsp;<\/p>\n<h2 style=\"text-align: justify;\">Traducci\u00f3n del proyecto de etiqueta para distribuidores<\/h2>\n<p style=\"text-align: justify;\"><strong>Traducci\u00f3n<\/strong> del proyecto de etiquetas para productos cosm\u00e9ticos al h\u00fangaro y a los siguientes idiomas:<\/p>\n<p style=\"text-align: justify;\"><em>Ingl\u00e9s, checo, fin\u00e9s, franc\u00e9s, holand\u00e9s, croata, chino, noruego, alem\u00e1n, italiano, ruso, portugu\u00e9s, rumano, espa\u00f1ol, serbio, eslovaco, esloveno, turco, ucraniano, polaco, sueco.<\/em><\/p>\n<p>&nbsp;<\/p>\n<h2 style=\"text-align: justify;\">Solicitud de presupuesto para la creaci\u00f3n, traducci\u00f3n del proyecto de etiqueta<\/h2>\n<p style=\"text-align: justify;\"><a href=\"mailto:info@msds-europe.com\">Responderemos a las solicitudes de presupuesto enviadas a trav\u00e9s de correo electr\u00f3nico<\/a> o <a href=\"http:\/\/www.msds-europe.com\/es\/solicitud-presupuesto-para-cosmeticos\/\">nuestro formulario en l\u00ednea<\/a> en el plazo de 24 horas.<br \/>\n<a href=\"http:\/\/www.msds-europe.com\/es\/servicio-de-atencion-al-cliente\/\">Nuestro servicio de atenci\u00f3n al cliente<\/a> le ayudar\u00e1 a seleccionar el servicio adecuado.<\/p>\n<p>&nbsp;<\/p>\n<h3 style=\"text-align: justify;\"><span style=\"color: #333333;\">Materiales profesionales interesantes y \u00fatiles relacionados con el etiquetado de productos cosm\u00e9ticos<\/span><\/h3>\n<ul>\n<li><a title=\"Las responsabilidades de la persona responsable\" href=\"http:\/\/www.msds-europe.com\/es\/responsabilidades-persona-responsable\/\">Las responsabilidades de la persona responsable<\/a><\/li>\n<li><a title=\"Las obligaciones de los distribuidores de productos cosm\u00e9ticos\" href=\"http:\/\/www.msds-europe.com\/es\/obligaciones-distribuidores-productos-cosmeticos\/\">Las obligaciones de los distribuidores de productos cosm\u00e9ticos<\/a><\/li>\n<\/ul>\n<p>&nbsp;<\/p>\n<h3 style=\"text-align: justify;\"><span style=\"color: #333333;\">Servicios adicionales que recomendamos solicitar con nuestra creaci\u00f3n del proyecto de etiqueta, servicio de traducci\u00f3n para productos cosm\u00e9ticos<\/span><\/h3>\n<ul>\n<li><a title=\"Servicio de notificaci\u00f3n CPNP\" href=\"http:\/\/www.msds-europe.com\/es\/cpnp-notification-servicio\/\">Servicio de notificaci\u00f3n CPNP<\/a><\/li>\n<li><a title=\"Creaci\u00f3n de evaluaci\u00f3n de seguridad para cosm\u00e9ticos\" href=\"http:\/\/www.msds-europe.com\/es\/creacion-de-evaluacion-de-seguridad-para-cosmeticos\/\">Creaci\u00f3n de evaluaci\u00f3n de seguridad para cosm\u00e9ticos<\/a><\/li>\n<\/ul>\n<p>&nbsp;<\/p>\n","protected":false},"excerpt":{"rendered":"<p>Creaci\u00f3n, traducci\u00f3n del proyecto de etiqueta de productos cosm\u00e9ticos de acuerdo con las regulaciones pertinentes. <\/p>\n","protected":false},"author":2,"featured_media":0,"parent":0,"menu_order":0,"comment_status":"closed","ping_status":"closed","template":"","meta":{"_acf_changed":false,"footnotes":""},"tags":[269,293],"class_list":["post-3929","page","type-page","status-publish","hentry","tag-productos-cosmeticos-es","tag-servicios-relacionados-con-productos-cosmeticos-es"],"acf":[],"yoast_head":"<!-- This site is optimized with the Yoast SEO plugin v27.2 - https:\/\/yoast.com\/product\/yoast-seo-wordpress\/ -->\n<title>Creaci\u00f3n, traducci\u00f3n del proyecto de la etiqueta para cosm\u00e9ticos, productos cosm\u00e9ticos<\/title>\n<meta name=\"description\" content=\"Creaci\u00f3n, traducci\u00f3n del proyecto de etiqueta de productos cosm\u00e9ticos de acuerdo con las regulaciones pertinentes. Traducci\u00f3n del proyecto de etiqueta para productos cosm\u00e9ticos en todas las lenguas oficiales de la Uni\u00f3n Europea.\" \/>\n<meta name=\"robots\" content=\"index, follow, max-snippet:-1, max-image-preview:large, max-video-preview:-1\" \/>\n<link rel=\"canonical\" href=\"https:\/\/www.msds-europe.com\/es\/creacion-traduccion-etiqueta-cosmeticos\/\" \/>\n<meta property=\"og:locale\" content=\"es_ES\" \/>\n<meta property=\"og:type\" content=\"article\" \/>\n<meta property=\"og:title\" content=\"Creaci\u00f3n, traducci\u00f3n del proyecto de la etiqueta para cosm\u00e9ticos, productos cosm\u00e9ticos\" \/>\n<meta property=\"og:description\" content=\"Creaci\u00f3n, traducci\u00f3n del proyecto de etiqueta de productos cosm\u00e9ticos de acuerdo con las regulaciones pertinentes. Traducci\u00f3n del proyecto de etiqueta para productos cosm\u00e9ticos en todas las lenguas oficiales de la Uni\u00f3n Europea.\" \/>\n<meta property=\"og:url\" content=\"https:\/\/www.msds-europe.com\/es\/creacion-traduccion-etiqueta-cosmeticos\/\" \/>\n<meta property=\"og:site_name\" content=\"MSDS Europe\" \/>\n<meta property=\"article:publisher\" content=\"https:\/\/www.facebook.com\/toxinfokft\/\" \/>\n<meta property=\"article:modified_time\" content=\"2018-07-04T13:45:22+00:00\" \/>\n<meta name=\"twitter:card\" content=\"summary_large_image\" \/>\n<meta name=\"twitter:site\" content=\"@ToxInfoKft\" \/>\n<meta name=\"twitter:label1\" content=\"Tiempo de lectura\" \/>\n\t<meta name=\"twitter:data1\" content=\"1 minuto\" \/>\n<script type=\"application\/ld+json\" class=\"yoast-schema-graph\">{\"@context\":\"https:\/\/schema.org\",\"@graph\":[{\"@type\":\"WebPage\",\"@id\":\"https:\/\/www.msds-europe.com\/es\/creacion-traduccion-etiqueta-cosmeticos\/\",\"url\":\"https:\/\/www.msds-europe.com\/es\/creacion-traduccion-etiqueta-cosmeticos\/\",\"name\":\"Creaci\u00f3n, traducci\u00f3n del proyecto de la etiqueta para cosm\u00e9ticos, productos cosm\u00e9ticos\",\"isPartOf\":{\"@id\":\"https:\/\/www.msds-europe.com\/es\/#website\"},\"datePublished\":\"2018-05-22T10:08:33+00:00\",\"dateModified\":\"2018-07-04T13:45:22+00:00\",\"description\":\"Creaci\u00f3n, traducci\u00f3n del proyecto de etiqueta de productos cosm\u00e9ticos de acuerdo con las regulaciones pertinentes. Traducci\u00f3n del proyecto de etiqueta para productos cosm\u00e9ticos en todas las lenguas oficiales de la Uni\u00f3n Europea.\",\"breadcrumb\":{\"@id\":\"https:\/\/www.msds-europe.com\/es\/creacion-traduccion-etiqueta-cosmeticos\/#breadcrumb\"},\"inLanguage\":\"es\",\"potentialAction\":[{\"@type\":\"ReadAction\",\"target\":[\"https:\/\/www.msds-europe.com\/es\/creacion-traduccion-etiqueta-cosmeticos\/\"]}]},{\"@type\":\"BreadcrumbList\",\"@id\":\"https:\/\/www.msds-europe.com\/es\/creacion-traduccion-etiqueta-cosmeticos\/#breadcrumb\",\"itemListElement\":[{\"@type\":\"ListItem\",\"position\":1,\"name\":\"F\u0151oldal\",\"item\":\"https:\/\/www.msds-europe.com\/es\/\"},{\"@type\":\"ListItem\",\"position\":2,\"name\":\"Creaci\u00f3n, traducci\u00f3n del proyecto de etiqueta para productos cosm\u00e9ticos\"}]},{\"@type\":\"WebSite\",\"@id\":\"https:\/\/www.msds-europe.com\/es\/#website\",\"url\":\"https:\/\/www.msds-europe.com\/es\/\",\"name\":\"MSDS Europe\",\"description\":\"\",\"publisher\":{\"@id\":\"https:\/\/www.msds-europe.com\/es\/#organization\"},\"potentialAction\":[{\"@type\":\"SearchAction\",\"target\":{\"@type\":\"EntryPoint\",\"urlTemplate\":\"https:\/\/www.msds-europe.com\/es\/?s={search_term_string}\"},\"query-input\":{\"@type\":\"PropertyValueSpecification\",\"valueRequired\":true,\"valueName\":\"search_term_string\"}}],\"inLanguage\":\"es\"},{\"@type\":\"Organization\",\"@id\":\"https:\/\/www.msds-europe.com\/es\/#organization\",\"name\":\"MSDS-Europe International branch of ToxInfo\",\"url\":\"https:\/\/www.msds-europe.com\/es\/\",\"logo\":{\"@type\":\"ImageObject\",\"inLanguage\":\"es\",\"@id\":\"https:\/\/www.msds-europe.com\/es\/#\/schema\/logo\/image\/\",\"url\":\"https:\/\/www.msds-europe.com\/wp-content\/uploads\/2021\/04\/msds-europe-logo.jpg\",\"contentUrl\":\"https:\/\/www.msds-europe.com\/wp-content\/uploads\/2021\/04\/msds-europe-logo.jpg\",\"width\":2296,\"height\":1067,\"caption\":\"MSDS-Europe International branch of ToxInfo\"},\"image\":{\"@id\":\"https:\/\/www.msds-europe.com\/es\/#\/schema\/logo\/image\/\"},\"sameAs\":[\"https:\/\/www.facebook.com\/toxinfokft\/\",\"https:\/\/x.com\/ToxInfoKft\"]}]}<\/script>\n<!-- \/ Yoast SEO plugin. -->","yoast_head_json":{"title":"Creaci\u00f3n, traducci\u00f3n del proyecto de la etiqueta para cosm\u00e9ticos, productos cosm\u00e9ticos","description":"Creaci\u00f3n, traducci\u00f3n del proyecto de etiqueta de productos cosm\u00e9ticos de acuerdo con las regulaciones pertinentes. Traducci\u00f3n del proyecto de etiqueta para productos cosm\u00e9ticos en todas las lenguas oficiales de la Uni\u00f3n Europea.","robots":{"index":"index","follow":"follow","max-snippet":"max-snippet:-1","max-image-preview":"max-image-preview:large","max-video-preview":"max-video-preview:-1"},"canonical":"https:\/\/www.msds-europe.com\/es\/creacion-traduccion-etiqueta-cosmeticos\/","og_locale":"es_ES","og_type":"article","og_title":"Creaci\u00f3n, traducci\u00f3n del proyecto de la etiqueta para cosm\u00e9ticos, productos cosm\u00e9ticos","og_description":"Creaci\u00f3n, traducci\u00f3n del proyecto de etiqueta de productos cosm\u00e9ticos de acuerdo con las regulaciones pertinentes. Traducci\u00f3n del proyecto de etiqueta para productos cosm\u00e9ticos en todas las lenguas oficiales de la Uni\u00f3n Europea.","og_url":"https:\/\/www.msds-europe.com\/es\/creacion-traduccion-etiqueta-cosmeticos\/","og_site_name":"MSDS Europe","article_publisher":"https:\/\/www.facebook.com\/toxinfokft\/","article_modified_time":"2018-07-04T13:45:22+00:00","twitter_card":"summary_large_image","twitter_site":"@ToxInfoKft","twitter_misc":{"Tiempo de lectura":"1 minuto"},"schema":{"@context":"https:\/\/schema.org","@graph":[{"@type":"WebPage","@id":"https:\/\/www.msds-europe.com\/es\/creacion-traduccion-etiqueta-cosmeticos\/","url":"https:\/\/www.msds-europe.com\/es\/creacion-traduccion-etiqueta-cosmeticos\/","name":"Creaci\u00f3n, traducci\u00f3n del proyecto de la etiqueta para cosm\u00e9ticos, productos cosm\u00e9ticos","isPartOf":{"@id":"https:\/\/www.msds-europe.com\/es\/#website"},"datePublished":"2018-05-22T10:08:33+00:00","dateModified":"2018-07-04T13:45:22+00:00","description":"Creaci\u00f3n, traducci\u00f3n del proyecto de etiqueta de productos cosm\u00e9ticos de acuerdo con las regulaciones pertinentes. Traducci\u00f3n del proyecto de etiqueta para productos cosm\u00e9ticos en todas las lenguas oficiales de la Uni\u00f3n Europea.","breadcrumb":{"@id":"https:\/\/www.msds-europe.com\/es\/creacion-traduccion-etiqueta-cosmeticos\/#breadcrumb"},"inLanguage":"es","potentialAction":[{"@type":"ReadAction","target":["https:\/\/www.msds-europe.com\/es\/creacion-traduccion-etiqueta-cosmeticos\/"]}]},{"@type":"BreadcrumbList","@id":"https:\/\/www.msds-europe.com\/es\/creacion-traduccion-etiqueta-cosmeticos\/#breadcrumb","itemListElement":[{"@type":"ListItem","position":1,"name":"F\u0151oldal","item":"https:\/\/www.msds-europe.com\/es\/"},{"@type":"ListItem","position":2,"name":"Creaci\u00f3n, traducci\u00f3n del proyecto de etiqueta para productos cosm\u00e9ticos"}]},{"@type":"WebSite","@id":"https:\/\/www.msds-europe.com\/es\/#website","url":"https:\/\/www.msds-europe.com\/es\/","name":"MSDS Europe","description":"","publisher":{"@id":"https:\/\/www.msds-europe.com\/es\/#organization"},"potentialAction":[{"@type":"SearchAction","target":{"@type":"EntryPoint","urlTemplate":"https:\/\/www.msds-europe.com\/es\/?s={search_term_string}"},"query-input":{"@type":"PropertyValueSpecification","valueRequired":true,"valueName":"search_term_string"}}],"inLanguage":"es"},{"@type":"Organization","@id":"https:\/\/www.msds-europe.com\/es\/#organization","name":"MSDS-Europe International branch of ToxInfo","url":"https:\/\/www.msds-europe.com\/es\/","logo":{"@type":"ImageObject","inLanguage":"es","@id":"https:\/\/www.msds-europe.com\/es\/#\/schema\/logo\/image\/","url":"https:\/\/www.msds-europe.com\/wp-content\/uploads\/2021\/04\/msds-europe-logo.jpg","contentUrl":"https:\/\/www.msds-europe.com\/wp-content\/uploads\/2021\/04\/msds-europe-logo.jpg","width":2296,"height":1067,"caption":"MSDS-Europe International branch of ToxInfo"},"image":{"@id":"https:\/\/www.msds-europe.com\/es\/#\/schema\/logo\/image\/"},"sameAs":["https:\/\/www.facebook.com\/toxinfokft\/","https:\/\/x.com\/ToxInfoKft"]}]}},"_links":{"self":[{"href":"https:\/\/www.msds-europe.com\/es\/wp-json\/wp\/v2\/pages\/3929","targetHints":{"allow":["GET"]}}],"collection":[{"href":"https:\/\/www.msds-europe.com\/es\/wp-json\/wp\/v2\/pages"}],"about":[{"href":"https:\/\/www.msds-europe.com\/es\/wp-json\/wp\/v2\/types\/page"}],"author":[{"embeddable":true,"href":"https:\/\/www.msds-europe.com\/es\/wp-json\/wp\/v2\/users\/2"}],"replies":[{"embeddable":true,"href":"https:\/\/www.msds-europe.com\/es\/wp-json\/wp\/v2\/comments?post=3929"}],"version-history":[{"count":5,"href":"https:\/\/www.msds-europe.com\/es\/wp-json\/wp\/v2\/pages\/3929\/revisions"}],"predecessor-version":[{"id":7368,"href":"https:\/\/www.msds-europe.com\/es\/wp-json\/wp\/v2\/pages\/3929\/revisions\/7368"}],"wp:attachment":[{"href":"https:\/\/www.msds-europe.com\/es\/wp-json\/wp\/v2\/media?parent=3929"}],"wp:term":[{"taxonomy":"post_tag","embeddable":true,"href":"https:\/\/www.msds-europe.com\/es\/wp-json\/wp\/v2\/tags?post=3929"}],"curies":[{"name":"wp","href":"https:\/\/api.w.org\/{rel}","templated":true}]}}