{"id":3924,"date":"2018-05-22T10:01:35","date_gmt":"2018-05-22T10:01:35","guid":{"rendered":"http:\/\/www.msds-europe.com\/creacion-de-evaluacion-de-seguridad-para-cosmeticos\/"},"modified":"2023-02-13T12:44:54","modified_gmt":"2023-02-13T12:44:54","slug":"creacion-de-evaluacion-de-seguridad-para-cosmeticos","status":"publish","type":"page","link":"https:\/\/www.msds-europe.com\/es\/creacion-de-evaluacion-de-seguridad-para-cosmeticos\/","title":{"rendered":"Creaci\u00f3n de evaluaci\u00f3n de seguridad para cosm\u00e9ticos"},"content":{"rendered":"<p style=\"text-align: right;\"><a href=\"http:\/\/www.msds-europe.com\/es\/servicios-productos-cosmeticos\/\"><em>Creaci\u00f3n de evaluaci\u00f3n de seguridad para productos cosm\u00e9ticos<\/em><\/a><em>\u00a0\u2013\u00a0Creaci\u00f3n de evaluaci\u00f3n de seguridad para cosm\u00e9ticos<\/em><\/p>\n<p>&nbsp;<\/p>\n<p style=\"text-align: justify;\">Durante la creaci\u00f3n de una evaluaci\u00f3n de seguridad, tomamos en consideraci\u00f3n las indicaciones del anexo I del <strong>Reglamento (CE) n.\u00ba 1223\/2009<\/strong>.<\/p>\n<p style=\"text-align: right;\"><a href=\"https:\/\/www.msds-europe.com\/es\/cambios-reguladores-seguridad-quimica\/\"><em>Observador de cambio regulatorio<\/em><\/a><\/p>\n<h2 style=\"text-align: justify;\">Creaci\u00f3n de evaluaci\u00f3n de seguridad<\/h2>\n<p style=\"text-align: justify;\">A fin de demostrar que un producto cosm\u00e9tico cumple con la normativa, la persona responsable deber\u00e1, antes de comercializar un producto cosm\u00e9tico, asegurarse de que el producto cosm\u00e9tico ha sido evaluado de forma segura sobre la base de la informaci\u00f3n pertinente y que un informe de seguridad de un producto cosm\u00e9tico est\u00e1 configurado.<\/p>\n<p style=\"text-align: justify;\">La evaluaci\u00f3n de seguridad solo puede ser <strong>llevada a cabo<\/strong> por una persona cualificada, que tenga la experiencia profesional adecuada y las <strong>cualificaciones especificadas por la reglamentaci\u00f3n<\/strong>.<\/p>\n<p>&nbsp;<\/p>\n<h2 style=\"text-align: justify;\">Informaci\u00f3n necesaria<\/h2>\n<ul style=\"text-align: justify;\">\n<li>Datos de la compa\u00f1\u00eda e informaci\u00f3n de contacto del fabricante y el distribuidor<\/li>\n<li>Formulaci\u00f3n del producto<\/li>\n<li>Las fichas de datos de seguridad de los componentes de acuerdo con el <strong>Reglamento (UE) 2020\/878<\/strong>, la especificaci\u00f3n y el certificado de an\u00e1lisis de los componentes, aseguran que cumplen los requisitos sobre productos cosm\u00e9ticos.<br \/>\nTambi\u00e9n se deben adjuntar los valores de LOAEL o NOAEL relevantes para los componentes (estos pueden solicitarse al proveedor de los materiales base)<\/li>\n<li>Lista de fragancias alerg\u00e9nicas<\/li>\n<li>Datos y especificaciones relevantes para el producto terminado (par\u00e1metros f\u00edsicos, qu\u00edmicos, limpieza microbiol\u00f3gica, etc.)<br \/>\nLa limpieza microbiol\u00f3gica se justificar\u00e1 con los resultados de las pruebas de laboratorio<\/li>\n<li>Especificaci\u00f3n de tama\u00f1os de paquetes, material de embalaje y embalaje, certificado de que cumplen con los requisitos relevantes para el envasado de productos cosm\u00e9ticos<\/li>\n<li>Pruebas de estabilidad<\/li>\n<li>Descripci\u00f3n del m\u00e9todo de fabricaci\u00f3n, certificados de sitio de fabricaci\u00f3n (sobre el cumplimiento de GMP)<\/li>\n<li>Manual de usuario<\/li>\n<li>La etiqueta del producto original en el idioma del pa\u00eds donde el producto se ha comercializado por primera vez<\/li>\n<li>Declaraci\u00f3n sobre si se usaron pruebas en animales<\/li>\n<\/ul>\n<p style=\"text-align: justify;\"><em>La lista es solo indicativa. Adem\u00e1s de la informaci\u00f3n anterior, es posible que se necesiten m\u00e1s datos seg\u00fan el tipo\/naturaleza del producto.<\/em><\/p>\n<p>&nbsp;<\/p>\n<h2 style=\"text-align: justify;\">La evaluaci\u00f3n de seguridad hecha por nuestra compa\u00f1\u00eda se puede usar para<\/h2>\n<ul>\n<li>etiquetar el producto cosm\u00e9tico usando la informaci\u00f3n apropiada<\/li>\n<li>informar a los clientes<\/li>\n<li>la notificaci\u00f3n de CPNP del producto<\/li>\n<li>la transmisi\u00f3n de la informaci\u00f3n requerida por el reglamento sobre cosm\u00e9ticos<\/li>\n<li>creaci\u00f3n de condiciones de trabajo seguras<\/li>\n<\/ul>\n<p>&nbsp;<\/p>\n<h2 style=\"text-align: justify;\">Garant\u00eda de calidad en el proceso de creaci\u00f3n de evaluaci\u00f3n de seguridad<\/h2>\n<p style=\"text-align: justify;\">Asumimos la plena responsabilidad por el cumplimiento legal de las evaluaciones de seguridad realizadas por nuestra empresa y por su aceptaci\u00f3n oficial.<\/p>\n<p style=\"text-align: justify;\">En caso de posibles reclamaciones de autoridad, nuestra empresa modificar\u00e1 o enmendar\u00e1 el documento.<br \/>\nNuestra empresa no se hace responsable de los problemas\/p\u00e9rdidas que resulten de datos\/informaci\u00f3n insuficiente o no proporcionada.<\/p>\n<p>&nbsp;<\/p>\n<h2 style=\"text-align: justify;\">Procesos simples y r\u00e1pidos durante nuestro servicio de creaci\u00f3n de evaluaci\u00f3n de seguridad<\/h2>\n<p style=\"text-align: justify;\"><a href=\"mailto:info@msds-europe.com\">Responderemos a las solicitudes de presupuesto enviadas a trav\u00e9s de correo electr\u00f3nico<\/a> o nuestro formulario en l\u00ednea en el plazo de 24 horas.<br \/>\nComo anexo a nuestra oferta, tambi\u00e9n le enviaremos nuestro formulario de pedido para simplificar el proceso de pedido.<\/p>\n<p style=\"text-align: justify;\">Solo tiene que enviar el formulario de pedido rellenado y proporcionar los documentos y datos necesarios que solicitamos en nuestra oferta, y nos ocuparemos de cualquier otra cosa relacionada con el pedido.<\/p>\n<p style=\"text-align: right;\"><a href=\"https:\/\/www.msds-europe.com\/es\/solicitud-presupuesto-para-cosmeticos\/\"><em>Presupuesto para servicios relacionados con productos cosm\u00e9ticos<\/em><\/a><\/p>\n<p>&nbsp;<\/p>\n<h2 style=\"text-align: justify;\">Garant\u00eda<\/h2>\n<p style=\"text-align: justify;\">Asumimos la total responsabilidad profesional y financiera por las evaluaciones de seguridad creadas por nuestra empresa y por todos nuestros servicios relacionados. Nuestra garant\u00eda financiera incluye el reembolso de todos los da\u00f1os directos e indirectos.<\/p>\n<p>&nbsp;<\/p>\n<h2 style=\"text-align: justify;\">Asistencia despu\u00e9s de usar nuestros servicios<\/h2>\n<p style=\"text-align: justify;\">Despu\u00e9s de utilizar nuestros servicios, nuestros expertos en servicio de atenci\u00f3n al cliente tambi\u00e9n le ayudar\u00e1n con la interpretaci\u00f3n y el uso de la evaluaci\u00f3n de seguridad creada y pueden ayudarlo con las tareas relacionadas.<\/p>\n<p style=\"text-align: right;\"><a href=\"https:\/\/www.msds-europe.com\/es\/servicio-de-atencion-al-cliente\/\"><em>Servicio de atenci\u00f3n al cliente<\/em><\/a><\/p>\n<p>&nbsp;<\/p>\n<h3 style=\"text-align: justify;\">Servicios relacionados con nuestro servicio de creaci\u00f3n de evaluaci\u00f3n de seguridad<\/h3>\n<ul>\n<li><a href=\"https:\/\/www.msds-europe.com\/es\/creacion-de-fds-para-productos-cosmeticos\/\">Creaci\u00f3n de ficha de datos de seguridad para productos cosm\u00e9ticos<\/a><\/li>\n<li><a href=\"https:\/\/www.msds-europe.com\/es\/cpnp-notification-servicio\/\">Servicio de notificaci\u00f3n CPNP<\/a><\/li>\n<\/ul>\n<p>&nbsp;<\/p>\n<h3 style=\"text-align: justify;\">Material profesional interesante y \u00fatil relacionado con nuestro servicio de creaci\u00f3n de evaluaci\u00f3n de seguridad<\/h3>\n<ul>\n<li><a href=\"https:\/\/www.msds-europe.com\/es\/responsabilidades-persona-responsable\/\">Las responsabilidades de la persona responsable<\/a><\/li>\n<li><a href=\"https:\/\/www.msds-europe.com\/es\/obligaciones-distribuidores-productos-cosmeticos\/\">Las obligaciones de los distribuidores de productos cosm\u00e9ticos<\/a><\/li>\n<\/ul>\n<p>&nbsp;<\/p>\n","protected":false},"excerpt":{"rendered":"<p>Creaci\u00f3n de un servicio de evaluaci\u00f3n de la seguridad para productos cosm\u00e9ticos de acuerdo con el Reglamento (CE) n.\u00ba 1223\/2009<\/p>\n","protected":false},"author":2,"featured_media":0,"parent":0,"menu_order":0,"comment_status":"closed","ping_status":"closed","template":"","meta":{"_acf_changed":false,"footnotes":""},"tags":[269,293],"class_list":["post-3924","page","type-page","status-publish","hentry","tag-productos-cosmeticos-es","tag-servicios-relacionados-con-productos-cosmeticos-es"],"acf":[],"yoast_head":"<!-- This site is optimized with the Yoast SEO plugin v27.2 - https:\/\/yoast.com\/product\/yoast-seo-wordpress\/ -->\n<title>Creaci\u00f3n de evaluaci\u00f3n de seguridad para productos cosm\u00e9ticos<\/title>\n<meta name=\"description\" content=\"Creaci\u00f3n de evaluaci\u00f3n de seguridad para cosm\u00e9ticos, productos cosm\u00e9ticos. Referencias internacionales.\" \/>\n<meta name=\"robots\" content=\"index, follow, max-snippet:-1, max-image-preview:large, max-video-preview:-1\" \/>\n<link rel=\"canonical\" href=\"https:\/\/www.msds-europe.com\/es\/creacion-de-evaluacion-de-seguridad-para-cosmeticos\/\" \/>\n<meta property=\"og:locale\" content=\"es_ES\" \/>\n<meta property=\"og:type\" content=\"article\" \/>\n<meta property=\"og:title\" content=\"Creaci\u00f3n de evaluaci\u00f3n de seguridad para productos cosm\u00e9ticos\" \/>\n<meta property=\"og:description\" content=\"Creaci\u00f3n de evaluaci\u00f3n de seguridad para cosm\u00e9ticos, productos cosm\u00e9ticos. Referencias internacionales.\" \/>\n<meta property=\"og:url\" content=\"https:\/\/www.msds-europe.com\/es\/creacion-de-evaluacion-de-seguridad-para-cosmeticos\/\" \/>\n<meta property=\"og:site_name\" content=\"MSDS Europe\" \/>\n<meta property=\"article:publisher\" content=\"https:\/\/www.facebook.com\/toxinfokft\/\" \/>\n<meta property=\"article:modified_time\" content=\"2023-02-13T12:44:54+00:00\" \/>\n<meta name=\"twitter:card\" content=\"summary_large_image\" \/>\n<meta name=\"twitter:site\" content=\"@ToxInfoKft\" \/>\n<meta name=\"twitter:label1\" content=\"Tiempo de lectura\" \/>\n\t<meta name=\"twitter:data1\" content=\"3 minutos\" \/>\n<script type=\"application\/ld+json\" class=\"yoast-schema-graph\">{\"@context\":\"https:\/\/schema.org\",\"@graph\":[{\"@type\":\"WebPage\",\"@id\":\"https:\/\/www.msds-europe.com\/es\/creacion-de-evaluacion-de-seguridad-para-cosmeticos\/\",\"url\":\"https:\/\/www.msds-europe.com\/es\/creacion-de-evaluacion-de-seguridad-para-cosmeticos\/\",\"name\":\"Creaci\u00f3n de evaluaci\u00f3n de seguridad para productos cosm\u00e9ticos\",\"isPartOf\":{\"@id\":\"https:\/\/www.msds-europe.com\/es\/#website\"},\"datePublished\":\"2018-05-22T10:01:35+00:00\",\"dateModified\":\"2023-02-13T12:44:54+00:00\",\"description\":\"Creaci\u00f3n de evaluaci\u00f3n de seguridad para cosm\u00e9ticos, productos cosm\u00e9ticos. Referencias internacionales.\",\"breadcrumb\":{\"@id\":\"https:\/\/www.msds-europe.com\/es\/creacion-de-evaluacion-de-seguridad-para-cosmeticos\/#breadcrumb\"},\"inLanguage\":\"es\",\"potentialAction\":[{\"@type\":\"ReadAction\",\"target\":[\"https:\/\/www.msds-europe.com\/es\/creacion-de-evaluacion-de-seguridad-para-cosmeticos\/\"]}]},{\"@type\":\"BreadcrumbList\",\"@id\":\"https:\/\/www.msds-europe.com\/es\/creacion-de-evaluacion-de-seguridad-para-cosmeticos\/#breadcrumb\",\"itemListElement\":[{\"@type\":\"ListItem\",\"position\":1,\"name\":\"F\u0151oldal\",\"item\":\"https:\/\/www.msds-europe.com\/es\/\"},{\"@type\":\"ListItem\",\"position\":2,\"name\":\"Creaci\u00f3n de evaluaci\u00f3n de seguridad para cosm\u00e9ticos\"}]},{\"@type\":\"WebSite\",\"@id\":\"https:\/\/www.msds-europe.com\/es\/#website\",\"url\":\"https:\/\/www.msds-europe.com\/es\/\",\"name\":\"MSDS Europe\",\"description\":\"\",\"publisher\":{\"@id\":\"https:\/\/www.msds-europe.com\/es\/#organization\"},\"potentialAction\":[{\"@type\":\"SearchAction\",\"target\":{\"@type\":\"EntryPoint\",\"urlTemplate\":\"https:\/\/www.msds-europe.com\/es\/?s={search_term_string}\"},\"query-input\":{\"@type\":\"PropertyValueSpecification\",\"valueRequired\":true,\"valueName\":\"search_term_string\"}}],\"inLanguage\":\"es\"},{\"@type\":\"Organization\",\"@id\":\"https:\/\/www.msds-europe.com\/es\/#organization\",\"name\":\"MSDS-Europe International branch of ToxInfo\",\"url\":\"https:\/\/www.msds-europe.com\/es\/\",\"logo\":{\"@type\":\"ImageObject\",\"inLanguage\":\"es\",\"@id\":\"https:\/\/www.msds-europe.com\/es\/#\/schema\/logo\/image\/\",\"url\":\"https:\/\/www.msds-europe.com\/wp-content\/uploads\/2021\/04\/msds-europe-logo.jpg\",\"contentUrl\":\"https:\/\/www.msds-europe.com\/wp-content\/uploads\/2021\/04\/msds-europe-logo.jpg\",\"width\":2296,\"height\":1067,\"caption\":\"MSDS-Europe International branch of ToxInfo\"},\"image\":{\"@id\":\"https:\/\/www.msds-europe.com\/es\/#\/schema\/logo\/image\/\"},\"sameAs\":[\"https:\/\/www.facebook.com\/toxinfokft\/\",\"https:\/\/x.com\/ToxInfoKft\"]}]}<\/script>\n<!-- \/ Yoast SEO plugin. -->","yoast_head_json":{"title":"Creaci\u00f3n de evaluaci\u00f3n de seguridad para productos cosm\u00e9ticos","description":"Creaci\u00f3n de evaluaci\u00f3n de seguridad para cosm\u00e9ticos, productos cosm\u00e9ticos. Referencias internacionales.","robots":{"index":"index","follow":"follow","max-snippet":"max-snippet:-1","max-image-preview":"max-image-preview:large","max-video-preview":"max-video-preview:-1"},"canonical":"https:\/\/www.msds-europe.com\/es\/creacion-de-evaluacion-de-seguridad-para-cosmeticos\/","og_locale":"es_ES","og_type":"article","og_title":"Creaci\u00f3n de evaluaci\u00f3n de seguridad para productos cosm\u00e9ticos","og_description":"Creaci\u00f3n de evaluaci\u00f3n de seguridad para cosm\u00e9ticos, productos cosm\u00e9ticos. Referencias internacionales.","og_url":"https:\/\/www.msds-europe.com\/es\/creacion-de-evaluacion-de-seguridad-para-cosmeticos\/","og_site_name":"MSDS Europe","article_publisher":"https:\/\/www.facebook.com\/toxinfokft\/","article_modified_time":"2023-02-13T12:44:54+00:00","twitter_card":"summary_large_image","twitter_site":"@ToxInfoKft","twitter_misc":{"Tiempo de lectura":"3 minutos"},"schema":{"@context":"https:\/\/schema.org","@graph":[{"@type":"WebPage","@id":"https:\/\/www.msds-europe.com\/es\/creacion-de-evaluacion-de-seguridad-para-cosmeticos\/","url":"https:\/\/www.msds-europe.com\/es\/creacion-de-evaluacion-de-seguridad-para-cosmeticos\/","name":"Creaci\u00f3n de evaluaci\u00f3n de seguridad para productos cosm\u00e9ticos","isPartOf":{"@id":"https:\/\/www.msds-europe.com\/es\/#website"},"datePublished":"2018-05-22T10:01:35+00:00","dateModified":"2023-02-13T12:44:54+00:00","description":"Creaci\u00f3n de evaluaci\u00f3n de seguridad para cosm\u00e9ticos, productos cosm\u00e9ticos. Referencias internacionales.","breadcrumb":{"@id":"https:\/\/www.msds-europe.com\/es\/creacion-de-evaluacion-de-seguridad-para-cosmeticos\/#breadcrumb"},"inLanguage":"es","potentialAction":[{"@type":"ReadAction","target":["https:\/\/www.msds-europe.com\/es\/creacion-de-evaluacion-de-seguridad-para-cosmeticos\/"]}]},{"@type":"BreadcrumbList","@id":"https:\/\/www.msds-europe.com\/es\/creacion-de-evaluacion-de-seguridad-para-cosmeticos\/#breadcrumb","itemListElement":[{"@type":"ListItem","position":1,"name":"F\u0151oldal","item":"https:\/\/www.msds-europe.com\/es\/"},{"@type":"ListItem","position":2,"name":"Creaci\u00f3n de evaluaci\u00f3n de seguridad para cosm\u00e9ticos"}]},{"@type":"WebSite","@id":"https:\/\/www.msds-europe.com\/es\/#website","url":"https:\/\/www.msds-europe.com\/es\/","name":"MSDS Europe","description":"","publisher":{"@id":"https:\/\/www.msds-europe.com\/es\/#organization"},"potentialAction":[{"@type":"SearchAction","target":{"@type":"EntryPoint","urlTemplate":"https:\/\/www.msds-europe.com\/es\/?s={search_term_string}"},"query-input":{"@type":"PropertyValueSpecification","valueRequired":true,"valueName":"search_term_string"}}],"inLanguage":"es"},{"@type":"Organization","@id":"https:\/\/www.msds-europe.com\/es\/#organization","name":"MSDS-Europe International branch of ToxInfo","url":"https:\/\/www.msds-europe.com\/es\/","logo":{"@type":"ImageObject","inLanguage":"es","@id":"https:\/\/www.msds-europe.com\/es\/#\/schema\/logo\/image\/","url":"https:\/\/www.msds-europe.com\/wp-content\/uploads\/2021\/04\/msds-europe-logo.jpg","contentUrl":"https:\/\/www.msds-europe.com\/wp-content\/uploads\/2021\/04\/msds-europe-logo.jpg","width":2296,"height":1067,"caption":"MSDS-Europe International branch of ToxInfo"},"image":{"@id":"https:\/\/www.msds-europe.com\/es\/#\/schema\/logo\/image\/"},"sameAs":["https:\/\/www.facebook.com\/toxinfokft\/","https:\/\/x.com\/ToxInfoKft"]}]}},"_links":{"self":[{"href":"https:\/\/www.msds-europe.com\/es\/wp-json\/wp\/v2\/pages\/3924","targetHints":{"allow":["GET"]}}],"collection":[{"href":"https:\/\/www.msds-europe.com\/es\/wp-json\/wp\/v2\/pages"}],"about":[{"href":"https:\/\/www.msds-europe.com\/es\/wp-json\/wp\/v2\/types\/page"}],"author":[{"embeddable":true,"href":"https:\/\/www.msds-europe.com\/es\/wp-json\/wp\/v2\/users\/2"}],"replies":[{"embeddable":true,"href":"https:\/\/www.msds-europe.com\/es\/wp-json\/wp\/v2\/comments?post=3924"}],"version-history":[{"count":10,"href":"https:\/\/www.msds-europe.com\/es\/wp-json\/wp\/v2\/pages\/3924\/revisions"}],"predecessor-version":[{"id":28107,"href":"https:\/\/www.msds-europe.com\/es\/wp-json\/wp\/v2\/pages\/3924\/revisions\/28107"}],"wp:attachment":[{"href":"https:\/\/www.msds-europe.com\/es\/wp-json\/wp\/v2\/media?parent=3924"}],"wp:term":[{"taxonomy":"post_tag","embeddable":true,"href":"https:\/\/www.msds-europe.com\/es\/wp-json\/wp\/v2\/tags?post=3924"}],"curies":[{"name":"wp","href":"https:\/\/api.w.org\/{rel}","templated":true}]}}