{"id":3919,"date":"2018-05-22T09:54:47","date_gmt":"2018-05-22T09:54:47","guid":{"rendered":"http:\/\/www.msds-europe.com\/servicio-de-notificacion-cpnp\/"},"modified":"2018-06-29T05:10:05","modified_gmt":"2018-06-29T05:10:05","slug":"cpnp-notification-servicio","status":"publish","type":"page","link":"https:\/\/www.msds-europe.com\/es\/cpnp-notification-servicio\/","title":{"rendered":"Servicio de notificaci\u00f3n CPNP"},"content":{"rendered":"<p style=\"text-align: right;\"><a href=\"http:\/\/www.msds-europe.com\/es\/productos-cosmeticos\/\"><em>Servicios relacionados con productos cosm\u00e9ticos<\/em><\/a><em>\u00a0\u2013\u00a0Servicio de notificaci\u00f3n CPNP<\/em><\/p>\n<p>&nbsp;<\/p>\n<p style=\"text-align: justify;\">Seg\u00fan el Reglamento (CE) n.\u00ba 1223\/2009, el requisito previo para comercializar un producto cosm\u00e9tico en la Uni\u00f3n Europea es notificarlo a trav\u00e9s de una interfaz electr\u00f3nica central, el CPNP (Portal de Notificaci\u00f3n de Productos Cosm\u00e9ticos).<\/p>\n<p>&nbsp;<\/p>\n<h3>El proceso de nuestro servicio de notificaci\u00f3n de CPNP<\/h3>\n<h2 style=\"text-align: justify;\">Proporcionar acceso al portal de CPNP (registro)<\/h2>\n<p style=\"text-align: justify;\">Para utilizar el portal de CPNP, el notificador debe crear una cuenta de inicio de sesi\u00f3n en la UE (ex ECAS) y debe solicitar el acceso en SAAS.<\/p>\n<p style=\"text-align: justify;\">Si es necesario,<strong> tambi\u00e9n brindamos asistencia en el proceso de registro<\/strong>.<\/p>\n<p style=\"text-align: justify;\">Asistencia en el auto registro:<\/p>\n<ul>\n<li><a href=\"https:\/\/webgate.ec.europa.eu\/cas\/eim\/external\/register.cgi\">Crear una cuenta de usuario\/contrase\u00f1a de inicio de sesi\u00f3n en la UE (antiguo ECAS)<\/a><\/li>\n<li><a href=\"https:\/\/webgate.ec.europa.eu\/saas\">Solicitar acceso al portal de CPNP a trav\u00e9s del sistema SAAS<\/a><\/li>\n<li><a href=\"https:\/\/webgate.ec.europa.eu\/cpnp\">Conect\u00e1ndose al portal de CPNP<\/a><\/li>\n<\/ul>\n<p>&nbsp;<\/p>\n<h2 style=\"text-align: justify;\">Comunicaci\u00f3n de datos seg\u00fan el \u00abestado\u00bb del distribuidor del producto cosm\u00e9tico &#8211; Notificaci\u00f3n de CPNP<\/h2>\n<p style=\"text-align: justify;\">Hay dos tipos de notificaciones basadas en el estado del distribuidor:<\/p>\n<ul style=\"text-align: justify;\">\n<li>Notificaci\u00f3n de la persona responsable (fabricante, importador)<\/li>\n<li>Notificaci\u00f3n por el distribuidor<\/li>\n<\/ul>\n<p style=\"text-align: justify;\">En posesi\u00f3n de la informaci\u00f3n de registro notificamos los datos requeridos y la informaci\u00f3n a trav\u00e9s del portal de CPNP con respecto al \u00abestado\u00bb del notificador.<\/p>\n<p>&nbsp;<\/p>\n<h2 style=\"text-align: justify;\">Para la notificaci\u00f3n de CPNP realizada en nombre de la persona responsable, se env\u00edan los siguientes datos\/informaci\u00f3n<\/h2>\n<ul style=\"text-align: justify;\">\n<li>etiquetado original<\/li>\n<li>foto del embalaje del producto<\/li>\n<li>otros datos e informaci\u00f3n de conformidad con el art\u00edculo 13 del Reglamento (CE) n.\u00ba 1223\/2009 sobre productos cosm\u00e9ticos<\/li>\n<\/ul>\n<p>&nbsp;<\/p>\n<h2 style=\"text-align: justify;\">Para la notificaci\u00f3n de CPNP realizada en nombre del distribuidor, se env\u00edan los siguientes datos\/informaci\u00f3n<\/h2>\n<ul style=\"text-align: justify;\">\n<li>Texto de etiqueta, traducido a la lengua oficial del Estado miembro en el que se comercializar\u00e1 el producto cosm\u00e9tico.<\/li>\n<li>Otra informaci\u00f3n relevante<\/li>\n<\/ul>\n<p style=\"text-align: justify;\"><em>Nota:<\/em><br \/>\n<em>Si el distribuidor pone un producto cosm\u00e9tico en el mercado con su nombre o marca o cambia el producto ya en el mercado de manera que pueda afectar al cumplimiento del producto con los requisitos, se le considera la persona responsable.<\/em><br \/>\n<em>Si se cumple lo anterior, la notificaci\u00f3n de CPNP se realizar\u00e1 de acuerdo con los requisitos para las personas responsables.<\/em><\/p>\n<p>&nbsp;<\/p>\n<h2 style=\"text-align: justify;\">Solicitud de presupuesto para el servicio de notificaci\u00f3n de CPNP<\/h2>\n<p style=\"text-align: justify;\"><a href=\"mailto:info@msds-europe.com\">Responderemos a las solicitudes de presupuesto enviadas a trav\u00e9s de correo electr\u00f3nico<\/a> o <a href=\"http:\/\/www.msds-europe.com\/es\/solicitud-presupuesto-para-cosmeticos\/\">nuestro formulario en l\u00ednea<\/a> en el plazo de 24 horas.<br \/>\nNuestro <a href=\"http:\/\/www.msds-europe.com\/es\/servicio-de-atencion-al-cliente\/\">servicio de atenci\u00f3n al cliente<\/a> le ayudar\u00e1 a seleccionar el servicio adecuado.<\/p>\n<p>&nbsp;<\/p>\n<h2 style=\"text-align: justify;\">Servicios relacionados con nuestro servicio de notificaci\u00f3n de CPNP<\/h2>\n<p style=\"text-align: justify;\">Servicio para la coordinaci\u00f3n del proceso de notificaci\u00f3n completo para productos cosm\u00e9ticos (recopilaci\u00f3n de datos, organizaci\u00f3n de pruebas de laboratorio, <a href=\"http:\/\/www.msds-europe.com\/es\/creacion-traduccion-etiqueta-cosmeticos\/\">creaci\u00f3n de etiquetas<\/a>, creaci\u00f3n de evaluaciones de seguridad).<\/p>\n<p>&nbsp;<\/p>\n","protected":false},"excerpt":{"rendered":"<p>Servicio de notificaci\u00f3n de productos cosm\u00e9ticos al portal CPNP.<\/p>\n","protected":false},"author":2,"featured_media":0,"parent":0,"menu_order":0,"comment_status":"closed","ping_status":"closed","template":"","meta":{"_acf_changed":false,"footnotes":""},"tags":[269,293],"class_list":["post-3919","page","type-page","status-publish","hentry","tag-productos-cosmeticos-es","tag-servicios-relacionados-con-productos-cosmeticos-es"],"acf":[],"yoast_head":"<!-- This site is optimized with the Yoast SEO plugin v27.2 - https:\/\/yoast.com\/product\/yoast-seo-wordpress\/ -->\n<title>Servicio de notificaci\u00f3n de CPNP para cosm\u00e9ticos, productos cosm\u00e9ticos<\/title>\n<meta name=\"description\" content=\"Servicio de notificaci\u00f3n de CPNP para la distribuci\u00f3n de productos cosm\u00e9ticos Asistencia en la notificaci\u00f3n de CPNP en nombre de la persona responsable en caso de fabricaci\u00f3n o importaci\u00f3n de productos cosm\u00e9ticos.\" \/>\n<meta name=\"robots\" content=\"index, follow, max-snippet:-1, max-image-preview:large, max-video-preview:-1\" \/>\n<link rel=\"canonical\" href=\"https:\/\/www.msds-europe.com\/es\/cpnp-notification-servicio\/\" \/>\n<meta property=\"og:locale\" content=\"es_ES\" \/>\n<meta property=\"og:type\" content=\"article\" \/>\n<meta property=\"og:title\" content=\"Servicio de notificaci\u00f3n de CPNP para cosm\u00e9ticos, productos cosm\u00e9ticos\" \/>\n<meta property=\"og:description\" content=\"Servicio de notificaci\u00f3n de CPNP para la distribuci\u00f3n de productos cosm\u00e9ticos Asistencia en la notificaci\u00f3n de CPNP en nombre de la persona responsable en caso de fabricaci\u00f3n o importaci\u00f3n de productos cosm\u00e9ticos.\" \/>\n<meta property=\"og:url\" content=\"https:\/\/www.msds-europe.com\/es\/cpnp-notification-servicio\/\" \/>\n<meta property=\"og:site_name\" content=\"MSDS Europe\" \/>\n<meta property=\"article:publisher\" content=\"https:\/\/www.facebook.com\/toxinfokft\/\" \/>\n<meta property=\"article:modified_time\" content=\"2018-06-29T05:10:05+00:00\" \/>\n<meta name=\"twitter:card\" content=\"summary_large_image\" \/>\n<meta name=\"twitter:site\" content=\"@ToxInfoKft\" \/>\n<meta name=\"twitter:label1\" content=\"Tiempo de lectura\" \/>\n\t<meta name=\"twitter:data1\" content=\"2 minutos\" \/>\n<script type=\"application\/ld+json\" class=\"yoast-schema-graph\">{\"@context\":\"https:\/\/schema.org\",\"@graph\":[{\"@type\":\"WebPage\",\"@id\":\"https:\/\/www.msds-europe.com\/es\/cpnp-notification-servicio\/\",\"url\":\"https:\/\/www.msds-europe.com\/es\/cpnp-notification-servicio\/\",\"name\":\"Servicio de notificaci\u00f3n de CPNP para cosm\u00e9ticos, productos cosm\u00e9ticos\",\"isPartOf\":{\"@id\":\"https:\/\/www.msds-europe.com\/es\/#website\"},\"datePublished\":\"2018-05-22T09:54:47+00:00\",\"dateModified\":\"2018-06-29T05:10:05+00:00\",\"description\":\"Servicio de notificaci\u00f3n de CPNP para la distribuci\u00f3n de productos cosm\u00e9ticos Asistencia en la notificaci\u00f3n de CPNP en nombre de la persona responsable en caso de fabricaci\u00f3n o importaci\u00f3n de productos cosm\u00e9ticos.\",\"breadcrumb\":{\"@id\":\"https:\/\/www.msds-europe.com\/es\/cpnp-notification-servicio\/#breadcrumb\"},\"inLanguage\":\"es\",\"potentialAction\":[{\"@type\":\"ReadAction\",\"target\":[\"https:\/\/www.msds-europe.com\/es\/cpnp-notification-servicio\/\"]}]},{\"@type\":\"BreadcrumbList\",\"@id\":\"https:\/\/www.msds-europe.com\/es\/cpnp-notification-servicio\/#breadcrumb\",\"itemListElement\":[{\"@type\":\"ListItem\",\"position\":1,\"name\":\"F\u0151oldal\",\"item\":\"https:\/\/www.msds-europe.com\/es\/\"},{\"@type\":\"ListItem\",\"position\":2,\"name\":\"Servicio de notificaci\u00f3n CPNP\"}]},{\"@type\":\"WebSite\",\"@id\":\"https:\/\/www.msds-europe.com\/es\/#website\",\"url\":\"https:\/\/www.msds-europe.com\/es\/\",\"name\":\"MSDS Europe\",\"description\":\"\",\"publisher\":{\"@id\":\"https:\/\/www.msds-europe.com\/es\/#organization\"},\"potentialAction\":[{\"@type\":\"SearchAction\",\"target\":{\"@type\":\"EntryPoint\",\"urlTemplate\":\"https:\/\/www.msds-europe.com\/es\/?s={search_term_string}\"},\"query-input\":{\"@type\":\"PropertyValueSpecification\",\"valueRequired\":true,\"valueName\":\"search_term_string\"}}],\"inLanguage\":\"es\"},{\"@type\":\"Organization\",\"@id\":\"https:\/\/www.msds-europe.com\/es\/#organization\",\"name\":\"MSDS-Europe International branch of ToxInfo\",\"url\":\"https:\/\/www.msds-europe.com\/es\/\",\"logo\":{\"@type\":\"ImageObject\",\"inLanguage\":\"es\",\"@id\":\"https:\/\/www.msds-europe.com\/es\/#\/schema\/logo\/image\/\",\"url\":\"https:\/\/www.msds-europe.com\/wp-content\/uploads\/2021\/04\/msds-europe-logo.jpg\",\"contentUrl\":\"https:\/\/www.msds-europe.com\/wp-content\/uploads\/2021\/04\/msds-europe-logo.jpg\",\"width\":2296,\"height\":1067,\"caption\":\"MSDS-Europe International branch of ToxInfo\"},\"image\":{\"@id\":\"https:\/\/www.msds-europe.com\/es\/#\/schema\/logo\/image\/\"},\"sameAs\":[\"https:\/\/www.facebook.com\/toxinfokft\/\",\"https:\/\/x.com\/ToxInfoKft\"]}]}<\/script>\n<!-- \/ Yoast SEO plugin. -->","yoast_head_json":{"title":"Servicio de notificaci\u00f3n de CPNP para cosm\u00e9ticos, productos cosm\u00e9ticos","description":"Servicio de notificaci\u00f3n de CPNP para la distribuci\u00f3n de productos cosm\u00e9ticos Asistencia en la notificaci\u00f3n de CPNP en nombre de la persona responsable en caso de fabricaci\u00f3n o importaci\u00f3n de productos cosm\u00e9ticos.","robots":{"index":"index","follow":"follow","max-snippet":"max-snippet:-1","max-image-preview":"max-image-preview:large","max-video-preview":"max-video-preview:-1"},"canonical":"https:\/\/www.msds-europe.com\/es\/cpnp-notification-servicio\/","og_locale":"es_ES","og_type":"article","og_title":"Servicio de notificaci\u00f3n de CPNP para cosm\u00e9ticos, productos cosm\u00e9ticos","og_description":"Servicio de notificaci\u00f3n de CPNP para la distribuci\u00f3n de productos cosm\u00e9ticos Asistencia en la notificaci\u00f3n de CPNP en nombre de la persona responsable en caso de fabricaci\u00f3n o importaci\u00f3n de productos cosm\u00e9ticos.","og_url":"https:\/\/www.msds-europe.com\/es\/cpnp-notification-servicio\/","og_site_name":"MSDS Europe","article_publisher":"https:\/\/www.facebook.com\/toxinfokft\/","article_modified_time":"2018-06-29T05:10:05+00:00","twitter_card":"summary_large_image","twitter_site":"@ToxInfoKft","twitter_misc":{"Tiempo de lectura":"2 minutos"},"schema":{"@context":"https:\/\/schema.org","@graph":[{"@type":"WebPage","@id":"https:\/\/www.msds-europe.com\/es\/cpnp-notification-servicio\/","url":"https:\/\/www.msds-europe.com\/es\/cpnp-notification-servicio\/","name":"Servicio de notificaci\u00f3n de CPNP para cosm\u00e9ticos, productos cosm\u00e9ticos","isPartOf":{"@id":"https:\/\/www.msds-europe.com\/es\/#website"},"datePublished":"2018-05-22T09:54:47+00:00","dateModified":"2018-06-29T05:10:05+00:00","description":"Servicio de notificaci\u00f3n de CPNP para la distribuci\u00f3n de productos cosm\u00e9ticos Asistencia en la notificaci\u00f3n de CPNP en nombre de la persona responsable en caso de fabricaci\u00f3n o importaci\u00f3n de productos cosm\u00e9ticos.","breadcrumb":{"@id":"https:\/\/www.msds-europe.com\/es\/cpnp-notification-servicio\/#breadcrumb"},"inLanguage":"es","potentialAction":[{"@type":"ReadAction","target":["https:\/\/www.msds-europe.com\/es\/cpnp-notification-servicio\/"]}]},{"@type":"BreadcrumbList","@id":"https:\/\/www.msds-europe.com\/es\/cpnp-notification-servicio\/#breadcrumb","itemListElement":[{"@type":"ListItem","position":1,"name":"F\u0151oldal","item":"https:\/\/www.msds-europe.com\/es\/"},{"@type":"ListItem","position":2,"name":"Servicio de notificaci\u00f3n CPNP"}]},{"@type":"WebSite","@id":"https:\/\/www.msds-europe.com\/es\/#website","url":"https:\/\/www.msds-europe.com\/es\/","name":"MSDS Europe","description":"","publisher":{"@id":"https:\/\/www.msds-europe.com\/es\/#organization"},"potentialAction":[{"@type":"SearchAction","target":{"@type":"EntryPoint","urlTemplate":"https:\/\/www.msds-europe.com\/es\/?s={search_term_string}"},"query-input":{"@type":"PropertyValueSpecification","valueRequired":true,"valueName":"search_term_string"}}],"inLanguage":"es"},{"@type":"Organization","@id":"https:\/\/www.msds-europe.com\/es\/#organization","name":"MSDS-Europe International branch of ToxInfo","url":"https:\/\/www.msds-europe.com\/es\/","logo":{"@type":"ImageObject","inLanguage":"es","@id":"https:\/\/www.msds-europe.com\/es\/#\/schema\/logo\/image\/","url":"https:\/\/www.msds-europe.com\/wp-content\/uploads\/2021\/04\/msds-europe-logo.jpg","contentUrl":"https:\/\/www.msds-europe.com\/wp-content\/uploads\/2021\/04\/msds-europe-logo.jpg","width":2296,"height":1067,"caption":"MSDS-Europe International branch of ToxInfo"},"image":{"@id":"https:\/\/www.msds-europe.com\/es\/#\/schema\/logo\/image\/"},"sameAs":["https:\/\/www.facebook.com\/toxinfokft\/","https:\/\/x.com\/ToxInfoKft"]}]}},"_links":{"self":[{"href":"https:\/\/www.msds-europe.com\/es\/wp-json\/wp\/v2\/pages\/3919","targetHints":{"allow":["GET"]}}],"collection":[{"href":"https:\/\/www.msds-europe.com\/es\/wp-json\/wp\/v2\/pages"}],"about":[{"href":"https:\/\/www.msds-europe.com\/es\/wp-json\/wp\/v2\/types\/page"}],"author":[{"embeddable":true,"href":"https:\/\/www.msds-europe.com\/es\/wp-json\/wp\/v2\/users\/2"}],"replies":[{"embeddable":true,"href":"https:\/\/www.msds-europe.com\/es\/wp-json\/wp\/v2\/comments?post=3919"}],"version-history":[{"count":5,"href":"https:\/\/www.msds-europe.com\/es\/wp-json\/wp\/v2\/pages\/3919\/revisions"}],"predecessor-version":[{"id":6658,"href":"https:\/\/www.msds-europe.com\/es\/wp-json\/wp\/v2\/pages\/3919\/revisions\/6658"}],"wp:attachment":[{"href":"https:\/\/www.msds-europe.com\/es\/wp-json\/wp\/v2\/media?parent=3919"}],"wp:term":[{"taxonomy":"post_tag","embeddable":true,"href":"https:\/\/www.msds-europe.com\/es\/wp-json\/wp\/v2\/tags?post=3919"}],"curies":[{"name":"wp","href":"https:\/\/api.w.org\/{rel}","templated":true}]}}