{"id":3914,"date":"2018-05-22T09:25:40","date_gmt":"2018-05-22T09:25:40","guid":{"rendered":"http:\/\/www.msds-europe.com\/servicios-relacionados-con-la-colocacion-de-productos-cosmeticos-en-el-mercado\/"},"modified":"2018-07-03T14:24:11","modified_gmt":"2018-07-03T14:24:11","slug":"servicios-productos-cosmeticos","status":"publish","type":"page","link":"https:\/\/www.msds-europe.com\/es\/servicios-productos-cosmeticos\/","title":{"rendered":"Servicios relacionados con la colocaci\u00f3n de productos cosm\u00e9ticos en el mercado"},"content":{"rendered":"<p style=\"text-align: right;\"><i><a href=\"http:\/\/www.msds-europe.com\/es\/\">MSDS-Europe<\/a> \u2013\u00a0Servicios relacionados con la colocaci\u00f3n de productos cosm\u00e9ticos en el mercado<\/i><\/p>\n<p>&nbsp;<\/p>\n<p style=\"text-align: justify;\"><i><\/i>Desarrollamos nuestra gama de servicios para satisfacer las necesidades de las empresas involucradas en la importaci\u00f3n y distribuci\u00f3n de productos cosm\u00e9ticos con el fin de ayudarlos a colocar sus productos en el mercado de la manera m\u00e1s eficiente posible.<\/p>\n<p style=\"text-align: justify;\">Ayudamos a nuestros socios en todo el proceso de licencia, desde la creaci\u00f3n de la etiqueta del producto hasta la finalizaci\u00f3n del proceso de notificaci\u00f3n.<\/p>\n<p style=\"text-align: justify;\">Nuestras actividades se llevan a cabo de acuerdo con la normativa sobre productos cosm\u00e9ticos (<strong>Reglamento 1223\/2009\/CE<\/strong>).<br \/>\nNuestra empresa tiene el grado determinado en la legislaci\u00f3n pertinente, y tiene el experto que tiene la experiencia profesional necesaria.<\/p>\n<p>&nbsp;<\/p>\n<h2 style=\"text-align: justify;\">En lo que podemos ayudar<\/h2>\n<ul style=\"text-align: justify;\">\n<li><a href=\"http:\/\/www.msds-europe.com\/es\/creacion-de-evaluacion-de-seguridad-para-cosmeticos\/\">Creaci\u00f3n de evaluaci\u00f3n de seguridad<\/a><\/li>\n<li><a href=\"http:\/\/www.msds-europe.com\/es\/creacion-traduccion-etiqueta-cosmeticos\/\">Compilaci\u00f3n del proyecto de etiqueta<\/a><\/li>\n<li><a href=\"http:\/\/www.msds-europe.com\/es\/cpnp-notification-servicio\/\">Notificaci\u00f3n a trav\u00e9s del portal CPNP<\/a><\/li>\n<li><a href=\"http:\/\/www.msds-europe.com\/es\/creacion-de-fds-para-productos-cosmeticos\/\">Creaci\u00f3n de ficha de datos de seguridad para productos cosm\u00e9ticos<\/a><\/li>\n<\/ul>\n<p style=\"text-align: justify;\"><em>Para ver una descripci\u00f3n detallada de nuestros servicios relacionados con cosm\u00e9ticos haga clic en cualquiera de los enlaces rojos arriba.<\/em><\/p>\n<p>&nbsp;<\/p>\n<h2>Garant\u00eda<\/h2>\n<p style=\"text-align: justify;\">Nuestra empresa asume la responsabilidad profesional y financiera total de nuestros servicios en relaci\u00f3n con el proceso de autorizaci\u00f3n de los productos cosm\u00e9ticos. Las observaciones que puedan surgir de diferentes autoridades y s\u00faplicas indicadas por nuestros Clientes se investigan en el plazo de 24 horas. Aceptamos las observaciones o reclamaciones en cualquiera de nuestros contactos.<\/p>\n<p>&nbsp;<\/p>\n<h2>Servicio al cliente<\/h2>\n<p style=\"text-align: justify;\">Nuestro servicio al cliente pone gran \u00e9nfasis en proporcionar informaci\u00f3n en la velocidad y calidad adecuadas.<\/p>\n<p style=\"text-align: justify;\">Nuestro <a href=\"http:\/\/www.msds-europe.com\/es\/servicio-de-atencion-al-cliente\/\">servicio de atenci\u00f3n al cliente<\/a> est\u00e1 disponible para responder preguntas t\u00e9cnicas o de otro tipo incluso despu\u00e9s de cumplir con el servicio ordenado con respecto a los productos cosm\u00e9ticos.<\/p>\n<p>&nbsp;<\/p>\n<h3 style=\"text-align: justify;\"><span style=\"color: #333333;\">Solicitud de presupuesto para servicios relacionados con productos cosm\u00e9ticos<\/span><\/h3>\n<p style=\"text-align: justify;\"><a href=\"mailto:info@msds-europe.com\">Responderemos a las solicitudes de presupuesto enviadas a trav\u00e9s de correo electr\u00f3nico<\/a> o nuestro <a href=\"http:\/\/www.msds-europe.com\/es\/solicitud-presupuesto-para-cosmeticos\/\">formulario en l\u00ednea<\/a> en el plazo de 24 horas.<br \/>\nNuestro <a href=\"http:\/\/www.msds-europe.com\/es\/servicio-de-atencion-al-cliente\/\">servicio de atenci\u00f3n al cliente<\/a> le ayudar\u00e1 a seleccionar el servicio adecuado.<\/p>\n<p>&nbsp;<\/p>\n","protected":false},"excerpt":{"rendered":"<p>Servicios relacionados con la colocaci\u00f3n de productos cosm\u00e9ticos en el mercado. Creaci\u00f3n de documentaci\u00f3n y notificaci\u00f3n para la distribuci\u00f3n y fabricaci\u00f3n de productos cosm\u00e9ticos.<\/p>\n","protected":false},"author":2,"featured_media":0,"parent":0,"menu_order":0,"comment_status":"closed","ping_status":"closed","template":"page-category.php","meta":{"_acf_changed":false,"footnotes":""},"tags":[269,293],"class_list":["post-3914","page","type-page","status-publish","hentry","tag-productos-cosmeticos-es","tag-servicios-relacionados-con-productos-cosmeticos-es"],"acf":[],"yoast_head":"<!-- This site is optimized with the Yoast SEO plugin v27.2 - https:\/\/yoast.com\/product\/yoast-seo-wordpress\/ -->\n<title>Servicios relacionados con la colocaci\u00f3n de productos cosm\u00e9ticos en el mercado<\/title>\n<meta name=\"description\" content=\"Servicios relacionados con la colocaci\u00f3n de productos cosm\u00e9ticos en el mercado. Creaci\u00f3n de documentaci\u00f3n y notificaci\u00f3n para la distribuci\u00f3n y fabricaci\u00f3n de productos cosm\u00e9ticos con garant\u00eda.\" \/>\n<meta name=\"robots\" content=\"index, follow, max-snippet:-1, max-image-preview:large, max-video-preview:-1\" \/>\n<link rel=\"canonical\" href=\"https:\/\/www.msds-europe.com\/es\/servicios-productos-cosmeticos\/\" \/>\n<meta property=\"og:locale\" content=\"es_ES\" \/>\n<meta property=\"og:type\" content=\"article\" \/>\n<meta property=\"og:title\" content=\"Servicios relacionados con la colocaci\u00f3n de productos cosm\u00e9ticos en el mercado\" \/>\n<meta property=\"og:description\" content=\"Servicios relacionados con la colocaci\u00f3n de productos cosm\u00e9ticos en el mercado. Creaci\u00f3n de documentaci\u00f3n y notificaci\u00f3n para la distribuci\u00f3n y fabricaci\u00f3n de productos cosm\u00e9ticos con garant\u00eda.\" \/>\n<meta property=\"og:url\" content=\"https:\/\/www.msds-europe.com\/es\/servicios-productos-cosmeticos\/\" \/>\n<meta property=\"og:site_name\" content=\"MSDS Europe\" \/>\n<meta property=\"article:publisher\" content=\"https:\/\/www.facebook.com\/toxinfokft\/\" \/>\n<meta property=\"article:modified_time\" content=\"2018-07-03T14:24:11+00:00\" \/>\n<meta name=\"twitter:card\" content=\"summary_large_image\" \/>\n<meta name=\"twitter:site\" content=\"@ToxInfoKft\" \/>\n<meta name=\"twitter:label1\" content=\"Tiempo de lectura\" \/>\n\t<meta name=\"twitter:data1\" content=\"2 minutos\" \/>\n<script type=\"application\/ld+json\" class=\"yoast-schema-graph\">{\"@context\":\"https:\/\/schema.org\",\"@graph\":[{\"@type\":\"WebPage\",\"@id\":\"https:\/\/www.msds-europe.com\/es\/servicios-productos-cosmeticos\/\",\"url\":\"https:\/\/www.msds-europe.com\/es\/servicios-productos-cosmeticos\/\",\"name\":\"Servicios relacionados con la colocaci\u00f3n de productos cosm\u00e9ticos en el mercado\",\"isPartOf\":{\"@id\":\"https:\/\/www.msds-europe.com\/es\/#website\"},\"datePublished\":\"2018-05-22T09:25:40+00:00\",\"dateModified\":\"2018-07-03T14:24:11+00:00\",\"description\":\"Servicios relacionados con la colocaci\u00f3n de productos cosm\u00e9ticos en el mercado. Creaci\u00f3n de documentaci\u00f3n y notificaci\u00f3n para la distribuci\u00f3n y fabricaci\u00f3n de productos cosm\u00e9ticos con garant\u00eda.\",\"breadcrumb\":{\"@id\":\"https:\/\/www.msds-europe.com\/es\/servicios-productos-cosmeticos\/#breadcrumb\"},\"inLanguage\":\"es\",\"potentialAction\":[{\"@type\":\"ReadAction\",\"target\":[\"https:\/\/www.msds-europe.com\/es\/servicios-productos-cosmeticos\/\"]}]},{\"@type\":\"BreadcrumbList\",\"@id\":\"https:\/\/www.msds-europe.com\/es\/servicios-productos-cosmeticos\/#breadcrumb\",\"itemListElement\":[{\"@type\":\"ListItem\",\"position\":1,\"name\":\"F\u0151oldal\",\"item\":\"https:\/\/www.msds-europe.com\/es\/\"},{\"@type\":\"ListItem\",\"position\":2,\"name\":\"Servicios relacionados con la colocaci\u00f3n de productos cosm\u00e9ticos en el mercado\"}]},{\"@type\":\"WebSite\",\"@id\":\"https:\/\/www.msds-europe.com\/es\/#website\",\"url\":\"https:\/\/www.msds-europe.com\/es\/\",\"name\":\"MSDS Europe\",\"description\":\"\",\"publisher\":{\"@id\":\"https:\/\/www.msds-europe.com\/es\/#organization\"},\"potentialAction\":[{\"@type\":\"SearchAction\",\"target\":{\"@type\":\"EntryPoint\",\"urlTemplate\":\"https:\/\/www.msds-europe.com\/es\/?s={search_term_string}\"},\"query-input\":{\"@type\":\"PropertyValueSpecification\",\"valueRequired\":true,\"valueName\":\"search_term_string\"}}],\"inLanguage\":\"es\"},{\"@type\":\"Organization\",\"@id\":\"https:\/\/www.msds-europe.com\/es\/#organization\",\"name\":\"MSDS-Europe International branch of ToxInfo\",\"url\":\"https:\/\/www.msds-europe.com\/es\/\",\"logo\":{\"@type\":\"ImageObject\",\"inLanguage\":\"es\",\"@id\":\"https:\/\/www.msds-europe.com\/es\/#\/schema\/logo\/image\/\",\"url\":\"https:\/\/www.msds-europe.com\/wp-content\/uploads\/2021\/04\/msds-europe-logo.jpg\",\"contentUrl\":\"https:\/\/www.msds-europe.com\/wp-content\/uploads\/2021\/04\/msds-europe-logo.jpg\",\"width\":2296,\"height\":1067,\"caption\":\"MSDS-Europe International branch of ToxInfo\"},\"image\":{\"@id\":\"https:\/\/www.msds-europe.com\/es\/#\/schema\/logo\/image\/\"},\"sameAs\":[\"https:\/\/www.facebook.com\/toxinfokft\/\",\"https:\/\/x.com\/ToxInfoKft\"]}]}<\/script>\n<!-- \/ Yoast SEO plugin. -->","yoast_head_json":{"title":"Servicios relacionados con la colocaci\u00f3n de productos cosm\u00e9ticos en el mercado","description":"Servicios relacionados con la colocaci\u00f3n de productos cosm\u00e9ticos en el mercado. Creaci\u00f3n de documentaci\u00f3n y notificaci\u00f3n para la distribuci\u00f3n y fabricaci\u00f3n de productos cosm\u00e9ticos con garant\u00eda.","robots":{"index":"index","follow":"follow","max-snippet":"max-snippet:-1","max-image-preview":"max-image-preview:large","max-video-preview":"max-video-preview:-1"},"canonical":"https:\/\/www.msds-europe.com\/es\/servicios-productos-cosmeticos\/","og_locale":"es_ES","og_type":"article","og_title":"Servicios relacionados con la colocaci\u00f3n de productos cosm\u00e9ticos en el mercado","og_description":"Servicios relacionados con la colocaci\u00f3n de productos cosm\u00e9ticos en el mercado. Creaci\u00f3n de documentaci\u00f3n y notificaci\u00f3n para la distribuci\u00f3n y fabricaci\u00f3n de productos cosm\u00e9ticos con garant\u00eda.","og_url":"https:\/\/www.msds-europe.com\/es\/servicios-productos-cosmeticos\/","og_site_name":"MSDS Europe","article_publisher":"https:\/\/www.facebook.com\/toxinfokft\/","article_modified_time":"2018-07-03T14:24:11+00:00","twitter_card":"summary_large_image","twitter_site":"@ToxInfoKft","twitter_misc":{"Tiempo de lectura":"2 minutos"},"schema":{"@context":"https:\/\/schema.org","@graph":[{"@type":"WebPage","@id":"https:\/\/www.msds-europe.com\/es\/servicios-productos-cosmeticos\/","url":"https:\/\/www.msds-europe.com\/es\/servicios-productos-cosmeticos\/","name":"Servicios relacionados con la colocaci\u00f3n de productos cosm\u00e9ticos en el mercado","isPartOf":{"@id":"https:\/\/www.msds-europe.com\/es\/#website"},"datePublished":"2018-05-22T09:25:40+00:00","dateModified":"2018-07-03T14:24:11+00:00","description":"Servicios relacionados con la colocaci\u00f3n de productos cosm\u00e9ticos en el mercado. Creaci\u00f3n de documentaci\u00f3n y notificaci\u00f3n para la distribuci\u00f3n y fabricaci\u00f3n de productos cosm\u00e9ticos con garant\u00eda.","breadcrumb":{"@id":"https:\/\/www.msds-europe.com\/es\/servicios-productos-cosmeticos\/#breadcrumb"},"inLanguage":"es","potentialAction":[{"@type":"ReadAction","target":["https:\/\/www.msds-europe.com\/es\/servicios-productos-cosmeticos\/"]}]},{"@type":"BreadcrumbList","@id":"https:\/\/www.msds-europe.com\/es\/servicios-productos-cosmeticos\/#breadcrumb","itemListElement":[{"@type":"ListItem","position":1,"name":"F\u0151oldal","item":"https:\/\/www.msds-europe.com\/es\/"},{"@type":"ListItem","position":2,"name":"Servicios relacionados con la colocaci\u00f3n de productos cosm\u00e9ticos en el mercado"}]},{"@type":"WebSite","@id":"https:\/\/www.msds-europe.com\/es\/#website","url":"https:\/\/www.msds-europe.com\/es\/","name":"MSDS Europe","description":"","publisher":{"@id":"https:\/\/www.msds-europe.com\/es\/#organization"},"potentialAction":[{"@type":"SearchAction","target":{"@type":"EntryPoint","urlTemplate":"https:\/\/www.msds-europe.com\/es\/?s={search_term_string}"},"query-input":{"@type":"PropertyValueSpecification","valueRequired":true,"valueName":"search_term_string"}}],"inLanguage":"es"},{"@type":"Organization","@id":"https:\/\/www.msds-europe.com\/es\/#organization","name":"MSDS-Europe International branch of ToxInfo","url":"https:\/\/www.msds-europe.com\/es\/","logo":{"@type":"ImageObject","inLanguage":"es","@id":"https:\/\/www.msds-europe.com\/es\/#\/schema\/logo\/image\/","url":"https:\/\/www.msds-europe.com\/wp-content\/uploads\/2021\/04\/msds-europe-logo.jpg","contentUrl":"https:\/\/www.msds-europe.com\/wp-content\/uploads\/2021\/04\/msds-europe-logo.jpg","width":2296,"height":1067,"caption":"MSDS-Europe International branch of ToxInfo"},"image":{"@id":"https:\/\/www.msds-europe.com\/es\/#\/schema\/logo\/image\/"},"sameAs":["https:\/\/www.facebook.com\/toxinfokft\/","https:\/\/x.com\/ToxInfoKft"]}]}},"_links":{"self":[{"href":"https:\/\/www.msds-europe.com\/es\/wp-json\/wp\/v2\/pages\/3914","targetHints":{"allow":["GET"]}}],"collection":[{"href":"https:\/\/www.msds-europe.com\/es\/wp-json\/wp\/v2\/pages"}],"about":[{"href":"https:\/\/www.msds-europe.com\/es\/wp-json\/wp\/v2\/types\/page"}],"author":[{"embeddable":true,"href":"https:\/\/www.msds-europe.com\/es\/wp-json\/wp\/v2\/users\/2"}],"replies":[{"embeddable":true,"href":"https:\/\/www.msds-europe.com\/es\/wp-json\/wp\/v2\/comments?post=3914"}],"version-history":[{"count":5,"href":"https:\/\/www.msds-europe.com\/es\/wp-json\/wp\/v2\/pages\/3914\/revisions"}],"predecessor-version":[{"id":7293,"href":"https:\/\/www.msds-europe.com\/es\/wp-json\/wp\/v2\/pages\/3914\/revisions\/7293"}],"wp:attachment":[{"href":"https:\/\/www.msds-europe.com\/es\/wp-json\/wp\/v2\/media?parent=3914"}],"wp:term":[{"taxonomy":"post_tag","embeddable":true,"href":"https:\/\/www.msds-europe.com\/es\/wp-json\/wp\/v2\/tags?post=3914"}],"curies":[{"name":"wp","href":"https:\/\/api.w.org\/{rel}","templated":true}]}}