{"id":3837,"date":"2018-05-16T09:06:57","date_gmt":"2018-05-16T09:06:57","guid":{"rendered":"http:\/\/www.msds-europe.com\/acerca-de-los-softwares-de-autoria-de-la-ficha-de-datos-de-seguridad\/"},"modified":"2026-02-25T10:30:48","modified_gmt":"2026-02-25T10:30:48","slug":"acerca-de-los-softwares-de-autoria-de-sds","status":"publish","type":"page","link":"https:\/\/www.msds-europe.com\/es\/acerca-de-los-softwares-de-autoria-de-sds\/","title":{"rendered":"Acerca de los softwares de autor\u00eda de la ficha de datos de seguridad"},"content":{"rendered":"<p style=\"text-align: right;\"><em><span style=\"font-family: Calibri;\"><a href=\"https:\/\/www.msds-europe.com\/es\/\">MSDS-Europe<\/a> &#8211; <a href=\"https:\/\/www.msds-europe.com\/es\/seguridad-quimica-articulos-analisis\/\">Br\u00fajula para la seguridad qu\u00edmica<\/a><\/span><span style=\"color: #000000; font-family: Calibri;\">&nbsp;&nbsp;\u2013&nbsp;Software de autor\u00eda de fichas de datos de seguridad<\/span><\/em><\/p>\n<p>&nbsp;<\/p>\n<p style=\"text-align: justify;\"><span style=\"color: #000000; font-family: Calibri;\">En nuestras casi dos d\u00e9cadas de experiencia profesional en el \u00e1mbito de la seguridad qu\u00edmica, la mayor\u00eda de las fichas de datos de seguridad en idiomas extranjeros con las que hemos trabajado fueron elaboradas con software, por lo que hemos podido estudiar estas fichas de datos de seguridad en profundidad.<\/span><\/p>\n<p style=\"text-align: justify;\"><span style=\"color: #000000; font-family: Calibri;\">Con base en esta experiencia, nuestra empresa nunca ha utilizado software de autor\u00eda para fichas de datos de seguridad y tampoco hemos recomendado su uso a nuestros socios.<\/span><\/p>\n<p><span style=\"color: #000000; font-family: Calibri;\">&nbsp;<\/span><\/p>\n<h2 style=\"text-align: justify;\"><span style=\"color: #ff6600; font-family: Calibri;\">Principio de funcionamiento de un software de autor\u00eda de fichas de datos de seguridad y sus servicios<\/span><\/h2>\n<p style=\"text-align: justify;\"><span style=\"color: #000000; font-family: Calibri;\">El software de traducci\u00f3n de fichas de datos de seguridad, al igual que otros programas de traducci\u00f3n, prepara la ficha de datos de seguridad en el idioma de destino a partir de las frases coincidentes disponibles en su memoria.<\/span><\/p>\n<p style=\"text-align: justify;\"><span style=\"color: #000000; font-family: Calibri;\">Su funcionamiento se basa en las \u201cmemorias\u201d disponibles como m\u00f3dulos de idioma adquiribles, que contienen las traducciones de las frases que aparecen habitualmente en las fichas de datos de seguridad.<\/span><\/p>\n<p style=\"text-align: justify;\"><span style=\"color: #000000; font-family: Calibri;\">La frase en el idioma de origen se sustituye por la frase correspondiente en el idioma de destino si el programa encuentra una coincidencia completa.<\/span><\/p>\n<p style=\"text-align: justify;\"><span style=\"color: #000000; font-family: Calibri;\">Los programas de traducci\u00f3n espec\u00edficos para fichas de datos de seguridad suelen ofrecer tambi\u00e9n otras funciones, como las siguientes:<\/span><\/p>\n<ul>\n<li style=\"text-align: justify;\"><span style=\"color: #000000; font-family: Calibri;\">Seg\u00fan el n\u00famero CAS y las listas de sustancias peligrosas disponibles (que normalmente no est\u00e1n actualizadas en el software), clasifican los componentes.<\/span><\/li>\n<li style=\"text-align: justify;\"><span style=\"color: #000000; font-family: Calibri;\">Asignan valores l\u00edmite de exposici\u00f3n a las sustancias.<\/span><\/li>\n<li style=\"text-align: justify;\"><span style=\"font-family: Calibri;\"><span style=\"color: #000000;\">Utilizan pictogramas (<\/span>no <a href=\"http:\/\/www.msds-europe.com\/es\/pictogramas-de-peligro\/\">pictogramas de peligro CLP<\/a><\/span><span style=\"color: #000000; font-family: Calibri;\">) para resaltar las medidas de protecci\u00f3n necesarias.<\/span><\/li>\n<li style=\"text-align: justify;\"><span style=\"color: #000000; font-family: Calibri;\">Determinan las clases de <a href=\"http:\/\/www.msds-europe.com\/es\/indicaciones-de-peligro-h\/\">peligro y las indicaciones H<\/a> y <a href=\"http:\/\/www.msds-europe.com\/es\/prudencia-p\/\">P<\/a> de una mezcla determinada (seg\u00fan los componentes y los l\u00edmites de concentraci\u00f3n establecidos en la legislaci\u00f3n).<\/span><\/li>\n<li style=\"text-align: justify;\"><span style=\"color: #000000; font-family: Calibri;\">Tambi\u00e9n pueden incluir algunas funciones de registro.<\/span><\/li>\n<\/ul>\n<p>&nbsp;<\/p>\n<h2 style=\"text-align: justify;\"><span style=\"color: #ff6600; font-family: Calibri;\">Ventajas del software de autor\u00eda de fichas de datos de seguridad<\/span><\/h2>\n<ul>\n<li style=\"text-align: justify;\"><span style=\"color: #000000; font-family: Calibri;\">Puede gestionar una gran cantidad de fichas de datos de seguridad.<\/span><\/li>\n<li style=\"text-align: justify;\"><span style=\"color: #000000; font-family: Calibri;\">Puede traducir a varios idiomas (siempre que se hayan adquirido tambi\u00e9n los m\u00f3dulos de idioma correspondientes).<\/span><\/li>\n<li style=\"text-align: justify;\"><span style=\"color: #000000; font-family: Calibri;\">Es r\u00e1pido.<\/span><\/li>\n<li style=\"text-align: justify;\"><span style=\"color: #000000; font-family: Calibri;\">Puede resultar rentable en caso de grandes vol\u00famenes (si ignoramos los posibles perjuicios derivados de deficiencias t\u00e9cnicas).<\/span><\/li>\n<li style=\"text-align: justify;\"><span style=\"color: #000000; font-family: Calibri;\">Funciones de registro y organizaci\u00f3n.<\/span><\/li>\n<\/ul>\n<p>&nbsp;<\/p>\n<h2 style=\"text-align: justify;\"><span style=\"color: #ff6600; font-family: Calibri;\">Desventajas del software de autor\u00eda de fichas de datos de seguridad<\/span><\/h2>\n<h3 style=\"text-align: justify;\"><span style=\"color: #000000; font-family: Calibri;\">Deficiencias t\u00e9cnicas<\/span><\/h3>\n<ul>\n<li style=\"text-align: justify;\"><span style=\"color: #000000; font-family: Calibri;\">En caso de cualquier error durante la clasificaci\u00f3n de peligros del producto, las consecuencias recaer\u00e1n en el usuario del software.<\/span><\/li>\n<li style=\"text-align: justify;\"><span style=\"color: #000000; font-family: Calibri;\">Las deficiencias t\u00e9cnicas de la ficha de datos de seguridad \u201coriginal\u201d tambi\u00e9n se trasladar\u00e1n a la ficha de datos de seguridad traducida sin corregirse.<\/span><\/li>\n<li style=\"text-align: justify;\"><span style=\"color: #000000; font-family: Calibri;\">Puede contener partes sin traducir (no puede procesar frases que no coincidan plenamente con las frases almacenadas en su memoria).<\/span><\/li>\n<li style=\"text-align: justify;\"><span style=\"color: #000000; font-family: Calibri;\">Puede incluir frases, expresiones o nombres de sustancias traducidos incorrectamente. Adem\u00e1s, solo contiene un n\u00famero limitado de frases, lo que reduce considerablemente su utilidad.<\/span><\/li>\n<li style=\"text-align: justify;\"><span style=\"color: #000000; font-family: Calibri;\">No aporta datos faltantes (por ejemplo, n\u00fameros CE, valores l\u00edmite de exposici\u00f3n, etc.).<\/span><\/li>\n<li style=\"text-align: justify;\"><span style=\"color: #000000; font-family: Calibri;\">Funciona \u00fanicamente sobre la base de directrices generales de la UE e ignora las diferencias, menores o mayores, de la normativa nacional del pa\u00eds de destino.<\/span><\/li>\n<\/ul>\n<p>&nbsp;<\/p>\n<h3><span style=\"color: #333333;\"><span style=\"font-family: Calibri;\">&nbsp;<\/span><span style=\"font-family: Calibri;\">Otras desventajas no t\u00e9cnicas<\/span><\/span><\/h3>\n<ul>\n<li style=\"text-align: justify;\"><span style=\"color: #000000; font-family: Calibri;\">No es solo un gasto \u00fanico. La compra de varios m\u00f3dulos de idioma y las actualizaciones pueden generar costes adicionales.<\/span><\/li>\n<li style=\"text-align: justify;\"><span style=\"color: #000000; font-family: Calibri;\">El software tambi\u00e9n debe gestionarse, por lo que existen costes asociados a recursos humanos.<\/span><\/li>\n<li style=\"text-align: justify;\"><span style=\"color: #000000; font-family: Calibri;\">Su uso solo resulta rentable a partir de un determinado n\u00famero de fichas de datos de seguridad.<\/span><\/li>\n<li style=\"text-align: justify;\"><span style=\"color: #000000; font-family: Calibri;\">El usuario solo recibe soporte de software; no dispone de un especialista de referencia para otras cuestiones relacionadas con la seguridad qu\u00edmica.<\/span><\/li>\n<li style=\"text-align: justify;\"><span style=\"color: #000000; font-family: Calibri;\">En caso de objeciones por parte de una autoridad o de un socio comercial, el usuario normalmente no podr\u00e1 corregir adecuadamente la ficha de datos de seguridad por s\u00ed solo.<\/span><\/li>\n<\/ul>\n<p style=\"text-align: justify;\"><span style=\"color: #000000; font-family: Calibri;\">&nbsp;<\/span><\/p>\n<p style=\"text-align: justify;\">Por eso, incluso cuando se utiliza un programa inform\u00e1tico, las decisiones clave deben basarse siempre en <a href=\"https:\/\/www.msds-europe.com\/es\/sds-fuentes-informacion-bases-datos\/\">bases de datos y fuentes de informaci\u00f3n que ning\u00fan software de autor\u00eda puede sustituir<\/a>, como explicamos en detalle en nuestra gu\u00eda sobre fuentes de informaci\u00f3n y bases de datos para FDS.<\/p>\n<p>&nbsp;<\/p>\n<h3 style=\"text-align: justify;\"><span style=\"color: #333333; font-family: Calibri;\">Servicios ofrecidos<\/span><\/h3>\n<ul>\n<li><a href=\"http:\/\/www.msds-europe.com\/es\/ficha-de-datos-de-seguridad-traduccion\/\">Traducci\u00f3n de fichas de datos de seguridad<\/a><\/li>\n<li><a href=\"http:\/\/www.msds-europe.com\/es\/sds-revision-actualizacion\/\">Revisi\u00f3n y actualizaci\u00f3n de fichas de datos de seguridad<\/a><\/li>\n<li><a href=\"http:\/\/www.msds-europe.com\/es\/compilacion-creacion-ficha-de-datos-de-seguridad\/\">Elaboraci\u00f3n y creaci\u00f3n de fichas de datos de seguridad<\/a><\/li>\n<li><a href=\"http:\/\/www.msds-europe.com\/es\/ficha-de-datos-de-seguridad-servicios-express\/\">Servicios expr\u00e9s de fichas de datos de seguridad con plazo de 24 horas<\/a><\/li>\n<li><a href=\"http:\/\/www.msds-europe.com\/es\/creacion-proyecto-de-etiqueta\/\">Creaci\u00f3n de proyectos de etiqueta<\/a><\/li>\n<\/ul>\n<p><span style=\"color: #000000; font-family: Calibri;\">&nbsp;<\/span><\/p>\n<h3><span style=\"color: #333333;\">Preguntas y respuestas r\u00e1pidas<\/span><\/h3>\n<div class=\"su-spoiler su-spoiler-style-fancy su-spoiler-icon-chevron su-spoiler-closed\" data-scroll-offset=\"0\" data-anchor-in-url=\"no\"><div class=\"su-spoiler-title\" tabindex=\"0\" role=\"button\"><span class=\"su-spoiler-icon\"><\/span>\u00bfEs m\u00e1s r\u00e1pido crear una FDS con software que con un profesional?<\/div><div class=\"su-spoiler-content su-u-clearfix su-u-trim\">\n<p style=\"text-align: justify;\">S\u00ed, pero el software reproduce tambi\u00e9n los errores t\u00e9cnicos, por lo que al final puede resultar m\u00e1s costoso.<\/p>\n<\/div><\/div>\n<div class=\"su-spoiler su-spoiler-style-fancy su-spoiler-icon-chevron su-spoiler-closed\" data-scroll-offset=\"0\" data-anchor-in-url=\"no\"><div class=\"su-spoiler-title\" tabindex=\"0\" role=\"button\"><span class=\"su-spoiler-icon\"><\/span>\u00bfQui\u00e9n es responsable de una clasificaci\u00f3n de peligro incorrecta al usar software?<\/div><div class=\"su-spoiler-content su-u-clearfix su-u-trim\">\n<p style=\"text-align: justify;\">Toda la responsabilidad legal recae en la empresa que utiliza el software, no en el proveedor del programa.<\/p>\n<\/div><\/div>\n<div class=\"su-spoiler su-spoiler-style-fancy su-spoiler-icon-chevron su-spoiler-closed\" data-scroll-offset=\"0\" data-anchor-in-url=\"no\"><div class=\"su-spoiler-title\" tabindex=\"0\" role=\"button\"><span class=\"su-spoiler-icon\"><\/span>\u00bfCu\u00e1ndo puede un software de elaboraci\u00f3n de FDS seguir siendo rentable?<\/div><div class=\"su-spoiler-content su-u-clearfix su-u-trim\">\n<p style=\"text-align: justify;\">Solo con una cartera muy amplia de FDS y con experiencia interna en seguridad qu\u00edmica.<\/p>\n<\/div><\/div>\n<p>\u00a0<\/p>\n","protected":false},"excerpt":{"rendered":"<p>Nuestro art\u00edculo sobre las ventajas y desventajas de los softwares de autor\u00eda de la ficha de datos de seguridad.<\/p>\n","protected":false},"author":2,"featured_media":0,"parent":0,"menu_order":0,"comment_status":"closed","ping_status":"closed","template":"","meta":{"_acf_changed":false,"footnotes":""},"tags":[360,253],"class_list":["post-3837","page","type-page","status-publish","hentry","tag-base-de-conocimiento-de-fichas-de-datos-de-seguridad-es","tag-ficha-de-datos-de-seguridad-es"],"acf":[],"yoast_head":"<!-- This site is optimized with the Yoast SEO plugin v27.2 - https:\/\/yoast.com\/product\/yoast-seo-wordpress\/ -->\n<title>Softwares de autor\u00eda de la ficha de datos de seguridad<\/title>\n<meta name=\"description\" content=\"Sugerencias a considerar antes del uso de un software de autor\u00eda para la ficha de datos de seguridad. MSDS-Europe\" \/>\n<meta name=\"robots\" content=\"index, follow, max-snippet:-1, max-image-preview:large, max-video-preview:-1\" \/>\n<link rel=\"canonical\" href=\"https:\/\/www.msds-europe.com\/es\/acerca-de-los-softwares-de-autoria-de-sds\/\" \/>\n<meta property=\"og:locale\" content=\"es_ES\" \/>\n<meta property=\"og:type\" content=\"article\" \/>\n<meta property=\"og:title\" content=\"Softwares de autor\u00eda de la ficha de datos de seguridad\" \/>\n<meta property=\"og:description\" content=\"Sugerencias a considerar antes del uso de un software de autor\u00eda para la ficha de datos de seguridad. MSDS-Europe\" \/>\n<meta property=\"og:url\" content=\"https:\/\/www.msds-europe.com\/es\/acerca-de-los-softwares-de-autoria-de-sds\/\" \/>\n<meta property=\"og:site_name\" content=\"MSDS Europe\" \/>\n<meta property=\"article:publisher\" content=\"https:\/\/www.facebook.com\/toxinfokft\/\" \/>\n<meta property=\"article:modified_time\" content=\"2026-02-25T10:30:48+00:00\" \/>\n<meta name=\"twitter:card\" content=\"summary_large_image\" \/>\n<meta name=\"twitter:site\" content=\"@ToxInfoKft\" \/>\n<meta name=\"twitter:label1\" content=\"Tiempo de lectura\" \/>\n\t<meta name=\"twitter:data1\" content=\"4 minutos\" \/>\n<script type=\"application\/ld+json\" class=\"yoast-schema-graph\">{\"@context\":\"https:\/\/schema.org\",\"@graph\":[{\"@type\":\"WebPage\",\"@id\":\"https:\/\/www.msds-europe.com\/es\/acerca-de-los-softwares-de-autoria-de-sds\/\",\"url\":\"https:\/\/www.msds-europe.com\/es\/acerca-de-los-softwares-de-autoria-de-sds\/\",\"name\":\"Softwares de autor\u00eda de la ficha de datos de seguridad\",\"isPartOf\":{\"@id\":\"https:\/\/www.msds-europe.com\/es\/#website\"},\"datePublished\":\"2018-05-16T09:06:57+00:00\",\"dateModified\":\"2026-02-25T10:30:48+00:00\",\"description\":\"Sugerencias a considerar antes del uso de un software de autor\u00eda para la ficha de datos de seguridad. MSDS-Europe\",\"breadcrumb\":{\"@id\":\"https:\/\/www.msds-europe.com\/es\/acerca-de-los-softwares-de-autoria-de-sds\/#breadcrumb\"},\"inLanguage\":\"es\",\"potentialAction\":[{\"@type\":\"ReadAction\",\"target\":[\"https:\/\/www.msds-europe.com\/es\/acerca-de-los-softwares-de-autoria-de-sds\/\"]}]},{\"@type\":\"BreadcrumbList\",\"@id\":\"https:\/\/www.msds-europe.com\/es\/acerca-de-los-softwares-de-autoria-de-sds\/#breadcrumb\",\"itemListElement\":[{\"@type\":\"ListItem\",\"position\":1,\"name\":\"F\u0151oldal\",\"item\":\"https:\/\/www.msds-europe.com\/es\/\"},{\"@type\":\"ListItem\",\"position\":2,\"name\":\"Acerca de los softwares de autor\u00eda de la ficha de datos de seguridad\"}]},{\"@type\":\"WebSite\",\"@id\":\"https:\/\/www.msds-europe.com\/es\/#website\",\"url\":\"https:\/\/www.msds-europe.com\/es\/\",\"name\":\"MSDS Europe\",\"description\":\"\",\"publisher\":{\"@id\":\"https:\/\/www.msds-europe.com\/es\/#organization\"},\"potentialAction\":[{\"@type\":\"SearchAction\",\"target\":{\"@type\":\"EntryPoint\",\"urlTemplate\":\"https:\/\/www.msds-europe.com\/es\/?s={search_term_string}\"},\"query-input\":{\"@type\":\"PropertyValueSpecification\",\"valueRequired\":true,\"valueName\":\"search_term_string\"}}],\"inLanguage\":\"es\"},{\"@type\":\"Organization\",\"@id\":\"https:\/\/www.msds-europe.com\/es\/#organization\",\"name\":\"MSDS-Europe International branch of ToxInfo\",\"url\":\"https:\/\/www.msds-europe.com\/es\/\",\"logo\":{\"@type\":\"ImageObject\",\"inLanguage\":\"es\",\"@id\":\"https:\/\/www.msds-europe.com\/es\/#\/schema\/logo\/image\/\",\"url\":\"https:\/\/www.msds-europe.com\/wp-content\/uploads\/2021\/04\/msds-europe-logo.jpg\",\"contentUrl\":\"https:\/\/www.msds-europe.com\/wp-content\/uploads\/2021\/04\/msds-europe-logo.jpg\",\"width\":2296,\"height\":1067,\"caption\":\"MSDS-Europe International branch of ToxInfo\"},\"image\":{\"@id\":\"https:\/\/www.msds-europe.com\/es\/#\/schema\/logo\/image\/\"},\"sameAs\":[\"https:\/\/www.facebook.com\/toxinfokft\/\",\"https:\/\/x.com\/ToxInfoKft\"]}]}<\/script>\n<!-- \/ Yoast SEO plugin. -->","yoast_head_json":{"title":"Softwares de autor\u00eda de la ficha de datos de seguridad","description":"Sugerencias a considerar antes del uso de un software de autor\u00eda para la ficha de datos de seguridad. MSDS-Europe","robots":{"index":"index","follow":"follow","max-snippet":"max-snippet:-1","max-image-preview":"max-image-preview:large","max-video-preview":"max-video-preview:-1"},"canonical":"https:\/\/www.msds-europe.com\/es\/acerca-de-los-softwares-de-autoria-de-sds\/","og_locale":"es_ES","og_type":"article","og_title":"Softwares de autor\u00eda de la ficha de datos de seguridad","og_description":"Sugerencias a considerar antes del uso de un software de autor\u00eda para la ficha de datos de seguridad. MSDS-Europe","og_url":"https:\/\/www.msds-europe.com\/es\/acerca-de-los-softwares-de-autoria-de-sds\/","og_site_name":"MSDS Europe","article_publisher":"https:\/\/www.facebook.com\/toxinfokft\/","article_modified_time":"2026-02-25T10:30:48+00:00","twitter_card":"summary_large_image","twitter_site":"@ToxInfoKft","twitter_misc":{"Tiempo de lectura":"4 minutos"},"schema":{"@context":"https:\/\/schema.org","@graph":[{"@type":"WebPage","@id":"https:\/\/www.msds-europe.com\/es\/acerca-de-los-softwares-de-autoria-de-sds\/","url":"https:\/\/www.msds-europe.com\/es\/acerca-de-los-softwares-de-autoria-de-sds\/","name":"Softwares de autor\u00eda de la ficha de datos de seguridad","isPartOf":{"@id":"https:\/\/www.msds-europe.com\/es\/#website"},"datePublished":"2018-05-16T09:06:57+00:00","dateModified":"2026-02-25T10:30:48+00:00","description":"Sugerencias a considerar antes del uso de un software de autor\u00eda para la ficha de datos de seguridad. MSDS-Europe","breadcrumb":{"@id":"https:\/\/www.msds-europe.com\/es\/acerca-de-los-softwares-de-autoria-de-sds\/#breadcrumb"},"inLanguage":"es","potentialAction":[{"@type":"ReadAction","target":["https:\/\/www.msds-europe.com\/es\/acerca-de-los-softwares-de-autoria-de-sds\/"]}]},{"@type":"BreadcrumbList","@id":"https:\/\/www.msds-europe.com\/es\/acerca-de-los-softwares-de-autoria-de-sds\/#breadcrumb","itemListElement":[{"@type":"ListItem","position":1,"name":"F\u0151oldal","item":"https:\/\/www.msds-europe.com\/es\/"},{"@type":"ListItem","position":2,"name":"Acerca de los softwares de autor\u00eda de la ficha de datos de seguridad"}]},{"@type":"WebSite","@id":"https:\/\/www.msds-europe.com\/es\/#website","url":"https:\/\/www.msds-europe.com\/es\/","name":"MSDS Europe","description":"","publisher":{"@id":"https:\/\/www.msds-europe.com\/es\/#organization"},"potentialAction":[{"@type":"SearchAction","target":{"@type":"EntryPoint","urlTemplate":"https:\/\/www.msds-europe.com\/es\/?s={search_term_string}"},"query-input":{"@type":"PropertyValueSpecification","valueRequired":true,"valueName":"search_term_string"}}],"inLanguage":"es"},{"@type":"Organization","@id":"https:\/\/www.msds-europe.com\/es\/#organization","name":"MSDS-Europe International branch of ToxInfo","url":"https:\/\/www.msds-europe.com\/es\/","logo":{"@type":"ImageObject","inLanguage":"es","@id":"https:\/\/www.msds-europe.com\/es\/#\/schema\/logo\/image\/","url":"https:\/\/www.msds-europe.com\/wp-content\/uploads\/2021\/04\/msds-europe-logo.jpg","contentUrl":"https:\/\/www.msds-europe.com\/wp-content\/uploads\/2021\/04\/msds-europe-logo.jpg","width":2296,"height":1067,"caption":"MSDS-Europe International branch of ToxInfo"},"image":{"@id":"https:\/\/www.msds-europe.com\/es\/#\/schema\/logo\/image\/"},"sameAs":["https:\/\/www.facebook.com\/toxinfokft\/","https:\/\/x.com\/ToxInfoKft"]}]}},"_links":{"self":[{"href":"https:\/\/www.msds-europe.com\/es\/wp-json\/wp\/v2\/pages\/3837","targetHints":{"allow":["GET"]}}],"collection":[{"href":"https:\/\/www.msds-europe.com\/es\/wp-json\/wp\/v2\/pages"}],"about":[{"href":"https:\/\/www.msds-europe.com\/es\/wp-json\/wp\/v2\/types\/page"}],"author":[{"embeddable":true,"href":"https:\/\/www.msds-europe.com\/es\/wp-json\/wp\/v2\/users\/2"}],"replies":[{"embeddable":true,"href":"https:\/\/www.msds-europe.com\/es\/wp-json\/wp\/v2\/comments?post=3837"}],"version-history":[{"count":13,"href":"https:\/\/www.msds-europe.com\/es\/wp-json\/wp\/v2\/pages\/3837\/revisions"}],"predecessor-version":[{"id":37817,"href":"https:\/\/www.msds-europe.com\/es\/wp-json\/wp\/v2\/pages\/3837\/revisions\/37817"}],"wp:attachment":[{"href":"https:\/\/www.msds-europe.com\/es\/wp-json\/wp\/v2\/media?parent=3837"}],"wp:term":[{"taxonomy":"post_tag","embeddable":true,"href":"https:\/\/www.msds-europe.com\/es\/wp-json\/wp\/v2\/tags?post=3837"}],"curies":[{"name":"wp","href":"https:\/\/api.w.org\/{rel}","templated":true}]}}