{"id":3832,"date":"2018-05-16T08:48:07","date_gmt":"2018-05-16T08:48:07","guid":{"rendered":"http:\/\/www.msds-europe.com\/proceso-de-trabajo-de-la-creacion-traduccion-de-una-ficha-de-datos-de-seguridad\/"},"modified":"2026-04-23T12:27:46","modified_gmt":"2026-04-23T12:27:46","slug":"proceso-de-trabajo-de-creacion-traduccion-de-ficha-de-datos-de-seguridad","status":"publish","type":"page","link":"https:\/\/www.msds-europe.com\/es\/proceso-de-trabajo-de-creacion-traduccion-de-ficha-de-datos-de-seguridad\/","title":{"rendered":"Proceso de trabajo de la creaci\u00f3n, traducci\u00f3n de una ficha de datos de seguridad"},"content":{"rendered":"<p style=\"text-align: right;\"><span style=\"color: #000000; font-family: Calibri;\"><em><a href=\"https:\/\/www.msds-europe.com\/es\/\">MSDS-Europe<\/a><span style=\"color: #000000;\">\u00a0\u2013 <a href=\"https:\/\/www.msds-europe.com\/es\/seguridad-quimica-articulos-analisis\/\">Br\u00fajula para la seguridad qu\u00edmica<\/a> &#8211; Proceso de trabajo de la creaci\u00f3n y traducci\u00f3n de una<\/span><\/em> <\/span><span style=\"font-family: Calibri;\"><span style=\"color: #000000;\">ficha de <em>datos de seguridad<\/em><\/span><\/span><\/p>\n<p>&nbsp;<\/p>\n<h4 style=\"text-align: justify;\"><span style=\"color: #333333; font-family: Calibri;\">Primer paso<\/span><\/h4>\n<h3 style=\"text-align: justify;\"><span style=\"font-family: Calibri;\">Traducci\u00f3n: definici\u00f3n del formato y de los elementos de contenido<\/span><\/h3>\n<p style=\"text-align: justify;\"><span style=\"color: #000000; font-family: Calibri;\">Creaci\u00f3n del contenido y del formato de la ficha de datos de seguridad de acuerdo con la legislaci\u00f3n nacional y de la UE aplicable.<\/span><\/p>\n<p style=\"text-align: justify;\"><span style=\"color: #000000; font-family: Calibri;\">En esta etapa, <a href=\"https:\/\/www.msds-europe.com\/es\/sds-requisitos-linguisticos\/\">si la ficha de datos de seguridad est\u00e1 en un idioma extranjero, traducimos el texto<\/a>. En la mayor\u00eda de los casos, la traducci\u00f3n no es solo literal, sino una traducci\u00f3n que refleja correctamente el significado. En la mayor\u00eda de los casos, ya existe una terminolog\u00eda espec\u00edfica en el idioma de destino para cada frase o expresi\u00f3n concreta que debe aplicarse, a fin de que el contenido de la ficha de datos de seguridad sea claro para el lector.<\/span><\/p>\n<p style=\"text-align: justify;\"><span style=\"color: #000000; font-family: Calibri;\">Debe prestarse especial atenci\u00f3n a la traducci\u00f3n de las partes estandarizadas del texto. En determinadas partes de la ficha de datos de seguridad hay textos con redacci\u00f3n fija establecida por normativa espec\u00edfica. Conforme a las normas de seguridad qu\u00edmica, estas frases especiales solo pueden utilizarse en la forma prevista en la legislaci\u00f3n aplicable. Quiz\u00e1 el ejemplo m\u00e1s com\u00fan sea la redacci\u00f3n de las indicaciones H y P o de las frases aplicables como elementos de etiquetado. Por supuesto, tambi\u00e9n existen otros textos especiales en una ficha de datos de seguridad.<\/span><\/p>\n<p style=\"text-align: justify;\"><span style=\"color: #000000; font-family: Calibri;\">Por las razones mencionadas anteriormente, el propio proceso de traducci\u00f3n requiere necesariamente un cierto nivel de conocimiento de la legislaci\u00f3n de seguridad qu\u00edmica y experiencia en la <a href=\"https:\/\/www.msds-europe.com\/es\/ficha-de-datos-de-seguridad-traduccion\/\">traducci\u00f3n de fichas de datos de seguridad<\/a>.<\/span><\/p>\n<p style=\"text-align: justify;\"><span style=\"color: #000000; font-family: Calibri;\">En la fase de <a href=\"https:\/\/www.msds-europe.com\/es\/ficha-de-datos-de-seguridad-traduccion\/\">traducci\u00f3n de SDS<\/a>, en el caso de las mezclas, tambi\u00e9n se verifican los componentes. Con ayuda de listas predefinidas de sustancias peligrosas, nuestros colegas comprueban si el nombre de los ingredientes es correcto, si los n\u00fameros CAS y CE correspondientes son correctos y si los elementos de clasificaci\u00f3n indicados (pictogramas de peligro e indicaciones H) son adecuados.<\/span><\/p>\n<p style=\"text-align: justify;\"><span style=\"color: #000000; font-family: Calibri;\">Tambi\u00e9n debe prestarse especial atenci\u00f3n a la indicaci\u00f3n correcta de los valores l\u00edmite de exposici\u00f3n profesional. Debe verificarse \u2014sobre la base de la legislaci\u00f3n aplicable\u2014 si existe un valor l\u00edmite de exposici\u00f3n para los componentes enumerados en la ficha de datos de seguridad y, en caso afirmativo, su valor debe indicarse en la secci\u00f3n correspondiente de la ficha de datos de seguridad.<\/span><\/p>\n<p style=\"text-align: justify;\"><span style=\"color: #000000; font-family: Calibri;\">\u00a0<\/span><\/p>\n<h4 style=\"text-align: justify;\"><span style=\"color: #333333; font-family: Calibri;\">Segundo paso<\/span><\/h4>\n<h3 style=\"text-align: justify;\"><span style=\"font-family: Calibri;\">Clasificaci\u00f3n y supervisi\u00f3n profesional<\/span><\/h3>\n<p style=\"text-align: justify;\"><span style=\"color: #000000; font-family: Calibri;\">En primer lugar, nuestro experto revisa la ficha de datos de seguridad traducida y comprueba que no se haya producido p\u00e9rdida de datos ni errores tipogr\u00e1ficos durante la traducci\u00f3n. Durante la traducci\u00f3n de la ficha de datos de seguridad, los controles m\u00faltiples son esenciales.<\/span><\/p>\n<p style=\"text-align: justify;\"><span style=\"color: #000000; font-family: Calibri;\">A continuaci\u00f3n, nuestro experto verifica la clasificaci\u00f3n de la sustancia o mezcla sobre la base de los datos disponibles y, si es necesario, realiza cambios, indica los pictogramas de peligro necesarios y sustituye o a\u00f1ade las indicaciones H y P necesarias. En muchos casos faltan elementos espec\u00edficos de etiquetado en las fichas de datos de seguridad, por lo que tambi\u00e9n debe prestarse especial atenci\u00f3n a esta parte.<\/span><\/p>\n<p style=\"text-align: justify;\"><span style=\"color: #000000; font-family: Calibri;\">\u00a0<\/span><\/p>\n<h4 style=\"text-align: justify;\"><span style=\"color: #333333; font-family: Calibri;\">Tercer paso<\/span><\/h4>\n<h3 style=\"text-align: justify;\"><span style=\"font-family: Calibri;\">Verificaci\u00f3n profesional final<\/span><\/h3>\n<p style=\"text-align: justify;\"><span style=\"color: #000000; font-family: Calibri;\">Elaboraci\u00f3n de una ficha de datos de seguridad l\u00f3gicamente correcta y libre de incoherencias.<\/span><\/p>\n<p style=\"text-align: justify;\"><span style=\"color: #000000; font-family: Calibri;\">En nuestra opini\u00f3n, este es un paso muy importante porque, seg\u00fan nuestra experiencia, pueden surgir muchos problemas debido a contradicciones en una ficha de datos de seguridad (por ejemplo, los datos toxicol\u00f3gicos de la secci\u00f3n 11 no pueden contradecir la clasificaci\u00f3n de la sustancia o mezcla, etc.).<\/span><\/p>\n<p style=\"text-align: justify;\"><span style=\"color: #000000; font-family: Calibri;\">Entregamos la ficha de datos de seguridad completa en formato PDF a nuestros clientes.<\/span><\/p>\n<p style=\"text-align: justify;\"><span style=\"color: #000000; font-family: Calibri;\">Solo garantizamos la calidad profesional, el cumplimiento legal y la aceptaci\u00f3n oficial de nuestras fichas de datos de seguridad si se utilizan o imprimen en su totalidad.<\/span><\/p>\n<p style=\"text-align: justify;\"><span style=\"color: #000000; font-family: Calibri;\">En cada fase de revisi\u00f3n contrastamos la informaci\u00f3n con un <a href=\"https:\/\/www.msds-europe.com\/es\/sds-fuentes-informacion-bases-datos\/\">flujo de trabajo basado en fuentes de informaci\u00f3n y bases de datos oficiales<\/a>, descrito con m\u00e1s detalle en nuestro art\u00edculo sobre bases de datos y fuentes para SDS.<\/span><\/p>\n<p>&nbsp;<\/p>\n<h2 style=\"text-align: justify;\"><span style=\"font-family: Calibri;\">Despu\u00e9s de haber suministrado la ficha de datos de seguridad&#8230;<\/span><\/h2>\n<p style=\"text-align: justify;\"><span style=\"color: #000000; font-family: Calibri;\">Nuestro servicio de elaboraci\u00f3n de fichas de datos de seguridad no finaliza con la entrega de la SDS.<\/span><\/p>\n<p style=\"text-align: justify;\"><span style=\"color: #000000; font-family: Calibri;\">Ayudamos a nuestros clientes con la interpretaci\u00f3n y el uso de la ficha de datos de seguridad, y tambi\u00e9n podemos ayudar a definir otras tareas necesarias relacionadas con las fichas de datos de seguridad en general.<\/span><\/p>\n<p style=\"text-align: justify;\"><span style=\"color: #000000; font-family: Calibri;\">\u00a0<\/span><\/p>\n<h4 style=\"text-align: justify;\"><span style=\"font-family: Calibri;\">Garant\u00edas profesionales en el proceso de elaboraci\u00f3n y traducci\u00f3n de fichas de datos de seguridad<\/span><\/h4>\n<p style=\"text-align: justify;\"><span style=\"color: #000000; font-family: Calibri;\">En caso de una inspecci\u00f3n por parte de la autoridad, si el inspector plantea una objeci\u00f3n sobre cualquier parte de la ficha de datos de seguridad, nuestro experto se pondr\u00e1 en contacto con el representante de la autoridad y aclarar\u00e1 cualquier cuesti\u00f3n que surja.<\/span><\/p>\n<p style=\"text-align: justify;\"><span style=\"color: #000000; font-family: Calibri;\">Si se determina que, durante la elaboraci\u00f3n de la ficha de datos de seguridad, se ha cometido un error administrativo o profesional, corregiremos la ficha de datos de seguridad sin coste adicional.<\/span><\/p>\n<p style=\"text-align: justify;\"><span style=\"color: #000000; font-family: Calibri;\">\u00a0<\/span><\/p>\n<h4 style=\"text-align: justify;\"><span style=\"font-family: Calibri;\">Garant\u00eda financiera<\/span><\/h4>\n<p style=\"text-align: justify;\"><span style=\"color: #000000; font-family: Calibri;\">Si alguno de nuestros clientes o cualquier socio de nuestros clientes sufriera da\u00f1os materiales (por ejemplo, multas oficiales, reetiquetado, etc.) debido al uso de una ficha de datos de seguridad elaborada incorrectamente por nuestra empresa, reembolsaremos \u00edntegramente dichos da\u00f1os a nuestro cliente.<\/span><\/p>\n<p style=\"text-align: justify;\"><span style=\"color: #000000; font-family: Calibri;\">\u00a0<\/span><\/p>\n<h4 style=\"text-align: justify;\"><span style=\"color: #333333; font-family: Calibri;\">Servicios ofrecidos<\/span><\/h4>\n<ul>\n<li><a href=\"http:\/\/msds-updated.rapidwebdevs.com\/es\/ficha-de-datos-de-seguridad-traduccion\/\">Traducci\u00f3n de fichas de datos de seguridad<\/a><\/li>\n<li><a href=\"http:\/\/msds-updated.rapidwebdevs.com\/es\/sds-revision-actualizacion\/\">Revisi\u00f3n y actualizaci\u00f3n de fichas de datos de seguridad<\/a><\/li>\n<li><a href=\"http:\/\/msds-updated.rapidwebdevs.com\/es\/compilacion-creacion-ficha-de-datos-de-seguridad\/\">Elaboraci\u00f3n y creaci\u00f3n de fichas de datos de seguridad<\/a><\/li>\n<li><a href=\"http:\/\/msds-updated.rapidwebdevs.com\/es\/ficha-de-datos-de-seguridad-servicios-express\/\">Servicios expr\u00e9s de fichas de datos de seguridad con plazo de 24 horas<\/a><\/li>\n<li><a href=\"http:\/\/msds-updated.rapidwebdevs.com\/es\/creacion-proyecto-de-etiqueta\/\">Creaci\u00f3n del proyecto de etiqueta<\/a><\/li>\n<\/ul>\n<p>&nbsp;<\/p>\n<h4 class=\"title_4\"><span style=\"color: #333333;\">Informaci\u00f3n \u00fatil<\/span><\/h4>\n<ul>\n<li><a title=\"Acerca de los softwares de autor\u00eda de la ficha de datos de seguridad\" href=\"https:\/\/www.msds-europe.com\/es\/acerca-de-los-softwares-de-autoria-de-sds\/\">Acerca del software de autor\u00eda de fichas de datos de seguridad<\/a><\/li>\n<\/ul>\n<p>&nbsp;<\/p>\n<h4><span style=\"color: #333333;\">Preguntas r\u00e1pidas y respuestas<\/span><\/h4>\n<div class=\"su-spoiler su-spoiler-style-fancy su-spoiler-icon-chevron su-spoiler-closed\" data-scroll-offset=\"0\" data-anchor-in-url=\"no\"><div class=\"su-spoiler-title\" tabindex=\"0\" role=\"button\"><span class=\"su-spoiler-icon\"><\/span>\u00bfPor qu\u00e9 se necesitan conocimientos legales ya en la fase de traducci\u00f3n?<\/div><div class=\"su-spoiler-content su-u-clearfix su-u-trim\">\n<p style=\"text-align: justify;\">Porque muchos textos estandarizados (p. ej., frases H y P) deben aparecer exactamente como lo exige la legislaci\u00f3n, por lo que una traducci\u00f3n correcta requiere conocer las normativas aplicables.<\/p>\n<\/div><\/div>\n<div class=\"su-spoiler su-spoiler-style-fancy su-spoiler-icon-chevron su-spoiler-closed\" data-scroll-offset=\"0\" data-anchor-in-url=\"no\"><div class=\"su-spoiler-title\" tabindex=\"0\" role=\"button\"><span class=\"su-spoiler-icon\"><\/span>\u00bfQu\u00e9 verifica el experto en la segunda fase del flujo de trabajo?<\/div><div class=\"su-spoiler-content su-u-clearfix su-u-trim\">\n<p style=\"text-align: justify;\">Verifica los datos traducidos (n\u00fameros CAS\/CE, valores l\u00edmite), la correcci\u00f3n de la clasificaci\u00f3n y el uso completo de los pictogramas de peligro y las frases H\/P requeridas.<\/p>\n<\/div><\/div>\n<div class=\"su-spoiler su-spoiler-style-fancy su-spoiler-icon-chevron su-spoiler-closed\" data-scroll-offset=\"0\" data-anchor-in-url=\"no\"><div class=\"su-spoiler-title\" tabindex=\"0\" role=\"button\"><span class=\"su-spoiler-icon\"><\/span>\u00bfCu\u00e1l es el objetivo principal de la tercera fase en la elaboraci\u00f3n de la SDS?<\/div><div class=\"su-spoiler-content su-u-clearfix su-u-trim\">\n<p style=\"text-align: justify;\">Crear una ficha de datos de seguridad l\u00f3gica y coherente, libre de contradicciones, en la que la informaci\u00f3n de todas las secciones sea consistente entre s\u00ed.<\/p>\n<\/div><\/div>\n","protected":false},"excerpt":{"rendered":"<p>Descripci\u00f3n del flujo de trabajo que nuestra compa\u00f1\u00eda usa durante la traducci\u00f3n de la ficha de datos de seguridad.<\/p>\n","protected":false},"author":2,"featured_media":0,"parent":0,"menu_order":0,"comment_status":"closed","ping_status":"closed","template":"","meta":{"_acf_changed":false,"footnotes":""},"tags":[360,253],"class_list":["post-3832","page","type-page","status-publish","hentry","tag-base-de-conocimiento-de-fichas-de-datos-de-seguridad-es","tag-ficha-de-datos-de-seguridad-es"],"acf":[],"yoast_head":"<!-- This site is optimized with the Yoast SEO plugin v27.2 - https:\/\/yoast.com\/product\/yoast-seo-wordpress\/ -->\n<title>Proceso de trabajo de la traducci\u00f3n de una FDS<\/title>\n<meta name=\"description\" content=\"Aprenda sobre nuestro m\u00e9todo de trabajo utilizado para lograr la mejor calidad profesional durante la creaci\u00f3n\/traducci\u00f3n de la FDS\" \/>\n<meta name=\"robots\" content=\"index, follow, max-snippet:-1, max-image-preview:large, max-video-preview:-1\" \/>\n<link rel=\"canonical\" href=\"https:\/\/www.msds-europe.com\/es\/proceso-de-trabajo-de-creacion-traduccion-de-ficha-de-datos-de-seguridad\/\" \/>\n<meta property=\"og:locale\" content=\"es_ES\" \/>\n<meta property=\"og:type\" content=\"article\" \/>\n<meta property=\"og:title\" content=\"Proceso de trabajo de la traducci\u00f3n de una FDS\" \/>\n<meta property=\"og:description\" content=\"Aprenda sobre nuestro m\u00e9todo de trabajo utilizado para lograr la mejor calidad profesional durante la creaci\u00f3n\/traducci\u00f3n de la FDS\" \/>\n<meta property=\"og:url\" content=\"https:\/\/www.msds-europe.com\/es\/proceso-de-trabajo-de-creacion-traduccion-de-ficha-de-datos-de-seguridad\/\" \/>\n<meta property=\"og:site_name\" content=\"MSDS Europe\" \/>\n<meta property=\"article:publisher\" content=\"https:\/\/www.facebook.com\/toxinfokft\/\" \/>\n<meta property=\"article:modified_time\" content=\"2026-04-23T12:27:46+00:00\" \/>\n<meta name=\"twitter:card\" content=\"summary_large_image\" \/>\n<meta name=\"twitter:site\" content=\"@ToxInfoKft\" \/>\n<meta name=\"twitter:label1\" content=\"Tiempo de lectura\" \/>\n\t<meta name=\"twitter:data1\" content=\"5 minutos\" \/>\n<script type=\"application\/ld+json\" class=\"yoast-schema-graph\">{\"@context\":\"https:\/\/schema.org\",\"@graph\":[{\"@type\":\"WebPage\",\"@id\":\"https:\/\/www.msds-europe.com\/es\/proceso-de-trabajo-de-creacion-traduccion-de-ficha-de-datos-de-seguridad\/\",\"url\":\"https:\/\/www.msds-europe.com\/es\/proceso-de-trabajo-de-creacion-traduccion-de-ficha-de-datos-de-seguridad\/\",\"name\":\"Proceso de trabajo de la traducci\u00f3n de una FDS\",\"isPartOf\":{\"@id\":\"https:\/\/www.msds-europe.com\/es\/#website\"},\"datePublished\":\"2018-05-16T08:48:07+00:00\",\"dateModified\":\"2026-04-23T12:27:46+00:00\",\"description\":\"Aprenda sobre nuestro m\u00e9todo de trabajo utilizado para lograr la mejor calidad profesional durante la creaci\u00f3n\/traducci\u00f3n de la FDS\",\"breadcrumb\":{\"@id\":\"https:\/\/www.msds-europe.com\/es\/proceso-de-trabajo-de-creacion-traduccion-de-ficha-de-datos-de-seguridad\/#breadcrumb\"},\"inLanguage\":\"es\",\"potentialAction\":[{\"@type\":\"ReadAction\",\"target\":[\"https:\/\/www.msds-europe.com\/es\/proceso-de-trabajo-de-creacion-traduccion-de-ficha-de-datos-de-seguridad\/\"]}]},{\"@type\":\"BreadcrumbList\",\"@id\":\"https:\/\/www.msds-europe.com\/es\/proceso-de-trabajo-de-creacion-traduccion-de-ficha-de-datos-de-seguridad\/#breadcrumb\",\"itemListElement\":[{\"@type\":\"ListItem\",\"position\":1,\"name\":\"F\u0151oldal\",\"item\":\"https:\/\/www.msds-europe.com\/es\/\"},{\"@type\":\"ListItem\",\"position\":2,\"name\":\"Proceso de trabajo de la creaci\u00f3n, traducci\u00f3n de una ficha de datos de seguridad\"}]},{\"@type\":\"WebSite\",\"@id\":\"https:\/\/www.msds-europe.com\/es\/#website\",\"url\":\"https:\/\/www.msds-europe.com\/es\/\",\"name\":\"MSDS Europe\",\"description\":\"\",\"publisher\":{\"@id\":\"https:\/\/www.msds-europe.com\/es\/#organization\"},\"potentialAction\":[{\"@type\":\"SearchAction\",\"target\":{\"@type\":\"EntryPoint\",\"urlTemplate\":\"https:\/\/www.msds-europe.com\/es\/?s={search_term_string}\"},\"query-input\":{\"@type\":\"PropertyValueSpecification\",\"valueRequired\":true,\"valueName\":\"search_term_string\"}}],\"inLanguage\":\"es\"},{\"@type\":\"Organization\",\"@id\":\"https:\/\/www.msds-europe.com\/es\/#organization\",\"name\":\"MSDS-Europe International branch of ToxInfo\",\"url\":\"https:\/\/www.msds-europe.com\/es\/\",\"logo\":{\"@type\":\"ImageObject\",\"inLanguage\":\"es\",\"@id\":\"https:\/\/www.msds-europe.com\/es\/#\/schema\/logo\/image\/\",\"url\":\"https:\/\/www.msds-europe.com\/wp-content\/uploads\/2021\/04\/msds-europe-logo.jpg\",\"contentUrl\":\"https:\/\/www.msds-europe.com\/wp-content\/uploads\/2021\/04\/msds-europe-logo.jpg\",\"width\":2296,\"height\":1067,\"caption\":\"MSDS-Europe International branch of ToxInfo\"},\"image\":{\"@id\":\"https:\/\/www.msds-europe.com\/es\/#\/schema\/logo\/image\/\"},\"sameAs\":[\"https:\/\/www.facebook.com\/toxinfokft\/\",\"https:\/\/x.com\/ToxInfoKft\"]}]}<\/script>\n<!-- \/ Yoast SEO plugin. -->","yoast_head_json":{"title":"Proceso de trabajo de la traducci\u00f3n de una FDS","description":"Aprenda sobre nuestro m\u00e9todo de trabajo utilizado para lograr la mejor calidad profesional durante la creaci\u00f3n\/traducci\u00f3n de la FDS","robots":{"index":"index","follow":"follow","max-snippet":"max-snippet:-1","max-image-preview":"max-image-preview:large","max-video-preview":"max-video-preview:-1"},"canonical":"https:\/\/www.msds-europe.com\/es\/proceso-de-trabajo-de-creacion-traduccion-de-ficha-de-datos-de-seguridad\/","og_locale":"es_ES","og_type":"article","og_title":"Proceso de trabajo de la traducci\u00f3n de una FDS","og_description":"Aprenda sobre nuestro m\u00e9todo de trabajo utilizado para lograr la mejor calidad profesional durante la creaci\u00f3n\/traducci\u00f3n de la FDS","og_url":"https:\/\/www.msds-europe.com\/es\/proceso-de-trabajo-de-creacion-traduccion-de-ficha-de-datos-de-seguridad\/","og_site_name":"MSDS Europe","article_publisher":"https:\/\/www.facebook.com\/toxinfokft\/","article_modified_time":"2026-04-23T12:27:46+00:00","twitter_card":"summary_large_image","twitter_site":"@ToxInfoKft","twitter_misc":{"Tiempo de lectura":"5 minutos"},"schema":{"@context":"https:\/\/schema.org","@graph":[{"@type":"WebPage","@id":"https:\/\/www.msds-europe.com\/es\/proceso-de-trabajo-de-creacion-traduccion-de-ficha-de-datos-de-seguridad\/","url":"https:\/\/www.msds-europe.com\/es\/proceso-de-trabajo-de-creacion-traduccion-de-ficha-de-datos-de-seguridad\/","name":"Proceso de trabajo de la traducci\u00f3n de una FDS","isPartOf":{"@id":"https:\/\/www.msds-europe.com\/es\/#website"},"datePublished":"2018-05-16T08:48:07+00:00","dateModified":"2026-04-23T12:27:46+00:00","description":"Aprenda sobre nuestro m\u00e9todo de trabajo utilizado para lograr la mejor calidad profesional durante la creaci\u00f3n\/traducci\u00f3n de la FDS","breadcrumb":{"@id":"https:\/\/www.msds-europe.com\/es\/proceso-de-trabajo-de-creacion-traduccion-de-ficha-de-datos-de-seguridad\/#breadcrumb"},"inLanguage":"es","potentialAction":[{"@type":"ReadAction","target":["https:\/\/www.msds-europe.com\/es\/proceso-de-trabajo-de-creacion-traduccion-de-ficha-de-datos-de-seguridad\/"]}]},{"@type":"BreadcrumbList","@id":"https:\/\/www.msds-europe.com\/es\/proceso-de-trabajo-de-creacion-traduccion-de-ficha-de-datos-de-seguridad\/#breadcrumb","itemListElement":[{"@type":"ListItem","position":1,"name":"F\u0151oldal","item":"https:\/\/www.msds-europe.com\/es\/"},{"@type":"ListItem","position":2,"name":"Proceso de trabajo de la creaci\u00f3n, traducci\u00f3n de una ficha de datos de seguridad"}]},{"@type":"WebSite","@id":"https:\/\/www.msds-europe.com\/es\/#website","url":"https:\/\/www.msds-europe.com\/es\/","name":"MSDS Europe","description":"","publisher":{"@id":"https:\/\/www.msds-europe.com\/es\/#organization"},"potentialAction":[{"@type":"SearchAction","target":{"@type":"EntryPoint","urlTemplate":"https:\/\/www.msds-europe.com\/es\/?s={search_term_string}"},"query-input":{"@type":"PropertyValueSpecification","valueRequired":true,"valueName":"search_term_string"}}],"inLanguage":"es"},{"@type":"Organization","@id":"https:\/\/www.msds-europe.com\/es\/#organization","name":"MSDS-Europe International branch of ToxInfo","url":"https:\/\/www.msds-europe.com\/es\/","logo":{"@type":"ImageObject","inLanguage":"es","@id":"https:\/\/www.msds-europe.com\/es\/#\/schema\/logo\/image\/","url":"https:\/\/www.msds-europe.com\/wp-content\/uploads\/2021\/04\/msds-europe-logo.jpg","contentUrl":"https:\/\/www.msds-europe.com\/wp-content\/uploads\/2021\/04\/msds-europe-logo.jpg","width":2296,"height":1067,"caption":"MSDS-Europe International branch of ToxInfo"},"image":{"@id":"https:\/\/www.msds-europe.com\/es\/#\/schema\/logo\/image\/"},"sameAs":["https:\/\/www.facebook.com\/toxinfokft\/","https:\/\/x.com\/ToxInfoKft"]}]}},"_links":{"self":[{"href":"https:\/\/www.msds-europe.com\/es\/wp-json\/wp\/v2\/pages\/3832","targetHints":{"allow":["GET"]}}],"collection":[{"href":"https:\/\/www.msds-europe.com\/es\/wp-json\/wp\/v2\/pages"}],"about":[{"href":"https:\/\/www.msds-europe.com\/es\/wp-json\/wp\/v2\/types\/page"}],"author":[{"embeddable":true,"href":"https:\/\/www.msds-europe.com\/es\/wp-json\/wp\/v2\/users\/2"}],"replies":[{"embeddable":true,"href":"https:\/\/www.msds-europe.com\/es\/wp-json\/wp\/v2\/comments?post=3832"}],"version-history":[{"count":18,"href":"https:\/\/www.msds-europe.com\/es\/wp-json\/wp\/v2\/pages\/3832\/revisions"}],"predecessor-version":[{"id":39052,"href":"https:\/\/www.msds-europe.com\/es\/wp-json\/wp\/v2\/pages\/3832\/revisions\/39052"}],"wp:attachment":[{"href":"https:\/\/www.msds-europe.com\/es\/wp-json\/wp\/v2\/media?parent=3832"}],"wp:term":[{"taxonomy":"post_tag","embeddable":true,"href":"https:\/\/www.msds-europe.com\/es\/wp-json\/wp\/v2\/tags?post=3832"}],"curies":[{"name":"wp","href":"https:\/\/api.w.org\/{rel}","templated":true}]}}