{"id":3824,"date":"2018-05-15T11:34:03","date_gmt":"2018-05-15T11:34:03","guid":{"rendered":"http:\/\/www.msds-europe.com\/material-de-referencia-util-y-guias-para-fichas-de-datos-de-seguridad\/"},"modified":"2026-03-11T11:36:38","modified_gmt":"2026-03-11T11:36:38","slug":"base-conocimiento-ficha-de-datos-de-seguridad","status":"publish","type":"page","link":"https:\/\/www.msds-europe.com\/es\/base-conocimiento-ficha-de-datos-de-seguridad\/","title":{"rendered":"Material de referencia \u00fatil y gu\u00edas para fichas de datos de seguridad"},"content":{"rendered":"<p style=\"text-align: right;\"><em><a href=\"https:\/\/www.msds-europe.com\/es\/\">MSDS-Europe<\/a> \u2013 Informaci\u00f3n \u00fatil para las fichas de datos de seguridad<\/em><\/p>\n<p>&nbsp;<\/p>\n<p style=\"text-align: justify;\">La base de conocimientos de la <a href=\"https:\/\/www.msds-europe.com\/es\/definici%c3%b3n-de-la-hoja-de-seguridad\/\">ficha de datos de seguridad<\/a> proporciona ayuda para comprender la ficha de datos de seguridad y los <a href=\"https:\/\/www.msds-europe.com\/es\/cambios-reguladores-seguridad-quimica\/\">requisitos reglamentarios<\/a> relacionados.<\/p>\n<p>&nbsp;<\/p>\n<h2 style=\"text-align: justify;\">Prop\u00f3sito de la base de conocimientos de fichas de datos de seguridad<\/h2>\n<p style=\"text-align: justify;\">Al crear una base de conocimientos, nos gustar\u00eda ayudar el trabajo de las empresas que utilizan mezclas y materiales peligrosos.<\/p>\n<p style=\"text-align: justify;\">Principalmente publicamos estos art\u00edculos en la categor\u00eda de base de conocimientos de fichas de datos de seguridad, que pone de relieve las obligaciones b\u00e1sicas relativas a las fichas de datos de seguridad y que puede utilizarse como fuente de informaci\u00f3n inmediata sin tener que examinar a fondo la normativa.<\/p>\n<p style=\"text-align: justify;\">El reconocimiento de las obligaciones y tareas relacionadas con las fichas de datos de seguridad es solo el primer paso. Se necesita una base de conocimientos adecuada para desarrollar una estrategia espec\u00edfica, evaluar correctamente la necesidad de recursos humanos o de asistencia externa. En caso de contratar a una empresa de asesor\u00eda o a un proveedor de servicios, es necesario conocer la normativa pertinente con suficiente profundidad para poder evaluar y controlar el trabajo realizado (o el servicio utilizado).<\/p>\n<p style=\"text-align: justify;\"><strong>\u00a1Atenci\u00f3n!<\/strong> Algunos art\u00edculos de la \u00abbase de conocimientos de la ficha de datos de seguridad\u00bb no necesariamente tienen en cuenta todos los aspectos de la seguridad qu\u00edmica, y por lo tanto pueden contener afirmaciones parciales o matizadas. En cada caso, es necesario definir las tareas relacionadas con la seguridad qu\u00edmica espec\u00edficamente para la empresa, y <strong>solo los textos de la normativa aplicable pueden considerarse aut\u00e9nticos<\/strong>.<\/p>\n<p style=\"text-align: justify;\">Consulte las \u00faltimas novedades normativas en materia de seguridad qu\u00edmica en \u00ab<a href=\"https:\/\/www.msds-europe.com\/es\/cambios-reguladores-seguridad-quimica\/\">Cambios normativos en seguridad qu\u00edmica<\/a>\u00bb.<\/p>\n<p>&nbsp;<\/p>\n<p style=\"text-align: justify;\"><em><span style=\"color: #333333;\">\u00daltimos art\u00edculos de la categor\u00eda de base de conocimientos de fichas de datos de seguridad:<\/span><\/em><\/p>\n<ul style=\"text-align: justify;\">\n<li><a href=\"https:\/\/www.msds-europe.com\/es\/sds-requisitos-linguisticos\/\"><em>Idioma de la ficha de datos de seguridad en la UE<\/em><\/a><\/li>\n<li><a href=\"https:\/\/www.msds-europe.com\/es\/sds-fuentes-informacion-bases-datos\/\"><em>Fuentes de informaci\u00f3n y bases de datos \u00fatiles para la elaboraci\u00f3n de SDS<\/em><\/a><\/li>\n<li><a href=\"https:\/\/www.msds-europe.com\/es\/clp-2026-05-01-nuevas-clases-peligro-mezclas-fds-etiquetado\/\"><em>CLP 2026: nuevas clases de peligro para mezclas \u2013 acciones necesarias en FDS y etiquetado<\/em><\/a><\/li>\n<li><a href=\"https:\/\/www.msds-europe.com\/es\/fds-abreviaturas-explicacion\/\"><em>Abreviaturas y acr\u00f3nimos en las fichas de datos de seguridad<\/em><\/a><\/li>\n<\/ul>\n<p>&nbsp;<\/p>\n<h4><span style=\"color: #333333;\">Otros art\u00edculos \u00fatiles<\/span><a href=\"https:\/\/www.msds-europe.com\/es\/seguridad-quimica-articulos-analisis\/\"><img decoding=\"async\" class=\"alignright size-full wp-image-36359\" src=\"https:\/\/www.msds-europe.com\/wp-content\/uploads\/2026\/02\/Brujula-para-la-seguridad-quimica.jpg\" alt=\"\" width=\"300\" height=\"180\" \/><\/a><\/h4>\n<h3>Br\u00fajula para la seguridad qu\u00edmica<\/h3>\n<p><strong>Seguridad qu\u00edmica en lenguaje claro.<\/strong><\/p>\n<p>Art\u00edculos accesibles, redactados en lenguaje claro sobre seguridad qu\u00edmica \u2014 con informaci\u00f3n de contexto \u00fatil y an\u00e1lisis pr\u00e1cticos.<\/p>\n<p><em>Novedades en la <a href=\"https:\/\/www.msds-europe.com\/es\/seguridad-quimica-articulos-analisis\/\">Br\u00fajula para la seguridad qu\u00edmica<\/a>:<\/em><\/p>\n<ul>\n<li><a href=\"https:\/\/www.msds-europe.com\/es\/seguridad-quimica-articulos-analisis\/#firefighting-foams\"><em>Eliminaci\u00f3n progresiva de las espumas contra incendios que contienen PFAS: plazos, transici\u00f3n y gesti\u00f3n de residuos<\/em><\/a><\/li>\n<li><a href=\"https:\/\/www.msds-europe.com\/es\/seguridad-quimica-articulos-analisis\/#clp-trap\"><em>La trampa del CLP para los fabricantes de mezclas en 2026: plazos para sustancias frente a mezclas y puntos de acci\u00f3n<\/em><\/a><\/li>\n<li><a href=\"https:\/\/www.msds-europe.com\/es\/seguridad-quimica-articulos-analisis\/#digital-label\"><em>Etiqueta digital en el CLP: obligaciones, acciones de la empresa e implementaci\u00f3n t\u00e9cnica (c\u00f3digo QR)<\/em><\/a><\/li>\n<li><a href=\"https:\/\/www.msds-europe.com\/es\/seguridad-quimica-articulos-analisis\/#calendario-2026\"><em>Calendario 2026 de plazos y acciones en materia de seguridad qu\u00edmica<\/em><\/a><\/li>\n<li><a href=\"https:\/\/www.msds-europe.com\/es\/seguridad-quimica-articulos-analisis\/#publicidad-online\"><em>Nuevas normas CLP para e-commerce: etiquetado y publicidad<\/em><\/a><\/li>\n<\/ul>\n<p>&nbsp;<\/p>\n<h3 style=\"text-align: justify;\">Consulta gratuita en l\u00ednea<\/h3>\n<p style=\"text-align: justify;\">Si no ha encontrado la informaci\u00f3n que necesitaba en nuestro sitio web, formule sus preguntas sobre las fichas de datos de seguridad directamente a nuestro experto.<\/p>\n<p style=\"text-align: justify;\">Para enviar sus preguntas, utilice la siguiente aplicaci\u00f3n de mensajer\u00eda: <a href=\"https:\/\/www.msds-europe.com\/es\/consulta-linea\/\">Consulta gratuita en l\u00ednea<\/a><\/p>\n<p>&nbsp;<\/p>\n<h3>Nuestros servicios<\/h3>\n<p style=\"text-align: justify;\">Para resolver los problemas y obligaciones que surgen en relaci\u00f3n con las fichas de datos de seguridad, recomendamos nuestros servicios de <a href=\"https:\/\/www.msds-europe.com\/es\/compilacion-creacion-ficha-de-datos-de-seguridad\/\">creaci\u00f3n<\/a>, <a href=\"https:\/\/www.msds-europe.com\/es\/ficha-de-datos-de-seguridad-traduccion\/\">traducci\u00f3n<\/a> y <a href=\"https:\/\/www.msds-europe.com\/es\/sds-revision-actualizacion\/\">revisi\u00f3n<\/a> de fichas de datos de seguridad.<\/p>\n<p>&nbsp;<\/p>\n","protected":false},"excerpt":{"rendered":"<p>Una colecci\u00f3n de material de referencia \u00fatil y gu\u00edas para la interpretaci\u00f3n y preparaci\u00f3n de fichas de datos de seguridad.<\/p>\n","protected":false},"author":2,"featured_media":0,"parent":0,"menu_order":0,"comment_status":"closed","ping_status":"closed","template":"page-category.php","meta":{"_acf_changed":false,"footnotes":""},"tags":[360,315,253],"class_list":["post-3824","page","type-page","status-publish","hentry","tag-base-de-conocimiento-de-fichas-de-datos-de-seguridad-es","tag-base-de-conocimientos-es","tag-ficha-de-datos-de-seguridad-es"],"acf":[],"yoast_head":"<!-- This site is optimized with the Yoast SEO plugin v27.2 - https:\/\/yoast.com\/product\/yoast-seo-wordpress\/ -->\n<title>Informaci\u00f3n \u00fatil para las fichas de datos de seguridad<\/title>\n<meta name=\"description\" content=\"Art\u00edculos \u00fatiles para interpretar la ficha de datos de seguridad y comprender los requisitos legales relacionados en la base de conocimiento.\" \/>\n<meta name=\"robots\" content=\"index, follow, max-snippet:-1, max-image-preview:large, max-video-preview:-1\" \/>\n<link rel=\"canonical\" href=\"https:\/\/www.msds-europe.com\/es\/base-conocimiento-ficha-de-datos-de-seguridad\/\" \/>\n<meta property=\"og:locale\" content=\"es_ES\" \/>\n<meta property=\"og:type\" content=\"article\" \/>\n<meta property=\"og:title\" content=\"Informaci\u00f3n \u00fatil para las fichas de datos de seguridad\" \/>\n<meta property=\"og:description\" content=\"Art\u00edculos \u00fatiles para interpretar la ficha de datos de seguridad y comprender los requisitos legales relacionados en la base de conocimiento.\" \/>\n<meta property=\"og:url\" content=\"https:\/\/www.msds-europe.com\/es\/base-conocimiento-ficha-de-datos-de-seguridad\/\" \/>\n<meta property=\"og:site_name\" content=\"MSDS Europe\" \/>\n<meta property=\"article:publisher\" content=\"https:\/\/www.facebook.com\/toxinfokft\/\" \/>\n<meta property=\"article:modified_time\" content=\"2026-03-11T11:36:38+00:00\" \/>\n<meta property=\"og:image\" content=\"https:\/\/www.msds-europe.com\/wp-content\/uploads\/2026\/02\/Brujula-para-la-seguridad-quimica.jpg\" \/>\n\t<meta property=\"og:image:width\" content=\"300\" \/>\n\t<meta property=\"og:image:height\" content=\"180\" \/>\n\t<meta property=\"og:image:type\" content=\"image\/jpeg\" \/>\n<meta name=\"twitter:card\" content=\"summary_large_image\" \/>\n<meta name=\"twitter:site\" content=\"@ToxInfoKft\" \/>\n<meta name=\"twitter:label1\" content=\"Tiempo de lectura\" \/>\n\t<meta name=\"twitter:data1\" content=\"4 minutos\" \/>\n<script type=\"application\/ld+json\" class=\"yoast-schema-graph\">{\"@context\":\"https:\/\/schema.org\",\"@graph\":[{\"@type\":\"WebPage\",\"@id\":\"https:\/\/www.msds-europe.com\/es\/base-conocimiento-ficha-de-datos-de-seguridad\/\",\"url\":\"https:\/\/www.msds-europe.com\/es\/base-conocimiento-ficha-de-datos-de-seguridad\/\",\"name\":\"Informaci\u00f3n \u00fatil para las fichas de datos de seguridad\",\"isPartOf\":{\"@id\":\"https:\/\/www.msds-europe.com\/es\/#website\"},\"primaryImageOfPage\":{\"@id\":\"https:\/\/www.msds-europe.com\/es\/base-conocimiento-ficha-de-datos-de-seguridad\/#primaryimage\"},\"image\":{\"@id\":\"https:\/\/www.msds-europe.com\/es\/base-conocimiento-ficha-de-datos-de-seguridad\/#primaryimage\"},\"thumbnailUrl\":\"https:\/\/www.msds-europe.com\/wp-content\/uploads\/2026\/02\/Brujula-para-la-seguridad-quimica.jpg\",\"datePublished\":\"2018-05-15T11:34:03+00:00\",\"dateModified\":\"2026-03-11T11:36:38+00:00\",\"description\":\"Art\u00edculos \u00fatiles para interpretar la ficha de datos de seguridad y comprender los requisitos legales relacionados en la base de conocimiento.\",\"breadcrumb\":{\"@id\":\"https:\/\/www.msds-europe.com\/es\/base-conocimiento-ficha-de-datos-de-seguridad\/#breadcrumb\"},\"inLanguage\":\"es\",\"potentialAction\":[{\"@type\":\"ReadAction\",\"target\":[\"https:\/\/www.msds-europe.com\/es\/base-conocimiento-ficha-de-datos-de-seguridad\/\"]}]},{\"@type\":\"ImageObject\",\"inLanguage\":\"es\",\"@id\":\"https:\/\/www.msds-europe.com\/es\/base-conocimiento-ficha-de-datos-de-seguridad\/#primaryimage\",\"url\":\"https:\/\/www.msds-europe.com\/wp-content\/uploads\/2026\/02\/Brujula-para-la-seguridad-quimica.jpg\",\"contentUrl\":\"https:\/\/www.msds-europe.com\/wp-content\/uploads\/2026\/02\/Brujula-para-la-seguridad-quimica.jpg\"},{\"@type\":\"BreadcrumbList\",\"@id\":\"https:\/\/www.msds-europe.com\/es\/base-conocimiento-ficha-de-datos-de-seguridad\/#breadcrumb\",\"itemListElement\":[{\"@type\":\"ListItem\",\"position\":1,\"name\":\"F\u0151oldal\",\"item\":\"https:\/\/www.msds-europe.com\/es\/\"},{\"@type\":\"ListItem\",\"position\":2,\"name\":\"Material de referencia \u00fatil y gu\u00edas para fichas de datos de seguridad\"}]},{\"@type\":\"WebSite\",\"@id\":\"https:\/\/www.msds-europe.com\/es\/#website\",\"url\":\"https:\/\/www.msds-europe.com\/es\/\",\"name\":\"MSDS Europe\",\"description\":\"\",\"publisher\":{\"@id\":\"https:\/\/www.msds-europe.com\/es\/#organization\"},\"potentialAction\":[{\"@type\":\"SearchAction\",\"target\":{\"@type\":\"EntryPoint\",\"urlTemplate\":\"https:\/\/www.msds-europe.com\/es\/?s={search_term_string}\"},\"query-input\":{\"@type\":\"PropertyValueSpecification\",\"valueRequired\":true,\"valueName\":\"search_term_string\"}}],\"inLanguage\":\"es\"},{\"@type\":\"Organization\",\"@id\":\"https:\/\/www.msds-europe.com\/es\/#organization\",\"name\":\"MSDS-Europe International branch of ToxInfo\",\"url\":\"https:\/\/www.msds-europe.com\/es\/\",\"logo\":{\"@type\":\"ImageObject\",\"inLanguage\":\"es\",\"@id\":\"https:\/\/www.msds-europe.com\/es\/#\/schema\/logo\/image\/\",\"url\":\"https:\/\/www.msds-europe.com\/wp-content\/uploads\/2021\/04\/msds-europe-logo.jpg\",\"contentUrl\":\"https:\/\/www.msds-europe.com\/wp-content\/uploads\/2021\/04\/msds-europe-logo.jpg\",\"width\":2296,\"height\":1067,\"caption\":\"MSDS-Europe International branch of ToxInfo\"},\"image\":{\"@id\":\"https:\/\/www.msds-europe.com\/es\/#\/schema\/logo\/image\/\"},\"sameAs\":[\"https:\/\/www.facebook.com\/toxinfokft\/\",\"https:\/\/x.com\/ToxInfoKft\"]}]}<\/script>\n<!-- \/ Yoast SEO plugin. -->","yoast_head_json":{"title":"Informaci\u00f3n \u00fatil para las fichas de datos de seguridad","description":"Art\u00edculos \u00fatiles para interpretar la ficha de datos de seguridad y comprender los requisitos legales relacionados en la base de conocimiento.","robots":{"index":"index","follow":"follow","max-snippet":"max-snippet:-1","max-image-preview":"max-image-preview:large","max-video-preview":"max-video-preview:-1"},"canonical":"https:\/\/www.msds-europe.com\/es\/base-conocimiento-ficha-de-datos-de-seguridad\/","og_locale":"es_ES","og_type":"article","og_title":"Informaci\u00f3n \u00fatil para las fichas de datos de seguridad","og_description":"Art\u00edculos \u00fatiles para interpretar la ficha de datos de seguridad y comprender los requisitos legales relacionados en la base de conocimiento.","og_url":"https:\/\/www.msds-europe.com\/es\/base-conocimiento-ficha-de-datos-de-seguridad\/","og_site_name":"MSDS Europe","article_publisher":"https:\/\/www.facebook.com\/toxinfokft\/","article_modified_time":"2026-03-11T11:36:38+00:00","og_image":[{"width":300,"height":180,"url":"https:\/\/www.msds-europe.com\/wp-content\/uploads\/2026\/02\/Brujula-para-la-seguridad-quimica.jpg","type":"image\/jpeg"}],"twitter_card":"summary_large_image","twitter_site":"@ToxInfoKft","twitter_misc":{"Tiempo de lectura":"4 minutos"},"schema":{"@context":"https:\/\/schema.org","@graph":[{"@type":"WebPage","@id":"https:\/\/www.msds-europe.com\/es\/base-conocimiento-ficha-de-datos-de-seguridad\/","url":"https:\/\/www.msds-europe.com\/es\/base-conocimiento-ficha-de-datos-de-seguridad\/","name":"Informaci\u00f3n \u00fatil para las fichas de datos de seguridad","isPartOf":{"@id":"https:\/\/www.msds-europe.com\/es\/#website"},"primaryImageOfPage":{"@id":"https:\/\/www.msds-europe.com\/es\/base-conocimiento-ficha-de-datos-de-seguridad\/#primaryimage"},"image":{"@id":"https:\/\/www.msds-europe.com\/es\/base-conocimiento-ficha-de-datos-de-seguridad\/#primaryimage"},"thumbnailUrl":"https:\/\/www.msds-europe.com\/wp-content\/uploads\/2026\/02\/Brujula-para-la-seguridad-quimica.jpg","datePublished":"2018-05-15T11:34:03+00:00","dateModified":"2026-03-11T11:36:38+00:00","description":"Art\u00edculos \u00fatiles para interpretar la ficha de datos de seguridad y comprender los requisitos legales relacionados en la base de conocimiento.","breadcrumb":{"@id":"https:\/\/www.msds-europe.com\/es\/base-conocimiento-ficha-de-datos-de-seguridad\/#breadcrumb"},"inLanguage":"es","potentialAction":[{"@type":"ReadAction","target":["https:\/\/www.msds-europe.com\/es\/base-conocimiento-ficha-de-datos-de-seguridad\/"]}]},{"@type":"ImageObject","inLanguage":"es","@id":"https:\/\/www.msds-europe.com\/es\/base-conocimiento-ficha-de-datos-de-seguridad\/#primaryimage","url":"https:\/\/www.msds-europe.com\/wp-content\/uploads\/2026\/02\/Brujula-para-la-seguridad-quimica.jpg","contentUrl":"https:\/\/www.msds-europe.com\/wp-content\/uploads\/2026\/02\/Brujula-para-la-seguridad-quimica.jpg"},{"@type":"BreadcrumbList","@id":"https:\/\/www.msds-europe.com\/es\/base-conocimiento-ficha-de-datos-de-seguridad\/#breadcrumb","itemListElement":[{"@type":"ListItem","position":1,"name":"F\u0151oldal","item":"https:\/\/www.msds-europe.com\/es\/"},{"@type":"ListItem","position":2,"name":"Material de referencia \u00fatil y gu\u00edas para fichas de datos de seguridad"}]},{"@type":"WebSite","@id":"https:\/\/www.msds-europe.com\/es\/#website","url":"https:\/\/www.msds-europe.com\/es\/","name":"MSDS Europe","description":"","publisher":{"@id":"https:\/\/www.msds-europe.com\/es\/#organization"},"potentialAction":[{"@type":"SearchAction","target":{"@type":"EntryPoint","urlTemplate":"https:\/\/www.msds-europe.com\/es\/?s={search_term_string}"},"query-input":{"@type":"PropertyValueSpecification","valueRequired":true,"valueName":"search_term_string"}}],"inLanguage":"es"},{"@type":"Organization","@id":"https:\/\/www.msds-europe.com\/es\/#organization","name":"MSDS-Europe International branch of ToxInfo","url":"https:\/\/www.msds-europe.com\/es\/","logo":{"@type":"ImageObject","inLanguage":"es","@id":"https:\/\/www.msds-europe.com\/es\/#\/schema\/logo\/image\/","url":"https:\/\/www.msds-europe.com\/wp-content\/uploads\/2021\/04\/msds-europe-logo.jpg","contentUrl":"https:\/\/www.msds-europe.com\/wp-content\/uploads\/2021\/04\/msds-europe-logo.jpg","width":2296,"height":1067,"caption":"MSDS-Europe International branch of ToxInfo"},"image":{"@id":"https:\/\/www.msds-europe.com\/es\/#\/schema\/logo\/image\/"},"sameAs":["https:\/\/www.facebook.com\/toxinfokft\/","https:\/\/x.com\/ToxInfoKft"]}]}},"_links":{"self":[{"href":"https:\/\/www.msds-europe.com\/es\/wp-json\/wp\/v2\/pages\/3824","targetHints":{"allow":["GET"]}}],"collection":[{"href":"https:\/\/www.msds-europe.com\/es\/wp-json\/wp\/v2\/pages"}],"about":[{"href":"https:\/\/www.msds-europe.com\/es\/wp-json\/wp\/v2\/types\/page"}],"author":[{"embeddable":true,"href":"https:\/\/www.msds-europe.com\/es\/wp-json\/wp\/v2\/users\/2"}],"replies":[{"embeddable":true,"href":"https:\/\/www.msds-europe.com\/es\/wp-json\/wp\/v2\/comments?post=3824"}],"version-history":[{"count":30,"href":"https:\/\/www.msds-europe.com\/es\/wp-json\/wp\/v2\/pages\/3824\/revisions"}],"predecessor-version":[{"id":38548,"href":"https:\/\/www.msds-europe.com\/es\/wp-json\/wp\/v2\/pages\/3824\/revisions\/38548"}],"wp:attachment":[{"href":"https:\/\/www.msds-europe.com\/es\/wp-json\/wp\/v2\/media?parent=3824"}],"wp:term":[{"taxonomy":"post_tag","embeddable":true,"href":"https:\/\/www.msds-europe.com\/es\/wp-json\/wp\/v2\/tags?post=3824"}],"curies":[{"name":"wp","href":"https:\/\/api.w.org\/{rel}","templated":true}]}}