{"id":34838,"date":"2025-09-03T11:57:30","date_gmt":"2025-09-03T11:57:30","guid":{"rendered":"https:\/\/www.msds-europe.com\/?page_id=34838"},"modified":"2026-02-23T08:55:24","modified_gmt":"2026-02-23T08:55:24","slug":"inteligencia-artificial-en-la-seguridad-quimica-sds-clp-reach","status":"publish","type":"page","link":"https:\/\/www.msds-europe.com\/es\/inteligencia-artificial-en-la-seguridad-quimica-sds-clp-reach\/","title":{"rendered":"Aplicabilidad de la inteligencia artificial en la seguridad qu\u00edmica"},"content":{"rendered":"<p style=\"text-align: right;\"><em><a href=\"https:\/\/www.msds-europe.com\/\">MSDS-Europe<\/a> \u2013 <a href=\"https:\/\/www.msds-europe.com\/es\/seguridad-quimica-articulos-analisis\/\">Br\u00fajula hacia la seguridad qu\u00edmica<\/a> \u2013 Aplicabilidad de la inteligencia artificial en la seguridad qu\u00edmica<\/em><\/p>\n<p style=\"text-align: justify;\">La inteligencia artificial (IA) tambi\u00e9n ha llegado a la industria qu\u00edmica. En el \u00e1mbito de la <a href=\"https:\/\/www.msds-europe.com\/es\/seguridad-quimica-articulos-analisis\/\">seguridad qu\u00edmica<\/a>, ha surgido la necesidad de un procesamiento de datos m\u00e1s eficiente y de la automatizaci\u00f3n de tareas rutinarias.<\/p>\n<p>&nbsp;<\/p>\n<h3 style=\"text-align: justify;\"><strong>Elaboraci\u00f3n de fichas de datos de seguridad (FDS) con IA<\/strong><\/h3>\n<p style=\"text-align: justify;\">La <a href=\"https:\/\/www.msds-europe.com\/es\/compilacion-creacion-ficha-de-datos-de-seguridad\/\">elaboraci\u00f3n de fichas de datos de seguridad<\/a> ha sido tradicionalmente un proceso manual, largo e intensivo en mano de obra. <strong>La IA en el \u00e1mbito de la seguridad qu\u00edmica<\/strong> permite acelerar considerablemente este proceso.<\/p>\n<p style=\"text-align: justify;\">Ya existen programas basados en IA que pueden generar autom\u00e1ticamente FDS utilizando bases de datos qu\u00edmicas existentes y requisitos normativos. Esto reduce significativamente el tiempo y los recursos necesarios para la elaboraci\u00f3n de estas fichas.<\/p>\n<p style=\"text-align: justify;\">Los sistemas basados en IA, al generar <a href=\"https:\/\/www.msds-europe.com\/es\/definici%c3%b3n-de-la-hoja-de-seguridad\/\">fichas de datos de seguridad (FDS)<\/a>, tienen en cuenta los requisitos legislativos y normativos pertinentes, por lo que los documentos resultantes cumplen, en esencia, con la normativa aplicable.<\/p>\n<p style=\"text-align: justify;\">Esto puede ser especialmente eficaz para mezclas de nueva creaci\u00f3n, donde el sistema trabaja con las bases de datos m\u00e1s recientes y los <a href=\"https:\/\/www.msds-europe.com\/es\/cambios-reguladores-seguridad-quimica\/\">cambios normativos actuales<\/a>.<\/p>\n<p style=\"text-align: justify;\">Sin embargo, es importante subrayar que, para las mezclas existentes que ya disponen de una FDS, la inteligencia artificial por s\u00ed sola no garantiza el pleno cumplimiento.<\/p>\n<p style=\"text-align: justify;\">En estos casos, las fichas de datos de seguridad deben ser <a href=\"https:\/\/www.msds-europe.com\/es\/servicio-de-atencion-al-cliente\/\">revisadas y complementadas por un experto humano<\/a> para garantizar que los cambios, deficiencias o nuevos requisitos normativos se reflejen adecuadamente en la documentaci\u00f3n actualizada.<\/p>\n<p>&nbsp;<\/p>\n<h3 style=\"text-align: justify;\"><strong>Aplicaciones basadas en IA en la seguridad qu\u00edmica<\/strong><\/h3>\n<p style=\"text-align: justify;\">La IA apoya el \u00e1mbito de la <strong>seguridad qu\u00edmica<\/strong> no solo en la elaboraci\u00f3n de FDS:<\/p>\n<ul style=\"text-align: justify;\">\n<li><strong>Clasificaci\u00f3n de mezclas peligrosas<\/strong>: la IA puede ayudar a clasificar correctamente mezclas complejas en la categor\u00eda de peligro adecuada. Utilizando los datos de los componentes de la mezcla, el sistema puede determinar en qu\u00e9 <a href=\"https:\/\/www.msds-europe.com\/es\/prudencia-p\/\">categor\u00edas de peligro<\/a> debe clasificarse la mezcla, apoyando as\u00ed una clasificaci\u00f3n SGH r\u00e1pida y precisa.<\/li>\n<li><strong>Modelos de toxicolog\u00eda predictiva:<\/strong> mediante modelos predictivos basados en aprendizaje autom\u00e1tico, es posible prever con antelaci\u00f3n los posibles riesgos para la salud o el medio ambiente de una nueva sustancia qu\u00edmica. Los algoritmos entrenados con datos toxicol\u00f3gicos existentes son capaces de predecir los posibles efectos t\u00f3xicos de un nuevo compuesto. De este modo, los peligros potenciales pueden identificarse incluso antes de iniciar los ensayos de laboratorio, haciendo que los procesos de evaluaci\u00f3n de riesgos sean m\u00e1s r\u00e1pidos y eficientes.<\/li>\n<\/ul>\n<p>&nbsp;<\/p>\n<h3 style=\"text-align: justify;\"><strong>La importancia de la revisi\u00f3n humana<\/strong><\/h3>\n<p style=\"text-align: justify;\">A pesar de todos los avances tecnol\u00f3gicos, <strong>la experiencia humana sigue siendo indispensable<\/strong>. Aunque la IA pueda procesar grandes vol\u00famenes de datos, las FDS generadas autom\u00e1ticamente deben ser siempre revisadas por un profesional experimentado.<\/p>\n<p style=\"text-align: justify;\">La IA tambi\u00e9n puede cometer errores o malinterpretar informaci\u00f3n; en \u00faltima instancia, es una persona quien asume la responsabilidad de la exactitud del contenido y de la <a href=\"https:\/\/www.msds-europe.com\/es\/base-de-conocimiento-reach\/\">conformidad normativa<\/a>. Por esta raz\u00f3n, las fichas de datos de seguridad elaboradas por IA solo deben emitirse o utilizarse oficialmente tras la revisi\u00f3n de un experto.<\/p>\n<p>&nbsp;<\/p>\n<h3 style=\"text-align: justify;\"><strong>\u00bfQu\u00e9 debo elegir?<\/strong><\/h3>\n<p style=\"text-align: justify;\">La aplicaci\u00f3n de la inteligencia artificial (IA) en el \u00e1mbito de la seguridad qu\u00edmica puede aportar beneficios significativos, especialmente en tareas que requieren manejar grandes vol\u00famenes de datos o tener en cuenta requisitos normativos complejos.<\/p>\n<p style=\"text-align: justify;\">La rapidez y la capacidad de procesamiento de datos de la IA permiten aumentar la eficiencia del trabajo, pero, para lograr los mejores resultados, el uso prudente de estos sistemas y la revisi\u00f3n por expertos humanos son indispensables.<\/p>\n<p style=\"text-align: justify;\">Nuestra empresa explora y desarrolla continuamente las posibles aplicaciones de la inteligencia artificial en el marco de nuestros proyectos de innovaci\u00f3n. Estamos convencidos de que la IA tiene un gran potencial en el \u00e1mbito de la seguridad qu\u00edmica, aunque el nivel actual de la tecnolog\u00eda a\u00fan no permite sustituir completamente la experiencia humana.<\/p>\n<p style=\"text-align: justify;\">Por lo tanto, seguimos de cerca la evoluci\u00f3n de la IA para poder integrar en el futuro, de manera eficaz y fiable, las soluciones m\u00e1s avanzadas en nuestros servicios de seguridad qu\u00edmica.<\/p>\n<p>&nbsp;<\/p>\n<h3>\u00bfTiene m\u00e1s preguntas?<\/h3>\n<p style=\"text-align: justify;\">Contacte con <a href=\"https:\/\/www.msds-europe.com\/es\/servicio-de-atencion-al-cliente\/\">nuestro servicio de atenci\u00f3n al cliente<\/a> o formule su pregunta a nuestro experto <a href=\"https:\/\/www.msds-europe.com\/es\/consulta-linea\/\">en l\u00ednea<\/a>.<\/p>\n<a href=\"https:\/\/www.msds-europe.com\/es\/servicio-de-atencion-al-cliente\/\" class=\"su-button su-button-style-default\" style=\"color:#ef552d;background-color:#fefefe;border-color:#cccccc;border-radius:6px\" target=\"_self\"><span style=\"color:#ef552d;padding:0px 18px;font-size:14px;line-height:28px;border-color:#ffffff;border-radius:6px;text-shadow:none\"> Atenci\u00f3n al cliente<\/span><\/a>\n<a href=\"https:\/\/www.msds-europe.com\/es\/consulta-linea\/\" class=\"su-button su-button-style-default\" style=\"color:#ffffff;background-color:#ef552d;border-color:#c04424;border-radius:6px\" target=\"_self\"><span style=\"color:#ffffff;padding:0px 18px;font-size:14px;line-height:28px;border-color:#f4886c;border-radius:6px;text-shadow:0px 0px 2px #ffffff\"> Pregunte a nuestro experto<\/span><\/a>\n<p>&nbsp;<\/p>\n<p><strong>Nuestros servicios:<\/strong><\/p>\n<ul>\n<li><a href=\"https:\/\/www.msds-europe.com\/es\/ficha-de-datos-de-seguridad-traduccion\/\">Traducci\u00f3n de fichas de datos de seguridad<\/a><\/li>\n<li><a href=\"https:\/\/www.msds-europe.com\/es\/compilacion-creacion-ficha-de-datos-de-seguridad\/\">Elaboraci\u00f3n de FDS<\/a><\/li>\n<li>Preparaci\u00f3n de <a href=\"https:\/\/www.msds-europe.com\/es\/creacion-proyecto-de-etiqueta\/\">etiquetas CLP<\/a><\/li>\n<li><a href=\"https:\/\/www.msds-europe.com\/es\/servicio-ufi\/\">Notificaci\u00f3n PCN de mezclas peligrosas<\/a><\/li>\n<\/ul>\n<p>&nbsp;<\/p>\n<p><strong>Art\u00edculos \u00fatiles:<\/strong><\/p>\n<ul>\n<li><a href=\"https:\/\/www.msds-europe.com\/es\/seguridad-quimica-articulos-analisis\/\">Br\u00fajula hacia la seguridad qu\u00edmica<\/a><\/li>\n<li><a href=\"https:\/\/www.msds-europe.com\/es\/preguntas-frecuentes-y-respuestas-en-seguridad-quimica\/\">Preguntas frecuentes \u2013 FAQ<\/a><\/li>\n<li><a href=\"https:\/\/www.msds-europe.com\/es\/cambios-reguladores-seguridad-quimica\/\">Seguimiento de cambios normativos<\/a><\/li>\n<\/ul>\n<p>&nbsp;<\/p>\n<h4 style=\"text-align: justify;\"><span style=\"color: #333333;\">Preguntas frecuentes<\/span><\/h4>\n<div class=\"su-spoiler su-spoiler-style-fancy su-spoiler-icon-chevron su-spoiler-closed\" data-scroll-offset=\"0\" data-anchor-in-url=\"no\"><div class=\"su-spoiler-title\" tabindex=\"0\" role=\"button\"><span class=\"su-spoiler-icon\"><\/span>\u00bfC\u00f3mo acelera la IA la preparaci\u00f3n de las fichas de datos de seguridad (FDS)?<\/div><div class=\"su-spoiler-content su-u-clearfix su-u-trim\">\n<p style=\"text-align: justify;\">El software basado en IA utiliza bases de datos de sustancias qu\u00edmicas existentes y requisitos normativos para generar autom\u00e1ticamente FDS, reduciendo dr\u00e1sticamente el tiempo y el trabajo en comparaci\u00f3n con la elaboraci\u00f3n manual tradicional.<\/p>\n<\/div><\/div>\n<div class=\"su-spoiler su-spoiler-style-fancy su-spoiler-icon-chevron su-spoiler-closed\" data-scroll-offset=\"0\" data-anchor-in-url=\"no\"><div class=\"su-spoiler-title\" tabindex=\"0\" role=\"button\"><span class=\"su-spoiler-icon\"><\/span>\u00bfCu\u00e1ndo sigue siendo indispensable un experto humano?<\/div><div class=\"su-spoiler-content su-u-clearfix su-u-trim\">\n<p style=\"text-align: justify;\">Las FDS generadas autom\u00e1ticamente deben ser siempre revisadas por un especialista humano para garantizar la exactitud del contenido y el cumplimiento continuo de una legislaci\u00f3n en constante cambio.<\/p>\n<\/div><\/div>\n<div class=\"su-spoiler su-spoiler-style-fancy su-spoiler-icon-chevron su-spoiler-closed\" data-scroll-offset=\"0\" data-anchor-in-url=\"no\"><div class=\"su-spoiler-title\" tabindex=\"0\" role=\"button\"><span class=\"su-spoiler-icon\"><\/span>\u00bfC\u00f3mo ayuda la IA en la clasificaci\u00f3n de mezclas peligrosas?<\/div><div class=\"su-spoiler-content su-u-clearfix su-u-trim\">\n<p style=\"text-align: justify;\">A partir de los datos de los componentes de la mezcla, el sistema asigna r\u00e1pidamente las clases de peligro SGH correctas, apoyando una clasificaci\u00f3n precisa y coherente.<\/p>\n<\/div><\/div>\n<div class=\"su-spoiler su-spoiler-style-fancy su-spoiler-icon-chevron su-spoiler-closed\" data-scroll-offset=\"0\" data-anchor-in-url=\"no\"><div class=\"su-spoiler-title\" tabindex=\"0\" role=\"button\"><span class=\"su-spoiler-icon\"><\/span>\u00bfC\u00f3mo apoya la IA el seguimiento normativo?<\/div><div class=\"su-spoiler-content su-u-clearfix su-u-trim\">\n<p style=\"text-align: justify;\">Algunas plataformas de IA analizan en tiempo real la legislaci\u00f3n actualizada y se\u00f1alan de inmediato cuando nuevas disposiciones requieren cambios en las FDS o etiquetas, haciendo que el cumplimiento sea proactivo.<\/p>\n<\/div><\/div>\n","protected":false},"excerpt":{"rendered":"<p>MSDS-Europe \u2013 Br\u00fajula hacia la seguridad qu\u00edmica \u2013 Aplicabilidad de la inteligencia artificial en la seguridad qu\u00edmica La inteligencia artificial (IA) tambi\u00e9n ha llegado a la industria qu\u00edmica. En el \u00e1mbito de la seguridad qu\u00edmica, ha surgido la necesidad de un procesamiento de datos m\u00e1s eficiente y de la automatizaci\u00f3n&#8230;<\/p>\n","protected":false},"author":2,"featured_media":0,"parent":0,"menu_order":0,"comment_status":"closed","ping_status":"closed","template":"","meta":{"_acf_changed":false,"footnotes":""},"tags":[],"class_list":["post-34838","page","type-page","status-publish","hentry"],"acf":[],"yoast_head":"<!-- This site is optimized with the Yoast SEO plugin v27.2 - https:\/\/yoast.com\/product\/yoast-seo-wordpress\/ -->\n<title>Aplicabilidad de la inteligencia artificial en la seguridad qu\u00edmica<\/title>\n<meta name=\"description\" content=\"Descubra c\u00f3mo la IA mejora la seguridad qu\u00edmica mediante la automatizaci\u00f3n de las FDS, la clasificaci\u00f3n de peligros.\" \/>\n<meta name=\"robots\" content=\"index, follow, max-snippet:-1, max-image-preview:large, max-video-preview:-1\" \/>\n<link rel=\"canonical\" href=\"https:\/\/www.msds-europe.com\/es\/inteligencia-artificial-en-la-seguridad-quimica-sds-clp-reach\/\" \/>\n<meta property=\"og:locale\" content=\"es_ES\" \/>\n<meta property=\"og:type\" content=\"article\" \/>\n<meta property=\"og:title\" content=\"Aplicabilidad de la inteligencia artificial en la seguridad qu\u00edmica\" \/>\n<meta property=\"og:description\" content=\"Descubra c\u00f3mo la IA mejora la seguridad qu\u00edmica mediante la automatizaci\u00f3n de las FDS, la clasificaci\u00f3n de peligros.\" \/>\n<meta property=\"og:url\" content=\"https:\/\/www.msds-europe.com\/es\/inteligencia-artificial-en-la-seguridad-quimica-sds-clp-reach\/\" \/>\n<meta property=\"og:site_name\" content=\"MSDS Europe\" \/>\n<meta property=\"article:publisher\" content=\"https:\/\/www.facebook.com\/toxinfokft\/\" \/>\n<meta property=\"article:modified_time\" content=\"2026-02-23T08:55:24+00:00\" \/>\n<meta name=\"twitter:card\" content=\"summary_large_image\" \/>\n<meta name=\"twitter:site\" content=\"@ToxInfoKft\" \/>\n<meta name=\"twitter:label1\" content=\"Tiempo de lectura\" \/>\n\t<meta name=\"twitter:data1\" content=\"4 minutos\" \/>\n<script type=\"application\/ld+json\" class=\"yoast-schema-graph\">{\"@context\":\"https:\/\/schema.org\",\"@graph\":[{\"@type\":\"WebPage\",\"@id\":\"https:\/\/www.msds-europe.com\/es\/inteligencia-artificial-en-la-seguridad-quimica-sds-clp-reach\/\",\"url\":\"https:\/\/www.msds-europe.com\/es\/inteligencia-artificial-en-la-seguridad-quimica-sds-clp-reach\/\",\"name\":\"Aplicabilidad de la inteligencia artificial en la seguridad qu\u00edmica\",\"isPartOf\":{\"@id\":\"https:\/\/www.msds-europe.com\/es\/#website\"},\"datePublished\":\"2025-09-03T11:57:30+00:00\",\"dateModified\":\"2026-02-23T08:55:24+00:00\",\"description\":\"Descubra c\u00f3mo la IA mejora la seguridad qu\u00edmica mediante la automatizaci\u00f3n de las FDS, la clasificaci\u00f3n de peligros.\",\"breadcrumb\":{\"@id\":\"https:\/\/www.msds-europe.com\/es\/inteligencia-artificial-en-la-seguridad-quimica-sds-clp-reach\/#breadcrumb\"},\"inLanguage\":\"es\",\"potentialAction\":[{\"@type\":\"ReadAction\",\"target\":[\"https:\/\/www.msds-europe.com\/es\/inteligencia-artificial-en-la-seguridad-quimica-sds-clp-reach\/\"]}]},{\"@type\":\"BreadcrumbList\",\"@id\":\"https:\/\/www.msds-europe.com\/es\/inteligencia-artificial-en-la-seguridad-quimica-sds-clp-reach\/#breadcrumb\",\"itemListElement\":[{\"@type\":\"ListItem\",\"position\":1,\"name\":\"F\u0151oldal\",\"item\":\"https:\/\/www.msds-europe.com\/es\/\"},{\"@type\":\"ListItem\",\"position\":2,\"name\":\"Aplicabilidad de la inteligencia artificial en la seguridad qu\u00edmica\"}]},{\"@type\":\"WebSite\",\"@id\":\"https:\/\/www.msds-europe.com\/es\/#website\",\"url\":\"https:\/\/www.msds-europe.com\/es\/\",\"name\":\"MSDS Europe\",\"description\":\"\",\"publisher\":{\"@id\":\"https:\/\/www.msds-europe.com\/es\/#organization\"},\"potentialAction\":[{\"@type\":\"SearchAction\",\"target\":{\"@type\":\"EntryPoint\",\"urlTemplate\":\"https:\/\/www.msds-europe.com\/es\/?s={search_term_string}\"},\"query-input\":{\"@type\":\"PropertyValueSpecification\",\"valueRequired\":true,\"valueName\":\"search_term_string\"}}],\"inLanguage\":\"es\"},{\"@type\":\"Organization\",\"@id\":\"https:\/\/www.msds-europe.com\/es\/#organization\",\"name\":\"MSDS-Europe International branch of ToxInfo\",\"url\":\"https:\/\/www.msds-europe.com\/es\/\",\"logo\":{\"@type\":\"ImageObject\",\"inLanguage\":\"es\",\"@id\":\"https:\/\/www.msds-europe.com\/es\/#\/schema\/logo\/image\/\",\"url\":\"https:\/\/www.msds-europe.com\/wp-content\/uploads\/2021\/04\/msds-europe-logo.jpg\",\"contentUrl\":\"https:\/\/www.msds-europe.com\/wp-content\/uploads\/2021\/04\/msds-europe-logo.jpg\",\"width\":2296,\"height\":1067,\"caption\":\"MSDS-Europe International branch of ToxInfo\"},\"image\":{\"@id\":\"https:\/\/www.msds-europe.com\/es\/#\/schema\/logo\/image\/\"},\"sameAs\":[\"https:\/\/www.facebook.com\/toxinfokft\/\",\"https:\/\/x.com\/ToxInfoKft\"]}]}<\/script>\n<!-- \/ Yoast SEO plugin. -->","yoast_head_json":{"title":"Aplicabilidad de la inteligencia artificial en la seguridad qu\u00edmica","description":"Descubra c\u00f3mo la IA mejora la seguridad qu\u00edmica mediante la automatizaci\u00f3n de las FDS, la clasificaci\u00f3n de peligros.","robots":{"index":"index","follow":"follow","max-snippet":"max-snippet:-1","max-image-preview":"max-image-preview:large","max-video-preview":"max-video-preview:-1"},"canonical":"https:\/\/www.msds-europe.com\/es\/inteligencia-artificial-en-la-seguridad-quimica-sds-clp-reach\/","og_locale":"es_ES","og_type":"article","og_title":"Aplicabilidad de la inteligencia artificial en la seguridad qu\u00edmica","og_description":"Descubra c\u00f3mo la IA mejora la seguridad qu\u00edmica mediante la automatizaci\u00f3n de las FDS, la clasificaci\u00f3n de peligros.","og_url":"https:\/\/www.msds-europe.com\/es\/inteligencia-artificial-en-la-seguridad-quimica-sds-clp-reach\/","og_site_name":"MSDS Europe","article_publisher":"https:\/\/www.facebook.com\/toxinfokft\/","article_modified_time":"2026-02-23T08:55:24+00:00","twitter_card":"summary_large_image","twitter_site":"@ToxInfoKft","twitter_misc":{"Tiempo de lectura":"4 minutos"},"schema":{"@context":"https:\/\/schema.org","@graph":[{"@type":"WebPage","@id":"https:\/\/www.msds-europe.com\/es\/inteligencia-artificial-en-la-seguridad-quimica-sds-clp-reach\/","url":"https:\/\/www.msds-europe.com\/es\/inteligencia-artificial-en-la-seguridad-quimica-sds-clp-reach\/","name":"Aplicabilidad de la inteligencia artificial en la seguridad qu\u00edmica","isPartOf":{"@id":"https:\/\/www.msds-europe.com\/es\/#website"},"datePublished":"2025-09-03T11:57:30+00:00","dateModified":"2026-02-23T08:55:24+00:00","description":"Descubra c\u00f3mo la IA mejora la seguridad qu\u00edmica mediante la automatizaci\u00f3n de las FDS, la clasificaci\u00f3n de peligros.","breadcrumb":{"@id":"https:\/\/www.msds-europe.com\/es\/inteligencia-artificial-en-la-seguridad-quimica-sds-clp-reach\/#breadcrumb"},"inLanguage":"es","potentialAction":[{"@type":"ReadAction","target":["https:\/\/www.msds-europe.com\/es\/inteligencia-artificial-en-la-seguridad-quimica-sds-clp-reach\/"]}]},{"@type":"BreadcrumbList","@id":"https:\/\/www.msds-europe.com\/es\/inteligencia-artificial-en-la-seguridad-quimica-sds-clp-reach\/#breadcrumb","itemListElement":[{"@type":"ListItem","position":1,"name":"F\u0151oldal","item":"https:\/\/www.msds-europe.com\/es\/"},{"@type":"ListItem","position":2,"name":"Aplicabilidad de la inteligencia artificial en la seguridad qu\u00edmica"}]},{"@type":"WebSite","@id":"https:\/\/www.msds-europe.com\/es\/#website","url":"https:\/\/www.msds-europe.com\/es\/","name":"MSDS Europe","description":"","publisher":{"@id":"https:\/\/www.msds-europe.com\/es\/#organization"},"potentialAction":[{"@type":"SearchAction","target":{"@type":"EntryPoint","urlTemplate":"https:\/\/www.msds-europe.com\/es\/?s={search_term_string}"},"query-input":{"@type":"PropertyValueSpecification","valueRequired":true,"valueName":"search_term_string"}}],"inLanguage":"es"},{"@type":"Organization","@id":"https:\/\/www.msds-europe.com\/es\/#organization","name":"MSDS-Europe International branch of ToxInfo","url":"https:\/\/www.msds-europe.com\/es\/","logo":{"@type":"ImageObject","inLanguage":"es","@id":"https:\/\/www.msds-europe.com\/es\/#\/schema\/logo\/image\/","url":"https:\/\/www.msds-europe.com\/wp-content\/uploads\/2021\/04\/msds-europe-logo.jpg","contentUrl":"https:\/\/www.msds-europe.com\/wp-content\/uploads\/2021\/04\/msds-europe-logo.jpg","width":2296,"height":1067,"caption":"MSDS-Europe International branch of ToxInfo"},"image":{"@id":"https:\/\/www.msds-europe.com\/es\/#\/schema\/logo\/image\/"},"sameAs":["https:\/\/www.facebook.com\/toxinfokft\/","https:\/\/x.com\/ToxInfoKft"]}]}},"_links":{"self":[{"href":"https:\/\/www.msds-europe.com\/es\/wp-json\/wp\/v2\/pages\/34838","targetHints":{"allow":["GET"]}}],"collection":[{"href":"https:\/\/www.msds-europe.com\/es\/wp-json\/wp\/v2\/pages"}],"about":[{"href":"https:\/\/www.msds-europe.com\/es\/wp-json\/wp\/v2\/types\/page"}],"author":[{"embeddable":true,"href":"https:\/\/www.msds-europe.com\/es\/wp-json\/wp\/v2\/users\/2"}],"replies":[{"embeddable":true,"href":"https:\/\/www.msds-europe.com\/es\/wp-json\/wp\/v2\/comments?post=34838"}],"version-history":[{"count":5,"href":"https:\/\/www.msds-europe.com\/es\/wp-json\/wp\/v2\/pages\/34838\/revisions"}],"predecessor-version":[{"id":37457,"href":"https:\/\/www.msds-europe.com\/es\/wp-json\/wp\/v2\/pages\/34838\/revisions\/37457"}],"wp:attachment":[{"href":"https:\/\/www.msds-europe.com\/es\/wp-json\/wp\/v2\/media?parent=34838"}],"wp:term":[{"taxonomy":"post_tag","embeddable":true,"href":"https:\/\/www.msds-europe.com\/es\/wp-json\/wp\/v2\/tags?post=34838"}],"curies":[{"name":"wp","href":"https:\/\/api.w.org\/{rel}","templated":true}]}}