{"id":34619,"date":"2025-09-01T13:19:20","date_gmt":"2025-09-01T13:19:20","guid":{"rendered":"https:\/\/www.msds-europe.com\/?page_id=34619"},"modified":"2026-02-24T13:02:12","modified_gmt":"2026-02-24T13:02:12","slug":"agencia-de-traduccion-vs-empresa-especializada-sds","status":"publish","type":"page","link":"https:\/\/www.msds-europe.com\/es\/agencia-de-traduccion-vs-empresa-especializada-sds\/","title":{"rendered":"Agencia de traducci\u00f3n vs. empresa especializada: \u00bfqui\u00e9n debe traducir su ficha de datos de seguridad?"},"content":{"rendered":"<p style=\"text-align: right;\"><em><a href=\"https:\/\/www.msds-europe.com\/es\/\">MSDS-Europe<\/a> \u2013 <a href=\"https:\/\/www.msds-europe.com\/es\/seguridad-quimica-articulos-analisis\/\">Br\u00fajula de la seguridad qu\u00edmica<\/a><\/em> \u2013 <em>Agencia de traducci\u00f3n vs. empresa especializada: \u00bfqui\u00e9n debe traducir una ficha de datos de seguridad?<\/em><\/p>\n<p>&nbsp;<\/p>\n<p style=\"text-align: justify;\">Para las empresas que trabajan con sustancias y mezclas peligrosas, la <strong>calidad de las traducciones de sus fichas de datos de seguridad (FDS)<\/strong> es de suma importancia.<\/p>\n<p style=\"text-align: justify;\">Una <a href=\"https:\/\/www.msds-europe.com\/es\/base-conocimiento-ficha-de-datos-de-seguridad\/\">ficha de datos de seguridad (FDS)<\/a> no es solo un documento obligatorio; desempe\u00f1a un papel vital para garantizar la <strong>seguridad qu\u00edmica<\/strong> en el lugar de trabajo y el cumplimiento legal. Seg\u00fan las <a href=\"https:\/\/www.msds-europe.com\/es\/cambios-reguladores-seguridad-quimica\/\">normas de la UE<\/a>, las FDS deben suministrarse en una <a href=\"https:\/\/www.msds-europe.com\/es\/sds-requisitos-linguisticos\/\">lengua oficial del pa\u00eds<\/a> donde se comercializa el producto; por lo tanto, su traducci\u00f3n es una obligaci\u00f3n legal. Una traducci\u00f3n defectuosa puede generar malentendidos, riesgos para la seguridad y consecuencias legales.<\/p>\n<h3 style=\"text-align: justify;\"><strong>Surge entonces la pregunta: \u00bfdebemos encargar la traducci\u00f3n de nuestras FDS a una agencia de traducci\u00f3n o a una empresa especializada en seguridad qu\u00edmica?<\/strong><\/h3>\n<p style=\"text-align: justify;\">A continuaci\u00f3n, comparamos ambos enfoques para ayudarle a tomar una decisi\u00f3n informada.<\/p>\n<h4>Agencia de traducci\u00f3n: expertos ling\u00fc\u00edsticos, ventajas y desventajas<\/h4>\n<h5 style=\"text-align: justify;\"><span style=\"color: #000000;\"><strong>Ventajas:<\/strong><\/span><\/h5>\n<p style=\"text-align: justify;\">Una agencia convencional ofrece servicios ling\u00fc\u00edsticos profesionales, a menudo con traductores nativos. Su principal fortaleza es la correcci\u00f3n ling\u00fc\u00edstica y la claridad. Adem\u00e1s, puede traducir r\u00e1pidamente a varios idiomas, lo cual es \u00fatil si la FDS debe acompa\u00f1ar un producto en varios mercados.<\/p>\n<p style=\"text-align: justify;\">Asimismo, las agencias suelen conceder descuentos por segmentos repetidos, lo que hace que los documentos voluminosos o parcialmente repetitivos sean m\u00e1s rentables.<\/p>\n<h5 style=\"text-align: justify;\"><span style=\"color: #000000;\"><strong>Desventajas:<\/strong><\/span><\/h5>\n<p style=\"text-align: justify;\">La mayor\u00eda de las agencias ofrece conocimientos ling\u00fc\u00edsticos generales y puede carecer de conocimientos profundos sobre el <a href=\"https:\/\/www.msds-europe.com\/es\/fichas-de-datos-de-seguridad-clp-junio-2017\/\">Reglamento CLP<\/a> o la <a href=\"https:\/\/www.msds-europe.com\/es\/base-de-conocimiento-reach\/\">conformidad con REACH<\/a>. Incluso los traductores t\u00e9cnicos pueden tener dificultades: la normativa exige que una FDS sea elaborada por una persona competente, es decir, cualificada y con experiencia en seguridad qu\u00edmica.<\/p>\n<p style=\"text-align: justify;\">Un ling\u00fcista por s\u00ed solo puede no cumplir este requisito. Incluso si una agencia asigna la tarea a un traductor t\u00e9cnico experimentado, la terminolog\u00eda, las clases de peligro o las referencias legales pueden interpretarse mal.<\/p>\n<p style=\"text-align: justify;\">Por ello, a menudo se necesita una <a href=\"https:\/\/www.msds-europe.com\/es\/ficha-de-datos-de-seguridad-traduccion\/\">revisi\u00f3n profesional<\/a> por parte de un experto en seguridad qu\u00edmica tras la traducci\u00f3n. Esto a\u00f1ade tiempo y coste y reduce en parte las ventajas de la agencia.<\/p>\n<p style=\"text-align: justify;\">Durante dicha revisi\u00f3n puede ser necesario a\u00f1adir datos faltantes, verificar n\u00fameros CAS\/CE, determinar la clasificaci\u00f3n correcta e incluir valores VLEP, aspectos cruciales para la aceptaci\u00f3n legal y comercial.<\/p>\n<h4>Empresa especializada en seguridad qu\u00edmica: experiencia y conformidad<\/h4>\n<p style=\"text-align: justify;\">Las empresas especializadas se centran en documentos como las FDS. Tienen el <strong>conocimiento y la experiencia<\/strong> necesarios para garantizar que una traducci\u00f3n de FDS no sea solo ling\u00fc\u00edsticamente correcta, sino tambi\u00e9n conforme. Emplean <em>personas competentes<\/em> que se mantienen actualizadas sobre REACH, CLP, etc. Sus resultados suelen equivaler a una <a href=\"https:\/\/www.msds-europe.com\/es\/compilacion-creacion-ficha-de-datos-de-seguridad\/\">FDS elaborada<\/a> <em>ex novo<\/em>, adaptada a las normas locales.<\/p>\n<p style=\"text-align: justify;\">Conocen la <strong>terminolog\u00eda oficial<\/strong> y qu\u00e9 partes deben reproducirse fielmente de la legislaci\u00f3n (por ejemplo, indicaciones de peligro y consejos de prudencia, frases H y P).<\/p>\n<p style=\"text-align: justify;\">Tambi\u00e9n revisan la <a href=\"https:\/\/www.msds-europe.com\/es\/preparacion-sds-introduccion-normativo\/\">clasificaci\u00f3n y las frases H\/P<\/a>; si el documento fuente contiene errores o datos obsoletos (p. ej., l\u00edmites modificados o una nueva clase CLP), los se\u00f1alan y corrigen. Esto garantiza que la FDS traducida sea utilizable y legal en el pa\u00eds de destino.<\/p>\n<p style=\"text-align: justify;\">La experiencia especializada es un servicio pr\u00e9mium y puede costar m\u00e1s que una agencia general, pero minimiza los riesgos.<\/p>\n<h4>Consecuencias y responsabilidad de una traducci\u00f3n defectuosa<\/h4>\n<p style=\"text-align: justify;\">Una traducci\u00f3n incorrecta de una FDS puede provocar <strong>una clasificaci\u00f3n o un etiquetado err\u00f3neos<\/strong>, poniendo en riesgo la seguridad y la reputaci\u00f3n.<\/p>\n<p style=\"text-align: justify;\">Legalmente, la empresa que pone el producto en el mercado (fabricante\/importador) sigue siendo responsable de la FDS. Incluso si una agencia realiz\u00f3 el trabajo, <strong>la responsabilidad recae en el proveedor<\/strong> seg\u00fan REACH. La informaci\u00f3n inexacta puede dar lugar a multas o, en casos extremos, a acciones legales.<\/p>\n<h4>\u00bfQu\u00e9 soluci\u00f3n elegir?<\/h4>\n<p style=\"text-align: justify;\">La traducci\u00f3n de FDS exige tanto precisi\u00f3n ling\u00fc\u00edstica como exactitud t\u00e9cnica. Si su empresa cuenta con un experto interno en seguridad qu\u00edmica para revisar el borrador, una agencia puede ser suficiente. Sin esa experiencia, una empresa especializada es la opci\u00f3n m\u00e1s segura: ofrece garant\u00eda de conformidad y reduce los riesgos a largo plazo.<\/p>\n<p>&nbsp;<\/p>\n<h3 style=\"background: white; margin: 0cm 0cm 15.0pt 0cm;\"><span style=\"font-size: 18.0pt; font-family: 'Arial',sans-serif; color: #e67817;\">\u00bfM\u00e1s preguntas?<\/span><\/h3>\n<p style=\"background: white;\"><span style=\"font-size: 11.5pt; font-family: 'Arial',sans-serif; color: black;\">Contacte con nuestro <a href=\"https:\/\/www.msds-europe.com\/es\/servicio-de-atencion-al-cliente\/\">servicio de atenci\u00f3n al cliente<\/a> o consulte a nuestro experto <a href=\"https:\/\/www.msds-europe.com\/es\/consulta-linea\/\">en l\u00ednea<\/a>.<\/span><\/p>\n<a href=\"https:\/\/www.msds-europe.com\/es\/servicio-de-atencion-al-cliente\/\" class=\"su-button su-button-style-default\" style=\"color:#ef552d;background-color:#fefefe;border-color:#cccccc;border-radius:6px\" target=\"_self\"><span style=\"color:#ef552d;padding:0px 18px;font-size:14px;line-height:28px;border-color:#ffffff;border-radius:6px;text-shadow:none\"> Atenci\u00f3n al cliente<\/span><\/a> <a href=\"https:\/\/www.msds-europe.com\/online-consultation\/\" class=\"su-button su-button-style-default\" style=\"color:#ffffff;background-color:#ef552d;border-color:#c04424;border-radius:6px\" target=\"_self\"><span style=\"color:#ffffff;padding:0px 18px;font-size:14px;line-height:28px;border-color:#f4886c;border-radius:6px;text-shadow:0px 0px 2px #ffffff\"> Pregunte a nuestro experto<\/span><\/a>\n<p>&nbsp;<\/p>\n<p>\u00a0<\/p>\n<p><strong><span style=\"color: #333333;\">Recomendaci\u00f3n de servicios:<\/span><\/strong><\/p>\n<ul>\n<li>Servicios de FDS: <a href=\"https:\/\/www.msds-europe.com\/es\/compilacion-creacion-ficha-de-datos-de-seguridad\/\">Elaboraci\u00f3n de FDS<\/a>, <a href=\"https:\/\/www.msds-europe.com\/es\/ficha-de-datos-de-seguridad-traduccion\/\">Traducci\u00f3n de FDS<\/a>, <a href=\"https:\/\/www.msds-europe.com\/es\/sds-revision-actualizacion\/\">Revisi\u00f3n de FDS<\/a><\/li>\n<li>CLP: <a href=\"https:\/\/www.msds-europe.com\/es\/creacion-proyecto-de-etiqueta\/\">dise\u00f1o de etiquetas<\/a><\/li>\n<li><a href=\"https:\/\/www.msds-europe.com\/es\/servicio-ufi\/\">Notificaci\u00f3n PCN de mezclas peligrosas<\/a><\/li>\n<\/ul>\n<p>&nbsp;<\/p>\n<p><strong>Art\u00edculos \u00fatiles:<\/strong><\/p>\n<ul>\n<li><a href=\"https:\/\/www.msds-europe.com\/es\/seguridad-quimica-articulos-analisis\/\">Br\u00fajula de la seguridad qu\u00edmica<\/a><\/li>\n<li><a href=\"https:\/\/www.msds-europe.com\/es\/preguntas-frecuentes-y-respuestas-en-seguridad-quimica\/\">FAQ \u2013 Preguntas frecuentes<\/a><\/li>\n<li><a href=\"https:\/\/www.msds-europe.com\/es\/cambios-reguladores-seguridad-quimica\/\">Seguimiento de cambios normativos<\/a><\/li>\n<\/ul>\n<p>&nbsp;<\/p>\n<h4>Preguntas r\u00e1pidas y respuestas<\/h4>\n<div class=\"su-spoiler su-spoiler-style-fancy su-spoiler-icon-chevron su-spoiler-closed\" data-scroll-offset=\"0\" data-anchor-in-url=\"no\"><div class=\"su-spoiler-title\" tabindex=\"0\" role=\"button\"><span class=\"su-spoiler-icon\"><\/span>\u00bfCu\u00e1l es la diferencia entre una agencia general y una empresa especializada en traducci\u00f3n de FDS?<\/div><div class=\"su-spoiler-content su-u-clearfix su-u-trim\">\nUna empresa especializada no solo emplea traductores nativos, sino que tambi\u00e9n posee un profundo conocimiento normativo (REACH, CLP), garantizando que la traducci\u00f3n sea conforme adem\u00e1s de ling\u00fc\u00edsticamente correcta.<br \/>\n<\/div><\/div>\n<div class=\"su-spoiler su-spoiler-style-fancy su-spoiler-icon-chevron su-spoiler-closed\" data-scroll-offset=\"0\" data-anchor-in-url=\"no\"><div class=\"su-spoiler-title\" tabindex=\"0\" role=\"button\"><span class=\"su-spoiler-icon\"><\/span>\u00bfPor qu\u00e9 puede costar m\u00e1s una traducci\u00f3n de FDS en una empresa especializada?<\/div><div class=\"su-spoiler-content su-u-clearfix su-u-trim\">\nSus comprobaciones normativas y t\u00e9cnicas minimizan errores, ahorran costes posteriores y reducen responsabilidades a largo plazo.<br \/>\n<\/div><\/div>\n<div class=\"su-spoiler su-spoiler-style-fancy su-spoiler-icon-chevron su-spoiler-closed\" data-scroll-offset=\"0\" data-anchor-in-url=\"no\"><div class=\"su-spoiler-title\" tabindex=\"0\" role=\"button\"><span class=\"su-spoiler-icon\"><\/span>\u00bfCu\u00e1les son los impactos de una traducci\u00f3n defectuosa de FDS?<\/div><div class=\"su-spoiler-content su-u-clearfix su-u-trim\">\nPuede generar una clasificaci\u00f3n o un etiquetado err\u00f3neos, con riesgos para la seguridad, multas y responsabilidades para el proveedor.<br \/>\n<\/div><\/div>\n<div class=\"su-spoiler su-spoiler-style-fancy su-spoiler-icon-chevron su-spoiler-closed\" data-scroll-offset=\"0\" data-anchor-in-url=\"no\"><div class=\"su-spoiler-title\" tabindex=\"0\" role=\"button\"><span class=\"su-spoiler-icon\"><\/span>\u00bfCu\u00e1ndo basta una agencia y cu\u00e1ndo es necesaria una empresa especializada?<\/div><div class=\"su-spoiler-content su-u-clearfix su-u-trim\">\nSi solo se necesita una traducci\u00f3n ling\u00fc\u00edstica y un experto interno puede revisarla, una agencia puede bastar; de lo contrario, elija una empresa especializada o haga revisar el borrador por una de ellas.<br \/>\n<\/div><\/div>\n","protected":false},"excerpt":{"rendered":"<p>MSDS-Europe \u2013 Br\u00fajula de la seguridad qu\u00edmica \u2013 Agencia de traducci\u00f3n vs. empresa especializada: \u00bfqui\u00e9n debe traducir una ficha de datos de seguridad? &nbsp; Para las empresas que trabajan con sustancias y mezclas peligrosas, la calidad de las traducciones de sus fichas de datos de seguridad (FDS) es de suma&#8230;<\/p>\n","protected":false},"author":2,"featured_media":0,"parent":0,"menu_order":0,"comment_status":"closed","ping_status":"closed","template":"","meta":{"_acf_changed":false,"footnotes":""},"tags":[],"class_list":["post-34619","page","type-page","status-publish","hentry"],"acf":[],"yoast_head":"<!-- This site is optimized with the Yoast SEO plugin v27.2 - https:\/\/yoast.com\/product\/yoast-seo-wordpress\/ -->\n<title>Agencia de traducci\u00f3n vs. empresa especializada<\/title>\n<meta name=\"description\" content=\"Traducci\u00f3n de fichas de datos de seguridad con plena conformidad normativa y revisi\u00f3n experta.\u2013 MSDS-Europe\" \/>\n<meta name=\"robots\" content=\"index, follow, max-snippet:-1, max-image-preview:large, max-video-preview:-1\" \/>\n<link rel=\"canonical\" href=\"https:\/\/www.msds-europe.com\/es\/agencia-de-traduccion-vs-empresa-especializada-sds\/\" \/>\n<meta property=\"og:locale\" content=\"es_ES\" \/>\n<meta property=\"og:type\" content=\"article\" \/>\n<meta property=\"og:title\" content=\"Agencia de traducci\u00f3n vs. empresa especializada\" \/>\n<meta property=\"og:description\" content=\"Traducci\u00f3n de fichas de datos de seguridad con plena conformidad normativa y revisi\u00f3n experta.\u2013 MSDS-Europe\" \/>\n<meta property=\"og:url\" content=\"https:\/\/www.msds-europe.com\/es\/agencia-de-traduccion-vs-empresa-especializada-sds\/\" \/>\n<meta property=\"og:site_name\" content=\"MSDS Europe\" \/>\n<meta property=\"article:publisher\" content=\"https:\/\/www.facebook.com\/toxinfokft\/\" \/>\n<meta property=\"article:modified_time\" content=\"2026-02-24T13:02:12+00:00\" \/>\n<meta name=\"twitter:card\" content=\"summary_large_image\" \/>\n<meta name=\"twitter:site\" content=\"@ToxInfoKft\" \/>\n<meta name=\"twitter:label1\" content=\"Tiempo de lectura\" \/>\n\t<meta name=\"twitter:data1\" content=\"4 minutos\" \/>\n<script type=\"application\/ld+json\" class=\"yoast-schema-graph\">{\"@context\":\"https:\/\/schema.org\",\"@graph\":[{\"@type\":\"WebPage\",\"@id\":\"https:\/\/www.msds-europe.com\/es\/agencia-de-traduccion-vs-empresa-especializada-sds\/\",\"url\":\"https:\/\/www.msds-europe.com\/es\/agencia-de-traduccion-vs-empresa-especializada-sds\/\",\"name\":\"Agencia de traducci\u00f3n vs. empresa especializada\",\"isPartOf\":{\"@id\":\"https:\/\/www.msds-europe.com\/es\/#website\"},\"datePublished\":\"2025-09-01T13:19:20+00:00\",\"dateModified\":\"2026-02-24T13:02:12+00:00\",\"description\":\"Traducci\u00f3n de fichas de datos de seguridad con plena conformidad normativa y revisi\u00f3n experta.\u2013 MSDS-Europe\",\"breadcrumb\":{\"@id\":\"https:\/\/www.msds-europe.com\/es\/agencia-de-traduccion-vs-empresa-especializada-sds\/#breadcrumb\"},\"inLanguage\":\"es\",\"potentialAction\":[{\"@type\":\"ReadAction\",\"target\":[\"https:\/\/www.msds-europe.com\/es\/agencia-de-traduccion-vs-empresa-especializada-sds\/\"]}]},{\"@type\":\"BreadcrumbList\",\"@id\":\"https:\/\/www.msds-europe.com\/es\/agencia-de-traduccion-vs-empresa-especializada-sds\/#breadcrumb\",\"itemListElement\":[{\"@type\":\"ListItem\",\"position\":1,\"name\":\"F\u0151oldal\",\"item\":\"https:\/\/www.msds-europe.com\/es\/\"},{\"@type\":\"ListItem\",\"position\":2,\"name\":\"Agencia de traducci\u00f3n vs. empresa especializada: \u00bfqui\u00e9n debe traducir su ficha de datos de seguridad?\"}]},{\"@type\":\"WebSite\",\"@id\":\"https:\/\/www.msds-europe.com\/es\/#website\",\"url\":\"https:\/\/www.msds-europe.com\/es\/\",\"name\":\"MSDS Europe\",\"description\":\"\",\"publisher\":{\"@id\":\"https:\/\/www.msds-europe.com\/es\/#organization\"},\"potentialAction\":[{\"@type\":\"SearchAction\",\"target\":{\"@type\":\"EntryPoint\",\"urlTemplate\":\"https:\/\/www.msds-europe.com\/es\/?s={search_term_string}\"},\"query-input\":{\"@type\":\"PropertyValueSpecification\",\"valueRequired\":true,\"valueName\":\"search_term_string\"}}],\"inLanguage\":\"es\"},{\"@type\":\"Organization\",\"@id\":\"https:\/\/www.msds-europe.com\/es\/#organization\",\"name\":\"MSDS-Europe International branch of ToxInfo\",\"url\":\"https:\/\/www.msds-europe.com\/es\/\",\"logo\":{\"@type\":\"ImageObject\",\"inLanguage\":\"es\",\"@id\":\"https:\/\/www.msds-europe.com\/es\/#\/schema\/logo\/image\/\",\"url\":\"https:\/\/www.msds-europe.com\/wp-content\/uploads\/2021\/04\/msds-europe-logo.jpg\",\"contentUrl\":\"https:\/\/www.msds-europe.com\/wp-content\/uploads\/2021\/04\/msds-europe-logo.jpg\",\"width\":2296,\"height\":1067,\"caption\":\"MSDS-Europe International branch of ToxInfo\"},\"image\":{\"@id\":\"https:\/\/www.msds-europe.com\/es\/#\/schema\/logo\/image\/\"},\"sameAs\":[\"https:\/\/www.facebook.com\/toxinfokft\/\",\"https:\/\/x.com\/ToxInfoKft\"]}]}<\/script>\n<!-- \/ Yoast SEO plugin. -->","yoast_head_json":{"title":"Agencia de traducci\u00f3n vs. empresa especializada","description":"Traducci\u00f3n de fichas de datos de seguridad con plena conformidad normativa y revisi\u00f3n experta.\u2013 MSDS-Europe","robots":{"index":"index","follow":"follow","max-snippet":"max-snippet:-1","max-image-preview":"max-image-preview:large","max-video-preview":"max-video-preview:-1"},"canonical":"https:\/\/www.msds-europe.com\/es\/agencia-de-traduccion-vs-empresa-especializada-sds\/","og_locale":"es_ES","og_type":"article","og_title":"Agencia de traducci\u00f3n vs. empresa especializada","og_description":"Traducci\u00f3n de fichas de datos de seguridad con plena conformidad normativa y revisi\u00f3n experta.\u2013 MSDS-Europe","og_url":"https:\/\/www.msds-europe.com\/es\/agencia-de-traduccion-vs-empresa-especializada-sds\/","og_site_name":"MSDS Europe","article_publisher":"https:\/\/www.facebook.com\/toxinfokft\/","article_modified_time":"2026-02-24T13:02:12+00:00","twitter_card":"summary_large_image","twitter_site":"@ToxInfoKft","twitter_misc":{"Tiempo de lectura":"4 minutos"},"schema":{"@context":"https:\/\/schema.org","@graph":[{"@type":"WebPage","@id":"https:\/\/www.msds-europe.com\/es\/agencia-de-traduccion-vs-empresa-especializada-sds\/","url":"https:\/\/www.msds-europe.com\/es\/agencia-de-traduccion-vs-empresa-especializada-sds\/","name":"Agencia de traducci\u00f3n vs. empresa especializada","isPartOf":{"@id":"https:\/\/www.msds-europe.com\/es\/#website"},"datePublished":"2025-09-01T13:19:20+00:00","dateModified":"2026-02-24T13:02:12+00:00","description":"Traducci\u00f3n de fichas de datos de seguridad con plena conformidad normativa y revisi\u00f3n experta.\u2013 MSDS-Europe","breadcrumb":{"@id":"https:\/\/www.msds-europe.com\/es\/agencia-de-traduccion-vs-empresa-especializada-sds\/#breadcrumb"},"inLanguage":"es","potentialAction":[{"@type":"ReadAction","target":["https:\/\/www.msds-europe.com\/es\/agencia-de-traduccion-vs-empresa-especializada-sds\/"]}]},{"@type":"BreadcrumbList","@id":"https:\/\/www.msds-europe.com\/es\/agencia-de-traduccion-vs-empresa-especializada-sds\/#breadcrumb","itemListElement":[{"@type":"ListItem","position":1,"name":"F\u0151oldal","item":"https:\/\/www.msds-europe.com\/es\/"},{"@type":"ListItem","position":2,"name":"Agencia de traducci\u00f3n vs. empresa especializada: \u00bfqui\u00e9n debe traducir su ficha de datos de seguridad?"}]},{"@type":"WebSite","@id":"https:\/\/www.msds-europe.com\/es\/#website","url":"https:\/\/www.msds-europe.com\/es\/","name":"MSDS Europe","description":"","publisher":{"@id":"https:\/\/www.msds-europe.com\/es\/#organization"},"potentialAction":[{"@type":"SearchAction","target":{"@type":"EntryPoint","urlTemplate":"https:\/\/www.msds-europe.com\/es\/?s={search_term_string}"},"query-input":{"@type":"PropertyValueSpecification","valueRequired":true,"valueName":"search_term_string"}}],"inLanguage":"es"},{"@type":"Organization","@id":"https:\/\/www.msds-europe.com\/es\/#organization","name":"MSDS-Europe International branch of ToxInfo","url":"https:\/\/www.msds-europe.com\/es\/","logo":{"@type":"ImageObject","inLanguage":"es","@id":"https:\/\/www.msds-europe.com\/es\/#\/schema\/logo\/image\/","url":"https:\/\/www.msds-europe.com\/wp-content\/uploads\/2021\/04\/msds-europe-logo.jpg","contentUrl":"https:\/\/www.msds-europe.com\/wp-content\/uploads\/2021\/04\/msds-europe-logo.jpg","width":2296,"height":1067,"caption":"MSDS-Europe International branch of ToxInfo"},"image":{"@id":"https:\/\/www.msds-europe.com\/es\/#\/schema\/logo\/image\/"},"sameAs":["https:\/\/www.facebook.com\/toxinfokft\/","https:\/\/x.com\/ToxInfoKft"]}]}},"_links":{"self":[{"href":"https:\/\/www.msds-europe.com\/es\/wp-json\/wp\/v2\/pages\/34619","targetHints":{"allow":["GET"]}}],"collection":[{"href":"https:\/\/www.msds-europe.com\/es\/wp-json\/wp\/v2\/pages"}],"about":[{"href":"https:\/\/www.msds-europe.com\/es\/wp-json\/wp\/v2\/types\/page"}],"author":[{"embeddable":true,"href":"https:\/\/www.msds-europe.com\/es\/wp-json\/wp\/v2\/users\/2"}],"replies":[{"embeddable":true,"href":"https:\/\/www.msds-europe.com\/es\/wp-json\/wp\/v2\/comments?post=34619"}],"version-history":[{"count":6,"href":"https:\/\/www.msds-europe.com\/es\/wp-json\/wp\/v2\/pages\/34619\/revisions"}],"predecessor-version":[{"id":37754,"href":"https:\/\/www.msds-europe.com\/es\/wp-json\/wp\/v2\/pages\/34619\/revisions\/37754"}],"wp:attachment":[{"href":"https:\/\/www.msds-europe.com\/es\/wp-json\/wp\/v2\/media?parent=34619"}],"wp:term":[{"taxonomy":"post_tag","embeddable":true,"href":"https:\/\/www.msds-europe.com\/es\/wp-json\/wp\/v2\/tags?post=34619"}],"curies":[{"name":"wp","href":"https:\/\/api.w.org\/{rel}","templated":true}]}}