{"id":34575,"date":"2025-09-01T11:55:53","date_gmt":"2025-09-01T11:55:53","guid":{"rendered":"https:\/\/www.msds-europe.com\/?page_id=34575"},"modified":"2026-04-22T12:21:46","modified_gmt":"2026-04-22T12:21:46","slug":"informacion-sobre-fds-para-usuarios-aguas-abajo","status":"publish","type":"page","link":"https:\/\/www.msds-europe.com\/es\/informacion-sobre-fds-para-usuarios-aguas-abajo\/","title":{"rendered":"Informaci\u00f3n \u00fatil para los usuarios intermedios sobre las fichas de datos de seguridad"},"content":{"rendered":"<p style=\"text-align: right;\"><em><a href=\"https:\/\/www.msds-europe.com\/es\/base-conocimiento-ficha-de-datos-de-seguridad\/\">Base de conocimientos sobre fichas de datos de seguridad<\/a> \u2013 Informaci\u00f3n sobre la ficha de datos de seguridad para los usuarios intermedios<\/em><\/p>\n<p>&nbsp;<\/p>\n<h2 style=\"text-align: justify;\">La ficha de datos de seguridad como herramienta de comunicaci\u00f3n<\/h2>\n<p style=\"text-align: justify;\">Las fichas de datos de seguridad son herramientas de comunicaci\u00f3n importantes en la cadena de suministro. Ayudan a todos los miembros de la cadena de suministro a cumplir con sus responsabilidades en relaci\u00f3n con la gesti\u00f3n del riesgo derivado del uso de sustancias y mezclas.<\/p>\n<p style=\"text-align: justify;\">Los usuarios intermedios son informados, mediante una ficha de datos de seguridad, de los riesgos derivados de su uso identificado y de las medidas que deben adoptarse para controlar dichos riesgos.<\/p>\n<p>&nbsp;<\/p>\n<h2 style=\"text-align: justify;\">Escenario de exposici\u00f3n<\/h2>\n<p style=\"text-align: justify;\">Algunas fichas de datos de seguridad tambi\u00e9n incluyen un anexo denominado escenario de exposici\u00f3n. El <a href=\"https:\/\/www.msds-europe.com\/checking-implementing-exposure-scenario\/\">escenario de exposici\u00f3n<\/a> proporciona datos m\u00e1s precisos sobre el uso seguro y la reducci\u00f3n de la exposici\u00f3n que los que figuran en una ficha de datos de seguridad.<\/p>\n<p style=\"text-align: justify;\">Si el escenario de exposici\u00f3n no cubre el uso previsto, se debe contactar con el proveedor. En caso contrario, los usuarios intermedios deben elaborar su propio <a href=\"https:\/\/www.msds-europe.com\/es\/seguridad-quimica-articulos-analisis\/\">informe sobre la seguridad qu\u00edmica<\/a>.<\/p>\n<p>&nbsp;<\/p>\n<h2 style=\"text-align: justify;\">Tareas a realizar si no se recibe una ficha de datos de seguridad para la sustancia\/mezcla adquirida<\/h2>\n<p style=\"text-align: justify;\">Esto no significa que no se deban aplicar (y comunicar a otros miembros de la cadena de suministro) las medidas de gesti\u00f3n del riesgo que el proveedor comunique por otros medios (por ejemplo, en una declaraci\u00f3n escrita, en una ficha t\u00e9cnica, en especificaciones, etc.).<\/p>\n<p style=\"text-align: justify;\">El hecho de no recibir una ficha de datos de seguridad probablemente significa que la sustancia o la mezcla no se considera peligrosa.<\/p>\n<p style=\"text-align: justify;\">No obstante, conviene ponerse en contacto con el proveedor y solicitar una ficha de datos de seguridad (en algunos casos, la legislaci\u00f3n permite a los proveedores proporcionar una ficha de datos de seguridad \u00fanicamente a petici\u00f3n).<\/p>\n<p>&nbsp;<\/p>\n<h2 style=\"text-align: justify;\">Tareas a realizar tras recibir una ficha de datos de seguridad<\/h2>\n<p style=\"text-align: justify;\">Se debe comprobar si la ficha de datos de seguridad contiene un n\u00famero de registro REACH.<\/p>\n<p style=\"text-align: justify;\">Si el n\u00famero de registro REACH est\u00e1 incluido en la ficha de datos de seguridad, se dispondr\u00e1 de 12 meses para cumplir con los requisitos de REACH especificados para los usuarios intermedios.<\/p>\n<p style=\"text-align: justify;\">Si una sustancia a\u00fan no ha sido registrada y no se ha emitido un n\u00famero de registro, se deben seguir las instrucciones dadas en la ficha de datos de seguridad.<\/p>\n<p style=\"text-align: justify;\">Se debe comprobar la informaci\u00f3n sobre los peligros y las medidas de gesti\u00f3n del riesgo. Tambi\u00e9n se debe verificar que dichas medidas se aplican y si alguna sustancia presente por s\u00ed sola o como parte de una mezcla est\u00e1 sujeta a autorizaci\u00f3n o a alg\u00fan tipo de restricci\u00f3n.<\/p>\n<p style=\"text-align: justify;\">Si el proveedor no respalda ciertos usos con el fin de proteger la salud humana o el medio ambiente, debe indicarlo en la secci\u00f3n 16 de la ficha de datos de seguridad o entre la informaci\u00f3n proporcionada de conformidad con el art\u00edculo 32. Si esta indicaci\u00f3n de uso desaconsejado no est\u00e1 justificada, el usuario intermedio tiene derecho a solicitar m\u00e1s informaci\u00f3n o una justificaci\u00f3n.<\/p>\n<p>&nbsp;<\/p>\n<h3 style=\"text-align: justify;\">Tarea a realizar en caso de usos desaconsejados<\/h3>\n<ul>\n<li style=\"text-align: justify;\">Se debe poner fin al uso de la sustancia o de la mezcla.<\/li>\n<li style=\"text-align: justify;\">El uso seguro puede demostrarse mediante la elaboraci\u00f3n de un informe sobre la seguridad qu\u00edmica del usuario intermedio. A tal fin, se debe evaluar el uso de la sustancia o mezcla de manera m\u00e1s detallada que el proveedor y, en su caso, modificar las condiciones de uso.<\/li>\n<\/ul>\n<p>&nbsp;<\/p>\n<h3 style=\"text-align: justify;\">Tareas de los usuarios intermedios que producen mezclas en relaci\u00f3n con las fichas de datos de seguridad<\/h3>\n<p style=\"text-align: justify;\">Tras <a href=\"https:\/\/www.msds-europe.com\/es\/compilacion-creacion-ficha-de-datos-de-seguridad\/\">realizar la clasificaci\u00f3n<\/a>, se podr\u00e1 determinar si se debe o no proporcionar una ficha de datos de seguridad a los clientes en relaci\u00f3n con la mezcla en cuesti\u00f3n.<\/p>\n<p>&nbsp;<\/p>\n<h2 style=\"text-align: justify;\">Se debe proporcionar una ficha de datos de seguridad a los usuarios profesionales en los siguientes casos<\/h2>\n<ul>\n<li style=\"text-align: justify;\">Si una sustancia o una mezcla est\u00e1 clasificada como peligrosa<\/li>\n<li style=\"text-align: justify;\">Si una sustancia es persistente, bioacumulativa y t\u00f3xica o muy persistente y muy bioacumulativa de conformidad con los criterios establecidos en el anexo XIII.<\/li>\n<li style=\"text-align: justify;\">Si una sustancia est\u00e1 incluida en la lista de sustancias candidatas establecida de conformidad con el apartado 1 del art\u00edculo 59.<\/li>\n<\/ul>\n<p>&nbsp;<\/p>\n<h3 style=\"text-align: justify;\">Si la mezcla no se considera peligrosa, el cliente puede solicitar la ficha de datos de seguridad en los siguientes casos<\/h3>\n<ul>\n<li style=\"text-align: justify;\">Contiene una sustancia peligrosa en una concentraci\u00f3n \u2265 1 % en peso para mezclas no gaseosas.<\/li>\n<li style=\"text-align: justify;\">Contiene una sustancia peligrosa en una concentraci\u00f3n \u2265 0,2 % en volumen para mezclas gaseosas.<\/li>\n<li style=\"text-align: justify;\">Contiene, en una concentraci\u00f3n individual \u2265 0,1 % en peso para mezclas no gaseosas, al menos una sustancia clasificada como carcin\u00f3gena de categor\u00eda 2 o t\u00f3xica para la reproducci\u00f3n de categor\u00edas 1A, 1B y 2, sensibilizante cut\u00e1neo de categor\u00eda 1, sensibilizante respiratorio de categor\u00eda 1, con efectos sobre la lactancia o a trav\u00e9s de ella, o que sea PBT de conformidad con los criterios establecidos en el anexo XIII o vPvB de conformidad con los criterios establecidos en el anexo XIII.<\/li>\n<li style=\"text-align: justify;\">Contiene una sustancia incluida en la lista establecida de conformidad con el apartado 1 del art\u00edculo 59.<\/li>\n<li style=\"text-align: justify;\">Contiene una sustancia para la que existen valores l\u00edmite de exposici\u00f3n profesional comunitarios.<\/li>\n<\/ul>\n<p>&nbsp;<\/p>\n<p style=\"text-align: justify;\">En los casos en los que no se cumplan las condiciones anteriores \u2013 y, por tanto, no sea necesaria una ficha de datos de seguridad \u2013 los proveedores deben proporcionar la siguiente informaci\u00f3n a todos sus usuarios intermedios y distribuidores (art\u00edculo 32 de REACH):<\/p>\n<ul>\n<li style=\"text-align: justify;\">Si la sustancia est\u00e1 sujeta a autorizaci\u00f3n, los detalles de la autorizaci\u00f3n concedida o, si se ha denegado la autorizaci\u00f3n, la informaci\u00f3n pertinente sobre la restricci\u00f3n.<\/li>\n<li style=\"text-align: justify;\">Cualquier informaci\u00f3n relevante sobre la sustancia que sea necesaria para permitir la identificaci\u00f3n y aplicaci\u00f3n de medidas adecuadas de gesti\u00f3n del riesgo.<\/li>\n<li style=\"text-align: justify;\">El\/los n\u00famero(s) de registro REACH, si est\u00e1n disponibles, de cualquier sustancia para la que se comunique informaci\u00f3n conforme a los puntos anteriores.<\/li>\n<\/ul>\n<p>&nbsp;<\/p>\n<p style=\"text-align: justify;\">No es necesario elaborar una ficha de datos de seguridad para sustancias o mezclas peligrosas destinadas al uso por parte de los consumidores en el mercado cuando se facilite informaci\u00f3n suficiente que permita a los usuarios adoptar las medidas necesarias para proteger la salud humana, la seguridad y el medio ambiente, salvo que el usuario intermedio o el distribuidor la solicite expresamente.<\/p>\n<p style=\"text-align: justify;\">Puede encontrar nuestro art\u00edculo sobre el contenido y los elementos de formato de una ficha de datos de seguridad <a href=\"https:\/\/www.msds-europe.com\/es\/elementos-de-etiquetado-de-la-ficha-de-datos-de-seguridad\/\">aqu\u00ed<\/a>.<\/p>\n<p>&nbsp;<\/p>\n<h3 style=\"text-align: justify;\"><span style=\"color: #333333;\">Servicios ofrecidos<\/span><\/h3>\n<ul>\n<li style=\"text-align: justify;\"><a href=\"https:\/\/www.msds-europe.com\/es\/ficha-de-datos-de-seguridad-traduccion\/\">Traducci\u00f3n de fichas de datos de seguridad<\/a><\/li>\n<li style=\"text-align: justify;\"><a href=\"https:\/\/www.msds-europe.com\/es\/sds-revision-actualizacion\/\">Revisi\u00f3n y actualizaci\u00f3n de fichas de datos de seguridad<\/a><\/li>\n<li style=\"text-align: justify;\"><a href=\"https:\/\/www.msds-europe.com\/es\/creacion-fds-nuevos-productos\/\">Elaboraci\u00f3n y creaci\u00f3n de fichas de datos de seguridad<\/a><\/li>\n<\/ul>\n<p>&nbsp;<\/p>\n<h3><span style=\"color: #333333;\">Preguntas r\u00e1pidas y respuestas<\/span><\/h3>\n<p style=\"text-align: justify;\"><div class=\"su-spoiler su-spoiler-style-fancy su-spoiler-icon-chevron su-spoiler-closed\" data-scroll-offset=\"0\" data-anchor-in-url=\"no\"><div class=\"su-spoiler-title\" tabindex=\"0\" role=\"button\"><span class=\"su-spoiler-icon\"><\/span>\u00bfPor qu\u00e9 la ficha de datos de seguridad es una herramienta de comunicaci\u00f3n importante en la cadena de suministro?<\/div><div class=\"su-spoiler-content su-u-clearfix su-u-trim\">\nPorque comunica de forma uniforme los riesgos y las medidas de gesti\u00f3n del riesgo necesarias a cada actor, ayud\u00e1ndoles a cumplir con sus obligaciones legales.<br \/>\n<\/div><\/div>\n<p style=\"text-align: justify;\"><div class=\"su-spoiler su-spoiler-style-fancy su-spoiler-icon-chevron su-spoiler-closed\" data-scroll-offset=\"0\" data-anchor-in-url=\"no\"><div class=\"su-spoiler-title\" tabindex=\"0\" role=\"button\"><span class=\"su-spoiler-icon\"><\/span>\u00bfQu\u00e9 hacer si el escenario de exposici\u00f3n no cubre el uso previsto?<\/div><div class=\"su-spoiler-content su-u-clearfix su-u-trim\">\nContactar con el proveedor para una ampliaci\u00f3n; de lo contrario, el usuario intermedio debe elaborar su propio informe sobre la seguridad qu\u00edmica.<br \/>\n<\/div><\/div>\n<p style=\"text-align: justify;\"><div class=\"su-spoiler su-spoiler-style-fancy su-spoiler-icon-chevron su-spoiler-closed\" data-scroll-offset=\"0\" data-anchor-in-url=\"no\"><div class=\"su-spoiler-title\" tabindex=\"0\" role=\"button\"><span class=\"su-spoiler-icon\"><\/span>\u00bfQu\u00e9 se debe comprobar al recibir la ficha de datos de seguridad y qu\u00e9 plazo aplica para cumplir las obligaciones?<\/div><div class=\"su-spoiler-content su-u-clearfix su-u-trim\">\nVerificar el n\u00famero de registro REACH, la informaci\u00f3n sobre peligros\/medidas de gesti\u00f3n del riesgo y las obligaciones de autorizaci\u00f3n o restricci\u00f3n; si se proporciona un n\u00famero de registro, los usuarios intermedios disponen de 12 meses para cumplir con las obligaciones de REACH.<br \/>\n<\/div><\/div>\n<p style=\"text-align: justify;\"><div class=\"su-spoiler su-spoiler-style-fancy su-spoiler-icon-chevron su-spoiler-closed\" data-scroll-offset=\"0\" data-anchor-in-url=\"no\"><div class=\"su-spoiler-title\" tabindex=\"0\" role=\"button\"><span class=\"su-spoiler-icon\"><\/span>\u00bfCu\u00e1ndo es obligatorio proporcionar una ficha de datos de seguridad y se puede solicitar incluso si la mezcla no es peligrosa?<\/div><div class=\"su-spoiler-content su-u-clearfix su-u-trim\">\nEs obligatoria para sustancias\/mezclas peligrosas, PBT\/vPvB o incluidas en la lista de sustancias candidatas; para mezclas no peligrosas a\u00fan puede solicitarse si contienen ciertas cantidades de sustancias peligrosas, PBT\/vPvB, candidatas o con valores l\u00edmite de exposici\u00f3n profesional.<br \/>\n<\/div><\/div>\n<p>&nbsp;<\/p>\n","protected":false},"excerpt":{"rendered":"<p>Base de conocimientos sobre fichas de datos de seguridad \u2013 Informaci\u00f3n sobre la ficha de datos de seguridad para los usuarios intermedios &nbsp; La ficha de datos de seguridad como herramienta de comunicaci\u00f3n Las fichas de datos de seguridad son herramientas de comunicaci\u00f3n importantes en la cadena de suministro. Ayudan&#8230;<\/p>\n","protected":false},"author":2,"featured_media":0,"parent":0,"menu_order":0,"comment_status":"closed","ping_status":"closed","template":"","meta":{"_acf_changed":false,"footnotes":""},"tags":[360,253],"class_list":["post-34575","page","type-page","status-publish","hentry","tag-base-de-conocimiento-de-fichas-de-datos-de-seguridad-es","tag-ficha-de-datos-de-seguridad-es"],"acf":[],"yoast_head":"<!-- This site is optimized with the Yoast SEO plugin v27.2 - https:\/\/yoast.com\/product\/yoast-seo-wordpress\/ -->\n<title>Informaci\u00f3n \u00fatil para los usuarios intermedios sobre las FDS<\/title>\n<meta name=\"description\" content=\"Tareas de los usuarios intermedios en relaci\u00f3n con la ficha de datos de seguridad recibida. Qu\u00e9 hacer si no se recibe una FDS.\" \/>\n<meta name=\"robots\" content=\"index, follow, max-snippet:-1, max-image-preview:large, max-video-preview:-1\" \/>\n<link rel=\"canonical\" href=\"https:\/\/www.msds-europe.com\/es\/informacion-sobre-fds-para-usuarios-aguas-abajo\/\" \/>\n<meta property=\"og:locale\" content=\"es_ES\" \/>\n<meta property=\"og:type\" content=\"article\" \/>\n<meta property=\"og:title\" content=\"Informaci\u00f3n \u00fatil para los usuarios intermedios sobre las FDS\" \/>\n<meta property=\"og:description\" content=\"Tareas de los usuarios intermedios en relaci\u00f3n con la ficha de datos de seguridad recibida. Qu\u00e9 hacer si no se recibe una FDS.\" \/>\n<meta property=\"og:url\" content=\"https:\/\/www.msds-europe.com\/es\/informacion-sobre-fds-para-usuarios-aguas-abajo\/\" \/>\n<meta property=\"og:site_name\" content=\"MSDS Europe\" \/>\n<meta property=\"article:publisher\" content=\"https:\/\/www.facebook.com\/toxinfokft\/\" \/>\n<meta property=\"article:modified_time\" content=\"2026-04-22T12:21:46+00:00\" \/>\n<meta name=\"twitter:card\" content=\"summary_large_image\" \/>\n<meta name=\"twitter:site\" content=\"@ToxInfoKft\" \/>\n<meta name=\"twitter:label1\" content=\"Tiempo de lectura\" \/>\n\t<meta name=\"twitter:data1\" content=\"6 minutos\" \/>\n<script type=\"application\/ld+json\" class=\"yoast-schema-graph\">{\"@context\":\"https:\/\/schema.org\",\"@graph\":[{\"@type\":\"WebPage\",\"@id\":\"https:\/\/www.msds-europe.com\/es\/informacion-sobre-fds-para-usuarios-aguas-abajo\/\",\"url\":\"https:\/\/www.msds-europe.com\/es\/informacion-sobre-fds-para-usuarios-aguas-abajo\/\",\"name\":\"Informaci\u00f3n \u00fatil para los usuarios intermedios sobre las FDS\",\"isPartOf\":{\"@id\":\"https:\/\/www.msds-europe.com\/es\/#website\"},\"datePublished\":\"2025-09-01T11:55:53+00:00\",\"dateModified\":\"2026-04-22T12:21:46+00:00\",\"description\":\"Tareas de los usuarios intermedios en relaci\u00f3n con la ficha de datos de seguridad recibida. Qu\u00e9 hacer si no se recibe una FDS.\",\"breadcrumb\":{\"@id\":\"https:\/\/www.msds-europe.com\/es\/informacion-sobre-fds-para-usuarios-aguas-abajo\/#breadcrumb\"},\"inLanguage\":\"es\",\"potentialAction\":[{\"@type\":\"ReadAction\",\"target\":[\"https:\/\/www.msds-europe.com\/es\/informacion-sobre-fds-para-usuarios-aguas-abajo\/\"]}]},{\"@type\":\"BreadcrumbList\",\"@id\":\"https:\/\/www.msds-europe.com\/es\/informacion-sobre-fds-para-usuarios-aguas-abajo\/#breadcrumb\",\"itemListElement\":[{\"@type\":\"ListItem\",\"position\":1,\"name\":\"F\u0151oldal\",\"item\":\"https:\/\/www.msds-europe.com\/es\/\"},{\"@type\":\"ListItem\",\"position\":2,\"name\":\"Informaci\u00f3n \u00fatil para los usuarios intermedios sobre las fichas de datos de seguridad\"}]},{\"@type\":\"WebSite\",\"@id\":\"https:\/\/www.msds-europe.com\/es\/#website\",\"url\":\"https:\/\/www.msds-europe.com\/es\/\",\"name\":\"MSDS Europe\",\"description\":\"\",\"publisher\":{\"@id\":\"https:\/\/www.msds-europe.com\/es\/#organization\"},\"potentialAction\":[{\"@type\":\"SearchAction\",\"target\":{\"@type\":\"EntryPoint\",\"urlTemplate\":\"https:\/\/www.msds-europe.com\/es\/?s={search_term_string}\"},\"query-input\":{\"@type\":\"PropertyValueSpecification\",\"valueRequired\":true,\"valueName\":\"search_term_string\"}}],\"inLanguage\":\"es\"},{\"@type\":\"Organization\",\"@id\":\"https:\/\/www.msds-europe.com\/es\/#organization\",\"name\":\"MSDS-Europe International branch of ToxInfo\",\"url\":\"https:\/\/www.msds-europe.com\/es\/\",\"logo\":{\"@type\":\"ImageObject\",\"inLanguage\":\"es\",\"@id\":\"https:\/\/www.msds-europe.com\/es\/#\/schema\/logo\/image\/\",\"url\":\"https:\/\/www.msds-europe.com\/wp-content\/uploads\/2021\/04\/msds-europe-logo.jpg\",\"contentUrl\":\"https:\/\/www.msds-europe.com\/wp-content\/uploads\/2021\/04\/msds-europe-logo.jpg\",\"width\":2296,\"height\":1067,\"caption\":\"MSDS-Europe International branch of ToxInfo\"},\"image\":{\"@id\":\"https:\/\/www.msds-europe.com\/es\/#\/schema\/logo\/image\/\"},\"sameAs\":[\"https:\/\/www.facebook.com\/toxinfokft\/\",\"https:\/\/x.com\/ToxInfoKft\"]}]}<\/script>\n<!-- \/ Yoast SEO plugin. -->","yoast_head_json":{"title":"Informaci\u00f3n \u00fatil para los usuarios intermedios sobre las FDS","description":"Tareas de los usuarios intermedios en relaci\u00f3n con la ficha de datos de seguridad recibida. Qu\u00e9 hacer si no se recibe una FDS.","robots":{"index":"index","follow":"follow","max-snippet":"max-snippet:-1","max-image-preview":"max-image-preview:large","max-video-preview":"max-video-preview:-1"},"canonical":"https:\/\/www.msds-europe.com\/es\/informacion-sobre-fds-para-usuarios-aguas-abajo\/","og_locale":"es_ES","og_type":"article","og_title":"Informaci\u00f3n \u00fatil para los usuarios intermedios sobre las FDS","og_description":"Tareas de los usuarios intermedios en relaci\u00f3n con la ficha de datos de seguridad recibida. Qu\u00e9 hacer si no se recibe una FDS.","og_url":"https:\/\/www.msds-europe.com\/es\/informacion-sobre-fds-para-usuarios-aguas-abajo\/","og_site_name":"MSDS Europe","article_publisher":"https:\/\/www.facebook.com\/toxinfokft\/","article_modified_time":"2026-04-22T12:21:46+00:00","twitter_card":"summary_large_image","twitter_site":"@ToxInfoKft","twitter_misc":{"Tiempo de lectura":"6 minutos"},"schema":{"@context":"https:\/\/schema.org","@graph":[{"@type":"WebPage","@id":"https:\/\/www.msds-europe.com\/es\/informacion-sobre-fds-para-usuarios-aguas-abajo\/","url":"https:\/\/www.msds-europe.com\/es\/informacion-sobre-fds-para-usuarios-aguas-abajo\/","name":"Informaci\u00f3n \u00fatil para los usuarios intermedios sobre las FDS","isPartOf":{"@id":"https:\/\/www.msds-europe.com\/es\/#website"},"datePublished":"2025-09-01T11:55:53+00:00","dateModified":"2026-04-22T12:21:46+00:00","description":"Tareas de los usuarios intermedios en relaci\u00f3n con la ficha de datos de seguridad recibida. Qu\u00e9 hacer si no se recibe una FDS.","breadcrumb":{"@id":"https:\/\/www.msds-europe.com\/es\/informacion-sobre-fds-para-usuarios-aguas-abajo\/#breadcrumb"},"inLanguage":"es","potentialAction":[{"@type":"ReadAction","target":["https:\/\/www.msds-europe.com\/es\/informacion-sobre-fds-para-usuarios-aguas-abajo\/"]}]},{"@type":"BreadcrumbList","@id":"https:\/\/www.msds-europe.com\/es\/informacion-sobre-fds-para-usuarios-aguas-abajo\/#breadcrumb","itemListElement":[{"@type":"ListItem","position":1,"name":"F\u0151oldal","item":"https:\/\/www.msds-europe.com\/es\/"},{"@type":"ListItem","position":2,"name":"Informaci\u00f3n \u00fatil para los usuarios intermedios sobre las fichas de datos de seguridad"}]},{"@type":"WebSite","@id":"https:\/\/www.msds-europe.com\/es\/#website","url":"https:\/\/www.msds-europe.com\/es\/","name":"MSDS Europe","description":"","publisher":{"@id":"https:\/\/www.msds-europe.com\/es\/#organization"},"potentialAction":[{"@type":"SearchAction","target":{"@type":"EntryPoint","urlTemplate":"https:\/\/www.msds-europe.com\/es\/?s={search_term_string}"},"query-input":{"@type":"PropertyValueSpecification","valueRequired":true,"valueName":"search_term_string"}}],"inLanguage":"es"},{"@type":"Organization","@id":"https:\/\/www.msds-europe.com\/es\/#organization","name":"MSDS-Europe International branch of ToxInfo","url":"https:\/\/www.msds-europe.com\/es\/","logo":{"@type":"ImageObject","inLanguage":"es","@id":"https:\/\/www.msds-europe.com\/es\/#\/schema\/logo\/image\/","url":"https:\/\/www.msds-europe.com\/wp-content\/uploads\/2021\/04\/msds-europe-logo.jpg","contentUrl":"https:\/\/www.msds-europe.com\/wp-content\/uploads\/2021\/04\/msds-europe-logo.jpg","width":2296,"height":1067,"caption":"MSDS-Europe International branch of ToxInfo"},"image":{"@id":"https:\/\/www.msds-europe.com\/es\/#\/schema\/logo\/image\/"},"sameAs":["https:\/\/www.facebook.com\/toxinfokft\/","https:\/\/x.com\/ToxInfoKft"]}]}},"_links":{"self":[{"href":"https:\/\/www.msds-europe.com\/es\/wp-json\/wp\/v2\/pages\/34575","targetHints":{"allow":["GET"]}}],"collection":[{"href":"https:\/\/www.msds-europe.com\/es\/wp-json\/wp\/v2\/pages"}],"about":[{"href":"https:\/\/www.msds-europe.com\/es\/wp-json\/wp\/v2\/types\/page"}],"author":[{"embeddable":true,"href":"https:\/\/www.msds-europe.com\/es\/wp-json\/wp\/v2\/users\/2"}],"replies":[{"embeddable":true,"href":"https:\/\/www.msds-europe.com\/es\/wp-json\/wp\/v2\/comments?post=34575"}],"version-history":[{"count":8,"href":"https:\/\/www.msds-europe.com\/es\/wp-json\/wp\/v2\/pages\/34575\/revisions"}],"predecessor-version":[{"id":39004,"href":"https:\/\/www.msds-europe.com\/es\/wp-json\/wp\/v2\/pages\/34575\/revisions\/39004"}],"wp:attachment":[{"href":"https:\/\/www.msds-europe.com\/es\/wp-json\/wp\/v2\/media?parent=34575"}],"wp:term":[{"taxonomy":"post_tag","embeddable":true,"href":"https:\/\/www.msds-europe.com\/es\/wp-json\/wp\/v2\/tags?post=34575"}],"curies":[{"name":"wp","href":"https:\/\/api.w.org\/{rel}","templated":true}]}}