{"id":34514,"date":"2025-08-29T12:52:06","date_gmt":"2025-08-29T12:52:06","guid":{"rendered":"https:\/\/www.msds-europe.com\/?page_id=34514"},"modified":"2026-02-23T14:03:08","modified_gmt":"2026-02-23T14:03:08","slug":"las-9-cosas-mas-importantes-sobre-la-distribucion-de-productos-quimicos","status":"publish","type":"page","link":"https:\/\/www.msds-europe.com\/es\/las-9-cosas-mas-importantes-sobre-la-distribucion-de-productos-quimicos\/","title":{"rendered":"Las 9 cosas m\u00e1s importantes sobre la distribuci\u00f3n de productos qu\u00edmicos"},"content":{"rendered":"<p style=\"text-align: right;\"><em><a href=\"https:\/\/www.msds-europe.com\/es\/seguridad-quimica-articulos-analisis\/\">Br\u00fajula de la seguridad qu\u00edmica<\/a> \u2013 Las 9 cosas m\u00e1s importantes que hay que saber sobre la distribuci\u00f3n de productos qu\u00edmicos<\/em><\/p>\n<p>&nbsp;<\/p>\n<p style=\"text-align: justify;\"><strong>Con el aumento de la demanda de productos qu\u00edmicos, han aparecido nuevos actores en el mercado (distribuidores) sin experiencia ni conocimientos sobre las normativas de seguridad qu\u00edmica que regulan, entre otras cosas, la comercializaci\u00f3n de estos productos.<\/strong><\/p>\n<p style=\"text-align: justify;\"><strong>En este art\u00edculo te guiamos a trav\u00e9s de las cuestiones m\u00e1s importantes que debes abordar para poder empezar a distribuir productos qu\u00edmicos con el conocimiento necesario.<\/strong><\/p>\n<p>&nbsp;<\/p>\n<h4 style=\"text-align: justify;\">1. \u00bfLas responsabilidades en materia de seguridad qu\u00edmica son las mismas para todos los distribuidores?<\/h4>\n<p style=\"text-align: justify;\">Definitivamente no.<\/p>\n<p style=\"text-align: justify;\">El primer paso es definir el \u201cestatus\u201d de la empresa, que debe determinarse individualmente para cada producto. De ello se deduce l\u00f3gicamente que una empresa puede tener varios roles al mismo tiempo.<\/p>\n<p style=\"text-align: justify;\">Los roles y responsabilidades dependen principalmente del origen del producto qu\u00edmico. En concreto, dependen de qu\u00e9 parte de la transacci\u00f3n es el verdadero \u201cproveedor\u201d del producto y, por tanto, qui\u00e9n ser\u00e1 el vendedor o el comprador en el pa\u00eds en el que el producto se comercializa.<\/p>\n<p style=\"text-align: justify;\">Este es el primer y m\u00e1s importante punto en el que incluso muchos \u201cexpertos\u201d en seguridad qu\u00edmica cometen errores l\u00f3gicos (a menudo bas\u00e1ndose \u00fanicamente en una definici\u00f3n de REACH o CLP) y definen err\u00f3neamente las responsabilidades de la empresa implicada.<\/p>\n<p style=\"text-align: justify;\">No caeremos en esa trampa y usaremos un ejemplo sencillo para aclararlo:<\/p>\n<p style=\"text-align: justify;\">Si compras un producto a una empresa alemana y luego quieres venderlo en otro Estado miembro (por ejemplo, en Hungr\u00eda), \u00bfes la empresa alemana la que introduce el producto en el mercado h\u00fangaro o es tu empresa?<\/p>\n<p style=\"text-align: justify;\">La respuesta correcta es: puede ser cualquiera de las dos, dependiendo de qui\u00e9n organice (y pague) la entrega.<\/p>\n<p style=\"text-align: justify;\">En otras palabras: si la empresa alemana transporta el producto a Hungr\u00eda, entonces la empresa h\u00fangara es un \u201crevendedor\u201d de los bienes comprados, porque la empresa alemana ya ha introducido el producto en el mercado h\u00fangaro.<\/p>\n<p style=\"text-align: justify;\">Si, en cambio, la empresa h\u00fangara organiza el transporte a Hungr\u00eda, significa que \u201cva a recogerlo a Alemania\u201d, lo que implica que el socio alem\u00e1n ha vendido el producto en Alemania y la empresa h\u00fangara es el \u201cdistribuidor responsable de la comercializaci\u00f3n en Hungr\u00eda\u201d.<\/p>\n<p style=\"text-align: justify;\">No abordamos aqu\u00ed el suministro desde pa\u00edses fuera del EEE, ya que se considera importaci\u00f3n y corresponde a una clasificaci\u00f3n completamente diferente (la empresa no puede considerarse distribuidor, sino \u201cimportador\u201d, como establece la legislaci\u00f3n pertinente). Este art\u00edculo no est\u00e1 dirigido a los importadores, aunque las obligaciones descritas aqu\u00ed tambi\u00e9n se aplican a ellos (con mayores responsabilidades).<\/p>\n<p style=\"text-align: justify;\">Tambi\u00e9n cabe se\u00f1alar que, en el caso de determinados tipos de productos espec\u00edficos (por ejemplo, biocidas), los distribuidores pueden tener obligaciones adicionales. No las trataremos en este art\u00edculo.<\/p>\n<p style=\"text-align: justify;\"><strong>No sigas leyendo este art\u00edculo si:<\/strong><\/p>\n<ul>\n<li style=\"text-align: justify;\">trasvasas el producto de un envase grande a uno m\u00e1s peque\u00f1o antes de la distribuci\u00f3n<\/li>\n<li style=\"text-align: justify;\">realizas con el producto actividades distintas de la manipulaci\u00f3n, el almacenamiento y la venta<\/li>\n<li style=\"text-align: justify;\">reenvasas, reetiquetas o cambias la marca del producto<\/li>\n<\/ul>\n<p style=\"text-align: justify;\">porque en esos casos el estatus de tu empresa pasa a ser \u201cusuario intermedio\u201d y las responsabilidades en materia de seguridad qu\u00edmica cambian por completo.<\/p>\n<p>&nbsp;<\/p>\n<h4 style=\"text-align: justify;\">2. \u00bfQu\u00e9 documentos y licencias necesito para distribuir en un Estado miembro?<\/h4>\n<p style=\"text-align: justify;\">Necesitar\u00e1s la <a href=\"https:\/\/www.msds-europe.com\/es\/compilacion-creacion-ficha-de-datos-de-seguridad\/\">ficha de datos de seguridad (FDS)<\/a> y el <a href=\"https:\/\/www.msds-europe.com\/es\/creacion-proyecto-de-etiqueta\/\">proyecto de etiqueta<\/a> en el idioma del Estado miembro. Si el producto est\u00e1 clasificado como peligroso, tambi\u00e9n se requiere una <a href=\"https:\/\/www.msds-europe.com\/es\/servicio-ufi\/\">notificaci\u00f3n PCN<\/a> (no confundir con autorizaciones o registros REACH) para comenzar la comercializaci\u00f3n. Solo algunos productos espec\u00edficos, como biocidas o fitosanitarios, requieren autorizaci\u00f3n.<\/p>\n<p>&nbsp;<\/p>\n<h4 style=\"text-align: justify;\">3. \u00bfEl proveedor est\u00e1 obligado a proporcionarme la FDS en el idioma oficial del pa\u00eds donde vendo el producto o debo traducirla?<\/h4>\n<p style=\"text-align: justify;\">Si tu empresa es la primera en introducir el producto en el mercado de un pa\u00eds, eres responsable de la ficha de datos de seguridad en el idioma oficial de ese pa\u00eds.<\/p>\n<p style=\"text-align: justify;\">Y aqu\u00ed el \u00e9nfasis est\u00e1 en la palabra responsabilidad\u2026<\/p>\n<p style=\"text-align: justify;\">Supongamos que quieres introducir un producto en el mercado h\u00fangaro. Es posible que tu socio extranjero te proporcione una FDS en h\u00fangaro (aunque no est\u00e9 obligado), pero siempre debe tratarse con precauci\u00f3n (estas <a href=\"https:\/\/www.msds-europe.com\/es\/acerca-de-los-softwares-de-autoria-de-sds\/\">FDS suelen generarse por software<\/a>).<\/p>\n<p style=\"text-align: justify;\">En estos casos recomendamos solicitar la FDS \u201coriginal\u201d en lengua extranjera, porque si la autoridad o el socio detecta errores o incoherencias, este documento servir\u00e1 de referencia para corregirlas. En cualquier caso, siempre es recomendable hacer revisar profesionalmente estas FDS antes de usarlas para registros o transmitirlas a un socio.<\/p>\n<p style=\"text-align: justify;\">Si solo recibes una <a href=\"https:\/\/www.msds-europe.com\/es\/ficha-de-datos-de-seguridad-traduccion\/\">FDS en lengua extranjera<\/a>, debes traducirla. No hay restricciones: puedes traducirla t\u00fa mismo, a trav\u00e9s de una agencia de traducci\u00f3n o de una empresa especializada. Ten en cuenta que una \u201ctraducci\u00f3n\u201d de FDS tambi\u00e9n implica la verificaci\u00f3n de clasificaciones, referencias legales, contenido, formato y otros aspectos t\u00e9cnicos. La responsabilidad recae en ti: eval\u00faa las opciones y elige la mejor soluci\u00f3n.<\/p>\n<p style=\"text-align: justify;\">Por tanto, los revendedores ya no tienen esa responsabilidad. Es deber del proveedor proporcionar una FDS en el idioma oficial del Estado miembro y conforme a la legislaci\u00f3n vigente. Sin embargo, tambi\u00e9n aqu\u00ed es importante verificar qu\u00e9 documentos aceptas y luego transmites a tus socios, ya que esto influye en la imagen de tu empresa y puede afectar a la distribuci\u00f3n. El precio no deber\u00eda ser el \u00fanico criterio al elegir un proveedor.<\/p>\n<p>&nbsp;<\/p>\n<h4 style=\"text-align: justify;\">4. \u00bfQu\u00e9 hacer si no recibo una FDS del proveedor?<\/h4>\n<p style=\"text-align: justify;\">El hecho de que nuestro socio no proporcione una FDS con el producto no significa necesariamente que act\u00fae ilegalmente. Muchos productos qu\u00edmicos no requieren FDS. Las exenciones dependen principalmente del uso y de la clasificaci\u00f3n del producto.<\/p>\n<p style=\"text-align: justify;\">Sin embargo, en la pr\u00e1ctica, la ausencia de una FDS puede ser problem\u00e1tica. En estos casos, a menudo debemos justificarnos ante socios o autoridades. Aun as\u00ed, existe una obligaci\u00f3n m\u00ednima de proporcionar informaci\u00f3n, y la forma m\u00e1s sencilla y aceptada es entregar o elaborar una FDS.<\/p>\n<p style=\"text-align: justify;\">Recomendamos solicitar una FDS incluso para productos no sujetos a obligaci\u00f3n y, si est\u00e1 en lengua extranjera, traducirla\/adaptarla. Si el proveedor no la proporciona, haz que un experto la prepare o resume los datos disponibles en un documento con una estructura similar a la de la <a href=\"https:\/\/www.msds-europe.com\/es\/contenido-y-elementos-formales-de-una-ficha-de-datos-de-seguridad\/\">FDS<\/a>, pero sin llamarlo \u201cFDS\u201d, para no estar sujeto a los requisitos formales, transmitiendo aun as\u00ed la informaci\u00f3n esencial.<\/p>\n<p>&nbsp;<\/p>\n<h4 style=\"text-align: justify;\">5. \u00bfCu\u00e1ndo y en qu\u00e9 forma debo proporcionar la FDS a mis clientes?<\/h4>\n<p style=\"text-align: justify;\">La ficha de datos de seguridad debe entregarse al cliente en la primera entrega del producto. En entregas continuas, solo es necesario volver a entregarla si existe una versi\u00f3n actualizada de la FDS.<\/p>\n<p style=\"text-align: justify;\">La entrega de la FDS debe ser siempre verificable y documentada. En caso de inspecci\u00f3n, deber\u00e1s probar que el cliente la recibi\u00f3.<\/p>\n<p style=\"text-align: justify;\">La normativa exige una entrega \u201cactiva\u201d y no una simple disponibilidad \u201cpasiva\u201d. Por eso, una <a href=\"https:\/\/www.msds-europe.com\/es\/preguntas-frecuentes-y-respuestas-en-seguridad-quimica\/\">FDS subida a un sitio web<\/a> no se considera una entrega v\u00e1lida.<\/p>\n<p style=\"text-align: justify;\">Es buena pr\u00e1ctica enviar la FDS por correo electr\u00f3nico, entregarla junto con los documentos de env\u00edo (p. ej., albar\u00e1n) o con la factura. La disponibilidad en una p\u00e1gina web solo es v\u00e1lida si existe un registro o una trazabilidad digital que pueda usarse como prueba.<\/p>\n<p style=\"text-align: justify;\">La entrega puede hacerse electr\u00f3nicamente, en soporte f\u00edsico o en papel (pero siempre de forma gratuita).<\/p>\n<p>&nbsp;<\/p>\n<h4 style=\"text-align: justify;\">6. \u00bfEl distribuidor tiene un papel en el etiquetado?<\/h4>\n<p style=\"text-align: justify;\">Si eres revendedor, tu socio debe haber etiquetado ya los productos en el idioma local conforme a la normativa vigente (si no, no los aceptes). En la pr\u00e1ctica, el envase puede estar da\u00f1ado junto con la etiqueta; en ese caso, deber\u00e1s reetiquetar (o devolverlo al socio). No puedes distribuir un producto mal etiquetado o sin etiqueta.<\/p>\n<p style=\"text-align: justify;\">Recuerda que la normativa de seguridad qu\u00edmica cambia constantemente. Por lo tanto, comprueba siempre la coherencia entre la FDS y la etiqueta al recibir los productos. Es com\u00fan tener una nueva versi\u00f3n de la FDS sin que se haya actualizado la etiqueta (o al rev\u00e9s).<\/p>\n<p style=\"text-align: justify;\">Como distribuidor responsable de la comercializaci\u00f3n en el Estado miembro, es tu responsabilidad garantizar que la etiqueta en el idioma oficial coincida con la FDS. Si el producto se entrega con una etiqueta multiling\u00fce, debes comprobar la traducci\u00f3n y la conformidad con la FDS.<\/p>\n<p style=\"text-align: justify;\">Tenemos las mismas reservas respecto a las etiquetas redactadas en el extranjero que con las <a href=\"https:\/\/www.msds-europe.com\/es\/acerca-de-los-softwares-de-autoria-de-sds\/\">FDS generadas por software<\/a>.<\/p>\n<p>&nbsp;<\/p>\n<h4 style=\"text-align: justify;\">7. He cumplido todas mis obligaciones, \u00bfya est\u00e1 todo bien?<\/h4>\n<p style=\"text-align: justify;\">S\u00ed, la distribuci\u00f3n puede comenzar, pero tus responsabilidades en materia de seguridad qu\u00edmica no terminan aqu\u00ed.<\/p>\n<p style=\"text-align: justify;\">Las FDS, los proyectos de etiquetas y las notificaciones deben revisarse o actualizarse peri\u00f3dicamente.<\/p>\n<p style=\"text-align: justify;\">Las razones pueden ser cambios legislativos, variaciones en la composici\u00f3n o nueva informaci\u00f3n sobre el producto que justifique la actualizaci\u00f3n.<\/p>\n<p style=\"text-align: justify;\">Cualquier cambio sustancial en la FDS debe notificarse a trav\u00e9s del portal PCN, si est\u00e1s sujeto a la obligaci\u00f3n de notificaci\u00f3n.<\/p>\n<p style=\"text-align: justify;\">Para seguir eficazmente las modificaciones, elige un proveedor que te informe activamente de las actualizaciones. La simple carga de una FDS en su web no constituye informaci\u00f3n v\u00e1lida.<\/p>\n<p style=\"text-align: justify;\">Es esencial que tu empresa desarrolle una estrategia para garantizar el cumplimiento a largo plazo de la normativa de seguridad qu\u00edmica.<\/p>\n<p>&nbsp;<\/p>\n<h4 style=\"text-align: justify;\">8. He o\u00eddo hablar de REACH, pero no se aplica a los distribuidores, \u00bfverdad?<\/h4>\n<p style=\"text-align: justify;\">El Reglamento <a href=\"https:\/\/www.msds-europe.com\/es\/base-de-conocimiento-reach\/\">REACH<\/a> se aplica a todos los actores de la cadena de suministro, incluidos los distribuidores.<\/p>\n<p style=\"text-align: justify;\">Los distribuidores desempe\u00f1an un papel clave en el flujo de informaci\u00f3n entre clientes (usuarios finales), fabricantes e importadores (principales titulares de los datos).<\/p>\n<p style=\"text-align: justify;\">En la pr\u00e1ctica, el flujo de informaci\u00f3n bajo REACH es una funci\u00f3n activa de intermediaci\u00f3n. La transmisi\u00f3n de la FDS a los clientes forma parte de esto, pero el distribuidor puede tener otras obligaciones de comunicaci\u00f3n.<\/p>\n<p>&nbsp;<\/p>\n<h4 style=\"text-align: justify;\">9. \u00bfA qu\u00e9 debo prepararme en caso de una inspecci\u00f3n?<\/h4>\n<p style=\"text-align: justify;\">Ante todo, coopera con las autoridades de control: est\u00e1 en inter\u00e9s de ambas partes (incluido el tuyo).<\/p>\n<p style=\"text-align: justify;\">Los puntos principales de la inspecci\u00f3n depender\u00e1n del \u201cestatus\u201d mencionado anteriormente. Al final se redactar\u00e1 un informe con los resultados.<\/p>\n<p style=\"text-align: right;\"><a href=\"https:\/\/www.msds-europe.com\/es\/preguntas-frecuentes-y-respuestas-en-seguridad-quimica\/\"><em>FAQ \u2013 Preguntas frecuentes y respuestas sobre seguridad qu\u00edmica<\/em><\/a><\/p>\n<p>&nbsp;<\/p>\n<h3><span style=\"color: #333333;\">Servicios ofrecidos<\/span><\/h3>\n<ul>\n<li><a href=\"https:\/\/www.msds-europe.com\/es\/ficha-de-datos-de-seguridad-traduccion\/\">Traducci\u00f3n de fichas de datos de seguridad<\/a><\/li>\n<li><a href=\"https:\/\/www.msds-europe.com\/es\/services-regarding-cosmetic-products\/\">Servicios relacionados con la comercializaci\u00f3n de productos cosm\u00e9ticos<\/a><\/li>\n<li><a href=\"https:\/\/www.msds-europe.com\/es\/compilacion-creacion-ficha-de-datos-de-seguridad\/\">Elaboraci\u00f3n y creaci\u00f3n de fichas de datos de seguridad<\/a><\/li>\n<\/ul>\n<p>&nbsp;<\/p>\n<h3><span style=\"color: #333333;\">Art\u00edculos recomendados<\/span><\/h3>\n<ul>\n<li><a href=\"https:\/\/www.msds-europe.com\/es\/obligations-distributors-cosmetic-products\/\">Obligaciones de los distribuidores de productos cosm\u00e9ticos<\/a><\/li>\n<li><a href=\"https:\/\/www.msds-europe.com\/es\/presentaci%c3%b3n-de-la-pcn\/\">Informaci\u00f3n sobre el UFI (identificador \u00fanico de f\u00f3rmula)<\/a><\/li>\n<\/ul>\n","protected":false},"excerpt":{"rendered":"<p>Br\u00fajula de la seguridad qu\u00edmica \u2013 Las 9 cosas m\u00e1s importantes que hay que saber sobre la distribuci\u00f3n de productos qu\u00edmicos &nbsp; Con el aumento de la demanda de productos qu\u00edmicos, han aparecido nuevos actores en el mercado (distribuidores) sin experiencia ni conocimientos sobre las normativas de seguridad qu\u00edmica que&#8230;<\/p>\n","protected":false},"author":2,"featured_media":0,"parent":0,"menu_order":0,"comment_status":"closed","ping_status":"closed","template":"","meta":{"_acf_changed":false,"footnotes":""},"tags":[],"class_list":["post-34514","page","type-page","status-publish","hentry"],"acf":[],"yoast_head":"<!-- This site is optimized with the Yoast SEO plugin v27.2 - https:\/\/yoast.com\/product\/yoast-seo-wordpress\/ -->\n<title>Las 9 cosas m\u00e1s importantes sobre la distribuci\u00f3n de productos qu\u00edmicos<\/title>\n<meta name=\"description\" content=\"Descripci\u00f3n detallada de las principales normativas y procedimientos relacionados con la distribuci\u00f3n de productos qu\u00edmicos.\" \/>\n<meta name=\"robots\" content=\"index, follow, max-snippet:-1, max-image-preview:large, max-video-preview:-1\" \/>\n<link rel=\"canonical\" href=\"https:\/\/www.msds-europe.com\/es\/las-9-cosas-mas-importantes-sobre-la-distribucion-de-productos-quimicos\/\" \/>\n<meta property=\"og:locale\" content=\"es_ES\" \/>\n<meta property=\"og:type\" content=\"article\" \/>\n<meta property=\"og:title\" content=\"Las 9 cosas m\u00e1s importantes sobre la distribuci\u00f3n de productos qu\u00edmicos\" \/>\n<meta property=\"og:description\" content=\"Descripci\u00f3n detallada de las principales normativas y procedimientos relacionados con la distribuci\u00f3n de productos qu\u00edmicos.\" \/>\n<meta property=\"og:url\" content=\"https:\/\/www.msds-europe.com\/es\/las-9-cosas-mas-importantes-sobre-la-distribucion-de-productos-quimicos\/\" \/>\n<meta property=\"og:site_name\" content=\"MSDS Europe\" \/>\n<meta property=\"article:publisher\" content=\"https:\/\/www.facebook.com\/toxinfokft\/\" \/>\n<meta property=\"article:modified_time\" content=\"2026-02-23T14:03:08+00:00\" \/>\n<meta name=\"twitter:card\" content=\"summary_large_image\" \/>\n<meta name=\"twitter:site\" content=\"@ToxInfoKft\" \/>\n<meta name=\"twitter:label1\" content=\"Tiempo de lectura\" \/>\n\t<meta name=\"twitter:data1\" content=\"8 minutos\" \/>\n<script type=\"application\/ld+json\" class=\"yoast-schema-graph\">{\"@context\":\"https:\/\/schema.org\",\"@graph\":[{\"@type\":\"WebPage\",\"@id\":\"https:\/\/www.msds-europe.com\/es\/las-9-cosas-mas-importantes-sobre-la-distribucion-de-productos-quimicos\/\",\"url\":\"https:\/\/www.msds-europe.com\/es\/las-9-cosas-mas-importantes-sobre-la-distribucion-de-productos-quimicos\/\",\"name\":\"Las 9 cosas m\u00e1s importantes sobre la distribuci\u00f3n de productos qu\u00edmicos\",\"isPartOf\":{\"@id\":\"https:\/\/www.msds-europe.com\/es\/#website\"},\"datePublished\":\"2025-08-29T12:52:06+00:00\",\"dateModified\":\"2026-02-23T14:03:08+00:00\",\"description\":\"Descripci\u00f3n detallada de las principales normativas y procedimientos relacionados con la distribuci\u00f3n de productos qu\u00edmicos.\",\"breadcrumb\":{\"@id\":\"https:\/\/www.msds-europe.com\/es\/las-9-cosas-mas-importantes-sobre-la-distribucion-de-productos-quimicos\/#breadcrumb\"},\"inLanguage\":\"es\",\"potentialAction\":[{\"@type\":\"ReadAction\",\"target\":[\"https:\/\/www.msds-europe.com\/es\/las-9-cosas-mas-importantes-sobre-la-distribucion-de-productos-quimicos\/\"]}]},{\"@type\":\"BreadcrumbList\",\"@id\":\"https:\/\/www.msds-europe.com\/es\/las-9-cosas-mas-importantes-sobre-la-distribucion-de-productos-quimicos\/#breadcrumb\",\"itemListElement\":[{\"@type\":\"ListItem\",\"position\":1,\"name\":\"F\u0151oldal\",\"item\":\"https:\/\/www.msds-europe.com\/es\/\"},{\"@type\":\"ListItem\",\"position\":2,\"name\":\"Las 9 cosas m\u00e1s importantes sobre la distribuci\u00f3n de productos qu\u00edmicos\"}]},{\"@type\":\"WebSite\",\"@id\":\"https:\/\/www.msds-europe.com\/es\/#website\",\"url\":\"https:\/\/www.msds-europe.com\/es\/\",\"name\":\"MSDS Europe\",\"description\":\"\",\"publisher\":{\"@id\":\"https:\/\/www.msds-europe.com\/es\/#organization\"},\"potentialAction\":[{\"@type\":\"SearchAction\",\"target\":{\"@type\":\"EntryPoint\",\"urlTemplate\":\"https:\/\/www.msds-europe.com\/es\/?s={search_term_string}\"},\"query-input\":{\"@type\":\"PropertyValueSpecification\",\"valueRequired\":true,\"valueName\":\"search_term_string\"}}],\"inLanguage\":\"es\"},{\"@type\":\"Organization\",\"@id\":\"https:\/\/www.msds-europe.com\/es\/#organization\",\"name\":\"MSDS-Europe International branch of ToxInfo\",\"url\":\"https:\/\/www.msds-europe.com\/es\/\",\"logo\":{\"@type\":\"ImageObject\",\"inLanguage\":\"es\",\"@id\":\"https:\/\/www.msds-europe.com\/es\/#\/schema\/logo\/image\/\",\"url\":\"https:\/\/www.msds-europe.com\/wp-content\/uploads\/2021\/04\/msds-europe-logo.jpg\",\"contentUrl\":\"https:\/\/www.msds-europe.com\/wp-content\/uploads\/2021\/04\/msds-europe-logo.jpg\",\"width\":2296,\"height\":1067,\"caption\":\"MSDS-Europe International branch of ToxInfo\"},\"image\":{\"@id\":\"https:\/\/www.msds-europe.com\/es\/#\/schema\/logo\/image\/\"},\"sameAs\":[\"https:\/\/www.facebook.com\/toxinfokft\/\",\"https:\/\/x.com\/ToxInfoKft\"]}]}<\/script>\n<!-- \/ Yoast SEO plugin. -->","yoast_head_json":{"title":"Las 9 cosas m\u00e1s importantes sobre la distribuci\u00f3n de productos qu\u00edmicos","description":"Descripci\u00f3n detallada de las principales normativas y procedimientos relacionados con la distribuci\u00f3n de productos qu\u00edmicos.","robots":{"index":"index","follow":"follow","max-snippet":"max-snippet:-1","max-image-preview":"max-image-preview:large","max-video-preview":"max-video-preview:-1"},"canonical":"https:\/\/www.msds-europe.com\/es\/las-9-cosas-mas-importantes-sobre-la-distribucion-de-productos-quimicos\/","og_locale":"es_ES","og_type":"article","og_title":"Las 9 cosas m\u00e1s importantes sobre la distribuci\u00f3n de productos qu\u00edmicos","og_description":"Descripci\u00f3n detallada de las principales normativas y procedimientos relacionados con la distribuci\u00f3n de productos qu\u00edmicos.","og_url":"https:\/\/www.msds-europe.com\/es\/las-9-cosas-mas-importantes-sobre-la-distribucion-de-productos-quimicos\/","og_site_name":"MSDS Europe","article_publisher":"https:\/\/www.facebook.com\/toxinfokft\/","article_modified_time":"2026-02-23T14:03:08+00:00","twitter_card":"summary_large_image","twitter_site":"@ToxInfoKft","twitter_misc":{"Tiempo de lectura":"8 minutos"},"schema":{"@context":"https:\/\/schema.org","@graph":[{"@type":"WebPage","@id":"https:\/\/www.msds-europe.com\/es\/las-9-cosas-mas-importantes-sobre-la-distribucion-de-productos-quimicos\/","url":"https:\/\/www.msds-europe.com\/es\/las-9-cosas-mas-importantes-sobre-la-distribucion-de-productos-quimicos\/","name":"Las 9 cosas m\u00e1s importantes sobre la distribuci\u00f3n de productos qu\u00edmicos","isPartOf":{"@id":"https:\/\/www.msds-europe.com\/es\/#website"},"datePublished":"2025-08-29T12:52:06+00:00","dateModified":"2026-02-23T14:03:08+00:00","description":"Descripci\u00f3n detallada de las principales normativas y procedimientos relacionados con la distribuci\u00f3n de productos qu\u00edmicos.","breadcrumb":{"@id":"https:\/\/www.msds-europe.com\/es\/las-9-cosas-mas-importantes-sobre-la-distribucion-de-productos-quimicos\/#breadcrumb"},"inLanguage":"es","potentialAction":[{"@type":"ReadAction","target":["https:\/\/www.msds-europe.com\/es\/las-9-cosas-mas-importantes-sobre-la-distribucion-de-productos-quimicos\/"]}]},{"@type":"BreadcrumbList","@id":"https:\/\/www.msds-europe.com\/es\/las-9-cosas-mas-importantes-sobre-la-distribucion-de-productos-quimicos\/#breadcrumb","itemListElement":[{"@type":"ListItem","position":1,"name":"F\u0151oldal","item":"https:\/\/www.msds-europe.com\/es\/"},{"@type":"ListItem","position":2,"name":"Las 9 cosas m\u00e1s importantes sobre la distribuci\u00f3n de productos qu\u00edmicos"}]},{"@type":"WebSite","@id":"https:\/\/www.msds-europe.com\/es\/#website","url":"https:\/\/www.msds-europe.com\/es\/","name":"MSDS Europe","description":"","publisher":{"@id":"https:\/\/www.msds-europe.com\/es\/#organization"},"potentialAction":[{"@type":"SearchAction","target":{"@type":"EntryPoint","urlTemplate":"https:\/\/www.msds-europe.com\/es\/?s={search_term_string}"},"query-input":{"@type":"PropertyValueSpecification","valueRequired":true,"valueName":"search_term_string"}}],"inLanguage":"es"},{"@type":"Organization","@id":"https:\/\/www.msds-europe.com\/es\/#organization","name":"MSDS-Europe International branch of ToxInfo","url":"https:\/\/www.msds-europe.com\/es\/","logo":{"@type":"ImageObject","inLanguage":"es","@id":"https:\/\/www.msds-europe.com\/es\/#\/schema\/logo\/image\/","url":"https:\/\/www.msds-europe.com\/wp-content\/uploads\/2021\/04\/msds-europe-logo.jpg","contentUrl":"https:\/\/www.msds-europe.com\/wp-content\/uploads\/2021\/04\/msds-europe-logo.jpg","width":2296,"height":1067,"caption":"MSDS-Europe International branch of ToxInfo"},"image":{"@id":"https:\/\/www.msds-europe.com\/es\/#\/schema\/logo\/image\/"},"sameAs":["https:\/\/www.facebook.com\/toxinfokft\/","https:\/\/x.com\/ToxInfoKft"]}]}},"_links":{"self":[{"href":"https:\/\/www.msds-europe.com\/es\/wp-json\/wp\/v2\/pages\/34514","targetHints":{"allow":["GET"]}}],"collection":[{"href":"https:\/\/www.msds-europe.com\/es\/wp-json\/wp\/v2\/pages"}],"about":[{"href":"https:\/\/www.msds-europe.com\/es\/wp-json\/wp\/v2\/types\/page"}],"author":[{"embeddable":true,"href":"https:\/\/www.msds-europe.com\/es\/wp-json\/wp\/v2\/users\/2"}],"replies":[{"embeddable":true,"href":"https:\/\/www.msds-europe.com\/es\/wp-json\/wp\/v2\/comments?post=34514"}],"version-history":[{"count":4,"href":"https:\/\/www.msds-europe.com\/es\/wp-json\/wp\/v2\/pages\/34514\/revisions"}],"predecessor-version":[{"id":37586,"href":"https:\/\/www.msds-europe.com\/es\/wp-json\/wp\/v2\/pages\/34514\/revisions\/37586"}],"wp:attachment":[{"href":"https:\/\/www.msds-europe.com\/es\/wp-json\/wp\/v2\/media?parent=34514"}],"wp:term":[{"taxonomy":"post_tag","embeddable":true,"href":"https:\/\/www.msds-europe.com\/es\/wp-json\/wp\/v2\/tags?post=34514"}],"curies":[{"name":"wp","href":"https:\/\/api.w.org\/{rel}","templated":true}]}}