{"id":34494,"date":"2025-08-29T12:32:29","date_gmt":"2025-08-29T12:32:29","guid":{"rendered":"https:\/\/www.msds-europe.com\/?page_id=34494"},"modified":"2026-03-04T07:07:51","modified_gmt":"2026-03-04T07:07:51","slug":"fichas-de-datos-de-seguridad-clp-junio-2017","status":"publish","type":"page","link":"https:\/\/www.msds-europe.com\/es\/fichas-de-datos-de-seguridad-clp-junio-2017\/","title":{"rendered":"El impacto del Reglamento CLP en las fichas de datos de seguridad"},"content":{"rendered":"<p style=\"text-align: right;\"><em><a href=\"https:\/\/www.msds-europe.com\/\">MSDS-Europe<\/a> &#8211; <a href=\"https:\/\/www.msds-europe.com\/es\/base-conocimiento-ficha-de-datos-de-seguridad\/\">Base de conocimientos sobre fichas de datos de seguridad<\/a><\/em> \u2013 <em>El impacto del Reglamento CLP en las fichas de datos de seguridad<\/em><\/p>\n<p>&nbsp;<\/p>\n<p style=\"text-align: justify;\"><strong>Con la entrada en vigor del Reglamento CLP, los requisitos para las fichas de datos de seguridad (FDS) cambiaron y un nuevo sistema de etiquetado sustituy\u00f3 al anterior sistema DPD\/DSD.<\/strong> <strong>A diferencia de la legislaci\u00f3n anterior, el sistema de clasificaci\u00f3n CLP utiliza clases y categor\u00edas de peligro y dos palabras de advertencia: \u00abPeligro\u00bb y \u00abAtenci\u00f3n\u00bb.<\/strong><\/p>\n<p style=\"text-align: justify;\"><strong>El Reglamento (UE) 2015\/830 de la Comisi\u00f3n fue sustituido el 1 de enero de 2023 por el Reglamento (UE) 2020\/878 de la Comisi\u00f3n.<\/strong><\/p>\n<p style=\"text-align: justify;\"><strong>La introducci\u00f3n del CLP impone mayores obligaciones a las empresas que manipulan productos qu\u00edmicos, por lo que conviene prepararse con antelaci\u00f3n para los cambios.<\/strong><\/p>\n<p>&nbsp;<\/p>\n<ul>\n<li style=\"text-align: justify;\">Impacto de los cambios legislativos en las fichas de datos de seguridad<\/li>\n<li style=\"text-align: justify;\">La Ley de Seguridad Qu\u00edmica \u2013 la clasificaci\u00f3n DSD\/DPD<\/li>\n<li style=\"text-align: justify;\">REACH y su efecto en las fichas de datos de seguridad<\/li>\n<li style=\"text-align: justify;\">CLP \u2013 incorporaci\u00f3n del GHS al Derecho de la UE<\/li>\n<li style=\"text-align: justify;\">Impacto del Reglamento (UE) n.\u00ba 453\/2010<\/li>\n<li style=\"text-align: justify;\">Nuestro presente y futuro cercano \u2013 Reglamento (UE) 2020\/878 de la Comisi\u00f3n<\/li>\n<li style=\"text-align: justify;\">Plazos<\/li>\n<li style=\"text-align: justify;\">El futuro\u2026<\/li>\n<\/ul>\n<p>&nbsp;<\/p>\n<p><strong>31 de mayo de 2017<\/strong> marc\u00f3 el fin del per\u00edodo transitorio para determinadas mezclas ya comercializadas.<\/p>\n<p style=\"text-align: justify;\">En virtud del art\u00edculo 62 del Reglamento (CE) n.\u00ba 1272\/2008, toda mezcla solo podr\u00e1 comercializarse con <strong>etiquetas y envases<\/strong> conformes al CLP, y con una <strong>FDS<\/strong> conforme al CLP que contenga la clasificaci\u00f3n correcta.<\/p>\n<p style=\"text-align: justify;\">La introducci\u00f3n del CLP cerr\u00f3 un largo proceso transitorio y supuso (y sigue suponiendo) importantes tareas para las empresas que trabajan con productos qu\u00edmicos y mezclas.<\/p>\n<p>&nbsp;<\/p>\n<h2 style=\"text-align: justify;\">Impacto de los cambios legislativos en las fichas de datos de seguridad<\/h2>\n<p style=\"text-align: justify;\">Durante los \u00faltimos 15 a\u00f1os, Hungr\u00eda y otros Estados miembros de la UE han experimentado una evoluci\u00f3n r\u00e1pida del marco normativo en materia de seguridad qu\u00edmica. Los requisitos de contenido y formato de las FDS han cambiado significativamente tanto para sustancias como para mezclas.<\/p>\n<p style=\"text-align: justify;\">Las FDS deben cumplir siempre con la legislaci\u00f3n vigente, lo que no es tarea f\u00e1cil dado el conocimiento t\u00e9cnico que requiere.<\/p>\n<p style=\"text-align: justify;\">Desde hace 20 a\u00f1os, ToxInfo Ltd. ayuda a sus socios a cumplir estas normas, obteniendo una visi\u00f3n directa de cada cambio normativo.<\/p>\n<p style=\"text-align: justify;\">Este art\u00edculo repasa los principales cambios del pasado y del futuro pr\u00f3ximo, despidi\u00e9ndose de los ya familiares s\u00edmbolos de peligro naranjas.<\/p>\n<p>&nbsp;<\/p>\n<h3 style=\"text-align: justify;\">La Ley de Seguridad Qu\u00edmica \u2013 la clasificaci\u00f3n DSD\/DPD<\/h3>\n<p style=\"text-align: justify;\">En concreto, la Directiva 67\/548\/CEE sobre sustancias peligrosas (DSD) y la Directiva 1999\/45\/CE sobre preparados peligrosos (DPD), ambas transpuestas en Hungr\u00eda a la <a href=\"https:\/\/www.msds-europe.com\/es\/cambios-reguladores-seguridad-quimica\/\">Ley XXV de 2000<\/a> y su <a href=\"https:\/\/www.msds-europe.com\/es\/cambios-reguladores-seguridad-quimica\/\">Decreto 44\/2000<\/a>.<\/p>\n<p style=\"text-align: justify;\">Fue el primer sistema de clasificaci\u00f3n y etiquetado de Hungr\u00eda alineado con la UE. Incluso antes de la adhesi\u00f3n a la Uni\u00f3n, el pa\u00eds adopt\u00f3 el etiquetado unificado.<\/p>\n<p style=\"text-align: justify;\">Las FDS y etiquetas inclu\u00edan frases R, frases S y s\u00edmbolos de peligro negros sobre fondo naranja.<\/p>\n<p style=\"text-align: justify;\">A pesar de los cambios posteriores, la clasificaci\u00f3n DPD pod\u00eda seguir apareciendo en las FDS de mezclas peligrosas, pero solo hasta el 1 de junio de 2017.<\/p>\n<p>&nbsp;<\/p>\n<h3 style=\"text-align: justify;\">REACH y su efecto en las fichas de datos de seguridad<\/h3>\n<p style=\"text-align: justify;\">El Reglamento REACH de la UE (registro, evaluaci\u00f3n, autorizaci\u00f3n y restricci\u00f3n de sustancias qu\u00edmicas) sustituy\u00f3 a casi 40 directivas por una \u00fanica norma que cubre a todos los actores de la cadena de suministro. Entr\u00f3 en vigor el 1 de junio de 2007, con el anexo II que establece el formato y el contenido de la FDS.<\/p>\n<p style=\"text-align: justify;\">Los planes para un GHS (Sistema Globalmente Armonizado) a nivel europeo ya estaban en marcha.<\/p>\n<p>&nbsp;<\/p>\n<h3 style=\"text-align: justify;\">CLP \u2013 incorporaci\u00f3n del GHS al Derecho de la UE<\/h3>\n<p style=\"text-align: justify;\">El siguiente hito fue el Reglamento (CE) n.\u00ba 1272\/2008 (CLP), la aplicaci\u00f3n europea del GHS.<\/p>\n<p style=\"text-align: justify;\">El CLP introdujo un nuevo sistema de etiquetado para sustancias y mezclas, obligando a una revisi\u00f3n completa de las FDS en plazos ajustados.<\/p>\n<p style=\"text-align: justify;\">Los s\u00edmbolos tradicionales fueron sustituidos por <a href=\"https:\/\/www.msds-europe.com\/es\/pictogramas-de-peligro\/\">pictogramas de peligro<\/a> en forma de rombo con borde rojo. Tambi\u00e9n introdujo clases y categor\u00edas de peligro y dos palabras de advertencia: \u00abPeligro\u00bb y \u00abAtenci\u00f3n\u00bb.<\/p>\n<p style=\"text-align: justify;\">Las frases R y S fueron sustituidas por <a href=\"https:\/\/www.msds-europe.com\/es\/indicaciones-de-peligro-h\/\">indicaciones de peligro (frases H)<\/a> y <a href=\"https:\/\/www.msds-europe.com\/es\/prudencia-p\/\">consejos de prudencia (frases P)<\/a>; se mantuvieron las frases EUH cuando no exist\u00edan equivalentes en el GHS.<\/p>\n<p>&nbsp;<\/p>\n<h3 style=\"text-align: justify;\">Impacto del Reglamento (UE) n.\u00ba 453\/2010<\/h3>\n<p style=\"text-align: justify;\">El Reglamento (UE) n.\u00ba 453\/2010 modific\u00f3 el anexo II de REACH e hizo vinculantes los requisitos de contenido del CLP en las FDS.<\/p>\n<p style=\"text-align: justify;\">A partir del 1 de diciembre de 2010, las sustancias deb\u00edan cumplir con el CLP; para las mezclas, el plazo fue el 1 de junio de 2015, con un per\u00edodo transitorio que, en algunos casos, se extendi\u00f3 hasta el 1 de junio de 2017.<\/p>\n<p style=\"text-align: justify;\">Despu\u00e9s del 1 de junio de 2015, el CLP pas\u00f3 a ser obligatorio, pero la fecha del 1 de junio de 2017 segu\u00eda aplic\u00e1ndose a determinadas mezclas ya comercializadas.<\/p>\n<p>&nbsp;<\/p>\n<h3 style=\"text-align: justify;\">Nuestro presente y futuro cercano \u2013 Reglamento (UE) 2020\/878 de la Comisi\u00f3n<\/h3>\n<p style=\"text-align: justify;\">Durante el per\u00edodo transitorio, el marco aplicable fue el <a href=\"https:\/\/www.msds-europe.com\/es\/cambios-reguladores-seguridad-quimica\/\">Reglamento (UE) 2015\/830 de la Comisi\u00f3n<\/a>, que consolid\u00f3 enmiendas anteriores.<\/p>\n<p style=\"text-align: justify;\"><strong>El Reglamento (UE) 2020\/878 de la Comisi\u00f3n entr\u00f3 en vigor el 1 de enero de 2021 y sustituy\u00f3 al Reglamento (UE) 2015\/830 a partir del 1 de enero de 2023.<\/strong><\/p>\n<p style=\"text-align: justify;\"><a href=\"https:\/\/www.msds-europe.com\/es\/compilacion-creacion-ficha-de-datos-de-seguridad\/\">Elaborar una nueva FDS<\/a> o <a href=\"https:\/\/www.msds-europe.com\/es\/sds-revision-actualizacion\/\">actualizar una FDS existente<\/a> conforme al <a href=\"https:\/\/www.msds-europe.com\/es\/cambios-reguladores-seguridad-quimica\/\">Reglamento (UE) 2020\/878<\/a>.<\/p>\n<p class=\"title_1\" style=\"text-align: right;\"><a href=\"https:\/\/www.msds-europe.com\/es\/contenido-y-elementos-formales-de-una-ficha-de-datos-de-seguridad\/\"><em>M\u00e1s detalles sobre el contenido y el formato de las FDS seg\u00fan el Reglamento (UE) 2020\/878<\/em><\/a><\/p>\n<p>&nbsp;<\/p>\n<h2 style=\"text-align: justify;\">PLAZOS<\/h2>\n<p style=\"text-align: justify;\"><strong>Hasta el 1 de junio de 2017:<\/strong><\/p>\n<p style=\"text-align: justify;\">Las mezclas clasificadas bajo el DPD antes del 1 de junio de 2015 pod\u00edan seguir suministr\u00e1ndose con etiquetado DPD hasta el 1 de junio de 2017, fecha a partir de la cual el CLP pas\u00f3 a ser obligatorio para todas las mezclas comercializadas.<\/p>\n<p>&nbsp;<\/p>\n<p><strong>Despu\u00e9s del 31 de mayo de 2017:<\/strong> <em>1 de junio de 2017 \u2013 Adi\u00f3s al etiquetado DPD<\/em><\/p>\n<p style=\"text-align: justify;\">Importante: no existe per\u00edodo transitorio despu\u00e9s del 31 de mayo de 2017; los productos etiquetados con DPD ya no est\u00e1n permitidos.<\/p>\n<p style=\"text-align: justify;\">Prep\u00e1rese con antelaci\u00f3n: audite existencias, retire productos etiquetados con DPD o vuelva a etiquetarlos internamente.<\/p>\n<p style=\"text-align: justify;\">El etiquetado debe coincidir siempre con la FDS; actualizar la FDS es el primer paso en cualquier transici\u00f3n.<\/p>\n<p style=\"text-align: right;\"><em>Preguntas frecuentes \u2013 <a href=\"https:\/\/www.msds-europe.com\/es\/preguntas-frecuentes-y-respuestas-en-seguridad-quimica\/\">Preguntas frecuentes sobre seguridad qu\u00edmica<\/a><\/em><\/p>\n<p>&nbsp;<\/p>\n<h2 style=\"text-align: justify;\">El futuro\u2026<\/h2>\n<p style=\"text-align: justify;\">El DPD puede haber desaparecido tras 17 a\u00f1os, pero las FDS seguir\u00e1n evolucionando. M\u00e1s all\u00e1 de los objetivos de armonizaci\u00f3n global, las normas nacionales seguir\u00e1n desempe\u00f1ando un papel.<\/p>\n<p style=\"text-align: justify;\">Desafortunadamente, es poco probable que la carga de trabajo de las empresas que manejan productos qu\u00edmicos disminuya.<\/p>\n<p>&nbsp;<\/p>\n<h4><span style=\"color: #333333;\">Recomendaciones de servicio<\/span><\/h4>\n<ul>\n<li>Revisar y actualizar las FDS (<a href=\"https:\/\/www.msds-europe.com\/es\/sds-revision-actualizacion\/\">servicio de revisi\u00f3n\/actualizaci\u00f3n<\/a>)<\/li>\n<li>Preparar <a href=\"https:\/\/www.msds-europe.com\/es\/creacion-proyecto-de-etiqueta\/\">dise\u00f1os de etiquetas CLP<\/a><\/li>\n<li><a href=\"https:\/\/www.msds-europe.com\/es\/solicitud-presupuesto-ficha-datos-seguridad\/\">Consultor\u00eda<\/a> para el cumplimiento del CLP<\/li>\n<\/ul>\n<p>&nbsp;<\/p>\n<h4><span style=\"color: #333333;\">Art\u00edculos \u00fatiles<\/span><\/h4>\n<ul>\n<li><a title=\"Frases P (consejos de prudencia)\" href=\"https:\/\/www.msds-europe.com\/es\/prudencia-p\/\">Frases P (consejos de prudencia)<\/a><\/li>\n<li><a title=\"Frases H (indicaciones de peligro)\" href=\"https:\/\/www.msds-europe.com\/es\/indicaciones-de-peligro-h\/\">Frases H (indicaciones de peligro)<\/a><\/li>\n<li><a href=\"https:\/\/www.msds-europe.com\/es\/simbolo-del-peligro\/\">Pictogramas de peligro<\/a><\/li>\n<li><a title=\"Contenido y formato de una FDS\" href=\"https:\/\/www.msds-europe.com\/es\/contenido-y-elementos-formales-de-una-ficha-de-datos-de-seguridad\/\">Contenido y formato de una FDS<\/a><\/li>\n<li><a title=\"Elaboraci\u00f3n de una FDS\" href=\"https:\/\/www.msds-europe.com\/es\/compilacion-creacion-ficha-de-datos-de-seguridad\/\">Elaboraci\u00f3n de una FDS<\/a><\/li>\n<li><a title=\"Abreviaturas y acr\u00f3nimos en las FDS\" href=\"https:\/\/www.msds-europe.com\/es\/fds-abreviaturas-explicacion\/\">Abreviaturas y acr\u00f3nimos en las FDS<\/a><\/li>\n<li>Preguntas frecuentes \u2013 <a href=\"https:\/\/www.msds-europe.com\/es\/preguntas-frecuentes-y-respuestas-en-seguridad-quimica\/\">Preguntas frecuentes sobre seguridad qu\u00edmica<\/a><\/li>\n<\/ul>\n<p>&nbsp;<\/p>\n<h4><span data-teams=\"true\">Preguntas r\u00e1pidas y respuestas<\/span><\/h4>\n<div class=\"su-spoiler su-spoiler-style-fancy su-spoiler-icon-chevron su-spoiler-closed\" data-scroll-offset=\"0\" data-anchor-in-url=\"no\"><div class=\"su-spoiler-title\" tabindex=\"0\" role=\"button\"><span class=\"su-spoiler-icon\"><\/span>\u00bfDesde cu\u00e1ndo es obligatorio utilizar fichas de datos de seguridad conformes al CLP para mezclas?<\/div><div class=\"su-spoiler-content su-u-clearfix su-u-trim\">\n<p style=\"text-align: justify;\">Desde el 1 de junio de 2017, todas las mezclas comercializadas en el mercado de la UE deben suministrarse \u00fanicamente con etiquetas, envases y fichas de datos de seguridad conformes al CLP.<\/p>\n<\/div><\/div>\n<div class=\"su-spoiler su-spoiler-style-fancy su-spoiler-icon-chevron su-spoiler-closed\" data-scroll-offset=\"0\" data-anchor-in-url=\"no\"><div class=\"su-spoiler-title\" tabindex=\"0\" role=\"button\"><span class=\"su-spoiler-icon\"><\/span>\u00bfCu\u00e1l es la diferencia entre el sistema DPD\/DSD y el sistema CLP en lo que respecta a las fichas de datos de seguridad?<\/div><div class=\"su-spoiler-content su-u-clearfix su-u-trim\">\n<p style=\"text-align: justify;\">El sistema CLP introdujo pictogramas armonizados, indicaciones de peligro (frases H), consejos de prudencia (frases P) y dos palabras de advertencia, reemplazando al antiguo esquema DPD\/DSD.<\/p>\n<\/div><\/div>\n<div class=\"su-spoiler su-spoiler-style-fancy su-spoiler-icon-chevron su-spoiler-closed\" data-scroll-offset=\"0\" data-anchor-in-url=\"no\"><div class=\"su-spoiler-title\" tabindex=\"0\" role=\"button\"><span class=\"su-spoiler-icon\"><\/span>\u00bfC\u00f3mo afecta el Reglamento (UE) 2020\/878 al contenido de las fichas de datos de seguridad?<\/div><div class=\"su-spoiler-content su-u-clearfix su-u-trim\">\n<p style=\"text-align: justify;\">El Reglamento (UE) 2020\/878 establece requisitos actualizados de estructura y contenido y es obligatorio para todas las FDS emitidas a partir del 1 de enero de 2023.<\/p>\n<\/div><\/div>\n","protected":false},"excerpt":{"rendered":"<p>MSDS-Europe &#8211; Base de conocimientos sobre fichas de datos de seguridad \u2013 El impacto del Reglamento CLP en las fichas de datos de seguridad &nbsp; Con la entrada en vigor del Reglamento CLP, los requisitos para las fichas de datos de seguridad (FDS) cambiaron y un nuevo sistema de etiquetado&#8230;<\/p>\n","protected":false},"author":2,"featured_media":0,"parent":0,"menu_order":0,"comment_status":"closed","ping_status":"closed","template":"","meta":{"_acf_changed":false,"footnotes":""},"tags":[],"class_list":["post-34494","page","type-page","status-publish","hentry"],"acf":[],"yoast_head":"<!-- This site is optimized with the Yoast SEO plugin v27.2 - https:\/\/yoast.com\/product\/yoast-seo-wordpress\/ -->\n<title>El impacto del Reglamento CLP en las FDS<\/title>\n<meta name=\"description\" content=\"Resumen de los cambios normativos que afectan a los requisitos de forma y contenido de las fichas de datos de seguridad para mezclas.\" \/>\n<meta name=\"robots\" content=\"index, follow, max-snippet:-1, max-image-preview:large, max-video-preview:-1\" \/>\n<link rel=\"canonical\" href=\"https:\/\/www.msds-europe.com\/es\/fichas-de-datos-de-seguridad-clp-junio-2017\/\" \/>\n<meta property=\"og:locale\" content=\"es_ES\" \/>\n<meta property=\"og:type\" content=\"article\" \/>\n<meta property=\"og:title\" content=\"El impacto del Reglamento CLP en las FDS\" \/>\n<meta property=\"og:description\" content=\"Resumen de los cambios normativos que afectan a los requisitos de forma y contenido de las fichas de datos de seguridad para mezclas.\" \/>\n<meta property=\"og:url\" content=\"https:\/\/www.msds-europe.com\/es\/fichas-de-datos-de-seguridad-clp-junio-2017\/\" \/>\n<meta property=\"og:site_name\" content=\"MSDS Europe\" \/>\n<meta property=\"article:publisher\" content=\"https:\/\/www.facebook.com\/toxinfokft\/\" \/>\n<meta property=\"article:modified_time\" content=\"2026-03-04T07:07:51+00:00\" \/>\n<meta name=\"twitter:card\" content=\"summary_large_image\" \/>\n<meta name=\"twitter:site\" content=\"@ToxInfoKft\" \/>\n<meta name=\"twitter:label1\" content=\"Tiempo de lectura\" \/>\n\t<meta name=\"twitter:data1\" content=\"6 minutos\" \/>\n<script type=\"application\/ld+json\" class=\"yoast-schema-graph\">{\"@context\":\"https:\/\/schema.org\",\"@graph\":[{\"@type\":\"WebPage\",\"@id\":\"https:\/\/www.msds-europe.com\/es\/fichas-de-datos-de-seguridad-clp-junio-2017\/\",\"url\":\"https:\/\/www.msds-europe.com\/es\/fichas-de-datos-de-seguridad-clp-junio-2017\/\",\"name\":\"El impacto del Reglamento CLP en las FDS\",\"isPartOf\":{\"@id\":\"https:\/\/www.msds-europe.com\/es\/#website\"},\"datePublished\":\"2025-08-29T12:32:29+00:00\",\"dateModified\":\"2026-03-04T07:07:51+00:00\",\"description\":\"Resumen de los cambios normativos que afectan a los requisitos de forma y contenido de las fichas de datos de seguridad para mezclas.\",\"breadcrumb\":{\"@id\":\"https:\/\/www.msds-europe.com\/es\/fichas-de-datos-de-seguridad-clp-junio-2017\/#breadcrumb\"},\"inLanguage\":\"es\",\"potentialAction\":[{\"@type\":\"ReadAction\",\"target\":[\"https:\/\/www.msds-europe.com\/es\/fichas-de-datos-de-seguridad-clp-junio-2017\/\"]}]},{\"@type\":\"BreadcrumbList\",\"@id\":\"https:\/\/www.msds-europe.com\/es\/fichas-de-datos-de-seguridad-clp-junio-2017\/#breadcrumb\",\"itemListElement\":[{\"@type\":\"ListItem\",\"position\":1,\"name\":\"F\u0151oldal\",\"item\":\"https:\/\/www.msds-europe.com\/es\/\"},{\"@type\":\"ListItem\",\"position\":2,\"name\":\"El impacto del Reglamento CLP en las fichas de datos de seguridad\"}]},{\"@type\":\"WebSite\",\"@id\":\"https:\/\/www.msds-europe.com\/es\/#website\",\"url\":\"https:\/\/www.msds-europe.com\/es\/\",\"name\":\"MSDS Europe\",\"description\":\"\",\"publisher\":{\"@id\":\"https:\/\/www.msds-europe.com\/es\/#organization\"},\"potentialAction\":[{\"@type\":\"SearchAction\",\"target\":{\"@type\":\"EntryPoint\",\"urlTemplate\":\"https:\/\/www.msds-europe.com\/es\/?s={search_term_string}\"},\"query-input\":{\"@type\":\"PropertyValueSpecification\",\"valueRequired\":true,\"valueName\":\"search_term_string\"}}],\"inLanguage\":\"es\"},{\"@type\":\"Organization\",\"@id\":\"https:\/\/www.msds-europe.com\/es\/#organization\",\"name\":\"MSDS-Europe International branch of ToxInfo\",\"url\":\"https:\/\/www.msds-europe.com\/es\/\",\"logo\":{\"@type\":\"ImageObject\",\"inLanguage\":\"es\",\"@id\":\"https:\/\/www.msds-europe.com\/es\/#\/schema\/logo\/image\/\",\"url\":\"https:\/\/www.msds-europe.com\/wp-content\/uploads\/2021\/04\/msds-europe-logo.jpg\",\"contentUrl\":\"https:\/\/www.msds-europe.com\/wp-content\/uploads\/2021\/04\/msds-europe-logo.jpg\",\"width\":2296,\"height\":1067,\"caption\":\"MSDS-Europe International branch of ToxInfo\"},\"image\":{\"@id\":\"https:\/\/www.msds-europe.com\/es\/#\/schema\/logo\/image\/\"},\"sameAs\":[\"https:\/\/www.facebook.com\/toxinfokft\/\",\"https:\/\/x.com\/ToxInfoKft\"]}]}<\/script>\n<!-- \/ Yoast SEO plugin. -->","yoast_head_json":{"title":"El impacto del Reglamento CLP en las FDS","description":"Resumen de los cambios normativos que afectan a los requisitos de forma y contenido de las fichas de datos de seguridad para mezclas.","robots":{"index":"index","follow":"follow","max-snippet":"max-snippet:-1","max-image-preview":"max-image-preview:large","max-video-preview":"max-video-preview:-1"},"canonical":"https:\/\/www.msds-europe.com\/es\/fichas-de-datos-de-seguridad-clp-junio-2017\/","og_locale":"es_ES","og_type":"article","og_title":"El impacto del Reglamento CLP en las FDS","og_description":"Resumen de los cambios normativos que afectan a los requisitos de forma y contenido de las fichas de datos de seguridad para mezclas.","og_url":"https:\/\/www.msds-europe.com\/es\/fichas-de-datos-de-seguridad-clp-junio-2017\/","og_site_name":"MSDS Europe","article_publisher":"https:\/\/www.facebook.com\/toxinfokft\/","article_modified_time":"2026-03-04T07:07:51+00:00","twitter_card":"summary_large_image","twitter_site":"@ToxInfoKft","twitter_misc":{"Tiempo de lectura":"6 minutos"},"schema":{"@context":"https:\/\/schema.org","@graph":[{"@type":"WebPage","@id":"https:\/\/www.msds-europe.com\/es\/fichas-de-datos-de-seguridad-clp-junio-2017\/","url":"https:\/\/www.msds-europe.com\/es\/fichas-de-datos-de-seguridad-clp-junio-2017\/","name":"El impacto del Reglamento CLP en las FDS","isPartOf":{"@id":"https:\/\/www.msds-europe.com\/es\/#website"},"datePublished":"2025-08-29T12:32:29+00:00","dateModified":"2026-03-04T07:07:51+00:00","description":"Resumen de los cambios normativos que afectan a los requisitos de forma y contenido de las fichas de datos de seguridad para mezclas.","breadcrumb":{"@id":"https:\/\/www.msds-europe.com\/es\/fichas-de-datos-de-seguridad-clp-junio-2017\/#breadcrumb"},"inLanguage":"es","potentialAction":[{"@type":"ReadAction","target":["https:\/\/www.msds-europe.com\/es\/fichas-de-datos-de-seguridad-clp-junio-2017\/"]}]},{"@type":"BreadcrumbList","@id":"https:\/\/www.msds-europe.com\/es\/fichas-de-datos-de-seguridad-clp-junio-2017\/#breadcrumb","itemListElement":[{"@type":"ListItem","position":1,"name":"F\u0151oldal","item":"https:\/\/www.msds-europe.com\/es\/"},{"@type":"ListItem","position":2,"name":"El impacto del Reglamento CLP en las fichas de datos de seguridad"}]},{"@type":"WebSite","@id":"https:\/\/www.msds-europe.com\/es\/#website","url":"https:\/\/www.msds-europe.com\/es\/","name":"MSDS Europe","description":"","publisher":{"@id":"https:\/\/www.msds-europe.com\/es\/#organization"},"potentialAction":[{"@type":"SearchAction","target":{"@type":"EntryPoint","urlTemplate":"https:\/\/www.msds-europe.com\/es\/?s={search_term_string}"},"query-input":{"@type":"PropertyValueSpecification","valueRequired":true,"valueName":"search_term_string"}}],"inLanguage":"es"},{"@type":"Organization","@id":"https:\/\/www.msds-europe.com\/es\/#organization","name":"MSDS-Europe International branch of ToxInfo","url":"https:\/\/www.msds-europe.com\/es\/","logo":{"@type":"ImageObject","inLanguage":"es","@id":"https:\/\/www.msds-europe.com\/es\/#\/schema\/logo\/image\/","url":"https:\/\/www.msds-europe.com\/wp-content\/uploads\/2021\/04\/msds-europe-logo.jpg","contentUrl":"https:\/\/www.msds-europe.com\/wp-content\/uploads\/2021\/04\/msds-europe-logo.jpg","width":2296,"height":1067,"caption":"MSDS-Europe International branch of ToxInfo"},"image":{"@id":"https:\/\/www.msds-europe.com\/es\/#\/schema\/logo\/image\/"},"sameAs":["https:\/\/www.facebook.com\/toxinfokft\/","https:\/\/x.com\/ToxInfoKft"]}]}},"_links":{"self":[{"href":"https:\/\/www.msds-europe.com\/es\/wp-json\/wp\/v2\/pages\/34494","targetHints":{"allow":["GET"]}}],"collection":[{"href":"https:\/\/www.msds-europe.com\/es\/wp-json\/wp\/v2\/pages"}],"about":[{"href":"https:\/\/www.msds-europe.com\/es\/wp-json\/wp\/v2\/types\/page"}],"author":[{"embeddable":true,"href":"https:\/\/www.msds-europe.com\/es\/wp-json\/wp\/v2\/users\/2"}],"replies":[{"embeddable":true,"href":"https:\/\/www.msds-europe.com\/es\/wp-json\/wp\/v2\/comments?post=34494"}],"version-history":[{"count":6,"href":"https:\/\/www.msds-europe.com\/es\/wp-json\/wp\/v2\/pages\/34494\/revisions"}],"predecessor-version":[{"id":37987,"href":"https:\/\/www.msds-europe.com\/es\/wp-json\/wp\/v2\/pages\/34494\/revisions\/37987"}],"wp:attachment":[{"href":"https:\/\/www.msds-europe.com\/es\/wp-json\/wp\/v2\/media?parent=34494"}],"wp:term":[{"taxonomy":"post_tag","embeddable":true,"href":"https:\/\/www.msds-europe.com\/es\/wp-json\/wp\/v2\/tags?post=34494"}],"curies":[{"name":"wp","href":"https:\/\/api.w.org\/{rel}","templated":true}]}}