{"id":34383,"date":"2025-08-15T12:49:30","date_gmt":"2025-08-15T12:49:30","guid":{"rendered":"https:\/\/www.msds-europe.com\/?page_id=34383"},"modified":"2026-02-25T09:47:53","modified_gmt":"2026-02-25T09:47:53","slug":"verificacion-sds-fichas-datos-seguridad","status":"publish","type":"page","link":"https:\/\/www.msds-europe.com\/es\/verificacion-sds-fichas-datos-seguridad\/","title":{"rendered":"Qu\u00e9 debemos comprobar absolutamente en las fichas de datos de seguridad"},"content":{"rendered":"<p style=\"text-align: right;\"><em><a href=\"https:\/\/www.msds-europe.com\/es\/\">MSDS-Europe<\/a> \u2013 Qu\u00e9 debemos comprobar absolutamente en las fichas de datos de seguridad<\/em><\/p>\n<p style=\"text-align: justify;\">Antes de enumerar los puntos clave que debemos comprobar en una ficha de datos de seguridad (FDS) recibida, le invitamos a leer nuestro art\u00edculo sobre las <a href=\"https:\/\/www.msds-europe.com\/es\/condiciones-bajo-las-cuales-se-debe-suministrar-una-ficha-de-datos-de-seguridad\/\">normas para el suministro de una FDS<\/a>.<\/p>\n<p>&nbsp;<\/p>\n<h3>Primer paso:<\/h3>\n<p style=\"text-align: justify;\">En primer lugar, podemos (y debemos) verificar el <a href=\"https:\/\/www.msds-europe.com\/es\/preparacion-sds-introduccion-normativo\/\">idioma<\/a> de la FDS facilitada. Puede parecer sorprendente, pero el proveedor de un producto qu\u00edmico no siempre est\u00e1 obligado a facilitar la ficha en nuestro idioma nacional.<\/p>\n<p style=\"text-align: justify;\">Las empresas que disponen de software de gesti\u00f3n\/traducci\u00f3n de FDS suelen entregar de buen grado el documento en el idioma del comprador, aunque la legislaci\u00f3n no les asigne expresamente esta tarea. Sin embargo, hay que tener cuidado con las <a href=\"https:\/\/www.msds-europe.com\/es\/acerca-de-los-softwares-de-autoria-de-sds\/\">FDS generadas por software<\/a>, ya que a menudo son t\u00e9cnicamente dudosas. Incluso una traducci\u00f3n humana literal no es autom\u00e1ticamente satisfactoria: solo una peque\u00f1a parte del trabajo de <a href=\"https:\/\/www.msds-europe.com\/es\/proceso-de-trabajo-de-creacion-traduccion-de-ficha-de-datos-de-seguridad\/\">elaboraci\u00f3n\/traducci\u00f3n de una FDS<\/a> es un servicio ling\u00fc\u00edstico puro; siempre hay que verificar la legislaci\u00f3n nacional y el contenido (por ejemplo, la clasificaci\u00f3n).<\/p>\n<p style=\"text-align: right;\"><a href=\"https:\/\/www.msds-europe.com\/es\/sds-requisitos-linguisticos\/\"><em>Idioma de la ficha de datos de seguridad en la UE \u2013 \u00bfen qu\u00e9 idioma es obligatoria la FDS?<\/em><\/a><\/p>\n<p>&nbsp;<\/p>\n<h3>Segundo paso:<\/h3>\n<p style=\"text-align: justify;\">A continuaci\u00f3n, debemos comprobar si la ficha est\u00e1 \u201cactualizada\u201d, lo que a menudo se denomina err\u00f3neamente su fecha de validez. Desde el punto de vista normativo, no existe una \u201cfecha de caducidad\u201d formal, pero s\u00ed <a href=\"https:\/\/www.msds-europe.com\/es\/periodo-de-validez-de-una-ficha-de-datos-de-seguridad\/\">normas de actualizaci\u00f3n de las FDS<\/a> que debemos conocer.<\/p>\n<p>&nbsp;<\/p>\n<h3>Otros pasos:<\/h3>\n<p style=\"text-align: justify;\">Las dem\u00e1s comprobaciones de conformidad dependen en gran medida de la actividad de la empresa y del tipo de sustancias o mezclas utilizadas. Como distribuidor que se abastece en el mercado nacional, utilizar una FDS no conforme conlleva sobre todo el riesgo de que el cliente rechace el producto, con la consiguiente p\u00e9rdida de cuota de mercado.<\/p>\n<p style=\"text-align: justify;\">Si, por el contrario, compramos un producto qu\u00edmico en otro pa\u00eds del EEE, nuestra empresa ser\u00e1 responsable de la <a href=\"https:\/\/www.msds-europe.com\/es\/servicio-ufi\/\">notificaci\u00f3n PCN<\/a> y del etiquetado, que no podremos realizar correctamente si nos basamos en una FDS err\u00f3nea.<\/p>\n<p style=\"text-align: justify;\">Los usuarios intermedios probablemente tengan la mayor parte de las tareas relacionadas con las FDS recibidas. Consulte nuestro resumen de la <a href=\"https:\/\/www.msds-europe.com\/downstream-user-reach-communication-obligations\/\">informaci\u00f3n b\u00e1sica para usuarios intermedios<\/a> sobre las obligaciones relativas a las FDS.<\/p>\n<p style=\"text-align: justify;\">Cabe se\u00f1alar que los usuarios intermedios ya tienen la obligaci\u00f3n de verificar el contenido de una FDS, algo que la autoridad puede inspeccionar durante las auditor\u00edas in situ. Se requieren medidas espec\u00edficas si la FDS contiene un <a href=\"https:\/\/www.msds-europe.com\/checking-implementing-exposure-scenario\/\">escenario de exposici\u00f3n<\/a>.<\/p>\n<p>&nbsp;<\/p>\n<h4><span style=\"color: #333333;\">Servicios recomendados:<\/span><\/h4>\n<ul>\n<li><a href=\"https:\/\/www.msds-europe.com\/es\/ficha-de-datos-de-seguridad-traduccion\/\">Traducci\u00f3n de FDS<\/a><\/li>\n<li><a href=\"https:\/\/www.msds-europe.com\/es\/sds-revision-actualizacion\/\">Revisi\u00f3n de FDS<\/a><\/li>\n<li><a href=\"https:\/\/www.msds-europe.com\/es\/compilacion-creacion-ficha-de-datos-de-seguridad\/\">Elaboraci\u00f3n y compilaci\u00f3n de fichas de datos de seguridad<\/a><\/li>\n<li>Creaci\u00f3n de <a href=\"https:\/\/www.msds-europe.com\/es\/creacion-proyecto-de-etiqueta\/\">borradores de etiquetas CLP<\/a><\/li>\n<li><a href=\"https:\/\/www.msds-europe.com\/es\/servicio-ufi\/\">Notificaci\u00f3n PCN para mezclas peligrosas<\/a><\/li>\n<\/ul>\n<p>&nbsp;<\/p>\n<h4><span style=\"color: #333333;\">Art\u00edculos \u00fatiles:<\/span><\/h4>\n<ul>\n<li><a href=\"https:\/\/www.msds-europe.com\/es\/seguridad-quimica-articulos-analisis\/\">Br\u00fajula de la seguridad qu\u00edmica<\/a><\/li>\n<li><a href=\"https:\/\/www.msds-europe.com\/es\/preguntas-frecuentes-y-respuestas-en-seguridad-quimica\/\">FAQ \u2013 Preguntas y respuestas sobre seguridad qu\u00edmica<\/a><\/li>\n<li><a href=\"https:\/\/www.msds-europe.com\/es\/cambios-reguladores-seguridad-quimica\/\">Seguimiento de cambios normativos<\/a><\/li>\n<\/ul>\n<p>&nbsp;<\/p>\n<h4>Preguntas y respuestas r\u00e1pidas<\/h4>\n<div class=\"su-spoiler su-spoiler-style-fancy su-spoiler-icon-chevron su-spoiler-closed\" data-scroll-offset=\"0\" data-anchor-in-url=\"no\"><div class=\"su-spoiler-title\" tabindex=\"0\" role=\"button\"><span class=\"su-spoiler-icon\"><\/span>\u00bfCu\u00e1les son los tres puntos que debe comprobar primero en una FDS de un proveedor extranjero?<\/div><div class=\"su-spoiler-content su-u-clearfix su-u-trim\">\n<p>El idioma del documento, el formato de 16 secciones y la presencia de los nuevos requisitos de contenido establecidos en el Reglamento (UE) 2020\/878.<\/p>\n<\/div><\/div>\n<div class=\"su-spoiler su-spoiler-style-fancy su-spoiler-icon-chevron su-spoiler-closed\" data-scroll-offset=\"0\" data-anchor-in-url=\"no\"><div class=\"su-spoiler-title\" tabindex=\"0\" role=\"button\"><span class=\"su-spoiler-icon\"><\/span>\u00bfQu\u00e9 hacer si la FDS importada no cumple con el Reglamento (UE) 2020\/878 o contiene datos obsoletos?<\/div><div class=\"su-spoiler-content su-u-clearfix su-u-trim\">\n<p>La empresa que comercializa el producto debe actualizarla o elaborar una nueva FDS para poder comercializarlo legalmente en un Estado miembro de la UE.<\/p>\n<\/div><\/div>\n<div class=\"su-spoiler su-spoiler-style-fancy su-spoiler-icon-chevron su-spoiler-closed\" data-scroll-offset=\"0\" data-anchor-in-url=\"no\"><div class=\"su-spoiler-title\" tabindex=\"0\" role=\"button\"><span class=\"su-spoiler-icon\"><\/span>\u00bfQui\u00e9n es legalmente responsable de los errores en una FDS reutilizada en la UE?<\/div><div class=\"su-spoiler-content su-u-clearfix su-u-trim\">\n<p>El importador o distribuidor en la UE; las autoridades pueden sancionarlo incluso si la FDS err\u00f3nea proviene de un proveedor fuera de la UE.<\/p>\n<\/div><\/div>\n<p>\u00a0<\/p>\n","protected":false},"excerpt":{"rendered":"<p>MSDS-Europe \u2013 Qu\u00e9 debemos comprobar absolutamente en las fichas de datos de seguridad Antes de enumerar los puntos clave que debemos comprobar en una ficha de datos de seguridad (FDS) recibida, le invitamos a leer nuestro art\u00edculo sobre las normas para el suministro de una FDS. &nbsp; Primer paso: En&#8230;<\/p>\n","protected":false},"author":2,"featured_media":0,"parent":0,"menu_order":0,"comment_status":"closed","ping_status":"closed","template":"","meta":{"_acf_changed":false,"footnotes":""},"tags":[],"class_list":["post-34383","page","type-page","status-publish","hentry"],"acf":[],"yoast_head":"<!-- This site is optimized with the Yoast SEO plugin v27.2 - https:\/\/yoast.com\/product\/yoast-seo-wordpress\/ -->\n<title>Qu\u00e9 debemos comprobar absolutamente en las FDS<\/title>\n<meta name=\"description\" content=\"\u00bfC\u00f3mo saber si he recibido una SDS conforme de mi proveedor? Nuestra verificaci\u00f3n SDS presenta puntos de control concretos para garantizar una recepci\u00f3n segura de la mercanc\u00eda.\" \/>\n<meta name=\"robots\" content=\"index, follow, max-snippet:-1, max-image-preview:large, max-video-preview:-1\" \/>\n<link rel=\"canonical\" href=\"https:\/\/www.msds-europe.com\/es\/verificacion-sds-fichas-datos-seguridad\/\" \/>\n<meta property=\"og:locale\" content=\"es_ES\" \/>\n<meta property=\"og:type\" content=\"article\" \/>\n<meta property=\"og:title\" content=\"Qu\u00e9 debemos comprobar absolutamente en las FDS\" \/>\n<meta property=\"og:description\" content=\"\u00bfC\u00f3mo saber si he recibido una SDS conforme de mi proveedor? Nuestra verificaci\u00f3n SDS presenta puntos de control concretos para garantizar una recepci\u00f3n segura de la mercanc\u00eda.\" \/>\n<meta property=\"og:url\" content=\"https:\/\/www.msds-europe.com\/es\/verificacion-sds-fichas-datos-seguridad\/\" \/>\n<meta property=\"og:site_name\" content=\"MSDS Europe\" \/>\n<meta property=\"article:publisher\" content=\"https:\/\/www.facebook.com\/toxinfokft\/\" \/>\n<meta property=\"article:modified_time\" content=\"2026-02-25T09:47:53+00:00\" \/>\n<meta name=\"twitter:card\" content=\"summary_large_image\" \/>\n<meta name=\"twitter:site\" content=\"@ToxInfoKft\" \/>\n<meta name=\"twitter:label1\" content=\"Tiempo de lectura\" \/>\n\t<meta name=\"twitter:data1\" content=\"3 minutos\" \/>\n<script type=\"application\/ld+json\" class=\"yoast-schema-graph\">{\"@context\":\"https:\/\/schema.org\",\"@graph\":[{\"@type\":\"WebPage\",\"@id\":\"https:\/\/www.msds-europe.com\/es\/verificacion-sds-fichas-datos-seguridad\/\",\"url\":\"https:\/\/www.msds-europe.com\/es\/verificacion-sds-fichas-datos-seguridad\/\",\"name\":\"Qu\u00e9 debemos comprobar absolutamente en las FDS\",\"isPartOf\":{\"@id\":\"https:\/\/www.msds-europe.com\/es\/#website\"},\"datePublished\":\"2025-08-15T12:49:30+00:00\",\"dateModified\":\"2026-02-25T09:47:53+00:00\",\"description\":\"\u00bfC\u00f3mo saber si he recibido una SDS conforme de mi proveedor? Nuestra verificaci\u00f3n SDS presenta puntos de control concretos para garantizar una recepci\u00f3n segura de la mercanc\u00eda.\",\"breadcrumb\":{\"@id\":\"https:\/\/www.msds-europe.com\/es\/verificacion-sds-fichas-datos-seguridad\/#breadcrumb\"},\"inLanguage\":\"es\",\"potentialAction\":[{\"@type\":\"ReadAction\",\"target\":[\"https:\/\/www.msds-europe.com\/es\/verificacion-sds-fichas-datos-seguridad\/\"]}]},{\"@type\":\"BreadcrumbList\",\"@id\":\"https:\/\/www.msds-europe.com\/es\/verificacion-sds-fichas-datos-seguridad\/#breadcrumb\",\"itemListElement\":[{\"@type\":\"ListItem\",\"position\":1,\"name\":\"F\u0151oldal\",\"item\":\"https:\/\/www.msds-europe.com\/es\/\"},{\"@type\":\"ListItem\",\"position\":2,\"name\":\"Qu\u00e9 debemos comprobar absolutamente en las fichas de datos de seguridad\"}]},{\"@type\":\"WebSite\",\"@id\":\"https:\/\/www.msds-europe.com\/es\/#website\",\"url\":\"https:\/\/www.msds-europe.com\/es\/\",\"name\":\"MSDS Europe\",\"description\":\"\",\"publisher\":{\"@id\":\"https:\/\/www.msds-europe.com\/es\/#organization\"},\"potentialAction\":[{\"@type\":\"SearchAction\",\"target\":{\"@type\":\"EntryPoint\",\"urlTemplate\":\"https:\/\/www.msds-europe.com\/es\/?s={search_term_string}\"},\"query-input\":{\"@type\":\"PropertyValueSpecification\",\"valueRequired\":true,\"valueName\":\"search_term_string\"}}],\"inLanguage\":\"es\"},{\"@type\":\"Organization\",\"@id\":\"https:\/\/www.msds-europe.com\/es\/#organization\",\"name\":\"MSDS-Europe International branch of ToxInfo\",\"url\":\"https:\/\/www.msds-europe.com\/es\/\",\"logo\":{\"@type\":\"ImageObject\",\"inLanguage\":\"es\",\"@id\":\"https:\/\/www.msds-europe.com\/es\/#\/schema\/logo\/image\/\",\"url\":\"https:\/\/www.msds-europe.com\/wp-content\/uploads\/2021\/04\/msds-europe-logo.jpg\",\"contentUrl\":\"https:\/\/www.msds-europe.com\/wp-content\/uploads\/2021\/04\/msds-europe-logo.jpg\",\"width\":2296,\"height\":1067,\"caption\":\"MSDS-Europe International branch of ToxInfo\"},\"image\":{\"@id\":\"https:\/\/www.msds-europe.com\/es\/#\/schema\/logo\/image\/\"},\"sameAs\":[\"https:\/\/www.facebook.com\/toxinfokft\/\",\"https:\/\/x.com\/ToxInfoKft\"]}]}<\/script>\n<!-- \/ Yoast SEO plugin. -->","yoast_head_json":{"title":"Qu\u00e9 debemos comprobar absolutamente en las FDS","description":"\u00bfC\u00f3mo saber si he recibido una SDS conforme de mi proveedor? Nuestra verificaci\u00f3n SDS presenta puntos de control concretos para garantizar una recepci\u00f3n segura de la mercanc\u00eda.","robots":{"index":"index","follow":"follow","max-snippet":"max-snippet:-1","max-image-preview":"max-image-preview:large","max-video-preview":"max-video-preview:-1"},"canonical":"https:\/\/www.msds-europe.com\/es\/verificacion-sds-fichas-datos-seguridad\/","og_locale":"es_ES","og_type":"article","og_title":"Qu\u00e9 debemos comprobar absolutamente en las FDS","og_description":"\u00bfC\u00f3mo saber si he recibido una SDS conforme de mi proveedor? Nuestra verificaci\u00f3n SDS presenta puntos de control concretos para garantizar una recepci\u00f3n segura de la mercanc\u00eda.","og_url":"https:\/\/www.msds-europe.com\/es\/verificacion-sds-fichas-datos-seguridad\/","og_site_name":"MSDS Europe","article_publisher":"https:\/\/www.facebook.com\/toxinfokft\/","article_modified_time":"2026-02-25T09:47:53+00:00","twitter_card":"summary_large_image","twitter_site":"@ToxInfoKft","twitter_misc":{"Tiempo de lectura":"3 minutos"},"schema":{"@context":"https:\/\/schema.org","@graph":[{"@type":"WebPage","@id":"https:\/\/www.msds-europe.com\/es\/verificacion-sds-fichas-datos-seguridad\/","url":"https:\/\/www.msds-europe.com\/es\/verificacion-sds-fichas-datos-seguridad\/","name":"Qu\u00e9 debemos comprobar absolutamente en las FDS","isPartOf":{"@id":"https:\/\/www.msds-europe.com\/es\/#website"},"datePublished":"2025-08-15T12:49:30+00:00","dateModified":"2026-02-25T09:47:53+00:00","description":"\u00bfC\u00f3mo saber si he recibido una SDS conforme de mi proveedor? Nuestra verificaci\u00f3n SDS presenta puntos de control concretos para garantizar una recepci\u00f3n segura de la mercanc\u00eda.","breadcrumb":{"@id":"https:\/\/www.msds-europe.com\/es\/verificacion-sds-fichas-datos-seguridad\/#breadcrumb"},"inLanguage":"es","potentialAction":[{"@type":"ReadAction","target":["https:\/\/www.msds-europe.com\/es\/verificacion-sds-fichas-datos-seguridad\/"]}]},{"@type":"BreadcrumbList","@id":"https:\/\/www.msds-europe.com\/es\/verificacion-sds-fichas-datos-seguridad\/#breadcrumb","itemListElement":[{"@type":"ListItem","position":1,"name":"F\u0151oldal","item":"https:\/\/www.msds-europe.com\/es\/"},{"@type":"ListItem","position":2,"name":"Qu\u00e9 debemos comprobar absolutamente en las fichas de datos de seguridad"}]},{"@type":"WebSite","@id":"https:\/\/www.msds-europe.com\/es\/#website","url":"https:\/\/www.msds-europe.com\/es\/","name":"MSDS Europe","description":"","publisher":{"@id":"https:\/\/www.msds-europe.com\/es\/#organization"},"potentialAction":[{"@type":"SearchAction","target":{"@type":"EntryPoint","urlTemplate":"https:\/\/www.msds-europe.com\/es\/?s={search_term_string}"},"query-input":{"@type":"PropertyValueSpecification","valueRequired":true,"valueName":"search_term_string"}}],"inLanguage":"es"},{"@type":"Organization","@id":"https:\/\/www.msds-europe.com\/es\/#organization","name":"MSDS-Europe International branch of ToxInfo","url":"https:\/\/www.msds-europe.com\/es\/","logo":{"@type":"ImageObject","inLanguage":"es","@id":"https:\/\/www.msds-europe.com\/es\/#\/schema\/logo\/image\/","url":"https:\/\/www.msds-europe.com\/wp-content\/uploads\/2021\/04\/msds-europe-logo.jpg","contentUrl":"https:\/\/www.msds-europe.com\/wp-content\/uploads\/2021\/04\/msds-europe-logo.jpg","width":2296,"height":1067,"caption":"MSDS-Europe International branch of ToxInfo"},"image":{"@id":"https:\/\/www.msds-europe.com\/es\/#\/schema\/logo\/image\/"},"sameAs":["https:\/\/www.facebook.com\/toxinfokft\/","https:\/\/x.com\/ToxInfoKft"]}]}},"_links":{"self":[{"href":"https:\/\/www.msds-europe.com\/es\/wp-json\/wp\/v2\/pages\/34383","targetHints":{"allow":["GET"]}}],"collection":[{"href":"https:\/\/www.msds-europe.com\/es\/wp-json\/wp\/v2\/pages"}],"about":[{"href":"https:\/\/www.msds-europe.com\/es\/wp-json\/wp\/v2\/types\/page"}],"author":[{"embeddable":true,"href":"https:\/\/www.msds-europe.com\/es\/wp-json\/wp\/v2\/users\/2"}],"replies":[{"embeddable":true,"href":"https:\/\/www.msds-europe.com\/es\/wp-json\/wp\/v2\/comments?post=34383"}],"version-history":[{"count":6,"href":"https:\/\/www.msds-europe.com\/es\/wp-json\/wp\/v2\/pages\/34383\/revisions"}],"predecessor-version":[{"id":37806,"href":"https:\/\/www.msds-europe.com\/es\/wp-json\/wp\/v2\/pages\/34383\/revisions\/37806"}],"wp:attachment":[{"href":"https:\/\/www.msds-europe.com\/es\/wp-json\/wp\/v2\/media?parent=34383"}],"wp:term":[{"taxonomy":"post_tag","embeddable":true,"href":"https:\/\/www.msds-europe.com\/es\/wp-json\/wp\/v2\/tags?post=34383"}],"curies":[{"name":"wp","href":"https:\/\/api.w.org\/{rel}","templated":true}]}}