{"id":31637,"date":"2025-04-25T16:16:29","date_gmt":"2025-04-25T16:16:29","guid":{"rendered":"https:\/\/www.msds-europe.com\/?page_id=31637"},"modified":"2026-02-23T07:49:24","modified_gmt":"2026-02-23T07:49:24","slug":"fds-abreviaturas-explicacion","status":"publish","type":"page","link":"https:\/\/www.msds-europe.com\/es\/fds-abreviaturas-explicacion\/","title":{"rendered":"Abreviaturas y acr\u00f3nimos en las fichas de datos de seguridad"},"content":{"rendered":"<p>&nbsp;<\/p>\n<p style=\"text-align: right;\"><em><a href=\"https:\/\/www.msds-europe.com\/es\/\">MSDS-Europe<\/a> \u2013 <a href=\"https:\/\/www.msds-europe.com\/es\/base-conocimiento-ficha-de-datos-de-seguridad\/\">Base de conocimientos de la ficha de datos de seguridad<\/a> \u2013 Abreviaturas y acr\u00f3nimos en las fichas de datos de seguridad<\/em><\/p>\n<p>&nbsp;<\/p>\n<p style=\"text-align: justify;\">En las <strong>fichas de datos de seguridad<\/strong> (FDS), especialmente en la <a href=\"https:\/\/www.msds-europe.com\/es\/preparacion-fds-9-16-secciones\/\">secci\u00f3n 16<\/a> (\u00abOtra informaci\u00f3n\u00bb), se debe incluir un glosario o una leyenda que explique todas las abreviaturas y siglas utilizadas en el documento.<\/p>\n<p style=\"text-align: justify;\">Esto garantiza que la persona lectora pueda entender las referencias t\u00e9cnicas presentes en la ficha. Las FDS son documentos normalizados de <a href=\"https:\/\/www.msds-europe.com\/es\/contenido-y-elementos-formales-de-una-ficha-de-datos-de-seguridad\/\">16 secciones<\/a> que re\u00fanen la informaci\u00f3n de seguridad de sustancias y mezclas qu\u00edmicas y, a menudo, contienen numerosos acr\u00f3nimos: desde referencias <a href=\"https:\/\/www.msds-europe.com\/es\/cambios-reguladores-seguridad-quimica\/\">normativas<\/a> (p. ej., <strong>CLP<\/strong>, <strong>REACH<\/strong>) hasta par\u00e1metros cient\u00edficos (<strong>DL50<\/strong>, <strong>PNEC<\/strong>, etc.). Incluir la explicaci\u00f3n de estas abreviaturas es fundamental para mantener la ficha clara y conforme a la normativa vigente.<\/p>\n<p>&nbsp;<\/p>\n<h3 style=\"text-align: justify;\">Acr\u00f3nimos en las FDS<\/h3>\n<p style=\"text-align: justify;\">El t\u00e9rmino <strong>FDS<\/strong> es el acr\u00f3nimo de <strong>Ficha de datos de seguridad<\/strong>, equivalente a <em>Safety Data Sheet<\/em> (<strong>SDS<\/strong>) en ingl\u00e9s. Se trata del documento normalizado que comunica la informaci\u00f3n sobre los peligros y la manipulaci\u00f3n segura de un producto qu\u00edmico. Anteriormente se empleaba el t\u00e9rmino <strong>MSDS<\/strong> (<em>Material Safety Data Sheet<\/em>), pero en la actualidad se utiliza <strong>SDS<\/strong> en armon\u00eda con los est\u00e1ndares internacionales.<\/p>\n<p style=\"text-align: justify;\">Dentro de una <a href=\"https:\/\/www.msds-europe.com\/es\/ficha-de-datos-de-seguridad-traduccion\/#1\">FDS<\/a> es com\u00fan encontrarse con m\u00faltiples siglas que abrevian nombres de reglamentos, organismos, propiedades qu\u00edmicas, etc. Muchos de estos acr\u00f3nimos provienen del ingl\u00e9s o son siglas internacionales reconocidas, lo que permite que las FDS se entiendan en diferentes pa\u00edses. No obstante, es necesario que en cada FDS dichas siglas se expliquen en el idioma de la persona usuaria para asegurar la comprensi\u00f3n completa del documento.<\/p>\n<p>&nbsp;<\/p>\n<h3 style=\"text-align: justify;\">Explicaci\u00f3n de las abreviaturas en las FDS<\/h3>\n<p style=\"text-align: justify;\">Cada FDS proporciona, por tanto, un apartado con la explicaci\u00f3n de todos los acr\u00f3nimos utilizados. Habitualmente, en la secci\u00f3n 16 se incluye una lista de las abreviaturas y sus significados. Por ejemplo, si en la ficha aparece la sigla <strong>PBT<\/strong>, se aclarar\u00e1 que significa \u00abpersistente, bioacumulable y t\u00f3xico\u00bb. Del mismo modo, un acr\u00f3nimo como <strong>ADR<\/strong> se detallar\u00e1 como el Acuerdo europeo sobre transporte internacional de mercanc\u00edas peligrosas por carretera, y as\u00ed sucesivamente.<\/p>\n<p style=\"text-align: justify;\">Este glosario final abarca siglas de organismos (<strong>OSHA<\/strong>, <strong>ECHA<\/strong>, etc.), par\u00e1metros t\u00e9cnicos (<strong>CL50<\/strong>, <strong>DNEL<\/strong>, etc.), t\u00e9rminos ambientales (<strong>DQO<\/strong>, <strong>DBO<\/strong>, etc.), entre otras. Al proporcionar estas definiciones, la FDS asegura que cualquier persona lectora, incluso si no est\u00e1 familiarizada con todas las siglas, pueda interpretar correctamente la informaci\u00f3n.<\/p>\n<p>&nbsp;<\/p>\n<h3 style=\"text-align: justify;\">Abreviaturas utilizadas en las FDS en otros idiomas<\/h3>\n<p style=\"text-align: justify;\">Cabe se\u00f1alar que la denominaci\u00f3n de la propia ficha de datos de seguridad y algunas siglas pueden variar seg\u00fan el idioma, aunque el contenido sea equivalente. Por ejemplo, la <strong>Safety Data Sheet<\/strong> (SDS) en ingl\u00e9s se denomina \u00ab<strong>biztons\u00e1gi adatlap<\/strong>\u00bb en h\u00fangaro, \u00ab<strong>Sicherheitsdatenblatt<\/strong>\u00bb en alem\u00e1n, \u00ab<strong>Fiche de donn\u00e9es de s\u00e9curit\u00e9<\/strong>\u00bb en franc\u00e9s, \u00ab<strong>Scheda di dati di sicurezza<\/strong>\u00bb en italiano, \u00ab<strong>Fi\u0219\u0103 cu date de securitate<\/strong>\u00bb en rumano, y en polaco \u00ab<strong>Karta charakterystyki<\/strong>\u00bb. En espa\u00f1ol, la denominaci\u00f3n oficial es \u00ab<strong>Ficha de datos de seguridad<\/strong> (FDS)\u00bb.<\/p>\n<p style=\"text-align: justify;\">Fuera del nombre del documento, la mayor\u00eda de los acr\u00f3nimos t\u00e9cnicos dentro de las FDS suelen ser internacionales. Muchos provienen del ingl\u00e9s o de denominaciones de acuerdos globales (por ejemplo, <strong>ADR<\/strong> proviene del franc\u00e9s, pero se utiliza en todas las lenguas para ese acuerdo). Cada pa\u00eds puede tener siglas espec\u00edficas para ciertos conceptos (por ejemplo, Hungr\u00eda usa <strong>\u00c1K\/CK<\/strong> para l\u00edmites de exposici\u00f3n, mientras que en entornos hispanohablantes se emplean t\u00e9rminos como <strong>VLA-ED\/VLA-EC<\/strong>), pero una FDS dirigida a personas usuarias de habla hispana normalmente adaptar\u00e1 o explicar\u00e1 esas referencias. En definitiva, las FDS multiling\u00fces proporcionar\u00e1n siempre las traducciones y explicaciones locales correspondientes de las abreviaturas, garantizando que la persona lectora comprenda plenamente la informaci\u00f3n de seguridad.<\/p>\n<p style=\"text-align: right;\"><a href=\"https:\/\/www.msds-europe.com\/sds-abbreviations-explained\/\">EN <\/a> I <a href=\"https:\/\/www.msds-europe.com\/de\/sdb-abkuerzungen-erklaerung\/\"> DE <\/a> I <a href=\"https:\/\/www.msds-europe.com\/fr\/fds-abreviations-explication\/\">FR<\/a> I <strong>ES<\/strong> I <a href=\"https:\/\/www.msds-europe.com\/it\/sds-abbreviazioni-spiegazione\/\">IT<\/a> I <a href=\"https:\/\/www.msds-europe.com\/pl\/karta-charakterystyki-skroty-obja%c5%9bnienia\/\">PL<\/a> I <a href=\"https:\/\/www.msds-europe.com\/cs\/sds-zkratky-akronymy\/\">CS<\/a> I <a href=\"https:\/\/www.msds-europe.com\/ro\/fds-abrevieri-explicatii\/\">RO<\/a> I <a href=\"https:\/\/www.msds-europe.com\/sl\/sds-kratice-okrajsave\/\">SL<\/a> I <a href=\"https:\/\/www.msds-europe.com\/sk\/sds-skratky-akronymy\/\">SK<\/a> I <a href=\"https:\/\/www.biztonsagiadatlap.hu\/roviditesek-mozaikszavak-biztonsagi-adatlapokban\/\">HU<\/a><\/p>\n<p>&nbsp;<\/p>\n<h2 style=\"text-align: justify;\">Abreviaturas y acr\u00f3nimos m\u00e1s comunes en las FDS<\/h2>\n<p style=\"text-align: justify;\"><strong>A continuaci\u00f3n se enumeran algunas de las abreviaturas y siglas m\u00e1s frecuentes en las fichas de datos de seguridad, junto con su significado:<\/strong><\/p>\n<p>&nbsp;<\/p>\n<p style=\"text-align: justify;\"><strong>ADN<\/strong>: Acuerdo europeo sobre el transporte internacional de mercanc\u00edas peligrosas por v\u00edas navegables interiores.<\/p>\n<p style=\"text-align: justify;\"><strong>ADR<\/strong>: Acuerdo europeo sobre el transporte internacional de mercanc\u00edas peligrosas por carretera.<\/p>\n<p style=\"text-align: justify;\"><strong>ATE<\/strong>: Estimaci\u00f3n de toxicidad aguda (ETA).<\/p>\n<p style=\"text-align: justify;\"><strong>AOX<\/strong>: Hal\u00f3genos org\u00e1nicos adsorbibles.<\/p>\n<p style=\"text-align: justify;\"><strong>BCF<\/strong>: Factor de bioconcentraci\u00f3n.<\/p>\n<p style=\"text-align: justify;\"><strong>DBO<\/strong>: Demanda bioqu\u00edmica de ox\u00edgeno.<\/p>\n<p style=\"text-align: justify;\"><strong>N.\u00ba CAS<\/strong>: N\u00famero CAS.<\/p>\n<p style=\"text-align: justify;\"><strong>CLP<\/strong>: Reglamento (CE) n.\u00ba 1272\/2008 sobre clasificaci\u00f3n, etiquetado y envasado de sustancias y mezclas.<\/p>\n<p style=\"text-align: justify;\"><strong>Efectos CMR<\/strong>: Efectos carcin\u00f3genos, mutag\u00e9nicos y t\u00f3xicos para la reproducci\u00f3n.<\/p>\n<p style=\"text-align: justify;\"><strong>DQO<\/strong>: Demanda qu\u00edmica de ox\u00edgeno.<\/p>\n<p style=\"text-align: justify;\"><strong>CSA<\/strong>: Evaluaci\u00f3n de la seguridad qu\u00edmica.<\/p>\n<p style=\"text-align: justify;\"><strong>CSR<\/strong>: Informe de seguridad qu\u00edmica.<\/p>\n<p style=\"text-align: justify;\"><strong>DNEL<\/strong>: Nivel derivado sin efecto.<\/p>\n<p style=\"text-align: justify;\"><strong>ECHA<\/strong>: Agencia Europea de Sustancias y Mezclas Qu\u00edmicas.<\/p>\n<p style=\"text-align: justify;\"><strong>CE<\/strong>: Comunidad Europea (CE).<\/p>\n<p style=\"text-align: justify;\"><strong>N.\u00ba CE<\/strong>: N\u00famero CE (EINECS\/ELINCS).<\/p>\n<p style=\"text-align: justify;\"><strong>CEE<\/strong>: Comunidad Econ\u00f3mica Europea (CEE).<\/p>\n<p style=\"text-align: justify;\"><strong>EEE<\/strong>: Espacio Econ\u00f3mico Europeo (EEE) (UE + Islandia, Liechtenstein y Noruega).<\/p>\n<p style=\"text-align: justify;\"><strong>EINECS<\/strong>: Inventario europeo de sustancias qu\u00edmicas comerciales existentes.<\/p>\n<p style=\"text-align: justify;\"><strong>ELINCS<\/strong>: Lista europea de sustancias qu\u00edmicas notificadas.<\/p>\n<p style=\"text-align: justify;\"><strong>EN<\/strong>: Norma europea.<\/p>\n<p style=\"text-align: justify;\"><strong>UE<\/strong>: Uni\u00f3n Europea (UE).<\/p>\n<p style=\"text-align: justify;\"><strong>EuPCS<\/strong>: <a href=\"https:\/\/www.msds-europe.com\/es\/eupcs-usos-identificados-pcn\/\">Sistema Europeo de Clasificaci\u00f3n de Productos<\/a>.<\/p>\n<p style=\"text-align: justify;\"><strong>CER<\/strong>: Cat\u00e1logo europeo de residuos (v\u00e9ase tambi\u00e9n <strong>LoW<\/strong>).<\/p>\n<p style=\"text-align: justify;\"><strong>SGA<\/strong>: Sistema Globalmente Armonizado de Clasificaci\u00f3n y Etiquetado de Productos Qu\u00edmicos.<\/p>\n<p style=\"text-align: justify;\"><strong>IATA<\/strong>: Asociaci\u00f3n de Transporte A\u00e9reo Internacional.<\/p>\n<p style=\"text-align: justify;\"><strong>ICAO-TI<\/strong>: Instrucciones t\u00e9cnicas para el transporte seguro de mercanc\u00edas peligrosas por v\u00eda a\u00e9rea.<\/p>\n<p style=\"text-align: justify;\"><strong>IMDG<\/strong>: C\u00f3digo Mar\u00edtimo Internacional de Mercanc\u00edas Peligrosas.<\/p>\n<p style=\"text-align: justify;\"><strong>OMI<\/strong>: Organizaci\u00f3n Mar\u00edtima Internacional (IMO).<\/p>\n<p style=\"text-align: justify;\"><strong>IMSBC<\/strong>: C\u00f3digo Mar\u00edtimo Internacional de Cargas S\u00f3lidas a Granel.<\/p>\n<p style=\"text-align: justify;\"><strong>IUCLID<\/strong>: Base internacional uniforme de datos sobre sustancias qu\u00edmicas.<\/p>\n<p style=\"text-align: justify;\"><strong>IUPAC<\/strong>: Uni\u00f3n Internacional de Qu\u00edmica Pura y Aplicada.<\/p>\n<p style=\"text-align: justify;\"><strong>Kow<\/strong>: Coeficiente de reparto n-octanol\/agua.<\/p>\n<p style=\"text-align: justify;\"><strong>CL50<\/strong>: Concentraci\u00f3n letal media (50 %).<\/p>\n<p style=\"text-align: justify;\"><strong>DL50<\/strong>: Dosis letal media (50 %).<\/p>\n<p style=\"text-align: justify;\"><strong>LoW<\/strong>: Lista de residuos.<\/p>\n<p style=\"text-align: justify;\"><strong>LOEC<\/strong>: Concentraci\u00f3n de efecto observado m\u00e1s baja.<\/p>\n<p style=\"text-align: justify;\"><strong>LOEL<\/strong>: Nivel de efecto observado m\u00e1s bajo.<\/p>\n<p style=\"text-align: justify;\"><strong>NOEC<\/strong>: Concentraci\u00f3n sin efecto observado.<\/p>\n<p style=\"text-align: justify;\"><strong>NOEL<\/strong>: Nivel sin efecto observado.<\/p>\n<p style=\"text-align: justify;\"><strong>NOAEC<\/strong>: Concentraci\u00f3n sin efecto adverso observado.<\/p>\n<p style=\"text-align: justify;\"><strong>NOAEL<\/strong>: Nivel sin efecto adverso observado.<\/p>\n<p style=\"text-align: justify;\"><strong>OCDE<\/strong>: Organizaci\u00f3n para la Cooperaci\u00f3n y el Desarrollo Econ\u00f3micos.<\/p>\n<p style=\"text-align: justify;\"><strong>OSHA<\/strong>: Administraci\u00f3n de Seguridad y Salud Ocupacional.<\/p>\n<p style=\"text-align: justify;\"><strong>PBT<\/strong>: Persistente, bioacumulable y t\u00f3xica.<\/p>\n<p style=\"text-align: justify;\"><strong>PNEC<\/strong>: Concentraci\u00f3n prevista sin efecto.<\/p>\n<p style=\"text-align: justify;\"><strong>QSAR<\/strong>: Relaci\u00f3n cuantitativa estructura-actividad.<\/p>\n<p style=\"text-align: justify;\"><strong>REACH<\/strong>: Reglamento (CE) n.\u00ba 1907\/2006 relativo al registro, la evaluaci\u00f3n, la autorizaci\u00f3n y la restricci\u00f3n de las sustancias y mezclas qu\u00edmicas.<\/p>\n<p style=\"text-align: justify;\"><strong>RID<\/strong>: Reglamento relativo al transporte internacional de mercanc\u00edas peligrosas por ferrocarril.<\/p>\n<p style=\"text-align: justify;\"><strong>SCBA<\/strong>: Equipo de respiraci\u00f3n aut\u00f3nomo.<\/p>\n<p style=\"text-align: justify;\"><strong>SDS<\/strong>: Ficha de datos de seguridad.<\/p>\n<p style=\"text-align: justify;\"><strong>STOT<\/strong>: Toxicidad espec\u00edfica en determinados \u00f3rganos diana.<\/p>\n<p style=\"text-align: justify;\"><strong>SVHC<\/strong>: Sustancias extremadamente preocupantes.<\/p>\n<p style=\"text-align: justify;\"><strong>ONU<\/strong>: Naciones Unidas.<\/p>\n<p style=\"text-align: justify;\"><strong>UVCB<\/strong>: Sustancias de composici\u00f3n desconocida o variable, productos de reacci\u00f3n complejos o materiales biol\u00f3gicos.<\/p>\n<p style=\"text-align: justify;\"><strong>COV<\/strong>: Compuestos org\u00e1nicos vol\u00e1tiles.<\/p>\n<p style=\"text-align: justify;\"><strong>vPvB<\/strong>: Muy persistente y muy bioacumulable.<\/p>\n<p>&nbsp;<\/p>\n<h4 style=\"text-align: justify;\">Consulta online gratuita<\/h4>\n<p style=\"text-align: justify;\">Si no has encontrado la informaci\u00f3n que necesitabas en nuestro sitio web, puedes enviar tus preguntas sobre las fichas de datos de seguridad directamente a nuestro experto.<\/p>\n<p style=\"text-align: justify;\">Para enviar tus consultas, utiliza la siguiente aplicaci\u00f3n de mensajer\u00eda:<\/p>\n<a href=\"https:\/\/www.msds-europe.com\/es\/consulta-linea\/\" class=\"su-button su-button-style-default\" style=\"color:#ffffff;background-color:#ef552d;border-color:#c04424;border-radius:6px\" target=\"_self\"><span style=\"color:#ffffff;padding:0px 18px;font-size:14px;line-height:28px;border-color:#f4886c;border-radius:6px;text-shadow:0px 0px 2px #ffffff\"> \u00a1Pregunta a nuestro experto en seguridad qu\u00edmica!<\/span><\/a>\n<p>&nbsp;<\/p>\n<h4><span style=\"color: #333333;\">Otros servicios relacionados<\/span><\/h4>\n<ul>\n<li><a href=\"https:\/\/www.msds-europe.com\/es\/ficha-de-datos-de-seguridad-traduccion\/\">Servicios de traducci\u00f3n de la ficha de datos de seguridad<\/a><\/li>\n<li><a href=\"https:\/\/www.msds-europe.com\/es\/sds-revision-actualizacion\/\">Revisi\u00f3n y actualizaci\u00f3n de FDS<\/a><\/li>\n<li><a href=\"https:\/\/www.msds-europe.com\/es\/compilacion-creacion-ficha-de-datos-de-seguridad\/\">Compilaci\u00f3n y creaci\u00f3n de una ficha de datos de seguridad<\/a><\/li>\n<li><a href=\"https:\/\/www.msds-europe.com\/es\/servicio-ufi\/#notificacion-pcn\">Notificaci\u00f3n de mezclas a trav\u00e9s del portal PCN<\/a><\/li>\n<\/ul>\n<p>&nbsp;<\/p>\n<h4><span style=\"color: #333333;\">Art\u00edculos destacados<\/span><\/h4>\n<ul>\n<li><a href=\"https:\/\/www.msds-europe.com\/es\/presentaci%c3%b3n-de-la-pcn\/\">Presentaci\u00f3n de la PCN<\/a><\/li>\n<li><a href=\"https:\/\/www.msds-europe.com\/es\/identificador-unico-de-formula-ufi\/\">Informaci\u00f3n sobre la aplicaci\u00f3n del UFI (identificador \u00fanico de f\u00f3rmula)<\/a><\/li>\n<li>Preparaci\u00f3n de fichas de datos de seguridad:\n<ul>\n<li><a href=\"https:\/\/www.msds-europe.com\/es\/preparacion-sds-introduccion-normativo\/\"><em>Parte 1: Introducci\u00f3n y marco normativo<\/em><\/a><\/li>\n<li><a href=\"https:\/\/www.msds-europe.com\/es\/responsabilidades-proceso-elaboracion-sds\/\"><em>Parte 2: Responsabilidades y proceso de elaboraci\u00f3n de la SDS<\/em><\/a><\/li>\n<li><a href=\"https:\/\/www.msds-europe.com\/es\/preparacion-fds-primeras-8-secciones\/\"><em>Parte 3: Las primeras 8 secciones de la SDS en detalle<\/em><\/a><\/li>\n<li><a href=\"https:\/\/www.msds-europe.com\/es\/preparacion-fds-9-16-secciones\/\"><em>Parte 4: Las secciones restantes de la SDS (9\u201316)<\/em><\/a><\/li>\n<li><a href=\"https:\/\/www.msds-europe.com\/es\/sds-preparacion-buenas-practicas\/\"><em>Parte 5: Casos especiales y buenas pr\u00e1cticas<\/em><\/a><\/li>\n<\/ul>\n<\/li>\n<\/ul>\n<p>&nbsp;<\/p>\n<p>&nbsp;<\/p>\n","protected":false},"excerpt":{"rendered":"<p>&nbsp; MSDS-Europe \u2013 Base de conocimientos de la ficha de datos de seguridad \u2013 Abreviaturas y acr\u00f3nimos en las fichas de datos de seguridad &nbsp; En las fichas de datos de seguridad (FDS), especialmente en la secci\u00f3n 16 (\u00abOtra informaci\u00f3n\u00bb), se debe incluir un glosario o una leyenda que explique&#8230;<\/p>\n","protected":false},"author":2,"featured_media":0,"parent":0,"menu_order":0,"comment_status":"closed","ping_status":"closed","template":"","meta":{"_acf_changed":false,"footnotes":""},"tags":[360,253],"class_list":["post-31637","page","type-page","status-publish","hentry","tag-base-de-conocimiento-de-fichas-de-datos-de-seguridad-es","tag-ficha-de-datos-de-seguridad-es"],"acf":[],"yoast_head":"<!-- This site is optimized with the Yoast SEO plugin v27.2 - https:\/\/yoast.com\/product\/yoast-seo-wordpress\/ -->\n<title>Abreviaturas y siglas en las fichas de datos de seguridad<\/title>\n<meta name=\"description\" content=\"Gu\u00eda experta sobre las abreviaturas y siglas m\u00e1s comunes utilizadas en las FDS, con definiciones claras y explicaciones detalladas.\" \/>\n<meta name=\"robots\" content=\"index, follow, max-snippet:-1, max-image-preview:large, max-video-preview:-1\" \/>\n<link rel=\"canonical\" href=\"https:\/\/www.msds-europe.com\/es\/fds-abreviaturas-explicacion\/\" \/>\n<meta property=\"og:locale\" content=\"es_ES\" \/>\n<meta property=\"og:type\" content=\"article\" \/>\n<meta property=\"og:title\" content=\"Abreviaturas y siglas en las fichas de datos de seguridad\" \/>\n<meta property=\"og:description\" content=\"Gu\u00eda experta sobre las abreviaturas y siglas m\u00e1s comunes utilizadas en las FDS, con definiciones claras y explicaciones detalladas.\" \/>\n<meta property=\"og:url\" content=\"https:\/\/www.msds-europe.com\/es\/fds-abreviaturas-explicacion\/\" \/>\n<meta property=\"og:site_name\" content=\"MSDS Europe\" \/>\n<meta property=\"article:publisher\" content=\"https:\/\/www.facebook.com\/toxinfokft\/\" \/>\n<meta property=\"article:modified_time\" content=\"2026-02-23T07:49:24+00:00\" \/>\n<meta name=\"twitter:card\" content=\"summary_large_image\" \/>\n<meta name=\"twitter:site\" content=\"@ToxInfoKft\" \/>\n<meta name=\"twitter:label1\" content=\"Tiempo de lectura\" \/>\n\t<meta name=\"twitter:data1\" content=\"6 minutos\" \/>\n<script type=\"application\/ld+json\" class=\"yoast-schema-graph\">{\"@context\":\"https:\/\/schema.org\",\"@graph\":[{\"@type\":\"WebPage\",\"@id\":\"https:\/\/www.msds-europe.com\/es\/fds-abreviaturas-explicacion\/\",\"url\":\"https:\/\/www.msds-europe.com\/es\/fds-abreviaturas-explicacion\/\",\"name\":\"Abreviaturas y siglas en las fichas de datos de seguridad\",\"isPartOf\":{\"@id\":\"https:\/\/www.msds-europe.com\/es\/#website\"},\"datePublished\":\"2025-04-25T16:16:29+00:00\",\"dateModified\":\"2026-02-23T07:49:24+00:00\",\"description\":\"Gu\u00eda experta sobre las abreviaturas y siglas m\u00e1s comunes utilizadas en las FDS, con definiciones claras y explicaciones detalladas.\",\"breadcrumb\":{\"@id\":\"https:\/\/www.msds-europe.com\/es\/fds-abreviaturas-explicacion\/#breadcrumb\"},\"inLanguage\":\"es\",\"potentialAction\":[{\"@type\":\"ReadAction\",\"target\":[\"https:\/\/www.msds-europe.com\/es\/fds-abreviaturas-explicacion\/\"]}]},{\"@type\":\"BreadcrumbList\",\"@id\":\"https:\/\/www.msds-europe.com\/es\/fds-abreviaturas-explicacion\/#breadcrumb\",\"itemListElement\":[{\"@type\":\"ListItem\",\"position\":1,\"name\":\"F\u0151oldal\",\"item\":\"https:\/\/www.msds-europe.com\/es\/\"},{\"@type\":\"ListItem\",\"position\":2,\"name\":\"Abreviaturas y acr\u00f3nimos en las fichas de datos de seguridad\"}]},{\"@type\":\"WebSite\",\"@id\":\"https:\/\/www.msds-europe.com\/es\/#website\",\"url\":\"https:\/\/www.msds-europe.com\/es\/\",\"name\":\"MSDS Europe\",\"description\":\"\",\"publisher\":{\"@id\":\"https:\/\/www.msds-europe.com\/es\/#organization\"},\"potentialAction\":[{\"@type\":\"SearchAction\",\"target\":{\"@type\":\"EntryPoint\",\"urlTemplate\":\"https:\/\/www.msds-europe.com\/es\/?s={search_term_string}\"},\"query-input\":{\"@type\":\"PropertyValueSpecification\",\"valueRequired\":true,\"valueName\":\"search_term_string\"}}],\"inLanguage\":\"es\"},{\"@type\":\"Organization\",\"@id\":\"https:\/\/www.msds-europe.com\/es\/#organization\",\"name\":\"MSDS-Europe International branch of ToxInfo\",\"url\":\"https:\/\/www.msds-europe.com\/es\/\",\"logo\":{\"@type\":\"ImageObject\",\"inLanguage\":\"es\",\"@id\":\"https:\/\/www.msds-europe.com\/es\/#\/schema\/logo\/image\/\",\"url\":\"https:\/\/www.msds-europe.com\/wp-content\/uploads\/2021\/04\/msds-europe-logo.jpg\",\"contentUrl\":\"https:\/\/www.msds-europe.com\/wp-content\/uploads\/2021\/04\/msds-europe-logo.jpg\",\"width\":2296,\"height\":1067,\"caption\":\"MSDS-Europe International branch of ToxInfo\"},\"image\":{\"@id\":\"https:\/\/www.msds-europe.com\/es\/#\/schema\/logo\/image\/\"},\"sameAs\":[\"https:\/\/www.facebook.com\/toxinfokft\/\",\"https:\/\/x.com\/ToxInfoKft\"]}]}<\/script>\n<!-- \/ Yoast SEO plugin. -->","yoast_head_json":{"title":"Abreviaturas y siglas en las fichas de datos de seguridad","description":"Gu\u00eda experta sobre las abreviaturas y siglas m\u00e1s comunes utilizadas en las FDS, con definiciones claras y explicaciones detalladas.","robots":{"index":"index","follow":"follow","max-snippet":"max-snippet:-1","max-image-preview":"max-image-preview:large","max-video-preview":"max-video-preview:-1"},"canonical":"https:\/\/www.msds-europe.com\/es\/fds-abreviaturas-explicacion\/","og_locale":"es_ES","og_type":"article","og_title":"Abreviaturas y siglas en las fichas de datos de seguridad","og_description":"Gu\u00eda experta sobre las abreviaturas y siglas m\u00e1s comunes utilizadas en las FDS, con definiciones claras y explicaciones detalladas.","og_url":"https:\/\/www.msds-europe.com\/es\/fds-abreviaturas-explicacion\/","og_site_name":"MSDS Europe","article_publisher":"https:\/\/www.facebook.com\/toxinfokft\/","article_modified_time":"2026-02-23T07:49:24+00:00","twitter_card":"summary_large_image","twitter_site":"@ToxInfoKft","twitter_misc":{"Tiempo de lectura":"6 minutos"},"schema":{"@context":"https:\/\/schema.org","@graph":[{"@type":"WebPage","@id":"https:\/\/www.msds-europe.com\/es\/fds-abreviaturas-explicacion\/","url":"https:\/\/www.msds-europe.com\/es\/fds-abreviaturas-explicacion\/","name":"Abreviaturas y siglas en las fichas de datos de seguridad","isPartOf":{"@id":"https:\/\/www.msds-europe.com\/es\/#website"},"datePublished":"2025-04-25T16:16:29+00:00","dateModified":"2026-02-23T07:49:24+00:00","description":"Gu\u00eda experta sobre las abreviaturas y siglas m\u00e1s comunes utilizadas en las FDS, con definiciones claras y explicaciones detalladas.","breadcrumb":{"@id":"https:\/\/www.msds-europe.com\/es\/fds-abreviaturas-explicacion\/#breadcrumb"},"inLanguage":"es","potentialAction":[{"@type":"ReadAction","target":["https:\/\/www.msds-europe.com\/es\/fds-abreviaturas-explicacion\/"]}]},{"@type":"BreadcrumbList","@id":"https:\/\/www.msds-europe.com\/es\/fds-abreviaturas-explicacion\/#breadcrumb","itemListElement":[{"@type":"ListItem","position":1,"name":"F\u0151oldal","item":"https:\/\/www.msds-europe.com\/es\/"},{"@type":"ListItem","position":2,"name":"Abreviaturas y acr\u00f3nimos en las fichas de datos de seguridad"}]},{"@type":"WebSite","@id":"https:\/\/www.msds-europe.com\/es\/#website","url":"https:\/\/www.msds-europe.com\/es\/","name":"MSDS Europe","description":"","publisher":{"@id":"https:\/\/www.msds-europe.com\/es\/#organization"},"potentialAction":[{"@type":"SearchAction","target":{"@type":"EntryPoint","urlTemplate":"https:\/\/www.msds-europe.com\/es\/?s={search_term_string}"},"query-input":{"@type":"PropertyValueSpecification","valueRequired":true,"valueName":"search_term_string"}}],"inLanguage":"es"},{"@type":"Organization","@id":"https:\/\/www.msds-europe.com\/es\/#organization","name":"MSDS-Europe International branch of ToxInfo","url":"https:\/\/www.msds-europe.com\/es\/","logo":{"@type":"ImageObject","inLanguage":"es","@id":"https:\/\/www.msds-europe.com\/es\/#\/schema\/logo\/image\/","url":"https:\/\/www.msds-europe.com\/wp-content\/uploads\/2021\/04\/msds-europe-logo.jpg","contentUrl":"https:\/\/www.msds-europe.com\/wp-content\/uploads\/2021\/04\/msds-europe-logo.jpg","width":2296,"height":1067,"caption":"MSDS-Europe International branch of ToxInfo"},"image":{"@id":"https:\/\/www.msds-europe.com\/es\/#\/schema\/logo\/image\/"},"sameAs":["https:\/\/www.facebook.com\/toxinfokft\/","https:\/\/x.com\/ToxInfoKft"]}]}},"_links":{"self":[{"href":"https:\/\/www.msds-europe.com\/es\/wp-json\/wp\/v2\/pages\/31637","targetHints":{"allow":["GET"]}}],"collection":[{"href":"https:\/\/www.msds-europe.com\/es\/wp-json\/wp\/v2\/pages"}],"about":[{"href":"https:\/\/www.msds-europe.com\/es\/wp-json\/wp\/v2\/types\/page"}],"author":[{"embeddable":true,"href":"https:\/\/www.msds-europe.com\/es\/wp-json\/wp\/v2\/users\/2"}],"replies":[{"embeddable":true,"href":"https:\/\/www.msds-europe.com\/es\/wp-json\/wp\/v2\/comments?post=31637"}],"version-history":[{"count":11,"href":"https:\/\/www.msds-europe.com\/es\/wp-json\/wp\/v2\/pages\/31637\/revisions"}],"predecessor-version":[{"id":37393,"href":"https:\/\/www.msds-europe.com\/es\/wp-json\/wp\/v2\/pages\/31637\/revisions\/37393"}],"wp:attachment":[{"href":"https:\/\/www.msds-europe.com\/es\/wp-json\/wp\/v2\/media?parent=31637"}],"wp:term":[{"taxonomy":"post_tag","embeddable":true,"href":"https:\/\/www.msds-europe.com\/es\/wp-json\/wp\/v2\/tags?post=31637"}],"curies":[{"name":"wp","href":"https:\/\/api.w.org\/{rel}","templated":true}]}}