{"id":31134,"date":"2025-04-08T08:54:46","date_gmt":"2025-04-08T08:54:46","guid":{"rendered":"https:\/\/www.msds-europe.com\/?page_id=31134"},"modified":"2026-02-26T13:23:46","modified_gmt":"2026-02-26T13:23:46","slug":"preparacion-fds-primeras-8-secciones","status":"publish","type":"page","link":"https:\/\/www.msds-europe.com\/es\/preparacion-fds-primeras-8-secciones\/","title":{"rendered":"Preparaci\u00f3n de Fichas de Datos de Seguridad &#8211; Parte 3"},"content":{"rendered":"<h2><span style=\"color: #333333;\">Las primeras 8 secciones de la FDS en detalle<\/span><\/h2>\n<p style=\"text-align: right;\"><em><a href=\"https:\/\/www.msds-europe.com\/es\/\">MSDS-Europe<\/a> \u2013 <a href=\"https:\/\/www.msds-europe.com\/es\/base-conocimiento-ficha-de-datos-de-seguridad\/\">Base de conocimientos sobre fichas de datos de seguridad<\/a> \u2013 Preparaci\u00f3n de fichas de datos de seguridad \u2013 Parte 3: Las primeras 8 secciones de la FDS en detalle<\/em><\/p>\n<p>&nbsp;<\/p>\n<p style=\"text-align: justify;\">En las <strong>partes anteriores<\/strong>, analizamos por qu\u00e9 se <a href=\"https:\/\/www.msds-europe.com\/es\/preparacion-sds-introduccion-normativo\/\">necesita una ficha de datos de seguridad<\/a> y <a href=\"https:\/\/www.msds-europe.com\/es\/responsabilidades-proceso-elaboracion-sds\/\">c\u00f3mo abordar su elaboraci\u00f3n<\/a>.<\/p>\n<p style=\"text-align: justify;\">Ahora pasemos al documento en s\u00ed: <strong>\u00bfqu\u00e9 informaci\u00f3n contiene una ficha de datos de seguridad?<\/strong> Como se mencion\u00f3, una FDS tiene una estructura est\u00e1ndar compuesta por <a href=\"https:\/\/www.msds-europe.com\/es\/contenido-y-elementos-formales-de-una-ficha-de-datos-de-seguridad\/\">16 secciones<\/a>.<\/p>\n<p style=\"text-align: justify;\">Estas secciones garantizan que todos los datos esenciales se proporcionen en un formato coherente. En esta parte, revisaremos las <strong>secciones 1\u20138<\/strong>, que abarcan la informaci\u00f3n m\u00e1s importante, desde la identificaci\u00f3n de la sustancia\/mezcla hasta las medidas de protecci\u00f3n en el lugar de trabajo.<\/p>\n<p style=\"text-align: justify;\"><em>Antes de completar estas secciones, recomendamos contrastar los datos clave con <a href=\"https:\/\/www.msds-europe.com\/es\/sds-fuentes-informacion-bases-datos\/\">fuentes de informaci\u00f3n y bases de datos<\/a>, tal como se detalla en nuestro art\u00edculo espec\u00edfico sobre bases de datos para FDS.<\/em><\/p>\n<p>&nbsp;<\/p>\n<h3 style=\"text-align: justify;\">SECCI\u00d3N 1: Identificaci\u00f3n de la sustancia o la mezcla y de la sociedad o la empresa<\/h3>\n<p style=\"text-align: justify;\"><a href=\"https:\/\/www.msds-europe.com\/es\/sds-seccion-1-identificador-de-producto-ufi-mezclas\/\">La secci\u00f3n 1 de la FDS contiene los detalles de <strong>identificaci\u00f3n del producto<\/strong><\/a>. Aqu\u00ed se debe proporcionar el nombre exacto de la sustancia o la mezcla, junto con cualquier n\u00famero de identificaci\u00f3n (por ejemplo, n\u00famero CAS, n\u00famero CE) y, para mezclas, el <a href=\"https:\/\/www.msds-europe.com\/es\/identificador-unico-de-formula-ufi\/\"><strong>identificador \u00fanico de la f\u00f3rmula (UFI)<\/strong><\/a> (si procede).<\/p>\n<p style=\"text-align: justify;\">Tambi\u00e9n incluye el nombre, la direcci\u00f3n y la <strong>informaci\u00f3n de contacto<\/strong> del fabricante o proveedor, as\u00ed como un <strong>n\u00famero de tel\u00e9fono de emergencia<\/strong> (por ejemplo, un n\u00famero nacional o un servicio de informaci\u00f3n toxicol\u00f3gica, seg\u00fan aplique).<\/p>\n<p style=\"text-align: justify;\">Adem\u00e1s, pueden indicarse los usos identificados o <strong>los usos pertinentes identificados y los usos desaconsejados<\/strong>, cuando corresponda.<\/p>\n<p style=\"text-align: justify;\">Esta secci\u00f3n garantiza que cualquier persona que lea la FDS pueda identificar inmediatamente el producto y sepa con qui\u00e9n contactar para obtener m\u00e1s <strong>informaci\u00f3n en caso de emergencia<\/strong>.<\/p>\n<p>&nbsp;<\/p>\n<h3 style=\"text-align: justify;\">SECCI\u00d3N 2: Identificaci\u00f3n de los peligros<\/h3>\n<p style=\"text-align: justify;\">La secci\u00f3n 2 presenta la <strong>clasificaci\u00f3n de peligros<\/strong> del producto seg\u00fan el Reglamento CLP, as\u00ed como los correspondientes <a href=\"https:\/\/www.msds-europe.com\/es\/la-etiqueta-clp-etiquetado-en-la-practica\/\">elementos de etiquetado<\/a>. Aqu\u00ed se incluyen los <a href=\"https:\/\/www.msds-europe.com\/es\/pictogramas-de-peligro\/\">pictogramas de peligro<\/a>, la palabra de advertencia (por ejemplo, \u00abPeligro\u00bb o \u00abAtenci\u00f3n\u00bb), las <a href=\"https:\/\/www.msds-europe.com\/es\/indicaciones-de-peligro-h\/\">indicaciones de peligro<\/a> (H) y los <a href=\"https:\/\/www.msds-europe.com\/es\/prudencia-p\/\">consejos de prudencia<\/a> (P).<\/p>\n<p style=\"text-align: justify;\">Si la mezcla no est\u00e1 clasificada como peligrosa, debe indicarse aqu\u00ed. Si existen otros peligros (por ejemplo, determinados peligros para el medio ambiente u otras propiedades preocupantes que deban comunicarse), tambi\u00e9n se mencionan en esta secci\u00f3n.<\/p>\n<p style=\"text-align: justify;\">En resumen, esta secci\u00f3n ofrece una visi\u00f3n r\u00e1pida de los <strong>peligros del producto<\/strong>.<\/p>\n<p>&nbsp;<\/p>\n<h3 style=\"text-align: justify;\">SECCI\u00d3N 3: Composici\u00f3n\/informaci\u00f3n sobre los componentes<\/h3>\n<p style=\"text-align: justify;\">La secci\u00f3n 3 detalla <strong>de qu\u00e9 est\u00e1 compuesto el producto<\/strong>.<\/p>\n<p style=\"text-align: justify;\"><strong>Sustancia:<\/strong> se indica el <strong>nombre qu\u00edmico<\/strong> de la sustancia, posibles <strong>sin\u00f3nimos<\/strong>, sus <strong>identificadores<\/strong> y la informaci\u00f3n pertinente sobre su pureza, estabilizantes o aditivos.<\/p>\n<p style=\"text-align: justify;\"><strong>Mezcla:<\/strong> se enumeran los <strong>componentes peligrosos<\/strong> (nombre e identificador de cada componente, como n\u00famero CAS y n\u00famero CE) que contribuyen a la clasificaci\u00f3n de la mezcla. Adem\u00e1s, se incluye el porcentaje o rango de concentraci\u00f3n de estos <strong>componentes en la mezcla<\/strong> y su clasificaci\u00f3n (peligros del componente). Por ejemplo: Etanol (CAS 64-17-5), 10\u201320 %, clasificaci\u00f3n: l\u00edquido inflamable, categor\u00eda 2, H225.<\/p>\n<p style=\"text-align: justify;\">Si la concentraci\u00f3n exacta de ciertos componentes es un secreto comercial, puede indicarse un rango de concentraci\u00f3n o una denominaci\u00f3n gen\u00e9rica permitida, siempre que se mantenga la informaci\u00f3n relevante para el peligro.<\/p>\n<p style=\"text-align: justify;\">Esta secci\u00f3n ayuda al usuario a <strong>comprender qu\u00e9 sustancias peligrosas est\u00e1n presentes en el producto<\/strong>.<\/p>\n<p>&nbsp;<\/p>\n<h3 style=\"text-align: justify;\">SECCI\u00d3N 4: Primeros auxilios<\/h3>\n<p style=\"text-align: justify;\">La secci\u00f3n 4 describe <strong>qu\u00e9 se debe hacer si ocurre un accidente o una exposici\u00f3n<\/strong> relacionada con el producto. Sus subsecciones cubren las diferentes v\u00edas de exposici\u00f3n, proporcionando indicaciones de primeros auxilios para inhalaci\u00f3n, contacto con la piel, contacto con los ojos e ingesti\u00f3n.<\/p>\n<p style=\"text-align: justify;\">Por ejemplo: \u00abInhalaci\u00f3n: Traslade a la persona afectada al aire fresco, mant\u00e9ngala en reposo y busque atenci\u00f3n m\u00e9dica si es necesario\u00bb, o \u00abIngesti\u00f3n: No provoque el v\u00f3mito; llame inmediatamente a un m\u00e9dico y facilite la informaci\u00f3n del producto indicada en la secci\u00f3n 1\u00bb.<\/p>\n<p style=\"text-align: justify;\">Esta secci\u00f3n tambi\u00e9n debe mencionar los s\u00edntomas y efectos m\u00e1s importantes, as\u00ed como si se requiere atenci\u00f3n m\u00e9dica inmediata o tratamiento espec\u00edfico.<\/p>\n<p style=\"text-align: justify;\">Esta parte es <strong>cr\u00edtica en una emergencia<\/strong>, ya que brinda una gu\u00eda inmediata sobre la respuesta apropiada.<\/p>\n<p>&nbsp;<\/p>\n<h3 style=\"text-align: justify;\">SECCI\u00d3N 5: Medidas de lucha contra incendios<\/h3>\n<p style=\"text-align: justify;\">La secci\u00f3n 5 proporciona informaci\u00f3n sobre <strong>c\u00f3mo extinguir<\/strong> un incendio si la sustancia o mezcla est\u00e1 ardiendo o si su presencia influye en las labores de extinci\u00f3n. Especifica los <strong>medios de extinci\u00f3n apropiados<\/strong> (por ejemplo, agua pulverizada, polvo, di\u00f3xido de carbono, espuma) y, cuando proceda, los medios no adecuados.<\/p>\n<p style=\"text-align: justify;\">Describe los <strong>productos de descomposici\u00f3n peligrosos<\/strong> que puedan formarse durante la combusti\u00f3n (por ejemplo, humos o gases t\u00f3xicos como mon\u00f3xido de carbono), e incluye recomendaciones para los bomberos: equipo de protecci\u00f3n especial, protecci\u00f3n respiratoria y posibles riesgos espec\u00edficos.<\/p>\n<p style=\"text-align: justify;\">El prop\u00f3sito de esta secci\u00f3n es asegurar que, en caso de incendio, <strong>se sepa c\u00f3mo responder de forma segura y eficaz<\/strong>.<\/p>\n<p>&nbsp;<\/p>\n<h3 style=\"text-align: justify;\">SECCI\u00d3N 6: Medidas en caso de vertido accidental<\/h3>\n<p style=\"text-align: justify;\">La secci\u00f3n 6 describe qu\u00e9 hacer si la sustancia o mezcla se <strong>libera accidentalmente<\/strong>, por ejemplo, por un derrame o una fuga.<\/p>\n<p style=\"text-align: justify;\">Incluye <strong>precauciones personales<\/strong> (por ejemplo, acercarse solo con el equipo de protecci\u00f3n adecuado; eliminar fuentes de ignici\u00f3n), <strong>precauciones medioambientales<\/strong> (por ejemplo, evitar que el material entre en los desag\u00fces; notificar a las autoridades si procede) y <strong>m\u00e9todos de contenci\u00f3n y limpieza<\/strong>.<\/p>\n<p style=\"text-align: justify;\">Tambi\u00e9n se indican m\u00e9todos para <strong>absorber o recoger el material derramado<\/strong> (por ejemplo, con un absorbente inerte como arena o vermiculita) y c\u00f3mo eliminar los residuos generados.<\/p>\n<p>&nbsp;<\/p>\n<h3 style=\"text-align: justify;\">SECCI\u00d3N 7: Manipulaci\u00f3n y almacenamiento<\/h3>\n<p style=\"text-align: justify;\">La secci\u00f3n 7 resume las normas para la <strong>manipulaci\u00f3n y el almacenamiento seguros<\/strong>. Incluye precauciones para la manipulaci\u00f3n (por ejemplo, \u00abNo fumar durante el uso; mantener alejado de chispas y llamas abiertas\u00bb o \u00abUsar solo en zonas bien ventiladas; evitar inhalar vapores\u00bb).<\/p>\n<p style=\"text-align: justify;\">Tambi\u00e9n se proporciona <strong>asesoramiento general de higiene en el trabajo<\/strong> (por ejemplo, no comer ni beber en el \u00e1rea de trabajo; lavarse las manos despu\u00e9s de usar el producto; asegurar ventilaci\u00f3n adecuada).<\/p>\n<p style=\"text-align: justify;\"><strong>Para el almacenamiento<\/strong>, se describen condiciones y requisitos: por ejemplo, \u00abAlmacenar en un lugar seco, fresco y bien ventilado. Proteger del calor y de la luz solar directa. Materiales incompatibles: agentes oxidantes fuertes\u00bb. Asimismo, pueden indicarse requisitos para envases (por ejemplo, \u00abconservar en un recipiente herm\u00e9ticamente cerrado\u00bb), si procede.<\/p>\n<p style=\"text-align: justify;\">El papel de esta secci\u00f3n es prevenir incidentes <strong>guiando las pr\u00e1cticas cotidianas de uso y almacenamiento seguros<\/strong>.<\/p>\n<p>&nbsp;<\/p>\n<h3 style=\"text-align: justify;\">SECCI\u00d3N 8: Controles de exposici\u00f3n\/protecci\u00f3n individual<\/h3>\n<p style=\"text-align: justify;\">La secci\u00f3n 8 explica c\u00f3mo evitar que una sustancia o mezcla peligrosa exponga a los trabajadores por encima de niveles nocivos.<\/p>\n<p style=\"text-align: justify;\">Consta de dos partes principales: <strong>controles t\u00e9cnicos<\/strong> y <strong>equipo de protecci\u00f3n individual (EPI)<\/strong>.<\/p>\n<p style=\"text-align: justify;\">Cualquier <strong>l\u00edmite de exposici\u00f3n ocupacional<\/strong> aplicable para los componentes (por ejemplo, l\u00edmites de exposici\u00f3n a corto y largo plazo establecidos por normativas nacionales o de la UE) debe indicarse aqu\u00ed. Si existen tales l\u00edmites, el empleador debe asegurarse de que no se excedan en el aire del lugar de trabajo; por ello, se describen medidas t\u00e9cnicas como ventilaci\u00f3n adecuada, extracci\u00f3n localizada o procesos cerrados.<\/p>\n<p style=\"text-align: justify;\">En la subsecci\u00f3n de <strong>protecci\u00f3n individual<\/strong>, se especifica el EPI necesario: por ejemplo, guantes (indicando el material, p. ej., nitrilo), gafas de seguridad o pantalla facial, ropa de protecci\u00f3n y, si procede, protecci\u00f3n respiratoria (con un filtro adecuado). Tambi\u00e9n pueden indicarse criterios de selecci\u00f3n (por ejemplo, tiempo de permeaci\u00f3n, espesor del material) y medidas para proteger el medio ambiente (por ejemplo, control de emisiones), cuando corresponda.<\/p>\n<p style=\"text-align: justify;\">Esta secci\u00f3n asegura que el usuario reciba <strong>recomendaciones concretas de protecci\u00f3n<\/strong>, minimizando as\u00ed la exposici\u00f3n.<\/p>\n<p>&nbsp;<\/p>\n<p style=\"text-align: justify;\"><em>(En la siguiente entrega de esta serie continuaremos con las secciones restantes (9\u201316), que contienen informaci\u00f3n importante sobre propiedades f\u00edsicas y qu\u00edmicas, estabilidad y reactividad, informaci\u00f3n toxicol\u00f3gica y ecol\u00f3gica, consideraciones sobre eliminaci\u00f3n, transporte y normativa, entre otros aspectos.)<\/em><\/p>\n<p>&nbsp;<\/p>\n<p><em>Otras partes de la serie:<\/em><\/p>\n<ul>\n<li style=\"text-align: justify;\"><a href=\"https:\/\/www.msds-europe.com\/es\/preparacion-sds-introduccion-normativo\/\"><em>Preparaci\u00f3n de fichas de datos de seguridad \u2013 Parte 1: Introducci\u00f3n y marco normativo<\/em><\/a><\/li>\n<li style=\"text-align: justify;\"><a href=\"https:\/\/www.msds-europe.com\/es\/responsabilidades-proceso-elaboracion-sds\/\"><em>Preparaci\u00f3n de fichas de datos de seguridad \u2013 Parte 2: Responsabilidades y proceso de elaboraci\u00f3n de la FDS<\/em><\/a><\/li>\n<li style=\"text-align: justify;\"><a href=\"https:\/\/www.msds-europe.com\/es\/preparacion-fds-9-16-secciones\/\"><em>Preparaci\u00f3n de fichas de datos de seguridad \u2013 Parte 4: Las secciones restantes de la FDS (9\u201316)<\/em><\/a><\/li>\n<li style=\"text-align: justify;\"><a href=\"https:\/\/www.msds-europe.com\/es\/sds-preparacion-buenas-practicas\/\"><em>Preparaci\u00f3n de fichas de datos de seguridad \u2013 Parte 5: Casos especiales y buenas pr\u00e1cticas<\/em><\/a><\/li>\n<\/ul>\n<p>&nbsp;<\/p>\n<h4 style=\"text-align: justify;\">Consulta en l\u00ednea gratuita<\/h4>\n<p style=\"text-align: justify;\">Si no ha encontrado la informaci\u00f3n que necesitaba en nuestro sitio web, puede enviar sus preguntas sobre fichas de datos de seguridad directamente a nuestro experto.<\/p>\n<p style=\"text-align: justify;\">Para enviar sus consultas, utilice la siguiente aplicaci\u00f3n de mensajer\u00eda:<\/p>\n<a href=\"https:\/\/www.msds-europe.com\/es\/consulta-linea\/\" class=\"su-button su-button-style-default\" style=\"color:#ffffff;background-color:#ef552d;border-color:#c04424;border-radius:6px\" target=\"_self\"><span style=\"color:#ffffff;padding:0px 18px;font-size:14px;line-height:28px;border-color:#f4886c;border-radius:6px;text-shadow:0px 0px 2px #ffffff\"> \u00a1Pregunta a nuestro experto en seguridad qu\u00edmica!<\/span><\/a>\n<p>\u00a0<\/p>\n<h4><span style=\"color: #333333;\">Otros servicios relacionados<\/span><\/h4>\n<ul>\n<li><a href=\"https:\/\/www.msds-europe.com\/es\/ficha-de-datos-de-seguridad-traduccion\/\">Servicios de traducci\u00f3n de fichas de datos de seguridad<\/a><\/li>\n<li><a href=\"https:\/\/www.msds-europe.com\/es\/sds-revision-actualizacion\/\">Revisi\u00f3n y actualizaci\u00f3n de FDS<\/a><\/li>\n<li><a href=\"https:\/\/www.msds-europe.com\/es\/compilacion-creacion-ficha-de-datos-de-seguridad\/\">Compilaci\u00f3n y creaci\u00f3n de una ficha de datos de seguridad<\/a><\/li>\n<li><a href=\"https:\/\/www.msds-europe.com\/es\/servicio-ufi\/#notificacion-pcn\">Notificaci\u00f3n a los centros toxicol\u00f3gicos (PCN) a trav\u00e9s del portal PCN<\/a><\/li>\n<\/ul>\n<p>&nbsp;<\/p>\n<h4><span style=\"color: #333333;\">Art\u00edculos destacados<\/span><\/h4>\n<ul>\n<li><a href=\"https:\/\/www.msds-europe.com\/es\/presentaci%c3%b3n-de-la-pcn\/\">Presentaci\u00f3n de la PCN<\/a><\/li>\n<li><a href=\"https:\/\/www.msds-europe.com\/es\/identificador-unico-de-formula-ufi\/\">Informaci\u00f3n sobre la aplicaci\u00f3n del UFI (identificador \u00fanico de la f\u00f3rmula)<\/a><\/li>\n<li><a href=\"https:\/\/www.msds-europe.com\/es\/obligaci%c3%b3n-de-notificaci%c3%b3n-para-el-inventario-de-clasificaci%c3%b3n-y-etiquetado\/\">Obligaci\u00f3n de notificaci\u00f3n para el inventario de clasificaci\u00f3n y etiquetado<\/a><\/li>\n<li><a href=\"https:\/\/www.msds-europe.com\/es\/proceso-de-trabajo-de-creacion-traduccion-de-ficha-de-datos-de-seguridad\/\">Proceso de trabajo de la creaci\u00f3n y traducci\u00f3n de una ficha de datos de seguridad<\/a><\/li>\n<\/ul>\n<p>&nbsp;<\/p>\n","protected":false},"excerpt":{"rendered":"<p>Las primeras 8 secciones de la FDS en detalle MSDS-Europe \u2013 Base de conocimientos sobre fichas de datos de seguridad \u2013 Preparaci\u00f3n de fichas de datos de seguridad \u2013 Parte 3: Las primeras 8 secciones de la FDS en detalle &nbsp; En las partes anteriores, analizamos por qu\u00e9 se necesita&#8230;<\/p>\n","protected":false},"author":2,"featured_media":0,"parent":0,"menu_order":0,"comment_status":"closed","ping_status":"closed","template":"","meta":{"_acf_changed":false,"footnotes":""},"tags":[360,253],"class_list":["post-31134","page","type-page","status-publish","hentry","tag-base-de-conocimiento-de-fichas-de-datos-de-seguridad-es","tag-ficha-de-datos-de-seguridad-es"],"acf":[],"yoast_head":"<!-- This site is optimized with the Yoast SEO plugin v27.2 - https:\/\/yoast.com\/product\/yoast-seo-wordpress\/ -->\n<title>Preparaci\u00f3n de FDS Parte 3: Las primeras 8 secciones<\/title>\n<meta name=\"description\" content=\"Secciones 1\u20138: desde la identificaci\u00f3n de la sustancia\/mezcla hasta las medidas de protecci\u00f3n en el lugar de trabajo.\" \/>\n<meta name=\"robots\" content=\"index, follow, max-snippet:-1, max-image-preview:large, max-video-preview:-1\" \/>\n<link rel=\"canonical\" href=\"https:\/\/www.msds-europe.com\/es\/preparacion-fds-primeras-8-secciones\/\" \/>\n<meta property=\"og:locale\" content=\"es_ES\" \/>\n<meta property=\"og:type\" content=\"article\" \/>\n<meta property=\"og:title\" content=\"Preparaci\u00f3n de FDS Parte 3: Las primeras 8 secciones\" \/>\n<meta property=\"og:description\" content=\"Secciones 1\u20138: desde la identificaci\u00f3n de la sustancia\/mezcla hasta las medidas de protecci\u00f3n en el lugar de trabajo.\" \/>\n<meta property=\"og:url\" content=\"https:\/\/www.msds-europe.com\/es\/preparacion-fds-primeras-8-secciones\/\" \/>\n<meta property=\"og:site_name\" content=\"MSDS Europe\" \/>\n<meta property=\"article:publisher\" content=\"https:\/\/www.facebook.com\/toxinfokft\/\" \/>\n<meta property=\"article:modified_time\" content=\"2026-02-26T13:23:46+00:00\" \/>\n<meta name=\"twitter:card\" content=\"summary_large_image\" \/>\n<meta name=\"twitter:site\" content=\"@ToxInfoKft\" \/>\n<meta name=\"twitter:label1\" content=\"Tiempo de lectura\" \/>\n\t<meta name=\"twitter:data1\" content=\"7 minutos\" \/>\n<script type=\"application\/ld+json\" class=\"yoast-schema-graph\">{\"@context\":\"https:\/\/schema.org\",\"@graph\":[{\"@type\":\"WebPage\",\"@id\":\"https:\/\/www.msds-europe.com\/es\/preparacion-fds-primeras-8-secciones\/\",\"url\":\"https:\/\/www.msds-europe.com\/es\/preparacion-fds-primeras-8-secciones\/\",\"name\":\"Preparaci\u00f3n de FDS Parte 3: Las primeras 8 secciones\",\"isPartOf\":{\"@id\":\"https:\/\/www.msds-europe.com\/es\/#website\"},\"datePublished\":\"2025-04-08T08:54:46+00:00\",\"dateModified\":\"2026-02-26T13:23:46+00:00\",\"description\":\"Secciones 1\u20138: desde la identificaci\u00f3n de la sustancia\/mezcla hasta las medidas de protecci\u00f3n en el lugar de trabajo.\",\"breadcrumb\":{\"@id\":\"https:\/\/www.msds-europe.com\/es\/preparacion-fds-primeras-8-secciones\/#breadcrumb\"},\"inLanguage\":\"es\",\"potentialAction\":[{\"@type\":\"ReadAction\",\"target\":[\"https:\/\/www.msds-europe.com\/es\/preparacion-fds-primeras-8-secciones\/\"]}]},{\"@type\":\"BreadcrumbList\",\"@id\":\"https:\/\/www.msds-europe.com\/es\/preparacion-fds-primeras-8-secciones\/#breadcrumb\",\"itemListElement\":[{\"@type\":\"ListItem\",\"position\":1,\"name\":\"F\u0151oldal\",\"item\":\"https:\/\/www.msds-europe.com\/es\/\"},{\"@type\":\"ListItem\",\"position\":2,\"name\":\"Preparaci\u00f3n de Fichas de Datos de Seguridad &#8211; Parte 3\"}]},{\"@type\":\"WebSite\",\"@id\":\"https:\/\/www.msds-europe.com\/es\/#website\",\"url\":\"https:\/\/www.msds-europe.com\/es\/\",\"name\":\"MSDS Europe\",\"description\":\"\",\"publisher\":{\"@id\":\"https:\/\/www.msds-europe.com\/es\/#organization\"},\"potentialAction\":[{\"@type\":\"SearchAction\",\"target\":{\"@type\":\"EntryPoint\",\"urlTemplate\":\"https:\/\/www.msds-europe.com\/es\/?s={search_term_string}\"},\"query-input\":{\"@type\":\"PropertyValueSpecification\",\"valueRequired\":true,\"valueName\":\"search_term_string\"}}],\"inLanguage\":\"es\"},{\"@type\":\"Organization\",\"@id\":\"https:\/\/www.msds-europe.com\/es\/#organization\",\"name\":\"MSDS-Europe International branch of ToxInfo\",\"url\":\"https:\/\/www.msds-europe.com\/es\/\",\"logo\":{\"@type\":\"ImageObject\",\"inLanguage\":\"es\",\"@id\":\"https:\/\/www.msds-europe.com\/es\/#\/schema\/logo\/image\/\",\"url\":\"https:\/\/www.msds-europe.com\/wp-content\/uploads\/2021\/04\/msds-europe-logo.jpg\",\"contentUrl\":\"https:\/\/www.msds-europe.com\/wp-content\/uploads\/2021\/04\/msds-europe-logo.jpg\",\"width\":2296,\"height\":1067,\"caption\":\"MSDS-Europe International branch of ToxInfo\"},\"image\":{\"@id\":\"https:\/\/www.msds-europe.com\/es\/#\/schema\/logo\/image\/\"},\"sameAs\":[\"https:\/\/www.facebook.com\/toxinfokft\/\",\"https:\/\/x.com\/ToxInfoKft\"]}]}<\/script>\n<!-- \/ Yoast SEO plugin. -->","yoast_head_json":{"title":"Preparaci\u00f3n de FDS Parte 3: Las primeras 8 secciones","description":"Secciones 1\u20138: desde la identificaci\u00f3n de la sustancia\/mezcla hasta las medidas de protecci\u00f3n en el lugar de trabajo.","robots":{"index":"index","follow":"follow","max-snippet":"max-snippet:-1","max-image-preview":"max-image-preview:large","max-video-preview":"max-video-preview:-1"},"canonical":"https:\/\/www.msds-europe.com\/es\/preparacion-fds-primeras-8-secciones\/","og_locale":"es_ES","og_type":"article","og_title":"Preparaci\u00f3n de FDS Parte 3: Las primeras 8 secciones","og_description":"Secciones 1\u20138: desde la identificaci\u00f3n de la sustancia\/mezcla hasta las medidas de protecci\u00f3n en el lugar de trabajo.","og_url":"https:\/\/www.msds-europe.com\/es\/preparacion-fds-primeras-8-secciones\/","og_site_name":"MSDS Europe","article_publisher":"https:\/\/www.facebook.com\/toxinfokft\/","article_modified_time":"2026-02-26T13:23:46+00:00","twitter_card":"summary_large_image","twitter_site":"@ToxInfoKft","twitter_misc":{"Tiempo de lectura":"7 minutos"},"schema":{"@context":"https:\/\/schema.org","@graph":[{"@type":"WebPage","@id":"https:\/\/www.msds-europe.com\/es\/preparacion-fds-primeras-8-secciones\/","url":"https:\/\/www.msds-europe.com\/es\/preparacion-fds-primeras-8-secciones\/","name":"Preparaci\u00f3n de FDS Parte 3: Las primeras 8 secciones","isPartOf":{"@id":"https:\/\/www.msds-europe.com\/es\/#website"},"datePublished":"2025-04-08T08:54:46+00:00","dateModified":"2026-02-26T13:23:46+00:00","description":"Secciones 1\u20138: desde la identificaci\u00f3n de la sustancia\/mezcla hasta las medidas de protecci\u00f3n en el lugar de trabajo.","breadcrumb":{"@id":"https:\/\/www.msds-europe.com\/es\/preparacion-fds-primeras-8-secciones\/#breadcrumb"},"inLanguage":"es","potentialAction":[{"@type":"ReadAction","target":["https:\/\/www.msds-europe.com\/es\/preparacion-fds-primeras-8-secciones\/"]}]},{"@type":"BreadcrumbList","@id":"https:\/\/www.msds-europe.com\/es\/preparacion-fds-primeras-8-secciones\/#breadcrumb","itemListElement":[{"@type":"ListItem","position":1,"name":"F\u0151oldal","item":"https:\/\/www.msds-europe.com\/es\/"},{"@type":"ListItem","position":2,"name":"Preparaci\u00f3n de Fichas de Datos de Seguridad &#8211; Parte 3"}]},{"@type":"WebSite","@id":"https:\/\/www.msds-europe.com\/es\/#website","url":"https:\/\/www.msds-europe.com\/es\/","name":"MSDS Europe","description":"","publisher":{"@id":"https:\/\/www.msds-europe.com\/es\/#organization"},"potentialAction":[{"@type":"SearchAction","target":{"@type":"EntryPoint","urlTemplate":"https:\/\/www.msds-europe.com\/es\/?s={search_term_string}"},"query-input":{"@type":"PropertyValueSpecification","valueRequired":true,"valueName":"search_term_string"}}],"inLanguage":"es"},{"@type":"Organization","@id":"https:\/\/www.msds-europe.com\/es\/#organization","name":"MSDS-Europe International branch of ToxInfo","url":"https:\/\/www.msds-europe.com\/es\/","logo":{"@type":"ImageObject","inLanguage":"es","@id":"https:\/\/www.msds-europe.com\/es\/#\/schema\/logo\/image\/","url":"https:\/\/www.msds-europe.com\/wp-content\/uploads\/2021\/04\/msds-europe-logo.jpg","contentUrl":"https:\/\/www.msds-europe.com\/wp-content\/uploads\/2021\/04\/msds-europe-logo.jpg","width":2296,"height":1067,"caption":"MSDS-Europe International branch of ToxInfo"},"image":{"@id":"https:\/\/www.msds-europe.com\/es\/#\/schema\/logo\/image\/"},"sameAs":["https:\/\/www.facebook.com\/toxinfokft\/","https:\/\/x.com\/ToxInfoKft"]}]}},"_links":{"self":[{"href":"https:\/\/www.msds-europe.com\/es\/wp-json\/wp\/v2\/pages\/31134","targetHints":{"allow":["GET"]}}],"collection":[{"href":"https:\/\/www.msds-europe.com\/es\/wp-json\/wp\/v2\/pages"}],"about":[{"href":"https:\/\/www.msds-europe.com\/es\/wp-json\/wp\/v2\/types\/page"}],"author":[{"embeddable":true,"href":"https:\/\/www.msds-europe.com\/es\/wp-json\/wp\/v2\/users\/2"}],"replies":[{"embeddable":true,"href":"https:\/\/www.msds-europe.com\/es\/wp-json\/wp\/v2\/comments?post=31134"}],"version-history":[{"count":9,"href":"https:\/\/www.msds-europe.com\/es\/wp-json\/wp\/v2\/pages\/31134\/revisions"}],"predecessor-version":[{"id":37883,"href":"https:\/\/www.msds-europe.com\/es\/wp-json\/wp\/v2\/pages\/31134\/revisions\/37883"}],"wp:attachment":[{"href":"https:\/\/www.msds-europe.com\/es\/wp-json\/wp\/v2\/media?parent=31134"}],"wp:term":[{"taxonomy":"post_tag","embeddable":true,"href":"https:\/\/www.msds-europe.com\/es\/wp-json\/wp\/v2\/tags?post=31134"}],"curies":[{"name":"wp","href":"https:\/\/api.w.org\/{rel}","templated":true}]}}