{"id":31080,"date":"2025-04-07T11:52:37","date_gmt":"2025-04-07T11:52:37","guid":{"rendered":"https:\/\/www.msds-europe.com\/?page_id=31080"},"modified":"2026-02-25T11:52:14","modified_gmt":"2026-02-25T11:52:14","slug":"preparacion-sds-introduccion-normativo","status":"publish","type":"page","link":"https:\/\/www.msds-europe.com\/es\/preparacion-sds-introduccion-normativo\/","title":{"rendered":"Preparaci\u00f3n de Fichas de Datos de Seguridad &#8211; Parte 1"},"content":{"rendered":"<h2><span style=\"color: #333333;\">Introducci\u00f3n y marco normativo<\/span><\/h2>\n<p style=\"text-align: right;\"><em><a href=\"https:\/\/www.msds-europe.com\/es\/\">MSDS-Europe<\/a> \u2013 <a href=\"https:\/\/www.msds-europe.com\/es\/base-conocimiento-ficha-de-datos-de-seguridad\/\">Base de conocimientos sobre fichas de datos de seguridad<\/a> \u2013 Preparaci\u00f3n de fichas de datos de seguridad \u2013 Parte 1: Introducci\u00f3n y marco normativo<\/em><\/p>\n<p>&nbsp;<\/p>\n<p style=\"text-align: justify;\">En nuestra serie de cinco partes, guiamos a los lectores paso a paso por el proceso de elaboraci\u00f3n de fichas de datos de seguridad (<strong>FDS<\/strong>). Explicamos qu\u00e9 es una FDS, por qu\u00e9 es importante y qu\u00e9 requisitos normativos le son aplicables (por ejemplo, los reglamentos REACH y CLP).<\/p>\n<p style=\"text-align: justify;\">Tambi\u00e9n abordamos cuestiones pr\u00e1cticas sobre la elaboraci\u00f3n de FDS: para sustancias y mezclas peligrosas, cu\u00e1ndo es obligatoria, qui\u00e9n es responsable de preparar la FDS, qu\u00e9 informaci\u00f3n debe contener y c\u00f3mo y en qu\u00e9 casos debe actualizarse.<\/p>\n<p style=\"text-align: justify;\">Adem\u00e1s de comprender el marco jur\u00eddico, es esencial conocer las <a href=\"https:\/\/www.msds-europe.com\/es\/sds-fuentes-informacion-bases-datos\/\">fuentes de informaci\u00f3n y bases de datos recomendadas para preparar FDS conformes<\/a>, que reunimos en una gu\u00eda aparte sobre bases de datos y fuentes oficiales.<\/p>\n<p style=\"text-align: justify;\"><em>(Esta gu\u00eda se basa en un documento oficial publicado el 7 de abril de 2021, disponible aqu\u00ed: <a href=\"https:\/\/www.echa.europa.eu\/documents\/10162\/2324906\/sds_es.pdf\/8141efc4-71b6-49a9-9bec-3e46602457b4\">Orientaci\u00f3n sobre la elaboraci\u00f3n de fichas de datos de seguridad<\/a> \u2013 ECHA, 2021.)<\/em><\/p>\n<p>&nbsp;<\/p>\n<h3 style=\"text-align: justify;\">\u00bfQu\u00e9 es una ficha de datos de seguridad (FDS)?<\/h3>\n<p style=\"text-align: justify;\">Una <a href=\"https:\/\/www.msds-europe.com\/es\/definici%c3%b3n-de-la-hoja-de-seguridad\/\">ficha de datos de seguridad<\/a> es un documento que proporciona informaci\u00f3n detallada sobre las propiedades, los peligros y el uso seguro de una sustancia o mezcla peligrosa.<\/p>\n<p style=\"text-align: justify;\">La finalidad de la FDS es <a href=\"https:\/\/www.msds-europe.com\/es\/informacion-sobre-fds-para-usuarios-aguas-abajo\/\">poner a disposici\u00f3n de los usuarios intermedios<\/a> (usuarios industriales o profesionales, trabajadores) y de las autoridades los datos necesarios para la manipulaci\u00f3n segura del producto. Toda sustancia o mezcla qu\u00edmica clasificada como peligrosa debe disponer de una ficha de datos de seguridad conforme a la normativa de la UE (y tambi\u00e9n en otros casos espec\u00edficos indicados por dicha normativa).<\/p>\n<p style=\"text-align: justify;\">La estructura estandarizada de <a href=\"https:\/\/www.msds-europe.com\/es\/contenido-y-elementos-formales-de-una-ficha-de-datos-de-seguridad\/\">16 secciones de la FDS<\/a> garantiza que la informaci\u00f3n importante relacionada con el producto se presente de forma clara y organizada.<\/p>\n<p style=\"text-align: justify;\"><strong>Estas 16 secciones abarcan, entre otros aspectos:<\/strong><\/p>\n<ul>\n<li style=\"text-align: justify;\">la identificaci\u00f3n del producto,<\/li>\n<li style=\"text-align: justify;\">la clasificaci\u00f3n de peligros,<\/li>\n<li style=\"text-align: justify;\">la composici\u00f3n,<\/li>\n<li style=\"text-align: justify;\">las medidas de primeros auxilios,<\/li>\n<li style=\"text-align: justify;\">las medidas de lucha contra incendios y las medidas en caso de vertido accidental,<\/li>\n<li style=\"text-align: justify;\">la manipulaci\u00f3n y el almacenamiento,<\/li>\n<li style=\"text-align: justify;\">los efectos sobre la salud humana y el medio ambiente,<\/li>\n<li style=\"text-align: justify;\">y la gesti\u00f3n de residuos.<\/li>\n<\/ul>\n<p style=\"text-align: justify;\">As\u00ed, una <a href=\"https:\/\/www.msds-europe.com\/es\/compilacion-creacion-ficha-de-datos-de-seguridad\/\">ficha de datos de seguridad bien elaborada<\/a> ayuda a prevenir accidentes y da\u00f1os a la salud, y adem\u00e1s respalda el cumplimiento normativo.<\/p>\n<p>&nbsp;<\/p>\n<h3 style=\"text-align: justify;\">Fundamento legal: reglamentos REACH y CLP<\/h3>\n<p style=\"text-align: justify;\">Los requisitos para las FDS est\u00e1n definidos principalmente por la normativa de sustancias qu\u00edmicas de la UE, en particular el <strong>Reglamento (CE) n.\u00ba 1907\/2006 (REACH)<\/strong>.<\/p>\n<p style=\"text-align: justify;\">El <strong>art\u00edculo 31 del REACH<\/strong> especifica en qu\u00e9 casos se debe proporcionar una ficha de datos de seguridad, y los requisitos detallados de contenido se establecen en el anexo II del REACH. El anexo II se <a href=\"https:\/\/www.msds-europe.com\/es\/periodo-de-validez-de-una-ficha-de-datos-de-seguridad\/\">actualiza peri\u00f3dicamente<\/a>; por ejemplo, el Reglamento (UE) 2020\/878 de la Comisi\u00f3n actualiz\u00f3 los requisitos sobre el contenido de las FDS (por ejemplo, introduciendo la inclusi\u00f3n de informaci\u00f3n sobre propiedades de alteraci\u00f3n endocrina). La gu\u00eda oficial en la que se basa esta serie de art\u00edculos tambi\u00e9n incorpora estos requisitos vigentes y proporciona consejos pr\u00e1cticos sobre c\u00f3mo aplicarlos.<\/p>\n<p style=\"text-align: justify;\">\u00cdntimamente relacionado con este tema est\u00e1 el <strong>Reglamento (CE) n.\u00ba 1272\/2008 (CLP)<\/strong>, que se refiere a la clasificaci\u00f3n, el etiquetado y el envasado de sustancias y mezclas qu\u00edmicas.<\/p>\n<p style=\"text-align: justify;\"><strong>La secci\u00f3n 2 de la ficha de datos de seguridad<\/strong> debe proporcionar la clasificaci\u00f3n y los <a href=\"https:\/\/www.msds-europe.com\/es\/la-etiqueta-clp-etiquetado-en-la-practica\/\">elementos de etiquetado<\/a> de acuerdo con el Reglamento CLP. Por lo tanto, elaborar una FDS requiere estar familiarizado con las <strong>clases y categor\u00edas de peligro<\/strong> del CLP, los <a href=\"https:\/\/www.msds-europe.com\/es\/pictogramas-de-peligro\/\">pictogramas de peligro<\/a>, las <a href=\"https:\/\/www.msds-europe.com\/es\/indicaciones-de-peligro-h\/\">indicaciones de peligro<\/a> (<strong>frases H<\/strong>) y los <a href=\"https:\/\/www.msds-europe.com\/es\/prudencia-p\/\">consejos de prudencia<\/a> (<strong>frases P<\/strong>).<\/p>\n<p style=\"text-align: justify;\">En conjunto, los reglamentos REACH y CLP garantizan que la informaci\u00f3n relacionada con las sustancias peligrosas se transmita en un formato uniforme a todas las personas que trabajan con el producto.<\/p>\n<p>&nbsp;<\/p>\n<p><em>Otras partes de la serie:<\/em><\/p>\n<ul>\n<li style=\"text-align: justify;\"><a href=\"https:\/\/www.msds-europe.com\/es\/responsabilidades-proceso-elaboracion-sds\/\"><em>Preparaci\u00f3n de fichas de datos de seguridad \u2013 Parte 2: Responsabilidades y proceso de elaboraci\u00f3n de la FDS<\/em><\/a><\/li>\n<li style=\"text-align: justify;\"><a href=\"https:\/\/www.msds-europe.com\/es\/preparacion-fds-primeras-8-secciones\/\"><em>Preparaci\u00f3n de fichas de datos de seguridad \u2013 Parte 3: Las primeras 8 secciones de la FDS en detalle<\/em><\/a><\/li>\n<li style=\"text-align: justify;\"><a href=\"https:\/\/www.msds-europe.com\/es\/preparacion-fds-9-16-secciones\/\"><em>Preparaci\u00f3n de fichas de datos de seguridad \u2013 Parte 4: Las secciones restantes de la FDS (9\u201316)<\/em><\/a><\/li>\n<li style=\"text-align: justify;\"><a href=\"https:\/\/www.msds-europe.com\/es\/sds-preparacion-buenas-practicas\/\"><em>Preparaci\u00f3n de fichas de datos de seguridad \u2013 Parte 5: Casos especiales y buenas pr\u00e1cticas<\/em><\/a><\/li>\n<\/ul>\n<p>&nbsp;<\/p>\n<h4>Consulta en l\u00ednea gratuita<\/h4>\n<p style=\"text-align: justify;\">Si no ha encontrado la informaci\u00f3n que necesitaba en nuestro sitio web, puede enviar sus preguntas sobre fichas de datos de seguridad directamente a nuestro experto.<\/p>\n<p style=\"text-align: justify;\">Para enviar sus consultas, utilice la siguiente aplicaci\u00f3n de mensajer\u00eda:<\/p>\n<a href=\"https:\/\/www.msds-europe.com\/es\/consulta-linea\/\" class=\"su-button su-button-style-default\" style=\"color:#ffffff;background-color:#ef552d;border-color:#c04424;border-radius:6px\" target=\"_self\"><span style=\"color:#ffffff;padding:0px 18px;font-size:14px;line-height:28px;border-color:#f4886c;border-radius:6px;text-shadow:0px 0px 2px #ffffff\"> \u00a1Pregunta a nuestro experto en seguridad qu\u00edmica!<\/span><\/a>\n<p>\u00a0<\/p>\n<h4><span style=\"color: #333333;\">Otros servicios relacionados<\/span><\/h4>\n<ul>\n<li><a href=\"https:\/\/www.msds-europe.com\/es\/ficha-de-datos-de-seguridad-traduccion\/\">Servicios de traducci\u00f3n de fichas de datos de seguridad<\/a><\/li>\n<li><a href=\"https:\/\/www.msds-europe.com\/es\/sds-revision-actualizacion\/\">Revisi\u00f3n y actualizaci\u00f3n de FDS<\/a><\/li>\n<li><a href=\"https:\/\/www.msds-europe.com\/es\/compilacion-creacion-ficha-de-datos-de-seguridad\/\">Compilaci\u00f3n y creaci\u00f3n de una ficha de datos de seguridad<\/a><\/li>\n<li><a href=\"https:\/\/www.msds-europe.com\/es\/servicio-ufi\/#notificacion-pcn\">Notificaci\u00f3n a los centros toxicol\u00f3gicos (PCN) a trav\u00e9s del portal PCN<\/a><\/li>\n<\/ul>\n<p>&nbsp;<\/p>\n<h4><span style=\"color: #333333;\">Art\u00edculos destacados<\/span><\/h4>\n<ul>\n<li><a href=\"https:\/\/www.msds-europe.com\/es\/presentaci%c3%b3n-de-la-pcn\/\">Presentaci\u00f3n de la PCN<\/a><\/li>\n<li><a href=\"https:\/\/www.msds-europe.com\/es\/identificador-unico-de-formula-ufi\/\">Informaci\u00f3n sobre la aplicaci\u00f3n del UFI (identificador \u00fanico de la f\u00f3rmula)<\/a><\/li>\n<li><a href=\"https:\/\/www.msds-europe.com\/es\/obligaci%c3%b3n-de-notificaci%c3%b3n-para-el-inventario-de-clasificaci%c3%b3n-y-etiquetado\/\">Obligaci\u00f3n de notificaci\u00f3n para el inventario de clasificaci\u00f3n y etiquetado<\/a><\/li>\n<li><a href=\"https:\/\/www.msds-europe.com\/es\/proceso-de-trabajo-de-creacion-traduccion-de-ficha-de-datos-de-seguridad\/\">Proceso de trabajo de la creaci\u00f3n y traducci\u00f3n de una ficha de datos de seguridad<\/a><\/li>\n<\/ul>\n<p>&nbsp;<\/p>\n","protected":false},"excerpt":{"rendered":"<p>Introducci\u00f3n y marco normativo MSDS-Europe \u2013 Base de conocimientos sobre fichas de datos de seguridad \u2013 Preparaci\u00f3n de fichas de datos de seguridad \u2013 Parte 1: Introducci\u00f3n y marco normativo &nbsp; En nuestra serie de cinco partes, guiamos a los lectores paso a paso por el proceso de elaboraci\u00f3n de&#8230;<\/p>\n","protected":false},"author":2,"featured_media":0,"parent":0,"menu_order":0,"comment_status":"closed","ping_status":"closed","template":"","meta":{"_acf_changed":false,"footnotes":""},"tags":[360,253],"class_list":["post-31080","page","type-page","status-publish","hentry","tag-base-de-conocimiento-de-fichas-de-datos-de-seguridad-es","tag-ficha-de-datos-de-seguridad-es"],"acf":[],"yoast_head":"<!-- This site is optimized with the Yoast SEO plugin v27.2 - https:\/\/yoast.com\/product\/yoast-seo-wordpress\/ -->\n<title>Preparaci\u00f3n de SDS - Parte 1: Introducci\u00f3n y marco normativo<\/title>\n<meta name=\"description\" content=\"Concepto e importancia de la Ficha de Datos de Seguridad (FDS) y su base legal seg\u00fan los reglamentos REACH y CLP.\" \/>\n<meta name=\"robots\" content=\"index, follow, max-snippet:-1, max-image-preview:large, max-video-preview:-1\" \/>\n<link rel=\"canonical\" href=\"https:\/\/www.msds-europe.com\/es\/preparacion-sds-introduccion-normativo\/\" \/>\n<meta property=\"og:locale\" content=\"es_ES\" \/>\n<meta property=\"og:type\" content=\"article\" \/>\n<meta property=\"og:title\" content=\"Preparaci\u00f3n de SDS - Parte 1: Introducci\u00f3n y marco normativo\" \/>\n<meta property=\"og:description\" content=\"Concepto e importancia de la Ficha de Datos de Seguridad (FDS) y su base legal seg\u00fan los reglamentos REACH y CLP.\" \/>\n<meta property=\"og:url\" content=\"https:\/\/www.msds-europe.com\/es\/preparacion-sds-introduccion-normativo\/\" \/>\n<meta property=\"og:site_name\" content=\"MSDS Europe\" \/>\n<meta property=\"article:publisher\" content=\"https:\/\/www.facebook.com\/toxinfokft\/\" \/>\n<meta property=\"article:modified_time\" content=\"2026-02-25T11:52:14+00:00\" \/>\n<meta name=\"twitter:card\" content=\"summary_large_image\" \/>\n<meta name=\"twitter:site\" content=\"@ToxInfoKft\" \/>\n<meta name=\"twitter:label1\" content=\"Tiempo de lectura\" \/>\n\t<meta name=\"twitter:data1\" content=\"4 minutos\" \/>\n<script type=\"application\/ld+json\" class=\"yoast-schema-graph\">{\"@context\":\"https:\/\/schema.org\",\"@graph\":[{\"@type\":\"WebPage\",\"@id\":\"https:\/\/www.msds-europe.com\/es\/preparacion-sds-introduccion-normativo\/\",\"url\":\"https:\/\/www.msds-europe.com\/es\/preparacion-sds-introduccion-normativo\/\",\"name\":\"Preparaci\u00f3n de SDS - Parte 1: Introducci\u00f3n y marco normativo\",\"isPartOf\":{\"@id\":\"https:\/\/www.msds-europe.com\/es\/#website\"},\"datePublished\":\"2025-04-07T11:52:37+00:00\",\"dateModified\":\"2026-02-25T11:52:14+00:00\",\"description\":\"Concepto e importancia de la Ficha de Datos de Seguridad (FDS) y su base legal seg\u00fan los reglamentos REACH y CLP.\",\"breadcrumb\":{\"@id\":\"https:\/\/www.msds-europe.com\/es\/preparacion-sds-introduccion-normativo\/#breadcrumb\"},\"inLanguage\":\"es\",\"potentialAction\":[{\"@type\":\"ReadAction\",\"target\":[\"https:\/\/www.msds-europe.com\/es\/preparacion-sds-introduccion-normativo\/\"]}]},{\"@type\":\"BreadcrumbList\",\"@id\":\"https:\/\/www.msds-europe.com\/es\/preparacion-sds-introduccion-normativo\/#breadcrumb\",\"itemListElement\":[{\"@type\":\"ListItem\",\"position\":1,\"name\":\"F\u0151oldal\",\"item\":\"https:\/\/www.msds-europe.com\/es\/\"},{\"@type\":\"ListItem\",\"position\":2,\"name\":\"Preparaci\u00f3n de Fichas de Datos de Seguridad &#8211; Parte 1\"}]},{\"@type\":\"WebSite\",\"@id\":\"https:\/\/www.msds-europe.com\/es\/#website\",\"url\":\"https:\/\/www.msds-europe.com\/es\/\",\"name\":\"MSDS Europe\",\"description\":\"\",\"publisher\":{\"@id\":\"https:\/\/www.msds-europe.com\/es\/#organization\"},\"potentialAction\":[{\"@type\":\"SearchAction\",\"target\":{\"@type\":\"EntryPoint\",\"urlTemplate\":\"https:\/\/www.msds-europe.com\/es\/?s={search_term_string}\"},\"query-input\":{\"@type\":\"PropertyValueSpecification\",\"valueRequired\":true,\"valueName\":\"search_term_string\"}}],\"inLanguage\":\"es\"},{\"@type\":\"Organization\",\"@id\":\"https:\/\/www.msds-europe.com\/es\/#organization\",\"name\":\"MSDS-Europe International branch of ToxInfo\",\"url\":\"https:\/\/www.msds-europe.com\/es\/\",\"logo\":{\"@type\":\"ImageObject\",\"inLanguage\":\"es\",\"@id\":\"https:\/\/www.msds-europe.com\/es\/#\/schema\/logo\/image\/\",\"url\":\"https:\/\/www.msds-europe.com\/wp-content\/uploads\/2021\/04\/msds-europe-logo.jpg\",\"contentUrl\":\"https:\/\/www.msds-europe.com\/wp-content\/uploads\/2021\/04\/msds-europe-logo.jpg\",\"width\":2296,\"height\":1067,\"caption\":\"MSDS-Europe International branch of ToxInfo\"},\"image\":{\"@id\":\"https:\/\/www.msds-europe.com\/es\/#\/schema\/logo\/image\/\"},\"sameAs\":[\"https:\/\/www.facebook.com\/toxinfokft\/\",\"https:\/\/x.com\/ToxInfoKft\"]}]}<\/script>\n<!-- \/ Yoast SEO plugin. -->","yoast_head_json":{"title":"Preparaci\u00f3n de SDS - Parte 1: Introducci\u00f3n y marco normativo","description":"Concepto e importancia de la Ficha de Datos de Seguridad (FDS) y su base legal seg\u00fan los reglamentos REACH y CLP.","robots":{"index":"index","follow":"follow","max-snippet":"max-snippet:-1","max-image-preview":"max-image-preview:large","max-video-preview":"max-video-preview:-1"},"canonical":"https:\/\/www.msds-europe.com\/es\/preparacion-sds-introduccion-normativo\/","og_locale":"es_ES","og_type":"article","og_title":"Preparaci\u00f3n de SDS - Parte 1: Introducci\u00f3n y marco normativo","og_description":"Concepto e importancia de la Ficha de Datos de Seguridad (FDS) y su base legal seg\u00fan los reglamentos REACH y CLP.","og_url":"https:\/\/www.msds-europe.com\/es\/preparacion-sds-introduccion-normativo\/","og_site_name":"MSDS Europe","article_publisher":"https:\/\/www.facebook.com\/toxinfokft\/","article_modified_time":"2026-02-25T11:52:14+00:00","twitter_card":"summary_large_image","twitter_site":"@ToxInfoKft","twitter_misc":{"Tiempo de lectura":"4 minutos"},"schema":{"@context":"https:\/\/schema.org","@graph":[{"@type":"WebPage","@id":"https:\/\/www.msds-europe.com\/es\/preparacion-sds-introduccion-normativo\/","url":"https:\/\/www.msds-europe.com\/es\/preparacion-sds-introduccion-normativo\/","name":"Preparaci\u00f3n de SDS - Parte 1: Introducci\u00f3n y marco normativo","isPartOf":{"@id":"https:\/\/www.msds-europe.com\/es\/#website"},"datePublished":"2025-04-07T11:52:37+00:00","dateModified":"2026-02-25T11:52:14+00:00","description":"Concepto e importancia de la Ficha de Datos de Seguridad (FDS) y su base legal seg\u00fan los reglamentos REACH y CLP.","breadcrumb":{"@id":"https:\/\/www.msds-europe.com\/es\/preparacion-sds-introduccion-normativo\/#breadcrumb"},"inLanguage":"es","potentialAction":[{"@type":"ReadAction","target":["https:\/\/www.msds-europe.com\/es\/preparacion-sds-introduccion-normativo\/"]}]},{"@type":"BreadcrumbList","@id":"https:\/\/www.msds-europe.com\/es\/preparacion-sds-introduccion-normativo\/#breadcrumb","itemListElement":[{"@type":"ListItem","position":1,"name":"F\u0151oldal","item":"https:\/\/www.msds-europe.com\/es\/"},{"@type":"ListItem","position":2,"name":"Preparaci\u00f3n de Fichas de Datos de Seguridad &#8211; Parte 1"}]},{"@type":"WebSite","@id":"https:\/\/www.msds-europe.com\/es\/#website","url":"https:\/\/www.msds-europe.com\/es\/","name":"MSDS Europe","description":"","publisher":{"@id":"https:\/\/www.msds-europe.com\/es\/#organization"},"potentialAction":[{"@type":"SearchAction","target":{"@type":"EntryPoint","urlTemplate":"https:\/\/www.msds-europe.com\/es\/?s={search_term_string}"},"query-input":{"@type":"PropertyValueSpecification","valueRequired":true,"valueName":"search_term_string"}}],"inLanguage":"es"},{"@type":"Organization","@id":"https:\/\/www.msds-europe.com\/es\/#organization","name":"MSDS-Europe International branch of ToxInfo","url":"https:\/\/www.msds-europe.com\/es\/","logo":{"@type":"ImageObject","inLanguage":"es","@id":"https:\/\/www.msds-europe.com\/es\/#\/schema\/logo\/image\/","url":"https:\/\/www.msds-europe.com\/wp-content\/uploads\/2021\/04\/msds-europe-logo.jpg","contentUrl":"https:\/\/www.msds-europe.com\/wp-content\/uploads\/2021\/04\/msds-europe-logo.jpg","width":2296,"height":1067,"caption":"MSDS-Europe International branch of ToxInfo"},"image":{"@id":"https:\/\/www.msds-europe.com\/es\/#\/schema\/logo\/image\/"},"sameAs":["https:\/\/www.facebook.com\/toxinfokft\/","https:\/\/x.com\/ToxInfoKft"]}]}},"_links":{"self":[{"href":"https:\/\/www.msds-europe.com\/es\/wp-json\/wp\/v2\/pages\/31080","targetHints":{"allow":["GET"]}}],"collection":[{"href":"https:\/\/www.msds-europe.com\/es\/wp-json\/wp\/v2\/pages"}],"about":[{"href":"https:\/\/www.msds-europe.com\/es\/wp-json\/wp\/v2\/types\/page"}],"author":[{"embeddable":true,"href":"https:\/\/www.msds-europe.com\/es\/wp-json\/wp\/v2\/users\/2"}],"replies":[{"embeddable":true,"href":"https:\/\/www.msds-europe.com\/es\/wp-json\/wp\/v2\/comments?post=31080"}],"version-history":[{"count":13,"href":"https:\/\/www.msds-europe.com\/es\/wp-json\/wp\/v2\/pages\/31080\/revisions"}],"predecessor-version":[{"id":37846,"href":"https:\/\/www.msds-europe.com\/es\/wp-json\/wp\/v2\/pages\/31080\/revisions\/37846"}],"wp:attachment":[{"href":"https:\/\/www.msds-europe.com\/es\/wp-json\/wp\/v2\/media?parent=31080"}],"wp:term":[{"taxonomy":"post_tag","embeddable":true,"href":"https:\/\/www.msds-europe.com\/es\/wp-json\/wp\/v2\/tags?post=31080"}],"curies":[{"name":"wp","href":"https:\/\/api.w.org\/{rel}","templated":true}]}}