{"id":28163,"date":"2023-02-14T13:34:34","date_gmt":"2023-02-14T13:34:34","guid":{"rendered":"https:\/\/www.msds-europe.com\/?page_id=28163"},"modified":"2026-03-19T10:55:16","modified_gmt":"2026-03-19T10:55:16","slug":"periodo-de-validez-de-una-ficha-de-datos-de-seguridad","status":"publish","type":"page","link":"https:\/\/www.msds-europe.com\/es\/periodo-de-validez-de-una-ficha-de-datos-de-seguridad\/","title":{"rendered":"Periodo de validez de una ficha de datos de seguridad"},"content":{"rendered":"<p style=\"text-align: right;\"><em><a href=\"https:\/\/www.msds-europe.com\/es\/base-conocimiento-ficha-de-datos-de-seguridad\/\">Base de conocimientos sobre fichas de datos de seguridad<\/a> \u2013 Per\u00edodo de validez de una ficha de datos de seguridad<\/em><\/p>\n<p style=\"text-align: justify;\"><strong><a href=\"https:\/\/www.msds-europe.com\/es\/pfas-2025-2026-obligaciones-ue-empresas\/\">La revisi\u00f3n o actualizaci\u00f3n de una FDS es esencial<\/a> para garantizar que la informaci\u00f3n contenida en el documento sea precisa y est\u00e9 actualizada.<\/strong><\/p>\n<p>&nbsp;<\/p>\n<ul>\n<li><a href=\"#validez\">Per\u00edodo de validez<\/a><\/li>\n<li><a href=\"#revisi\u00f3n\">Es necesario revisar la ficha de datos de seguridad<\/a><\/li>\n<li><a href=\"#revisadas\">Normas para las fichas de datos de seguridad revisadas<\/a><\/li>\n<li><a href=\"#responsables\">Los empleadores y los fabricantes son responsables<\/a><\/li>\n<li><a href=\"#conclusi\u00f3n\">En conclusi\u00f3n<\/a><\/li>\n<\/ul>\n<p>&nbsp;<\/p>\n<p><a name=\"validez\"><\/a><\/p>\n<h2 style=\"text-align: justify;\">Per\u00edodo de validez<\/h2>\n<p style=\"text-align: justify;\"><strong>\u00bfDurante cu\u00e1nto tiempo puede considerarse \u201cv\u00e1lida\u201d una ficha de datos de seguridad?<\/strong><\/p>\n<p style=\"text-align: justify;\">Las <a href=\"https:\/\/www.msds-europe.com\/es\/definici%c3%b3n-de-la-hoja-de-seguridad\/\">fichas de datos de seguridad<\/a> no tienen \u201cfecha de caducidad\u201d en la UE. La validez (conformidad) de una ficha de datos de seguridad no depende de su fecha de emisi\u00f3n o de revisi\u00f3n, sino de si <strong>cumple o no<\/strong> la normativa aplicable vigente.<\/p>\n<p style=\"text-align: justify;\">A partir del 1 de enero de 2021, las fichas de datos de seguridad deben emitirse o revisarse de conformidad con los requisitos de contenido y formato del <strong>Reglamento (UE) 2020\/878<\/strong> (anexo II del REACH, modificado).<\/p>\n<p style=\"text-align: justify;\">Esto no significa que solo sean v\u00e1lidas las fichas de datos de seguridad con fecha de revisi\u00f3n del 1 de enero de 2021.<\/p>\n<p style=\"text-align: justify;\">Las fichas de datos de seguridad que no cumpl\u00edan el <a href=\"https:\/\/www.msds-europe.com\/es\/cambios-reguladores-seguridad-quimica\/\">Reglamento (UE) 2020\/878<\/a> (pero s\u00ed el Reglamento (UE) 2015\/830) pod\u00edan suministrarse para su uso hasta el <strong>31 de diciembre de 2022<\/strong>.<\/p>\n<p style=\"text-align: right;\"><a href=\"https:\/\/www.msds-europe.com\/es\/contenido-y-elementos-formales-de-una-ficha-de-datos-de-seguridad\/\"><em>Muestra de ficha de datos de seguridad descargable (UE) 2020\/878<\/em><\/a><\/p>\n<p>&nbsp;<\/p>\n<p><a name=\"revisi\u00f3n\"><\/a><\/p>\n<h2 style=\"text-align: justify;\">Es necesario revisar la ficha de datos de seguridad<\/h2>\n<p style=\"text-align: justify;\">La <a href=\"https:\/\/www.msds-europe.com\/es\/sds-revision-actualizacion\/\">revisi\u00f3n y actualizaci\u00f3n de las fichas de datos de seguridad<\/a> no est\u00e1n predeterminadas (no existe ning\u00fan requisito de que las fichas de datos deban revisarse anualmente, cada dos a\u00f1os o cada cinco a\u00f1os).<\/p>\n<p style=\"text-align: justify;\">La revisi\u00f3n es necesaria en todos los casos en los que exista nueva informaci\u00f3n relevante sobre el producto. La ficha de datos de seguridad debe revisarse <strong>sin demora<\/strong>, de conformidad con el art\u00edculo 31(9) del REACH, por ejemplo si:<\/p>\n<ul>\n<li style=\"text-align: justify;\">existe nueva informaci\u00f3n que pueda afectar a las <strong>medidas de gesti\u00f3n del riesgo<\/strong>,<\/li>\n<li style=\"text-align: justify;\">se dispone de nueva informaci\u00f3n sobre los peligros (por ejemplo, una nueva <strong>clasificaci\u00f3n de peligros<\/strong> conforme al CLP),<\/li>\n<li style=\"text-align: justify;\">se ha concedido o denegado una autorizaci\u00f3n (por ejemplo, inclusi\u00f3n en el anexo XIV del REACH como sustancia sujeta a autorizaci\u00f3n),<\/li>\n<li style=\"text-align: justify;\">se ha impuesto una restricci\u00f3n a la sustancia (anexo XVII del REACH).<\/li>\n<\/ul>\n<p>&nbsp;<\/p>\n<p><a name=\"revisadas\"><\/a><\/p>\n<h2 style=\"text-align: justify;\">Normas para las fichas de datos de seguridad revisadas (actualizadas)<\/h2>\n<p style=\"text-align: justify;\">La ficha de datos de seguridad revisada debe enviarse a todos los destinatarios que hayan recibido la sustancia o la mezcla en los \u00faltimos 12 meses, <strong>sin solicitud previa<\/strong> y de forma gratuita, en papel o en <strong>formato electr\u00f3nico<\/strong>. La ficha de datos de seguridad revisada debe indicar la fecha de la actualizaci\u00f3n m\u00e1s reciente.<\/p>\n<p style=\"text-align: justify;\">La fecha de emisi\u00f3n de la ficha de datos de seguridad debe aparecer en la primera p\u00e1gina. Al suministrar una versi\u00f3n revisada a los destinatarios, debe llamarse su atenci\u00f3n sobre los cambios, normalmente en la secci\u00f3n 16 (si no se indican en otro lugar).<\/p>\n<p style=\"text-align: justify;\">En el caso de fichas de datos de seguridad revisadas, la fecha de revisi\u00f3n (por ejemplo, \u00abRevisi\u00f3n: (fecha)\u00bb) y un identificador de versi\u00f3n (n\u00famero de versi\u00f3n, n\u00famero de revisi\u00f3n, fecha de sustituci\u00f3n u otra indicaci\u00f3n clara de qu\u00e9 versi\u00f3n se reemplaza) deben figurar en la <a href=\"https:\/\/www.msds-europe.com\/es\/contenido-y-elementos-formales-de-una-ficha-de-datos-de-seguridad\/\">primera p\u00e1gina<\/a>.<\/p>\n<p>&nbsp;<\/p>\n<p><a name=\"responsables\"><\/a><\/p>\n<h2 style=\"text-align: justify;\">Los empleadores y los fabricantes son responsables<\/h2>\n<p style=\"text-align: justify;\">Los empleadores y los fabricantes son responsables de garantizar que la FDS de sus productos sea actual y precisa. Esto incluye revisar o actualizar la FDS cuando sea necesario y proporcionar a sus empleados la informaci\u00f3n m\u00e1s reciente sobre los riesgos asociados con el producto.<\/p>\n<p style=\"text-align: justify;\">La falta de actualizaci\u00f3n oportuna de la FDS puede conllevar incumplimientos normativos y posibles riesgos para la seguridad de los empleados y de los consumidores.<\/p>\n<p>&nbsp;<\/p>\n<p><a name=\"conclusi\u00f3n\"><\/a><\/p>\n<h2 style=\"text-align: justify;\">En conclusi\u00f3n<\/h2>\n<p style=\"text-align: justify;\">La revisi\u00f3n o actualizaci\u00f3n de una FDS es esencial para garantizar la seguridad de los trabajadores, los consumidores y el medio ambiente. Los empleadores y los fabricantes deben priorizar la seguridad asegur\u00e1ndose de que sus productos est\u00e9n acompa\u00f1ados de FDS precisas y actualizadas, y de que se revisen o actualicen <strong>cuando proceda<\/strong> (por ejemplo, cuando haya nueva informaci\u00f3n relevante o cambie la normativa aplicable).<\/p>\n<p>&nbsp;<\/p>\n<h4><span style=\"color: #333333;\">Art\u00edculos recomendados<\/span><\/h4>\n<ul>\n<li>Descripci\u00f3n del flujo de trabajo que <a href=\"https:\/\/www.msds-europe.com\/es\/proceso-de-trabajo-de-creacion-traduccion-de-ficha-de-datos-de-seguridad\/\">nuestra empresa utiliza durante<\/a> la traducci\u00f3n de la ficha de datos de seguridad.<\/li>\n<li>Presentaci\u00f3n de la <a href=\"https:\/\/www.msds-europe.com\/es\/presentaci%c3%b3n-de-la-pcn\/\">PCN<\/a><\/li>\n<li>Informaci\u00f3n sobre la aplicaci\u00f3n del <a href=\"https:\/\/www.msds-europe.com\/es\/identificador-unico-de-formula-ufi\/\">UFI<\/a> (identificador \u00fanico de la f\u00f3rmula)<\/li>\n<\/ul>\n<p>&nbsp;<\/p>\n<h4><span style=\"color: #333333;\">Servicios ofrecidos<\/span><\/h4>\n<ul>\n<li><a href=\"https:\/\/www.msds-europe.com\/es\/compilacion-creacion-ficha-de-datos-de-seguridad\/\">Compilaci\u00f3n y creaci\u00f3n de una ficha de datos de seguridad<\/a><\/li>\n<li><a href=\"https:\/\/www.msds-europe.com\/es\/creacion-proyecto-de-etiqueta\/\">Creaci\u00f3n del proyecto de etiqueta<\/a><\/li>\n<li><a href=\"https:\/\/www.msds-europe.com\/es\/ficha-de-datos-de-seguridad-traduccion\/\">Traducci\u00f3n de la ficha de datos de seguridad<\/a><\/li>\n<\/ul>\n<p>&nbsp;<\/p>\n<h4><span style=\"color: #333333;\">Preguntas frecuentes y respuestas<\/span><\/h4>\n<div class=\"su-spoiler su-spoiler-style-fancy su-spoiler-icon-chevron su-spoiler-closed\" data-scroll-offset=\"0\" data-anchor-in-url=\"no\"><div class=\"su-spoiler-title\" tabindex=\"0\" role=\"button\"><span class=\"su-spoiler-icon\"><\/span>\u00bfCu\u00e1ndo debe actualizarse inmediatamente la ficha de datos de seguridad?<\/div><div class=\"su-spoiler-content su-u-clearfix su-u-trim\">\nEn cuanto haya nueva informaci\u00f3n que afecte a las medidas de gesti\u00f3n del riesgo, a la clasificaci\u00f3n de peligros o se adopte una decisi\u00f3n de autorizaci\u00f3n\/restricci\u00f3n sobre la sustancia.<br \/>\n<\/div><\/div>\n<div class=\"su-spoiler su-spoiler-style-fancy su-spoiler-icon-chevron su-spoiler-closed\" data-scroll-offset=\"0\" data-anchor-in-url=\"no\"><div class=\"su-spoiler-title\" tabindex=\"0\" role=\"button\"><span class=\"su-spoiler-icon\"><\/span>\u00bfQu\u00e9 hace \u00abv\u00e1lida\u00bb una ficha de datos de seguridad si no tiene fecha de caducidad?<\/div><div class=\"su-spoiler-content su-u-clearfix su-u-trim\">\nQue su contenido y formato cumplan la legislaci\u00f3n vigente aplicable (actualmente, el Reglamento (UE) 2020\/878 para el anexo II del REACH).<br \/>\n<\/div><\/div>\n<div class=\"su-spoiler su-spoiler-style-fancy su-spoiler-icon-chevron su-spoiler-closed\" data-scroll-offset=\"0\" data-anchor-in-url=\"no\"><div class=\"su-spoiler-title\" tabindex=\"0\" role=\"button\"><span class=\"su-spoiler-icon\"><\/span>\u00bfA qui\u00e9n debe enviarse la ficha de datos de seguridad actualizada y en qu\u00e9 plazo?<\/div><div class=\"su-spoiler-content su-u-clearfix su-u-trim\">\nA todos los destinatarios a los que se haya suministrado la sustancia o mezcla en los \u00faltimos 12 meses, de forma gratuita y sin solicitud previa, en papel o electr\u00f3nicamente.<br \/>\n<\/div><\/div>\n","protected":false},"excerpt":{"rendered":"<p>Base de conocimientos sobre fichas de datos de seguridad \u2013 Per\u00edodo de validez de una ficha de datos de seguridad La revisi\u00f3n o actualizaci\u00f3n de una FDS es esencial para garantizar que la informaci\u00f3n contenida en el documento sea precisa y est\u00e9 actualizada. &nbsp; Per\u00edodo de validez Es necesario revisar&#8230;<\/p>\n","protected":false},"author":2,"featured_media":0,"parent":0,"menu_order":0,"comment_status":"closed","ping_status":"closed","template":"","meta":{"_acf_changed":false,"footnotes":""},"tags":[360,253],"class_list":["post-28163","page","type-page","status-publish","hentry","tag-base-de-conocimiento-de-fichas-de-datos-de-seguridad-es","tag-ficha-de-datos-de-seguridad-es"],"acf":[],"yoast_head":"<!-- This site is optimized with the Yoast SEO plugin v27.2 - https:\/\/yoast.com\/product\/yoast-seo-wordpress\/ -->\n<title>Periodo de validez de una ficha de datos de seguridad<\/title>\n<meta name=\"description\" content=\"\u00bfCu\u00e1l es el periodo de validez de una ficha de datos de seguridad? Nuestro experto responde: no hay per\u00edodo de validez en la UE, pero...\" \/>\n<meta name=\"robots\" content=\"index, follow, max-snippet:-1, max-image-preview:large, max-video-preview:-1\" \/>\n<link rel=\"canonical\" href=\"https:\/\/www.msds-europe.com\/es\/periodo-de-validez-de-una-ficha-de-datos-de-seguridad\/\" \/>\n<meta property=\"og:locale\" content=\"es_ES\" \/>\n<meta property=\"og:type\" content=\"article\" \/>\n<meta property=\"og:title\" content=\"Periodo de validez de una ficha de datos de seguridad\" \/>\n<meta property=\"og:description\" content=\"\u00bfCu\u00e1l es el periodo de validez de una ficha de datos de seguridad? Nuestro experto responde: no hay per\u00edodo de validez en la UE, pero...\" \/>\n<meta property=\"og:url\" content=\"https:\/\/www.msds-europe.com\/es\/periodo-de-validez-de-una-ficha-de-datos-de-seguridad\/\" \/>\n<meta property=\"og:site_name\" content=\"MSDS Europe\" \/>\n<meta property=\"article:publisher\" content=\"https:\/\/www.facebook.com\/toxinfokft\/\" \/>\n<meta property=\"article:modified_time\" content=\"2026-03-19T10:55:16+00:00\" \/>\n<meta name=\"twitter:card\" content=\"summary_large_image\" \/>\n<meta name=\"twitter:site\" content=\"@ToxInfoKft\" \/>\n<meta name=\"twitter:label1\" content=\"Tiempo de lectura\" \/>\n\t<meta name=\"twitter:data1\" content=\"4 minutos\" \/>\n<script type=\"application\/ld+json\" class=\"yoast-schema-graph\">{\"@context\":\"https:\/\/schema.org\",\"@graph\":[{\"@type\":\"WebPage\",\"@id\":\"https:\/\/www.msds-europe.com\/es\/periodo-de-validez-de-una-ficha-de-datos-de-seguridad\/\",\"url\":\"https:\/\/www.msds-europe.com\/es\/periodo-de-validez-de-una-ficha-de-datos-de-seguridad\/\",\"name\":\"Periodo de validez de una ficha de datos de seguridad\",\"isPartOf\":{\"@id\":\"https:\/\/www.msds-europe.com\/es\/#website\"},\"datePublished\":\"2023-02-14T13:34:34+00:00\",\"dateModified\":\"2026-03-19T10:55:16+00:00\",\"description\":\"\u00bfCu\u00e1l es el periodo de validez de una ficha de datos de seguridad? Nuestro experto responde: no hay per\u00edodo de validez en la UE, pero...\",\"breadcrumb\":{\"@id\":\"https:\/\/www.msds-europe.com\/es\/periodo-de-validez-de-una-ficha-de-datos-de-seguridad\/#breadcrumb\"},\"inLanguage\":\"es\",\"potentialAction\":[{\"@type\":\"ReadAction\",\"target\":[\"https:\/\/www.msds-europe.com\/es\/periodo-de-validez-de-una-ficha-de-datos-de-seguridad\/\"]}]},{\"@type\":\"BreadcrumbList\",\"@id\":\"https:\/\/www.msds-europe.com\/es\/periodo-de-validez-de-una-ficha-de-datos-de-seguridad\/#breadcrumb\",\"itemListElement\":[{\"@type\":\"ListItem\",\"position\":1,\"name\":\"F\u0151oldal\",\"item\":\"https:\/\/www.msds-europe.com\/es\/\"},{\"@type\":\"ListItem\",\"position\":2,\"name\":\"Periodo de validez de una ficha de datos de seguridad\"}]},{\"@type\":\"WebSite\",\"@id\":\"https:\/\/www.msds-europe.com\/es\/#website\",\"url\":\"https:\/\/www.msds-europe.com\/es\/\",\"name\":\"MSDS Europe\",\"description\":\"\",\"publisher\":{\"@id\":\"https:\/\/www.msds-europe.com\/es\/#organization\"},\"potentialAction\":[{\"@type\":\"SearchAction\",\"target\":{\"@type\":\"EntryPoint\",\"urlTemplate\":\"https:\/\/www.msds-europe.com\/es\/?s={search_term_string}\"},\"query-input\":{\"@type\":\"PropertyValueSpecification\",\"valueRequired\":true,\"valueName\":\"search_term_string\"}}],\"inLanguage\":\"es\"},{\"@type\":\"Organization\",\"@id\":\"https:\/\/www.msds-europe.com\/es\/#organization\",\"name\":\"MSDS-Europe International branch of ToxInfo\",\"url\":\"https:\/\/www.msds-europe.com\/es\/\",\"logo\":{\"@type\":\"ImageObject\",\"inLanguage\":\"es\",\"@id\":\"https:\/\/www.msds-europe.com\/es\/#\/schema\/logo\/image\/\",\"url\":\"https:\/\/www.msds-europe.com\/wp-content\/uploads\/2021\/04\/msds-europe-logo.jpg\",\"contentUrl\":\"https:\/\/www.msds-europe.com\/wp-content\/uploads\/2021\/04\/msds-europe-logo.jpg\",\"width\":2296,\"height\":1067,\"caption\":\"MSDS-Europe International branch of ToxInfo\"},\"image\":{\"@id\":\"https:\/\/www.msds-europe.com\/es\/#\/schema\/logo\/image\/\"},\"sameAs\":[\"https:\/\/www.facebook.com\/toxinfokft\/\",\"https:\/\/x.com\/ToxInfoKft\"]}]}<\/script>\n<!-- \/ Yoast SEO plugin. -->","yoast_head_json":{"title":"Periodo de validez de una ficha de datos de seguridad","description":"\u00bfCu\u00e1l es el periodo de validez de una ficha de datos de seguridad? Nuestro experto responde: no hay per\u00edodo de validez en la UE, pero...","robots":{"index":"index","follow":"follow","max-snippet":"max-snippet:-1","max-image-preview":"max-image-preview:large","max-video-preview":"max-video-preview:-1"},"canonical":"https:\/\/www.msds-europe.com\/es\/periodo-de-validez-de-una-ficha-de-datos-de-seguridad\/","og_locale":"es_ES","og_type":"article","og_title":"Periodo de validez de una ficha de datos de seguridad","og_description":"\u00bfCu\u00e1l es el periodo de validez de una ficha de datos de seguridad? Nuestro experto responde: no hay per\u00edodo de validez en la UE, pero...","og_url":"https:\/\/www.msds-europe.com\/es\/periodo-de-validez-de-una-ficha-de-datos-de-seguridad\/","og_site_name":"MSDS Europe","article_publisher":"https:\/\/www.facebook.com\/toxinfokft\/","article_modified_time":"2026-03-19T10:55:16+00:00","twitter_card":"summary_large_image","twitter_site":"@ToxInfoKft","twitter_misc":{"Tiempo de lectura":"4 minutos"},"schema":{"@context":"https:\/\/schema.org","@graph":[{"@type":"WebPage","@id":"https:\/\/www.msds-europe.com\/es\/periodo-de-validez-de-una-ficha-de-datos-de-seguridad\/","url":"https:\/\/www.msds-europe.com\/es\/periodo-de-validez-de-una-ficha-de-datos-de-seguridad\/","name":"Periodo de validez de una ficha de datos de seguridad","isPartOf":{"@id":"https:\/\/www.msds-europe.com\/es\/#website"},"datePublished":"2023-02-14T13:34:34+00:00","dateModified":"2026-03-19T10:55:16+00:00","description":"\u00bfCu\u00e1l es el periodo de validez de una ficha de datos de seguridad? Nuestro experto responde: no hay per\u00edodo de validez en la UE, pero...","breadcrumb":{"@id":"https:\/\/www.msds-europe.com\/es\/periodo-de-validez-de-una-ficha-de-datos-de-seguridad\/#breadcrumb"},"inLanguage":"es","potentialAction":[{"@type":"ReadAction","target":["https:\/\/www.msds-europe.com\/es\/periodo-de-validez-de-una-ficha-de-datos-de-seguridad\/"]}]},{"@type":"BreadcrumbList","@id":"https:\/\/www.msds-europe.com\/es\/periodo-de-validez-de-una-ficha-de-datos-de-seguridad\/#breadcrumb","itemListElement":[{"@type":"ListItem","position":1,"name":"F\u0151oldal","item":"https:\/\/www.msds-europe.com\/es\/"},{"@type":"ListItem","position":2,"name":"Periodo de validez de una ficha de datos de seguridad"}]},{"@type":"WebSite","@id":"https:\/\/www.msds-europe.com\/es\/#website","url":"https:\/\/www.msds-europe.com\/es\/","name":"MSDS Europe","description":"","publisher":{"@id":"https:\/\/www.msds-europe.com\/es\/#organization"},"potentialAction":[{"@type":"SearchAction","target":{"@type":"EntryPoint","urlTemplate":"https:\/\/www.msds-europe.com\/es\/?s={search_term_string}"},"query-input":{"@type":"PropertyValueSpecification","valueRequired":true,"valueName":"search_term_string"}}],"inLanguage":"es"},{"@type":"Organization","@id":"https:\/\/www.msds-europe.com\/es\/#organization","name":"MSDS-Europe International branch of ToxInfo","url":"https:\/\/www.msds-europe.com\/es\/","logo":{"@type":"ImageObject","inLanguage":"es","@id":"https:\/\/www.msds-europe.com\/es\/#\/schema\/logo\/image\/","url":"https:\/\/www.msds-europe.com\/wp-content\/uploads\/2021\/04\/msds-europe-logo.jpg","contentUrl":"https:\/\/www.msds-europe.com\/wp-content\/uploads\/2021\/04\/msds-europe-logo.jpg","width":2296,"height":1067,"caption":"MSDS-Europe International branch of ToxInfo"},"image":{"@id":"https:\/\/www.msds-europe.com\/es\/#\/schema\/logo\/image\/"},"sameAs":["https:\/\/www.facebook.com\/toxinfokft\/","https:\/\/x.com\/ToxInfoKft"]}]}},"_links":{"self":[{"href":"https:\/\/www.msds-europe.com\/es\/wp-json\/wp\/v2\/pages\/28163","targetHints":{"allow":["GET"]}}],"collection":[{"href":"https:\/\/www.msds-europe.com\/es\/wp-json\/wp\/v2\/pages"}],"about":[{"href":"https:\/\/www.msds-europe.com\/es\/wp-json\/wp\/v2\/types\/page"}],"author":[{"embeddable":true,"href":"https:\/\/www.msds-europe.com\/es\/wp-json\/wp\/v2\/users\/2"}],"replies":[{"embeddable":true,"href":"https:\/\/www.msds-europe.com\/es\/wp-json\/wp\/v2\/comments?post=28163"}],"version-history":[{"count":12,"href":"https:\/\/www.msds-europe.com\/es\/wp-json\/wp\/v2\/pages\/28163\/revisions"}],"predecessor-version":[{"id":38685,"href":"https:\/\/www.msds-europe.com\/es\/wp-json\/wp\/v2\/pages\/28163\/revisions\/38685"}],"wp:attachment":[{"href":"https:\/\/www.msds-europe.com\/es\/wp-json\/wp\/v2\/media?parent=28163"}],"wp:term":[{"taxonomy":"post_tag","embeddable":true,"href":"https:\/\/www.msds-europe.com\/es\/wp-json\/wp\/v2\/tags?post=28163"}],"curies":[{"name":"wp","href":"https:\/\/api.w.org\/{rel}","templated":true}]}}