{"id":28146,"date":"2023-02-14T12:26:45","date_gmt":"2023-02-14T12:26:45","guid":{"rendered":"https:\/\/www.msds-europe.com\/?page_id=28146"},"modified":"2025-12-02T12:34:19","modified_gmt":"2025-12-02T12:34:19","slug":"definici%c3%b3n-de-la-hoja-de-seguridad","status":"publish","type":"page","link":"https:\/\/www.msds-europe.com\/es\/definici%c3%b3n-de-la-hoja-de-seguridad\/","title":{"rendered":"Definici\u00f3n de la hoja de seguridad"},"content":{"rendered":"<p style=\"text-align: right;\"><em><a href=\"https:\/\/www.msds-europe.com\/es\/\">MSDS-Europe<\/a> &#8211; <a href=\"https:\/\/www.msds-europe.com\/es\/base-conocimiento-ficha-de-datos-de-seguridad\/\">Base de conocimiento de FDS<\/a>\u00a0&#8211; Definici\u00f3n de la hoja de seguridad<\/em><\/p>\n<p>&nbsp;<\/p>\n<p><strong>Definici\u00f3n de la hoja de seguridad<\/strong><\/p>\n<p style=\"text-align: justify;\">Una ficha de datos de seguridad (FDS o SDS por sus siglas en ingl\u00e9s) es un documento que proporciona informaci\u00f3n completa sobre la composici\u00f3n, propiedades f\u00edsicas y qu\u00edmicas, efectos sobre la salud y el impacto ambiental de una sustancia o mezcla. Tambi\u00e9n contiene instrucciones sobre la manipulaci\u00f3n, uso, almacenamiento y eliminaci\u00f3n segura del producto.<\/p>\n<p style=\"text-align: right;\"><em>Fuentes de <a href=\"https:\/\/www.msds-europe.com\/es\/sds-fuentes-informacion-bases-datos\/\">informaci\u00f3n y bases de datos \u00fatiles<\/a> para la elaboraci\u00f3n de fichas de datos de seguridad<\/em><\/p>\n<p>&nbsp;<\/p>\n<ul>\n<li style=\"text-align: justify;\"><a href=\"#Definici\u00f3n\">Definici\u00f3n de la hoja de seguridad <\/a><\/li>\n<li style=\"text-align: justify;\"><a href=\"#Objetivo\">Objetivo e importancia de las hojas de seguridad <\/a><\/li>\n<li style=\"text-align: justify;\"><a href=\"#Contenido-formato\">Contenido y formato de las hojas de seguridad <\/a><\/li>\n<li style=\"text-align: justify;\"><a href=\"#Secciones\">Las 16 secciones de una hoja de seguridad <\/a><\/li>\n<li style=\"text-align: justify;\"><a href=\"#Traducci\u00f3n\">Traducci\u00f3n de la hoja de seguridad <\/a><\/li>\n<li style=\"text-align: justify;\"><a href=\"#Revisi\u00f3n\">Revisi\u00f3n y actualizaci\u00f3n de las hojas de seguridad <\/a><\/li>\n<li style=\"text-align: justify;\"><a href=\"#Compilaci\u00f3n\">Compilaci\u00f3n y creaci\u00f3n de una hoja de seguridad <\/a><\/li>\n<li style=\"text-align: justify;\"><a href=\"#Conclusiones\">Conclusiones<\/a><\/li>\n<\/ul>\n<p style=\"text-align: right;\"><a href=\"https:\/\/www.msds-europe.com\/es\/consulta-linea\/\" class=\"su-button su-button-style-default\" style=\"color:#ffffff;background-color:#ef552d;border-color:#c04424;border-radius:6px\" target=\"_self\"><span style=\"color:#ffffff;padding:0px 18px;font-size:14px;line-height:28px;border-color:#f4886c;border-radius:6px;text-shadow:0px 0px 2px #ffffff\"> \u00a1Pregunta a nuestro experto en seguridad qu\u00edmica!<\/span><\/a>\n<p><a name=\"Definici\u00f3n\"><\/a><\/p>\n<h2 style=\"text-align: justify;\">Definici\u00f3n de la hoja de seguridad<\/h2>\n<p style=\"text-align: justify;\">Una hoja de seguridad (SDS) es un documento que proporciona informaci\u00f3n completa sobre la composici\u00f3n, propiedades f\u00edsicas y qu\u00edmicas, efectos sobre la salud y el medio ambiente de una sustancia o mezcla. Tambi\u00e9n proporciona instrucciones sobre la manipulaci\u00f3n, uso, almacenamiento y eliminaci\u00f3n segura del producto.<\/p>\n<p style=\"text-align: justify;\">El objetivo principal de una SDS es proporcionar a los trabajadores y empleadores la informaci\u00f3n necesaria para manipular, utilizar y eliminar la sustancia o mezcla de manera segura. Es obligatorio en muchos pa\u00edses tener una SDS para ciertos productos.<\/p>\n<p style=\"text-align: justify;\">El contenido y formato de las SDS est\u00e1n regulados por varias organizaciones nacionales e internacionales para garantizar la coherencia y precisi\u00f3n.<\/p>\n<p>&nbsp;<\/p>\n<p><a name=\"Objetivo\"><\/a><\/p>\n<h2 style=\"text-align: justify;\">Objetivo e importancia de las hojas de seguridad<\/h2>\n<p style=\"text-align: justify;\">El objetivo principal de una SDS es proporcionar a los trabajadores y empleadores la informaci\u00f3n necesaria para manipular, utilizar y eliminar la sustancia o mezcla de manera segura. Esto incluye la identificaci\u00f3n de los riesgos potenciales asociados con el producto y la provisi\u00f3n de instrucciones sobre c\u00f3mo controlar o mitigar esos riesgos. La SDS tambi\u00e9n sirve como recurso para los primeros intervinientes en caso de derrames o exposiciones accidentales.<\/p>\n<p style=\"text-align: justify;\">La importancia de las SDS radica en su capacidad para proporcionar informaci\u00f3n esencial para el uso y la manipulaci\u00f3n seguros de sustancias peligrosas. Esta informaci\u00f3n contribuye a proteger a los trabajadores, al medio ambiente y al p\u00fablico en general contra posibles da\u00f1os.<\/p>\n<p>&nbsp;<\/p>\n<p><a name=\"Contenido-formato\"><\/a><\/p>\n<h3 style=\"text-align: justify;\">Contenido y formato de las hojas de seguridad<\/h3>\n<p style=\"text-align: justify;\">El contenido y formato de las SDS est\u00e1n regulados para garantizar la coherencia y precisi\u00f3n. Por ejemplo, en la Uni\u00f3n Europea, las SDS deben contener 16 secciones que cubran informaci\u00f3n espec\u00edfica relacionada con la sustancia o mezcla.<\/p>\n<p style=\"text-align: justify;\">El formato de una SDS debe ser coherente y f\u00e1cil de leer, con encabezados claros y subt\u00edtulos para guiar al usuario.<\/p>\n<p>&nbsp;<\/p>\n<p><a name=\"Secciones\"><\/a><\/p>\n<p style=\"text-align: justify;\"><strong>Las 16 secciones de una hoja de seguridad<\/strong><\/p>\n<p style=\"text-align: justify;\">M\u00e1s informaci\u00f3n: <a href=\"https:\/\/www.msds-europe.com\/es\/contenido-y-elementos-formales-de-una-ficha-de-datos-de-seguridad\/\">Contenido y elementos formales de una ficha de datos de seguridad<\/a><\/p>\n<p>&nbsp;<\/p>\n<p><a name=\"Traducci\u00f3n\"><\/a><\/p>\n<h3 style=\"text-align: justify;\">Traducci\u00f3n de la hoja de seguridad<\/h3>\n<p style=\"text-align: justify;\">Si un producto se vende en un pa\u00eds donde se habla otro idioma, puede ser necesario <a href=\"https:\/\/www.msds-europe.com\/es\/ficha-de-datos-de-seguridad-traduccion\/\">traducir la SDS<\/a> al idioma del pa\u00eds. Es importante que la SDS traducida contenga la misma informaci\u00f3n que la original y cumpla con los requisitos reglamentarios del pa\u00eds en cuesti\u00f3n.<\/p>\n<p style=\"text-align: right;\"><a href=\"https:\/\/www.msds-europe.com\/es\/sds-requisitos-linguisticos\/\"><em>Cuando un producto se utiliza o se comercializa en varios pa\u00edses, es fundamental respetar los requisitos ling\u00fc\u00edsticos de las hojas de seguridad, para que la informaci\u00f3n sea comprensible para todos los usuarios.<\/em><\/a><\/p>\n<p><a name=\"Revisi\u00f3n\"><\/a><\/p>\n<h3 style=\"text-align: justify;\">Revisi\u00f3n y actualizaci\u00f3n de las hojas de seguridad<\/h3>\n<p style=\"text-align: justify;\">La informaci\u00f3n contenida en una SDS puede ser revisada o actualizada debido a cambios en la composici\u00f3n de la sustancia o mezcla o debido a cambios en los requisitos reglamentarios. La <a href=\"https:\/\/www.msds-europe.com\/es\/sds-revision-actualizacion\/\">revisi\u00f3n o actualizaci\u00f3n de una SDS<\/a> es importante para garantizar que la informaci\u00f3n proporcionada sea correcta y actual.<\/p>\n<p>&nbsp;<\/p>\n<p><a name=\"Compilaci\u00f3n\"><\/a><\/p>\n<h3 style=\"text-align: justify;\">Compilaci\u00f3n y creaci\u00f3n de una hoja de seguridad<\/h3>\n<p style=\"text-align: justify;\">La <a href=\"https:\/\/www.msds-europe.com\/es\/compilacion-creacion-ficha-de-datos-de-seguridad\/\">compilaci\u00f3n y creaci\u00f3n de una SDS<\/a> es un proceso complejo que requiere un conocimiento detallado de la sustancia o mezcla, sus propiedades y sus posibles peligros. Este proceso incluye la recopilaci\u00f3n y evaluaci\u00f3n de datos, la clasificaci\u00f3n de la sustancia o mezcla seg\u00fan las normas reglamentarias y la organizaci\u00f3n de la informaci\u00f3n en las secciones requeridas de la SDS.<\/p>\n<p>&nbsp;<\/p>\n<p><a name=\"Conclusiones\"><\/a><\/p>\n<h3>Conclusiones<\/h3>\n<p style=\"text-align: justify;\">En conclusi\u00f3n, una SDS es un documento crucial que proporciona informaci\u00f3n esencial para el uso, manipulaci\u00f3n y eliminaci\u00f3n seguros de sustancias y mezclas. Su contenido est\u00e1 regulado para garantizar la conformidad con las normas reglamentarias y la seguridad de los usuarios, el medio ambiente y el lugar de trabajo. Es importante que los trabajadores y empleadores comprendan la informaci\u00f3n contenida en las SDS para protegerse a s\u00ed mismos y a otros contra los posibles peligros asociados con el producto.<\/p>\n<p>&nbsp;<\/p>\n<h4>Consulta online gratuita<\/h4>\n<p style=\"text-align: justify;\">Si no has encontrado la informaci\u00f3n que necesitabas en nuestro sitio web, puedes enviar tus preguntas sobre las fichas de datos de seguridad directamente a nuestro experto.<\/p>\n<p>Para enviar tus consultas, utiliza la siguiente aplicaci\u00f3n de mensajer\u00eda:<\/p>\n<a href=\"https:\/\/www.msds-europe.com\/es\/consulta-linea\/\" class=\"su-button su-button-style-default\" style=\"color:#ffffff;background-color:#ef552d;border-color:#c04424;border-radius:6px\" target=\"_self\"><span style=\"color:#ffffff;padding:0px 18px;font-size:14px;line-height:28px;border-color:#f4886c;border-radius:6px;text-shadow:0px 0px 2px #ffffff\"> \u00a1Pregunta a nuestro experto en seguridad qu\u00edmica!<\/span><\/a>\n<p>&nbsp;<\/p>\n<h4><span style=\"color: #333333;\">Otros servicios relacionados<\/span><\/h4>\n<ul>\n<li><a href=\"https:\/\/www.msds-europe.com\/es\/ficha-de-datos-de-seguridad-traduccion\/\">Servicios de traducci\u00f3n de la ficha de datos de seguridad<\/a><\/li>\n<li><a href=\"https:\/\/www.msds-europe.com\/es\/sds-revision-actualizacion\/\">Revisi\u00f3n y actualizaci\u00f3n de FDS<\/a><\/li>\n<li><a href=\"https:\/\/www.msds-europe.com\/es\/compilacion-creacion-ficha-de-datos-de-seguridad\/\">Compilaci\u00f3n, creaci\u00f3n de una ficha de datos de seguridad<\/a><\/li>\n<li><a href=\"https:\/\/www.msds-europe.com\/es\/servicio-ufi\/#notificacion-pcn\">Notificaci\u00f3n de mezclas a trav\u00e9s del portal de PCN<\/a><\/li>\n<\/ul>\n<p>&nbsp;<\/p>\n<h4><span style=\"color: #333333;\">Art\u00edculos destacados<\/span><\/h4>\n<ul>\n<li><a href=\"https:\/\/www.msds-europe.com\/es\/fds-abreviaturas-explicacion\/\">Abreviaturas y acr\u00f3nimos en las fichas de datos de seguridad<\/a><\/li>\n<li><a href=\"https:\/\/www.msds-europe.com\/es\/periodo-de-validez-de-una-ficha-de-datos-de-seguridad\/\">Periodo de validez de una ficha de datos de seguridad<\/a><\/li>\n<li><a href=\"https:\/\/www.msds-europe.com\/es\/condiciones-bajo-las-cuales-se-debe-suministrar-una-ficha-de-datos-de-seguridad\/\">Condiciones bajo las cuales se debe suministrar una ficha de datos de seguridad<\/a><\/li>\n<li>Preparaci\u00f3n de Fichas de Datos de Seguridad:\n<ul>\n<li><a href=\"https:\/\/www.msds-europe.com\/es\/preparacion-sds-introduccion-normativo\/\"><em>Parte 1: Introducci\u00f3n y marco normativo<\/em><\/a><\/li>\n<li><a href=\"https:\/\/www.msds-europe.com\/es\/responsabilidades-proceso-elaboracion-sds\/\"><em>Parte 2: Responsabilidades y proceso de elaboraci\u00f3n de la SDS<\/em><\/a><\/li>\n<li><a href=\"https:\/\/www.msds-europe.com\/es\/preparacion-fds-primeras-8-secciones\/\"><em>Parte 3: Las primeras 8 secciones de la SDS en detalle<\/em><\/a><\/li>\n<li><a href=\"https:\/\/www.msds-europe.com\/es\/preparacion-fds-9-16-secciones\/\"><em>Parte 4: Las secciones restantes de la SDS (9\u201316)<\/em><\/a><\/li>\n<li><a href=\"https:\/\/www.msds-europe.com\/es\/sds-preparacion-buenas-practicas\/\"><em>Parte 5: Casos especiales y buenas pr\u00e1cticas<\/em><\/a><\/li>\n<\/ul>\n<\/li>\n<\/ul>\n<p>&nbsp;<\/p>\n<h4><span style=\"color: #333333;\">Preguntas y respuestas r\u00e1pidas<\/span><\/h4>\n<div class=\"su-spoiler su-spoiler-style-fancy su-spoiler-icon-chevron su-spoiler-closed\" data-scroll-offset=\"0\" data-anchor-in-url=\"no\"><div class=\"su-spoiler-title\" tabindex=\"0\" role=\"button\"><span class=\"su-spoiler-icon\"><\/span>\u00bfQu\u00e9 es una Ficha de Datos de Seguridad (SDS)?<\/div><div class=\"su-spoiler-content su-u-clearfix su-u-trim\">\n<p style=\"text-align: justify;\">Un documento que proporciona informaci\u00f3n detallada sobre la composici\u00f3n de una sustancia o mezcla, sus propiedades f\u00edsicas y qu\u00edmicas, sus efectos sobre la salud y el medio ambiente, as\u00ed como orientaciones para una manipulaci\u00f3n, uso, almacenamiento y eliminaci\u00f3n seguros.<\/p>\n<\/div><\/div>\n<div class=\"su-spoiler su-spoiler-style-fancy su-spoiler-icon-chevron su-spoiler-closed\" data-scroll-offset=\"0\" data-anchor-in-url=\"no\"><div class=\"su-spoiler-title\" tabindex=\"0\" role=\"button\"><span class=\"su-spoiler-icon\"><\/span>\u00bfPara qu\u00e9 sirve una SDS en el lugar de trabajo y en caso de emergencia?<\/div><div class=\"su-spoiler-content su-u-clearfix su-u-trim\">\n<p style=\"text-align: justify;\">Proporciona a los trabajadores y empleadores la informaci\u00f3n necesaria para la manipulaci\u00f3n, el uso y la eliminaci\u00f3n seguros, y en una emergencia tambi\u00e9n es un recurso para los profesionales que intervienen.<\/p>\n<\/div><\/div>\n<div class=\"su-spoiler su-spoiler-style-fancy su-spoiler-icon-chevron su-spoiler-closed\" data-scroll-offset=\"0\" data-anchor-in-url=\"no\"><div class=\"su-spoiler-title\" tabindex=\"0\" role=\"button\"><span class=\"su-spoiler-icon\"><\/span>\u00bfLa SDS est\u00e1 regulada legalmente y cu\u00e1ntas secciones tiene en la UE?<\/div><div class=\"su-spoiler-content su-u-clearfix su-u-trim\">\n<p style=\"text-align: justify;\">En muchos pa\u00edses la SDS es un requisito legal para ciertos productos, y en la UE debe facilitarse en un formato uniforme con 16 secciones.<\/p>\n<\/div><\/div>\n<div class=\"su-spoiler su-spoiler-style-fancy su-spoiler-icon-chevron su-spoiler-closed\" data-scroll-offset=\"0\" data-anchor-in-url=\"no\"><div class=\"su-spoiler-title\" tabindex=\"0\" role=\"button\"><span class=\"su-spoiler-icon\"><\/span>\u00bfCu\u00e1ndo debe traducirse o actualizarse una SDS?<\/div><div class=\"su-spoiler-content su-u-clearfix su-u-trim\">\n<p style=\"text-align: justify;\">Cuando un producto se comercializa en un pa\u00eds con otro idioma debe traducirse al idioma oficial de ese pa\u00eds, y debe actualizarse si cambia la composici\u00f3n de la sustancia\/mezcla o las disposiciones aplicables.<\/p>\n<\/div><\/div>\n<p>&nbsp;<\/p>\n","protected":false},"excerpt":{"rendered":"<p>MSDS-Europe &#8211; Base de conocimiento de FDS\u00a0&#8211; Definici\u00f3n de la hoja de seguridad &nbsp; Definici\u00f3n de la hoja de seguridad Una ficha de datos de seguridad (FDS o SDS por sus siglas en ingl\u00e9s) es un documento que proporciona informaci\u00f3n completa sobre la composici\u00f3n, propiedades f\u00edsicas y qu\u00edmicas, efectos sobre&#8230;<\/p>\n","protected":false},"author":2,"featured_media":0,"parent":0,"menu_order":0,"comment_status":"closed","ping_status":"closed","template":"","meta":{"_acf_changed":false,"footnotes":""},"tags":[360,410,253],"class_list":["post-28146","page","type-page","status-publish","hentry","tag-base-de-conocimiento-de-fichas-de-datos-de-seguridad-es","tag-ficha-de-datos-de-seguridad","tag-ficha-de-datos-de-seguridad-es"],"acf":[],"yoast_head":"<!-- This site is optimized with the Yoast SEO plugin v27.2 - https:\/\/yoast.com\/product\/yoast-seo-wordpress\/ -->\n<title>Definici\u00f3n de la hoja de seguridad<\/title>\n<meta name=\"description\" content=\"La definici\u00f3n de la hoja de seguridad en un sentido m\u00e1s amplio tambi\u00e9n contiene los requisitos de forma y contenido.\" \/>\n<meta name=\"robots\" content=\"index, follow, max-snippet:-1, max-image-preview:large, max-video-preview:-1\" \/>\n<link rel=\"canonical\" href=\"https:\/\/www.msds-europe.com\/es\/definici\u00f3n-de-la-hoja-de-seguridad\/\" \/>\n<meta property=\"og:locale\" content=\"es_ES\" \/>\n<meta property=\"og:type\" content=\"article\" \/>\n<meta property=\"og:title\" content=\"Definici\u00f3n de la hoja de seguridad\" \/>\n<meta property=\"og:description\" content=\"La definici\u00f3n de la hoja de seguridad en un sentido m\u00e1s amplio tambi\u00e9n contiene los requisitos de forma y contenido.\" \/>\n<meta property=\"og:url\" content=\"https:\/\/www.msds-europe.com\/es\/definici\u00f3n-de-la-hoja-de-seguridad\/\" \/>\n<meta property=\"og:site_name\" content=\"MSDS Europe\" \/>\n<meta property=\"article:publisher\" content=\"https:\/\/www.facebook.com\/toxinfokft\/\" \/>\n<meta property=\"article:modified_time\" content=\"2025-12-02T12:34:19+00:00\" \/>\n<meta name=\"twitter:card\" content=\"summary_large_image\" \/>\n<meta name=\"twitter:site\" content=\"@ToxInfoKft\" \/>\n<meta name=\"twitter:label1\" content=\"Tiempo de lectura\" \/>\n\t<meta name=\"twitter:data1\" content=\"5 minutos\" \/>\n<script type=\"application\/ld+json\" class=\"yoast-schema-graph\">{\"@context\":\"https:\/\/schema.org\",\"@graph\":[{\"@type\":\"WebPage\",\"@id\":\"https:\/\/www.msds-europe.com\/es\/definici%c3%b3n-de-la-hoja-de-seguridad\/\",\"url\":\"https:\/\/www.msds-europe.com\/es\/definici%c3%b3n-de-la-hoja-de-seguridad\/\",\"name\":\"Definici\u00f3n de la hoja de seguridad\",\"isPartOf\":{\"@id\":\"https:\/\/www.msds-europe.com\/es\/#website\"},\"datePublished\":\"2023-02-14T12:26:45+00:00\",\"dateModified\":\"2025-12-02T12:34:19+00:00\",\"description\":\"La definici\u00f3n de la hoja de seguridad en un sentido m\u00e1s amplio tambi\u00e9n contiene los requisitos de forma y contenido.\",\"breadcrumb\":{\"@id\":\"https:\/\/www.msds-europe.com\/es\/definici%c3%b3n-de-la-hoja-de-seguridad\/#breadcrumb\"},\"inLanguage\":\"es\",\"potentialAction\":[{\"@type\":\"ReadAction\",\"target\":[\"https:\/\/www.msds-europe.com\/es\/definici%c3%b3n-de-la-hoja-de-seguridad\/\"]}]},{\"@type\":\"BreadcrumbList\",\"@id\":\"https:\/\/www.msds-europe.com\/es\/definici%c3%b3n-de-la-hoja-de-seguridad\/#breadcrumb\",\"itemListElement\":[{\"@type\":\"ListItem\",\"position\":1,\"name\":\"F\u0151oldal\",\"item\":\"https:\/\/www.msds-europe.com\/es\/\"},{\"@type\":\"ListItem\",\"position\":2,\"name\":\"Definici\u00f3n de la hoja de seguridad\"}]},{\"@type\":\"WebSite\",\"@id\":\"https:\/\/www.msds-europe.com\/es\/#website\",\"url\":\"https:\/\/www.msds-europe.com\/es\/\",\"name\":\"MSDS Europe\",\"description\":\"\",\"publisher\":{\"@id\":\"https:\/\/www.msds-europe.com\/es\/#organization\"},\"potentialAction\":[{\"@type\":\"SearchAction\",\"target\":{\"@type\":\"EntryPoint\",\"urlTemplate\":\"https:\/\/www.msds-europe.com\/es\/?s={search_term_string}\"},\"query-input\":{\"@type\":\"PropertyValueSpecification\",\"valueRequired\":true,\"valueName\":\"search_term_string\"}}],\"inLanguage\":\"es\"},{\"@type\":\"Organization\",\"@id\":\"https:\/\/www.msds-europe.com\/es\/#organization\",\"name\":\"MSDS-Europe International branch of ToxInfo\",\"url\":\"https:\/\/www.msds-europe.com\/es\/\",\"logo\":{\"@type\":\"ImageObject\",\"inLanguage\":\"es\",\"@id\":\"https:\/\/www.msds-europe.com\/es\/#\/schema\/logo\/image\/\",\"url\":\"https:\/\/www.msds-europe.com\/wp-content\/uploads\/2021\/04\/msds-europe-logo.jpg\",\"contentUrl\":\"https:\/\/www.msds-europe.com\/wp-content\/uploads\/2021\/04\/msds-europe-logo.jpg\",\"width\":2296,\"height\":1067,\"caption\":\"MSDS-Europe International branch of ToxInfo\"},\"image\":{\"@id\":\"https:\/\/www.msds-europe.com\/es\/#\/schema\/logo\/image\/\"},\"sameAs\":[\"https:\/\/www.facebook.com\/toxinfokft\/\",\"https:\/\/x.com\/ToxInfoKft\"]}]}<\/script>\n<!-- \/ Yoast SEO plugin. -->","yoast_head_json":{"title":"Definici\u00f3n de la hoja de seguridad","description":"La definici\u00f3n de la hoja de seguridad en un sentido m\u00e1s amplio tambi\u00e9n contiene los requisitos de forma y contenido.","robots":{"index":"index","follow":"follow","max-snippet":"max-snippet:-1","max-image-preview":"max-image-preview:large","max-video-preview":"max-video-preview:-1"},"canonical":"https:\/\/www.msds-europe.com\/es\/definici\u00f3n-de-la-hoja-de-seguridad\/","og_locale":"es_ES","og_type":"article","og_title":"Definici\u00f3n de la hoja de seguridad","og_description":"La definici\u00f3n de la hoja de seguridad en un sentido m\u00e1s amplio tambi\u00e9n contiene los requisitos de forma y contenido.","og_url":"https:\/\/www.msds-europe.com\/es\/definici\u00f3n-de-la-hoja-de-seguridad\/","og_site_name":"MSDS Europe","article_publisher":"https:\/\/www.facebook.com\/toxinfokft\/","article_modified_time":"2025-12-02T12:34:19+00:00","twitter_card":"summary_large_image","twitter_site":"@ToxInfoKft","twitter_misc":{"Tiempo de lectura":"5 minutos"},"schema":{"@context":"https:\/\/schema.org","@graph":[{"@type":"WebPage","@id":"https:\/\/www.msds-europe.com\/es\/definici%c3%b3n-de-la-hoja-de-seguridad\/","url":"https:\/\/www.msds-europe.com\/es\/definici%c3%b3n-de-la-hoja-de-seguridad\/","name":"Definici\u00f3n de la hoja de seguridad","isPartOf":{"@id":"https:\/\/www.msds-europe.com\/es\/#website"},"datePublished":"2023-02-14T12:26:45+00:00","dateModified":"2025-12-02T12:34:19+00:00","description":"La definici\u00f3n de la hoja de seguridad en un sentido m\u00e1s amplio tambi\u00e9n contiene los requisitos de forma y contenido.","breadcrumb":{"@id":"https:\/\/www.msds-europe.com\/es\/definici%c3%b3n-de-la-hoja-de-seguridad\/#breadcrumb"},"inLanguage":"es","potentialAction":[{"@type":"ReadAction","target":["https:\/\/www.msds-europe.com\/es\/definici%c3%b3n-de-la-hoja-de-seguridad\/"]}]},{"@type":"BreadcrumbList","@id":"https:\/\/www.msds-europe.com\/es\/definici%c3%b3n-de-la-hoja-de-seguridad\/#breadcrumb","itemListElement":[{"@type":"ListItem","position":1,"name":"F\u0151oldal","item":"https:\/\/www.msds-europe.com\/es\/"},{"@type":"ListItem","position":2,"name":"Definici\u00f3n de la hoja de seguridad"}]},{"@type":"WebSite","@id":"https:\/\/www.msds-europe.com\/es\/#website","url":"https:\/\/www.msds-europe.com\/es\/","name":"MSDS Europe","description":"","publisher":{"@id":"https:\/\/www.msds-europe.com\/es\/#organization"},"potentialAction":[{"@type":"SearchAction","target":{"@type":"EntryPoint","urlTemplate":"https:\/\/www.msds-europe.com\/es\/?s={search_term_string}"},"query-input":{"@type":"PropertyValueSpecification","valueRequired":true,"valueName":"search_term_string"}}],"inLanguage":"es"},{"@type":"Organization","@id":"https:\/\/www.msds-europe.com\/es\/#organization","name":"MSDS-Europe International branch of ToxInfo","url":"https:\/\/www.msds-europe.com\/es\/","logo":{"@type":"ImageObject","inLanguage":"es","@id":"https:\/\/www.msds-europe.com\/es\/#\/schema\/logo\/image\/","url":"https:\/\/www.msds-europe.com\/wp-content\/uploads\/2021\/04\/msds-europe-logo.jpg","contentUrl":"https:\/\/www.msds-europe.com\/wp-content\/uploads\/2021\/04\/msds-europe-logo.jpg","width":2296,"height":1067,"caption":"MSDS-Europe International branch of ToxInfo"},"image":{"@id":"https:\/\/www.msds-europe.com\/es\/#\/schema\/logo\/image\/"},"sameAs":["https:\/\/www.facebook.com\/toxinfokft\/","https:\/\/x.com\/ToxInfoKft"]}]}},"_links":{"self":[{"href":"https:\/\/www.msds-europe.com\/es\/wp-json\/wp\/v2\/pages\/28146","targetHints":{"allow":["GET"]}}],"collection":[{"href":"https:\/\/www.msds-europe.com\/es\/wp-json\/wp\/v2\/pages"}],"about":[{"href":"https:\/\/www.msds-europe.com\/es\/wp-json\/wp\/v2\/types\/page"}],"author":[{"embeddable":true,"href":"https:\/\/www.msds-europe.com\/es\/wp-json\/wp\/v2\/users\/2"}],"replies":[{"embeddable":true,"href":"https:\/\/www.msds-europe.com\/es\/wp-json\/wp\/v2\/comments?post=28146"}],"version-history":[{"count":14,"href":"https:\/\/www.msds-europe.com\/es\/wp-json\/wp\/v2\/pages\/28146\/revisions"}],"predecessor-version":[{"id":35269,"href":"https:\/\/www.msds-europe.com\/es\/wp-json\/wp\/v2\/pages\/28146\/revisions\/35269"}],"wp:attachment":[{"href":"https:\/\/www.msds-europe.com\/es\/wp-json\/wp\/v2\/media?parent=28146"}],"wp:term":[{"taxonomy":"post_tag","embeddable":true,"href":"https:\/\/www.msds-europe.com\/es\/wp-json\/wp\/v2\/tags?post=28146"}],"curies":[{"name":"wp","href":"https:\/\/api.w.org\/{rel}","templated":true}]}}