{"id":24415,"date":"2021-02-24T08:40:13","date_gmt":"2021-02-24T08:40:13","guid":{"rendered":"https:\/\/www.msds-europe.com\/?page_id=24415"},"modified":"2026-02-18T14:35:27","modified_gmt":"2026-02-18T14:35:27","slug":"ficha-de-datos-de-seguridad-contrato","status":"publish","type":"page","link":"https:\/\/www.msds-europe.com\/es\/ficha-de-datos-de-seguridad-contrato\/","title":{"rendered":"Cooperaci\u00f3n a largo plazo para la seguridad qu\u00edmica"},"content":{"rendered":"<p>&nbsp;<\/p>\n<p style=\"text-align: right;\"><em><a href=\"https:\/\/www.msds-europe.com\/es\/programa-de-asistencia\/\">Programa de asistencia al cliente de MSDS-Europe<\/a> &#8211; acuerdo contractual<\/em><\/p>\n<p style=\"text-align: justify;\"><strong>Como parte del Programa de asistencia al cliente de MSDS-Europe, ofrecemos un acuerdo contractual que puede aportar la flexibilidad y los beneficios financieros adecuados para responder a necesidades a largo plazo.<\/strong><\/p>\n<p style=\"text-align: justify;\"><strong>En caso de contrataci\u00f3n, ofrecemos descuentos acumulativos para todas las <a href=\"https:\/\/www.msds-europe.com\/es\/ficha-de-datos-de-seguridad-traduccion\/\">fichas de datos de seguridad<\/a> solicitadas en un periodo determinado (mes o trimestre), con pago diferido.<\/strong><\/p>\n<p>&nbsp;<\/p>\n<h2 style=\"text-align: justify;\">Beneficios financieros<\/h2>\n<ul>\n<li style=\"text-align: justify;\">Descuentos por volumen acumulado: descuento aplicable al volumen total solicitado en el trimestre en curso.<\/li>\n<li style=\"text-align: justify;\">Pago diferido: facturaci\u00f3n trimestral.<\/li>\n<li style=\"text-align: justify;\">\u00abCr\u00e9dito\u00bb de gastos: pago diferido (m\u00e1s de 90 d\u00edas).<\/li>\n<li style=\"text-align: justify;\">Costes de transacci\u00f3n m\u00e1s bajos.<\/li>\n<\/ul>\n<p>&nbsp;<\/p>\n<h2 style=\"text-align: justify;\">Administraci\u00f3n simplificada<\/h2>\n<ul>\n<li style=\"text-align: justify;\">Una sola factura que incluye todos los pedidos de 3 meses.<\/li>\n<li style=\"text-align: justify;\">Menos tareas administrativas y contabilidad m\u00e1s sencilla.<\/li>\n<li style=\"text-align: justify;\">Proceso de pedido acelerado.<\/li>\n<\/ul>\n<p>&nbsp;<\/p>\n<h2 style=\"text-align: justify;\">Otros beneficios<\/h2>\n<ul>\n<li style=\"text-align: justify;\">Adem\u00e1s, podr\u00e1 disfrutar de forma continua de todos los beneficios del estatus de cliente clave mencionado anteriormente.<\/li>\n<\/ul>\n<p>&nbsp;<\/p>\n<h3 style=\"text-align: justify;\"><span style=\"color: #333333;\">Sobre el contrato<\/span><\/h3>\n<ul>\n<li style=\"text-align: justify;\">Tipo de contrato: contrato marco comercial.<\/li>\n<li style=\"text-align: justify;\">Duraci\u00f3n determinada, normalmente hasta el final del a\u00f1o de referencia.<\/li>\n<li style=\"text-align: justify;\">El contrato marco no implica obligaci\u00f3n de realizar pedidos.<\/li>\n<li style=\"text-align: justify;\">Incluye facturaci\u00f3n mensual o trimestral.<\/li>\n<\/ul>\n<p style=\"text-align: right;\"><em>Para conocer su contenido, solicite a nuestro <a href=\"https:\/\/www.msds-europe.com\/es\/servicio-de-atencion-al-cliente\/\">Servicio de atenci\u00f3n al cliente<\/a> el borrador del contrato.<\/em><\/p>\n<p>&nbsp;<\/p>\n<h2 style=\"text-align: justify;\">Programa de asistencia al cliente de MSDS-Europe<\/h2>\n<p style=\"text-align: justify;\">En caso de contrataci\u00f3n, una persona de contacto personal le atender\u00e1 para garantizar una gesti\u00f3n fluida y una asistencia de la m\u00e1s alta calidad.<\/p>\n<p>&nbsp;<\/p>\n<h3><span style=\"color: #333333;\">Servicios recomendados<\/span><\/h3>\n<ul>\n<li><a href=\"https:\/\/www.msds-europe.com\/es\/ficha-de-datos-de-seguridad-traduccion\/\">Traducci\u00f3n de la ficha de datos de seguridad<\/a> de acuerdo con los requisitos de seguridad qu\u00edmica.<\/li>\n<li><a href=\"https:\/\/www.msds-europe.com\/es\/sds-revision-actualizacion\/\">Revisi\u00f3n y actualizaci\u00f3n de SDS<\/a> conforme a la normativa vigente.<\/li>\n<li>Nuestros servicios relacionados con la <a href=\"https:\/\/www.msds-europe.com\/es\/servicio-ufi\/\">generaci\u00f3n de UFI y la notificaci\u00f3n PCN<\/a>.<\/li>\n<li><a href=\"https:\/\/www.msds-europe.com\/es\/creacion-proyecto-de-etiqueta\/\">Dise\u00f1o del proyecto de etiqueta CLP<\/a> para sustancias y mezclas.<\/li>\n<\/ul>\n<p>&nbsp;<\/p>\n","protected":false},"excerpt":{"rendered":"<p>&nbsp; Programa de asistencia al cliente de MSDS-Europe &#8211; acuerdo contractual Como parte del Programa de asistencia al cliente de MSDS-Europe, ofrecemos un acuerdo contractual que puede aportar la flexibilidad y los beneficios financieros adecuados para responder a necesidades a largo plazo. En caso de contrataci\u00f3n, ofrecemos descuentos acumulativos para&#8230;<\/p>\n","protected":false},"author":2,"featured_media":0,"parent":0,"menu_order":0,"comment_status":"closed","ping_status":"closed","template":"","meta":{"_acf_changed":false,"footnotes":""},"tags":[],"class_list":["post-24415","page","type-page","status-publish","hentry"],"acf":[],"yoast_head":"<!-- This site is optimized with the Yoast SEO plugin v27.2 - https:\/\/yoast.com\/product\/yoast-seo-wordpress\/ -->\n<title>Programa de asistencia al cliente MSDS-Europe - acuerdo contractual<\/title>\n<meta name=\"description\" content=\"Traducci\u00f3n de fichas de datos de seguridad en forma de acuerdo contractual. Facturaci\u00f3n peri\u00f3dica, pago diferido\" \/>\n<meta name=\"robots\" content=\"index, follow, max-snippet:-1, max-image-preview:large, max-video-preview:-1\" \/>\n<link rel=\"canonical\" href=\"https:\/\/www.msds-europe.com\/es\/ficha-de-datos-de-seguridad-contrato\/\" \/>\n<meta property=\"og:locale\" content=\"es_ES\" \/>\n<meta property=\"og:type\" content=\"article\" \/>\n<meta property=\"og:title\" content=\"Programa de asistencia al cliente MSDS-Europe - acuerdo contractual\" \/>\n<meta property=\"og:description\" content=\"Traducci\u00f3n de fichas de datos de seguridad en forma de acuerdo contractual. Facturaci\u00f3n peri\u00f3dica, pago diferido\" \/>\n<meta property=\"og:url\" content=\"https:\/\/www.msds-europe.com\/es\/ficha-de-datos-de-seguridad-contrato\/\" \/>\n<meta property=\"og:site_name\" content=\"MSDS Europe\" \/>\n<meta property=\"article:publisher\" content=\"https:\/\/www.facebook.com\/toxinfokft\/\" \/>\n<meta property=\"article:modified_time\" content=\"2026-02-18T14:35:27+00:00\" \/>\n<meta name=\"twitter:card\" content=\"summary_large_image\" \/>\n<meta name=\"twitter:site\" content=\"@ToxInfoKft\" \/>\n<meta name=\"twitter:label1\" content=\"Tiempo de lectura\" \/>\n\t<meta name=\"twitter:data1\" content=\"2 minutos\" \/>\n<script type=\"application\/ld+json\" class=\"yoast-schema-graph\">{\"@context\":\"https:\/\/schema.org\",\"@graph\":[{\"@type\":\"WebPage\",\"@id\":\"https:\/\/www.msds-europe.com\/es\/ficha-de-datos-de-seguridad-contrato\/\",\"url\":\"https:\/\/www.msds-europe.com\/es\/ficha-de-datos-de-seguridad-contrato\/\",\"name\":\"Programa de asistencia al cliente MSDS-Europe - acuerdo contractual\",\"isPartOf\":{\"@id\":\"https:\/\/www.msds-europe.com\/es\/#website\"},\"datePublished\":\"2021-02-24T08:40:13+00:00\",\"dateModified\":\"2026-02-18T14:35:27+00:00\",\"description\":\"Traducci\u00f3n de fichas de datos de seguridad en forma de acuerdo contractual. Facturaci\u00f3n peri\u00f3dica, pago diferido\",\"breadcrumb\":{\"@id\":\"https:\/\/www.msds-europe.com\/es\/ficha-de-datos-de-seguridad-contrato\/#breadcrumb\"},\"inLanguage\":\"es\",\"potentialAction\":[{\"@type\":\"ReadAction\",\"target\":[\"https:\/\/www.msds-europe.com\/es\/ficha-de-datos-de-seguridad-contrato\/\"]}]},{\"@type\":\"BreadcrumbList\",\"@id\":\"https:\/\/www.msds-europe.com\/es\/ficha-de-datos-de-seguridad-contrato\/#breadcrumb\",\"itemListElement\":[{\"@type\":\"ListItem\",\"position\":1,\"name\":\"F\u0151oldal\",\"item\":\"https:\/\/www.msds-europe.com\/es\/\"},{\"@type\":\"ListItem\",\"position\":2,\"name\":\"Cooperaci\u00f3n a largo plazo para la seguridad qu\u00edmica\"}]},{\"@type\":\"WebSite\",\"@id\":\"https:\/\/www.msds-europe.com\/es\/#website\",\"url\":\"https:\/\/www.msds-europe.com\/es\/\",\"name\":\"MSDS Europe\",\"description\":\"\",\"publisher\":{\"@id\":\"https:\/\/www.msds-europe.com\/es\/#organization\"},\"potentialAction\":[{\"@type\":\"SearchAction\",\"target\":{\"@type\":\"EntryPoint\",\"urlTemplate\":\"https:\/\/www.msds-europe.com\/es\/?s={search_term_string}\"},\"query-input\":{\"@type\":\"PropertyValueSpecification\",\"valueRequired\":true,\"valueName\":\"search_term_string\"}}],\"inLanguage\":\"es\"},{\"@type\":\"Organization\",\"@id\":\"https:\/\/www.msds-europe.com\/es\/#organization\",\"name\":\"MSDS-Europe International branch of ToxInfo\",\"url\":\"https:\/\/www.msds-europe.com\/es\/\",\"logo\":{\"@type\":\"ImageObject\",\"inLanguage\":\"es\",\"@id\":\"https:\/\/www.msds-europe.com\/es\/#\/schema\/logo\/image\/\",\"url\":\"https:\/\/www.msds-europe.com\/wp-content\/uploads\/2021\/04\/msds-europe-logo.jpg\",\"contentUrl\":\"https:\/\/www.msds-europe.com\/wp-content\/uploads\/2021\/04\/msds-europe-logo.jpg\",\"width\":2296,\"height\":1067,\"caption\":\"MSDS-Europe International branch of ToxInfo\"},\"image\":{\"@id\":\"https:\/\/www.msds-europe.com\/es\/#\/schema\/logo\/image\/\"},\"sameAs\":[\"https:\/\/www.facebook.com\/toxinfokft\/\",\"https:\/\/x.com\/ToxInfoKft\"]}]}<\/script>\n<!-- \/ Yoast SEO plugin. -->","yoast_head_json":{"title":"Programa de asistencia al cliente MSDS-Europe - acuerdo contractual","description":"Traducci\u00f3n de fichas de datos de seguridad en forma de acuerdo contractual. Facturaci\u00f3n peri\u00f3dica, pago diferido","robots":{"index":"index","follow":"follow","max-snippet":"max-snippet:-1","max-image-preview":"max-image-preview:large","max-video-preview":"max-video-preview:-1"},"canonical":"https:\/\/www.msds-europe.com\/es\/ficha-de-datos-de-seguridad-contrato\/","og_locale":"es_ES","og_type":"article","og_title":"Programa de asistencia al cliente MSDS-Europe - acuerdo contractual","og_description":"Traducci\u00f3n de fichas de datos de seguridad en forma de acuerdo contractual. Facturaci\u00f3n peri\u00f3dica, pago diferido","og_url":"https:\/\/www.msds-europe.com\/es\/ficha-de-datos-de-seguridad-contrato\/","og_site_name":"MSDS Europe","article_publisher":"https:\/\/www.facebook.com\/toxinfokft\/","article_modified_time":"2026-02-18T14:35:27+00:00","twitter_card":"summary_large_image","twitter_site":"@ToxInfoKft","twitter_misc":{"Tiempo de lectura":"2 minutos"},"schema":{"@context":"https:\/\/schema.org","@graph":[{"@type":"WebPage","@id":"https:\/\/www.msds-europe.com\/es\/ficha-de-datos-de-seguridad-contrato\/","url":"https:\/\/www.msds-europe.com\/es\/ficha-de-datos-de-seguridad-contrato\/","name":"Programa de asistencia al cliente MSDS-Europe - acuerdo contractual","isPartOf":{"@id":"https:\/\/www.msds-europe.com\/es\/#website"},"datePublished":"2021-02-24T08:40:13+00:00","dateModified":"2026-02-18T14:35:27+00:00","description":"Traducci\u00f3n de fichas de datos de seguridad en forma de acuerdo contractual. Facturaci\u00f3n peri\u00f3dica, pago diferido","breadcrumb":{"@id":"https:\/\/www.msds-europe.com\/es\/ficha-de-datos-de-seguridad-contrato\/#breadcrumb"},"inLanguage":"es","potentialAction":[{"@type":"ReadAction","target":["https:\/\/www.msds-europe.com\/es\/ficha-de-datos-de-seguridad-contrato\/"]}]},{"@type":"BreadcrumbList","@id":"https:\/\/www.msds-europe.com\/es\/ficha-de-datos-de-seguridad-contrato\/#breadcrumb","itemListElement":[{"@type":"ListItem","position":1,"name":"F\u0151oldal","item":"https:\/\/www.msds-europe.com\/es\/"},{"@type":"ListItem","position":2,"name":"Cooperaci\u00f3n a largo plazo para la seguridad qu\u00edmica"}]},{"@type":"WebSite","@id":"https:\/\/www.msds-europe.com\/es\/#website","url":"https:\/\/www.msds-europe.com\/es\/","name":"MSDS Europe","description":"","publisher":{"@id":"https:\/\/www.msds-europe.com\/es\/#organization"},"potentialAction":[{"@type":"SearchAction","target":{"@type":"EntryPoint","urlTemplate":"https:\/\/www.msds-europe.com\/es\/?s={search_term_string}"},"query-input":{"@type":"PropertyValueSpecification","valueRequired":true,"valueName":"search_term_string"}}],"inLanguage":"es"},{"@type":"Organization","@id":"https:\/\/www.msds-europe.com\/es\/#organization","name":"MSDS-Europe International branch of ToxInfo","url":"https:\/\/www.msds-europe.com\/es\/","logo":{"@type":"ImageObject","inLanguage":"es","@id":"https:\/\/www.msds-europe.com\/es\/#\/schema\/logo\/image\/","url":"https:\/\/www.msds-europe.com\/wp-content\/uploads\/2021\/04\/msds-europe-logo.jpg","contentUrl":"https:\/\/www.msds-europe.com\/wp-content\/uploads\/2021\/04\/msds-europe-logo.jpg","width":2296,"height":1067,"caption":"MSDS-Europe International branch of ToxInfo"},"image":{"@id":"https:\/\/www.msds-europe.com\/es\/#\/schema\/logo\/image\/"},"sameAs":["https:\/\/www.facebook.com\/toxinfokft\/","https:\/\/x.com\/ToxInfoKft"]}]}},"_links":{"self":[{"href":"https:\/\/www.msds-europe.com\/es\/wp-json\/wp\/v2\/pages\/24415","targetHints":{"allow":["GET"]}}],"collection":[{"href":"https:\/\/www.msds-europe.com\/es\/wp-json\/wp\/v2\/pages"}],"about":[{"href":"https:\/\/www.msds-europe.com\/es\/wp-json\/wp\/v2\/types\/page"}],"author":[{"embeddable":true,"href":"https:\/\/www.msds-europe.com\/es\/wp-json\/wp\/v2\/users\/2"}],"replies":[{"embeddable":true,"href":"https:\/\/www.msds-europe.com\/es\/wp-json\/wp\/v2\/comments?post=24415"}],"version-history":[{"count":6,"href":"https:\/\/www.msds-europe.com\/es\/wp-json\/wp\/v2\/pages\/24415\/revisions"}],"predecessor-version":[{"id":37135,"href":"https:\/\/www.msds-europe.com\/es\/wp-json\/wp\/v2\/pages\/24415\/revisions\/37135"}],"wp:attachment":[{"href":"https:\/\/www.msds-europe.com\/es\/wp-json\/wp\/v2\/media?parent=24415"}],"wp:term":[{"taxonomy":"post_tag","embeddable":true,"href":"https:\/\/www.msds-europe.com\/es\/wp-json\/wp\/v2\/tags?post=24415"}],"curies":[{"name":"wp","href":"https:\/\/api.w.org\/{rel}","templated":true}]}}