{"id":24387,"date":"2021-02-23T12:09:08","date_gmt":"2021-02-23T12:09:08","guid":{"rendered":"https:\/\/www.msds-europe.com\/?page_id=24387"},"modified":"2026-02-25T09:26:40","modified_gmt":"2026-02-25T09:26:40","slug":"la-etiqueta-clp-etiquetado-en-la-practica","status":"publish","type":"page","link":"https:\/\/www.msds-europe.com\/es\/la-etiqueta-clp-etiquetado-en-la-practica\/","title":{"rendered":"La etiqueta CLP, etiquetado en la pr\u00e1ctica"},"content":{"rendered":"<p style=\"text-align: right;\"><em><a href=\"https:\/\/www.msds-europe.com\/es\/base-conocimiento-ficha-de-datos-de-seguridad\/\">Base de conocimientos sobre fichas de datos de seguridad<\/a> \u2013 La etiqueta CLP, etiquetado en la pr\u00e1ctica<\/em><\/p>\n<p style=\"text-align: justify;\">Los productos qu\u00edmicos deben etiquetarse de conformidad con el <strong>Reglamento (CE) n.\u00ba 1272\/2008 (CLP)<\/strong>.<\/p>\n<p>&nbsp;<\/p>\n<h2 style=\"text-align: justify;\">Obligaci\u00f3n de etiquetado<\/h2>\n<ul>\n<li style=\"text-align: justify;\">si la sustancia o la mezcla est\u00e1 clasificada como peligrosa seg\u00fan el <strong>Reglamento CLP<\/strong>;<\/li>\n<li style=\"text-align: justify;\">si es un art\u00edculo explosivo;<\/li>\n<li style=\"text-align: justify;\">si se trata de una mezcla no peligrosa que contiene una o m\u00e1s sustancias clasificadas como peligrosas por encima de las concentraciones mencionadas en la parte 2 del <strong>anexo II del CLP<\/strong>.<\/li>\n<\/ul>\n<p style=\"text-align: justify;\"><em>Exenciones para el etiquetado en envases de capacidad \u2264 125 ml (secci\u00f3n 1.5.2 del anexo I del Reglamento (CE) n.\u00ba 1272\/2008).<\/em><\/p>\n<p>&nbsp;<\/p>\n<h2 style=\"text-align: justify;\">Fuentes de informaci\u00f3n para la elaboraci\u00f3n de una etiqueta conforme al Reglamento CLP<\/h2>\n<p style=\"text-align: justify;\"><strong>Como importador<\/strong><\/p>\n<p style=\"text-align: justify;\">La etiqueta debe basarse en el t\u00edtulo III del Reglamento (CE) n.\u00ba 1272\/2008 (CLP).<\/p>\n<p style=\"text-align: justify;\"><strong>Como distribuidor<\/strong><\/p>\n<p style=\"text-align: justify;\">La etiqueta debe elaborarse de acuerdo con la <strong>Secci\u00f3n 2.2<\/strong> de la <strong>ficha de datos de seguridad (FDS)<\/strong>.<\/p>\n<p style=\"text-align: justify;\"><strong>Como revendedor<\/strong><\/p>\n<p style=\"text-align: justify;\">No hay tareas, salvo que la etiqueta est\u00e9 da\u00f1ada.<\/p>\n<p>&nbsp;<\/p>\n<h2 style=\"text-align: justify;\">Aspectos generales de etiquetado<\/h2>\n<ul>\n<li style=\"text-align: justify;\">Principio de \u00abcomunicaci\u00f3n de peligros mediante el etiquetado\u00bb<\/li>\n<li style=\"text-align: justify;\">Idioma de la etiqueta<\/li>\n<li style=\"text-align: justify;\">\u00abInformaci\u00f3n suplementaria\u00bb en la etiqueta<\/li>\n<li style=\"text-align: justify;\">Requisitos de legibilidad y visibilidad<\/li>\n<li style=\"text-align: justify;\">Reglas de organizaci\u00f3n de los elementos de la etiqueta<\/li>\n<\/ul>\n<p>&nbsp;<\/p>\n<h2 style=\"text-align: justify;\">Elementos de la etiqueta de productos peligrosos<\/h2>\n<ul>\n<li style=\"text-align: justify;\">El nombre, la direcci\u00f3n y el n\u00famero de tel\u00e9fono del\/de los proveedor(es)<\/li>\n<li style=\"text-align: justify;\">Cantidad nominal (para uso por parte del consumidor)<\/li>\n<li style=\"text-align: justify;\">Identificador(es) del producto<\/li>\n<\/ul>\n<p style=\"text-align: justify;\">Cuando proceda:<\/p>\n<ul>\n<li style=\"text-align: justify;\"><a href=\"https:\/\/www.msds-europe.com\/es\/pictogramas-de-peligro\/\">Pictogramas de peligro<\/a><\/li>\n<li style=\"text-align: justify;\">Palabra de advertencia<\/li>\n<li style=\"text-align: justify;\"><a href=\"https:\/\/www.msds-europe.com\/es\/indicaciones-de-peligro-h\/\">Indicaciones de peligro<\/a> (frases H)<\/li>\n<li style=\"text-align: justify;\"><a href=\"https:\/\/www.msds-europe.com\/es\/prudencia-p\/\">Consejos de prudencia<\/a> (frases P)*<\/li>\n<\/ul>\n<p style=\"text-align: justify;\">* En caso de suministro al p\u00fablico en general, deben incluirse, cuando proceda, los consejos de prudencia relativos a la eliminaci\u00f3n de la sustancia o mezcla como residuo y a la eliminaci\u00f3n del envase como residuo.<\/p>\n<ul>\n<li style=\"text-align: justify;\">Secci\u00f3n de informaci\u00f3n suplementaria (elementos obligatorios y adicionales)<\/li>\n<\/ul>\n<p>&nbsp;<\/p>\n<p style=\"text-align: justify;\"><strong>Secci\u00f3n obligatoria para informaci\u00f3n suplementaria en la etiqueta<\/strong><\/p>\n<ul>\n<li style=\"text-align: justify;\">Las declaraciones <a href=\"https:\/\/www.msds-europe.com\/es\/indicaciones-de-peligro-h\/\">EUH<\/a> (establecidas, entre otros, en las partes pertinentes del anexo II y del anexo III del CLP), cuando proceda.<\/li>\n<li style=\"text-align: justify;\">Indicaciones suplementarias aplicables a determinadas sustancias y mezclas (seg\u00fan los anexos correspondientes del CLP), cuando proceda.<\/li>\n<li style=\"text-align: justify;\">Informaci\u00f3n para la respuesta de emergencia, cuando proceda.<\/li>\n<li style=\"text-align: justify;\">Declaraci\u00f3n EUH401 en el caso de productos fitosanitarios, cuando proceda.<\/li>\n<li style=\"text-align: justify;\">Elementos de etiqueta derivados de otros requisitos legales: por ejemplo, tensioactivos y fragancias (detergentes), requisitos espec\u00edficos para dispensadores de aerosol, o contenido de <strong>compuestos org\u00e1nicos vol\u00e1tiles (COV)<\/strong> conforme a la Directiva 2004\/42\/CE. V\u00e9ase tambi\u00e9n: <a href=\"https:\/\/www.msds-europe.com\/es\/clp-publicidad-online-2028\/\">Nuevas normas CLP para e-commerce: etiquetado y publicidad<\/a>.<\/li>\n<li style=\"text-align: justify;\">Mezclas con declaraciones EUH espec\u00edficas, por ejemplo:<\/li>\n<\/ul>\n<ul style=\"padding-left: 40px;\">\n<li style=\"text-align: justify;\">Mezclas que contienen plomo<\/li>\n<li style=\"text-align: justify;\">Mezclas que contienen cianoacrilatos<\/li>\n<li style=\"text-align: justify;\">Cementos y mezclas de cemento<\/li>\n<li style=\"text-align: justify;\">Mezclas que contienen isocianatos<\/li>\n<li style=\"text-align: justify;\">Mezclas que contienen componentes epoxi con un peso molecular medio \u2264 700<\/li>\n<li style=\"text-align: justify;\">Mezclas que contienen cloro activo<\/li>\n<li style=\"text-align: justify;\">Mezclas que contienen cadmio (aleaciones) destinadas a soldadura blanda o soldadura fuerte<\/li>\n<li style=\"text-align: justify;\">Mezclas no clasificadas como sensibilizantes pero que contienen al menos una sustancia sensibilizante<\/li>\n<li style=\"text-align: justify;\">Mezclas l\u00edquidas que contienen hidrocarburos halogenados<\/li>\n<li style=\"text-align: justify;\">Mezclas no destinadas al p\u00fablico en general que contienen determinadas sustancias por encima de concentraciones m\u00ednimas establecidas<\/li>\n<li style=\"text-align: justify;\">Aerosoles<\/li>\n<\/ul>\n<p>&nbsp;<\/p>\n<h2 style=\"text-align: justify;\">Dimensiones m\u00ednimas de etiquetas y pictogramas<\/h2>\n<p style=\"text-align: justify;\">De acuerdo con el Reglamento (UE) n.\u00ba 286\/2011 de la Comisi\u00f3n:<\/p>\n<table style=\"width: 100%; border-collapse: collapse;\">\n<thead>\n<tr>\n<th style=\"text-align: left; border-bottom: 1px solid #cccccc; padding: 6px;\">Capacidad<\/th>\n<th style=\"text-align: left; border-bottom: 1px solid #cccccc; padding: 6px;\">Dimensiones m\u00ednimas de la etiqueta (mm)<\/th>\n<th style=\"text-align: left; border-bottom: 1px solid #cccccc; padding: 6px;\">Dimensiones de cada <a href=\"https:\/\/www.msds-europe.com\/es\/pictogramas-de-peligro\/\">pictograma<\/a> (mm)<\/th>\n<\/tr>\n<\/thead>\n<tbody>\n<tr>\n<td style=\"padding: 6px; border-bottom: 1px solid #eeeeee;\">&lt; 3 litros<\/td>\n<td style=\"padding: 6px; border-bottom: 1px solid #eeeeee;\">52 \u00d7 74<\/td>\n<td style=\"padding: 6px; border-bottom: 1px solid #eeeeee;\">10 \u00d7 10 (m\u00edn.), 16 \u00d7 16 (opc.)<\/td>\n<\/tr>\n<tr>\n<td style=\"padding: 6px; border-bottom: 1px solid #eeeeee;\">3\u201350 litros<\/td>\n<td style=\"padding: 6px; border-bottom: 1px solid #eeeeee;\">74 \u00d7 105<\/td>\n<td style=\"padding: 6px; border-bottom: 1px solid #eeeeee;\">23 \u00d7 23<\/td>\n<\/tr>\n<tr>\n<td style=\"padding: 6px; border-bottom: 1px solid #eeeeee;\">50\u2013500 litros<\/td>\n<td style=\"padding: 6px; border-bottom: 1px solid #eeeeee;\">105 \u00d7 148<\/td>\n<td style=\"padding: 6px; border-bottom: 1px solid #eeeeee;\">32 \u00d7 32<\/td>\n<\/tr>\n<tr>\n<td style=\"padding: 6px;\">\u2265 500 litros<\/td>\n<td style=\"padding: 6px;\">148 \u00d7 210<\/td>\n<td style=\"padding: 6px;\">46 \u00d7 46<\/td>\n<\/tr>\n<\/tbody>\n<\/table>\n<p>&nbsp;<\/p>\n<h2 style=\"text-align: justify;\">Instrucciones especiales de etiquetado<\/h2>\n<ul>\n<li style=\"text-align: justify;\">Botellas de gas transportables (secci\u00f3n 1.3.1 del anexo I del CLP)<\/li>\n<li style=\"text-align: justify;\">Recipientes de gas destinados a propano, butano o gas licuado de petr\u00f3leo (GLP) (secci\u00f3n 1.3.2 del anexo I del CLP)<\/li>\n<li style=\"text-align: justify;\">Aerosoles y recipientes provistos de un dispositivo de pulverizaci\u00f3n sellado que contengan sustancias o mezclas clasificadas como peligrosas por aspiraci\u00f3n (secci\u00f3n 1.3.3 del anexo I del CLP)<\/li>\n<li style=\"text-align: justify;\">Metales en forma masiva, aleaciones, mezclas que contienen pol\u00edmeros y mezclas que contienen elast\u00f3meros (secci\u00f3n 1.3.4 del anexo I del CLP)<\/li>\n<li style=\"text-align: justify;\">Explosivos, a los que se refiere la secci\u00f3n 2.1 del anexo I del CLP, puestos en el mercado con el fin de obtener un efecto explosivo o pirot\u00e9cnico (secci\u00f3n 1.3.5 del anexo I del CLP)<\/li>\n<\/ul>\n<p>&nbsp;<\/p>\n<h4 style=\"text-align: justify;\"><span style=\"color: #333333;\">Servicios ofrecidos<\/span><\/h4>\n<ul>\n<li style=\"text-align: justify;\"><a href=\"https:\/\/www.msds-europe.com\/es\/creacion-proyecto-de-etiqueta\/\">Elaboraci\u00f3n del borrador de etiqueta CLP<\/a> para sustancias y mezclas<\/li>\n<li style=\"text-align: justify;\">Servicios relacionados con la creaci\u00f3n y <a href=\"https:\/\/www.msds-europe.com\/es\/servicio-ufi\/\">notificaci\u00f3n del UFI<\/a><\/li>\n<li style=\"text-align: justify;\"><a href=\"https:\/\/www.msds-europe.com\/es\/ficha-de-datos-de-seguridad-traduccion\/\">Traducci\u00f3n de fichas de datos de seguridad<\/a> conforme a los requisitos de seguridad qu\u00edmica<\/li>\n<\/ul>\n<h4><span style=\"color: #333333;\">Art\u00edculos recomendados<\/span><\/h4>\n<ul>\n<li><a href=\"https:\/\/www.msds-europe.com\/es\/elementos-de-etiquetado-de-la-ficha-de-datos-de-seguridad\/\">Elementos de etiquetado de la ficha de datos de seguridad<\/a><\/li>\n<li><a href=\"https:\/\/www.msds-europe.com\/es\/indicaciones-de-peligro-h\/\">Frases H<\/a><\/li>\n<li><a href=\"https:\/\/www.msds-europe.com\/es\/prudencia-p\/\">Frases P<\/a><\/li>\n<li><a href=\"https:\/\/www.msds-europe.com\/es\/pictogramas-de-peligro\/\">Pictogramas de peligro<\/a><\/li>\n<\/ul>\n<p>&nbsp;<\/p>\n<div class=\"su-spoiler su-spoiler-style-fancy su-spoiler-icon-chevron su-spoiler-closed\" data-scroll-offset=\"0\" data-anchor-in-url=\"no\"><div class=\"su-spoiler-title\" tabindex=\"0\" role=\"button\"><span class=\"su-spoiler-icon\"><\/span>\u00bfC\u00f3mo afecta el Reglamento (UE) 2020\/878 al contenido de las fichas de datos de seguridad?<\/div><div class=\"su-spoiler-content su-u-clearfix su-u-trim\">\n<p style=\"text-align: justify;\">El Reglamento (UE) 2020\/878 introdujo requisitos actualizados de estructura y contenido para el anexo II del REACH. Se aplica desde el 1 de enero de 2021, con un periodo transitorio; desde el 1 de enero de 2023, las FDS suministradas deben cumplir el Reglamento (UE) 2020\/878.<\/p>\n<\/div><\/div>\n<div class=\"su-spoiler su-spoiler-style-fancy su-spoiler-icon-chevron su-spoiler-closed\" data-scroll-offset=\"0\" data-anchor-in-url=\"no\"><div class=\"su-spoiler-title\" tabindex=\"0\" role=\"button\"><span class=\"su-spoiler-icon\"><\/span>\u00bfCu\u00e1ndo es obligatoria una etiqueta CLP en un producto?<\/div><div class=\"su-spoiler-content su-u-clearfix su-u-trim\">\n<p style=\"text-align: justify;\">La etiqueta CLP es obligatoria cuando la sustancia o la mezcla est\u00e1 clasificada como peligrosa seg\u00fan el CLP, cuando se trate de un art\u00edculo explosivo o cuando deban aplicarse requisitos de etiquetado en virtud de disposiciones espec\u00edficas (por ejemplo, elementos suplementarios del anexo II del CLP).<\/p>\n<\/div><\/div>\n<div class=\"su-spoiler su-spoiler-style-fancy su-spoiler-icon-chevron su-spoiler-closed\" data-scroll-offset=\"0\" data-anchor-in-url=\"no\"><div class=\"su-spoiler-title\" tabindex=\"0\" role=\"button\"><span class=\"su-spoiler-icon\"><\/span>\u00bfCu\u00e1l es el tama\u00f1o m\u00ednimo de la etiqueta y del pictograma para envases de 3\u201350 L?<\/div><div class=\"su-spoiler-content su-u-clearfix su-u-trim\">\n<p style=\"text-align: justify;\">Para este rango de volumen, la etiqueta debe medir al menos 74 \u00d7 105 mm y cada pictograma al menos 23 \u00d7 23 mm.<\/p>\n<\/div><\/div>\n<div class=\"su-spoiler su-spoiler-style-fancy su-spoiler-icon-chevron su-spoiler-closed\" data-scroll-offset=\"0\" data-anchor-in-url=\"no\"><div class=\"su-spoiler-title\" tabindex=\"0\" role=\"button\"><span class=\"su-spoiler-icon\"><\/span>\u00bfD\u00f3nde y en qu\u00e9 formato debe figurar el c\u00f3digo UFI?<\/div><div class=\"su-spoiler-content su-u-clearfix su-u-trim\">\n<p style=\"text-align: justify;\">El c\u00f3digo, en el formato \u00abUFI: XXXX-XXXX-XXXX-XXXX\u00bb, debe figurar de forma claramente visible, legible y duradera en la etiqueta. En casos espec\u00edficos (por ejemplo, determinados envases muy peque\u00f1os o modalidades autorizadas), puede aplicarse una colocaci\u00f3n alternativa conforme a las reglas pertinentes.<\/p>\n<\/div><\/div>\n","protected":false},"excerpt":{"rendered":"<p>Base de conocimientos sobre fichas de datos de seguridad \u2013 La etiqueta CLP, etiquetado en la pr\u00e1ctica Los productos qu\u00edmicos deben etiquetarse de conformidad con el Reglamento (CE) n.\u00ba 1272\/2008 (CLP). &nbsp; Obligaci\u00f3n de etiquetado si la sustancia o la mezcla est\u00e1 clasificada como peligrosa seg\u00fan el Reglamento CLP; si&#8230;<\/p>\n","protected":false},"author":2,"featured_media":0,"parent":0,"menu_order":0,"comment_status":"closed","ping_status":"closed","template":"","meta":{"_acf_changed":false,"footnotes":""},"tags":[360,291,411,253,410],"class_list":["post-24387","page","type-page","status-publish","hentry","tag-base-de-conocimiento-de-fichas-de-datos-de-seguridad-es","tag-etiquetado-clp-es","tag-etiquetado-clp","tag-ficha-de-datos-de-seguridad-es","tag-ficha-de-datos-de-seguridad"],"acf":[],"yoast_head":"<!-- This site is optimized with the Yoast SEO plugin v27.2 - https:\/\/yoast.com\/product\/yoast-seo-wordpress\/ -->\n<title>La etiqueta CLP, etiquetado en la pr\u00e1ctica<\/title>\n<meta name=\"description\" content=\"El etiquetado CLP en la pr\u00e1ctica: consejos para importadores y distribuidores. Dimensiones de la etiqueta CLP, etc.\" \/>\n<meta name=\"robots\" content=\"index, follow, max-snippet:-1, max-image-preview:large, max-video-preview:-1\" \/>\n<link rel=\"canonical\" href=\"https:\/\/www.msds-europe.com\/es\/la-etiqueta-clp-etiquetado-en-la-practica\/\" \/>\n<meta property=\"og:locale\" content=\"es_ES\" \/>\n<meta property=\"og:type\" content=\"article\" \/>\n<meta property=\"og:title\" content=\"La etiqueta CLP, etiquetado en la pr\u00e1ctica\" \/>\n<meta property=\"og:description\" content=\"El etiquetado CLP en la pr\u00e1ctica: consejos para importadores y distribuidores. Dimensiones de la etiqueta CLP, etc.\" \/>\n<meta property=\"og:url\" content=\"https:\/\/www.msds-europe.com\/es\/la-etiqueta-clp-etiquetado-en-la-practica\/\" \/>\n<meta property=\"og:site_name\" content=\"MSDS Europe\" \/>\n<meta property=\"article:publisher\" content=\"https:\/\/www.facebook.com\/toxinfokft\/\" \/>\n<meta property=\"article:modified_time\" content=\"2026-02-25T09:26:40+00:00\" \/>\n<meta name=\"twitter:card\" content=\"summary_large_image\" \/>\n<meta name=\"twitter:site\" content=\"@ToxInfoKft\" \/>\n<meta name=\"twitter:label1\" content=\"Tiempo de lectura\" \/>\n\t<meta name=\"twitter:data1\" content=\"4 minutos\" \/>\n<script type=\"application\/ld+json\" class=\"yoast-schema-graph\">{\"@context\":\"https:\/\/schema.org\",\"@graph\":[{\"@type\":\"WebPage\",\"@id\":\"https:\/\/www.msds-europe.com\/es\/la-etiqueta-clp-etiquetado-en-la-practica\/\",\"url\":\"https:\/\/www.msds-europe.com\/es\/la-etiqueta-clp-etiquetado-en-la-practica\/\",\"name\":\"La etiqueta CLP, etiquetado en la pr\u00e1ctica\",\"isPartOf\":{\"@id\":\"https:\/\/www.msds-europe.com\/es\/#website\"},\"datePublished\":\"2021-02-23T12:09:08+00:00\",\"dateModified\":\"2026-02-25T09:26:40+00:00\",\"description\":\"El etiquetado CLP en la pr\u00e1ctica: consejos para importadores y distribuidores. Dimensiones de la etiqueta CLP, etc.\",\"breadcrumb\":{\"@id\":\"https:\/\/www.msds-europe.com\/es\/la-etiqueta-clp-etiquetado-en-la-practica\/#breadcrumb\"},\"inLanguage\":\"es\",\"potentialAction\":[{\"@type\":\"ReadAction\",\"target\":[\"https:\/\/www.msds-europe.com\/es\/la-etiqueta-clp-etiquetado-en-la-practica\/\"]}]},{\"@type\":\"BreadcrumbList\",\"@id\":\"https:\/\/www.msds-europe.com\/es\/la-etiqueta-clp-etiquetado-en-la-practica\/#breadcrumb\",\"itemListElement\":[{\"@type\":\"ListItem\",\"position\":1,\"name\":\"F\u0151oldal\",\"item\":\"https:\/\/www.msds-europe.com\/es\/\"},{\"@type\":\"ListItem\",\"position\":2,\"name\":\"La etiqueta CLP, etiquetado en la pr\u00e1ctica\"}]},{\"@type\":\"WebSite\",\"@id\":\"https:\/\/www.msds-europe.com\/es\/#website\",\"url\":\"https:\/\/www.msds-europe.com\/es\/\",\"name\":\"MSDS Europe\",\"description\":\"\",\"publisher\":{\"@id\":\"https:\/\/www.msds-europe.com\/es\/#organization\"},\"potentialAction\":[{\"@type\":\"SearchAction\",\"target\":{\"@type\":\"EntryPoint\",\"urlTemplate\":\"https:\/\/www.msds-europe.com\/es\/?s={search_term_string}\"},\"query-input\":{\"@type\":\"PropertyValueSpecification\",\"valueRequired\":true,\"valueName\":\"search_term_string\"}}],\"inLanguage\":\"es\"},{\"@type\":\"Organization\",\"@id\":\"https:\/\/www.msds-europe.com\/es\/#organization\",\"name\":\"MSDS-Europe International branch of ToxInfo\",\"url\":\"https:\/\/www.msds-europe.com\/es\/\",\"logo\":{\"@type\":\"ImageObject\",\"inLanguage\":\"es\",\"@id\":\"https:\/\/www.msds-europe.com\/es\/#\/schema\/logo\/image\/\",\"url\":\"https:\/\/www.msds-europe.com\/wp-content\/uploads\/2021\/04\/msds-europe-logo.jpg\",\"contentUrl\":\"https:\/\/www.msds-europe.com\/wp-content\/uploads\/2021\/04\/msds-europe-logo.jpg\",\"width\":2296,\"height\":1067,\"caption\":\"MSDS-Europe International branch of ToxInfo\"},\"image\":{\"@id\":\"https:\/\/www.msds-europe.com\/es\/#\/schema\/logo\/image\/\"},\"sameAs\":[\"https:\/\/www.facebook.com\/toxinfokft\/\",\"https:\/\/x.com\/ToxInfoKft\"]}]}<\/script>\n<!-- \/ Yoast SEO plugin. -->","yoast_head_json":{"title":"La etiqueta CLP, etiquetado en la pr\u00e1ctica","description":"El etiquetado CLP en la pr\u00e1ctica: consejos para importadores y distribuidores. Dimensiones de la etiqueta CLP, etc.","robots":{"index":"index","follow":"follow","max-snippet":"max-snippet:-1","max-image-preview":"max-image-preview:large","max-video-preview":"max-video-preview:-1"},"canonical":"https:\/\/www.msds-europe.com\/es\/la-etiqueta-clp-etiquetado-en-la-practica\/","og_locale":"es_ES","og_type":"article","og_title":"La etiqueta CLP, etiquetado en la pr\u00e1ctica","og_description":"El etiquetado CLP en la pr\u00e1ctica: consejos para importadores y distribuidores. Dimensiones de la etiqueta CLP, etc.","og_url":"https:\/\/www.msds-europe.com\/es\/la-etiqueta-clp-etiquetado-en-la-practica\/","og_site_name":"MSDS Europe","article_publisher":"https:\/\/www.facebook.com\/toxinfokft\/","article_modified_time":"2026-02-25T09:26:40+00:00","twitter_card":"summary_large_image","twitter_site":"@ToxInfoKft","twitter_misc":{"Tiempo de lectura":"4 minutos"},"schema":{"@context":"https:\/\/schema.org","@graph":[{"@type":"WebPage","@id":"https:\/\/www.msds-europe.com\/es\/la-etiqueta-clp-etiquetado-en-la-practica\/","url":"https:\/\/www.msds-europe.com\/es\/la-etiqueta-clp-etiquetado-en-la-practica\/","name":"La etiqueta CLP, etiquetado en la pr\u00e1ctica","isPartOf":{"@id":"https:\/\/www.msds-europe.com\/es\/#website"},"datePublished":"2021-02-23T12:09:08+00:00","dateModified":"2026-02-25T09:26:40+00:00","description":"El etiquetado CLP en la pr\u00e1ctica: consejos para importadores y distribuidores. Dimensiones de la etiqueta CLP, etc.","breadcrumb":{"@id":"https:\/\/www.msds-europe.com\/es\/la-etiqueta-clp-etiquetado-en-la-practica\/#breadcrumb"},"inLanguage":"es","potentialAction":[{"@type":"ReadAction","target":["https:\/\/www.msds-europe.com\/es\/la-etiqueta-clp-etiquetado-en-la-practica\/"]}]},{"@type":"BreadcrumbList","@id":"https:\/\/www.msds-europe.com\/es\/la-etiqueta-clp-etiquetado-en-la-practica\/#breadcrumb","itemListElement":[{"@type":"ListItem","position":1,"name":"F\u0151oldal","item":"https:\/\/www.msds-europe.com\/es\/"},{"@type":"ListItem","position":2,"name":"La etiqueta CLP, etiquetado en la pr\u00e1ctica"}]},{"@type":"WebSite","@id":"https:\/\/www.msds-europe.com\/es\/#website","url":"https:\/\/www.msds-europe.com\/es\/","name":"MSDS Europe","description":"","publisher":{"@id":"https:\/\/www.msds-europe.com\/es\/#organization"},"potentialAction":[{"@type":"SearchAction","target":{"@type":"EntryPoint","urlTemplate":"https:\/\/www.msds-europe.com\/es\/?s={search_term_string}"},"query-input":{"@type":"PropertyValueSpecification","valueRequired":true,"valueName":"search_term_string"}}],"inLanguage":"es"},{"@type":"Organization","@id":"https:\/\/www.msds-europe.com\/es\/#organization","name":"MSDS-Europe International branch of ToxInfo","url":"https:\/\/www.msds-europe.com\/es\/","logo":{"@type":"ImageObject","inLanguage":"es","@id":"https:\/\/www.msds-europe.com\/es\/#\/schema\/logo\/image\/","url":"https:\/\/www.msds-europe.com\/wp-content\/uploads\/2021\/04\/msds-europe-logo.jpg","contentUrl":"https:\/\/www.msds-europe.com\/wp-content\/uploads\/2021\/04\/msds-europe-logo.jpg","width":2296,"height":1067,"caption":"MSDS-Europe International branch of ToxInfo"},"image":{"@id":"https:\/\/www.msds-europe.com\/es\/#\/schema\/logo\/image\/"},"sameAs":["https:\/\/www.facebook.com\/toxinfokft\/","https:\/\/x.com\/ToxInfoKft"]}]}},"_links":{"self":[{"href":"https:\/\/www.msds-europe.com\/es\/wp-json\/wp\/v2\/pages\/24387","targetHints":{"allow":["GET"]}}],"collection":[{"href":"https:\/\/www.msds-europe.com\/es\/wp-json\/wp\/v2\/pages"}],"about":[{"href":"https:\/\/www.msds-europe.com\/es\/wp-json\/wp\/v2\/types\/page"}],"author":[{"embeddable":true,"href":"https:\/\/www.msds-europe.com\/es\/wp-json\/wp\/v2\/users\/2"}],"replies":[{"embeddable":true,"href":"https:\/\/www.msds-europe.com\/es\/wp-json\/wp\/v2\/comments?post=24387"}],"version-history":[{"count":7,"href":"https:\/\/www.msds-europe.com\/es\/wp-json\/wp\/v2\/pages\/24387\/revisions"}],"predecessor-version":[{"id":37798,"href":"https:\/\/www.msds-europe.com\/es\/wp-json\/wp\/v2\/pages\/24387\/revisions\/37798"}],"wp:attachment":[{"href":"https:\/\/www.msds-europe.com\/es\/wp-json\/wp\/v2\/media?parent=24387"}],"wp:term":[{"taxonomy":"post_tag","embeddable":true,"href":"https:\/\/www.msds-europe.com\/es\/wp-json\/wp\/v2\/tags?post=24387"}],"curies":[{"name":"wp","href":"https:\/\/api.w.org\/{rel}","templated":true}]}}