{"id":6424,"date":"2018-06-27T13:05:22","date_gmt":"2018-06-27T13:05:22","guid":{"rendered":"http:\/\/www.msds-europe.com\/?page_id=6424"},"modified":"2018-06-27T13:05:22","modified_gmt":"2018-06-27T13:05:22","slug":"verarbeitung-anonymisierter-besucher-ids-cookies","status":"publish","type":"page","link":"https:\/\/www.msds-europe.com\/de\/verarbeitung-anonymisierter-besucher-ids-cookies\/","title":{"rendered":"Verarbeitung anonymisierter Besucher-IDs (Cookies)"},"content":{"rendered":"<p>En anonymisierter Besucher-ID (Cookie) ist eine einzigartige Folge von Zeichen, die zur Identifizierung und Speicherung von Profilinformation verwendet werden kann, welche die Betreiber auf den Rechner des Besuchers legen. Es ist wichtig zu wissen, dass nachdem die vollst\u00e4ndige IP-Adresse bei der Anwendung nicht gespeichert wird, diese Zeichenfolge selber auf keine Weise einen Besucher identifizieren kann oder den Rechner des Besuchers wiedererkennen kann.<\/p>\n<p>ToxInfo Kft. verarbeitet die anonymisierten IDs um mehr Einblick in die Informationsanwendung seiner Kunden zu erhalten und damit die Qualit\u00e4t seiner Dienstleistungen zu erh\u00f6hen und den besuchenden Kunden ma\u00dfgeschneiderte Seiten und Werbung anzubieten. Anonymisierte Besucher-IDs sind nicht mit einer pers\u00f6nliche Datei verbunden; jedoch werden unpers\u00f6nliche, anonymisierte IDs, die beim Besuch einer der Webseiten im Portfolio von ToxInfo Kft. oder eines Vertragspartners geschaffen wurden verkn\u00fcpft um die Qualit\u00e4t der Dienste zu erh\u00f6hen.<\/p>\n","protected":false},"excerpt":{"rendered":"<p>En anonymisierter Besucher-ID (Cookie) ist eine einzigartige Folge von Zeichen, die zur Identifizierung und Speicherung von Profilinformation verwendet werden kann, welche die Betreiber auf den Rechner des Besuchers legen. Es ist wichtig zu wissen, dass nachdem die vollst\u00e4ndige IP-Adresse bei der Anwendung nicht gespeichert wird, diese Zeichenfolge selber auf keine&#8230;<\/p>\n","protected":false},"author":1,"featured_media":0,"parent":0,"menu_order":0,"comment_status":"closed","ping_status":"closed","template":"","meta":{"_acf_changed":false,"footnotes":""},"tags":[],"class_list":["post-6424","page","type-page","status-publish","hentry"],"acf":[],"yoast_head":"<!-- This site is optimized with the Yoast SEO plugin v27.2 - https:\/\/yoast.com\/product\/yoast-seo-wordpress\/ -->\n<title>Verarbeitung anonymisierter Besucher-IDs (Cookies) - MSDS Europe<\/title>\n<meta name=\"robots\" content=\"index, follow, max-snippet:-1, max-image-preview:large, max-video-preview:-1\" \/>\n<link rel=\"canonical\" href=\"https:\/\/www.msds-europe.com\/de\/verarbeitung-anonymisierter-besucher-ids-cookies\/\" \/>\n<meta property=\"og:locale\" content=\"de_DE\" \/>\n<meta property=\"og:type\" content=\"article\" \/>\n<meta property=\"og:title\" content=\"Verarbeitung anonymisierter Besucher-IDs (Cookies) - MSDS Europe\" \/>\n<meta property=\"og:description\" content=\"En anonymisierter Besucher-ID (Cookie) ist eine einzigartige Folge von Zeichen, die zur Identifizierung und Speicherung von Profilinformation verwendet werden kann, welche die Betreiber auf den Rechner des Besuchers legen. Es ist wichtig zu wissen, dass nachdem die vollst\u00e4ndige IP-Adresse bei der Anwendung nicht gespeichert wird, diese Zeichenfolge selber auf keine...\" \/>\n<meta property=\"og:url\" content=\"https:\/\/www.msds-europe.com\/de\/verarbeitung-anonymisierter-besucher-ids-cookies\/\" \/>\n<meta property=\"og:site_name\" content=\"MSDS Europe\" \/>\n<meta property=\"article:publisher\" content=\"https:\/\/www.facebook.com\/toxinfokft\/\" \/>\n<meta name=\"twitter:card\" content=\"summary_large_image\" \/>\n<meta name=\"twitter:site\" content=\"@ToxInfoKft\" \/>\n<meta name=\"twitter:label1\" content=\"Gesch\u00e4tzte Lesezeit\" \/>\n\t<meta name=\"twitter:data1\" content=\"1\u00a0Minute\" \/>\n<script type=\"application\/ld+json\" class=\"yoast-schema-graph\">{\"@context\":\"https:\/\/schema.org\",\"@graph\":[{\"@type\":\"WebPage\",\"@id\":\"https:\/\/www.msds-europe.com\/de\/verarbeitung-anonymisierter-besucher-ids-cookies\/\",\"url\":\"https:\/\/www.msds-europe.com\/de\/verarbeitung-anonymisierter-besucher-ids-cookies\/\",\"name\":\"Verarbeitung anonymisierter Besucher-IDs (Cookies) - MSDS Europe\",\"isPartOf\":{\"@id\":\"https:\/\/www.msds-europe.com\/es\/#website\"},\"datePublished\":\"2018-06-27T13:05:22+00:00\",\"breadcrumb\":{\"@id\":\"https:\/\/www.msds-europe.com\/de\/verarbeitung-anonymisierter-besucher-ids-cookies\/#breadcrumb\"},\"inLanguage\":\"de\",\"potentialAction\":[{\"@type\":\"ReadAction\",\"target\":[\"https:\/\/www.msds-europe.com\/de\/verarbeitung-anonymisierter-besucher-ids-cookies\/\"]}]},{\"@type\":\"BreadcrumbList\",\"@id\":\"https:\/\/www.msds-europe.com\/de\/verarbeitung-anonymisierter-besucher-ids-cookies\/#breadcrumb\",\"itemListElement\":[{\"@type\":\"ListItem\",\"position\":1,\"name\":\"F\u0151oldal\",\"item\":\"https:\/\/www.msds-europe.com\/de\/\"},{\"@type\":\"ListItem\",\"position\":2,\"name\":\"Verarbeitung anonymisierter Besucher-IDs (Cookies)\"}]},{\"@type\":\"WebSite\",\"@id\":\"https:\/\/www.msds-europe.com\/es\/#website\",\"url\":\"https:\/\/www.msds-europe.com\/es\/\",\"name\":\"MSDS Europe\",\"description\":\"\",\"publisher\":{\"@id\":\"https:\/\/www.msds-europe.com\/es\/#organization\"},\"potentialAction\":[{\"@type\":\"SearchAction\",\"target\":{\"@type\":\"EntryPoint\",\"urlTemplate\":\"https:\/\/www.msds-europe.com\/es\/?s={search_term_string}\"},\"query-input\":{\"@type\":\"PropertyValueSpecification\",\"valueRequired\":true,\"valueName\":\"search_term_string\"}}],\"inLanguage\":\"de\"},{\"@type\":\"Organization\",\"@id\":\"https:\/\/www.msds-europe.com\/es\/#organization\",\"name\":\"MSDS-Europe International branch of ToxInfo\",\"url\":\"https:\/\/www.msds-europe.com\/es\/\",\"logo\":{\"@type\":\"ImageObject\",\"inLanguage\":\"de\",\"@id\":\"https:\/\/www.msds-europe.com\/es\/#\/schema\/logo\/image\/\",\"url\":\"https:\/\/www.msds-europe.com\/wp-content\/uploads\/2021\/04\/msds-europe-logo.jpg\",\"contentUrl\":\"https:\/\/www.msds-europe.com\/wp-content\/uploads\/2021\/04\/msds-europe-logo.jpg\",\"width\":2296,\"height\":1067,\"caption\":\"MSDS-Europe International branch of ToxInfo\"},\"image\":{\"@id\":\"https:\/\/www.msds-europe.com\/es\/#\/schema\/logo\/image\/\"},\"sameAs\":[\"https:\/\/www.facebook.com\/toxinfokft\/\",\"https:\/\/x.com\/ToxInfoKft\"]}]}<\/script>\n<!-- \/ Yoast SEO plugin. -->","yoast_head_json":{"title":"Verarbeitung anonymisierter Besucher-IDs (Cookies) - MSDS Europe","robots":{"index":"index","follow":"follow","max-snippet":"max-snippet:-1","max-image-preview":"max-image-preview:large","max-video-preview":"max-video-preview:-1"},"canonical":"https:\/\/www.msds-europe.com\/de\/verarbeitung-anonymisierter-besucher-ids-cookies\/","og_locale":"de_DE","og_type":"article","og_title":"Verarbeitung anonymisierter Besucher-IDs (Cookies) - MSDS Europe","og_description":"En anonymisierter Besucher-ID (Cookie) ist eine einzigartige Folge von Zeichen, die zur Identifizierung und Speicherung von Profilinformation verwendet werden kann, welche die Betreiber auf den Rechner des Besuchers legen. Es ist wichtig zu wissen, dass nachdem die vollst\u00e4ndige IP-Adresse bei der Anwendung nicht gespeichert wird, diese Zeichenfolge selber auf keine...","og_url":"https:\/\/www.msds-europe.com\/de\/verarbeitung-anonymisierter-besucher-ids-cookies\/","og_site_name":"MSDS Europe","article_publisher":"https:\/\/www.facebook.com\/toxinfokft\/","twitter_card":"summary_large_image","twitter_site":"@ToxInfoKft","twitter_misc":{"Gesch\u00e4tzte Lesezeit":"1\u00a0Minute"},"schema":{"@context":"https:\/\/schema.org","@graph":[{"@type":"WebPage","@id":"https:\/\/www.msds-europe.com\/de\/verarbeitung-anonymisierter-besucher-ids-cookies\/","url":"https:\/\/www.msds-europe.com\/de\/verarbeitung-anonymisierter-besucher-ids-cookies\/","name":"Verarbeitung anonymisierter Besucher-IDs (Cookies) - MSDS Europe","isPartOf":{"@id":"https:\/\/www.msds-europe.com\/es\/#website"},"datePublished":"2018-06-27T13:05:22+00:00","breadcrumb":{"@id":"https:\/\/www.msds-europe.com\/de\/verarbeitung-anonymisierter-besucher-ids-cookies\/#breadcrumb"},"inLanguage":"de","potentialAction":[{"@type":"ReadAction","target":["https:\/\/www.msds-europe.com\/de\/verarbeitung-anonymisierter-besucher-ids-cookies\/"]}]},{"@type":"BreadcrumbList","@id":"https:\/\/www.msds-europe.com\/de\/verarbeitung-anonymisierter-besucher-ids-cookies\/#breadcrumb","itemListElement":[{"@type":"ListItem","position":1,"name":"F\u0151oldal","item":"https:\/\/www.msds-europe.com\/de\/"},{"@type":"ListItem","position":2,"name":"Verarbeitung anonymisierter Besucher-IDs (Cookies)"}]},{"@type":"WebSite","@id":"https:\/\/www.msds-europe.com\/es\/#website","url":"https:\/\/www.msds-europe.com\/es\/","name":"MSDS Europe","description":"","publisher":{"@id":"https:\/\/www.msds-europe.com\/es\/#organization"},"potentialAction":[{"@type":"SearchAction","target":{"@type":"EntryPoint","urlTemplate":"https:\/\/www.msds-europe.com\/es\/?s={search_term_string}"},"query-input":{"@type":"PropertyValueSpecification","valueRequired":true,"valueName":"search_term_string"}}],"inLanguage":"de"},{"@type":"Organization","@id":"https:\/\/www.msds-europe.com\/es\/#organization","name":"MSDS-Europe International branch of ToxInfo","url":"https:\/\/www.msds-europe.com\/es\/","logo":{"@type":"ImageObject","inLanguage":"de","@id":"https:\/\/www.msds-europe.com\/es\/#\/schema\/logo\/image\/","url":"https:\/\/www.msds-europe.com\/wp-content\/uploads\/2021\/04\/msds-europe-logo.jpg","contentUrl":"https:\/\/www.msds-europe.com\/wp-content\/uploads\/2021\/04\/msds-europe-logo.jpg","width":2296,"height":1067,"caption":"MSDS-Europe International branch of ToxInfo"},"image":{"@id":"https:\/\/www.msds-europe.com\/es\/#\/schema\/logo\/image\/"},"sameAs":["https:\/\/www.facebook.com\/toxinfokft\/","https:\/\/x.com\/ToxInfoKft"]}]}},"_links":{"self":[{"href":"https:\/\/www.msds-europe.com\/de\/wp-json\/wp\/v2\/pages\/6424","targetHints":{"allow":["GET"]}}],"collection":[{"href":"https:\/\/www.msds-europe.com\/de\/wp-json\/wp\/v2\/pages"}],"about":[{"href":"https:\/\/www.msds-europe.com\/de\/wp-json\/wp\/v2\/types\/page"}],"author":[{"embeddable":true,"href":"https:\/\/www.msds-europe.com\/de\/wp-json\/wp\/v2\/users\/1"}],"replies":[{"embeddable":true,"href":"https:\/\/www.msds-europe.com\/de\/wp-json\/wp\/v2\/comments?post=6424"}],"version-history":[{"count":1,"href":"https:\/\/www.msds-europe.com\/de\/wp-json\/wp\/v2\/pages\/6424\/revisions"}],"predecessor-version":[{"id":6425,"href":"https:\/\/www.msds-europe.com\/de\/wp-json\/wp\/v2\/pages\/6424\/revisions\/6425"}],"wp:attachment":[{"href":"https:\/\/www.msds-europe.com\/de\/wp-json\/wp\/v2\/media?parent=6424"}],"wp:term":[{"taxonomy":"post_tag","embeddable":true,"href":"https:\/\/www.msds-europe.com\/de\/wp-json\/wp\/v2\/tags?post=6424"}],"curies":[{"name":"wp","href":"https:\/\/api.w.org\/{rel}","templated":true}]}}