{"id":6167,"date":"2018-06-26T08:44:49","date_gmt":"2018-06-26T08:44:49","guid":{"rendered":"http:\/\/www.msds-europe.com\/sicherheitsbericht-fur-kosmetische-mittel-beispiel\/"},"modified":"2018-06-28T10:09:51","modified_gmt":"2018-06-28T10:09:51","slug":"sicherheitsbericht-fur-kosmetische-mittel-beispiel","status":"publish","type":"page","link":"https:\/\/www.msds-europe.com\/de\/sicherheitsbericht-fur-kosmetische-mittel-beispiel\/","title":{"rendered":"SICHERHEITSBERICHT F\u00dcR KOSMETISCHE MITTEL &#8211; Beispiel"},"content":{"rendered":"<p style=\"text-align: right;\"><em><a href=\"http:\/\/www.msds-europe.com\/de\/kosmetische-produkte\/\">Wissensbasis f\u00fcr kosmetische Produkte<\/a>\u00a0\u2013 SICHERHEITSBERICHT F\u00dcR KOSMETISCHE MITTEL &#8211; Beispiel<\/em><\/p>\n<h3 style=\"text-align: right;\"><span style=\"color: #333333;\">Herunterladen:<\/span> <a href=\"http:\/\/www.msds-europe.com\/wp-content\/uploads\/2018\/06\/sicherheitsbericht_fur_kosmetische_mittel.pdf\">SICHERHEITSBERICHT F\u00dcR KOSMETISCHE MITTEL &#8211; Beispiel<\/a><\/h3>\n<p>&nbsp;<\/p>\n<p style=\"text-align: justify;\">Der Sicherheitsbericht f\u00fcr ein kosmetisches Mittel muss mindestens Folgendes enthalten:<\/p>\n<h2 style=\"text-align: justify;\">TEIL A \u2013 Sicherheitsinformationen \u00fcber kosmetische Mittel<\/h2>\n<p>&nbsp;<\/p>\n<p style=\"text-align: justify;\"><strong>1. Quantitative und qualitative Zusammensetzung des Erzeugnisses<\/strong><br \/>\nDie qualitative und quantitative Zusammensetzung des kosmetischen Mittels, einschlie\u00dflich der chemischen Identit\u00e4t der Stoffe (einschlie\u00dflich chemischer Bezeichnung, INCI, CAS, EINECS\/ELINCS, wenn m\u00f6glich) und ihrer beabsichtigten Funktion. Bei Riech- und Aromastoffen die Bezeichnung und die Codenummer dieser Zusammensetzung und Angaben zur Identit\u00e4t des Lieferanten.<\/p>\n<p>&nbsp;<\/p>\n<p style=\"text-align: justify;\"><strong>2. Physikalische\/chemische Eigenschaften und Stabilit\u00e4t des kosmetischen Mittels<\/strong><br \/>\nDie physikalischen und chemischen Eigenschaften der Stoffe oder Gemische sowie des kosmetischen Mittels.<br \/>\nDie Stabilit\u00e4t des kosmetischen Mittels unter vern\u00fcnftigerweise vorhersehbaren Lagerbedingungen.<\/p>\n<p>&nbsp;<\/p>\n<p style=\"text-align: justify;\"><strong>3. Mikrobiologische Qualit\u00e4t<\/strong><br \/>\nDie mikrobiologischen Spezifikationen der Stoffe oder Gemische und des kosmetischen Mittels. Besonderer Aufmerksamkeit bed\u00fcrfen kosmetische Mittel, die in der N\u00e4he der Augen, auf Schleimh\u00e4uten im Allgemeinen, auf gesch\u00e4digter Haut, bei Kindern im Alter von weniger als drei Jahren, bei \u00e4lteren Menschen und Menschen mit eingeschr\u00e4nkter Immunantwort angewendet werden.<br \/>\nErgebnisse des Konservierungsmittelbelastungstests.<\/p>\n<p>&nbsp;<\/p>\n<p style=\"text-align: justify;\"><strong>4. Verunreinigungen, Spuren, Informationen zum Verpackungsmaterial<\/strong><br \/>\nDie Reinheit der Stoffe und Gemische.<br \/>\nFalls Spuren verbotener Stoffe vorliegen, Nachweis, dass diese technisch unvermeidbar sind.<br \/>\nDie ma\u00dfgeblichen Eigenschaften des Verpackungsmaterials, insbesondere Reinheit und Stabilit\u00e4t.<\/p>\n<p>&nbsp;<\/p>\n<p style=\"text-align: justify;\"><strong>5. Normaler und vern\u00fcnftigerweise vorhersehbarer Gebrauch<\/strong><br \/>\nDer normale und vern\u00fcnftigerweise vorhersehbare Gebrauch des kosmetischen Mittels. Die Darlegungen m\u00fcssen insbesondere hinsichtlich der Warnhinweise und anderer Erl\u00e4uterungen auf dem Etikett des kosmetischen Mittels gerechtfertigt sein.<\/p>\n<p>&nbsp;<\/p>\n<p style=\"text-align: justify;\"><strong>6. Exposition gegen\u00fcber dem kosmetischen Mittel<\/strong><br \/>\nDaten zur Exposition gegen\u00fcber dem kosmetischen Mittel unter Ber\u00fccksichtigung der Erkenntnisse gem\u00e4\u00df Abschnitt 5 hinsichtlich:<br \/>\n1. Ort(e) der Anwendung;<br \/>\n2. Oberfl\u00e4che(n) der Anwendung;<br \/>\n3. Menge des angewendeten kosmetischen Mittels;<br \/>\n4. Dauer und H\u00e4ufigkeit des Gebrauchs;<br \/>\n5. normale und vern\u00fcnftigerweise vorhersehbare Expositionswege;<br \/>\n6. Zielgruppen (oder exponierte Gruppen). Die m\u00f6gliche Exposition einer bestimmten Personengruppe ist ebenfalls zu ber\u00fccksichtigen.<\/p>\n<p style=\"text-align: justify;\">Bei der Berechnung der Exposition sind auch die toxikologischen Wirkungen zu ber\u00fccksichtigen (z. B. Berechnung der Exposition je Fl\u00e4cheneinheit der Haut oder je Einheit des K\u00f6rpergewichts). Ebenfalls zu ber\u00fccksichtigen ist die M\u00f6glichkeit einer sekund\u00e4ren Exposition auf anderen Wegen als denen, die sich durch die unmittelbare Anwendung ergeben (z. B. unbeabsichtigtes Einatmen von Sprays, unbeabsichtigtes Verschlucken von Lippenmitteln usw.).<br \/>\nBesonderer Ber\u00fccksichtigung bed\u00fcrfen alle m\u00f6glichen Expositionsfolgen infolge der Partikelgr\u00f6\u00dfe.<\/p>\n<p>&nbsp;<\/p>\n<p style=\"text-align: justify;\"><strong>7. Exposition gegen\u00fcber den Stoffen<\/strong><br \/>\nDaten zur Exposition gegen\u00fcber den im kosmetischen Mittel enthaltenen Stoffen f\u00fcr die ma\u00dfgeblichen toxikologischen Endpunkte unter Ber\u00fccksichtigung der Informationen von Abschnitt 6.<\/p>\n<p>&nbsp;<\/p>\n<p style=\"text-align: justify;\"><strong>8. Toxikologische Profile der Stoffe<\/strong><br \/>\nUnbeschadet der Bestimmungen von Artikel 18 die toxikologischen Profile der im kosmetischen Mittel enthaltenen Stoffe f\u00fcr alle ma\u00dfgeblichen toxikologischen Endpunkte. Besonders zu beachten ist die Bewertung der lokalen Toxizit\u00e4t (Reizung von Haut und Augen), die Sensibilisierung der Haut und im Fall der UV-Absorption die photoinduzierte Toxizit\u00e4t.<br \/>\nAlle signifikanten toxikologischen Absorptionswege sind ebenso zu ber\u00fccksichtigen wie die systemischen Effekte; auf NOAEL (no observed adverse effects level) basierende MoS (margin of safety) sind zu berechnen. Die Unterlassung dieser Erw\u00e4gungen ist ordnungsgem\u00e4\u00df zu begr\u00fcnden.<\/p>\n<p style=\"text-align: justify;\">Besonders zu beachten sind alle m\u00f6glichen Folgen f\u00fcr das toxikologische Profil aufgrund von<br \/>\n&#8211; Partikelgr\u00f6\u00dfen, einschlie\u00dflich Nanomaterialien;<br \/>\n&#8211; Verunreinigungen von verwendeten Stoffen und Rohstoffen und<br \/>\n&#8211; Wechselwirkung zwischen Stoffen.<\/p>\n<p style=\"text-align: justify;\">Alle Analogschl\u00fcsse sind ordnungsgem\u00e4\u00df zu belegen und zu begr\u00fcnden.<br \/>\nDie Informationsquelle ist eindeutig zu kennzeichnen.<\/p>\n<p>&nbsp;<\/p>\n<p style=\"text-align: justify;\"><strong>9. Unerw\u00fcnschte Wirkungen und ernste unerw\u00fcnschte Wirkungen<\/strong><br \/>\nAlle verf\u00fcgbaren Daten zu den unerw\u00fcnschten Wirkungen und den ernsten unerw\u00fcnschten Wirkungen des kosmetischen Mittels bzw., soweit sachdienlich, anderer kosmetischer Mittel. Dies umfasst statistische Daten.<\/p>\n<p>&nbsp;<\/p>\n<p style=\"text-align: justify;\"><strong>10. Informationen \u00fcber das kosmetische Mittel<\/strong><br \/>\nWeitere sachdienliche Informationen, z. B. vorhandene Untersuchungen an menschlichen Freiwilligen oder ordnungsgem\u00e4\u00df best\u00e4tigte und begr\u00fcndete Ergebnisse der Risikobewertungen, die in anderen relevanten Bereichen vorgenommen wurden.<\/p>\n<h2><\/h2>\n<h2 style=\"text-align: justify;\">TEIL B \u2013 Sicherheitsbewertung kosmetischer Mittel<\/h2>\n<p style=\"text-align: justify;\"><strong>1. Schlussfolgerungen aus der Bewertung<\/strong><br \/>\nAussagen zur Sicherheit des kosmetischen Mittels hinsichtlich Artikel 3.<\/p>\n<p>&nbsp;<\/p>\n<p style=\"text-align: justify;\"><strong>2. Warnhinweise auf dem Etikett und Gebrauchsanweisungen<\/strong><br \/>\nAussagen zur Notwendigkeit, auf dem Etikett bestimmte Warnhinweise und Gebrauchsanweisungen gem\u00e4\u00df Artikel 19 Absatz 1 Buchstabe d anzubringen.<\/p>\n<p>&nbsp;<\/p>\n<p style=\"text-align: justify;\"><strong>3. Begr\u00fcndung<\/strong><br \/>\nErl\u00e4uterung der wissenschaftlichen \u00dcberlegungen, die zu der Schlussfolgerung der Bewertung nach Abschnitt 1 und zu den Aussagen nach Abschnitt 2 gef\u00fchrt haben. Diese Erl\u00e4uterung st\u00fctzt sich auf die Beschreibungen nach Teil A. Soweit ma\u00dfgeblich sind Sicherheitsmargen zu bewerten und zu er\u00f6rtern.<br \/>\nUnter anderem wird bei kosmetischen Mitteln, die f\u00fcr Kinder unter drei Jahren bestimmt sind, sowie bei kosmetischen Erzeugnissen, die ausschlie\u00dflich f\u00fcr die externe Intimpflege bestimmt sind, eine spezifische Bewertung durchgef\u00fchrt.<br \/>\nM\u00f6gliche Wechselwirkungen zwischen den Stoffen im kosmetischen Mittel sind zu bewerten.<br \/>\nDie Ber\u00fccksichtigung bzw. Nichtber\u00fccksichtigung der einzelnen toxikologischen Profile ist stichhaltig zu begr\u00fcnden.<br \/>\nDie Auswirkungen der Stabilit\u00e4t auf die Sicherheit des kosmetischen Mittels sind geb\u00fchrend zu ber\u00fccksichtigen.<\/p>\n<p>&nbsp;<\/p>\n<p style=\"text-align: justify;\"><strong>4. Qualifikation des Bewerters und Genehmigung f\u00fcr Teil B<\/strong><br \/>\nName und Anschrift des Sicherheitsbewerters.<br \/>\nQualifikationsnachweis des Sicherheitsbewerters.<br \/>\nDatum und Unterschrift des Sicherheitsbewerters.<\/p>\n<p>&nbsp;<\/p>\n<h3><span style=\"color: #333333;\">Wir bieten folgenden Service an<\/span><\/h3>\n<ul class=\"category_pages_list\">\n<li><a title=\"CPNP Notifizierung Service\" href=\"http:\/\/www.msds-europe.com\/de\/cpnp-notifizierung-service\/\">CPNP Notifizierung Service<\/a><\/li>\n<li><a title=\"Erstellung von Sicherheitsbewertung f\u00fcr kosmetische Produkte\" href=\"http:\/\/www.msds-europe.com\/de\/erstellung-von-sicherheitsbewertung-fur-kosmetische-produkte\/\">Erstellung von Sicherheitsbewertung f\u00fcr kosmetische Produkte<\/a><\/li>\n<li><a title=\"Erstellung, \u00dcbersetzung von Etikettenentw\u00fcrfe f\u00fcr kosmetische Produkte\" href=\"http:\/\/www.msds-europe.com\/de\/erstellung-ubersetzung-von-etikettenentwurfe-fur-kosmetische-produkte\/\">Erstellung, \u00dcbersetzung von Etikettenentw\u00fcrfe f\u00fcr kosmetische Produkte<\/a><\/li>\n<li><a title=\"Erstellung von Sicherheitsdatenbl\u00e4tter f\u00fcr kosmetische Produkte\" href=\"http:\/\/www.msds-europe.com\/de\/erstellung-von-sicherheitsdatenblatter-fur-kosmetische-produkte\/\">Erstellung von Sicherheitsdatenbl\u00e4tter f\u00fcr kosmetische Produkte<\/a><\/li>\n<\/ul>\n<p>&nbsp;<\/p>\n<h3><span style=\"color: #333333;\">N\u00fctzliche Informationen<\/span><\/h3>\n<ul class=\"category_pages_list\">\n<li><a title=\"Pflichten der verantwortlichen Person\" href=\"http:\/\/www.msds-europe.com\/de\/pflichten-als-verantwortlicher-person-bezueglich-der-kosmetischen-produkte\/\">Pflichten der verantwortlichen Person<\/a><\/li>\n<li><a title=\"Die Pflichten der H\u00e4ndler von kosmetischen Produkten\" href=\"http:\/\/www.msds-europe.com\/de\/pflichten-handler-kosmetischen-produkten\/\">Die Pflichten der H\u00e4ndler von kosmetischen Produkten<\/a><\/li>\n<\/ul>\n<p>&nbsp;<\/p>\n","protected":false},"excerpt":{"rendered":"<p>Wissensbasis f\u00fcr kosmetische Produkte\u00a0\u2013 SICHERHEITSBERICHT F\u00dcR KOSMETISCHE MITTEL &#8211; Beispiel Herunterladen: SICHERHEITSBERICHT F\u00dcR KOSMETISCHE MITTEL &#8211; Beispiel &nbsp; Der Sicherheitsbericht f\u00fcr ein kosmetisches Mittel muss mindestens Folgendes enthalten: TEIL A \u2013 Sicherheitsinformationen \u00fcber kosmetische Mittel &nbsp; 1. Quantitative und qualitative Zusammensetzung des Erzeugnisses Die qualitative und quantitative Zusammensetzung des kosmetischen&#8230;<\/p>\n","protected":false},"author":2,"featured_media":0,"parent":0,"menu_order":0,"comment_status":"closed","ping_status":"closed","template":"","meta":{"_acf_changed":false,"footnotes":""},"tags":[272,297],"class_list":["post-6167","page","type-page","status-publish","hentry","tag-kosmetika-de","tag-kosmetika-wissensbasis"],"acf":[],"yoast_head":"<!-- This site is optimized with the Yoast SEO plugin v27.2 - https:\/\/yoast.com\/product\/yoast-seo-wordpress\/ -->\n<title>SICHERHEITSBERICHT F\u00dcR KOSMETISCHE MITTEL - Beispiel<\/title>\n<meta name=\"description\" content=\"Der Sicherheitsbericht f\u00fcr ein kosmetisches Mittel muss mindestens Folgendes enthalten...\" \/>\n<meta name=\"robots\" content=\"index, follow, max-snippet:-1, max-image-preview:large, max-video-preview:-1\" \/>\n<link rel=\"canonical\" href=\"https:\/\/www.msds-europe.com\/de\/sicherheitsbericht-fur-kosmetische-mittel-beispiel\/\" \/>\n<meta property=\"og:locale\" content=\"de_DE\" \/>\n<meta property=\"og:type\" content=\"article\" \/>\n<meta property=\"og:title\" content=\"SICHERHEITSBERICHT F\u00dcR KOSMETISCHE MITTEL - Beispiel\" \/>\n<meta property=\"og:description\" content=\"Der Sicherheitsbericht f\u00fcr ein kosmetisches Mittel muss mindestens Folgendes enthalten...\" \/>\n<meta property=\"og:url\" content=\"https:\/\/www.msds-europe.com\/de\/sicherheitsbericht-fur-kosmetische-mittel-beispiel\/\" \/>\n<meta property=\"og:site_name\" content=\"MSDS Europe\" \/>\n<meta property=\"article:publisher\" content=\"https:\/\/www.facebook.com\/toxinfokft\/\" \/>\n<meta property=\"article:modified_time\" content=\"2018-06-28T10:09:51+00:00\" \/>\n<meta name=\"twitter:card\" content=\"summary_large_image\" \/>\n<meta name=\"twitter:site\" content=\"@ToxInfoKft\" \/>\n<meta name=\"twitter:label1\" content=\"Gesch\u00e4tzte Lesezeit\" \/>\n\t<meta name=\"twitter:data1\" content=\"4\u00a0Minuten\" \/>\n<script type=\"application\/ld+json\" class=\"yoast-schema-graph\">{\"@context\":\"https:\/\/schema.org\",\"@graph\":[{\"@type\":\"WebPage\",\"@id\":\"https:\/\/www.msds-europe.com\/de\/sicherheitsbericht-fur-kosmetische-mittel-beispiel\/\",\"url\":\"https:\/\/www.msds-europe.com\/de\/sicherheitsbericht-fur-kosmetische-mittel-beispiel\/\",\"name\":\"SICHERHEITSBERICHT F\u00dcR KOSMETISCHE MITTEL - Beispiel\",\"isPartOf\":{\"@id\":\"https:\/\/www.msds-europe.com\/es\/#website\"},\"datePublished\":\"2018-06-26T08:44:49+00:00\",\"dateModified\":\"2018-06-28T10:09:51+00:00\",\"description\":\"Der Sicherheitsbericht f\u00fcr ein kosmetisches Mittel muss mindestens Folgendes enthalten...\",\"breadcrumb\":{\"@id\":\"https:\/\/www.msds-europe.com\/de\/sicherheitsbericht-fur-kosmetische-mittel-beispiel\/#breadcrumb\"},\"inLanguage\":\"de\",\"potentialAction\":[{\"@type\":\"ReadAction\",\"target\":[\"https:\/\/www.msds-europe.com\/de\/sicherheitsbericht-fur-kosmetische-mittel-beispiel\/\"]}]},{\"@type\":\"BreadcrumbList\",\"@id\":\"https:\/\/www.msds-europe.com\/de\/sicherheitsbericht-fur-kosmetische-mittel-beispiel\/#breadcrumb\",\"itemListElement\":[{\"@type\":\"ListItem\",\"position\":1,\"name\":\"F\u0151oldal\",\"item\":\"https:\/\/www.msds-europe.com\/de\/\"},{\"@type\":\"ListItem\",\"position\":2,\"name\":\"SICHERHEITSBERICHT F\u00dcR KOSMETISCHE MITTEL &#8211; Beispiel\"}]},{\"@type\":\"WebSite\",\"@id\":\"https:\/\/www.msds-europe.com\/es\/#website\",\"url\":\"https:\/\/www.msds-europe.com\/es\/\",\"name\":\"MSDS Europe\",\"description\":\"\",\"publisher\":{\"@id\":\"https:\/\/www.msds-europe.com\/es\/#organization\"},\"potentialAction\":[{\"@type\":\"SearchAction\",\"target\":{\"@type\":\"EntryPoint\",\"urlTemplate\":\"https:\/\/www.msds-europe.com\/es\/?s={search_term_string}\"},\"query-input\":{\"@type\":\"PropertyValueSpecification\",\"valueRequired\":true,\"valueName\":\"search_term_string\"}}],\"inLanguage\":\"de\"},{\"@type\":\"Organization\",\"@id\":\"https:\/\/www.msds-europe.com\/es\/#organization\",\"name\":\"MSDS-Europe International branch of ToxInfo\",\"url\":\"https:\/\/www.msds-europe.com\/es\/\",\"logo\":{\"@type\":\"ImageObject\",\"inLanguage\":\"de\",\"@id\":\"https:\/\/www.msds-europe.com\/es\/#\/schema\/logo\/image\/\",\"url\":\"https:\/\/www.msds-europe.com\/wp-content\/uploads\/2021\/04\/msds-europe-logo.jpg\",\"contentUrl\":\"https:\/\/www.msds-europe.com\/wp-content\/uploads\/2021\/04\/msds-europe-logo.jpg\",\"width\":2296,\"height\":1067,\"caption\":\"MSDS-Europe International branch of ToxInfo\"},\"image\":{\"@id\":\"https:\/\/www.msds-europe.com\/es\/#\/schema\/logo\/image\/\"},\"sameAs\":[\"https:\/\/www.facebook.com\/toxinfokft\/\",\"https:\/\/x.com\/ToxInfoKft\"]}]}<\/script>\n<!-- \/ Yoast SEO plugin. -->","yoast_head_json":{"title":"SICHERHEITSBERICHT F\u00dcR KOSMETISCHE MITTEL - Beispiel","description":"Der Sicherheitsbericht f\u00fcr ein kosmetisches Mittel muss mindestens Folgendes enthalten...","robots":{"index":"index","follow":"follow","max-snippet":"max-snippet:-1","max-image-preview":"max-image-preview:large","max-video-preview":"max-video-preview:-1"},"canonical":"https:\/\/www.msds-europe.com\/de\/sicherheitsbericht-fur-kosmetische-mittel-beispiel\/","og_locale":"de_DE","og_type":"article","og_title":"SICHERHEITSBERICHT F\u00dcR KOSMETISCHE MITTEL - Beispiel","og_description":"Der Sicherheitsbericht f\u00fcr ein kosmetisches Mittel muss mindestens Folgendes enthalten...","og_url":"https:\/\/www.msds-europe.com\/de\/sicherheitsbericht-fur-kosmetische-mittel-beispiel\/","og_site_name":"MSDS Europe","article_publisher":"https:\/\/www.facebook.com\/toxinfokft\/","article_modified_time":"2018-06-28T10:09:51+00:00","twitter_card":"summary_large_image","twitter_site":"@ToxInfoKft","twitter_misc":{"Gesch\u00e4tzte Lesezeit":"4\u00a0Minuten"},"schema":{"@context":"https:\/\/schema.org","@graph":[{"@type":"WebPage","@id":"https:\/\/www.msds-europe.com\/de\/sicherheitsbericht-fur-kosmetische-mittel-beispiel\/","url":"https:\/\/www.msds-europe.com\/de\/sicherheitsbericht-fur-kosmetische-mittel-beispiel\/","name":"SICHERHEITSBERICHT F\u00dcR KOSMETISCHE MITTEL - Beispiel","isPartOf":{"@id":"https:\/\/www.msds-europe.com\/es\/#website"},"datePublished":"2018-06-26T08:44:49+00:00","dateModified":"2018-06-28T10:09:51+00:00","description":"Der Sicherheitsbericht f\u00fcr ein kosmetisches Mittel muss mindestens Folgendes enthalten...","breadcrumb":{"@id":"https:\/\/www.msds-europe.com\/de\/sicherheitsbericht-fur-kosmetische-mittel-beispiel\/#breadcrumb"},"inLanguage":"de","potentialAction":[{"@type":"ReadAction","target":["https:\/\/www.msds-europe.com\/de\/sicherheitsbericht-fur-kosmetische-mittel-beispiel\/"]}]},{"@type":"BreadcrumbList","@id":"https:\/\/www.msds-europe.com\/de\/sicherheitsbericht-fur-kosmetische-mittel-beispiel\/#breadcrumb","itemListElement":[{"@type":"ListItem","position":1,"name":"F\u0151oldal","item":"https:\/\/www.msds-europe.com\/de\/"},{"@type":"ListItem","position":2,"name":"SICHERHEITSBERICHT F\u00dcR KOSMETISCHE MITTEL &#8211; Beispiel"}]},{"@type":"WebSite","@id":"https:\/\/www.msds-europe.com\/es\/#website","url":"https:\/\/www.msds-europe.com\/es\/","name":"MSDS Europe","description":"","publisher":{"@id":"https:\/\/www.msds-europe.com\/es\/#organization"},"potentialAction":[{"@type":"SearchAction","target":{"@type":"EntryPoint","urlTemplate":"https:\/\/www.msds-europe.com\/es\/?s={search_term_string}"},"query-input":{"@type":"PropertyValueSpecification","valueRequired":true,"valueName":"search_term_string"}}],"inLanguage":"de"},{"@type":"Organization","@id":"https:\/\/www.msds-europe.com\/es\/#organization","name":"MSDS-Europe International branch of ToxInfo","url":"https:\/\/www.msds-europe.com\/es\/","logo":{"@type":"ImageObject","inLanguage":"de","@id":"https:\/\/www.msds-europe.com\/es\/#\/schema\/logo\/image\/","url":"https:\/\/www.msds-europe.com\/wp-content\/uploads\/2021\/04\/msds-europe-logo.jpg","contentUrl":"https:\/\/www.msds-europe.com\/wp-content\/uploads\/2021\/04\/msds-europe-logo.jpg","width":2296,"height":1067,"caption":"MSDS-Europe International branch of ToxInfo"},"image":{"@id":"https:\/\/www.msds-europe.com\/es\/#\/schema\/logo\/image\/"},"sameAs":["https:\/\/www.facebook.com\/toxinfokft\/","https:\/\/x.com\/ToxInfoKft"]}]}},"_links":{"self":[{"href":"https:\/\/www.msds-europe.com\/de\/wp-json\/wp\/v2\/pages\/6167","targetHints":{"allow":["GET"]}}],"collection":[{"href":"https:\/\/www.msds-europe.com\/de\/wp-json\/wp\/v2\/pages"}],"about":[{"href":"https:\/\/www.msds-europe.com\/de\/wp-json\/wp\/v2\/types\/page"}],"author":[{"embeddable":true,"href":"https:\/\/www.msds-europe.com\/de\/wp-json\/wp\/v2\/users\/2"}],"replies":[{"embeddable":true,"href":"https:\/\/www.msds-europe.com\/de\/wp-json\/wp\/v2\/comments?post=6167"}],"version-history":[{"count":6,"href":"https:\/\/www.msds-europe.com\/de\/wp-json\/wp\/v2\/pages\/6167\/revisions"}],"predecessor-version":[{"id":6641,"href":"https:\/\/www.msds-europe.com\/de\/wp-json\/wp\/v2\/pages\/6167\/revisions\/6641"}],"wp:attachment":[{"href":"https:\/\/www.msds-europe.com\/de\/wp-json\/wp\/v2\/media?parent=6167"}],"wp:term":[{"taxonomy":"post_tag","embeddable":true,"href":"https:\/\/www.msds-europe.com\/de\/wp-json\/wp\/v2\/tags?post=6167"}],"curies":[{"name":"wp","href":"https:\/\/api.w.org\/{rel}","templated":true}]}}