{"id":5936,"date":"2018-06-25T12:21:40","date_gmt":"2018-06-25T12:21:40","guid":{"rendered":"http:\/\/www.msds-europe.com\/gultigkeitsdauer-eines-sicherheitsdatenblattes\/"},"modified":"2026-03-19T10:27:17","modified_gmt":"2026-03-19T10:27:17","slug":"gueltigkeitsdauer-sicherheitsdatenblatt","status":"publish","type":"page","link":"https:\/\/www.msds-europe.com\/de\/gueltigkeitsdauer-sicherheitsdatenblatt\/","title":{"rendered":"G\u00fcltigkeitsdauer eines Sicherheitsdatenblattes"},"content":{"rendered":"<p style=\"text-align: right;\"><em><a href=\"https:\/\/www.msds-europe.com\/de\/nutzliche-informationen-und-hintergrundsmaterialien-fur-sicherheitsdatenblatter\/\">Sicherheitsdatenblatt-Wissensbasis<\/a> \u2013 G\u00fcltigkeitsdauer eines Sicherheitsdatenblatts<\/em><\/p>\n<p style=\"text-align: justify;\"><strong>Eine \u00dcberarbeitung oder Aktualisierung eines Sicherheitsdatenblatts (SDS) ist unerl\u00e4sslich, um sicherzustellen, dass die im Dokument enthaltenen Informationen korrekt und aktuell sind.<\/strong><\/p>\n<p>&nbsp;<\/p>\n<ul>\n<li><a href=\"#gueltigkeitsdauer\">G\u00fcltigkeitsdauer<\/a><\/li>\n<li><a href=\"#notwendigkeit\">Notwendigkeit der \u00dcberarbeitung\/Aktualisierung des Sicherheitsdatenblatts<\/a><\/li>\n<li><a href=\"#regeln\">Regeln f\u00fcr \u00fcberarbeitete, aktualisierte Sicherheitsdatenbl\u00e4tter<\/a><\/li>\n<li><a href=\"#verantwortlich\">Verantwortung von Arbeitgebern und Herstellern<\/a><\/li>\n<li><a href=\"#zusammenfassend\">Zusammenfassend<\/a><\/li>\n<\/ul>\n<p>&nbsp;<\/p>\n<p><a name=\"gueltigkeitsdauer\"><\/a><\/p>\n<h2>G\u00fcltigkeitsdauer<\/h2>\n<p style=\"text-align: justify;\"><strong>Wie lange kann ein Sicherheitsdatenblatt als \u201eg\u00fcltig\u201c angesehen werden?<\/strong><\/p>\n<p style=\"text-align: justify;\">Sicherheitsdatenbl\u00e4tter haben in der EU kein \u201eAblaufdatum\u201c.<\/p>\n<p style=\"text-align: justify;\">Die Konformit\u00e4t eines <a href=\"https:\/\/www.msds-europe.com\/de\/definition-des-sicherheitsdatenblattes\/\">Sicherheitsdatenblatts<\/a> h\u00e4ngt nicht vom Ausgabedatum oder vom Datum der letzten \u00dcberarbeitung ab, sondern davon, ob Inhalt und Format den jeweils geltenden Vorschriften entsprechen.<\/p>\n<p style=\"text-align: justify;\">Wenn neue rechtliche Vorgaben oder Stoffdaten ver\u00f6ffentlicht werden, helfen <a href=\"https:\/\/www.msds-europe.com\/de\/sds-informationsquellen-datenbanken\/\">Informationsquellen und Datenbanken f\u00fcr Sicherheitsdatenbl\u00e4tter<\/a>, den Aktualisierungsbedarf fr\u00fchzeitig zu erkennen und zielgerichtet zu reagieren.<\/p>\n<p style=\"text-align: justify;\">Seit dem <strong>1. Januar 2021<\/strong> gelten die materiellen und formalen Anforderungen der <a href=\"https:\/\/www.msds-europe.com\/de\/rechtsanderungsverfolger\/#Verordnung-2020-878\">Verordnung (EU) 2020\/878<\/a> (\u00c4nderung von Anhang II der REACH-Verordnung) f\u00fcr Sicherheitsdatenbl\u00e4tter.<\/p>\n<p style=\"text-align: justify;\">Dies bedeutet nicht, dass nur Sicherheitsdatenbl\u00e4tter mit einem \u00dcberarbeitungsdatum vom <strong>1. Januar 2021<\/strong> konform sind.<\/p>\n<p style=\"text-align: justify;\">Sicherheitsdatenbl\u00e4tter, die noch nach der Verordnung (EU) Nr. 2015\/830 erstellt wurden, durften bis zum <strong>31. Dezember 2022<\/strong> bereitgestellt werden.<\/p>\n<p style=\"text-align: right;\"><a href=\"https:\/\/www.msds-europe.com\/wp-content\/uploads\/2021\/02\/Sicherehitsdatenblattmuster-2020-878.pdf\">Herunterladbares Sicherheitsdatenblattmuster (2020\/878)<\/a><\/p>\n<p>&nbsp;<\/p>\n<p><a name=\"notwendigkeit\"><\/a><\/p>\n<h2 style=\"text-align: left;\">Notwendigkeit der \u00dcberarbeitung\/Aktualisierung des Sicherheitsdatenblatts<\/h2>\n<p style=\"text-align: justify;\">Die <a href=\"https:\/\/www.msds-europe.com\/de\/sds-aktualisierung-ueberarbeitung\/\">\u00dcberarbeitung und Aktualisierung von Sicherheitsdatenbl\u00e4ttern<\/a> ist nicht an einen festen Zeitraum gebunden (es ist z. B. nicht erforderlich, Sicherheitsdatenbl\u00e4tter j\u00e4hrlich, zweij\u00e4hrlich oder alle f\u00fcnf Jahre routinem\u00e4\u00dfig zu \u00fcberarbeiten).<\/p>\n<p style=\"text-align: justify;\"><a href=\"https:\/\/www.msds-europe.com\/de\/pfas-eu-regulierung-2025-2026-massnahmen-fuer-unternehmen\/\">Eine Aktualisierung ist erforderlich, sobald neue relevante Informationen<\/a> \u00fcber das Produkt verf\u00fcgbar sind.<\/p>\n<p style=\"text-align: justify;\">Gem\u00e4\u00df Artikel 31 Absatz 9 der REACH-Verordnung muss das Sicherheitsdatenblatt unverz\u00fcglich aktualisiert werden, wenn:<\/p>\n<ul>\n<li style=\"text-align: justify;\">neue Informationen vorliegen, die die Risikomanagementma\u00dfnahmen beeinflussen k\u00f6nnen,<\/li>\n<li style=\"text-align: justify;\">neue Informationen \u00fcber Gefahren verf\u00fcgbar werden (z. B. eine neue Einstufung nach CLP),<\/li>\n<li style=\"text-align: justify;\">f\u00fcr den Stoff eine Zulassung erteilt oder verweigert wurde (bei zulassungspflichtigen Stoffen: Anhang XIV),<\/li>\n<li style=\"text-align: justify;\">eine Beschr\u00e4nkung f\u00fcr den Stoff eingef\u00fchrt wurde (Anhang XVII).<\/li>\n<\/ul>\n<p>&nbsp;<\/p>\n<p><a name=\"regeln\"><\/a><\/p>\n<h2 style=\"text-align: left;\">Regeln f\u00fcr \u00fcberarbeitete, aktualisierte Sicherheitsdatenbl\u00e4tter<\/h2>\n<p style=\"text-align: justify;\">Wenn ein Sicherheitsdatenblatt \u00fcberarbeitet wurde, ist die \u00fcberarbeitete Fassung allen Abnehmern, die in den letzten 12 Monaten mit dem Stoff oder Gemisch beliefert wurden, <strong>unaufgefordert und kostenlos<\/strong> zu \u00fcbermitteln (in Papierform oder elektronisch).<\/p>\n<p style=\"text-align: justify;\">Das \u00fcberarbeitete Sicherheitsdatenblatt muss das Datum der letzten \u00dcberarbeitung\/Aktualisierung enthalten. Auf der <a href=\"https:\/\/www.msds-europe.com\/de\/inhalt-und-formatelemente-eines-sicherheitsdatenblattes\/\">ersten Seite<\/a> ist au\u00dferdem das Datum der Erstellung anzugeben.<\/p>\n<p style=\"text-align: justify;\">Bei der \u00dcbermittlung der neuen Fassung sind die Abnehmer in Abschnitt 16 des Sicherheitsdatenblatts auf die \u00c4nderungen hinzuweisen (sofern die \u00c4nderungen nicht an anderer Stelle eindeutig angegeben sind).<\/p>\n<p style=\"text-align: justify;\">Bei \u00fcberarbeiteten Sicherheitsdatenbl\u00e4ttern ist auf der ersten Seite zus\u00e4tzlich anzugeben: \u201e\u00dcberarbeitet am (Datum)\u201c, die Versions- bzw. Revisionsnummer sowie \u2013 sofern zutreffend \u2013 das Datum des Inkrafttretens der ge\u00e4nderten Fassung oder ein Hinweis darauf, welche fr\u00fchere Fassung ersetzt wird.<\/p>\n<p>&nbsp;<\/p>\n<p><a name=\"verantwortlich\"><\/a><\/p>\n<h2 style=\"text-align: justify;\">Verantwortung von Arbeitgebern und Herstellern<\/h2>\n<p style=\"text-align: justify;\">Arbeitgeber und Hersteller sind daf\u00fcr verantwortlich, sicherzustellen, dass das Sicherheitsdatenblatt f\u00fcr ihre Produkte korrekt und aktuell ist. Dazu geh\u00f6rt, das Sicherheitsdatenblatt bei Bedarf zu \u00fcberarbeiten oder zu aktualisieren und den Mitarbeitenden die aktuellsten Informationen \u00fcber die mit dem Produkt verbundenen Gefahren und erforderlichen Risikomanagementma\u00dfnahmen bereitzustellen.<\/p>\n<p style=\"text-align: justify;\">Eine versp\u00e4tete Aktualisierung kann zu einer Nichterf\u00fcllung gesetzlicher Anforderungen und zu potenziellen Sicherheitsrisiken f\u00fcr Mitarbeitende und Verbraucher f\u00fchren.<\/p>\n<p>&nbsp;<\/p>\n<p><a name=\"zusammenfassend\"><\/a><\/p>\n<h2>Zusammenfassend<\/h2>\n<p style=\"text-align: justify;\">Zusammenfassend ist die \u00dcberarbeitung oder Aktualisierung eines Sicherheitsdatenblatts ein wesentlicher Bestandteil zur Gew\u00e4hrleistung der Sicherheit von Arbeitnehmern, Verbrauchern und der Umwelt. Arbeitgeber und Hersteller sollten sicherstellen, dass ihre Produkte von einem korrekten und aktuellen Sicherheitsdatenblatt begleitet werden und dass dieses unverz\u00fcglich aktualisiert wird, sobald neue relevante Informationen vorliegen.<\/p>\n<p>&nbsp;<\/p>\n<h3><span style=\"color: #333333;\">Angebotene Dienstleistungen<\/span><\/h3>\n<ul>\n<li><a href=\"https:\/\/www.msds-europe.com\/de\/sds-aktualisierung-ueberarbeitung\/\">Aktualisierung von Sicherheitsdatenbl\u00e4ttern<\/a><\/li>\n<li><a href=\"https:\/\/www.msds-europe.com\/de\/erstellung-von-etikettenentwuerfen\/\">Erstellung von Etikettenentw\u00fcrfen<\/a><\/li>\n<\/ul>\n<p>&nbsp;<\/p>\n<h3><span style=\"color: #333333;\">Empfohlene Artikel<\/span><\/h3>\n<ul>\n<li><a title=\"Inhalts- und Formatelemente eines Sicherheitsdatenblatts\" href=\"https:\/\/www.msds-europe.com\/de\/inhalt-und-formatelemente-eines-sicherheitsdatenblattes\/\">Inhalts- und Formatelemente eines Sicherheitsdatenblatts<\/a><\/li>\n<li><a title=\"Bedingungen, unter denen ein Sicherheitsdatenblatt bereitgestellt werden muss\" href=\"https:\/\/www.msds-europe.com\/de\/wenn-ein-sdb-geliefert-werden-muss\/\">Bedingungen, unter denen ein Sicherheitsdatenblatt bereitgestellt werden muss<\/a><\/li>\n<\/ul>\n<p>&nbsp;<\/p>\n<h3><span style=\"color: #333333;\">H\u00e4ufig gestellte Fragen und Antworten<\/span><\/h3>\n<div class=\"su-spoiler su-spoiler-style-fancy su-spoiler-icon-chevron su-spoiler-closed\" data-scroll-offset=\"0\" data-anchor-in-url=\"no\"><div class=\"su-spoiler-title\" tabindex=\"0\" role=\"button\"><span class=\"su-spoiler-icon\"><\/span>Wann muss das Sicherheitsdatenblatt unverz\u00fcglich aktualisiert werden?<\/div><div class=\"su-spoiler-content su-u-clearfix su-u-trim\">\nSobald neue Informationen verf\u00fcgbar sind, die die Risikomanagementma\u00dfnahmen oder die Einstufung beeinflussen, oder wenn f\u00fcr den Stoff eine Zulassungs- bzw. Beschr\u00e4nkungsentscheidung getroffen wurde.<br \/>\n<\/div><\/div>\n<div class=\"su-spoiler su-spoiler-style-fancy su-spoiler-icon-chevron su-spoiler-closed\" data-scroll-offset=\"0\" data-anchor-in-url=\"no\"><div class=\"su-spoiler-title\" tabindex=\"0\" role=\"button\"><span class=\"su-spoiler-icon\"><\/span>Wodurch ist ein Sicherheitsdatenblatt \u201eg\u00fcltig\u201c, wenn es kein Ablaufdatum hat?<\/div><div class=\"su-spoiler-content su-u-clearfix su-u-trim\">\nDadurch, dass Inhalt und Format den aktuell geltenden Rechtsvorschriften entsprechen \u2013 derzeit insbesondere der Verordnung (EU) 2020\/878 (Anhang II der REACH-Verordnung).<br \/>\n<\/div><\/div>\n<div class=\"su-spoiler su-spoiler-style-fancy su-spoiler-icon-chevron su-spoiler-closed\" data-scroll-offset=\"0\" data-anchor-in-url=\"no\"><div class=\"su-spoiler-title\" tabindex=\"0\" role=\"button\"><span class=\"su-spoiler-icon\"><\/span>Wem muss das aktualisierte Sicherheitsdatenblatt \u00fcbermittelt werden und innerhalb welcher Frist?<\/div><div class=\"su-spoiler-content su-u-clearfix su-u-trim\">\nAllen Abnehmern, die in den letzten 12 Monaten mit dem Stoff oder Gemisch beliefert wurden \u2013 unaufgefordert und kostenlos, in Papierform oder elektronisch.<br \/>\n<\/div><\/div>\n","protected":false},"excerpt":{"rendered":"<p>Wie lange ist ein Sicherheitsdatenblatt g\u00fcltig? Wann sollten die Sicherheitsdatenbl\u00e4tter aktualisiert\/\u00fcberarbeitet werden?<\/p>\n","protected":false},"author":2,"featured_media":0,"parent":0,"menu_order":0,"comment_status":"closed","ping_status":"closed","template":"","meta":{"_acf_changed":false,"footnotes":""},"tags":[247,357],"class_list":["post-5936","page","type-page","status-publish","hentry","tag-sicherheitsdatenblatt","tag-sicherheitsdatenblatt-wissensbasis"],"acf":[],"yoast_head":"<!-- This site is optimized with the Yoast SEO plugin v27.2 - https:\/\/yoast.com\/product\/yoast-seo-wordpress\/ -->\n<title>G\u00fcltigkeitsdauer eines Sicherheitsdatenblattes<\/title>\n<meta name=\"description\" content=\"Wie lange ist ein Sicherheitsdatenblatt g\u00fcltig? Antwort unseres Experten: In der EU gibt es keine G\u00fcltigkeitsdauer, aber...\" \/>\n<meta name=\"robots\" content=\"index, follow, max-snippet:-1, max-image-preview:large, max-video-preview:-1\" \/>\n<link rel=\"canonical\" href=\"https:\/\/www.msds-europe.com\/de\/gueltigkeitsdauer-sicherheitsdatenblatt\/\" \/>\n<meta property=\"og:locale\" content=\"de_DE\" \/>\n<meta property=\"og:type\" content=\"article\" \/>\n<meta property=\"og:title\" content=\"G\u00fcltigkeitsdauer eines Sicherheitsdatenblattes\" \/>\n<meta property=\"og:description\" content=\"Wie lange ist ein Sicherheitsdatenblatt g\u00fcltig? Antwort unseres Experten: In der EU gibt es keine G\u00fcltigkeitsdauer, aber...\" \/>\n<meta property=\"og:url\" content=\"https:\/\/www.msds-europe.com\/de\/gueltigkeitsdauer-sicherheitsdatenblatt\/\" \/>\n<meta property=\"og:site_name\" content=\"MSDS Europe\" \/>\n<meta property=\"article:publisher\" content=\"https:\/\/www.facebook.com\/toxinfokft\/\" \/>\n<meta property=\"article:modified_time\" content=\"2026-03-19T10:27:17+00:00\" \/>\n<meta name=\"twitter:card\" content=\"summary_large_image\" \/>\n<meta name=\"twitter:site\" content=\"@ToxInfoKft\" \/>\n<meta name=\"twitter:label1\" content=\"Gesch\u00e4tzte Lesezeit\" \/>\n\t<meta name=\"twitter:data1\" content=\"3\u00a0Minuten\" \/>\n<script type=\"application\/ld+json\" class=\"yoast-schema-graph\">{\"@context\":\"https:\/\/schema.org\",\"@graph\":[{\"@type\":\"WebPage\",\"@id\":\"https:\/\/www.msds-europe.com\/de\/gueltigkeitsdauer-sicherheitsdatenblatt\/\",\"url\":\"https:\/\/www.msds-europe.com\/de\/gueltigkeitsdauer-sicherheitsdatenblatt\/\",\"name\":\"G\u00fcltigkeitsdauer eines Sicherheitsdatenblattes\",\"isPartOf\":{\"@id\":\"https:\/\/www.msds-europe.com\/es\/#website\"},\"datePublished\":\"2018-06-25T12:21:40+00:00\",\"dateModified\":\"2026-03-19T10:27:17+00:00\",\"description\":\"Wie lange ist ein Sicherheitsdatenblatt g\u00fcltig? Antwort unseres Experten: In der EU gibt es keine G\u00fcltigkeitsdauer, aber...\",\"breadcrumb\":{\"@id\":\"https:\/\/www.msds-europe.com\/de\/gueltigkeitsdauer-sicherheitsdatenblatt\/#breadcrumb\"},\"inLanguage\":\"de\",\"potentialAction\":[{\"@type\":\"ReadAction\",\"target\":[\"https:\/\/www.msds-europe.com\/de\/gueltigkeitsdauer-sicherheitsdatenblatt\/\"]}]},{\"@type\":\"BreadcrumbList\",\"@id\":\"https:\/\/www.msds-europe.com\/de\/gueltigkeitsdauer-sicherheitsdatenblatt\/#breadcrumb\",\"itemListElement\":[{\"@type\":\"ListItem\",\"position\":1,\"name\":\"F\u0151oldal\",\"item\":\"https:\/\/www.msds-europe.com\/de\/\"},{\"@type\":\"ListItem\",\"position\":2,\"name\":\"G\u00fcltigkeitsdauer eines Sicherheitsdatenblattes\"}]},{\"@type\":\"WebSite\",\"@id\":\"https:\/\/www.msds-europe.com\/es\/#website\",\"url\":\"https:\/\/www.msds-europe.com\/es\/\",\"name\":\"MSDS Europe\",\"description\":\"\",\"publisher\":{\"@id\":\"https:\/\/www.msds-europe.com\/es\/#organization\"},\"potentialAction\":[{\"@type\":\"SearchAction\",\"target\":{\"@type\":\"EntryPoint\",\"urlTemplate\":\"https:\/\/www.msds-europe.com\/es\/?s={search_term_string}\"},\"query-input\":{\"@type\":\"PropertyValueSpecification\",\"valueRequired\":true,\"valueName\":\"search_term_string\"}}],\"inLanguage\":\"de\"},{\"@type\":\"Organization\",\"@id\":\"https:\/\/www.msds-europe.com\/es\/#organization\",\"name\":\"MSDS-Europe International branch of ToxInfo\",\"url\":\"https:\/\/www.msds-europe.com\/es\/\",\"logo\":{\"@type\":\"ImageObject\",\"inLanguage\":\"de\",\"@id\":\"https:\/\/www.msds-europe.com\/es\/#\/schema\/logo\/image\/\",\"url\":\"https:\/\/www.msds-europe.com\/wp-content\/uploads\/2021\/04\/msds-europe-logo.jpg\",\"contentUrl\":\"https:\/\/www.msds-europe.com\/wp-content\/uploads\/2021\/04\/msds-europe-logo.jpg\",\"width\":2296,\"height\":1067,\"caption\":\"MSDS-Europe International branch of ToxInfo\"},\"image\":{\"@id\":\"https:\/\/www.msds-europe.com\/es\/#\/schema\/logo\/image\/\"},\"sameAs\":[\"https:\/\/www.facebook.com\/toxinfokft\/\",\"https:\/\/x.com\/ToxInfoKft\"]}]}<\/script>\n<!-- \/ Yoast SEO plugin. -->","yoast_head_json":{"title":"G\u00fcltigkeitsdauer eines Sicherheitsdatenblattes","description":"Wie lange ist ein Sicherheitsdatenblatt g\u00fcltig? Antwort unseres Experten: In der EU gibt es keine G\u00fcltigkeitsdauer, aber...","robots":{"index":"index","follow":"follow","max-snippet":"max-snippet:-1","max-image-preview":"max-image-preview:large","max-video-preview":"max-video-preview:-1"},"canonical":"https:\/\/www.msds-europe.com\/de\/gueltigkeitsdauer-sicherheitsdatenblatt\/","og_locale":"de_DE","og_type":"article","og_title":"G\u00fcltigkeitsdauer eines Sicherheitsdatenblattes","og_description":"Wie lange ist ein Sicherheitsdatenblatt g\u00fcltig? Antwort unseres Experten: In der EU gibt es keine G\u00fcltigkeitsdauer, aber...","og_url":"https:\/\/www.msds-europe.com\/de\/gueltigkeitsdauer-sicherheitsdatenblatt\/","og_site_name":"MSDS Europe","article_publisher":"https:\/\/www.facebook.com\/toxinfokft\/","article_modified_time":"2026-03-19T10:27:17+00:00","twitter_card":"summary_large_image","twitter_site":"@ToxInfoKft","twitter_misc":{"Gesch\u00e4tzte Lesezeit":"3\u00a0Minuten"},"schema":{"@context":"https:\/\/schema.org","@graph":[{"@type":"WebPage","@id":"https:\/\/www.msds-europe.com\/de\/gueltigkeitsdauer-sicherheitsdatenblatt\/","url":"https:\/\/www.msds-europe.com\/de\/gueltigkeitsdauer-sicherheitsdatenblatt\/","name":"G\u00fcltigkeitsdauer eines Sicherheitsdatenblattes","isPartOf":{"@id":"https:\/\/www.msds-europe.com\/es\/#website"},"datePublished":"2018-06-25T12:21:40+00:00","dateModified":"2026-03-19T10:27:17+00:00","description":"Wie lange ist ein Sicherheitsdatenblatt g\u00fcltig? Antwort unseres Experten: In der EU gibt es keine G\u00fcltigkeitsdauer, aber...","breadcrumb":{"@id":"https:\/\/www.msds-europe.com\/de\/gueltigkeitsdauer-sicherheitsdatenblatt\/#breadcrumb"},"inLanguage":"de","potentialAction":[{"@type":"ReadAction","target":["https:\/\/www.msds-europe.com\/de\/gueltigkeitsdauer-sicherheitsdatenblatt\/"]}]},{"@type":"BreadcrumbList","@id":"https:\/\/www.msds-europe.com\/de\/gueltigkeitsdauer-sicherheitsdatenblatt\/#breadcrumb","itemListElement":[{"@type":"ListItem","position":1,"name":"F\u0151oldal","item":"https:\/\/www.msds-europe.com\/de\/"},{"@type":"ListItem","position":2,"name":"G\u00fcltigkeitsdauer eines Sicherheitsdatenblattes"}]},{"@type":"WebSite","@id":"https:\/\/www.msds-europe.com\/es\/#website","url":"https:\/\/www.msds-europe.com\/es\/","name":"MSDS Europe","description":"","publisher":{"@id":"https:\/\/www.msds-europe.com\/es\/#organization"},"potentialAction":[{"@type":"SearchAction","target":{"@type":"EntryPoint","urlTemplate":"https:\/\/www.msds-europe.com\/es\/?s={search_term_string}"},"query-input":{"@type":"PropertyValueSpecification","valueRequired":true,"valueName":"search_term_string"}}],"inLanguage":"de"},{"@type":"Organization","@id":"https:\/\/www.msds-europe.com\/es\/#organization","name":"MSDS-Europe International branch of ToxInfo","url":"https:\/\/www.msds-europe.com\/es\/","logo":{"@type":"ImageObject","inLanguage":"de","@id":"https:\/\/www.msds-europe.com\/es\/#\/schema\/logo\/image\/","url":"https:\/\/www.msds-europe.com\/wp-content\/uploads\/2021\/04\/msds-europe-logo.jpg","contentUrl":"https:\/\/www.msds-europe.com\/wp-content\/uploads\/2021\/04\/msds-europe-logo.jpg","width":2296,"height":1067,"caption":"MSDS-Europe International branch of ToxInfo"},"image":{"@id":"https:\/\/www.msds-europe.com\/es\/#\/schema\/logo\/image\/"},"sameAs":["https:\/\/www.facebook.com\/toxinfokft\/","https:\/\/x.com\/ToxInfoKft"]}]}},"_links":{"self":[{"href":"https:\/\/www.msds-europe.com\/de\/wp-json\/wp\/v2\/pages\/5936","targetHints":{"allow":["GET"]}}],"collection":[{"href":"https:\/\/www.msds-europe.com\/de\/wp-json\/wp\/v2\/pages"}],"about":[{"href":"https:\/\/www.msds-europe.com\/de\/wp-json\/wp\/v2\/types\/page"}],"author":[{"embeddable":true,"href":"https:\/\/www.msds-europe.com\/de\/wp-json\/wp\/v2\/users\/2"}],"replies":[{"embeddable":true,"href":"https:\/\/www.msds-europe.com\/de\/wp-json\/wp\/v2\/comments?post=5936"}],"version-history":[{"count":15,"href":"https:\/\/www.msds-europe.com\/de\/wp-json\/wp\/v2\/pages\/5936\/revisions"}],"predecessor-version":[{"id":38672,"href":"https:\/\/www.msds-europe.com\/de\/wp-json\/wp\/v2\/pages\/5936\/revisions\/38672"}],"wp:attachment":[{"href":"https:\/\/www.msds-europe.com\/de\/wp-json\/wp\/v2\/media?parent=5936"}],"wp:term":[{"taxonomy":"post_tag","embeddable":true,"href":"https:\/\/www.msds-europe.com\/de\/wp-json\/wp\/v2\/tags?post=5936"}],"curies":[{"name":"wp","href":"https:\/\/api.w.org\/{rel}","templated":true}]}}