{"id":5930,"date":"2018-06-25T12:10:27","date_gmt":"2018-06-25T12:10:27","guid":{"rendered":"http:\/\/www.msds-europe.com\/nutzliche-informationen-fur-nachgeschaltete-anwender-in-verbindung-mit-den-sicherheitsdatenblatter\/"},"modified":"2026-04-20T09:35:32","modified_gmt":"2026-04-20T09:35:32","slug":"ueber-sdb-fuer-nachgeschaltete-anwender","status":"publish","type":"page","link":"https:\/\/www.msds-europe.com\/de\/ueber-sdb-fuer-nachgeschaltete-anwender\/","title":{"rendered":"N\u00fctzliche Informationen f\u00fcr nachgeschaltete Anwender in Verbindung mit den Sicherheitsdatenbl\u00e4tter"},"content":{"rendered":"<p style=\"text-align: right;\"><em><a href=\"https:\/\/www.msds-europe.com\/de\/nutzliche-informationen-und-hintergrundsmaterialien-fur-sicherheitsdatenblatter\/\">Sicherheitsdatenblatt-Wissensdatenbank<\/a>\u00a0\u2013\u00a0\u00dcber das Sicherheitsdatenblatt f\u00fcr nachgeschaltete Anwender<\/em><\/p>\n<p>&nbsp;<\/p>\n<h2 style=\"text-align: justify;\">Das Sicherheitsdatenblatt als Kommunikationsmittel<\/h2>\n<p style=\"text-align: justify;\">Sicherheitsdatenbl\u00e4tter sind wichtige Kommunikationsmittel in der Lieferkette. Sie helfen allen Akteuren der Lieferkette, ihren Verantwortlichkeiten in Bezug auf das Risikomanagement von Stoffen und Gemischen gerecht zu werden.<\/p>\n<p style=\"text-align: justify;\">Nachgeschaltete Anwender werden in Form eines Sicherheitsdatenblatts \u00fcber die Risiken informiert, die sich aus der identifizierten Verwendung und den Ma\u00dfnahmen zur Beherrschung dieser Risiken ergeben.<\/p>\n<p>&nbsp;<\/p>\n<h2 style=\"text-align: justify;\">Expositionsszenarium<\/h2>\n<p style=\"text-align: justify;\">Einige Sicherheitsdatenbl\u00e4tter enthalten auch einen Anhang, der als <a href=\"https:\/\/www.msds-europe.com\/checking-implementing-exposure-scenario\/\">Expositionsszenarium<\/a> bezeichnet wird. Das Expositionsszenarium enth\u00e4lt detailliertere Informationen zur sicheren Verwendung und zur Reduzierung der Exposition als das Sicherheitsdatenblatt allein.<\/p>\n<p style=\"text-align: justify;\">Wenn das Expositionsszenarium den vorgesehenen Verwendungszweck nicht abdeckt, sollte Kontakt mit dem Lieferanten aufgenommen werden. Andernfalls sollten nachgeschaltete Anwender ihren eigenen <a href=\"https:\/\/www.msds-europe.com\/downstream-user-chemical-safety-assessment\/\">Bericht \u00fcber die chemische Sicherheit<\/a> erstellen.<\/p>\n<p>&nbsp;<\/p>\n<h2 style=\"text-align: justify;\">Aufgaben, wenn Sie f\u00fcr den gelieferten Stoff oder das Gemisch kein Sicherheitsdatenblatt erhalten<\/h2>\n<p style=\"text-align: justify;\">Auch ohne Sicherheitsdatenblatt m\u00fcssen Sie die Risikomanagementma\u00dfnahmen umsetzen (und gegen\u00fcber anderen Akteuren der Lieferkette kommunizieren), die der Lieferant auf anderem Wege mitteilt (z.\u00a0B. in einer schriftlichen Erkl\u00e4rung, in einem technischen Datenblatt, in Spezifikationen usw.).<\/p>\n<p style=\"text-align: justify;\">Dass Sie kein Sicherheitsdatenblatt erhalten haben, bedeutet h\u00e4ufig, dass der Stoff oder das Gemisch nicht als gef\u00e4hrlich eingestuft ist.<\/p>\n<p style=\"text-align: justify;\">Trotzdem sollten Sie den Lieferanten kontaktieren und ein Sicherheitsdatenblatt anfordern (in einigen F\u00e4llen erlaubt die Gesetzgebung dem Lieferanten, ein Sicherheitsdatenblatt nur auf Anfrage bereitzustellen).<\/p>\n<p>&nbsp;<\/p>\n<h2 style=\"text-align: justify;\">Aufgaben nach Erhalt eines Sicherheitsdatenblatts<\/h2>\n<p style=\"text-align: justify;\">Pr\u00fcfen Sie, ob im Sicherheitsdatenblatt eine Registrierungsnummer angegeben ist.<\/p>\n<p style=\"text-align: justify;\">Sobald Sie ein Sicherheitsdatenblatt mit einer Registrierungsnummer erhalten haben, beginnt eine Frist von 12 Monaten, innerhalb derer Sie Ihren Verpflichtungen als nachgeschalteter Anwender gem\u00e4\u00df der REACH-Verordnung nachkommen m\u00fcssen.<\/p>\n<p style=\"text-align: justify;\">Wenn ein Stoff noch nicht registriert wurde und keine Registrierungsnummer angegeben ist, k\u00f6nnen Sie wie im Sicherheitsdatenblatt beschrieben verfahren.<\/p>\n<p style=\"text-align: justify;\">Pr\u00fcfen Sie die Informationen zu Gef\u00e4hrdungen und zu Risikomanagementma\u00dfnahmen und kl\u00e4ren Sie, ob Stoffe als solche oder in Gemischen einer Zulassungspflicht oder Beschr\u00e4nkungen unterliegen.<\/p>\n<p style=\"text-align: justify;\">Wenn Ihr Lieferant zum Schutz der menschlichen Gesundheit oder aus Gr\u00fcnden des Umweltschutzes von bestimmten Verwendungen abr\u00e4t, muss er in Abschnitt 16 des Sicherheitsdatenblatts oder in den nach Artikel 32 bereitgestellten Informationen darauf hinweisen. Werden keine Gr\u00fcnde genannt, k\u00f6nnen Sie sich nach den Gr\u00fcnden erkundigen.<\/p>\n<p>&nbsp;<\/p>\n<h3 style=\"text-align: justify;\">Aufgaben, wenn von Verwendungen abgeraten wird<\/h3>\n<ul>\n<li style=\"text-align: justify;\">Sie sollten von der betreffenden Verwendung des Stoffs oder des Gemischs absehen.<\/li>\n<li style=\"text-align: justify;\">Allerdings kann die sichere Verwendung durch die Erstellung eines Berichts \u00fcber die chemische Sicherheit durch den nachgeschalteten Anwender nachgewiesen werden. Um den Bericht zu erstellen, m\u00fcssten Sie die Verwendung des Stoffs oder des Gemischs differenzierter bewerten als Ihr Lieferant und gegebenenfalls Ihre Verwendungsbedingungen anpassen.<\/li>\n<\/ul>\n<p>&nbsp;<\/p>\n<h3 style=\"text-align: justify;\">Aufgaben in Bezug auf Sicherheitsdatenbl\u00e4tter nachgeschalteter Anwender, die Gemische herstellen<\/h3>\n<p style=\"text-align: justify;\">Es h\u00e4ngt von der <a href=\"https:\/\/www.msds-europe.com\/de\/zusammenstellung-erstellung-von-sicherheitsdatenblaettern\/\">Einstufung Ihres Gemischs ab<\/a>, ob Sie Ihren Abnehmern ein Sicherheitsdatenblatt zur Verf\u00fcgung stellen m\u00fcssen oder nicht.<\/p>\n<p>&nbsp;<\/p>\n<h2 style=\"text-align: justify;\">Ein Sicherheitsdatenblatt sollte f\u00fcr professionelle Benutzer in den folgenden F\u00e4llen bereitgestellt werden<\/h2>\n<ul>\n<li style=\"text-align: justify;\">Wenn der Stoff oder das Gemisch die Kriterien f\u00fcr die Einstufung als gef\u00e4hrlich erf\u00fcllt.<\/li>\n<li style=\"text-align: justify;\">Wenn der Stoff persistent, bioakkumulierbar und toxisch oder sehr persistent und sehr bioakkumulierbar gem\u00e4\u00df den Kriterien des Anhangs XIII ist (PBT bzw. vPvB).<\/li>\n<li style=\"text-align: justify;\">Wenn der Stoff in die gem\u00e4\u00df Artikel 59 Absatz 1 erstellte Kandidatenliste aufgenommen wurde.<\/li>\n<\/ul>\n<p>&nbsp;<\/p>\n<h3 style=\"text-align: justify;\">Wenn das Gemisch nicht als gef\u00e4hrlich eingestuft wird, kann der Abnehmer in folgenden F\u00e4llen ein Sicherheitsdatenblatt anfordern<\/h3>\n<ul>\n<li style=\"text-align: justify;\">wenn es bei nichtgasf\u00f6rmigen Gemischen in einer Einzelkonzentration von \u2265 1\u00a0Gewichtsprozent mindestens einen gef\u00e4hrlichen Stoff enth\u00e4lt,<\/li>\n<li style=\"text-align: justify;\">wenn es bei gasf\u00f6rmigen Gemischen in einer Einzelkonzentration von \u2265 0,2\u00a0Volumenprozent mindestens einen gef\u00e4hrlichen Stoff enth\u00e4lt,<\/li>\n<li style=\"text-align: justify;\">wenn es bei nichtgasf\u00f6rmigen Gemischen in einer Einzelkonzentration von \u2265 0,1\u00a0Gewichtsprozent mindestens einen karzinogenen Stoff der Kategorie\u00a02 oder einen reproduktionstoxischen Stoff der Kategorie\u00a01A, 1B oder\u00a02, einen Hautsensibilisator der Kategorie\u00a01, einen Atemwegssensibilisator der Kategorie\u00a01, einen persistenten, bioakkumulierbaren und toxischen Stoff (PBT) gem\u00e4\u00df den Kriterien nach Anhang\u00a0XIII oder einen sehr persistenten und sehr bioakkumulierbaren Stoff (vPvB) gem\u00e4\u00df den Kriterien nach Anhang\u00a0XIII enth\u00e4lt,<\/li>\n<li style=\"text-align: justify;\">wenn es einen Stoff enth\u00e4lt, der in die gem\u00e4\u00df Artikel 59 Absatz 1 erstellte Kandidatenliste aufgenommen wurde,<\/li>\n<li style=\"text-align: justify;\">wenn es einen Stoff enth\u00e4lt, f\u00fcr den es gemeinschaftliche Grenzwerte f\u00fcr die Exposition am Arbeitsplatz gibt.<\/li>\n<\/ul>\n<p>&nbsp;<\/p>\n<p style=\"text-align: justify;\">In F\u00e4llen, in denen die oben genannten Bedingungen nicht erf\u00fcllt sind und kein Sicherheitsdatenblatt f\u00fcr den Stoff oder das Gemisch erstellt werden muss, m\u00fcssen die Lieferanten allen nachgeschalteten Anwendern und H\u00e4ndlern folgende Informationen bereitstellen (REACH-Artikel 32):<\/p>\n<ul>\n<li style=\"text-align: justify;\">Einzelheiten der erteilten Zulassung, wenn der Stoff einer Zulassung unterliegt, oder die entsprechenden Angaben zu einer Beschr\u00e4nkung, sofern eine Beschr\u00e4nkung gilt;<\/li>\n<li style=\"text-align: justify;\">alle relevanten Informationen \u00fcber den Stoff, die notwendig sind, um geeignete Risikomanagementma\u00dfnahmen zu identifizieren und anzuwenden;<\/li>\n<li style=\"text-align: justify;\">die Registrierungsnummer(n), falls verf\u00fcgbar, f\u00fcr alle Stoffe, f\u00fcr die nach den obigen Punkten Informationen \u00fcbermittelt werden.<\/li>\n<\/ul>\n<p>&nbsp;<\/p>\n<p style=\"text-align: justify;\">F\u00fcr gef\u00e4hrliche Stoffe oder Gemische, die f\u00fcr Verbraucher bestimmt sind, muss kein Sicherheitsdatenblatt bereitgestellt werden, sofern ausreichende Informationen zur Verf\u00fcgung gestellt werden, um es den Benutzern zu erm\u00f6glichen, die notwendigen Ma\u00dfnahmen zum Schutz der menschlichen Gesundheit, der Sicherheit und der Umwelt zu ergreifen \u2013 es sei denn, ein nachgeschalteter Anwender oder ein H\u00e4ndler verlangt dies.<\/p>\n<p style=\"text-align: justify;\">Sie finden unseren Artikel \u00fcber den Inhalt und das Format eines Sicherheitsdatenblatts <a href=\"https:\/\/www.msds-europe.com\/de\/inhalt-und-formatelemente-eines-sicherheitsdatenblattes\/\"><strong>hier<\/strong><\/a>.<\/p>\n<p>&nbsp;<\/p>\n<h3><span style=\"color: #333333;\">Angebotene Dienstleistungen<\/span><\/h3>\n<ul>\n<li><a href=\"https:\/\/www.msds-europe.com\/de\/sicherheitsdatenblatt-uebersetzung\/\">\u00dcbersetzung von Sicherheitsdatenbl\u00e4ttern<\/a><\/li>\n<li><a href=\"https:\/\/www.msds-europe.com\/de\/sds-aktualisierung-ueberarbeitung\/\">Aktualisierung von Sicherheitsdatenbl\u00e4ttern<\/a><\/li>\n<li><a href=\"https:\/\/www.msds-europe.com\/de\/zusammenstellung-erstellung-von-sicherheitsdatenblaettern\/\">Neuerstellung von Sicherheitsdatenbl\u00e4ttern<\/a><\/li>\n<\/ul>\n<p>&nbsp;<\/p>\n<h3><span style=\"color: #333333;\">Schnelle Fragen und Antworten<\/span><\/h3>\n<p style=\"text-align: justify;\"><div class=\"su-spoiler su-spoiler-style-fancy su-spoiler-icon-chevron su-spoiler-closed\" data-scroll-offset=\"0\" data-anchor-in-url=\"no\"><div class=\"su-spoiler-title\" tabindex=\"0\" role=\"button\"><span class=\"su-spoiler-icon\"><\/span>Warum ist das Sicherheitsdatenblatt ein wichtiges Kommunikationsmittel in der Lieferkette?<\/div><div class=\"su-spoiler-content su-u-clearfix su-u-trim\">\nWeil es allen Akteuren die Risiken und die notwendigen Risikomanagementma\u00dfnahmen einheitlich vermittelt und damit hilft, gesetzliche Pflichten zu erf\u00fcllen.<br \/>\n<\/div><\/div>\n<p style=\"text-align: justify;\"><div class=\"su-spoiler su-spoiler-style-fancy su-spoiler-icon-chevron su-spoiler-closed\" data-scroll-offset=\"0\" data-anchor-in-url=\"no\"><div class=\"su-spoiler-title\" tabindex=\"0\" role=\"button\"><span class=\"su-spoiler-icon\"><\/span>Was ist zu tun, wenn das Expositionsszenarium die beabsichtigte Verwendung nicht abdeckt?<\/div><div class=\"su-spoiler-content su-u-clearfix su-u-trim\">\nDen Lieferanten um eine Erweiterung bitten; andernfalls muss der nachgeschaltete Anwender einen eigenen Bericht \u00fcber die chemische Sicherheit erstellen.<br \/>\n<\/div><\/div>\n<p style=\"text-align: justify;\"><div class=\"su-spoiler su-spoiler-style-fancy su-spoiler-icon-chevron su-spoiler-closed\" data-scroll-offset=\"0\" data-anchor-in-url=\"no\"><div class=\"su-spoiler-title\" tabindex=\"0\" role=\"button\"><span class=\"su-spoiler-icon\"><\/span>Was ist beim Erhalt des Sicherheitsdatenblatts zu pr\u00fcfen und welche Frist gilt f\u00fcr die Pflichterf\u00fcllung?<\/div><div class=\"su-spoiler-content su-u-clearfix su-u-trim\">\nRegistrierungsnummer, Angaben zu Gefahren und Risikomanagementma\u00dfnahmen sowie etwaige Zulassungs- oder Beschr\u00e4nkungspflichten pr\u00fcfen; liegt eine Registrierungsnummer vor, haben nachgeschaltete Anwender 12 Monate zur Erf\u00fcllung ihrer REACH-Pflichten.<br \/>\n<\/div><\/div>\n<p style=\"text-align: justify;\"><div class=\"su-spoiler su-spoiler-style-fancy su-spoiler-icon-chevron su-spoiler-closed\" data-scroll-offset=\"0\" data-anchor-in-url=\"no\"><div class=\"su-spoiler-title\" tabindex=\"0\" role=\"button\"><span class=\"su-spoiler-icon\"><\/span>Wann ist die Bereitstellung eines Sicherheitsdatenblatts verpflichtend und kann es auch verlangt werden, wenn das Gemisch nicht gef\u00e4hrlich ist?<\/div><div class=\"su-spoiler-content su-u-clearfix su-u-trim\">\nVerpflichtend bei gef\u00e4hrlichen Stoffen\/Gemischen, PBT\/vPvB oder Kandidatenlisten-Stoffen; bei nicht gef\u00e4hrlichen Gemischen kann es dennoch angefordert werden, wenn sie bestimmte Mengen gef\u00e4hrlicher, PBT\/vPvB-, Kandidatenlisten- oder Arbeitsplatzgrenzwert-Stoffe enthalten.<br \/>\n<\/div><\/div>\n<p>&nbsp;<\/p>\n","protected":false},"excerpt":{"rendered":"<p>N\u00fctzliche Hintergrundinformationen f\u00fcr nachgeschaltete Anwender in Verbindung mit den Sicherheitsdatenbl\u00e4tter<\/p>\n","protected":false},"author":2,"featured_media":0,"parent":0,"menu_order":0,"comment_status":"closed","ping_status":"closed","template":"","meta":{"_acf_changed":false,"footnotes":""},"tags":[247,357],"class_list":["post-5930","page","type-page","status-publish","hentry","tag-sicherheitsdatenblatt","tag-sicherheitsdatenblatt-wissensbasis"],"acf":[],"yoast_head":"<!-- This site is optimized with the Yoast SEO plugin v27.2 - https:\/\/yoast.com\/product\/yoast-seo-wordpress\/ -->\n<title>N\u00fctzliche Informationen f\u00fcr nachgeschaltete Anwender<\/title>\n<meta name=\"description\" content=\"Aufgaben der nachgeschalteten Anwender in Verbindung mit dem erhaltenen Sicherheitsdatenblatt. MSDS-Europe\" \/>\n<meta name=\"robots\" content=\"index, follow, max-snippet:-1, max-image-preview:large, max-video-preview:-1\" \/>\n<link rel=\"canonical\" href=\"https:\/\/www.msds-europe.com\/de\/ueber-sdb-fuer-nachgeschaltete-anwender\/\" \/>\n<meta property=\"og:locale\" content=\"de_DE\" \/>\n<meta property=\"og:type\" content=\"article\" \/>\n<meta property=\"og:title\" content=\"N\u00fctzliche Informationen f\u00fcr nachgeschaltete Anwender\" \/>\n<meta property=\"og:description\" content=\"Aufgaben der nachgeschalteten Anwender in Verbindung mit dem erhaltenen Sicherheitsdatenblatt. MSDS-Europe\" \/>\n<meta property=\"og:url\" content=\"https:\/\/www.msds-europe.com\/de\/ueber-sdb-fuer-nachgeschaltete-anwender\/\" \/>\n<meta property=\"og:site_name\" content=\"MSDS Europe\" \/>\n<meta property=\"article:publisher\" content=\"https:\/\/www.facebook.com\/toxinfokft\/\" \/>\n<meta property=\"article:modified_time\" content=\"2026-04-20T09:35:32+00:00\" \/>\n<meta name=\"twitter:card\" content=\"summary_large_image\" \/>\n<meta name=\"twitter:site\" content=\"@ToxInfoKft\" \/>\n<meta name=\"twitter:label1\" content=\"Gesch\u00e4tzte Lesezeit\" \/>\n\t<meta name=\"twitter:data1\" content=\"5\u00a0Minuten\" \/>\n<script type=\"application\/ld+json\" class=\"yoast-schema-graph\">{\"@context\":\"https:\/\/schema.org\",\"@graph\":[{\"@type\":\"WebPage\",\"@id\":\"https:\/\/www.msds-europe.com\/de\/ueber-sdb-fuer-nachgeschaltete-anwender\/\",\"url\":\"https:\/\/www.msds-europe.com\/de\/ueber-sdb-fuer-nachgeschaltete-anwender\/\",\"name\":\"N\u00fctzliche Informationen f\u00fcr nachgeschaltete Anwender\",\"isPartOf\":{\"@id\":\"https:\/\/www.msds-europe.com\/es\/#website\"},\"datePublished\":\"2018-06-25T12:10:27+00:00\",\"dateModified\":\"2026-04-20T09:35:32+00:00\",\"description\":\"Aufgaben der nachgeschalteten Anwender in Verbindung mit dem erhaltenen Sicherheitsdatenblatt. MSDS-Europe\",\"breadcrumb\":{\"@id\":\"https:\/\/www.msds-europe.com\/de\/ueber-sdb-fuer-nachgeschaltete-anwender\/#breadcrumb\"},\"inLanguage\":\"de\",\"potentialAction\":[{\"@type\":\"ReadAction\",\"target\":[\"https:\/\/www.msds-europe.com\/de\/ueber-sdb-fuer-nachgeschaltete-anwender\/\"]}]},{\"@type\":\"BreadcrumbList\",\"@id\":\"https:\/\/www.msds-europe.com\/de\/ueber-sdb-fuer-nachgeschaltete-anwender\/#breadcrumb\",\"itemListElement\":[{\"@type\":\"ListItem\",\"position\":1,\"name\":\"F\u0151oldal\",\"item\":\"https:\/\/www.msds-europe.com\/de\/\"},{\"@type\":\"ListItem\",\"position\":2,\"name\":\"N\u00fctzliche Informationen f\u00fcr nachgeschaltete Anwender in Verbindung mit den Sicherheitsdatenbl\u00e4tter\"}]},{\"@type\":\"WebSite\",\"@id\":\"https:\/\/www.msds-europe.com\/es\/#website\",\"url\":\"https:\/\/www.msds-europe.com\/es\/\",\"name\":\"MSDS Europe\",\"description\":\"\",\"publisher\":{\"@id\":\"https:\/\/www.msds-europe.com\/es\/#organization\"},\"potentialAction\":[{\"@type\":\"SearchAction\",\"target\":{\"@type\":\"EntryPoint\",\"urlTemplate\":\"https:\/\/www.msds-europe.com\/es\/?s={search_term_string}\"},\"query-input\":{\"@type\":\"PropertyValueSpecification\",\"valueRequired\":true,\"valueName\":\"search_term_string\"}}],\"inLanguage\":\"de\"},{\"@type\":\"Organization\",\"@id\":\"https:\/\/www.msds-europe.com\/es\/#organization\",\"name\":\"MSDS-Europe International branch of ToxInfo\",\"url\":\"https:\/\/www.msds-europe.com\/es\/\",\"logo\":{\"@type\":\"ImageObject\",\"inLanguage\":\"de\",\"@id\":\"https:\/\/www.msds-europe.com\/es\/#\/schema\/logo\/image\/\",\"url\":\"https:\/\/www.msds-europe.com\/wp-content\/uploads\/2021\/04\/msds-europe-logo.jpg\",\"contentUrl\":\"https:\/\/www.msds-europe.com\/wp-content\/uploads\/2021\/04\/msds-europe-logo.jpg\",\"width\":2296,\"height\":1067,\"caption\":\"MSDS-Europe International branch of ToxInfo\"},\"image\":{\"@id\":\"https:\/\/www.msds-europe.com\/es\/#\/schema\/logo\/image\/\"},\"sameAs\":[\"https:\/\/www.facebook.com\/toxinfokft\/\",\"https:\/\/x.com\/ToxInfoKft\"]}]}<\/script>\n<!-- \/ Yoast SEO plugin. -->","yoast_head_json":{"title":"N\u00fctzliche Informationen f\u00fcr nachgeschaltete Anwender","description":"Aufgaben der nachgeschalteten Anwender in Verbindung mit dem erhaltenen Sicherheitsdatenblatt. MSDS-Europe","robots":{"index":"index","follow":"follow","max-snippet":"max-snippet:-1","max-image-preview":"max-image-preview:large","max-video-preview":"max-video-preview:-1"},"canonical":"https:\/\/www.msds-europe.com\/de\/ueber-sdb-fuer-nachgeschaltete-anwender\/","og_locale":"de_DE","og_type":"article","og_title":"N\u00fctzliche Informationen f\u00fcr nachgeschaltete Anwender","og_description":"Aufgaben der nachgeschalteten Anwender in Verbindung mit dem erhaltenen Sicherheitsdatenblatt. MSDS-Europe","og_url":"https:\/\/www.msds-europe.com\/de\/ueber-sdb-fuer-nachgeschaltete-anwender\/","og_site_name":"MSDS Europe","article_publisher":"https:\/\/www.facebook.com\/toxinfokft\/","article_modified_time":"2026-04-20T09:35:32+00:00","twitter_card":"summary_large_image","twitter_site":"@ToxInfoKft","twitter_misc":{"Gesch\u00e4tzte Lesezeit":"5\u00a0Minuten"},"schema":{"@context":"https:\/\/schema.org","@graph":[{"@type":"WebPage","@id":"https:\/\/www.msds-europe.com\/de\/ueber-sdb-fuer-nachgeschaltete-anwender\/","url":"https:\/\/www.msds-europe.com\/de\/ueber-sdb-fuer-nachgeschaltete-anwender\/","name":"N\u00fctzliche Informationen f\u00fcr nachgeschaltete Anwender","isPartOf":{"@id":"https:\/\/www.msds-europe.com\/es\/#website"},"datePublished":"2018-06-25T12:10:27+00:00","dateModified":"2026-04-20T09:35:32+00:00","description":"Aufgaben der nachgeschalteten Anwender in Verbindung mit dem erhaltenen Sicherheitsdatenblatt. MSDS-Europe","breadcrumb":{"@id":"https:\/\/www.msds-europe.com\/de\/ueber-sdb-fuer-nachgeschaltete-anwender\/#breadcrumb"},"inLanguage":"de","potentialAction":[{"@type":"ReadAction","target":["https:\/\/www.msds-europe.com\/de\/ueber-sdb-fuer-nachgeschaltete-anwender\/"]}]},{"@type":"BreadcrumbList","@id":"https:\/\/www.msds-europe.com\/de\/ueber-sdb-fuer-nachgeschaltete-anwender\/#breadcrumb","itemListElement":[{"@type":"ListItem","position":1,"name":"F\u0151oldal","item":"https:\/\/www.msds-europe.com\/de\/"},{"@type":"ListItem","position":2,"name":"N\u00fctzliche Informationen f\u00fcr nachgeschaltete Anwender in Verbindung mit den Sicherheitsdatenbl\u00e4tter"}]},{"@type":"WebSite","@id":"https:\/\/www.msds-europe.com\/es\/#website","url":"https:\/\/www.msds-europe.com\/es\/","name":"MSDS Europe","description":"","publisher":{"@id":"https:\/\/www.msds-europe.com\/es\/#organization"},"potentialAction":[{"@type":"SearchAction","target":{"@type":"EntryPoint","urlTemplate":"https:\/\/www.msds-europe.com\/es\/?s={search_term_string}"},"query-input":{"@type":"PropertyValueSpecification","valueRequired":true,"valueName":"search_term_string"}}],"inLanguage":"de"},{"@type":"Organization","@id":"https:\/\/www.msds-europe.com\/es\/#organization","name":"MSDS-Europe International branch of ToxInfo","url":"https:\/\/www.msds-europe.com\/es\/","logo":{"@type":"ImageObject","inLanguage":"de","@id":"https:\/\/www.msds-europe.com\/es\/#\/schema\/logo\/image\/","url":"https:\/\/www.msds-europe.com\/wp-content\/uploads\/2021\/04\/msds-europe-logo.jpg","contentUrl":"https:\/\/www.msds-europe.com\/wp-content\/uploads\/2021\/04\/msds-europe-logo.jpg","width":2296,"height":1067,"caption":"MSDS-Europe International branch of ToxInfo"},"image":{"@id":"https:\/\/www.msds-europe.com\/es\/#\/schema\/logo\/image\/"},"sameAs":["https:\/\/www.facebook.com\/toxinfokft\/","https:\/\/x.com\/ToxInfoKft"]}]}},"_links":{"self":[{"href":"https:\/\/www.msds-europe.com\/de\/wp-json\/wp\/v2\/pages\/5930","targetHints":{"allow":["GET"]}}],"collection":[{"href":"https:\/\/www.msds-europe.com\/de\/wp-json\/wp\/v2\/pages"}],"about":[{"href":"https:\/\/www.msds-europe.com\/de\/wp-json\/wp\/v2\/types\/page"}],"author":[{"embeddable":true,"href":"https:\/\/www.msds-europe.com\/de\/wp-json\/wp\/v2\/users\/2"}],"replies":[{"embeddable":true,"href":"https:\/\/www.msds-europe.com\/de\/wp-json\/wp\/v2\/comments?post=5930"}],"version-history":[{"count":8,"href":"https:\/\/www.msds-europe.com\/de\/wp-json\/wp\/v2\/pages\/5930\/revisions"}],"predecessor-version":[{"id":38922,"href":"https:\/\/www.msds-europe.com\/de\/wp-json\/wp\/v2\/pages\/5930\/revisions\/38922"}],"wp:attachment":[{"href":"https:\/\/www.msds-europe.com\/de\/wp-json\/wp\/v2\/media?parent=5930"}],"wp:term":[{"taxonomy":"post_tag","embeddable":true,"href":"https:\/\/www.msds-europe.com\/de\/wp-json\/wp\/v2\/tags?post=5930"}],"curies":[{"name":"wp","href":"https:\/\/api.w.org\/{rel}","templated":true}]}}