{"id":5922,"date":"2018-06-25T11:51:18","date_gmt":"2018-06-25T11:51:18","guid":{"rendered":"http:\/\/www.msds-europe.com\/meldepflicht-in-das-einstufungs-und-kennzeichnungs-verzeichnis\/"},"modified":"2026-03-19T10:30:23","modified_gmt":"2026-03-19T10:30:23","slug":"clp-einstufungs-kennzeichnungs-verzeichnis","status":"publish","type":"page","link":"https:\/\/www.msds-europe.com\/de\/clp-einstufungs-kennzeichnungs-verzeichnis\/","title":{"rendered":"Meldepflicht in das Einstufungs- und Kennzeichnungs-Verzeichnis"},"content":{"rendered":"<p style=\"text-align: right;\"><em><a href=\"https:\/\/www.msds-europe.com\/de\/nutzliche-informationen-und-hintergrundsmaterialien-fur-sicherheitsdatenblatter\/\">Sicherheitsdatenblatt Wissensbasis<\/a> \u2013\u00a0 Meldepflicht in das Einstufungs- und Kennzeichnungs-Verzeichnis<\/em><\/p>\n<p>&nbsp;<\/p>\n<p style=\"text-align: justify;\">Informationen \u00fcber die Identifizierung, Einstufung und Kennzeichnung des Stoffes sind der Agentur mitzuteilen.<br \/>\nDie CLP-Notifizierung ist kostenlos, Stoffe m\u00fcssen innerhalb eines Monats nach dem Datum ihres Inverkehrbringens gemeldet werden.<\/p>\n<p>&nbsp;<\/p>\n<h2 style=\"text-align: justify;\">Wer muss eine Meldung f\u00fcr das Verzeichnis einreichen?<\/h2>\n<p style=\"text-align: justify;\"><a href=\"https:\/\/www.msds-europe.com\/de\/pfas-eu-regulierung-2025-2026-massnahmen-fuer-unternehmen\/\">Hersteller und Importeure, die einen Stoff in Verkehr bringen<\/a>, haben eine Meldepflicht, wenn der Stoff:<\/p>\n<ul>\n<li style=\"text-align: justify;\">gem\u00e4\u00df REACH registrierungspflichtig ist (\u2265 1 Tonne\/Jahr) und in Verkehr gebracht wird.<\/li>\n<li style=\"text-align: justify;\">als gef\u00e4hrlich gem\u00e4\u00df CLP eingestuft ist und in Verkehr gebracht wird, unabh\u00e4ngig\u00a0 von der Gesamtmenge.<\/li>\n<li style=\"text-align: justify;\">als gef\u00e4hrlich gem\u00e4\u00df CLP eingestuft ist und in einem Gemisch in einer\u00a0 Konzentration vorhanden ist, die \u00fcber den in Anhang I CLP festgelegten Konzentrationsgrenzwerten liegt, was zur Einstufung\u00a0 des Gemisches als gef\u00e4hrlich f\u00fchrt, und das Gemisch in Verkehr gebracht wird.<\/li>\n<\/ul>\n<p style=\"text-align: justify;\">*Beachten Sie bitte, dass Sie einen Stoff, den Sie bereits gem\u00e4\u00df der REACH-Verordnung\u00a0 registriert haben, nicht separat melden m\u00fcssen, wenn die zu meldenden Informationen\u00a0 bereits als Teil des REACH-Registrierungsdossiers bereitgestellt wurden.\u00a0 Dies gilt auch f\u00fcr\u00a0 bestimmte Stoffe, die in Erzeugnissen enthalten sind und f\u00fcr die gem\u00e4\u00df Artikel 7 der\u00a0 REACH-Verordnung die Registrierung vorgesehen ist.<\/p>\n<p style=\"text-align: justify;\">Wenn Sie ein nachgeschalteter Anwender sind, der ein Gemisch formuliert, ein\u00a0 H\u00e4ndler oder ein Produzent von Erzeugnissen, m\u00fcssen Sie der Agentur nicht melden. Dies liegt daran, dass die Meldung Ihres Stoffes bereits in einer fr\u00fcheren Stufe der Lieferkette vorgenommen wurde.<\/p>\n<p>&nbsp;<\/p>\n<h2 style=\"text-align: justify;\">Aktualisierung der gemeldeten Daten<\/h2>\n<p style=\"text-align: justify;\">Beachten Sie zudem, dass Sie Informationen, die Sie zur Meldung vorgelegt haben, aktualisieren m\u00fcssen, falls Sie \u00fcber neue Informationen verf\u00fcgen, die zu einer\u00a0 \u00dcberarbeitung der Einstufungs- und Kennzeichnungselemente eines Stoffs f\u00fchren.<\/p>\n<p>&nbsp;<\/p>\n<h2 style=\"text-align: justify;\">Welche Informationen muss die Meldung enthalten<\/h2>\n<ul>\n<li style=\"text-align: justify;\">Allgemeine Daten des Anmelders<\/li>\n<li style=\"text-align: justify;\">die Identit\u00e4t des Stoffes<\/li>\n<li style=\"text-align: justify;\">Einstufung des Stoffes gem\u00e4\u00df nach den CLP-Kriterien<\/li>\n<li style=\"text-align: justify;\">im Fall der Einstufung eines Stoffes in einige, aber nicht in alle\u00a0 Gefahrenklassen oder Differenzierungen, einen Hinweis darauf, ob\u00a0 dies auf fehlende, nicht schl\u00fcssige oder schl\u00fcssige, aber f\u00fcr die Einstufung nicht ausreichende Daten zur\u00fcckzuf\u00fchren ist;<\/li>\n<li style=\"text-align: justify;\">Gegebenenfalls spezifische Konzentrationsgrenzwerte oder M-Faktoren im Zusammenhang mit der Einstufung als gef\u00e4hrlich f\u00fcr die aquatische Umwelt, d. h. akute Kategorie 1 und chronische Kategorie 1, zusammen mit einer Begr\u00fcndung.<\/li>\n<li style=\"text-align: justify;\">die Kennzeichnungselemente\u00a0 f\u00fcr den Stoff zusammen mit\u00a0 zus\u00e4tzlichen Gefahrenhinweisen gem\u00e4\u00df Artikel 25 Absatz\u00a0 1.<\/li>\n<\/ul>\n<p style=\"text-align: justify;\">* Bei Verwendung des REACH-IT-Systems k\u00f6nnen die erforderlichen Daten abweichen, und in der Praxis sieht der Prozess anders aus.<\/p>\n<p>&nbsp;<\/p>\n<h2 style=\"text-align: justify;\">Gefahrenklassifizierung<\/h2>\n<p style=\"text-align: justify;\">Die <a href=\"https:\/\/www.msds-europe.com\/de\/rechtsanderungsverfolger\/\">CLP-Verordnung<\/a> verpflichtet die Teilnehmer der Industrie aktiv dazu, die Gefahrenklassen zu identifizieren.<br \/>\nDies kann nat\u00fcrlich auch bedeuten, dass ein Stoff von einzelnen Anmeldern in mehrere verschiedene Gefahrenklassen eingeteilt wird.<br \/>\nGem\u00e4\u00df der CLP-Verordnung m\u00fcssen sich\u00a0 Anmelder und Registranten nach Kr\u00e4ften bem\u00fchen,\u00a0 zu einem einvernehmlichen Eintrag zu gelangen. Sie k\u00f6nnen Ihren Stoff jedoch von einem anderen Eintrag abweichend einstufen, vorausgesetzt, Sie f\u00fcgen Ihrer Meldung die Gr\u00fcnde daf\u00fcr bei.<br \/>\nFalls es jedoch f\u00fcr Ihren Stoff eine harmonisierte Einstufung gibt, stufen Sie gem\u00e4\u00df der in Anhang VI Teil 3 CLP aufgef\u00fchrten harmonisierten Einstufung ein und nennen diese Einstufung in Ihrer Meldung.<\/p>\n<p>&nbsp;<\/p>\n<h2 style=\"text-align: justify;\">Format der Meldung im CLP-Einstufungs- und Kennzeichnungsverzeichnis<\/h2>\n<p style=\"text-align: justify;\">Ihre Meldung erfolgt in dem von der Agentur vorgeschriebenen Format.\u00a0 Das Meldungsdossier kann entweder online unter Verwendung des REACH-IT-Werkzeugs erstellt werden, oder es kann in IUCLID 6 (International Uniform Chemical Information Database) erstellt werden.<\/p>\n<p>&nbsp;<\/p>\n<h2 style=\"text-align: justify;\">\u00dcbermittlung neuer Informationen, die die Einstufung und Kennzeichnung im Verzeichniss beeinflussen<\/h2>\n<p style=\"text-align: justify;\">Vorschl\u00e4ge f\u00fcr eine harmonisierte Einstufung k\u00f6nnen auch von Herstellern, Importeuren und nachgeschalteten Anwendern\u00a0 eigenverantwortlich vorgelegt werden. Solche\u00a0 Vorschl\u00e4ge m\u00fcssen sich auf Stoffe beziehen, die karzinogen, mutagen oder\u00a0 reproduktionstoxisch (CMR-Stoffe) oder Inhalationsallergene sind.<\/p>\n<p>&nbsp;<\/p>\n<h2 style=\"text-align: justify;\">Kennzeichnungsverzeichniss<\/h2>\n<p style=\"text-align: justify;\">Die Klassifizierungen aller gem\u00e4\u00df CLP notifizierten oder unter REACH registrierten Stoffe sind in das bei der Agentur eingerichtete Einstufungs- und Kennzeichnungsverzeichnis aufgenommen (oder enthalten).<br \/>\nIn dem Verzeichnis wird angegeben, ob eine Klassifizierung harmonisiert ist oder ob sie zwischen zwei oder mehreren Anmeldern oder Registranten vereinbart wurde.<\/p>\n<p>&nbsp;<\/p>\n<h2 style=\"text-align: justify;\">Informationsaufbewahrung<\/h2>\n<p style=\"text-align: justify;\">Als Hersteller von Stoffen, Importeur von Stoffen oder Gemischen oder\u00a0 nachgeschalteter Anwender tragen Sie alle Informationen, die Sie f\u00fcr die Zwecke\u00a0 der Einstufung und Kennzeichnung Ihres Stoffes oder Gemisches herangezogen\u00a0 haben, zusammen und halten sie zur Verf\u00fcgung.\u00a0 Diese Informationen werden\u00a0 w\u00e4hrend eines Zeitraums von mindestens 10 Jahren nach Ihrer letzten Lieferung\u00a0 dieses Stoffes oder Gemisches aufbewahrt.<\/p>\n<p style=\"text-align: justify;\">Als H\u00e4ndler tragen Sie\u00a0 alle Informationen, die Sie f\u00fcr die Zwecke der Kennzeichnung verwendet haben, zusammen und halten sie auf die gleiche Weise verf\u00fcgbar<\/p>\n<p>&nbsp;<\/p>\n<h2 style=\"text-align: justify;\">\u00dcberpr\u00fcfen der Informationen<\/h2>\n<p style=\"text-align: justify;\">Die zust\u00e4ndige Beh\u00f6rde oder die f\u00fcr die Durchsetzung zust\u00e4ndigen Beh\u00f6rden des\u00a0 Mitgliedstaats, in dem Sie niedergelassen sind, oder die Agentur (ECHA) k\u00f6nnen Sie auffordern, ihnen alle Informationen, die Sie f\u00fcr die Zwecke der Einstufung und\u00a0 Kennzeichnung gem\u00e4\u00df CLP herangezogen haben, vorzulegen.<\/p>\n<p style=\"text-align: justify;\">Sind die von einer zust\u00e4ndigen Beh\u00f6rde angeforderten Informationen jedoch in Ihrer Meldung nach CLP oder Ihrer\u00a0 Registrierung nach REACH enthalten, stehen diese Informationen der Agentur (ECHA) zur Verf\u00fcgung und die zust\u00e4ndige Beh\u00f6rde wendet sich mit ihrer Anfrage an die Agentur.<\/p>\n<p>&nbsp;<\/p>\n<h3 style=\"text-align: justify;\"><span style=\"color: #333333;\">Angebotene Dienstleistungen<\/span><\/h3>\n<ul>\n<li><a href=\"http:\/\/msds-updated.rapidwebdevs.com\/de\/zusammenstellung-erstellung-von-sicherheitsdatenblaettern\/\">Neuerstellung von Sicherheitsdatenbl\u00e4ttern<\/a><\/li>\n<li><a href=\"http:\/\/msds-updated.rapidwebdevs.com\/de\/erstellung-von-etikettenentwuerfen\/\">Erstellung von Etikettenentw\u00fcrfen<\/a><\/li>\n<\/ul>\n<p>&nbsp;<\/p>\n<h3><span style=\"color: #333333;\">Empfohlene Artikel<\/span><\/h3>\n<ul>\n<li><a title=\"Kennzeichnungselemente des Sicherheitsdatenblattes\" href=\"https:\/\/www.msds-europe.com\/de\/kennzeichnungselemente-sicherheitsdatenblattes\/\">Kennzeichnungselemente des Sicherheitsdatenblattes<\/a><\/li>\n<li><a title=\"REACH-Kommunikationspflichten der Hersteller und Importeure\" href=\"https:\/\/www.msds-europe.com\/reach-obligations-manufacturers-importers\/\">REACH-Kommunikationspflichten der Hersteller und Importeure<\/a><\/li>\n<\/ul>\n<p>&nbsp;<\/p>\n","protected":false},"excerpt":{"rendered":"<p>Meldepflicht in das Einstufungs- und Kennzeichnungs-Verzeichnis f\u00fcr Importeure.<\/p>\n","protected":false},"author":2,"featured_media":0,"parent":0,"menu_order":0,"comment_status":"closed","ping_status":"closed","template":"","meta":{"_acf_changed":false,"footnotes":""},"tags":[247,357],"class_list":["post-5922","page","type-page","status-publish","hentry","tag-sicherheitsdatenblatt","tag-sicherheitsdatenblatt-wissensbasis"],"acf":[],"yoast_head":"<!-- This site is optimized with the Yoast SEO plugin v27.2 - https:\/\/yoast.com\/product\/yoast-seo-wordpress\/ -->\n<title>Meldepflicht in das Einstufungs- und Kennzeichnungs-Verzeichnis<\/title>\n<meta name=\"description\" content=\"Alle wichtigen Informationen an einem Ort bez\u00fcglich der Meldepflichtin das CLP-Einstufungs- und Kennzeichnungsverzeichnis f\u00fcr Gefahrstoff- und Gemischimporteuren.\" \/>\n<meta name=\"robots\" content=\"index, follow, max-snippet:-1, max-image-preview:large, max-video-preview:-1\" \/>\n<link rel=\"canonical\" href=\"https:\/\/www.msds-europe.com\/de\/clp-einstufungs-kennzeichnungs-verzeichnis\/\" \/>\n<meta property=\"og:locale\" content=\"de_DE\" \/>\n<meta property=\"og:type\" content=\"article\" \/>\n<meta property=\"og:title\" content=\"Meldepflicht in das Einstufungs- und Kennzeichnungs-Verzeichnis\" \/>\n<meta property=\"og:description\" content=\"Alle wichtigen Informationen an einem Ort bez\u00fcglich der Meldepflichtin das CLP-Einstufungs- und Kennzeichnungsverzeichnis f\u00fcr Gefahrstoff- und Gemischimporteuren.\" \/>\n<meta property=\"og:url\" content=\"https:\/\/www.msds-europe.com\/de\/clp-einstufungs-kennzeichnungs-verzeichnis\/\" \/>\n<meta property=\"og:site_name\" content=\"MSDS Europe\" \/>\n<meta property=\"article:publisher\" content=\"https:\/\/www.facebook.com\/toxinfokft\/\" \/>\n<meta property=\"article:modified_time\" content=\"2026-03-19T10:30:23+00:00\" \/>\n<meta name=\"twitter:card\" content=\"summary_large_image\" \/>\n<meta name=\"twitter:site\" content=\"@ToxInfoKft\" \/>\n<meta name=\"twitter:label1\" content=\"Gesch\u00e4tzte Lesezeit\" \/>\n\t<meta name=\"twitter:data1\" content=\"4\u00a0Minuten\" \/>\n<script type=\"application\/ld+json\" class=\"yoast-schema-graph\">{\"@context\":\"https:\/\/schema.org\",\"@graph\":[{\"@type\":\"WebPage\",\"@id\":\"https:\/\/www.msds-europe.com\/de\/clp-einstufungs-kennzeichnungs-verzeichnis\/\",\"url\":\"https:\/\/www.msds-europe.com\/de\/clp-einstufungs-kennzeichnungs-verzeichnis\/\",\"name\":\"Meldepflicht in das Einstufungs- und Kennzeichnungs-Verzeichnis\",\"isPartOf\":{\"@id\":\"https:\/\/www.msds-europe.com\/es\/#website\"},\"datePublished\":\"2018-06-25T11:51:18+00:00\",\"dateModified\":\"2026-03-19T10:30:23+00:00\",\"description\":\"Alle wichtigen Informationen an einem Ort bez\u00fcglich der Meldepflichtin das CLP-Einstufungs- und Kennzeichnungsverzeichnis f\u00fcr Gefahrstoff- und Gemischimporteuren.\",\"breadcrumb\":{\"@id\":\"https:\/\/www.msds-europe.com\/de\/clp-einstufungs-kennzeichnungs-verzeichnis\/#breadcrumb\"},\"inLanguage\":\"de\",\"potentialAction\":[{\"@type\":\"ReadAction\",\"target\":[\"https:\/\/www.msds-europe.com\/de\/clp-einstufungs-kennzeichnungs-verzeichnis\/\"]}]},{\"@type\":\"BreadcrumbList\",\"@id\":\"https:\/\/www.msds-europe.com\/de\/clp-einstufungs-kennzeichnungs-verzeichnis\/#breadcrumb\",\"itemListElement\":[{\"@type\":\"ListItem\",\"position\":1,\"name\":\"F\u0151oldal\",\"item\":\"https:\/\/www.msds-europe.com\/de\/\"},{\"@type\":\"ListItem\",\"position\":2,\"name\":\"Meldepflicht in das Einstufungs- und Kennzeichnungs-Verzeichnis\"}]},{\"@type\":\"WebSite\",\"@id\":\"https:\/\/www.msds-europe.com\/es\/#website\",\"url\":\"https:\/\/www.msds-europe.com\/es\/\",\"name\":\"MSDS Europe\",\"description\":\"\",\"publisher\":{\"@id\":\"https:\/\/www.msds-europe.com\/es\/#organization\"},\"potentialAction\":[{\"@type\":\"SearchAction\",\"target\":{\"@type\":\"EntryPoint\",\"urlTemplate\":\"https:\/\/www.msds-europe.com\/es\/?s={search_term_string}\"},\"query-input\":{\"@type\":\"PropertyValueSpecification\",\"valueRequired\":true,\"valueName\":\"search_term_string\"}}],\"inLanguage\":\"de\"},{\"@type\":\"Organization\",\"@id\":\"https:\/\/www.msds-europe.com\/es\/#organization\",\"name\":\"MSDS-Europe International branch of ToxInfo\",\"url\":\"https:\/\/www.msds-europe.com\/es\/\",\"logo\":{\"@type\":\"ImageObject\",\"inLanguage\":\"de\",\"@id\":\"https:\/\/www.msds-europe.com\/es\/#\/schema\/logo\/image\/\",\"url\":\"https:\/\/www.msds-europe.com\/wp-content\/uploads\/2021\/04\/msds-europe-logo.jpg\",\"contentUrl\":\"https:\/\/www.msds-europe.com\/wp-content\/uploads\/2021\/04\/msds-europe-logo.jpg\",\"width\":2296,\"height\":1067,\"caption\":\"MSDS-Europe International branch of ToxInfo\"},\"image\":{\"@id\":\"https:\/\/www.msds-europe.com\/es\/#\/schema\/logo\/image\/\"},\"sameAs\":[\"https:\/\/www.facebook.com\/toxinfokft\/\",\"https:\/\/x.com\/ToxInfoKft\"]}]}<\/script>\n<!-- \/ Yoast SEO plugin. -->","yoast_head_json":{"title":"Meldepflicht in das Einstufungs- und Kennzeichnungs-Verzeichnis","description":"Alle wichtigen Informationen an einem Ort bez\u00fcglich der Meldepflichtin das CLP-Einstufungs- und Kennzeichnungsverzeichnis f\u00fcr Gefahrstoff- und Gemischimporteuren.","robots":{"index":"index","follow":"follow","max-snippet":"max-snippet:-1","max-image-preview":"max-image-preview:large","max-video-preview":"max-video-preview:-1"},"canonical":"https:\/\/www.msds-europe.com\/de\/clp-einstufungs-kennzeichnungs-verzeichnis\/","og_locale":"de_DE","og_type":"article","og_title":"Meldepflicht in das Einstufungs- und Kennzeichnungs-Verzeichnis","og_description":"Alle wichtigen Informationen an einem Ort bez\u00fcglich der Meldepflichtin das CLP-Einstufungs- und Kennzeichnungsverzeichnis f\u00fcr Gefahrstoff- und Gemischimporteuren.","og_url":"https:\/\/www.msds-europe.com\/de\/clp-einstufungs-kennzeichnungs-verzeichnis\/","og_site_name":"MSDS Europe","article_publisher":"https:\/\/www.facebook.com\/toxinfokft\/","article_modified_time":"2026-03-19T10:30:23+00:00","twitter_card":"summary_large_image","twitter_site":"@ToxInfoKft","twitter_misc":{"Gesch\u00e4tzte Lesezeit":"4\u00a0Minuten"},"schema":{"@context":"https:\/\/schema.org","@graph":[{"@type":"WebPage","@id":"https:\/\/www.msds-europe.com\/de\/clp-einstufungs-kennzeichnungs-verzeichnis\/","url":"https:\/\/www.msds-europe.com\/de\/clp-einstufungs-kennzeichnungs-verzeichnis\/","name":"Meldepflicht in das Einstufungs- und Kennzeichnungs-Verzeichnis","isPartOf":{"@id":"https:\/\/www.msds-europe.com\/es\/#website"},"datePublished":"2018-06-25T11:51:18+00:00","dateModified":"2026-03-19T10:30:23+00:00","description":"Alle wichtigen Informationen an einem Ort bez\u00fcglich der Meldepflichtin das CLP-Einstufungs- und Kennzeichnungsverzeichnis f\u00fcr Gefahrstoff- und Gemischimporteuren.","breadcrumb":{"@id":"https:\/\/www.msds-europe.com\/de\/clp-einstufungs-kennzeichnungs-verzeichnis\/#breadcrumb"},"inLanguage":"de","potentialAction":[{"@type":"ReadAction","target":["https:\/\/www.msds-europe.com\/de\/clp-einstufungs-kennzeichnungs-verzeichnis\/"]}]},{"@type":"BreadcrumbList","@id":"https:\/\/www.msds-europe.com\/de\/clp-einstufungs-kennzeichnungs-verzeichnis\/#breadcrumb","itemListElement":[{"@type":"ListItem","position":1,"name":"F\u0151oldal","item":"https:\/\/www.msds-europe.com\/de\/"},{"@type":"ListItem","position":2,"name":"Meldepflicht in das Einstufungs- und Kennzeichnungs-Verzeichnis"}]},{"@type":"WebSite","@id":"https:\/\/www.msds-europe.com\/es\/#website","url":"https:\/\/www.msds-europe.com\/es\/","name":"MSDS Europe","description":"","publisher":{"@id":"https:\/\/www.msds-europe.com\/es\/#organization"},"potentialAction":[{"@type":"SearchAction","target":{"@type":"EntryPoint","urlTemplate":"https:\/\/www.msds-europe.com\/es\/?s={search_term_string}"},"query-input":{"@type":"PropertyValueSpecification","valueRequired":true,"valueName":"search_term_string"}}],"inLanguage":"de"},{"@type":"Organization","@id":"https:\/\/www.msds-europe.com\/es\/#organization","name":"MSDS-Europe International branch of ToxInfo","url":"https:\/\/www.msds-europe.com\/es\/","logo":{"@type":"ImageObject","inLanguage":"de","@id":"https:\/\/www.msds-europe.com\/es\/#\/schema\/logo\/image\/","url":"https:\/\/www.msds-europe.com\/wp-content\/uploads\/2021\/04\/msds-europe-logo.jpg","contentUrl":"https:\/\/www.msds-europe.com\/wp-content\/uploads\/2021\/04\/msds-europe-logo.jpg","width":2296,"height":1067,"caption":"MSDS-Europe International branch of ToxInfo"},"image":{"@id":"https:\/\/www.msds-europe.com\/es\/#\/schema\/logo\/image\/"},"sameAs":["https:\/\/www.facebook.com\/toxinfokft\/","https:\/\/x.com\/ToxInfoKft"]}]}},"_links":{"self":[{"href":"https:\/\/www.msds-europe.com\/de\/wp-json\/wp\/v2\/pages\/5922","targetHints":{"allow":["GET"]}}],"collection":[{"href":"https:\/\/www.msds-europe.com\/de\/wp-json\/wp\/v2\/pages"}],"about":[{"href":"https:\/\/www.msds-europe.com\/de\/wp-json\/wp\/v2\/types\/page"}],"author":[{"embeddable":true,"href":"https:\/\/www.msds-europe.com\/de\/wp-json\/wp\/v2\/users\/2"}],"replies":[{"embeddable":true,"href":"https:\/\/www.msds-europe.com\/de\/wp-json\/wp\/v2\/comments?post=5922"}],"version-history":[{"count":6,"href":"https:\/\/www.msds-europe.com\/de\/wp-json\/wp\/v2\/pages\/5922\/revisions"}],"predecessor-version":[{"id":38674,"href":"https:\/\/www.msds-europe.com\/de\/wp-json\/wp\/v2\/pages\/5922\/revisions\/38674"}],"wp:attachment":[{"href":"https:\/\/www.msds-europe.com\/de\/wp-json\/wp\/v2\/media?parent=5922"}],"wp:term":[{"taxonomy":"post_tag","embeddable":true,"href":"https:\/\/www.msds-europe.com\/de\/wp-json\/wp\/v2\/tags?post=5922"}],"curies":[{"name":"wp","href":"https:\/\/api.w.org\/{rel}","templated":true}]}}