{"id":5909,"date":"2018-06-25T11:02:11","date_gmt":"2018-06-25T11:02:11","guid":{"rendered":"http:\/\/www.msds-europe.com\/definition-des-sicherheitsdatenblattes\/"},"modified":"2026-02-24T12:53:46","modified_gmt":"2026-02-24T12:53:46","slug":"definition-des-sicherheitsdatenblattes","status":"publish","type":"page","link":"https:\/\/www.msds-europe.com\/de\/definition-des-sicherheitsdatenblattes\/","title":{"rendered":"Definition des Sicherheitsdatenblattes"},"content":{"rendered":"<p style=\"text-align: right;\"><em><a href=\"https:\/\/www.msds-europe.com\/de\/nutzliche-informationen-und-hintergrundsmaterialien-fur-sicherheitsdatenblatter\/\">Sicherheitsdatenblatt-Wissensbasis<\/a> \u2013 Definition des Sicherheitsdatenblatts<\/em><\/p>\n<p><strong>Kurze Definition des Sicherheitsdatenblatts<\/strong><\/p>\n<p style=\"text-align: justify;\">Ein Sicherheitsdatenblatt (SDS) ist ein Dokument mit Informationen zur Kennzeichnung, zu Gefahren, zur Handhabung, Lagerung, zum Transport und zur Entsorgung sowie zu sicheren Arbeitsbedingungen eines bestimmten chemischen Stoffs oder Gemisches.<\/p>\n<p>&nbsp;<\/p>\n<ul>\n<li style=\"text-align: justify;\"><a href=\"#Definition\">Definition des Sicherheitsdatenblatts<\/a><\/li>\n<li style=\"text-align: justify;\"><a href=\"#Zweck\">Zweck und Bedeutung von Sicherheitsdatenbl\u00e4ttern<\/a><\/li>\n<li style=\"text-align: justify;\"><a href=\"#Inhalt-Format\">Inhalt und Format von Sicherheitsdatenbl\u00e4ttern<\/a><\/li>\n<li style=\"text-align: justify;\"><a href=\"#16-Abschnitte\">Die 16 Abschnitte eines Sicherheitsdatenblatts<\/a><\/li>\n<li style=\"text-align: justify;\"><a href=\"#Uebersetzung\">\u00dcbersetzung des Sicherheitsdatenblatts<\/a><\/li>\n<li style=\"text-align: justify;\"><a href=\"#Ueberarbeitung\">\u00dcberarbeitung und Aktualisierung von Sicherheitsdatenbl\u00e4ttern<\/a><\/li>\n<li style=\"text-align: justify;\"><a href=\"#Zusammenstellung\">Zusammenstellung und Erstellung eines Sicherheitsdatenblatts<\/a><\/li>\n<li style=\"text-align: justify;\"><a href=\"#Fazit\">Fazit<\/a><\/li>\n<\/ul>\n<p style=\"text-align: right;\"><a href=\"https:\/\/www.msds-europe.com\/de\/online-beratung\/\" class=\"su-button su-button-style-default\" style=\"color:#ffffff;background-color:#ef552d;border-color:#c04424;border-radius:6px\" target=\"_self\"><span style=\"color:#ffffff;padding:0px 18px;font-size:14px;line-height:28px;border-color:#f4886c;border-radius:6px;text-shadow:0px 0px 2px #ffffff\"> Fragen Sie unsere Experten f\u00fcr Chemikaliensicherheit!<\/span><\/a>\n<p><a name=\"Definition\"><\/a><\/p>\n<h2 style=\"text-align: justify;\">Definition des Sicherheitsdatenblatts<\/h2>\n<p style=\"text-align: justify;\">Ein Sicherheitsdatenblatt (SDS) ist ein Dokument, das umfassende Informationen \u00fcber die Zusammensetzung, physikalischen und chemischen Eigenschaften sowie \u00fcber Gesundheits- und Umweltauswirkungen eines Stoffs oder Gemisches bereitstellt. Es enth\u00e4lt au\u00dferdem Hinweise zur sicheren Handhabung, Verwendung, Lagerung und Entsorgung des Produkts.<\/p>\n<p>&nbsp;<\/p>\n<p><a name=\"Zweck\"><\/a><\/p>\n<h3 style=\"text-align: justify;\">Zweck und Bedeutung von Sicherheitsdatenbl\u00e4ttern<\/h3>\n<p style=\"text-align: justify;\">Der Hauptzweck eines SDS besteht darin, Besch\u00e4ftigten und Arbeitgebern die erforderlichen Informationen f\u00fcr eine sichere Handhabung, Verwendung und Entsorgung des Stoffs oder Gemisches zur Verf\u00fcgung zu stellen. Dazu geh\u00f6rt die Identifizierung m\u00f6glicher Gefahren und Risiken, die mit dem Produkt verbunden sind, sowie Hinweise dazu, wie diese Risiken durch geeignete Ma\u00dfnahmen beherrscht oder minimiert werden k\u00f6nnen. Das SDS dient au\u00dferdem als Informationsquelle f\u00fcr Notfallkr\u00e4fte, z.&nbsp;B. bei unbeabsichtigtem Austreten oder Exposition.<\/p>\n<p style=\"text-align: justify;\">Die Bedeutung von SDS liegt in ihrer Funktion, wesentliche Informationen f\u00fcr die sichere Verwendung und Handhabung von Stoffen und Gemischen bereitzustellen. Diese Informationen helfen, Besch\u00e4ftigte, die Umwelt und die \u00d6ffentlichkeit vor potenziellen Sch\u00e4den zu sch\u00fctzen.<\/p>\n<p style=\"text-align: right;\"><em>Damit diese Informationen korrekt und vollst\u00e4ndig sind, sollten SDS-Ersteller auf <a href=\"https:\/\/www.msds-europe.com\/de\/sds-informationsquellen-datenbanken\/\">wichtige Informationsquellen und Datenbanken f\u00fcr Sicherheitsdatenbl\u00e4tter<\/a> zur\u00fcckgreifen, statt Daten aus ungepr\u00fcften Internetquellen zu \u00fcbernehmen.<\/em><\/p>\n<p>&nbsp;<\/p>\n<p><a name=\"Inhalt-Format\"><\/a><\/p>\n<h3 style=\"text-align: justify;\">Inhalt und Format von Sicherheitsdatenbl\u00e4ttern<\/h3>\n<p style=\"text-align: justify;\">Der Inhalt und das Format von SDS sind geregelt, um Konsistenz und Genauigkeit zu gew\u00e4hrleisten. In der Europ\u00e4ischen Union sind die Inhalts- und Formanforderungen in Anhang II der REACH-Verordnung (EG) Nr. 1907\/2006 festgelegt, derzeit in der Fassung der Verordnung (EU) 2020\/878. Diese Regelung verlangt, dass SDS aus 16 Abschnitten bestehen, die spezifische Informationen zum Stoff oder Gemisch enthalten.<\/p>\n<p style=\"text-align: justify;\">Das Format eines SDS sollte konsistent und leicht lesbar sein, mit klaren \u00dcberschriften und Unter\u00fcberschriften, um den Nutzer zu f\u00fchren.<\/p>\n<p style=\"text-align: right;\"><a href=\"https:\/\/www.msds-europe.com\/de\/inhalt-und-formatelemente-eines-sicherheitsdatenblattes\/\"><em>Herunterladbares Sicherheitsdatenblattmuster (2020\/878)<\/em><\/a><\/p>\n<p>&nbsp;<\/p>\n<p><a name=\"16-Abschnitte\"><\/a><\/p>\n<h3 style=\"text-align: justify;\">Die 16 Abschnitte eines Sicherheitsdatenblatts<\/h3>\n<p style=\"text-align: justify;\">Mehr Informationen: <a href=\"https:\/\/www.msds-europe.com\/de\/inhalt-und-formatelemente-eines-sicherheitsdatenblattes\/\">Inhalts- und Formatelemente eines Sicherheitsdatenblatts<\/a><\/p>\n<p>&nbsp;<\/p>\n<p><a name=\"Uebersetzung\"><\/a><\/p>\n<h3 style=\"text-align: justify;\">\u00dcbersetzung des Sicherheitsdatenblatts<\/h3>\n<p style=\"text-align: justify;\">Wenn ein Produkt in einem Land in Verkehr gebracht wird, in dem eine andere Amtssprache gilt, <a href=\"https:\/\/www.msds-europe.com\/de\/sds-sprachanforderungen\/\">muss das SDS in die Amtssprache des jeweiligen Mitgliedstaats \u00fcbersetzt werden<\/a>. Dies wird als <a href=\"https:\/\/www.msds-europe.com\/de\/sicherheitsdatenblatt-uebersetzung\/\">\u00dcbersetzung des Sicherheitsdatenblatts<\/a> bezeichnet. Es ist wichtig, dass das \u00fcbersetzte SDS dieselben Informationen wie das Ausgangsdokument enth\u00e4lt und den beh\u00f6rdlichen Anforderungen des jeweiligen Landes entspricht.<\/p>\n<p>&nbsp;<\/p>\n<p><a name=\"Ueberarbeitung\"><\/a><\/p>\n<h3 style=\"text-align: justify;\">\u00dcberarbeitung und Aktualisierung von Sicherheitsdatenbl\u00e4ttern<\/h3>\n<p style=\"text-align: justify;\">Die Informationen in einem SDS k\u00f6nnen aufgrund von \u00c4nderungen der Zusammensetzung des Stoffs oder Gemisches oder aufgrund ge\u00e4nderter rechtlicher Anforderungen \u00fcberarbeitet oder aktualisiert werden. Die <a href=\"https:\/\/www.msds-europe.com\/de\/sds-aktualisierung-ueberarbeitung\/\">\u00dcberarbeitung oder Aktualisierung eines SDS<\/a> ist wichtig, um sicherzustellen, dass die bereitgestellten Informationen korrekt und aktuell sind.<\/p>\n<p>&nbsp;<\/p>\n<p><a name=\"Zusammenstellung\"><\/a><\/p>\n<h3 style=\"text-align: justify;\">Zusammenstellung und Erstellung eines Sicherheitsdatenblatts<\/h3>\n<p style=\"text-align: justify;\">Die Zusammenstellung und <a href=\"https:\/\/www.msds-europe.com\/de\/zusammenstellung-erstellung-von-sicherheitsdatenblaettern\/\">Erstellung eines SDS<\/a> ist ein komplexer Prozess, der ein detailliertes Verst\u00e4ndnis des Stoffs oder Gemisches, seiner Eigenschaften und seiner potenziellen Gefahren erfordert. Dieser Prozess umfasst das Sammeln und Auswerten von Daten, die Einstufung gem\u00e4\u00df der CLP-Verordnung sowie die strukturierte Aufbereitung der Informationen in den vorgeschriebenen 16 Abschnitten des SDS.<\/p>\n<p>&nbsp;<\/p>\n<p><a name=\"Fazit\"><\/a><\/p>\n<h2 style=\"text-align: justify;\">Fazit<\/h2>\n<p style=\"text-align: justify;\">Zusammenfassend ist ein SDS ein entscheidendes Dokument, das wesentliche Informationen f\u00fcr die sichere Handhabung, Verwendung und Entsorgung von Stoffen und Gemischen bereitstellt. Sein Inhalt ist geregelt, um die Einhaltung beh\u00f6rdlicher Anforderungen sowie die Sicherheit der Nutzer, der Umwelt und des Arbeitsplatzes zu gew\u00e4hrleisten. Es ist wichtig, dass Besch\u00e4ftigte und Arbeitgeber die Informationen in SDS verstehen, um sich selbst und andere vor potenziellen Gefahren im Zusammenhang mit dem Produkt zu sch\u00fctzen.<\/p>\n<p>&nbsp;<\/p>\n<h4>Kostenlose Online-Beratung<\/h4>\n<p style=\"text-align: justify;\">Wenn Sie die ben\u00f6tigten Informationen auf unserer Website nicht gefunden haben, k\u00f6nnen Sie Ihre Fragen zu Sicherheitsdatenbl\u00e4ttern direkt an unseren Experten stellen.<\/p>\n<p>Bitte verwenden Sie f\u00fcr Ihre Anfrage die folgende Nachrichtenanwendung:<\/p>\n<a href=\"https:\/\/www.msds-europe.com\/de\/online-beratung\/&lt;br%20\/&gt;\" class=\"su-button su-button-style-default\" style=\"color:#ffffff;background-color:#ef552d;border-color:#c04424;border-radius:6px\" target=\"_self\"><span style=\"color:#ffffff;padding:0px 18px;font-size:14px;line-height:28px;border-color:#f4886c;border-radius:6px;text-shadow:0px 0px 2px #ffffff\"> Fragen Sie unsere Experten f\u00fcr Chemikaliensicherheit!<\/span><\/a>\n<p>\u00a0<\/p>\n<h4><span style=\"color: #333333;\">Angebotene Dienstleistungen<\/span><\/h4>\n<ul>\n<li><a href=\"https:\/\/www.msds-europe.com\/de\/sicherheitsdatenblatt-uebersetzung\/\">\u00dcbersetzung von Sicherheitsdatenbl\u00e4ttern<\/a><\/li>\n<li><a href=\"https:\/\/www.msds-europe.com\/de\/sds-aktualisierung-ueberarbeitung\/\">Aktualisierung von Sicherheitsdatenbl\u00e4ttern<\/a><\/li>\n<li><a href=\"https:\/\/www.msds-europe.com\/de\/zusammenstellung-erstellung-von-sicherheitsdatenblaettern\/\">Neuerstellung von Sicherheitsdatenbl\u00e4ttern<\/a><\/li>\n<li><a href=\"https:\/\/www.msds-europe.com\/de\/erstellung-von-etikettenentwuerfen\/\">Erstellung von Etikettenentw\u00fcrfen<\/a><\/li>\n<\/ul>\n<p>&nbsp;<\/p>\n<h4><span style=\"color: #333333;\">Empfohlene Artikel<\/span><\/h4>\n<ul>\n<li><a title=\"Bedingungen, unter denen ein Sicherheitsdatenblatt bereitgestellt werden muss\" href=\"https:\/\/www.msds-europe.com\/de\/wenn-ein-sdb-geliefert-werden-muss\/\">Bedingungen, unter denen ein Sicherheitsdatenblatt bereitgestellt werden muss<\/a><\/li>\n<li><a href=\"https:\/\/www.msds-europe.com\/de\/gueltigkeitsdauer-sicherheitsdatenblatt\/\">G\u00fcltigkeitsdauer eines Sicherheitsdatenblatts<\/a><\/li>\n<li><a href=\"https:\/\/www.msds-europe.com\/de\/sdb-abkuerzungen-erklaerung\/\">Abk\u00fcrzungen und Akronyme in Sicherheitsdatenbl\u00e4ttern<\/a><\/li>\n<li style=\"text-align: justify;\">Erstellung von Sicherheitsdatenbl\u00e4ttern (SDS):&nbsp;<a href=\"https:\/\/www.msds-europe.com\/de\/erstellung-sdb-einfuhrung\/\">Einf\u00fchrung und rechtlicher Hintergrund<\/a>&nbsp;\u2013&nbsp;<a href=\"https:\/\/www.msds-europe.com\/de\/sdb-erstellungsprozess\/\">Verantwortlichkeiten und der SDS-Erstellungsprozess<\/a>&nbsp;\u2013&nbsp;<a href=\"https:\/\/www.msds-europe.com\/de\/erstellung-sdb-ersten-8-abschnitte\/\">Die ersten 8 Abschnitte des SDS im Detail<\/a>&nbsp;\u2013&nbsp;<a href=\"https:\/\/www.msds-europe.com\/de\/erstellung-sdb-9-16-abschnitte\/\">Die verbleibenden SDS-Abschnitte (9\u201316)<\/a>&nbsp;\u2013&nbsp;<a href=\"https:\/\/www.msds-europe.com\/de\/erstellung-sdb-bewaehrte-praktiken\/\">Besondere F\u00e4lle und bew\u00e4hrte Praktiken<\/a><\/li>\n<\/ul>\n<p>&nbsp;<\/p>\n<h4><span style=\"color: #333333;\">Schnelle Fragen und Antworten<\/span><\/h4>\n<div class=\"su-spoiler su-spoiler-style-fancy su-spoiler-icon-chevron su-spoiler-closed\" data-scroll-offset=\"0\" data-anchor-in-url=\"no\"><div class=\"su-spoiler-title\" tabindex=\"0\" role=\"button\"><span class=\"su-spoiler-icon\"><\/span>Was ist ein Sicherheitsdatenblatt (SDS)?<\/div><div class=\"su-spoiler-content su-u-clearfix su-u-trim\">\n<p style=\"text-align: justify;\">Ein Dokument, das ausf\u00fchrliche Informationen zur Zusammensetzung eines Stoffs oder Gemisches, zu seinen physikalischen und chemischen Eigenschaften, Gesundheits- und Umweltauswirkungen sowie Hinweise f\u00fcr sichere Handhabung, Verwendung, Lagerung und Entsorgung enth\u00e4lt.<\/p>\n<\/div><\/div>\n<div class=\"su-spoiler su-spoiler-style-fancy su-spoiler-icon-chevron su-spoiler-closed\" data-scroll-offset=\"0\" data-anchor-in-url=\"no\"><div class=\"su-spoiler-title\" tabindex=\"0\" role=\"button\"><span class=\"su-spoiler-icon\"><\/span>Wozu dient ein Sicherheitsdatenblatt am Arbeitsplatz und im Notfall?<\/div><div class=\"su-spoiler-content su-u-clearfix su-u-trim\">\n<p style=\"text-align: justify;\">Es stellt Besch\u00e4ftigten und Arbeitgebern die n\u00f6tigen Informationen f\u00fcr eine sichere Handhabung, Verwendung und Entsorgung bereit und ist im Notfall auch eine wichtige Informationsquelle f\u00fcr Fachleute.<\/p>\n<\/div><\/div>\n<div class=\"su-spoiler su-spoiler-style-fancy su-spoiler-icon-chevron su-spoiler-closed\" data-scroll-offset=\"0\" data-anchor-in-url=\"no\"><div class=\"su-spoiler-title\" tabindex=\"0\" role=\"button\"><span class=\"su-spoiler-icon\"><\/span>Ist ein Sicherheitsdatenblatt gesetzlich geregelt und wie viele Abschnitte umfasst es in der EU?<\/div><div class=\"su-spoiler-content su-u-clearfix su-u-trim\">\n<p style=\"text-align: justify;\">Ja. In der EU ist Anhang II der REACH-Verordnung ma\u00dfgeblich (aktuell in der Fassung der Verordnung (EU) 2020\/878), und das Sicherheitsdatenblatt muss in einem einheitlichen Format mit 16 Abschnitten vorliegen.<\/p>\n<\/div><\/div>\n<div class=\"su-spoiler su-spoiler-style-fancy su-spoiler-icon-chevron su-spoiler-closed\" data-scroll-offset=\"0\" data-anchor-in-url=\"no\"><div class=\"su-spoiler-title\" tabindex=\"0\" role=\"button\"><span class=\"su-spoiler-icon\"><\/span>Wann muss ein Sicherheitsdatenblatt \u00fcbersetzt oder aktualisiert werden?<\/div><div class=\"su-spoiler-content su-u-clearfix su-u-trim\">\n<p style=\"text-align: justify;\">Beim Inverkehrbringen in einem Land mit anderer Amtssprache ist es in die Amtssprache dieses Landes zu \u00fcbersetzen. Es ist zu aktualisieren, wenn sich die Zusammensetzung oder die einschl\u00e4gigen rechtlichen Anforderungen \u00e4ndern bzw. neue relevante Informationen verf\u00fcgbar werden.<\/p>\n<\/div><\/div>\n","protected":false},"excerpt":{"rendered":"<p>Die genaue Definition des Sicherheitsdatenblattes und die Definition des Sicherheitsdatenblatts im weiteren Sinne.<\/p>\n","protected":false},"author":2,"featured_media":0,"parent":0,"menu_order":0,"comment_status":"closed","ping_status":"closed","template":"","meta":{"_acf_changed":false,"footnotes":""},"tags":[247,357],"class_list":["post-5909","page","type-page","status-publish","hentry","tag-sicherheitsdatenblatt","tag-sicherheitsdatenblatt-wissensbasis"],"acf":[],"yoast_head":"<!-- This site is optimized with the Yoast SEO plugin v27.2 - https:\/\/yoast.com\/product\/yoast-seo-wordpress\/ -->\n<title>Definition des Sicherheitsdatenblattes. Definition im weiteren Sinne<\/title>\n<meta name=\"description\" content=\"Die genaue Definition des Sicherheitsdatenblattes und die Definition des Sicherheitsdatenblatts im weiteren Sinne\" \/>\n<meta name=\"robots\" content=\"index, follow, max-snippet:-1, max-image-preview:large, max-video-preview:-1\" \/>\n<link rel=\"canonical\" href=\"https:\/\/www.msds-europe.com\/de\/definition-des-sicherheitsdatenblattes\/\" \/>\n<meta property=\"og:locale\" content=\"de_DE\" \/>\n<meta property=\"og:type\" content=\"article\" \/>\n<meta property=\"og:title\" content=\"Definition des Sicherheitsdatenblattes. Definition im weiteren Sinne\" \/>\n<meta property=\"og:description\" content=\"Die genaue Definition des Sicherheitsdatenblattes und die Definition des Sicherheitsdatenblatts im weiteren Sinne\" \/>\n<meta property=\"og:url\" content=\"https:\/\/www.msds-europe.com\/de\/definition-des-sicherheitsdatenblattes\/\" \/>\n<meta property=\"og:site_name\" content=\"MSDS Europe\" \/>\n<meta property=\"article:publisher\" content=\"https:\/\/www.facebook.com\/toxinfokft\/\" \/>\n<meta property=\"article:modified_time\" content=\"2026-02-24T12:53:46+00:00\" \/>\n<meta name=\"twitter:card\" content=\"summary_large_image\" \/>\n<meta name=\"twitter:site\" content=\"@ToxInfoKft\" \/>\n<meta name=\"twitter:label1\" content=\"Gesch\u00e4tzte Lesezeit\" \/>\n\t<meta name=\"twitter:data1\" content=\"4\u00a0Minuten\" \/>\n<script type=\"application\/ld+json\" class=\"yoast-schema-graph\">{\"@context\":\"https:\/\/schema.org\",\"@graph\":[{\"@type\":\"WebPage\",\"@id\":\"https:\/\/www.msds-europe.com\/de\/definition-des-sicherheitsdatenblattes\/\",\"url\":\"https:\/\/www.msds-europe.com\/de\/definition-des-sicherheitsdatenblattes\/\",\"name\":\"Definition des Sicherheitsdatenblattes. Definition im weiteren Sinne\",\"isPartOf\":{\"@id\":\"https:\/\/www.msds-europe.com\/es\/#website\"},\"datePublished\":\"2018-06-25T11:02:11+00:00\",\"dateModified\":\"2026-02-24T12:53:46+00:00\",\"description\":\"Die genaue Definition des Sicherheitsdatenblattes und die Definition des Sicherheitsdatenblatts im weiteren Sinne\",\"breadcrumb\":{\"@id\":\"https:\/\/www.msds-europe.com\/de\/definition-des-sicherheitsdatenblattes\/#breadcrumb\"},\"inLanguage\":\"de\",\"potentialAction\":[{\"@type\":\"ReadAction\",\"target\":[\"https:\/\/www.msds-europe.com\/de\/definition-des-sicherheitsdatenblattes\/\"]}]},{\"@type\":\"BreadcrumbList\",\"@id\":\"https:\/\/www.msds-europe.com\/de\/definition-des-sicherheitsdatenblattes\/#breadcrumb\",\"itemListElement\":[{\"@type\":\"ListItem\",\"position\":1,\"name\":\"F\u0151oldal\",\"item\":\"https:\/\/www.msds-europe.com\/de\/\"},{\"@type\":\"ListItem\",\"position\":2,\"name\":\"Definition des Sicherheitsdatenblattes\"}]},{\"@type\":\"WebSite\",\"@id\":\"https:\/\/www.msds-europe.com\/es\/#website\",\"url\":\"https:\/\/www.msds-europe.com\/es\/\",\"name\":\"MSDS Europe\",\"description\":\"\",\"publisher\":{\"@id\":\"https:\/\/www.msds-europe.com\/es\/#organization\"},\"potentialAction\":[{\"@type\":\"SearchAction\",\"target\":{\"@type\":\"EntryPoint\",\"urlTemplate\":\"https:\/\/www.msds-europe.com\/es\/?s={search_term_string}\"},\"query-input\":{\"@type\":\"PropertyValueSpecification\",\"valueRequired\":true,\"valueName\":\"search_term_string\"}}],\"inLanguage\":\"de\"},{\"@type\":\"Organization\",\"@id\":\"https:\/\/www.msds-europe.com\/es\/#organization\",\"name\":\"MSDS-Europe International branch of ToxInfo\",\"url\":\"https:\/\/www.msds-europe.com\/es\/\",\"logo\":{\"@type\":\"ImageObject\",\"inLanguage\":\"de\",\"@id\":\"https:\/\/www.msds-europe.com\/es\/#\/schema\/logo\/image\/\",\"url\":\"https:\/\/www.msds-europe.com\/wp-content\/uploads\/2021\/04\/msds-europe-logo.jpg\",\"contentUrl\":\"https:\/\/www.msds-europe.com\/wp-content\/uploads\/2021\/04\/msds-europe-logo.jpg\",\"width\":2296,\"height\":1067,\"caption\":\"MSDS-Europe International branch of ToxInfo\"},\"image\":{\"@id\":\"https:\/\/www.msds-europe.com\/es\/#\/schema\/logo\/image\/\"},\"sameAs\":[\"https:\/\/www.facebook.com\/toxinfokft\/\",\"https:\/\/x.com\/ToxInfoKft\"]}]}<\/script>\n<!-- \/ Yoast SEO plugin. -->","yoast_head_json":{"title":"Definition des Sicherheitsdatenblattes. Definition im weiteren Sinne","description":"Die genaue Definition des Sicherheitsdatenblattes und die Definition des Sicherheitsdatenblatts im weiteren Sinne","robots":{"index":"index","follow":"follow","max-snippet":"max-snippet:-1","max-image-preview":"max-image-preview:large","max-video-preview":"max-video-preview:-1"},"canonical":"https:\/\/www.msds-europe.com\/de\/definition-des-sicherheitsdatenblattes\/","og_locale":"de_DE","og_type":"article","og_title":"Definition des Sicherheitsdatenblattes. Definition im weiteren Sinne","og_description":"Die genaue Definition des Sicherheitsdatenblattes und die Definition des Sicherheitsdatenblatts im weiteren Sinne","og_url":"https:\/\/www.msds-europe.com\/de\/definition-des-sicherheitsdatenblattes\/","og_site_name":"MSDS Europe","article_publisher":"https:\/\/www.facebook.com\/toxinfokft\/","article_modified_time":"2026-02-24T12:53:46+00:00","twitter_card":"summary_large_image","twitter_site":"@ToxInfoKft","twitter_misc":{"Gesch\u00e4tzte Lesezeit":"4\u00a0Minuten"},"schema":{"@context":"https:\/\/schema.org","@graph":[{"@type":"WebPage","@id":"https:\/\/www.msds-europe.com\/de\/definition-des-sicherheitsdatenblattes\/","url":"https:\/\/www.msds-europe.com\/de\/definition-des-sicherheitsdatenblattes\/","name":"Definition des Sicherheitsdatenblattes. Definition im weiteren Sinne","isPartOf":{"@id":"https:\/\/www.msds-europe.com\/es\/#website"},"datePublished":"2018-06-25T11:02:11+00:00","dateModified":"2026-02-24T12:53:46+00:00","description":"Die genaue Definition des Sicherheitsdatenblattes und die Definition des Sicherheitsdatenblatts im weiteren Sinne","breadcrumb":{"@id":"https:\/\/www.msds-europe.com\/de\/definition-des-sicherheitsdatenblattes\/#breadcrumb"},"inLanguage":"de","potentialAction":[{"@type":"ReadAction","target":["https:\/\/www.msds-europe.com\/de\/definition-des-sicherheitsdatenblattes\/"]}]},{"@type":"BreadcrumbList","@id":"https:\/\/www.msds-europe.com\/de\/definition-des-sicherheitsdatenblattes\/#breadcrumb","itemListElement":[{"@type":"ListItem","position":1,"name":"F\u0151oldal","item":"https:\/\/www.msds-europe.com\/de\/"},{"@type":"ListItem","position":2,"name":"Definition des Sicherheitsdatenblattes"}]},{"@type":"WebSite","@id":"https:\/\/www.msds-europe.com\/es\/#website","url":"https:\/\/www.msds-europe.com\/es\/","name":"MSDS Europe","description":"","publisher":{"@id":"https:\/\/www.msds-europe.com\/es\/#organization"},"potentialAction":[{"@type":"SearchAction","target":{"@type":"EntryPoint","urlTemplate":"https:\/\/www.msds-europe.com\/es\/?s={search_term_string}"},"query-input":{"@type":"PropertyValueSpecification","valueRequired":true,"valueName":"search_term_string"}}],"inLanguage":"de"},{"@type":"Organization","@id":"https:\/\/www.msds-europe.com\/es\/#organization","name":"MSDS-Europe International branch of ToxInfo","url":"https:\/\/www.msds-europe.com\/es\/","logo":{"@type":"ImageObject","inLanguage":"de","@id":"https:\/\/www.msds-europe.com\/es\/#\/schema\/logo\/image\/","url":"https:\/\/www.msds-europe.com\/wp-content\/uploads\/2021\/04\/msds-europe-logo.jpg","contentUrl":"https:\/\/www.msds-europe.com\/wp-content\/uploads\/2021\/04\/msds-europe-logo.jpg","width":2296,"height":1067,"caption":"MSDS-Europe International branch of ToxInfo"},"image":{"@id":"https:\/\/www.msds-europe.com\/es\/#\/schema\/logo\/image\/"},"sameAs":["https:\/\/www.facebook.com\/toxinfokft\/","https:\/\/x.com\/ToxInfoKft"]}]}},"_links":{"self":[{"href":"https:\/\/www.msds-europe.com\/de\/wp-json\/wp\/v2\/pages\/5909","targetHints":{"allow":["GET"]}}],"collection":[{"href":"https:\/\/www.msds-europe.com\/de\/wp-json\/wp\/v2\/pages"}],"about":[{"href":"https:\/\/www.msds-europe.com\/de\/wp-json\/wp\/v2\/types\/page"}],"author":[{"embeddable":true,"href":"https:\/\/www.msds-europe.com\/de\/wp-json\/wp\/v2\/users\/2"}],"replies":[{"embeddable":true,"href":"https:\/\/www.msds-europe.com\/de\/wp-json\/wp\/v2\/comments?post=5909"}],"version-history":[{"count":20,"href":"https:\/\/www.msds-europe.com\/de\/wp-json\/wp\/v2\/pages\/5909\/revisions"}],"predecessor-version":[{"id":37749,"href":"https:\/\/www.msds-europe.com\/de\/wp-json\/wp\/v2\/pages\/5909\/revisions\/37749"}],"wp:attachment":[{"href":"https:\/\/www.msds-europe.com\/de\/wp-json\/wp\/v2\/media?parent=5909"}],"wp:term":[{"taxonomy":"post_tag","embeddable":true,"href":"https:\/\/www.msds-europe.com\/de\/wp-json\/wp\/v2\/tags?post=5909"}],"curies":[{"name":"wp","href":"https:\/\/api.w.org\/{rel}","templated":true}]}}