{"id":5885,"date":"2018-06-25T10:12:02","date_gmt":"2018-06-25T10:12:02","guid":{"rendered":"http:\/\/www.msds-europe.com\/bedingungen-unter-denen-ein-sicherheitsdatenblatt-geliefert-werden-muss\/"},"modified":"2026-04-20T09:18:38","modified_gmt":"2026-04-20T09:18:38","slug":"wenn-ein-sdb-geliefert-werden-muss","status":"publish","type":"page","link":"https:\/\/www.msds-europe.com\/de\/wenn-ein-sdb-geliefert-werden-muss\/","title":{"rendered":"Bedingungen, unter denen ein Sicherheitsdatenblatt geliefert werden muss"},"content":{"rendered":"<p style=\"text-align: right;\"><em><a href=\"https:\/\/www.msds-europe.com\/de\/nutzliche-informationen-und-hintergrundsmaterialien-fur-sicherheitsdatenblatter\/\">Sicherheitsdatenblatt-Wissensbasis<\/a> \u2013 Bedingungen, unter denen ein Sicherheitsdatenblatt bereitgestellt werden muss<\/em><\/p>\n<p>&nbsp;<\/p>\n<h2 style=\"text-align: justify;\">Sicherheitsdatenblatt und Informationsfluss<\/h2>\n<p style=\"text-align: justify;\"><a href=\"https:\/\/www.msds-europe.com\/de\/sds-sprachanforderungen\/\">Sicherheitsdatenbl\u00e4tter sind ein wichtiges Kommunikationsinstrument in der Lieferkette<\/a> und helfen den Akteuren in der Lieferkette, ihren Verantwortlichkeiten in Bezug auf das Risikomanagement bei der Verwendung chemischer Stoffe und Gemische nachzukommen.<\/p>\n<p style=\"text-align: justify;\">Expositionsszenarien f\u00fcr identifizierte Verwendungen sollten vom Registranten seinen Partnern als Anhang zum Sicherheitsdatenblatt zur Verf\u00fcgung gestellt werden. Diese <a href=\"https:\/\/www.msds-europe.com\/de\/sdb-abkuerzungen-erklaerung\/\">Expositionsszenarien<\/a> (eSDS) werden im Rahmen der Stoffsicherheitsbeurteilung erstellt und enthalten Anweisungen zu Risikomanagementma\u00dfnahmen, um eine angemessene Risikokontrolle zu gew\u00e4hrleisten.<\/p>\n<p>&nbsp;<\/p>\n<h2 style=\"text-align: justify;\">Ein Sicherheitsdatenblatt muss bereitgestellt werden<\/h2>\n<ul>\n<li style=\"text-align: justify;\">wenn der Stoff oder das Gemisch die Kriterien f\u00fcr die Einstufung als gef\u00e4hrlich erf\u00fcllt;<\/li>\n<li style=\"text-align: justify;\">wenn der Stoff persistent, bioakkumulierbar und toxisch (PBT) oder sehr persistent und sehr bioakkumulierbar (vPvB) gem\u00e4\u00df den Kriterien des Anhangs XIII ist;<\/li>\n<li style=\"text-align: justify;\">wenn der Stoff in die gem\u00e4\u00df Artikel 59 Absatz 1 erstellte Kandidatenliste aufgenommen wurde.<\/li>\n<\/ul>\n<p>&nbsp;<\/p>\n<h2 style=\"text-align: justify;\">Auf Verlangen muss ein Sicherheitsdatenblatt bereitgestellt werden \u2013 wenn ein Gemisch die Kriterien f\u00fcr die Einstufung als gef\u00e4hrlich zwar nicht erf\u00fcllt, aber<\/h2>\n<ul>\n<li style=\"text-align: justify;\">bei nichtgasf\u00f6rmigen Gemischen in einer Einzelkonzentration von \u2265 1 Gewichtsprozent mindestens einen gef\u00e4hrlichen Stoff enth\u00e4lt;<\/li>\n<li style=\"text-align: justify;\">bei gasf\u00f6rmigen Gemischen in einer Einzelkonzentration von \u2265 0,2 Volumenprozent mindestens einen gef\u00e4hrlichen Stoff enth\u00e4lt;<\/li>\n<li style=\"text-align: justify;\">bei nichtgasf\u00f6rmigen Gemischen in einer Einzelkonzentration von \u2265 0,1 Gewichtsprozent mindestens einen karzinogenen Stoff der Kategorie 2 oder einen reproduktionstoxischen Stoff der Kategorie 1A, 1B oder 2, einen Hautsensibilisator der Kategorie 1, einen Atemwegssensibilisator der Kategorie 1, einen persistenten, bioakkumulierbaren und toxischen Stoff (PBT) gem\u00e4\u00df den Kriterien nach Anhang XIII oder einen sehr persistenten und sehr bioakkumulierbaren Stoff (vPvB) gem\u00e4\u00df den Kriterien nach Anhang XIII enth\u00e4lt;<\/li>\n<li style=\"text-align: justify;\">einen Stoff enth\u00e4lt, der in die gem\u00e4\u00df Artikel 59 Absatz 1 erstellte Kandidatenliste aufgenommen wurde;<\/li>\n<li style=\"text-align: justify;\">einen Stoff enth\u00e4lt, f\u00fcr den es gemeinschaftliche Grenzwerte f\u00fcr die Exposition am Arbeitsplatz gibt.<\/li>\n<\/ul>\n<p>&nbsp;<\/p>\n<h2 style=\"text-align: justify;\">Informationen, die gem\u00e4\u00df Artikel 32 bereitzustellen sind \u2013 in F\u00e4llen, in denen kein Sicherheitsdatenblatt vorgeschrieben ist<\/h2>\n<ul>\n<li style=\"text-align: justify;\">Einzelheiten der erteilten Zulassung, wenn der Stoff einer Zulassung unterliegt, oder die entsprechenden Angaben zu einer Beschr\u00e4nkung, sofern eine Beschr\u00e4nkung gilt;<\/li>\n<li style=\"text-align: justify;\">alle relevanten Informationen \u00fcber den Stoff, die notwendig sind, um geeignete Risikomanagementma\u00dfnahmen zu identifizieren und anzuwenden;<\/li>\n<li style=\"text-align: justify;\">die Registrierungsnummer(n), falls verf\u00fcgbar, f\u00fcr alle Stoffe, f\u00fcr die nach den obigen Punkten Informationen \u00fcbermittelt werden.<\/li>\n<\/ul>\n<p>&nbsp;<\/p>\n<h2 style=\"text-align: justify;\">Produkte, f\u00fcr die kein Sicherheitsdatenblatt erforderlich ist<\/h2>\n<p style=\"text-align: justify;\">1. f\u00fcr Produkte, die f\u00fcr Verbraucher bestimmt sind,<\/p>\n<ul>\n<li style=\"text-align: justify;\">wenn ausreichende Informationen zur Verf\u00fcgung gestellt werden, damit die Benutzer die notwendigen Ma\u00dfnahmen zum Schutz der menschlichen Gesundheit, der Sicherheit und der Umwelt ergreifen k\u00f6nnen.<\/li>\n<\/ul>\n<p style=\"text-align: justify;\">2. f\u00fcr folgende Endprodukte f\u00fcr Endverbraucher:<\/p>\n<ul>\n<li style=\"text-align: justify;\">Human- oder Tierarzneimittel<\/li>\n<li style=\"text-align: justify;\">kosmetische Mittel<\/li>\n<li style=\"text-align: justify;\">Medizinprodukte, die invasiv oder in direktem K\u00f6rperkontakt verwendet werden<\/li>\n<li style=\"text-align: justify;\">Lebensmittel oder Futtermittel (einschlie\u00dflich Lebensmittelzusatzstoffe in Lebensmitteln, Aromastoffe in Lebensmitteln, Zusatzstoffe in Futtermitteln)<\/li>\n<\/ul>\n<p>&nbsp;<\/p>\n<h4 style=\"text-align: justify;\"><span style=\"color: #333333;\">Wir bieten folgende Dienstleistungen an<\/span><\/h4>\n<ul>\n<li><a href=\"https:\/\/www.msds-europe.com\/de\/sicherheitsdatenblatt-uebersetzung\/\">\u00dcbersetzung von Sicherheitsdatenbl\u00e4ttern<\/a><\/li>\n<li><a href=\"https:\/\/www.msds-europe.com\/de\/sds-aktualisierung-ueberarbeitung\/\">Aktualisierung von Sicherheitsdatenbl\u00e4ttern<\/a><\/li>\n<li><a href=\"https:\/\/www.msds-europe.com\/de\/zusammenstellung-erstellung-von-sicherheitsdatenblaettern\/\">Neuerstellung von Sicherheitsdatenbl\u00e4ttern<\/a><\/li>\n<li><a href=\"https:\/\/www.msds-europe.com\/de\/erstellung-von-etikettenentwuerfen\/\">Erstellung von Etikettenentw\u00fcrfen<\/a><\/li>\n<\/ul>\n<p>&nbsp;<\/p>\n<h4><span style=\"color: #333333;\">Empfohlene Artikel<\/span><\/h4>\n<ul>\n<li><a href=\"https:\/\/www.msds-europe.com\/distributors-reach-communication-obligations\/\">REACH-Kommunikationspflichten der Distributoren<\/a><\/li>\n<li><a href=\"https:\/\/www.msds-europe.com\/downstream-user-reach-communication-obligations\/\">REACH-Kommunikationspflichten des nachgeschalteten Anwenders<\/a><\/li>\n<li><a href=\"https:\/\/www.msds-europe.com\/de\/gueltigkeitsdauer-sicherheitsdatenblatt\/\">G\u00fcltigkeitsdauer eines Sicherheitsdatenblatts<\/a><\/li>\n<li><a href=\"https:\/\/www.msds-europe.com\/de\/definition-des-sicherheitsdatenblattes\/\">Definition des Sicherheitsdatenblatts<\/a><\/li>\n<\/ul>\n<p>&nbsp;<\/p>\n<h3>Schnelle Fragen und Antworten<\/h3>\n<div class=\"su-spoiler su-spoiler-style-fancy su-spoiler-icon-chevron su-spoiler-closed\" data-scroll-offset=\"0\" data-anchor-in-url=\"no\"><div class=\"su-spoiler-title\" tabindex=\"0\" role=\"button\"><span class=\"su-spoiler-icon\"><\/span>Wer ist f\u00fcr die Erstellung des Sicherheitsdatenblatts (SDS) verantwortlich?<\/div><div class=\"su-spoiler-content su-u-clearfix su-u-trim\">\n<p style=\"text-align: justify;\">In erster Linie der Hersteller, Importeur oder Alleinvertreter, aber die gesamte Lieferkette tr\u00e4gt Verantwortung f\u00fcr ein korrektes, verwendungsbezogenes Sicherheitsdatenblatt.<\/p>\n<\/div><\/div>\n<div class=\"su-spoiler su-spoiler-style-fancy su-spoiler-icon-chevron su-spoiler-closed\" data-scroll-offset=\"0\" data-anchor-in-url=\"no\"><div class=\"su-spoiler-title\" tabindex=\"0\" role=\"button\"><span class=\"su-spoiler-icon\"><\/span>Wann muss ein Expositionsszenario dem SDS beigef\u00fcgt werden (eSDS)?<\/div><div class=\"su-spoiler-content su-u-clearfix su-u-trim\">\n<p style=\"text-align: justify;\">Wenn ein Stoff registrierungspflichtig ist und eine Stoffsicherheitsbeurteilung durchgef\u00fchrt wurde, sind die Expositionsszenarien als Anhang beizuf\u00fcgen.<\/p>\n<\/div><\/div>\n<div class=\"su-spoiler su-spoiler-style-fancy su-spoiler-icon-chevron su-spoiler-closed\" data-scroll-offset=\"0\" data-anchor-in-url=\"no\"><div class=\"su-spoiler-title\" tabindex=\"0\" role=\"button\"><span class=\"su-spoiler-icon\"><\/span>Wann muss auf Kundenwunsch ein SDS f\u00fcr ein nicht als gef\u00e4hrlich eingestuftes Gemisch bereitgestellt werden?<\/div><div class=\"su-spoiler-content su-u-clearfix su-u-trim\">\n<p style=\"text-align: justify;\">Wenn das Gemisch bestimmte gef\u00e4hrliche Bestandteile \u00fcber den festgelegten Schwellenwerten enth\u00e4lt (z. B. \u2265 0,1 % CMR Kat. 2, Sensibilisierer, PBT\/vPvB oder einen Kandidatenlistenstoff) oder Stoffe mit gemeinschaftlichen Arbeitsplatzgrenzwerten enth\u00e4lt.<\/p>\n<\/div><\/div>\n<div class=\"su-spoiler su-spoiler-style-fancy su-spoiler-icon-chevron su-spoiler-closed\" data-scroll-offset=\"0\" data-anchor-in-url=\"no\"><div class=\"su-spoiler-title\" tabindex=\"0\" role=\"button\"><span class=\"su-spoiler-icon\"><\/span>Welche Informationen sind zu liefern, wenn gem\u00e4\u00df REACH Artikel 32 kein SDS erforderlich ist?<\/div><div class=\"su-spoiler-content su-u-clearfix su-u-trim\">\n<p style=\"text-align: justify;\">Relevante Sicherheitsinformationen f\u00fcr die sichere Verwendung, Angaben zu Zulassungen\/Beschr\u00e4nkungen und \u2013 sofern verf\u00fcgbar \u2013 die Registrierungsnummer m\u00fcssen dennoch \u00fcbermittelt werden.<\/p>\n<\/div><\/div>\n","protected":false},"excerpt":{"rendered":"<p>Wann ist es obligatorisch und wann ist es nicht obligatorisch, dem Partner ein Sicherheitsdatenblatt zu liefern?<\/p>\n","protected":false},"author":2,"featured_media":0,"parent":0,"menu_order":0,"comment_status":"closed","ping_status":"closed","template":"","meta":{"_acf_changed":false,"footnotes":""},"tags":[247,357],"class_list":["post-5885","page","type-page","status-publish","hentry","tag-sicherheitsdatenblatt","tag-sicherheitsdatenblatt-wissensbasis"],"acf":[],"yoast_head":"<!-- This site is optimized with the Yoast SEO plugin v27.2 - https:\/\/yoast.com\/product\/yoast-seo-wordpress\/ -->\n<title>Lieferpflicht f\u00fcr Sicherheitsdatenbl\u00e4tter<\/title>\n<meta name=\"description\" content=\"Wann muss ein Sicherheitsdatenblatt bereitgestellt werden \u2013 und wann gen\u00fcgt die Bereitstellung auf Anfrage?\" \/>\n<meta name=\"robots\" content=\"index, follow, max-snippet:-1, max-image-preview:large, max-video-preview:-1\" \/>\n<link rel=\"canonical\" href=\"https:\/\/www.msds-europe.com\/de\/wenn-ein-sdb-geliefert-werden-muss\/\" \/>\n<meta property=\"og:locale\" content=\"de_DE\" \/>\n<meta property=\"og:type\" content=\"article\" \/>\n<meta property=\"og:title\" content=\"Lieferpflicht f\u00fcr Sicherheitsdatenbl\u00e4tter\" \/>\n<meta property=\"og:description\" content=\"Wann muss ein Sicherheitsdatenblatt bereitgestellt werden \u2013 und wann gen\u00fcgt die Bereitstellung auf Anfrage?\" \/>\n<meta property=\"og:url\" content=\"https:\/\/www.msds-europe.com\/de\/wenn-ein-sdb-geliefert-werden-muss\/\" \/>\n<meta property=\"og:site_name\" content=\"MSDS Europe\" \/>\n<meta property=\"article:publisher\" content=\"https:\/\/www.facebook.com\/toxinfokft\/\" \/>\n<meta property=\"article:modified_time\" content=\"2026-04-20T09:18:38+00:00\" \/>\n<meta name=\"twitter:card\" content=\"summary_large_image\" \/>\n<meta name=\"twitter:site\" content=\"@ToxInfoKft\" \/>\n<meta name=\"twitter:label1\" content=\"Gesch\u00e4tzte Lesezeit\" \/>\n\t<meta name=\"twitter:data1\" content=\"3\u00a0Minuten\" \/>\n<script type=\"application\/ld+json\" class=\"yoast-schema-graph\">{\"@context\":\"https:\/\/schema.org\",\"@graph\":[{\"@type\":\"WebPage\",\"@id\":\"https:\/\/www.msds-europe.com\/de\/wenn-ein-sdb-geliefert-werden-muss\/\",\"url\":\"https:\/\/www.msds-europe.com\/de\/wenn-ein-sdb-geliefert-werden-muss\/\",\"name\":\"Lieferpflicht f\u00fcr Sicherheitsdatenbl\u00e4tter\",\"isPartOf\":{\"@id\":\"https:\/\/www.msds-europe.com\/es\/#website\"},\"datePublished\":\"2018-06-25T10:12:02+00:00\",\"dateModified\":\"2026-04-20T09:18:38+00:00\",\"description\":\"Wann muss ein Sicherheitsdatenblatt bereitgestellt werden \u2013 und wann gen\u00fcgt die Bereitstellung auf Anfrage?\",\"breadcrumb\":{\"@id\":\"https:\/\/www.msds-europe.com\/de\/wenn-ein-sdb-geliefert-werden-muss\/#breadcrumb\"},\"inLanguage\":\"de\",\"potentialAction\":[{\"@type\":\"ReadAction\",\"target\":[\"https:\/\/www.msds-europe.com\/de\/wenn-ein-sdb-geliefert-werden-muss\/\"]}]},{\"@type\":\"BreadcrumbList\",\"@id\":\"https:\/\/www.msds-europe.com\/de\/wenn-ein-sdb-geliefert-werden-muss\/#breadcrumb\",\"itemListElement\":[{\"@type\":\"ListItem\",\"position\":1,\"name\":\"F\u0151oldal\",\"item\":\"https:\/\/www.msds-europe.com\/de\/\"},{\"@type\":\"ListItem\",\"position\":2,\"name\":\"Bedingungen, unter denen ein Sicherheitsdatenblatt geliefert werden muss\"}]},{\"@type\":\"WebSite\",\"@id\":\"https:\/\/www.msds-europe.com\/es\/#website\",\"url\":\"https:\/\/www.msds-europe.com\/es\/\",\"name\":\"MSDS Europe\",\"description\":\"\",\"publisher\":{\"@id\":\"https:\/\/www.msds-europe.com\/es\/#organization\"},\"potentialAction\":[{\"@type\":\"SearchAction\",\"target\":{\"@type\":\"EntryPoint\",\"urlTemplate\":\"https:\/\/www.msds-europe.com\/es\/?s={search_term_string}\"},\"query-input\":{\"@type\":\"PropertyValueSpecification\",\"valueRequired\":true,\"valueName\":\"search_term_string\"}}],\"inLanguage\":\"de\"},{\"@type\":\"Organization\",\"@id\":\"https:\/\/www.msds-europe.com\/es\/#organization\",\"name\":\"MSDS-Europe International branch of ToxInfo\",\"url\":\"https:\/\/www.msds-europe.com\/es\/\",\"logo\":{\"@type\":\"ImageObject\",\"inLanguage\":\"de\",\"@id\":\"https:\/\/www.msds-europe.com\/es\/#\/schema\/logo\/image\/\",\"url\":\"https:\/\/www.msds-europe.com\/wp-content\/uploads\/2021\/04\/msds-europe-logo.jpg\",\"contentUrl\":\"https:\/\/www.msds-europe.com\/wp-content\/uploads\/2021\/04\/msds-europe-logo.jpg\",\"width\":2296,\"height\":1067,\"caption\":\"MSDS-Europe International branch of ToxInfo\"},\"image\":{\"@id\":\"https:\/\/www.msds-europe.com\/es\/#\/schema\/logo\/image\/\"},\"sameAs\":[\"https:\/\/www.facebook.com\/toxinfokft\/\",\"https:\/\/x.com\/ToxInfoKft\"]}]}<\/script>\n<!-- \/ Yoast SEO plugin. -->","yoast_head_json":{"title":"Lieferpflicht f\u00fcr Sicherheitsdatenbl\u00e4tter","description":"Wann muss ein Sicherheitsdatenblatt bereitgestellt werden \u2013 und wann gen\u00fcgt die Bereitstellung auf Anfrage?","robots":{"index":"index","follow":"follow","max-snippet":"max-snippet:-1","max-image-preview":"max-image-preview:large","max-video-preview":"max-video-preview:-1"},"canonical":"https:\/\/www.msds-europe.com\/de\/wenn-ein-sdb-geliefert-werden-muss\/","og_locale":"de_DE","og_type":"article","og_title":"Lieferpflicht f\u00fcr Sicherheitsdatenbl\u00e4tter","og_description":"Wann muss ein Sicherheitsdatenblatt bereitgestellt werden \u2013 und wann gen\u00fcgt die Bereitstellung auf Anfrage?","og_url":"https:\/\/www.msds-europe.com\/de\/wenn-ein-sdb-geliefert-werden-muss\/","og_site_name":"MSDS Europe","article_publisher":"https:\/\/www.facebook.com\/toxinfokft\/","article_modified_time":"2026-04-20T09:18:38+00:00","twitter_card":"summary_large_image","twitter_site":"@ToxInfoKft","twitter_misc":{"Gesch\u00e4tzte Lesezeit":"3\u00a0Minuten"},"schema":{"@context":"https:\/\/schema.org","@graph":[{"@type":"WebPage","@id":"https:\/\/www.msds-europe.com\/de\/wenn-ein-sdb-geliefert-werden-muss\/","url":"https:\/\/www.msds-europe.com\/de\/wenn-ein-sdb-geliefert-werden-muss\/","name":"Lieferpflicht f\u00fcr Sicherheitsdatenbl\u00e4tter","isPartOf":{"@id":"https:\/\/www.msds-europe.com\/es\/#website"},"datePublished":"2018-06-25T10:12:02+00:00","dateModified":"2026-04-20T09:18:38+00:00","description":"Wann muss ein Sicherheitsdatenblatt bereitgestellt werden \u2013 und wann gen\u00fcgt die Bereitstellung auf Anfrage?","breadcrumb":{"@id":"https:\/\/www.msds-europe.com\/de\/wenn-ein-sdb-geliefert-werden-muss\/#breadcrumb"},"inLanguage":"de","potentialAction":[{"@type":"ReadAction","target":["https:\/\/www.msds-europe.com\/de\/wenn-ein-sdb-geliefert-werden-muss\/"]}]},{"@type":"BreadcrumbList","@id":"https:\/\/www.msds-europe.com\/de\/wenn-ein-sdb-geliefert-werden-muss\/#breadcrumb","itemListElement":[{"@type":"ListItem","position":1,"name":"F\u0151oldal","item":"https:\/\/www.msds-europe.com\/de\/"},{"@type":"ListItem","position":2,"name":"Bedingungen, unter denen ein Sicherheitsdatenblatt geliefert werden muss"}]},{"@type":"WebSite","@id":"https:\/\/www.msds-europe.com\/es\/#website","url":"https:\/\/www.msds-europe.com\/es\/","name":"MSDS Europe","description":"","publisher":{"@id":"https:\/\/www.msds-europe.com\/es\/#organization"},"potentialAction":[{"@type":"SearchAction","target":{"@type":"EntryPoint","urlTemplate":"https:\/\/www.msds-europe.com\/es\/?s={search_term_string}"},"query-input":{"@type":"PropertyValueSpecification","valueRequired":true,"valueName":"search_term_string"}}],"inLanguage":"de"},{"@type":"Organization","@id":"https:\/\/www.msds-europe.com\/es\/#organization","name":"MSDS-Europe International branch of ToxInfo","url":"https:\/\/www.msds-europe.com\/es\/","logo":{"@type":"ImageObject","inLanguage":"de","@id":"https:\/\/www.msds-europe.com\/es\/#\/schema\/logo\/image\/","url":"https:\/\/www.msds-europe.com\/wp-content\/uploads\/2021\/04\/msds-europe-logo.jpg","contentUrl":"https:\/\/www.msds-europe.com\/wp-content\/uploads\/2021\/04\/msds-europe-logo.jpg","width":2296,"height":1067,"caption":"MSDS-Europe International branch of ToxInfo"},"image":{"@id":"https:\/\/www.msds-europe.com\/es\/#\/schema\/logo\/image\/"},"sameAs":["https:\/\/www.facebook.com\/toxinfokft\/","https:\/\/x.com\/ToxInfoKft"]}]}},"_links":{"self":[{"href":"https:\/\/www.msds-europe.com\/de\/wp-json\/wp\/v2\/pages\/5885","targetHints":{"allow":["GET"]}}],"collection":[{"href":"https:\/\/www.msds-europe.com\/de\/wp-json\/wp\/v2\/pages"}],"about":[{"href":"https:\/\/www.msds-europe.com\/de\/wp-json\/wp\/v2\/types\/page"}],"author":[{"embeddable":true,"href":"https:\/\/www.msds-europe.com\/de\/wp-json\/wp\/v2\/users\/2"}],"replies":[{"embeddable":true,"href":"https:\/\/www.msds-europe.com\/de\/wp-json\/wp\/v2\/comments?post=5885"}],"version-history":[{"count":10,"href":"https:\/\/www.msds-europe.com\/de\/wp-json\/wp\/v2\/pages\/5885\/revisions"}],"predecessor-version":[{"id":38909,"href":"https:\/\/www.msds-europe.com\/de\/wp-json\/wp\/v2\/pages\/5885\/revisions\/38909"}],"wp:attachment":[{"href":"https:\/\/www.msds-europe.com\/de\/wp-json\/wp\/v2\/media?parent=5885"}],"wp:term":[{"taxonomy":"post_tag","embeddable":true,"href":"https:\/\/www.msds-europe.com\/de\/wp-json\/wp\/v2\/tags?post=5885"}],"curies":[{"name":"wp","href":"https:\/\/api.w.org\/{rel}","templated":true}]}}