{"id":5784,"date":"2018-06-25T08:26:19","date_gmt":"2018-06-25T08:26:19","guid":{"rendered":"http:\/\/www.msds-europe.com\/vorgehensweise-in-der-erstellung-und-ubersetzung-von-sicherheitsdatenblattern\/"},"modified":"2026-04-23T12:19:25","modified_gmt":"2026-04-23T12:19:25","slug":"vorgehensweise-in-der-erstellung-und-ubersetzung-von-sicherheitsdatenblattern","status":"publish","type":"page","link":"https:\/\/www.msds-europe.com\/de\/vorgehensweise-in-der-erstellung-und-ubersetzung-von-sicherheitsdatenblattern\/","title":{"rendered":"Vorgehensweise in der Erstellung und \u00dcbersetzung von Sicherheitsdatenbl\u00e4ttern"},"content":{"rendered":"<p style=\"text-align: right;\"><em><a href=\"https:\/\/www.msds-europe.com\/de\/\">MSDS-Europe<\/a> \u2013 <a href=\"https:\/\/www.msds-europe.com\/de\/kompass-zur-chemischen-sicherheit\/\">Kompass zur Chemikaliensicherheit<\/a> \u2013 Vorgehensweise bei der Erstellung und \u00dcbersetzung von Sicherheitsdatenbl\u00e4ttern<\/em><\/p>\n<p>&nbsp;<\/p>\n<h4 style=\"text-align: justify;\"><span style=\"color: #333333;\">Die erste Phase<\/span><\/h4>\n<h3 style=\"text-align: justify;\">\u00dcbersetzung \u2013 Bestimmung der Format- und Inhaltselemente<\/h3>\n<p style=\"text-align: justify;\">Erstellung von <a href=\"https:\/\/www.msds-europe.com\/de\/inhalt-und-formatelemente-eines-sicherheitsdatenblattes\/\">Inhalt und Format des Sicherheitsdatenblatts<\/a> in \u00dcbereinstimmung mit den anwendbaren EU- und nationalen Rechtsvorschriften.<\/p>\n<p style=\"text-align: justify;\">In dieser Phase wird auch \u2013 <a href=\"https:\/\/www.msds-europe.com\/de\/sds-sprachanforderungen\/\">falls es sich um ein fremdsprachiges Sicherheitsdatenblatt handelt<\/a> \u2013 die \u00dcbersetzung des Textes durchgef\u00fchrt. Bei der \u00dcbersetzung wird angestrebt, w\u00f6rtliche Spiegel\u00fcbersetzungen zu vermeiden. Vielmehr soll der Zieltext den Sinn des Ausgangstextes korrekt wiedergeben. Im Allgemeinen gibt es f\u00fcr spezifische Formulierungen, die im Sicherheitsdatenblatt verwendet werden m\u00fcssen, bereits eine etablierte Fachterminologie in der Zielsprache.<\/p>\n<p style=\"text-align: justify;\">Bei der \u00dcbersetzung der standardisierten Teile des Textes ist besondere Aufmerksamkeit erforderlich. In bestimmten Abschnitten des Sicherheitsdatenblatts gibt es Standardtexte, die durch spezielle Vorschriften definiert sind. Nach den Regeln der Chemikaliensicherheit d\u00fcrfen diese Standardtexte nur in der Form verwendet werden, die in den einschl\u00e4gigen Rechtsvorschriften vorgesehen ist. Das gebr\u00e4uchlichste Beispiel ist der Wortlaut der H- und P-S\u00e4tze oder anderer Texte, die als Kennzeichnungselemente gelten. Nat\u00fcrlich gibt es auch weitere standardisierte Texte in einem Sicherheitsdatenblatt.<\/p>\n<p style=\"text-align: justify;\">Aus den oben genannten Gr\u00fcnden setzt der \u00dcbersetzungsprozess Kenntnisse der chemikaliensicherheitsrechtlichen Vorschriften und praktische Erfahrung bei der <a href=\"https:\/\/www.msds-europe.com\/de\/sicherheitsdatenblatt-uebersetzung\/\">\u00dcbersetzung von Sicherheitsdatenbl\u00e4ttern<\/a> voraus.<\/p>\n<p style=\"text-align: justify;\">In der \u00dcbersetzungsphase werden auch \u2013 falls es sich um ein Gemisch handelt \u2013 die einzelnen Bestandteile \u00fcberpr\u00fcft. Unsere Experten pr\u00fcfen, ob die Bezeichnung des jeweiligen Bestandteils korrekt angegeben ist, ob die zugeh\u00f6rigen CAS- und EG-Nummern korrekt sind und ob die angegebenen Einstufungselemente (Gefahrenpiktogramme und H-S\u00e4tze) zutreffend sind.<\/p>\n<p style=\"text-align: justify;\">Au\u00dferdem muss auf die korrekte Angabe von Arbeitsplatzgrenzwerten geachtet werden. Anhand der einschl\u00e4gigen Rechtsvorschriften ist zu pr\u00fcfen, ob f\u00fcr die einzelnen im Sicherheitsdatenblatt aufgef\u00fchrten Bestandteile Grenzwerte festgelegt sind. Falls ja, m\u00fcssen diese Werte im entsprechenden Abschnitt des Sicherheitsdatenblatts angegeben werden.<\/p>\n<p>&nbsp;<\/p>\n<h4 style=\"text-align: justify;\"><span style=\"color: #333333;\">Die zweite Phase<\/span><\/h4>\n<h3 style=\"text-align: justify;\">Einstufung, fachliche \u00dcberpr\u00fcfung<\/h3>\n<p style=\"text-align: justify;\">Zun\u00e4chst \u00fcberpr\u00fcft unser Experte das \u00fcbersetzte Sicherheitsdatenblatt und kontrolliert, ob w\u00e4hrend der \u00dcbersetzung Datenverluste oder Tippfehler aufgetreten sind. Im Zuge der Erstellung des Sicherheitsdatenblatts ist eine mehrfache Kontrolle der Daten auf Korrektheit unerl\u00e4sslich.<\/p>\n<p style=\"text-align: justify;\">Unser Experte pr\u00fcft anschlie\u00dfend anhand der vorliegenden Daten die Einstufung des Stoffes\/Gemisches und nimmt gegebenenfalls \u00c4nderungen vor, weist auf die erforderlichen <a href=\"https:\/\/www.msds-europe.com\/de\/gefahrenpiktogramm\/\">Gefahrenpiktogramme<\/a> hin und ersetzt oder erg\u00e4nzt die notwendigen <a href=\"https:\/\/www.msds-europe.com\/de\/h-satze\/\">H-<\/a> und <a href=\"https:\/\/www.msds-europe.com\/de\/p-satze\/\">P-S\u00e4tze<\/a>. In vielen F\u00e4llen fehlen in Datenbl\u00e4ttern spezielle <a href=\"https:\/\/www.msds-europe.com\/de\/clp-kennzeichnung-in-der-praxis\/\">Elemente des Kennzeichnungsetiketts<\/a>. Auch dieser Aspekt erfordert besondere Aufmerksamkeit.<\/p>\n<p style=\"text-align: justify;\">F\u00fcr diese Pr\u00fcfungen st\u00fctzen sich unsere Experten auf <a href=\"https:\/\/www.msds-europe.com\/de\/sds-informationsquellen-datenbanken\/\">n\u00fctzliche Informationsquellen und Datenbanken f\u00fcr SDS<\/a>, etwa offizielle Stofflisten, Grenzwerttabellen und toxikologische Datenbanken.<\/p>\n<p>&nbsp;<\/p>\n<h4 style=\"text-align: justify;\"><span style=\"color: #333333;\">Die dritte Phase<\/span><\/h4>\n<h3 style=\"text-align: justify;\">Abschlie\u00dfende fachliche \u00dcberpr\u00fcfung<\/h3>\n<p style=\"text-align: justify;\">Wir erstellen ein logisch konsistentes Sicherheitsdatenblatt, das frei von Inkonsistenzen ist.<\/p>\n<p style=\"text-align: justify;\">Unserer Meinung nach ist dies ein besonders wichtiger Arbeitsschritt. Aus unserer Erfahrung k\u00f6nnen Widerspr\u00fcche innerhalb eines Sicherheitsdatenblatts erhebliche Probleme verursachen (z. B. d\u00fcrfen die toxikologischen Angaben in den entsprechenden Abschnitten nicht im Widerspruch zur Einstufung des Stoffes\/Gemisches stehen).<\/p>\n<p style=\"text-align: justify;\">Wir \u00fcbermitteln das fertige Sicherheitsdatenblatt im PDF-Format.<\/p>\n<p style=\"text-align: justify;\">Wir garantieren die fachliche Qualit\u00e4t, Rechtskonformit\u00e4t und offizielle Akzeptanz unserer Sicherheitsdatenbl\u00e4tter nur dann, wenn sie vollst\u00e4ndig kopiert oder gedruckt werden.<\/p>\n<p>&nbsp;<\/p>\n<h2 style=\"text-align: justify;\">Nachdem das Sicherheitsdatenblatt \u00fcbermittelt wurde &#8230;<\/h2>\n<p style=\"text-align: justify;\">Die Erstellung des Sicherheitsdatenblatts endet nicht mit der \u00dcbergabe.<\/p>\n<p style=\"text-align: justify;\">Wir unterst\u00fctzen unsere Kunden bei der Interpretation und Verwendung des Sicherheitsdatenblatts oder helfen bei der Festlegung weiterer notwendiger Aufgaben im Zusammenhang mit Sicherheitsdatenbl\u00e4ttern im Allgemeinen.<\/p>\n<p>&nbsp;<\/p>\n<h4 style=\"text-align: justify;\"><span style=\"color: #333333;\">Fachliche Garantien im Arbeitsablauf der Erstellung und \u00dcbersetzung von Sicherheitsdatenbl\u00e4ttern<\/span><\/h4>\n<p style=\"text-align: justify;\">Wenn im Zuge beh\u00f6rdlicher Kontrollen seitens des Pr\u00fcfers Einw\u00e4nde zum Sicherheitsdatenblatt erhoben werden \u2013 aus welchen Gr\u00fcnden auch immer \u2013, nimmt der Experte unseres Unternehmens Kontakt mit dem beh\u00f6rdlichen Ansprechpartner auf und kl\u00e4rt die gegebenenfalls auftretenden Fragen.<\/p>\n<p style=\"text-align: justify;\">Wenn festgestellt wird, dass bei der Erstellung des Sicherheitsdatenblatts ein fachlicher Fehler gemacht wurde, korrigieren wir das Sicherheitsdatenblatt kostenlos.<\/p>\n<p>&nbsp;<\/p>\n<h4 style=\"text-align: justify;\"><span style=\"color: #333333;\">Finanzielle Garantie<\/span><\/h4>\n<p style=\"text-align: justify;\">Wenn einer unserer Kunden oder ein Partner unserer Kunden aufgrund der Verwendung eines von unserem Unternehmen fehlerhaft erstellten Sicherheitsdatenblatts einen erheblichen Schaden erlitten hat (z. B. Bu\u00dfgelder, Umetikettierung usw.), erstatten wir diesen unserem Kunden vollst\u00e4ndig.<\/p>\n<p>&nbsp;<\/p>\n<h3><span style=\"color: #333333;\">Angebotene Dienstleistungen<\/span><\/h3>\n<ul>\n<li><a href=\"http:\/\/msds-updated.rapidwebdevs.com\/de\/sicherheitsdatenblatt-uebersetzung\/\">\u00dcbersetzung von Sicherheitsdatenbl\u00e4ttern<\/a><\/li>\n<li><a href=\"http:\/\/msds-updated.rapidwebdevs.com\/de\/sds-aktualisierung-ueberarbeitung\/\">Aktualisierung von Sicherheitsdatenbl\u00e4ttern<\/a><\/li>\n<li><a href=\"http:\/\/msds-updated.rapidwebdevs.com\/de\/zusammenstellung-erstellung-von-sicherheitsdatenblaettern\/\">Neuerstellung von Sicherheitsdatenbl\u00e4ttern<\/a><\/li>\n<li><a href=\"http:\/\/msds-updated.rapidwebdevs.com\/de\/sicherheitsdatenblatt-bezogenes-express-service\/\">Sicherheitsdatenblatt-bezogener Express-Service innerhalb von 24 Stunden<\/a><\/li>\n<li><a href=\"http:\/\/msds-updated.rapidwebdevs.com\/de\/erstellung-von-etikettenentwuerfen\/\">Erstellung von Etikettenentw\u00fcrfen<\/a><\/li>\n<\/ul>\n<p>&nbsp;<\/p>\n<h3><span style=\"color: #333333;\">Empfohlener Artikel<\/span><\/h3>\n<ul>\n<li><a title=\"\u00dcber Software zur Erstellung von Sicherheitsdatenbl\u00e4ttern\" href=\"https:\/\/www.msds-europe.com\/de\/ueber-software-zur-erstellung-von-sicherheitsdatenblaettern\/\">\u00dcber Software zur Erstellung von Sicherheitsdatenbl\u00e4ttern<\/a><\/li>\n<\/ul>\n<p>&nbsp;<\/p>\n<h3><span style=\"color: #333333;\">Schnelle Fragen und Antworten<\/span><\/h3>\n<div class=\"su-spoiler su-spoiler-style-fancy su-spoiler-icon-chevron su-spoiler-closed\" data-scroll-offset=\"0\" data-anchor-in-url=\"no\"><div class=\"su-spoiler-title\" tabindex=\"0\" role=\"button\"><span class=\"su-spoiler-icon\"><\/span>Warum ist bereits in der \u00dcbersetzungsphase juristisches Wissen erforderlich?<\/div><div class=\"su-spoiler-content su-u-clearfix su-u-trim\">\n<p style=\"text-align: justify;\">Weil viele standardisierte Textbausteine (z. B. H- und P-S\u00e4tze) exakt in der gesetzlich festgelegten Form erscheinen m\u00fcssen. Daher erfordert eine korrekte \u00dcbersetzung die Kenntnis der einschl\u00e4gigen Vorschriften.<\/p>\n<\/div><\/div>\n<div class=\"su-spoiler su-spoiler-style-fancy su-spoiler-icon-chevron su-spoiler-closed\" data-scroll-offset=\"0\" data-anchor-in-url=\"no\"><div class=\"su-spoiler-title\" tabindex=\"0\" role=\"button\"><span class=\"su-spoiler-icon\"><\/span>Was pr\u00fcft der Experte im zweiten Arbeitsschritt?<\/div><div class=\"su-spoiler-content su-u-clearfix su-u-trim\">\n<p style=\"text-align: justify;\">Er kontrolliert die \u00fcbersetzten Daten (CAS-\/EG-Nummern, Grenzwerte), die Richtigkeit der Einstufung sowie die vollst\u00e4ndige Anwendung der erforderlichen Gefahrenpiktogramme und H-\/P-S\u00e4tze.<\/p>\n<\/div><\/div>\n<div class=\"su-spoiler su-spoiler-style-fancy su-spoiler-icon-chevron su-spoiler-closed\" data-scroll-offset=\"0\" data-anchor-in-url=\"no\"><div class=\"su-spoiler-title\" tabindex=\"0\" role=\"button\"><span class=\"su-spoiler-icon\"><\/span>Was ist das Hauptziel des dritten Arbeitsschritts bei der Erstellung des SDS?<\/div><div class=\"su-spoiler-content su-u-clearfix su-u-trim\">\n<p style=\"text-align: justify;\">Die Erstellung eines logisch konsistenten, widerspruchsfreien Sicherheitsdatenblatts, in dem die Angaben aller Abschnitte miteinander \u00fcbereinstimmen.<\/p>\n<\/div><\/div>\n","protected":false},"excerpt":{"rendered":"<p>Beschreibung des Arbeitsablaufs, den unser Unternehmen bei der \u00dcbersetzung des Sicherheitsdatenblattes verwendet.<\/p>\n","protected":false},"author":2,"featured_media":0,"parent":0,"menu_order":0,"comment_status":"closed","ping_status":"closed","template":"","meta":{"_acf_changed":false,"footnotes":""},"tags":[247,357],"class_list":["post-5784","page","type-page","status-publish","hentry","tag-sicherheitsdatenblatt","tag-sicherheitsdatenblatt-wissensbasis"],"acf":[],"yoast_head":"<!-- This site is optimized with the Yoast SEO plugin v27.2 - https:\/\/yoast.com\/product\/yoast-seo-wordpress\/ -->\n<title>Vorgehensweise in \u00dcbersetzung von Sicherheitsdatenbl\u00e4ttern<\/title>\n<meta name=\"description\" content=\"Erfahren Sie mehr \u00fcber unsere Arbeitsmethode, die zur besten professionellen Qualit\u00e4t bei der \u00dcbersetzung des SDS.\" \/>\n<meta name=\"robots\" content=\"index, follow, max-snippet:-1, max-image-preview:large, max-video-preview:-1\" \/>\n<link rel=\"canonical\" href=\"https:\/\/www.msds-europe.com\/de\/vorgehensweise-in-der-erstellung-und-ubersetzung-von-sicherheitsdatenblattern\/\" \/>\n<meta property=\"og:locale\" content=\"de_DE\" \/>\n<meta property=\"og:type\" content=\"article\" \/>\n<meta property=\"og:title\" content=\"Vorgehensweise in \u00dcbersetzung von Sicherheitsdatenbl\u00e4ttern\" \/>\n<meta property=\"og:description\" content=\"Erfahren Sie mehr \u00fcber unsere Arbeitsmethode, die zur besten professionellen Qualit\u00e4t bei der \u00dcbersetzung des SDS.\" \/>\n<meta property=\"og:url\" content=\"https:\/\/www.msds-europe.com\/de\/vorgehensweise-in-der-erstellung-und-ubersetzung-von-sicherheitsdatenblattern\/\" \/>\n<meta property=\"og:site_name\" content=\"MSDS Europe\" \/>\n<meta property=\"article:publisher\" content=\"https:\/\/www.facebook.com\/toxinfokft\/\" \/>\n<meta property=\"article:modified_time\" content=\"2026-04-23T12:19:25+00:00\" \/>\n<meta name=\"twitter:card\" content=\"summary_large_image\" \/>\n<meta name=\"twitter:site\" content=\"@ToxInfoKft\" \/>\n<meta name=\"twitter:label1\" content=\"Gesch\u00e4tzte Lesezeit\" \/>\n\t<meta name=\"twitter:data1\" content=\"4\u00a0Minuten\" \/>\n<script type=\"application\/ld+json\" class=\"yoast-schema-graph\">{\"@context\":\"https:\/\/schema.org\",\"@graph\":[{\"@type\":\"WebPage\",\"@id\":\"https:\/\/www.msds-europe.com\/de\/vorgehensweise-in-der-erstellung-und-ubersetzung-von-sicherheitsdatenblattern\/\",\"url\":\"https:\/\/www.msds-europe.com\/de\/vorgehensweise-in-der-erstellung-und-ubersetzung-von-sicherheitsdatenblattern\/\",\"name\":\"Vorgehensweise in \u00dcbersetzung von Sicherheitsdatenbl\u00e4ttern\",\"isPartOf\":{\"@id\":\"https:\/\/www.msds-europe.com\/es\/#website\"},\"datePublished\":\"2018-06-25T08:26:19+00:00\",\"dateModified\":\"2026-04-23T12:19:25+00:00\",\"description\":\"Erfahren Sie mehr \u00fcber unsere Arbeitsmethode, die zur besten professionellen Qualit\u00e4t bei der \u00dcbersetzung des SDS.\",\"breadcrumb\":{\"@id\":\"https:\/\/www.msds-europe.com\/de\/vorgehensweise-in-der-erstellung-und-ubersetzung-von-sicherheitsdatenblattern\/#breadcrumb\"},\"inLanguage\":\"de\",\"potentialAction\":[{\"@type\":\"ReadAction\",\"target\":[\"https:\/\/www.msds-europe.com\/de\/vorgehensweise-in-der-erstellung-und-ubersetzung-von-sicherheitsdatenblattern\/\"]}]},{\"@type\":\"BreadcrumbList\",\"@id\":\"https:\/\/www.msds-europe.com\/de\/vorgehensweise-in-der-erstellung-und-ubersetzung-von-sicherheitsdatenblattern\/#breadcrumb\",\"itemListElement\":[{\"@type\":\"ListItem\",\"position\":1,\"name\":\"F\u0151oldal\",\"item\":\"https:\/\/www.msds-europe.com\/de\/\"},{\"@type\":\"ListItem\",\"position\":2,\"name\":\"Vorgehensweise in der Erstellung und \u00dcbersetzung von Sicherheitsdatenbl\u00e4ttern\"}]},{\"@type\":\"WebSite\",\"@id\":\"https:\/\/www.msds-europe.com\/es\/#website\",\"url\":\"https:\/\/www.msds-europe.com\/es\/\",\"name\":\"MSDS Europe\",\"description\":\"\",\"publisher\":{\"@id\":\"https:\/\/www.msds-europe.com\/es\/#organization\"},\"potentialAction\":[{\"@type\":\"SearchAction\",\"target\":{\"@type\":\"EntryPoint\",\"urlTemplate\":\"https:\/\/www.msds-europe.com\/es\/?s={search_term_string}\"},\"query-input\":{\"@type\":\"PropertyValueSpecification\",\"valueRequired\":true,\"valueName\":\"search_term_string\"}}],\"inLanguage\":\"de\"},{\"@type\":\"Organization\",\"@id\":\"https:\/\/www.msds-europe.com\/es\/#organization\",\"name\":\"MSDS-Europe International branch of ToxInfo\",\"url\":\"https:\/\/www.msds-europe.com\/es\/\",\"logo\":{\"@type\":\"ImageObject\",\"inLanguage\":\"de\",\"@id\":\"https:\/\/www.msds-europe.com\/es\/#\/schema\/logo\/image\/\",\"url\":\"https:\/\/www.msds-europe.com\/wp-content\/uploads\/2021\/04\/msds-europe-logo.jpg\",\"contentUrl\":\"https:\/\/www.msds-europe.com\/wp-content\/uploads\/2021\/04\/msds-europe-logo.jpg\",\"width\":2296,\"height\":1067,\"caption\":\"MSDS-Europe International branch of ToxInfo\"},\"image\":{\"@id\":\"https:\/\/www.msds-europe.com\/es\/#\/schema\/logo\/image\/\"},\"sameAs\":[\"https:\/\/www.facebook.com\/toxinfokft\/\",\"https:\/\/x.com\/ToxInfoKft\"]}]}<\/script>\n<!-- \/ Yoast SEO plugin. -->","yoast_head_json":{"title":"Vorgehensweise in \u00dcbersetzung von Sicherheitsdatenbl\u00e4ttern","description":"Erfahren Sie mehr \u00fcber unsere Arbeitsmethode, die zur besten professionellen Qualit\u00e4t bei der \u00dcbersetzung des SDS.","robots":{"index":"index","follow":"follow","max-snippet":"max-snippet:-1","max-image-preview":"max-image-preview:large","max-video-preview":"max-video-preview:-1"},"canonical":"https:\/\/www.msds-europe.com\/de\/vorgehensweise-in-der-erstellung-und-ubersetzung-von-sicherheitsdatenblattern\/","og_locale":"de_DE","og_type":"article","og_title":"Vorgehensweise in \u00dcbersetzung von Sicherheitsdatenbl\u00e4ttern","og_description":"Erfahren Sie mehr \u00fcber unsere Arbeitsmethode, die zur besten professionellen Qualit\u00e4t bei der \u00dcbersetzung des SDS.","og_url":"https:\/\/www.msds-europe.com\/de\/vorgehensweise-in-der-erstellung-und-ubersetzung-von-sicherheitsdatenblattern\/","og_site_name":"MSDS Europe","article_publisher":"https:\/\/www.facebook.com\/toxinfokft\/","article_modified_time":"2026-04-23T12:19:25+00:00","twitter_card":"summary_large_image","twitter_site":"@ToxInfoKft","twitter_misc":{"Gesch\u00e4tzte Lesezeit":"4\u00a0Minuten"},"schema":{"@context":"https:\/\/schema.org","@graph":[{"@type":"WebPage","@id":"https:\/\/www.msds-europe.com\/de\/vorgehensweise-in-der-erstellung-und-ubersetzung-von-sicherheitsdatenblattern\/","url":"https:\/\/www.msds-europe.com\/de\/vorgehensweise-in-der-erstellung-und-ubersetzung-von-sicherheitsdatenblattern\/","name":"Vorgehensweise in \u00dcbersetzung von Sicherheitsdatenbl\u00e4ttern","isPartOf":{"@id":"https:\/\/www.msds-europe.com\/es\/#website"},"datePublished":"2018-06-25T08:26:19+00:00","dateModified":"2026-04-23T12:19:25+00:00","description":"Erfahren Sie mehr \u00fcber unsere Arbeitsmethode, die zur besten professionellen Qualit\u00e4t bei der \u00dcbersetzung des SDS.","breadcrumb":{"@id":"https:\/\/www.msds-europe.com\/de\/vorgehensweise-in-der-erstellung-und-ubersetzung-von-sicherheitsdatenblattern\/#breadcrumb"},"inLanguage":"de","potentialAction":[{"@type":"ReadAction","target":["https:\/\/www.msds-europe.com\/de\/vorgehensweise-in-der-erstellung-und-ubersetzung-von-sicherheitsdatenblattern\/"]}]},{"@type":"BreadcrumbList","@id":"https:\/\/www.msds-europe.com\/de\/vorgehensweise-in-der-erstellung-und-ubersetzung-von-sicherheitsdatenblattern\/#breadcrumb","itemListElement":[{"@type":"ListItem","position":1,"name":"F\u0151oldal","item":"https:\/\/www.msds-europe.com\/de\/"},{"@type":"ListItem","position":2,"name":"Vorgehensweise in der Erstellung und \u00dcbersetzung von Sicherheitsdatenbl\u00e4ttern"}]},{"@type":"WebSite","@id":"https:\/\/www.msds-europe.com\/es\/#website","url":"https:\/\/www.msds-europe.com\/es\/","name":"MSDS Europe","description":"","publisher":{"@id":"https:\/\/www.msds-europe.com\/es\/#organization"},"potentialAction":[{"@type":"SearchAction","target":{"@type":"EntryPoint","urlTemplate":"https:\/\/www.msds-europe.com\/es\/?s={search_term_string}"},"query-input":{"@type":"PropertyValueSpecification","valueRequired":true,"valueName":"search_term_string"}}],"inLanguage":"de"},{"@type":"Organization","@id":"https:\/\/www.msds-europe.com\/es\/#organization","name":"MSDS-Europe International branch of ToxInfo","url":"https:\/\/www.msds-europe.com\/es\/","logo":{"@type":"ImageObject","inLanguage":"de","@id":"https:\/\/www.msds-europe.com\/es\/#\/schema\/logo\/image\/","url":"https:\/\/www.msds-europe.com\/wp-content\/uploads\/2021\/04\/msds-europe-logo.jpg","contentUrl":"https:\/\/www.msds-europe.com\/wp-content\/uploads\/2021\/04\/msds-europe-logo.jpg","width":2296,"height":1067,"caption":"MSDS-Europe International branch of ToxInfo"},"image":{"@id":"https:\/\/www.msds-europe.com\/es\/#\/schema\/logo\/image\/"},"sameAs":["https:\/\/www.facebook.com\/toxinfokft\/","https:\/\/x.com\/ToxInfoKft"]}]}},"_links":{"self":[{"href":"https:\/\/www.msds-europe.com\/de\/wp-json\/wp\/v2\/pages\/5784","targetHints":{"allow":["GET"]}}],"collection":[{"href":"https:\/\/www.msds-europe.com\/de\/wp-json\/wp\/v2\/pages"}],"about":[{"href":"https:\/\/www.msds-europe.com\/de\/wp-json\/wp\/v2\/types\/page"}],"author":[{"embeddable":true,"href":"https:\/\/www.msds-europe.com\/de\/wp-json\/wp\/v2\/users\/2"}],"replies":[{"embeddable":true,"href":"https:\/\/www.msds-europe.com\/de\/wp-json\/wp\/v2\/comments?post=5784"}],"version-history":[{"count":10,"href":"https:\/\/www.msds-europe.com\/de\/wp-json\/wp\/v2\/pages\/5784\/revisions"}],"predecessor-version":[{"id":39047,"href":"https:\/\/www.msds-europe.com\/de\/wp-json\/wp\/v2\/pages\/5784\/revisions\/39047"}],"wp:attachment":[{"href":"https:\/\/www.msds-europe.com\/de\/wp-json\/wp\/v2\/media?parent=5784"}],"wp:term":[{"taxonomy":"post_tag","embeddable":true,"href":"https:\/\/www.msds-europe.com\/de\/wp-json\/wp\/v2\/tags?post=5784"}],"curies":[{"name":"wp","href":"https:\/\/api.w.org\/{rel}","templated":true}]}}