{"id":5767,"date":"2018-06-25T07:51:03","date_gmt":"2018-06-25T07:51:03","guid":{"rendered":"http:\/\/www.msds-europe.com\/gefahren-piktogramm\/"},"modified":"2026-02-20T10:48:45","modified_gmt":"2026-02-20T10:48:45","slug":"gefahrenpiktogramm","status":"publish","type":"page","link":"https:\/\/www.msds-europe.com\/de\/gefahrenpiktogramm\/","title":{"rendered":"Gefahrenpiktogramm"},"content":{"rendered":"<p style=\"text-align: right;\"><em><a href=\"https:\/\/www.msds-europe.com\/de\/nutzliche-informationen-und-hintergrundsmaterialien-fur-sicherheitsdatenblatter\/\">Sicherheitsdatenblatt-Wissensdatenbank<\/a> \u2013 Gefahrenpiktogramm<\/em><\/p>\n<p>&nbsp;<\/p>\n<h2>Gefahrenpiktogramme im Allgemeinen<\/h2>\n<p style=\"text-align: justify;\">Ein Gefahrenpiktogramm ist eine grafische Darstellung, die der Vermittlung einer bestimmten Information \u00fcber die jeweilige Gefahr dient.<br \/>\nGem\u00e4\u00df Artikel 19 der CLP-Verordnung bestimmt die Einstufung eines Stoffes oder Gemisches, welche der in Anhang I Teil 2 (\u201ePhysikalische Gefahren\u201c), Teil 3 (\u201eGesundheitsgefahren\u201c) und Teil 4 (\u201eUmweltgefahren\u201c) der CLP-Verordnung aufgef\u00fchrten Gefahrenpiktogramme auf einem Kennzeichnungsetikett enthalten sein m\u00fcssen.<\/p>\n<p style=\"text-align: justify;\">Informationen zur Zuordnung von Gefahrenpiktogrammen zu spezifischen Gefahrenklassen und Kategorien sind dar\u00fcber hinaus in Anhang V der CLP-Verordnung zu finden.<\/p>\n<p>&nbsp;<\/p>\n<h2>Gefahrenpiktogramm auf dem Etikett<\/h2>\n<p style=\"text-align: justify;\">Farbe und Aufmachung eines Kennzeichnungsetiketts m\u00fcssen so gestaltet sein, dass sich das Gefahrenpiktogramm deutlich abhebt. Die Gefahrenpiktogramme m\u00fcssen die Gestalt eines auf einer Ecke stehenden Quadrates aufweisen, wenn das Kennzeichnungsetikett horizontal gelesen wird, und ein schwarzes Symbol auf wei\u00dfem Hintergrund mit einem roten Rand enthalten (siehe Anhang I Abschnitt 1.2.1 der CLP-Verordnung).<br \/>\nJedes Gefahrenpiktogramm muss mindestens ein F\u00fcnfzehntel der Mindestfl\u00e4che des Kennzeichnungsetiketts einnehmen; die Fl\u00e4che des Gefahrenpiktogramms darf jedoch nicht kleiner als 1 cm\u00b2 sein.<\/p>\n<p>&nbsp;<\/p>\n<h2 style=\"text-align: justify;\">Verwendung von Gefahrenpiktogrammen im CLP-Einstufungsverfahren<\/h2>\n<p style=\"text-align: justify;\">Gem\u00e4\u00df Artikel 19 der Verordnung (EG) Nr. 1272\/2008 des Europ\u00e4ischen Parlaments und des Rates vom 16. Dezember 2008 \u00fcber die Einstufung, <a href=\"https:\/\/www.msds-europe.com\/de\/kennzeichnungselemente-sicherheitsdatenblattes\/\">Kennzeichnung<\/a> und Verpackung von Stoffen und Gemischen zur \u00c4nderung und Aufhebung der Richtlinien 67\/548\/EWG und 1999\/45\/EG und zur \u00c4nderung der Verordnung 1907\/2006\/EG m\u00fcssen bei der Einstufung nach der CLP-Verordnung die folgenden Gefahrenpiktogramme f\u00fcr die Kennzeichnung verwendet werden.<\/p>\n<p>&nbsp;<\/p>\n<h2>CLP-Gefahrenpiktogramme<\/h2>\n<div class=\"su-custom-gallery su-custom-gallery-align-left su-custom-gallery-title-always su-lightbox-gallery\"><div class=\"su-custom-gallery-slide\" style=\"width:200px;height:200px\"><a href=\"https:\/\/www.msds-europe.com\/wp-content\/uploads\/2018\/06\/GHS01-Gefahrenpiktogramm.jpg\" title=\"GHS01 Gefahrenpiktogramm\"><img decoding=\"async\" src=\"https:\/\/www.msds-europe.com\/wp-content\/uploads\/2018\/06\/GHS01-Gefahrenpiktogramm.jpg\" alt=\"GHS01 Gefahrenpiktogramm\" width=\"200\" height=\"200\" \/><span class=\"su-custom-gallery-title\">GHS01 Gefahrenpiktogramm<\/span><\/a><\/div><div class=\"su-custom-gallery-slide\" style=\"width:200px;height:200px\"><a href=\"https:\/\/www.msds-europe.com\/wp-content\/uploads\/2018\/06\/GHS02-Gefahrenpiktogramm.jpg\" title=\"GHS02 Gefahrenpiktogramm\"><img decoding=\"async\" src=\"https:\/\/www.msds-europe.com\/wp-content\/uploads\/2018\/06\/GHS02-Gefahrenpiktogramm.jpg\" alt=\"GHS02 Gefahrenpiktogramm\" width=\"200\" height=\"200\" \/><span class=\"su-custom-gallery-title\">GHS02 Gefahrenpiktogramm<\/span><\/a><\/div><div class=\"su-custom-gallery-slide\" style=\"width:200px;height:200px\"><a href=\"https:\/\/www.msds-europe.com\/wp-content\/uploads\/2018\/06\/GHS03-Gefahrenpiktogramm.jpg\" title=\"GHS03 Gefahrenpiktogramm\"><img decoding=\"async\" src=\"https:\/\/www.msds-europe.com\/wp-content\/uploads\/2018\/06\/GHS03-Gefahrenpiktogramm.jpg\" alt=\"GHS03 Gefahrenpiktogramm\" width=\"200\" height=\"200\" \/><span class=\"su-custom-gallery-title\">GHS03 Gefahrenpiktogramm<\/span><\/a><\/div><div class=\"su-custom-gallery-slide\" style=\"width:200px;height:200px\"><a href=\"https:\/\/www.msds-europe.com\/wp-content\/uploads\/2018\/06\/GHS04-Gefahrenpiktogramm.jpg\" title=\"GHS04 Gefahrenpiktogramm\"><img decoding=\"async\" src=\"https:\/\/www.msds-europe.com\/wp-content\/uploads\/2018\/06\/GHS04-Gefahrenpiktogramm.jpg\" alt=\"GHS04 Gefahrenpiktogramm\" width=\"200\" height=\"200\" \/><span class=\"su-custom-gallery-title\">GHS04 Gefahrenpiktogramm<\/span><\/a><\/div><div class=\"su-custom-gallery-slide\" style=\"width:200px;height:200px\"><a href=\"https:\/\/www.msds-europe.com\/wp-content\/uploads\/2018\/06\/GHS05-Gefahrenpiktogramm.jpg\" title=\"GHS05 Gefahrenpiktogramm\"><img decoding=\"async\" src=\"https:\/\/www.msds-europe.com\/wp-content\/uploads\/2018\/06\/GHS05-Gefahrenpiktogramm.jpg\" alt=\"GHS05 Gefahrenpiktogramm\" width=\"200\" height=\"200\" \/><span class=\"su-custom-gallery-title\">GHS05 Gefahrenpiktogramm<\/span><\/a><\/div><div class=\"su-custom-gallery-slide\" style=\"width:200px;height:200px\"><a href=\"https:\/\/www.msds-europe.com\/wp-content\/uploads\/2018\/06\/GHS06-Gefahrenpiktogramm.jpg\" title=\"GHS06 Gefahrenpiktogramm\"><img decoding=\"async\" src=\"https:\/\/www.msds-europe.com\/wp-content\/uploads\/2018\/06\/GHS06-Gefahrenpiktogramm.jpg\" alt=\"GHS06 Gefahrenpiktogramm\" width=\"200\" height=\"200\" \/><span class=\"su-custom-gallery-title\">GHS06 Gefahrenpiktogramm<\/span><\/a><\/div><div class=\"su-custom-gallery-slide\" style=\"width:200px;height:200px\"><a href=\"https:\/\/www.msds-europe.com\/wp-content\/uploads\/2018\/06\/GHS07-Gefahrenpiktogramm.jpg\" title=\"GHS07 Gefahrenpiktogramm\"><img decoding=\"async\" src=\"https:\/\/www.msds-europe.com\/wp-content\/uploads\/2018\/06\/GHS07-Gefahrenpiktogramm.jpg\" alt=\"GHS07 Gefahrenpiktogramm\" width=\"200\" height=\"200\" \/><span class=\"su-custom-gallery-title\">GHS07 Gefahrenpiktogramm<\/span><\/a><\/div><div class=\"su-custom-gallery-slide\" style=\"width:200px;height:200px\"><a href=\"https:\/\/www.msds-europe.com\/wp-content\/uploads\/2018\/06\/GHS08-Gefahrenpiktogramm.jpg\" title=\"GHS08 Gefahrenpiktogramm\"><img decoding=\"async\" src=\"https:\/\/www.msds-europe.com\/wp-content\/uploads\/2018\/06\/GHS08-Gefahrenpiktogramm.jpg\" alt=\"GHS08 Gefahrenpiktogramm\" width=\"200\" height=\"200\" \/><span class=\"su-custom-gallery-title\">GHS08 Gefahrenpiktogramm<\/span><\/a><\/div><div class=\"su-custom-gallery-slide\" style=\"width:200px;height:200px\"><a href=\"https:\/\/www.msds-europe.com\/wp-content\/uploads\/2018\/06\/GHS09-Gefahrenpiktogramm.jpg\" title=\"GHS09 Gefahrenpiktogramm\"><img decoding=\"async\" src=\"https:\/\/www.msds-europe.com\/wp-content\/uploads\/2018\/06\/GHS09-Gefahrenpiktogramm.jpg\" alt=\"GHS09 Gefahrenpiktogramm\" width=\"200\" height=\"200\" \/><span class=\"su-custom-gallery-title\">GHS09 Gefahrenpiktogramm<\/span><\/a><\/div><div class=\"su-clear\"><\/div><\/div>\n<p>&nbsp;<\/p>\n<h2>Gefahrenpiktogramme herunterladen<\/h2>\n<p style=\"text-align: justify;\">Sie k\u00f6nnen auf das Bild klicken, um es in gr\u00f6\u00dferer Ansicht zu sehen oder das jeweilige Gefahrenpiktogramm herunterzuladen.<\/p>\n<p>&nbsp;<\/p>\n<h4>Kostenlose Online-Beratung<\/h4>\n<p style=\"text-align: justify;\">Falls Sie die ben\u00f6tigten Informationen auf unserer Website nicht gefunden haben, k\u00f6nnen Sie Ihre Fragen zu Sicherheitsdatenbl\u00e4ttern direkt an unseren Experten richten.<\/p>\n<p>F\u00fcr das Senden Ihrer Fragen verwenden Sie bitte die folgende Nachrichtenanwendung:<\/p>\n<a href=\"https:\/\/www.msds-europe.com\/de\/online-beratung\/\" class=\"su-button su-button-style-default\" style=\"color:#ffffff;background-color:#ef552d;border-color:#c04424;border-radius:6px\" target=\"_self\"><span style=\"color:#ffffff;padding:0px 18px;font-size:14px;line-height:28px;border-color:#f4886c;border-radius:6px;text-shadow:0px 0px 2px #ffffff\"> Fragen Sie unsere Experten f\u00fcr Chemikaliensicherheit!<\/span><\/a>\n<p>&nbsp;<\/p>\n<h4><span style=\"color: #333333;\">Angebotene Dienstleistungen<\/span><\/h4>\n<ul>\n<li><a href=\"https:\/\/www.msds-europe.com\/de\/zusammenstellung-erstellung-von-sicherheitsdatenblaettern\/\">Neuerstellung von Sicherheitsdatenbl\u00e4ttern<\/a><\/li>\n<li><a href=\"https:\/\/www.msds-europe.com\/de\/erstellung-von-etikettenentwuerfen\/\">Erstellung von Etikettenentw\u00fcrfen<\/a><\/li>\n<li><a href=\"https:\/\/www.msds-europe.com\/de\/ufi-dientsleistung\/#Benachrichtigung-PCN-Portal\">Benachrichtigung von Gemischen \u00fcber das PCN-Portal<\/a><\/li>\n<\/ul>\n<p>&nbsp;<\/p>\n<h4><span style=\"color: #333333;\">Empfohlene Artikel<\/span><\/h4>\n<ul>\n<li><a href=\"https:\/\/www.msds-europe.com\/de\/kennzeichnungselemente-sicherheitsdatenblattes\/\">Kennzeichnungselemente des Sicherheitsdatenblatts<\/a><\/li>\n<li><a href=\"https:\/\/www.msds-europe.com\/de\/clp-kennzeichnung-in-der-praxis\/\">CLP-Kennzeichnung in der Praxis<\/a><\/li>\n<li><a href=\"https:\/\/www.msds-europe.com\/de\/p-satze\/\">P-S\u00e4tze<\/a><\/li>\n<li><a href=\"https:\/\/www.msds-europe.com\/de\/h-satze\/\">H-S\u00e4tze<\/a><\/li>\n<li>Erstellung von Sicherheitsdatenbl\u00e4ttern:\n<ul>\n<li><a href=\"https:\/\/www.msds-europe.com\/de\/erstellung-sdb-einfuhrung\/\">Teil 1: Einf\u00fchrung und rechtlicher Hintergrund<\/a><\/li>\n<li><a href=\"https:\/\/www.msds-europe.com\/de\/sdb-erstellungsprozess\/\">Teil 2: Verantwortlichkeiten und der SDB-Erstellungsprozess<\/a><\/li>\n<li><a href=\"https:\/\/www.msds-europe.com\/de\/erstellung-sdb-ersten-8-abschnitte\/\">Teil 3: Die ersten 8 Abschnitte des SDB im Detail<\/a><\/li>\n<li><a href=\"https:\/\/www.msds-europe.com\/de\/erstellung-sdb-9-16-abschnitte\/\">Teil 4: Die verbleibenden SDB-Abschnitte (9\u201316)<\/a><\/li>\n<li><a href=\"https:\/\/www.msds-europe.com\/de\/erstellung-sdb-bewaehrte-praktiken\/\">Teil 5: Besondere F\u00e4lle und bew\u00e4hrte Praktiken<\/a><\/li>\n<\/ul>\n<\/li>\n<\/ul>\n<p>&nbsp;<\/p>\n","protected":false},"excerpt":{"rendered":"<p>Produktinformationen, Etikettenvorlagen, Piktogramme sowie Leitf\u00e4den zur praktischen Anwendung der CLP-Verordnung und deren Kennzeichnungspflichten.<\/p>\n","protected":false},"author":2,"featured_media":0,"parent":0,"menu_order":0,"comment_status":"closed","ping_status":"closed","template":"","meta":{"_acf_changed":false,"footnotes":""},"tags":[247,357],"class_list":["post-5767","page","type-page","status-publish","hentry","tag-sicherheitsdatenblatt","tag-sicherheitsdatenblatt-wissensbasis"],"acf":[],"yoast_head":"<!-- This site is optimized with the Yoast SEO plugin v27.2 - https:\/\/yoast.com\/product\/yoast-seo-wordpress\/ -->\n<title>Was Sie \u00fcber die CLP-Gefahrenpiktogramme wissen sollten<\/title>\n<meta name=\"description\" content=\"Produktinformationen, Etikettenvorlagen, Piktogramme sowie Leitf\u00e4den zur praktischen Anwendung der CLP-Verordnung.\" \/>\n<meta name=\"robots\" content=\"index, follow, max-snippet:-1, max-image-preview:large, max-video-preview:-1\" \/>\n<link rel=\"canonical\" href=\"https:\/\/www.msds-europe.com\/de\/gefahrenpiktogramm\/\" \/>\n<meta property=\"og:locale\" content=\"de_DE\" \/>\n<meta property=\"og:type\" content=\"article\" \/>\n<meta property=\"og:title\" content=\"Was Sie \u00fcber die CLP-Gefahrenpiktogramme wissen sollten\" \/>\n<meta property=\"og:description\" content=\"Produktinformationen, Etikettenvorlagen, Piktogramme sowie Leitf\u00e4den zur praktischen Anwendung der CLP-Verordnung.\" \/>\n<meta property=\"og:url\" content=\"https:\/\/www.msds-europe.com\/de\/gefahrenpiktogramm\/\" \/>\n<meta property=\"og:site_name\" content=\"MSDS Europe\" \/>\n<meta property=\"article:publisher\" content=\"https:\/\/www.facebook.com\/toxinfokft\/\" \/>\n<meta property=\"article:modified_time\" content=\"2026-02-20T10:48:45+00:00\" \/>\n<meta name=\"twitter:card\" content=\"summary_large_image\" \/>\n<meta name=\"twitter:site\" content=\"@ToxInfoKft\" \/>\n<meta name=\"twitter:label1\" content=\"Gesch\u00e4tzte Lesezeit\" \/>\n\t<meta name=\"twitter:data1\" content=\"2\u00a0Minuten\" \/>\n<script type=\"application\/ld+json\" class=\"yoast-schema-graph\">{\"@context\":\"https:\/\/schema.org\",\"@graph\":[{\"@type\":\"WebPage\",\"@id\":\"https:\/\/www.msds-europe.com\/de\/gefahrenpiktogramm\/\",\"url\":\"https:\/\/www.msds-europe.com\/de\/gefahrenpiktogramm\/\",\"name\":\"Was Sie \u00fcber die CLP-Gefahrenpiktogramme wissen sollten\",\"isPartOf\":{\"@id\":\"https:\/\/www.msds-europe.com\/es\/#website\"},\"datePublished\":\"2018-06-25T07:51:03+00:00\",\"dateModified\":\"2026-02-20T10:48:45+00:00\",\"description\":\"Produktinformationen, Etikettenvorlagen, Piktogramme sowie Leitf\u00e4den zur praktischen Anwendung der CLP-Verordnung.\",\"breadcrumb\":{\"@id\":\"https:\/\/www.msds-europe.com\/de\/gefahrenpiktogramm\/#breadcrumb\"},\"inLanguage\":\"de\",\"potentialAction\":[{\"@type\":\"ReadAction\",\"target\":[\"https:\/\/www.msds-europe.com\/de\/gefahrenpiktogramm\/\"]}]},{\"@type\":\"BreadcrumbList\",\"@id\":\"https:\/\/www.msds-europe.com\/de\/gefahrenpiktogramm\/#breadcrumb\",\"itemListElement\":[{\"@type\":\"ListItem\",\"position\":1,\"name\":\"F\u0151oldal\",\"item\":\"https:\/\/www.msds-europe.com\/de\/\"},{\"@type\":\"ListItem\",\"position\":2,\"name\":\"Gefahrenpiktogramm\"}]},{\"@type\":\"WebSite\",\"@id\":\"https:\/\/www.msds-europe.com\/es\/#website\",\"url\":\"https:\/\/www.msds-europe.com\/es\/\",\"name\":\"MSDS Europe\",\"description\":\"\",\"publisher\":{\"@id\":\"https:\/\/www.msds-europe.com\/es\/#organization\"},\"potentialAction\":[{\"@type\":\"SearchAction\",\"target\":{\"@type\":\"EntryPoint\",\"urlTemplate\":\"https:\/\/www.msds-europe.com\/es\/?s={search_term_string}\"},\"query-input\":{\"@type\":\"PropertyValueSpecification\",\"valueRequired\":true,\"valueName\":\"search_term_string\"}}],\"inLanguage\":\"de\"},{\"@type\":\"Organization\",\"@id\":\"https:\/\/www.msds-europe.com\/es\/#organization\",\"name\":\"MSDS-Europe International branch of ToxInfo\",\"url\":\"https:\/\/www.msds-europe.com\/es\/\",\"logo\":{\"@type\":\"ImageObject\",\"inLanguage\":\"de\",\"@id\":\"https:\/\/www.msds-europe.com\/es\/#\/schema\/logo\/image\/\",\"url\":\"https:\/\/www.msds-europe.com\/wp-content\/uploads\/2021\/04\/msds-europe-logo.jpg\",\"contentUrl\":\"https:\/\/www.msds-europe.com\/wp-content\/uploads\/2021\/04\/msds-europe-logo.jpg\",\"width\":2296,\"height\":1067,\"caption\":\"MSDS-Europe International branch of ToxInfo\"},\"image\":{\"@id\":\"https:\/\/www.msds-europe.com\/es\/#\/schema\/logo\/image\/\"},\"sameAs\":[\"https:\/\/www.facebook.com\/toxinfokft\/\",\"https:\/\/x.com\/ToxInfoKft\"]}]}<\/script>\n<!-- \/ Yoast SEO plugin. -->","yoast_head_json":{"title":"Was Sie \u00fcber die CLP-Gefahrenpiktogramme wissen sollten","description":"Produktinformationen, Etikettenvorlagen, Piktogramme sowie Leitf\u00e4den zur praktischen Anwendung der CLP-Verordnung.","robots":{"index":"index","follow":"follow","max-snippet":"max-snippet:-1","max-image-preview":"max-image-preview:large","max-video-preview":"max-video-preview:-1"},"canonical":"https:\/\/www.msds-europe.com\/de\/gefahrenpiktogramm\/","og_locale":"de_DE","og_type":"article","og_title":"Was Sie \u00fcber die CLP-Gefahrenpiktogramme wissen sollten","og_description":"Produktinformationen, Etikettenvorlagen, Piktogramme sowie Leitf\u00e4den zur praktischen Anwendung der CLP-Verordnung.","og_url":"https:\/\/www.msds-europe.com\/de\/gefahrenpiktogramm\/","og_site_name":"MSDS Europe","article_publisher":"https:\/\/www.facebook.com\/toxinfokft\/","article_modified_time":"2026-02-20T10:48:45+00:00","twitter_card":"summary_large_image","twitter_site":"@ToxInfoKft","twitter_misc":{"Gesch\u00e4tzte Lesezeit":"2\u00a0Minuten"},"schema":{"@context":"https:\/\/schema.org","@graph":[{"@type":"WebPage","@id":"https:\/\/www.msds-europe.com\/de\/gefahrenpiktogramm\/","url":"https:\/\/www.msds-europe.com\/de\/gefahrenpiktogramm\/","name":"Was Sie \u00fcber die CLP-Gefahrenpiktogramme wissen sollten","isPartOf":{"@id":"https:\/\/www.msds-europe.com\/es\/#website"},"datePublished":"2018-06-25T07:51:03+00:00","dateModified":"2026-02-20T10:48:45+00:00","description":"Produktinformationen, Etikettenvorlagen, Piktogramme sowie Leitf\u00e4den zur praktischen Anwendung der CLP-Verordnung.","breadcrumb":{"@id":"https:\/\/www.msds-europe.com\/de\/gefahrenpiktogramm\/#breadcrumb"},"inLanguage":"de","potentialAction":[{"@type":"ReadAction","target":["https:\/\/www.msds-europe.com\/de\/gefahrenpiktogramm\/"]}]},{"@type":"BreadcrumbList","@id":"https:\/\/www.msds-europe.com\/de\/gefahrenpiktogramm\/#breadcrumb","itemListElement":[{"@type":"ListItem","position":1,"name":"F\u0151oldal","item":"https:\/\/www.msds-europe.com\/de\/"},{"@type":"ListItem","position":2,"name":"Gefahrenpiktogramm"}]},{"@type":"WebSite","@id":"https:\/\/www.msds-europe.com\/es\/#website","url":"https:\/\/www.msds-europe.com\/es\/","name":"MSDS Europe","description":"","publisher":{"@id":"https:\/\/www.msds-europe.com\/es\/#organization"},"potentialAction":[{"@type":"SearchAction","target":{"@type":"EntryPoint","urlTemplate":"https:\/\/www.msds-europe.com\/es\/?s={search_term_string}"},"query-input":{"@type":"PropertyValueSpecification","valueRequired":true,"valueName":"search_term_string"}}],"inLanguage":"de"},{"@type":"Organization","@id":"https:\/\/www.msds-europe.com\/es\/#organization","name":"MSDS-Europe International branch of ToxInfo","url":"https:\/\/www.msds-europe.com\/es\/","logo":{"@type":"ImageObject","inLanguage":"de","@id":"https:\/\/www.msds-europe.com\/es\/#\/schema\/logo\/image\/","url":"https:\/\/www.msds-europe.com\/wp-content\/uploads\/2021\/04\/msds-europe-logo.jpg","contentUrl":"https:\/\/www.msds-europe.com\/wp-content\/uploads\/2021\/04\/msds-europe-logo.jpg","width":2296,"height":1067,"caption":"MSDS-Europe International branch of ToxInfo"},"image":{"@id":"https:\/\/www.msds-europe.com\/es\/#\/schema\/logo\/image\/"},"sameAs":["https:\/\/www.facebook.com\/toxinfokft\/","https:\/\/x.com\/ToxInfoKft"]}]}},"_links":{"self":[{"href":"https:\/\/www.msds-europe.com\/de\/wp-json\/wp\/v2\/pages\/5767","targetHints":{"allow":["GET"]}}],"collection":[{"href":"https:\/\/www.msds-europe.com\/de\/wp-json\/wp\/v2\/pages"}],"about":[{"href":"https:\/\/www.msds-europe.com\/de\/wp-json\/wp\/v2\/types\/page"}],"author":[{"embeddable":true,"href":"https:\/\/www.msds-europe.com\/de\/wp-json\/wp\/v2\/users\/2"}],"replies":[{"embeddable":true,"href":"https:\/\/www.msds-europe.com\/de\/wp-json\/wp\/v2\/comments?post=5767"}],"version-history":[{"count":9,"href":"https:\/\/www.msds-europe.com\/de\/wp-json\/wp\/v2\/pages\/5767\/revisions"}],"predecessor-version":[{"id":37300,"href":"https:\/\/www.msds-europe.com\/de\/wp-json\/wp\/v2\/pages\/5767\/revisions\/37300"}],"wp:attachment":[{"href":"https:\/\/www.msds-europe.com\/de\/wp-json\/wp\/v2\/media?parent=5767"}],"wp:term":[{"taxonomy":"post_tag","embeddable":true,"href":"https:\/\/www.msds-europe.com\/de\/wp-json\/wp\/v2\/tags?post=5767"}],"curies":[{"name":"wp","href":"https:\/\/api.w.org\/{rel}","templated":true}]}}