{"id":5433,"date":"2018-06-21T09:47:23","date_gmt":"2018-06-21T09:47:23","guid":{"rendered":"http:\/\/www.msds-europe.com\/erstellung-von-sicherheitsdatenblatter-fur-kosmetische-produkte\/"},"modified":"2018-06-29T12:59:56","modified_gmt":"2018-06-29T12:59:56","slug":"erstellung-von-sicherheitsdatenblatter-fur-kosmetische-produkte","status":"publish","type":"page","link":"https:\/\/www.msds-europe.com\/de\/erstellung-von-sicherheitsdatenblatter-fur-kosmetische-produkte\/","title":{"rendered":"Erstellung von Sicherheitsdatenbl\u00e4tter f\u00fcr kosmetische Produkte"},"content":{"rendered":"<p style=\"text-align: right;\"><em><a href=\"http:\/\/www.msds-europe.com\/de\/dienstleistungen-kosmetische-produkte\/\">Dienstleistungen in Bezug auf kosmetische Produkte<\/a>\u00a0\u2013\u00a0Erstellung von Sicherheitsdatenbl\u00e4tter f\u00fcr kosmetische Produkte<\/em><\/p>\n<p>&nbsp;<\/p>\n<p style=\"text-align: justify;\">Unsere Kunden haben in vielen F\u00e4llen den Kontakt mit uns aufgenommen, um Sicherheitsdatenbl\u00e4tter f\u00fcr kosmetische Produkte zu erstellen.<br \/>\nNat\u00fcrlich wussten auch unsere Kunden &#8211; und wir haben sie auch darauf aufmerksam gemacht -, dass f\u00fcr Kosmetikprodukte die Vorschriften der Chemikaliensicherheit nicht gelten.<\/p>\n<p style=\"text-align: justify;\">Es gibt keine gesetzliche Verpflichtung in Bezug auf kosmetische Mittel, die den Marktteilnehmern die Existenz, \u00dcbertragung oder Erstellung eines Sicherheitsdatenblattes erfordert.<\/p>\n<p>&nbsp;<\/p>\n<h2 style=\"text-align: justify;\">Basierend auf den folgenden \u00dcberlegungen wird ein Sicherheitsdatenblatt f\u00fcr Kosmetika empfohlen<\/h2>\n<p style=\"text-align: justify;\">Bei der Herstellung, Lagerung, Verpackung und beim Transport kosmetischer Produkte k\u00f6nnen potentielle Gefahren f\u00fcr die Mitarbeiter entstehen. Das Sicherheitsdatenblatt kann ein hervorragendes Zeug sein, um die f\u00fcr das sichere Arbeiten ben\u00f6tigten Informationen zu \u00fcbertragen.<\/p>\n<p style=\"text-align: justify;\">Bei der Erstellung eines Sicherheitsdatenblattes f\u00fcr ein kosmetisches Produkt wird es wie jede andere Mischung behandelt.<br \/>\nWir ber\u00fccksichtigen nicht nur die inhaltlichen und formalen Anforderungen f\u00fcr die Sicherheitsdatenbl\u00e4tter sondern auch die <a href=\"http:\/\/www.msds-europe.com\/de\/rechtsanderungsverfolger\/\">relevanten Rechtsvorschriften<\/a>.<\/p>\n<p>&nbsp;<\/p>\n<h2 style=\"text-align: justify;\">Weitere Informationen zu unseren Dienstleistungen im Zusammenhang mit der Erstellung von Sicherheitsdatenbl\u00e4ttern<\/h2>\n<p style=\"text-align: justify;\">Die Servicebeschreibungen, die Sie im Abschnitt \u201e<a href=\"http:\/\/www.msds-europe.com\/de\/zusammenstellung-erstellung-von-sicherheitsdatenblaettern\/\">Sicherheitsdatenblatt &#8211; Dienstleistungen<\/a>&#8220; finden, gelten auch f\u00fcr die Kosmetikprodukte.<\/p>\n<p style=\"text-align: justify;\">In jedem Fall wird es im Sicherheitsdatenblatt angegeben, dass es im Falle des aktuellen Produkts nicht zwingend notwendig ist, ein Sicherheitsdatenblatt zu erstellen, und die ver\u00f6ffentlichten Daten nur zu informativen Zwecken dienen.<\/p>\n<p>&nbsp;<\/p>\n<h2 style=\"text-align: justify;\">Angebotsanfrage f\u00fcr die Erstellung von Sicherheitsdatenbl\u00e4ttern<\/h2>\n<p style=\"text-align: justify;\"><a href=\"mailto:info@msds-europe.com\">Wir antworten auf die Anfragen per E-Mail<\/a> oder <a href=\"http:\/\/www.msds-europe.com\/de\/angebotsanfrage-kosmetika\/\">elektronischer Form<\/a> innerhalb von 24 Stunden.<br \/>\nUnser <a href=\"http:\/\/www.msds-europe.com\/de\/kundendienst\/\">Kundenservice<\/a> unterst\u00fctzt Sie bei der Auswahl des richtigen Service.<\/p>\n<p>&nbsp;<\/p>\n<h3 style=\"text-align: justify;\"><span style=\"color: #333333;\">Dienstleistungen im Zusammenhang mit unserem Service \u201eErstellung von Sicherheitsdatenbl\u00e4ttern\u201c<\/span><\/h3>\n<ul>\n<li><a title=\"CPNP Notifizierung Service\" href=\"http:\/\/www.msds-europe.com\/de\/cpnp-notifizierung-service\/\">CPNP Notifizierung Service<\/a><\/li>\n<li><a title=\"Erstellung, \u00dcbersetzung von Etikettenentw\u00fcrfe f\u00fcr kosmetische Produkte\" href=\"http:\/\/www.msds-europe.com\/de\/erstellung-ubersetzung-von-etikettenentwurfe-fur-kosmetische-produkte\/\">Erstellung, \u00dcbersetzung von Etikettenentw\u00fcrfe f\u00fcr kosmetische Produkte<\/a><\/li>\n<\/ul>\n<p>&nbsp;<\/p>\n","protected":false},"excerpt":{"rendered":"<p>Unser Service zur Erstellung von Sicherheitsdatenbl\u00e4ttern ist bei kosmetischen Produkten optional. Es ist nicht obligatorisch, ein Sicherheitsdatenblatt f\u00fcr kosmetische Produkte zu erstellen, aber in vielen F\u00e4llen kann es ein geeignetes Kommunikationsmittel f\u00fcr sicheres Arbeiten sein.<\/p>\n","protected":false},"author":2,"featured_media":0,"parent":0,"menu_order":0,"comment_status":"closed","ping_status":"closed","template":"","meta":{"_acf_changed":false,"footnotes":""},"tags":[273,272,247],"class_list":["post-5433","page","type-page","status-publish","hentry","tag-dienstleistungen-in-bezug-auf-kosmetische-produkte","tag-kosmetika-de","tag-sicherheitsdatenblatt"],"acf":[],"yoast_head":"<!-- This site is optimized with the Yoast SEO plugin v27.2 - https:\/\/yoast.com\/product\/yoast-seo-wordpress\/ -->\n<title>Erstellung von Sicherheitsdatenbl\u00e4tter f\u00fcr kosmetische Produkte<\/title>\n<meta name=\"description\" content=\"Unser Service f\u00fcr die Erstellung von Sicherheitsdatenbl\u00e4tter f\u00fcr kosmetische Produkte ist optional. Es besteht keine rechtliche Verpflichtung zur Erstellung eines Sicherheitsdatenblatts f\u00fcr kosmetische Produkte, aber in einigen F\u00e4llen kann es n\u00fctzlich sein.\" \/>\n<meta name=\"robots\" content=\"index, follow, max-snippet:-1, max-image-preview:large, max-video-preview:-1\" \/>\n<link rel=\"canonical\" href=\"https:\/\/www.msds-europe.com\/de\/erstellung-von-sicherheitsdatenblatter-fur-kosmetische-produkte\/\" \/>\n<meta property=\"og:locale\" content=\"de_DE\" \/>\n<meta property=\"og:type\" content=\"article\" \/>\n<meta property=\"og:title\" content=\"Erstellung von Sicherheitsdatenbl\u00e4tter f\u00fcr kosmetische Produkte\" \/>\n<meta property=\"og:description\" content=\"Unser Service f\u00fcr die Erstellung von Sicherheitsdatenbl\u00e4tter f\u00fcr kosmetische Produkte ist optional. Es besteht keine rechtliche Verpflichtung zur Erstellung eines Sicherheitsdatenblatts f\u00fcr kosmetische Produkte, aber in einigen F\u00e4llen kann es n\u00fctzlich sein.\" \/>\n<meta property=\"og:url\" content=\"https:\/\/www.msds-europe.com\/de\/erstellung-von-sicherheitsdatenblatter-fur-kosmetische-produkte\/\" \/>\n<meta property=\"og:site_name\" content=\"MSDS Europe\" \/>\n<meta property=\"article:publisher\" content=\"https:\/\/www.facebook.com\/toxinfokft\/\" \/>\n<meta property=\"article:modified_time\" content=\"2018-06-29T12:59:56+00:00\" \/>\n<meta name=\"twitter:card\" content=\"summary_large_image\" \/>\n<meta name=\"twitter:site\" content=\"@ToxInfoKft\" \/>\n<meta name=\"twitter:label1\" content=\"Gesch\u00e4tzte Lesezeit\" \/>\n\t<meta name=\"twitter:data1\" content=\"1\u00a0Minute\" \/>\n<script type=\"application\/ld+json\" class=\"yoast-schema-graph\">{\"@context\":\"https:\/\/schema.org\",\"@graph\":[{\"@type\":\"WebPage\",\"@id\":\"https:\/\/www.msds-europe.com\/de\/erstellung-von-sicherheitsdatenblatter-fur-kosmetische-produkte\/\",\"url\":\"https:\/\/www.msds-europe.com\/de\/erstellung-von-sicherheitsdatenblatter-fur-kosmetische-produkte\/\",\"name\":\"Erstellung von Sicherheitsdatenbl\u00e4tter f\u00fcr kosmetische Produkte\",\"isPartOf\":{\"@id\":\"https:\/\/www.msds-europe.com\/es\/#website\"},\"datePublished\":\"2018-06-21T09:47:23+00:00\",\"dateModified\":\"2018-06-29T12:59:56+00:00\",\"description\":\"Unser Service f\u00fcr die Erstellung von Sicherheitsdatenbl\u00e4tter f\u00fcr kosmetische Produkte ist optional. Es besteht keine rechtliche Verpflichtung zur Erstellung eines Sicherheitsdatenblatts f\u00fcr kosmetische Produkte, aber in einigen F\u00e4llen kann es n\u00fctzlich sein.\",\"breadcrumb\":{\"@id\":\"https:\/\/www.msds-europe.com\/de\/erstellung-von-sicherheitsdatenblatter-fur-kosmetische-produkte\/#breadcrumb\"},\"inLanguage\":\"de\",\"potentialAction\":[{\"@type\":\"ReadAction\",\"target\":[\"https:\/\/www.msds-europe.com\/de\/erstellung-von-sicherheitsdatenblatter-fur-kosmetische-produkte\/\"]}]},{\"@type\":\"BreadcrumbList\",\"@id\":\"https:\/\/www.msds-europe.com\/de\/erstellung-von-sicherheitsdatenblatter-fur-kosmetische-produkte\/#breadcrumb\",\"itemListElement\":[{\"@type\":\"ListItem\",\"position\":1,\"name\":\"F\u0151oldal\",\"item\":\"https:\/\/www.msds-europe.com\/de\/\"},{\"@type\":\"ListItem\",\"position\":2,\"name\":\"Erstellung von Sicherheitsdatenbl\u00e4tter f\u00fcr kosmetische Produkte\"}]},{\"@type\":\"WebSite\",\"@id\":\"https:\/\/www.msds-europe.com\/es\/#website\",\"url\":\"https:\/\/www.msds-europe.com\/es\/\",\"name\":\"MSDS Europe\",\"description\":\"\",\"publisher\":{\"@id\":\"https:\/\/www.msds-europe.com\/es\/#organization\"},\"potentialAction\":[{\"@type\":\"SearchAction\",\"target\":{\"@type\":\"EntryPoint\",\"urlTemplate\":\"https:\/\/www.msds-europe.com\/es\/?s={search_term_string}\"},\"query-input\":{\"@type\":\"PropertyValueSpecification\",\"valueRequired\":true,\"valueName\":\"search_term_string\"}}],\"inLanguage\":\"de\"},{\"@type\":\"Organization\",\"@id\":\"https:\/\/www.msds-europe.com\/es\/#organization\",\"name\":\"MSDS-Europe International branch of ToxInfo\",\"url\":\"https:\/\/www.msds-europe.com\/es\/\",\"logo\":{\"@type\":\"ImageObject\",\"inLanguage\":\"de\",\"@id\":\"https:\/\/www.msds-europe.com\/es\/#\/schema\/logo\/image\/\",\"url\":\"https:\/\/www.msds-europe.com\/wp-content\/uploads\/2021\/04\/msds-europe-logo.jpg\",\"contentUrl\":\"https:\/\/www.msds-europe.com\/wp-content\/uploads\/2021\/04\/msds-europe-logo.jpg\",\"width\":2296,\"height\":1067,\"caption\":\"MSDS-Europe International branch of ToxInfo\"},\"image\":{\"@id\":\"https:\/\/www.msds-europe.com\/es\/#\/schema\/logo\/image\/\"},\"sameAs\":[\"https:\/\/www.facebook.com\/toxinfokft\/\",\"https:\/\/x.com\/ToxInfoKft\"]}]}<\/script>\n<!-- \/ Yoast SEO plugin. -->","yoast_head_json":{"title":"Erstellung von Sicherheitsdatenbl\u00e4tter f\u00fcr kosmetische Produkte","description":"Unser Service f\u00fcr die Erstellung von Sicherheitsdatenbl\u00e4tter f\u00fcr kosmetische Produkte ist optional. Es besteht keine rechtliche Verpflichtung zur Erstellung eines Sicherheitsdatenblatts f\u00fcr kosmetische Produkte, aber in einigen F\u00e4llen kann es n\u00fctzlich sein.","robots":{"index":"index","follow":"follow","max-snippet":"max-snippet:-1","max-image-preview":"max-image-preview:large","max-video-preview":"max-video-preview:-1"},"canonical":"https:\/\/www.msds-europe.com\/de\/erstellung-von-sicherheitsdatenblatter-fur-kosmetische-produkte\/","og_locale":"de_DE","og_type":"article","og_title":"Erstellung von Sicherheitsdatenbl\u00e4tter f\u00fcr kosmetische Produkte","og_description":"Unser Service f\u00fcr die Erstellung von Sicherheitsdatenbl\u00e4tter f\u00fcr kosmetische Produkte ist optional. Es besteht keine rechtliche Verpflichtung zur Erstellung eines Sicherheitsdatenblatts f\u00fcr kosmetische Produkte, aber in einigen F\u00e4llen kann es n\u00fctzlich sein.","og_url":"https:\/\/www.msds-europe.com\/de\/erstellung-von-sicherheitsdatenblatter-fur-kosmetische-produkte\/","og_site_name":"MSDS Europe","article_publisher":"https:\/\/www.facebook.com\/toxinfokft\/","article_modified_time":"2018-06-29T12:59:56+00:00","twitter_card":"summary_large_image","twitter_site":"@ToxInfoKft","twitter_misc":{"Gesch\u00e4tzte Lesezeit":"1\u00a0Minute"},"schema":{"@context":"https:\/\/schema.org","@graph":[{"@type":"WebPage","@id":"https:\/\/www.msds-europe.com\/de\/erstellung-von-sicherheitsdatenblatter-fur-kosmetische-produkte\/","url":"https:\/\/www.msds-europe.com\/de\/erstellung-von-sicherheitsdatenblatter-fur-kosmetische-produkte\/","name":"Erstellung von Sicherheitsdatenbl\u00e4tter f\u00fcr kosmetische Produkte","isPartOf":{"@id":"https:\/\/www.msds-europe.com\/es\/#website"},"datePublished":"2018-06-21T09:47:23+00:00","dateModified":"2018-06-29T12:59:56+00:00","description":"Unser Service f\u00fcr die Erstellung von Sicherheitsdatenbl\u00e4tter f\u00fcr kosmetische Produkte ist optional. Es besteht keine rechtliche Verpflichtung zur Erstellung eines Sicherheitsdatenblatts f\u00fcr kosmetische Produkte, aber in einigen F\u00e4llen kann es n\u00fctzlich sein.","breadcrumb":{"@id":"https:\/\/www.msds-europe.com\/de\/erstellung-von-sicherheitsdatenblatter-fur-kosmetische-produkte\/#breadcrumb"},"inLanguage":"de","potentialAction":[{"@type":"ReadAction","target":["https:\/\/www.msds-europe.com\/de\/erstellung-von-sicherheitsdatenblatter-fur-kosmetische-produkte\/"]}]},{"@type":"BreadcrumbList","@id":"https:\/\/www.msds-europe.com\/de\/erstellung-von-sicherheitsdatenblatter-fur-kosmetische-produkte\/#breadcrumb","itemListElement":[{"@type":"ListItem","position":1,"name":"F\u0151oldal","item":"https:\/\/www.msds-europe.com\/de\/"},{"@type":"ListItem","position":2,"name":"Erstellung von Sicherheitsdatenbl\u00e4tter f\u00fcr kosmetische Produkte"}]},{"@type":"WebSite","@id":"https:\/\/www.msds-europe.com\/es\/#website","url":"https:\/\/www.msds-europe.com\/es\/","name":"MSDS Europe","description":"","publisher":{"@id":"https:\/\/www.msds-europe.com\/es\/#organization"},"potentialAction":[{"@type":"SearchAction","target":{"@type":"EntryPoint","urlTemplate":"https:\/\/www.msds-europe.com\/es\/?s={search_term_string}"},"query-input":{"@type":"PropertyValueSpecification","valueRequired":true,"valueName":"search_term_string"}}],"inLanguage":"de"},{"@type":"Organization","@id":"https:\/\/www.msds-europe.com\/es\/#organization","name":"MSDS-Europe International branch of ToxInfo","url":"https:\/\/www.msds-europe.com\/es\/","logo":{"@type":"ImageObject","inLanguage":"de","@id":"https:\/\/www.msds-europe.com\/es\/#\/schema\/logo\/image\/","url":"https:\/\/www.msds-europe.com\/wp-content\/uploads\/2021\/04\/msds-europe-logo.jpg","contentUrl":"https:\/\/www.msds-europe.com\/wp-content\/uploads\/2021\/04\/msds-europe-logo.jpg","width":2296,"height":1067,"caption":"MSDS-Europe International branch of ToxInfo"},"image":{"@id":"https:\/\/www.msds-europe.com\/es\/#\/schema\/logo\/image\/"},"sameAs":["https:\/\/www.facebook.com\/toxinfokft\/","https:\/\/x.com\/ToxInfoKft"]}]}},"_links":{"self":[{"href":"https:\/\/www.msds-europe.com\/de\/wp-json\/wp\/v2\/pages\/5433","targetHints":{"allow":["GET"]}}],"collection":[{"href":"https:\/\/www.msds-europe.com\/de\/wp-json\/wp\/v2\/pages"}],"about":[{"href":"https:\/\/www.msds-europe.com\/de\/wp-json\/wp\/v2\/types\/page"}],"author":[{"embeddable":true,"href":"https:\/\/www.msds-europe.com\/de\/wp-json\/wp\/v2\/users\/2"}],"replies":[{"embeddable":true,"href":"https:\/\/www.msds-europe.com\/de\/wp-json\/wp\/v2\/comments?post=5433"}],"version-history":[{"count":4,"href":"https:\/\/www.msds-europe.com\/de\/wp-json\/wp\/v2\/pages\/5433\/revisions"}],"predecessor-version":[{"id":6774,"href":"https:\/\/www.msds-europe.com\/de\/wp-json\/wp\/v2\/pages\/5433\/revisions\/6774"}],"wp:attachment":[{"href":"https:\/\/www.msds-europe.com\/de\/wp-json\/wp\/v2\/media?parent=5433"}],"wp:term":[{"taxonomy":"post_tag","embeddable":true,"href":"https:\/\/www.msds-europe.com\/de\/wp-json\/wp\/v2\/tags?post=5433"}],"curies":[{"name":"wp","href":"https:\/\/api.w.org\/{rel}","templated":true}]}}