{"id":5357,"date":"2018-06-21T08:43:21","date_gmt":"2018-06-21T08:43:21","guid":{"rendered":"http:\/\/www.msds-europe.com\/erstellung-ubersetzung-von-etikettenentwurfe-fur-kosmetische-produkte\/"},"modified":"2018-07-04T13:03:54","modified_gmt":"2018-07-04T13:03:54","slug":"erstellung-ubersetzung-von-etikettenentwurfe-fur-kosmetische-produkte","status":"publish","type":"page","link":"https:\/\/www.msds-europe.com\/de\/erstellung-ubersetzung-von-etikettenentwurfe-fur-kosmetische-produkte\/","title":{"rendered":"Erstellung, \u00dcbersetzung von Etikettenentw\u00fcrfe f\u00fcr kosmetische Produkte"},"content":{"rendered":"<p style=\"text-align: right;\"><em><a href=\"http:\/\/www.msds-europe.com\/de\/dienstleistungen-kosmetische-produkte\/\">Dienstleistungen in Bezug auf kosmetische Produkte<\/a>\u00a0\u2013\u00a0Erstellung, \u00dcbersetzung von Etikettenentw\u00fcrfe f\u00fcr kosmetische Produkte<\/em><\/p>\n<p>&nbsp;<\/p>\n<p style=\"text-align: justify;\">Erstellung eines Etikettenentwurfs f\u00fcr kosmetische Produkte und \u00dcbersetzung in alle EU-Sprachen gem\u00e4\u00df den einschl\u00e4gigen Vorschriften.<\/p>\n<p>&nbsp;<\/p>\n<h2 style=\"text-align: justify;\">Erstellung von Etikettenentw\u00fcrfe f\u00fcr verantwortliche Personen<\/h2>\n<p style=\"text-align: justify;\">Erstellung von Etikettenentw\u00fcrfen f\u00fcr kosmetische Mittel gem\u00e4\u00df <strong>Artikel 19 der Verordnung (EG) Nr. 1223\/2009.<\/strong><\/p>\n<p>&nbsp;<\/p>\n<h2 style=\"text-align: justify;\">\u00dcbersetzung von Etikettenentw\u00fcrfe f\u00fcr H\u00e4ndler<\/h2>\n<p style=\"text-align: justify;\">\u00dcbersetzung von Etikettenentw\u00fcrfen f\u00fcr kosmetische Produkte in ungarische Sprache und <strong>in die folgenden Sprachen:<\/strong><\/p>\n<p style=\"text-align: justify;\">Englisch, Tschechisch, Finnisch, Franz\u00f6sisch, Niederl\u00e4ndisch, Kroatisch, Chinesisch, Norwegisch, Deutsch, Italienisch, Russisch, Portugiesisch, Rum\u00e4nisch, Spanisch, Serbisch, Slowakisch, Slowenisch, T\u00fcrkisch, Ukrainisch, Polnisch, Schwedisch<\/p>\n<p>&nbsp;<\/p>\n<h2 style=\"text-align: justify;\">Angebotsanforderung f\u00fcr die Erstellung, \u00dcbersetzung eines Etiketten-entwurfes<\/h2>\n<p style=\"text-align: justify;\"><a href=\"mailto:info@msds-europe.com\">Wir antworten auf die Anfragen per E-Mail<\/a> oder <a href=\"http:\/\/www.msds-europe.com\/de\/angebotsanfrage-kosmetika\/\">elektronischer Form<\/a> innerhalb von 24 Stunden.<br \/>\nUnser <a href=\"http:\/\/www.msds-europe.com\/de\/kundendienst\/\">Kundenservice<\/a> unterst\u00fctzt Sie bei der Auswahl des richtigen Service.<\/p>\n<p>&nbsp;<\/p>\n<h3 style=\"text-align: justify;\"><span style=\"color: #333333;\">N\u00fctzliches professionelles Hintergrundmaterial im Zusammenhang mit Etikettierung kosmetischer Produkte<\/span><\/h3>\n<ul>\n<li><a title=\"Pflichten der verantwortlichen Person\" href=\"http:\/\/www.msds-europe.com\/de\/pflichten-als-verantwortlicher-person-bezueglich-der-kosmetischen-produkte\/\">Pflichten der verantwortlichen Person<\/a><\/li>\n<li><a title=\"Die Pflichten der H\u00e4ndler von kosmetischen Produkten\" href=\"http:\/\/www.msds-europe.com\/de\/pflichten-handler-kosmetischen-produkten\/\">Die Pflichten der H\u00e4ndler von kosmetischen Produkten<\/a><\/li>\n<\/ul>\n<p>&nbsp;<\/p>\n<h3 style=\"text-align: justify;\"><span style=\"color: #333333;\">Zusatzsdienstleistungen im Zusammenhang mit Erstellung\/\u00dcbersetzung von Etikettenentw\u00fcrfen<\/span><\/h3>\n<ul>\n<li><a title=\"CPNP Notifizierung Service\" href=\"http:\/\/www.msds-europe.com\/de\/cpnp-notifizierung-service\/\">CPNP Notifizierung Service<\/a><\/li>\n<li><a title=\"Erstellung von Sicherheitsbewertung f\u00fcr kosmetische Produkte\" href=\"http:\/\/www.msds-europe.com\/de\/erstellung-von-sicherheitsbewertung-fur-kosmetische-produkte\/\">Erstellung von Sicherheitsbewertung f\u00fcr kosmetische Produkte<\/a><\/li>\n<\/ul>\n<p>&nbsp;<\/p>\n","protected":false},"excerpt":{"rendered":"<p>Erstellung, \u00dcbersetzung von Etikettenentw\u00fcrfe f\u00fcr kosmetische Produkte gem\u00e4\u00df den einschl\u00e4gigen Vorschriften.<\/p>\n","protected":false},"author":2,"featured_media":0,"parent":0,"menu_order":0,"comment_status":"closed","ping_status":"closed","template":"","meta":{"_acf_changed":false,"footnotes":""},"tags":[273,272],"class_list":["post-5357","page","type-page","status-publish","hentry","tag-dienstleistungen-in-bezug-auf-kosmetische-produkte","tag-kosmetika-de"],"acf":[],"yoast_head":"<!-- This site is optimized with the Yoast SEO plugin v27.2 - https:\/\/yoast.com\/product\/yoast-seo-wordpress\/ -->\n<title>Erstellung, \u00dcbersetzung von Etikettenentw\u00fcrfe f\u00fcr Kosmetika, kosmetische Produkte<\/title>\n<meta name=\"description\" content=\"Erstellung, \u00dcbersetzung von Etikettenentw\u00fcrfe f\u00fcr kosmetische Produkte gem\u00e4\u00df den einschl\u00e4gigen Vorschriften. \u00dcbersetzung des Etikettentextes f\u00fcr kosmetische Produkte in alle Amtssprachen der Europ\u00e4ischen Union.\" \/>\n<meta name=\"robots\" content=\"index, follow, max-snippet:-1, max-image-preview:large, max-video-preview:-1\" \/>\n<link rel=\"canonical\" href=\"https:\/\/www.msds-europe.com\/de\/erstellung-ubersetzung-von-etikettenentwurfe-fur-kosmetische-produkte\/\" \/>\n<meta property=\"og:locale\" content=\"de_DE\" \/>\n<meta property=\"og:type\" content=\"article\" \/>\n<meta property=\"og:title\" content=\"Erstellung, \u00dcbersetzung von Etikettenentw\u00fcrfe f\u00fcr Kosmetika, kosmetische Produkte\" \/>\n<meta property=\"og:description\" content=\"Erstellung, \u00dcbersetzung von Etikettenentw\u00fcrfe f\u00fcr kosmetische Produkte gem\u00e4\u00df den einschl\u00e4gigen Vorschriften. \u00dcbersetzung des Etikettentextes f\u00fcr kosmetische Produkte in alle Amtssprachen der Europ\u00e4ischen Union.\" \/>\n<meta property=\"og:url\" content=\"https:\/\/www.msds-europe.com\/de\/erstellung-ubersetzung-von-etikettenentwurfe-fur-kosmetische-produkte\/\" \/>\n<meta property=\"og:site_name\" content=\"MSDS Europe\" \/>\n<meta property=\"article:publisher\" content=\"https:\/\/www.facebook.com\/toxinfokft\/\" \/>\n<meta property=\"article:modified_time\" content=\"2018-07-04T13:03:54+00:00\" \/>\n<meta name=\"twitter:card\" content=\"summary_large_image\" \/>\n<meta name=\"twitter:site\" content=\"@ToxInfoKft\" \/>\n<meta name=\"twitter:label1\" content=\"Gesch\u00e4tzte Lesezeit\" \/>\n\t<meta name=\"twitter:data1\" content=\"1\u00a0Minute\" \/>\n<script type=\"application\/ld+json\" class=\"yoast-schema-graph\">{\"@context\":\"https:\/\/schema.org\",\"@graph\":[{\"@type\":\"WebPage\",\"@id\":\"https:\/\/www.msds-europe.com\/de\/erstellung-ubersetzung-von-etikettenentwurfe-fur-kosmetische-produkte\/\",\"url\":\"https:\/\/www.msds-europe.com\/de\/erstellung-ubersetzung-von-etikettenentwurfe-fur-kosmetische-produkte\/\",\"name\":\"Erstellung, \u00dcbersetzung von Etikettenentw\u00fcrfe f\u00fcr Kosmetika, kosmetische Produkte\",\"isPartOf\":{\"@id\":\"https:\/\/www.msds-europe.com\/es\/#website\"},\"datePublished\":\"2018-06-21T08:43:21+00:00\",\"dateModified\":\"2018-07-04T13:03:54+00:00\",\"description\":\"Erstellung, \u00dcbersetzung von Etikettenentw\u00fcrfe f\u00fcr kosmetische Produkte gem\u00e4\u00df den einschl\u00e4gigen Vorschriften. \u00dcbersetzung des Etikettentextes f\u00fcr kosmetische Produkte in alle Amtssprachen der Europ\u00e4ischen Union.\",\"breadcrumb\":{\"@id\":\"https:\/\/www.msds-europe.com\/de\/erstellung-ubersetzung-von-etikettenentwurfe-fur-kosmetische-produkte\/#breadcrumb\"},\"inLanguage\":\"de\",\"potentialAction\":[{\"@type\":\"ReadAction\",\"target\":[\"https:\/\/www.msds-europe.com\/de\/erstellung-ubersetzung-von-etikettenentwurfe-fur-kosmetische-produkte\/\"]}]},{\"@type\":\"BreadcrumbList\",\"@id\":\"https:\/\/www.msds-europe.com\/de\/erstellung-ubersetzung-von-etikettenentwurfe-fur-kosmetische-produkte\/#breadcrumb\",\"itemListElement\":[{\"@type\":\"ListItem\",\"position\":1,\"name\":\"F\u0151oldal\",\"item\":\"https:\/\/www.msds-europe.com\/de\/\"},{\"@type\":\"ListItem\",\"position\":2,\"name\":\"Erstellung, \u00dcbersetzung von Etikettenentw\u00fcrfe f\u00fcr kosmetische Produkte\"}]},{\"@type\":\"WebSite\",\"@id\":\"https:\/\/www.msds-europe.com\/es\/#website\",\"url\":\"https:\/\/www.msds-europe.com\/es\/\",\"name\":\"MSDS Europe\",\"description\":\"\",\"publisher\":{\"@id\":\"https:\/\/www.msds-europe.com\/es\/#organization\"},\"potentialAction\":[{\"@type\":\"SearchAction\",\"target\":{\"@type\":\"EntryPoint\",\"urlTemplate\":\"https:\/\/www.msds-europe.com\/es\/?s={search_term_string}\"},\"query-input\":{\"@type\":\"PropertyValueSpecification\",\"valueRequired\":true,\"valueName\":\"search_term_string\"}}],\"inLanguage\":\"de\"},{\"@type\":\"Organization\",\"@id\":\"https:\/\/www.msds-europe.com\/es\/#organization\",\"name\":\"MSDS-Europe International branch of ToxInfo\",\"url\":\"https:\/\/www.msds-europe.com\/es\/\",\"logo\":{\"@type\":\"ImageObject\",\"inLanguage\":\"de\",\"@id\":\"https:\/\/www.msds-europe.com\/es\/#\/schema\/logo\/image\/\",\"url\":\"https:\/\/www.msds-europe.com\/wp-content\/uploads\/2021\/04\/msds-europe-logo.jpg\",\"contentUrl\":\"https:\/\/www.msds-europe.com\/wp-content\/uploads\/2021\/04\/msds-europe-logo.jpg\",\"width\":2296,\"height\":1067,\"caption\":\"MSDS-Europe International branch of ToxInfo\"},\"image\":{\"@id\":\"https:\/\/www.msds-europe.com\/es\/#\/schema\/logo\/image\/\"},\"sameAs\":[\"https:\/\/www.facebook.com\/toxinfokft\/\",\"https:\/\/x.com\/ToxInfoKft\"]}]}<\/script>\n<!-- \/ Yoast SEO plugin. -->","yoast_head_json":{"title":"Erstellung, \u00dcbersetzung von Etikettenentw\u00fcrfe f\u00fcr Kosmetika, kosmetische Produkte","description":"Erstellung, \u00dcbersetzung von Etikettenentw\u00fcrfe f\u00fcr kosmetische Produkte gem\u00e4\u00df den einschl\u00e4gigen Vorschriften. \u00dcbersetzung des Etikettentextes f\u00fcr kosmetische Produkte in alle Amtssprachen der Europ\u00e4ischen Union.","robots":{"index":"index","follow":"follow","max-snippet":"max-snippet:-1","max-image-preview":"max-image-preview:large","max-video-preview":"max-video-preview:-1"},"canonical":"https:\/\/www.msds-europe.com\/de\/erstellung-ubersetzung-von-etikettenentwurfe-fur-kosmetische-produkte\/","og_locale":"de_DE","og_type":"article","og_title":"Erstellung, \u00dcbersetzung von Etikettenentw\u00fcrfe f\u00fcr Kosmetika, kosmetische Produkte","og_description":"Erstellung, \u00dcbersetzung von Etikettenentw\u00fcrfe f\u00fcr kosmetische Produkte gem\u00e4\u00df den einschl\u00e4gigen Vorschriften. \u00dcbersetzung des Etikettentextes f\u00fcr kosmetische Produkte in alle Amtssprachen der Europ\u00e4ischen Union.","og_url":"https:\/\/www.msds-europe.com\/de\/erstellung-ubersetzung-von-etikettenentwurfe-fur-kosmetische-produkte\/","og_site_name":"MSDS Europe","article_publisher":"https:\/\/www.facebook.com\/toxinfokft\/","article_modified_time":"2018-07-04T13:03:54+00:00","twitter_card":"summary_large_image","twitter_site":"@ToxInfoKft","twitter_misc":{"Gesch\u00e4tzte Lesezeit":"1\u00a0Minute"},"schema":{"@context":"https:\/\/schema.org","@graph":[{"@type":"WebPage","@id":"https:\/\/www.msds-europe.com\/de\/erstellung-ubersetzung-von-etikettenentwurfe-fur-kosmetische-produkte\/","url":"https:\/\/www.msds-europe.com\/de\/erstellung-ubersetzung-von-etikettenentwurfe-fur-kosmetische-produkte\/","name":"Erstellung, \u00dcbersetzung von Etikettenentw\u00fcrfe f\u00fcr Kosmetika, kosmetische Produkte","isPartOf":{"@id":"https:\/\/www.msds-europe.com\/es\/#website"},"datePublished":"2018-06-21T08:43:21+00:00","dateModified":"2018-07-04T13:03:54+00:00","description":"Erstellung, \u00dcbersetzung von Etikettenentw\u00fcrfe f\u00fcr kosmetische Produkte gem\u00e4\u00df den einschl\u00e4gigen Vorschriften. \u00dcbersetzung des Etikettentextes f\u00fcr kosmetische Produkte in alle Amtssprachen der Europ\u00e4ischen Union.","breadcrumb":{"@id":"https:\/\/www.msds-europe.com\/de\/erstellung-ubersetzung-von-etikettenentwurfe-fur-kosmetische-produkte\/#breadcrumb"},"inLanguage":"de","potentialAction":[{"@type":"ReadAction","target":["https:\/\/www.msds-europe.com\/de\/erstellung-ubersetzung-von-etikettenentwurfe-fur-kosmetische-produkte\/"]}]},{"@type":"BreadcrumbList","@id":"https:\/\/www.msds-europe.com\/de\/erstellung-ubersetzung-von-etikettenentwurfe-fur-kosmetische-produkte\/#breadcrumb","itemListElement":[{"@type":"ListItem","position":1,"name":"F\u0151oldal","item":"https:\/\/www.msds-europe.com\/de\/"},{"@type":"ListItem","position":2,"name":"Erstellung, \u00dcbersetzung von Etikettenentw\u00fcrfe f\u00fcr kosmetische Produkte"}]},{"@type":"WebSite","@id":"https:\/\/www.msds-europe.com\/es\/#website","url":"https:\/\/www.msds-europe.com\/es\/","name":"MSDS Europe","description":"","publisher":{"@id":"https:\/\/www.msds-europe.com\/es\/#organization"},"potentialAction":[{"@type":"SearchAction","target":{"@type":"EntryPoint","urlTemplate":"https:\/\/www.msds-europe.com\/es\/?s={search_term_string}"},"query-input":{"@type":"PropertyValueSpecification","valueRequired":true,"valueName":"search_term_string"}}],"inLanguage":"de"},{"@type":"Organization","@id":"https:\/\/www.msds-europe.com\/es\/#organization","name":"MSDS-Europe International branch of ToxInfo","url":"https:\/\/www.msds-europe.com\/es\/","logo":{"@type":"ImageObject","inLanguage":"de","@id":"https:\/\/www.msds-europe.com\/es\/#\/schema\/logo\/image\/","url":"https:\/\/www.msds-europe.com\/wp-content\/uploads\/2021\/04\/msds-europe-logo.jpg","contentUrl":"https:\/\/www.msds-europe.com\/wp-content\/uploads\/2021\/04\/msds-europe-logo.jpg","width":2296,"height":1067,"caption":"MSDS-Europe International branch of ToxInfo"},"image":{"@id":"https:\/\/www.msds-europe.com\/es\/#\/schema\/logo\/image\/"},"sameAs":["https:\/\/www.facebook.com\/toxinfokft\/","https:\/\/x.com\/ToxInfoKft"]}]}},"_links":{"self":[{"href":"https:\/\/www.msds-europe.com\/de\/wp-json\/wp\/v2\/pages\/5357","targetHints":{"allow":["GET"]}}],"collection":[{"href":"https:\/\/www.msds-europe.com\/de\/wp-json\/wp\/v2\/pages"}],"about":[{"href":"https:\/\/www.msds-europe.com\/de\/wp-json\/wp\/v2\/types\/page"}],"author":[{"embeddable":true,"href":"https:\/\/www.msds-europe.com\/de\/wp-json\/wp\/v2\/users\/2"}],"replies":[{"embeddable":true,"href":"https:\/\/www.msds-europe.com\/de\/wp-json\/wp\/v2\/comments?post=5357"}],"version-history":[{"count":5,"href":"https:\/\/www.msds-europe.com\/de\/wp-json\/wp\/v2\/pages\/5357\/revisions"}],"predecessor-version":[{"id":7353,"href":"https:\/\/www.msds-europe.com\/de\/wp-json\/wp\/v2\/pages\/5357\/revisions\/7353"}],"wp:attachment":[{"href":"https:\/\/www.msds-europe.com\/de\/wp-json\/wp\/v2\/media?parent=5357"}],"wp:term":[{"taxonomy":"post_tag","embeddable":true,"href":"https:\/\/www.msds-europe.com\/de\/wp-json\/wp\/v2\/tags?post=5357"}],"curies":[{"name":"wp","href":"https:\/\/api.w.org\/{rel}","templated":true}]}}