{"id":5290,"date":"2018-06-21T07:25:39","date_gmt":"2018-06-21T07:25:39","guid":{"rendered":"http:\/\/www.msds-europe.com\/erstellung-von-sicherheitsbewertung-fur-kosmetische-produkte\/"},"modified":"2023-02-13T12:11:46","modified_gmt":"2023-02-13T12:11:46","slug":"erstellung-von-sicherheitsbewertung-fur-kosmetische-produkte","status":"publish","type":"page","link":"https:\/\/www.msds-europe.com\/de\/erstellung-von-sicherheitsbewertung-fur-kosmetische-produkte\/","title":{"rendered":"Erstellung von Sicherheitsbewertung f\u00fcr kosmetische Produkte"},"content":{"rendered":"<p style=\"text-align: right;\"><em><a href=\"http:\/\/www.msds-europe.com\/de\/dienstleistungen-kosmetische-produkte\/\">Dienstleistungen in Bezug auf kosmetische Produkte<\/a>\u00a0\u2013\u00a0Erstellung von Sicherheitsbewertung f\u00fcr kosmetische Produkte<\/em><\/p>\n<p>&nbsp;<\/p>\n<p style=\"text-align: justify;\">Bei der Erstellung einer Sicherheitsbewertung ber\u00fccksichtigen wir die Anweisungen in Anhang I der Verordnung (EG) Nr. 1223\/2009.<\/p>\n<p style=\"text-align: right;\"><a href=\"https:\/\/www.msds-europe.com\/de\/rechtsanderungsverfolger\/\"><em>Rechts\u00e4nderungsverfolger<\/em><\/a><\/p>\n<p>&nbsp;<\/p>\n<h2 style=\"text-align: justify;\">Erstellung von Sicherheitsbewertung<\/h2>\n<p style=\"text-align: justify;\">Um nachzuweisen, dass ein kosmetisches Mittel den Vorschriften entspricht, muss die verantwortliche Person vor dem Inverkehrbringen eines kosmetischen Mittels sicherstellen, dass das kosmetische Mittel einer Sicherheitsbewertung auf der Grundlage der einschl\u00e4gigen Informationen unterzogen wurde und dass ein Sicherheitsbericht f\u00fcr kosmetische Mittel erstellt wurde.<\/p>\n<p style=\"text-align: justify;\">Die Sicherheitsbewertung darf nur von einer qualifizierten Person <strong>durchgef\u00fchrt werden<\/strong>, der \u00fcber ausreichende Berufserfahrung und <strong>Qualifikationen gem\u00e4\u00df der Verordnung<\/strong> verf\u00fcgt.<\/p>\n<p>&nbsp;<\/p>\n<h2 style=\"text-align: justify;\">Informationen, die f\u00fcr die Erstellung der Sicherheitsbewertung notwendig sind<\/h2>\n<ul>\n<li style=\"text-align: justify;\">Firmendaten und Kontaktinformationen des Herstellers und des Distributors<\/li>\n<li style=\"text-align: justify;\">Produktformulierung<\/li>\n<li style=\"text-align: justify;\">Die Sicherheitsdatenbl\u00e4tter der Komponenten gem\u00e4\u00df der Verordnung (EU) <strong>2020\/878<\/strong>, Komponentenspezifikationen und analytischer Nachweis, dass sie die Anforderungen an kosmetische Produkte erf\u00fcllen.<br \/>\nLOAEL- oder NOAEL-Werte, die f\u00fcr die Komponenten relevant sind, m\u00fcssen ebenfalls beigef\u00fcgt werden (diese Informationen k\u00f6nnen vom Lieferanten der Rohstoffe geliefert werden)<\/li>\n<li style=\"text-align: justify;\">Liste der Allergenduftstoffe<\/li>\n<li style=\"text-align: justify;\">Daten und Spezifikationen, die f\u00fcr das Endprodukt relevant sind\u00a0 (physikalische und chemische Parameter, mikrobiologische Sauberkeit usw.)<br \/>\nDie mikrobiologische Sauberkeit muss durch Laboruntersuchungsergebnisse gerechtfertigt sein<\/li>\n<li style=\"text-align: justify;\">Spezifikation der Packungsgr\u00f6\u00dfen, Verpackung und Verpackungsmaterial, Zertifikat \u00fcber die Erf\u00fcllung der Anforderungen f\u00fcr kosmetische Produktverpackungen<\/li>\n<li style=\"text-align: justify;\">Stabilit\u00e4tstests<\/li>\n<li style=\"text-align: justify;\">Beschreibung der Herstellungsmethode und Zertifizikat \u00fcber die Einhaltung der guten Herstellungspraxis (GMP)<\/li>\n<li style=\"text-align: justify;\">Gebrauchsanweisung<\/li>\n<li style=\"text-align: justify;\">Der originale Etikettentext in der Sprache des Landes, in dem das Produkt zum ersten Mal in Verkehr gebracht wurde<\/li>\n<li style=\"text-align: justify;\">Bericht ob Tierversuche durchgef\u00fchrt wurden oder nicht<\/li>\n<\/ul>\n<p style=\"text-align: justify;\"><em>Die Liste ist informativ. Je nach Art\/Typ des Produkts k\u00f6nnen auch andere Daten erforderlich sein.<\/em><\/p>\n<p>&nbsp;<\/p>\n<h2 style=\"text-align: justify;\">Die Sicherheitsbewertung erstellt von unserer Firma kann verwendet werden um<\/h2>\n<ul>\n<li style=\"text-align: justify;\">mit der Verwendung der entsprechenden Informationen die geeignete Etikettierung zu erstellen<\/li>\n<li style=\"text-align: justify;\">Kunden zu informieren<\/li>\n<li style=\"text-align: justify;\">das Produkt via CPNP zu notifizieren<\/li>\n<li style=\"text-align: justify;\">die von der Kosmetikverordnung verlangten Informationen zu weitergeben<\/li>\n<li style=\"text-align: justify;\">sichere Arbeitsbedingungen zu schaffen<\/li>\n<\/ul>\n<p>&nbsp;<\/p>\n<h2 style=\"text-align: justify;\">Qualit\u00e4tssicherung bei der Erstellung der Sicherheitsbewertung<\/h2>\n<p style=\"text-align: justify;\">Wir \u00fcbernehmen die volle Verantwortung f\u00fcr die Einhaltung aller gesetzlicher Vorschriften und f\u00fcr die amtliche Zulassung der von uns erstellten Sicherheitsbewertungen.<\/p>\n<p style=\"text-align: justify;\">Im Falle m\u00f6glicher Autorit\u00e4tsanspr\u00fcche, korrigiert unser Unternehmen das erstellte Dokument.<br \/>\nUnser Unternehmen \u00fcbernimmt keine Verantwortung f\u00fcr die die Probleme\/Verluste, die durch unzureichende oder nicht bereitgestellte Daten\/Informationen entstehen.<\/p>\n<p>&nbsp;<\/p>\n<h2 style=\"text-align: justify;\">Einfache und schnelle Prozesse w\u00e4hrend der Durchf\u00fchrung der Dienstleistung zur Erstellung von Sicherheitsbewertungen<\/h2>\n<p style=\"text-align: justify;\"><a href=\"mailto:info@msds-europe.com\">Wir antworten auf die Anfragen per E-Mail<\/a> oder elektronischer Form innerhalb von 24 Stunden.<br \/>\nAls Anhang zu unserem Angebot senden wir Ihnen auch unser Bestellformular um den Bestellprozess zu vereinfachen.<br \/>\nSie m\u00fcssen nur das ausgef\u00fcllte Bestellformular und die erforderlichen Dokumente und Informationen &#8211; die wir in unserem Angebot angefordert haben &#8211; zukommen lassen, und wir k\u00fcmmern uns um alles andere, was die Bestellung betrifft.<\/p>\n<p style=\"text-align: right;\"><a href=\"https:\/\/www.msds-europe.com\/de\/angebotsanfrage-kosmetika\/\"><em>Angebotsanfrage f\u00fcr Dienstleistungen in Bezug auf kosmetische Produkte<\/em><\/a><\/p>\n<p>&nbsp;<\/p>\n<h2 style=\"text-align: justify;\">Garantie<\/h2>\n<p style=\"text-align: justify;\">Wir \u00fcbernehmen die volle professionelle und finanzielle Verantwortung f\u00fcr die Sicherheitsbewertungen, die von unserem Unternehmen erstellt wurden.<br \/>\nUnsere finanzielle Gew\u00e4hrleistung umfasst den Ersatz aller direkten und indirekten Sch\u00e4den.<\/p>\n<p>&nbsp;<\/p>\n<h2 style=\"text-align: justify;\">Professionelle Unterst\u00fctzung nach der Durchf\u00fchrung der Dienstleistungen<\/h2>\n<p style=\"text-align: justify;\">Unsere Kundendienst-Experten unterst\u00fctzen Sie auch bei der Interpretierung und Verwendung der erstellten Sicherheitsbewertung und k\u00f6nnen Ihnen bei anderen relevanten Aufgaben helfen.<\/p>\n<p style=\"text-align: right;\"><a href=\"https:\/\/www.msds-europe.com\/de\/kundendienst\/\"><em>Kundendienst<\/em><\/a><\/p>\n<p>&nbsp;<\/p>\n<h3 style=\"text-align: justify;\">Dienstleistungen im Zusammenhang mit unserem Service \u201eErstellung von Sicherheitsbewertung\u201c<\/h3>\n<ul>\n<li><a href=\"https:\/\/www.msds-europe.com\/de\/cpnp-notifizierung-service\/\">CPNP Notifizierung Service<\/a><\/li>\n<li><a href=\"https:\/\/www.msds-europe.com\/de\/erstellung-von-sicherheitsdatenblatter-fur-kosmetische-produkte\/\">Erstellung von Sicherheitsdatenbl\u00e4tter f\u00fcr kosmetische Produkte<\/a><\/li>\n<\/ul>\n<p>&nbsp;<\/p>\n<h3 style=\"text-align: justify;\">N\u00fctzliches professionelles Hintergrundmaterial im Zusammenhang mit unserem Service \u201eErstellung von Sicherheitsbewertungen\u201c<\/h3>\n<ul>\n<li><a href=\"https:\/\/www.msds-europe.com\/de\/pflichten-als-verantwortlicher-person-bezueglich-der-kosmetischen-produkte\/\">Pflichten der verantwortlichen Person<\/a><\/li>\n<li><a href=\"https:\/\/www.msds-europe.com\/de\/pflichten-handler-kosmetischen-produkten\/\">Die Pflichten der H\u00e4ndler von kosmetischen Produkten<\/a><\/li>\n<\/ul>\n<p>&nbsp;<\/p>\n","protected":false},"excerpt":{"rendered":"<p>Erstellung einer Sicherheitsbewertung f\u00fcr kosmetische Mittel gem\u00e4\u00df der Verordnung (EG) Nr. 1223\/2009.<\/p>\n","protected":false},"author":2,"featured_media":0,"parent":0,"menu_order":0,"comment_status":"closed","ping_status":"closed","template":"","meta":{"_acf_changed":false,"footnotes":""},"tags":[273,272],"class_list":["post-5290","page","type-page","status-publish","hentry","tag-dienstleistungen-in-bezug-auf-kosmetische-produkte","tag-kosmetika-de"],"acf":[],"yoast_head":"<!-- This site is optimized with the Yoast SEO plugin v27.2 - https:\/\/yoast.com\/product\/yoast-seo-wordpress\/ -->\n<title>Erstellung von Sicherheitsbewertung f\u00fcr kosmetische Produkte<\/title>\n<meta name=\"description\" content=\"Erstellung von Sicherheitsbewertung f\u00fcr kosmetische Produkte, Kosmetika Erstellung von Sicherheitsbewertungen mit internationalen Referenzen\" \/>\n<meta name=\"robots\" content=\"index, follow, max-snippet:-1, max-image-preview:large, max-video-preview:-1\" \/>\n<link rel=\"canonical\" href=\"https:\/\/www.msds-europe.com\/de\/erstellung-von-sicherheitsbewertung-fur-kosmetische-produkte\/\" \/>\n<meta property=\"og:locale\" content=\"de_DE\" \/>\n<meta property=\"og:type\" content=\"article\" \/>\n<meta property=\"og:title\" content=\"Erstellung von Sicherheitsbewertung f\u00fcr kosmetische Produkte\" \/>\n<meta property=\"og:description\" content=\"Erstellung von Sicherheitsbewertung f\u00fcr kosmetische Produkte, Kosmetika Erstellung von Sicherheitsbewertungen mit internationalen Referenzen\" \/>\n<meta property=\"og:url\" content=\"https:\/\/www.msds-europe.com\/de\/erstellung-von-sicherheitsbewertung-fur-kosmetische-produkte\/\" \/>\n<meta property=\"og:site_name\" content=\"MSDS Europe\" \/>\n<meta property=\"article:publisher\" content=\"https:\/\/www.facebook.com\/toxinfokft\/\" \/>\n<meta property=\"article:modified_time\" content=\"2023-02-13T12:11:46+00:00\" \/>\n<meta name=\"twitter:card\" content=\"summary_large_image\" \/>\n<meta name=\"twitter:site\" content=\"@ToxInfoKft\" \/>\n<meta name=\"twitter:label1\" content=\"Gesch\u00e4tzte Lesezeit\" \/>\n\t<meta name=\"twitter:data1\" content=\"3\u00a0Minuten\" \/>\n<script type=\"application\/ld+json\" class=\"yoast-schema-graph\">{\"@context\":\"https:\/\/schema.org\",\"@graph\":[{\"@type\":\"WebPage\",\"@id\":\"https:\/\/www.msds-europe.com\/de\/erstellung-von-sicherheitsbewertung-fur-kosmetische-produkte\/\",\"url\":\"https:\/\/www.msds-europe.com\/de\/erstellung-von-sicherheitsbewertung-fur-kosmetische-produkte\/\",\"name\":\"Erstellung von Sicherheitsbewertung f\u00fcr kosmetische Produkte\",\"isPartOf\":{\"@id\":\"https:\/\/www.msds-europe.com\/es\/#website\"},\"datePublished\":\"2018-06-21T07:25:39+00:00\",\"dateModified\":\"2023-02-13T12:11:46+00:00\",\"description\":\"Erstellung von Sicherheitsbewertung f\u00fcr kosmetische Produkte, Kosmetika Erstellung von Sicherheitsbewertungen mit internationalen Referenzen\",\"breadcrumb\":{\"@id\":\"https:\/\/www.msds-europe.com\/de\/erstellung-von-sicherheitsbewertung-fur-kosmetische-produkte\/#breadcrumb\"},\"inLanguage\":\"de\",\"potentialAction\":[{\"@type\":\"ReadAction\",\"target\":[\"https:\/\/www.msds-europe.com\/de\/erstellung-von-sicherheitsbewertung-fur-kosmetische-produkte\/\"]}]},{\"@type\":\"BreadcrumbList\",\"@id\":\"https:\/\/www.msds-europe.com\/de\/erstellung-von-sicherheitsbewertung-fur-kosmetische-produkte\/#breadcrumb\",\"itemListElement\":[{\"@type\":\"ListItem\",\"position\":1,\"name\":\"F\u0151oldal\",\"item\":\"https:\/\/www.msds-europe.com\/de\/\"},{\"@type\":\"ListItem\",\"position\":2,\"name\":\"Erstellung von Sicherheitsbewertung f\u00fcr kosmetische Produkte\"}]},{\"@type\":\"WebSite\",\"@id\":\"https:\/\/www.msds-europe.com\/es\/#website\",\"url\":\"https:\/\/www.msds-europe.com\/es\/\",\"name\":\"MSDS Europe\",\"description\":\"\",\"publisher\":{\"@id\":\"https:\/\/www.msds-europe.com\/es\/#organization\"},\"potentialAction\":[{\"@type\":\"SearchAction\",\"target\":{\"@type\":\"EntryPoint\",\"urlTemplate\":\"https:\/\/www.msds-europe.com\/es\/?s={search_term_string}\"},\"query-input\":{\"@type\":\"PropertyValueSpecification\",\"valueRequired\":true,\"valueName\":\"search_term_string\"}}],\"inLanguage\":\"de\"},{\"@type\":\"Organization\",\"@id\":\"https:\/\/www.msds-europe.com\/es\/#organization\",\"name\":\"MSDS-Europe International branch of ToxInfo\",\"url\":\"https:\/\/www.msds-europe.com\/es\/\",\"logo\":{\"@type\":\"ImageObject\",\"inLanguage\":\"de\",\"@id\":\"https:\/\/www.msds-europe.com\/es\/#\/schema\/logo\/image\/\",\"url\":\"https:\/\/www.msds-europe.com\/wp-content\/uploads\/2021\/04\/msds-europe-logo.jpg\",\"contentUrl\":\"https:\/\/www.msds-europe.com\/wp-content\/uploads\/2021\/04\/msds-europe-logo.jpg\",\"width\":2296,\"height\":1067,\"caption\":\"MSDS-Europe International branch of ToxInfo\"},\"image\":{\"@id\":\"https:\/\/www.msds-europe.com\/es\/#\/schema\/logo\/image\/\"},\"sameAs\":[\"https:\/\/www.facebook.com\/toxinfokft\/\",\"https:\/\/x.com\/ToxInfoKft\"]}]}<\/script>\n<!-- \/ Yoast SEO plugin. -->","yoast_head_json":{"title":"Erstellung von Sicherheitsbewertung f\u00fcr kosmetische Produkte","description":"Erstellung von Sicherheitsbewertung f\u00fcr kosmetische Produkte, Kosmetika Erstellung von Sicherheitsbewertungen mit internationalen Referenzen","robots":{"index":"index","follow":"follow","max-snippet":"max-snippet:-1","max-image-preview":"max-image-preview:large","max-video-preview":"max-video-preview:-1"},"canonical":"https:\/\/www.msds-europe.com\/de\/erstellung-von-sicherheitsbewertung-fur-kosmetische-produkte\/","og_locale":"de_DE","og_type":"article","og_title":"Erstellung von Sicherheitsbewertung f\u00fcr kosmetische Produkte","og_description":"Erstellung von Sicherheitsbewertung f\u00fcr kosmetische Produkte, Kosmetika Erstellung von Sicherheitsbewertungen mit internationalen Referenzen","og_url":"https:\/\/www.msds-europe.com\/de\/erstellung-von-sicherheitsbewertung-fur-kosmetische-produkte\/","og_site_name":"MSDS Europe","article_publisher":"https:\/\/www.facebook.com\/toxinfokft\/","article_modified_time":"2023-02-13T12:11:46+00:00","twitter_card":"summary_large_image","twitter_site":"@ToxInfoKft","twitter_misc":{"Gesch\u00e4tzte Lesezeit":"3\u00a0Minuten"},"schema":{"@context":"https:\/\/schema.org","@graph":[{"@type":"WebPage","@id":"https:\/\/www.msds-europe.com\/de\/erstellung-von-sicherheitsbewertung-fur-kosmetische-produkte\/","url":"https:\/\/www.msds-europe.com\/de\/erstellung-von-sicherheitsbewertung-fur-kosmetische-produkte\/","name":"Erstellung von Sicherheitsbewertung f\u00fcr kosmetische Produkte","isPartOf":{"@id":"https:\/\/www.msds-europe.com\/es\/#website"},"datePublished":"2018-06-21T07:25:39+00:00","dateModified":"2023-02-13T12:11:46+00:00","description":"Erstellung von Sicherheitsbewertung f\u00fcr kosmetische Produkte, Kosmetika Erstellung von Sicherheitsbewertungen mit internationalen Referenzen","breadcrumb":{"@id":"https:\/\/www.msds-europe.com\/de\/erstellung-von-sicherheitsbewertung-fur-kosmetische-produkte\/#breadcrumb"},"inLanguage":"de","potentialAction":[{"@type":"ReadAction","target":["https:\/\/www.msds-europe.com\/de\/erstellung-von-sicherheitsbewertung-fur-kosmetische-produkte\/"]}]},{"@type":"BreadcrumbList","@id":"https:\/\/www.msds-europe.com\/de\/erstellung-von-sicherheitsbewertung-fur-kosmetische-produkte\/#breadcrumb","itemListElement":[{"@type":"ListItem","position":1,"name":"F\u0151oldal","item":"https:\/\/www.msds-europe.com\/de\/"},{"@type":"ListItem","position":2,"name":"Erstellung von Sicherheitsbewertung f\u00fcr kosmetische Produkte"}]},{"@type":"WebSite","@id":"https:\/\/www.msds-europe.com\/es\/#website","url":"https:\/\/www.msds-europe.com\/es\/","name":"MSDS Europe","description":"","publisher":{"@id":"https:\/\/www.msds-europe.com\/es\/#organization"},"potentialAction":[{"@type":"SearchAction","target":{"@type":"EntryPoint","urlTemplate":"https:\/\/www.msds-europe.com\/es\/?s={search_term_string}"},"query-input":{"@type":"PropertyValueSpecification","valueRequired":true,"valueName":"search_term_string"}}],"inLanguage":"de"},{"@type":"Organization","@id":"https:\/\/www.msds-europe.com\/es\/#organization","name":"MSDS-Europe International branch of ToxInfo","url":"https:\/\/www.msds-europe.com\/es\/","logo":{"@type":"ImageObject","inLanguage":"de","@id":"https:\/\/www.msds-europe.com\/es\/#\/schema\/logo\/image\/","url":"https:\/\/www.msds-europe.com\/wp-content\/uploads\/2021\/04\/msds-europe-logo.jpg","contentUrl":"https:\/\/www.msds-europe.com\/wp-content\/uploads\/2021\/04\/msds-europe-logo.jpg","width":2296,"height":1067,"caption":"MSDS-Europe International branch of ToxInfo"},"image":{"@id":"https:\/\/www.msds-europe.com\/es\/#\/schema\/logo\/image\/"},"sameAs":["https:\/\/www.facebook.com\/toxinfokft\/","https:\/\/x.com\/ToxInfoKft"]}]}},"_links":{"self":[{"href":"https:\/\/www.msds-europe.com\/de\/wp-json\/wp\/v2\/pages\/5290","targetHints":{"allow":["GET"]}}],"collection":[{"href":"https:\/\/www.msds-europe.com\/de\/wp-json\/wp\/v2\/pages"}],"about":[{"href":"https:\/\/www.msds-europe.com\/de\/wp-json\/wp\/v2\/types\/page"}],"author":[{"embeddable":true,"href":"https:\/\/www.msds-europe.com\/de\/wp-json\/wp\/v2\/users\/2"}],"replies":[{"embeddable":true,"href":"https:\/\/www.msds-europe.com\/de\/wp-json\/wp\/v2\/comments?post=5290"}],"version-history":[{"count":6,"href":"https:\/\/www.msds-europe.com\/de\/wp-json\/wp\/v2\/pages\/5290\/revisions"}],"predecessor-version":[{"id":28103,"href":"https:\/\/www.msds-europe.com\/de\/wp-json\/wp\/v2\/pages\/5290\/revisions\/28103"}],"wp:attachment":[{"href":"https:\/\/www.msds-europe.com\/de\/wp-json\/wp\/v2\/media?parent=5290"}],"wp:term":[{"taxonomy":"post_tag","embeddable":true,"href":"https:\/\/www.msds-europe.com\/de\/wp-json\/wp\/v2\/tags?post=5290"}],"curies":[{"name":"wp","href":"https:\/\/api.w.org\/{rel}","templated":true}]}}