{"id":4809,"date":"2018-06-18T11:45:41","date_gmt":"2018-06-18T11:45:41","guid":{"rendered":"http:\/\/www.msds-europe.com\/nutzliche-informationen-und-hintergrundsmaterialien-fur-sicherheitsdatenblatter\/"},"modified":"2026-03-11T10:29:04","modified_gmt":"2026-03-11T10:29:04","slug":"nutzliche-informationen-und-hintergrundsmaterialien-fur-sicherheitsdatenblatter","status":"publish","type":"page","link":"https:\/\/www.msds-europe.com\/de\/nutzliche-informationen-und-hintergrundsmaterialien-fur-sicherheitsdatenblatter\/","title":{"rendered":"N\u00fctzliche Informationen und Hintergrundsmaterialien f\u00fcr Sicherheitsdatenbl\u00e4tter"},"content":{"rendered":"<p style=\"text-align: right;\"><em><a href=\"https:\/\/www.msds-europe.com\/de\/\">MSDS-Europe<\/a> \u2013 Wissensbasis zum Sicherheitsdatenblatt<\/em><\/p>\n<p>&nbsp;<\/p>\n<p style=\"text-align: justify;\">Die Wissensbasis zum Sicherheitsdatenblatt hilft dabei, die <a href=\"https:\/\/www.msds-europe.com\/de\/rechtsanderungsverfolger\/\">rechtlichen Anforderungen<\/a> in Bezug auf <a href=\"https:\/\/www.msds-europe.com\/de\/definition-des-sicherheitsdatenblattes\/\">Sicherheitsdatenbl\u00e4tter<\/a> zu verstehen und einzuhalten.<\/p>\n<p>&nbsp;<\/p>\n<h2 style=\"text-align: justify;\">Ziel der Wissensbasis zum Sicherheitsdatenblatt<\/h2>\n<p style=\"text-align: justify;\">Mit dieser Wissensbasis m\u00f6chten wir Unternehmen unterst\u00fctzen, die gef\u00e4hrliche Gemische und Stoffe verwenden.<\/p>\n<p style=\"text-align: justify;\">Wir ver\u00f6ffentlichen hier vor allem Beitr\u00e4ge, die auf grundlegende Pflichten im Zusammenhang mit Sicherheitsdatenbl\u00e4ttern aufmerksam machen oder als unmittelbare Informationsquelle dienen k\u00f6nnen \u2013 ohne dass die Vorschriften jeweils vollst\u00e4ndig im Detail analysiert werden m\u00fcssen.<\/p>\n<p style=\"text-align: right;\"><em>Ein zentraler Baustein dieser Wissensbasis sind <a href=\"https:\/\/www.msds-europe.com\/de\/sds-informationsquellen-datenbanken\/\">n\u00fctzliche Informationsquellen und Datenbanken f\u00fcr die Erstellung von Sicherheitsdatenbl\u00e4ttern<\/a>, aus denen Fachleute verl\u00e4ssliche Stoff- und Gefahreninformationen beziehen k\u00f6nnen.<\/em><\/p>\n<p style=\"text-align: justify;\">Die Identifizierung von Pflichten und Aufgaben im Zusammenhang mit Sicherheitsdatenbl\u00e4ttern ist nur der erste Schritt. Entsprechende Hintergrundkenntnisse sind erforderlich, um eine zielgerichtete L\u00f6sungsstrategie zu entwickeln und den Bedarf an Personalressourcen oder externer Unterst\u00fctzung zu bewerten. Wenn Sie einer Beratungsfirma vertrauen, ist es notwendig, die relevanten Vorschriften so gut zu kennen, dass die erbrachte Leistung (bzw. der beauftragte Service) fachlich beurteilt und kontrolliert werden kann.<\/p>\n<p style=\"text-align: justify;\"><strong>Achtung!<\/strong> Einige Beitr\u00e4ge in der Wissensbasis zum Sicherheitsdatenblatt ber\u00fccksichtigen aus Gr\u00fcnden der Verst\u00e4ndlichkeit nicht alle Aspekte der Chemikaliensicherheit und k\u00f6nnen daher vereinfacht formulierte Aussagen enthalten. Es ist in jedem Fall erforderlich, die Aufgaben im Zusammenhang mit der Chemikaliensicherheit unternehmensspezifisch zu definieren; ma\u00dfgeblich sind ausschlie\u00dflich die Texte der jeweiligen Rechtsvorschriften!<\/p>\n<p style=\"text-align: justify;\">Lesen Sie die neuesten Vorschriften unter \u201e<a href=\"https:\/\/www.msds-europe.com\/de\/rechtsanderungsverfolger\/\">Vorschriften zur Chemikaliensicherheit<\/a>\u201c.<\/p>\n<p>&nbsp;<\/p>\n<p><em>Die neuesten Artikel in der Wissensbasis zum Sicherheitsdatenblatt<\/em><\/p>\n<ul>\n<li><a href=\"https:\/\/www.msds-europe.com\/de\/sds-abschnitt-1-produktidentifikator-ufi-gemische\/\"><em>SDS Abschnitt 1: Produktidentifikator &amp; UFI f\u00fcr Gemische<\/em><\/a><\/li>\n<li><em><a href=\"https:\/\/www.msds-europe.com\/de\/sds-sprachanforderungen\/\">Sprache des Sicherheitsdatenblatts in der EU<\/a><\/em><\/li>\n<li><em><a href=\"https:\/\/www.msds-europe.com\/de\/sds-informationsquellen-datenbanken\/\">N\u00fctzliche Informationsquellen und Datenbanken f\u00fcr die Erstellung von SDS<\/a><\/em><\/li>\n<li><em><a href=\"https:\/\/www.msds-europe.com\/de\/clp-2026-1-mai-neue-gefahrenklassen-gemische-sds-kennzeichnung\/\">CLP 2026: neue Gefahrenklassen f\u00fcr Gemische \u2013 Handlungsbedarf bei SDS und Kennzeichnung<\/a><\/em><\/li>\n<\/ul>\n<p>&nbsp;<\/p>\n<p><strong>Andere hilfreiche Artikel<\/strong><\/p>\n<p><a href=\"https:\/\/www.msds-europe.com\/de\/kompass-zur-chemischen-sicherheit\/\"><img decoding=\"async\" class=\"alignnone size-medium wp-image-20488 alignright\" src=\"https:\/\/www.msds-europe.com\/wp-content\/uploads\/2020\/03\/Kompass-zur-chemischen-Sicherheit-300x180.jpg\" alt=\"\" width=\"300\" height=\"180\" srcset=\"https:\/\/www.msds-europe.com\/wp-content\/uploads\/2020\/03\/Kompass-zur-chemischen-Sicherheit-300x180.jpg 300w, https:\/\/www.msds-europe.com\/wp-content\/uploads\/2020\/03\/Kompass-zur-chemischen-Sicherheit.jpg 409w\" sizes=\"(max-width: 300px) 100vw, 300px\" \/><\/a><\/p>\n<h2 style=\"text-align: justify;\">Kompass zur chemischen Sicherheit<\/h2>\n<p style=\"text-align: justify;\"><strong>Chemikaliensicherheit in klarer Sprache.<\/strong><\/p>\n<p style=\"text-align: justify;\">Zug\u00e4ngliche, verst\u00e4ndlich formulierte Beitr\u00e4ge zur Chemikaliensicherheit \u2013 mit n\u00fctzlichem Hintergrundwissen und praxisnaher Analyse.<\/p>\n<p style=\"text-align: justify;\"><em>Neu im <a href=\"https:\/\/www.msds-europe.com\/de\/kompass-zur-chemischen-sicherheit\/\">Kompass zur chemischen Sicherheit<\/a>:<\/em><\/p>\n<ul>\n<li><a href=\"https:\/\/www.msds-europe.com\/de\/kompass-zur-chemischen-sicherheit\/#firefighting-foams\"><em>Auslaufen von PFAS-haltigen L\u00f6schsch\u00e4umen: Fristen, Umstellung und Abfallbewirtschaftung<\/em><\/a><\/li>\n<li><a href=\"https:\/\/www.msds-europe.com\/de\/kompass-zur-chemischen-sicherheit\/#clp-trap\"><em>Die CLP-Falle f\u00fcr Gemischhersteller im Jahr 2026: Fristen und Handlungsbedarf f\u00fcr Stoffe und Gemische<\/em><\/a><\/li>\n<li><a href=\"https:\/\/www.msds-europe.com\/de\/kompass-zur-chemischen-sicherheit\/#digitales-etikett\"><em>Digitales Etikett unter CLP: Pflichten, Unternehmensma\u00dfnahmen und technische Umsetzung (QR-Code)<\/em><\/a><\/li>\n<li><em><a href=\"https:\/\/www.msds-europe.com\/de\/kompass-zur-chemischen-sicherheit\/#2026-kalender\">Kalender 2026 f\u00fcr Fristen und Aufgaben der chemischen Sicherheit<\/a><\/em><\/li>\n<li><em><a href=\"https:\/\/www.msds-europe.com\/de\/kompass-zur-chemischen-sicherheit\/#online-werbung\">Neue CLP-Vorschriften f\u00fcr Webshops: Kennzeichnung und Werbung<\/a><\/em><\/li>\n<\/ul>\n<p>&nbsp;<\/p>\n<h3>Kostenlose Online-Beratung<\/h3>\n<p style=\"text-align: justify;\">Sollten Sie die ben\u00f6tigten Informationen auf unserer Website nicht gefunden haben, stellen Sie Ihre Fragen zu Sicherheitsdatenbl\u00e4ttern einfach direkt an unsere Expertinnen und Experten.<\/p>\n<p style=\"text-align: justify;\">Um Fragen zu senden, verwenden Sie bitte das folgende Formular:<\/p>\n<p><a href=\"https:\/\/www.msds-europe.com\/de\/online-beratung\/\">Kostenlose Online-Beratung<\/a><\/p>\n<p>&nbsp;<\/p>\n<h3>Unsere Dienstleistungen<\/h3>\n<p style=\"text-align: justify;\">Um alle Probleme und Pflichten im Zusammenhang mit Sicherheitsdatenbl\u00e4ttern zu erf\u00fcllen, empfehlen wir unsere Dienstleistungen zur <a href=\"https:\/\/www.msds-europe.com\/de\/zusammenstellung-erstellung-von-sicherheitsdatenblaettern\/\">Erstellung<\/a>, <a href=\"https:\/\/www.msds-europe.com\/de\/sicherheitsdatenblatt-uebersetzung\/\">\u00dcbersetzung<\/a> und <a href=\"https:\/\/www.msds-europe.com\/de\/sds-aktualisierung-ueberarbeitung\/\">Aktualisierung<\/a> von Sicherheitsdatenbl\u00e4ttern.<\/p>\n<p>&nbsp;<\/p>\n","protected":false},"excerpt":{"rendered":"<p>Sammlung n\u00fctzlicher Hintergrundmaterialien und Leitf\u00e4den f\u00fcr die Deutung und Erstellung von Sicherheitsdatenbl\u00e4ttern<\/p>\n","protected":false},"author":2,"featured_media":0,"parent":0,"menu_order":0,"comment_status":"closed","ping_status":"closed","template":"page-category.php","meta":{"_acf_changed":false,"footnotes":""},"tags":[247,357,298],"class_list":["post-4809","page","type-page","status-publish","hentry","tag-sicherheitsdatenblatt","tag-sicherheitsdatenblatt-wissensbasis","tag-wissensbasis"],"acf":[],"yoast_head":"<!-- This site is optimized with the Yoast SEO plugin v27.2 - https:\/\/yoast.com\/product\/yoast-seo-wordpress\/ -->\n<title>Sicherheitsdatenblatt \u2013 wichtige Informationen im \u00dcberblick<\/title>\n<meta name=\"description\" content=\"Die Wissensbasis zum Sicherheitsdatenblatt bietet Leitf\u00e4den und Artikel zum Verst\u00e4ndnis der Inhalte und rechtlichen Anforderungen.\" \/>\n<meta name=\"robots\" content=\"index, follow, max-snippet:-1, max-image-preview:large, max-video-preview:-1\" \/>\n<link rel=\"canonical\" href=\"https:\/\/www.msds-europe.com\/de\/nutzliche-informationen-und-hintergrundsmaterialien-fur-sicherheitsdatenblatter\/\" \/>\n<meta property=\"og:locale\" content=\"de_DE\" \/>\n<meta property=\"og:type\" content=\"article\" \/>\n<meta property=\"og:title\" content=\"Sicherheitsdatenblatt \u2013 wichtige Informationen im \u00dcberblick\" \/>\n<meta property=\"og:description\" content=\"Die Wissensbasis zum Sicherheitsdatenblatt bietet Leitf\u00e4den und Artikel zum Verst\u00e4ndnis der Inhalte und rechtlichen Anforderungen.\" \/>\n<meta property=\"og:url\" content=\"https:\/\/www.msds-europe.com\/de\/nutzliche-informationen-und-hintergrundsmaterialien-fur-sicherheitsdatenblatter\/\" \/>\n<meta property=\"og:site_name\" content=\"MSDS Europe\" \/>\n<meta property=\"article:publisher\" content=\"https:\/\/www.facebook.com\/toxinfokft\/\" \/>\n<meta property=\"article:modified_time\" content=\"2026-03-11T10:29:04+00:00\" \/>\n<meta property=\"og:image\" content=\"https:\/\/www.msds-europe.com\/wp-content\/uploads\/2020\/03\/Kompass-zur-chemischen-Sicherheit.jpg\" \/>\n\t<meta property=\"og:image:width\" content=\"409\" \/>\n\t<meta property=\"og:image:height\" content=\"245\" \/>\n\t<meta property=\"og:image:type\" content=\"image\/jpeg\" \/>\n<meta name=\"twitter:card\" content=\"summary_large_image\" \/>\n<meta name=\"twitter:site\" content=\"@ToxInfoKft\" \/>\n<meta name=\"twitter:label1\" content=\"Gesch\u00e4tzte Lesezeit\" \/>\n\t<meta name=\"twitter:data1\" content=\"3\u00a0Minuten\" \/>\n<script type=\"application\/ld+json\" class=\"yoast-schema-graph\">{\"@context\":\"https:\/\/schema.org\",\"@graph\":[{\"@type\":\"WebPage\",\"@id\":\"https:\/\/www.msds-europe.com\/de\/nutzliche-informationen-und-hintergrundsmaterialien-fur-sicherheitsdatenblatter\/\",\"url\":\"https:\/\/www.msds-europe.com\/de\/nutzliche-informationen-und-hintergrundsmaterialien-fur-sicherheitsdatenblatter\/\",\"name\":\"Sicherheitsdatenblatt \u2013 wichtige Informationen im \u00dcberblick\",\"isPartOf\":{\"@id\":\"https:\/\/www.msds-europe.com\/es\/#website\"},\"primaryImageOfPage\":{\"@id\":\"https:\/\/www.msds-europe.com\/de\/nutzliche-informationen-und-hintergrundsmaterialien-fur-sicherheitsdatenblatter\/#primaryimage\"},\"image\":{\"@id\":\"https:\/\/www.msds-europe.com\/de\/nutzliche-informationen-und-hintergrundsmaterialien-fur-sicherheitsdatenblatter\/#primaryimage\"},\"thumbnailUrl\":\"https:\/\/www.msds-europe.com\/wp-content\/uploads\/2020\/03\/Kompass-zur-chemischen-Sicherheit-300x180.jpg\",\"datePublished\":\"2018-06-18T11:45:41+00:00\",\"dateModified\":\"2026-03-11T10:29:04+00:00\",\"description\":\"Die Wissensbasis zum Sicherheitsdatenblatt bietet Leitf\u00e4den und Artikel zum Verst\u00e4ndnis der Inhalte und rechtlichen Anforderungen.\",\"breadcrumb\":{\"@id\":\"https:\/\/www.msds-europe.com\/de\/nutzliche-informationen-und-hintergrundsmaterialien-fur-sicherheitsdatenblatter\/#breadcrumb\"},\"inLanguage\":\"de\",\"potentialAction\":[{\"@type\":\"ReadAction\",\"target\":[\"https:\/\/www.msds-europe.com\/de\/nutzliche-informationen-und-hintergrundsmaterialien-fur-sicherheitsdatenblatter\/\"]}]},{\"@type\":\"ImageObject\",\"inLanguage\":\"de\",\"@id\":\"https:\/\/www.msds-europe.com\/de\/nutzliche-informationen-und-hintergrundsmaterialien-fur-sicherheitsdatenblatter\/#primaryimage\",\"url\":\"https:\/\/www.msds-europe.com\/wp-content\/uploads\/2020\/03\/Kompass-zur-chemischen-Sicherheit-300x180.jpg\",\"contentUrl\":\"https:\/\/www.msds-europe.com\/wp-content\/uploads\/2020\/03\/Kompass-zur-chemischen-Sicherheit-300x180.jpg\"},{\"@type\":\"BreadcrumbList\",\"@id\":\"https:\/\/www.msds-europe.com\/de\/nutzliche-informationen-und-hintergrundsmaterialien-fur-sicherheitsdatenblatter\/#breadcrumb\",\"itemListElement\":[{\"@type\":\"ListItem\",\"position\":1,\"name\":\"F\u0151oldal\",\"item\":\"https:\/\/www.msds-europe.com\/de\/\"},{\"@type\":\"ListItem\",\"position\":2,\"name\":\"N\u00fctzliche Informationen und Hintergrundsmaterialien f\u00fcr Sicherheitsdatenbl\u00e4tter\"}]},{\"@type\":\"WebSite\",\"@id\":\"https:\/\/www.msds-europe.com\/es\/#website\",\"url\":\"https:\/\/www.msds-europe.com\/es\/\",\"name\":\"MSDS Europe\",\"description\":\"\",\"publisher\":{\"@id\":\"https:\/\/www.msds-europe.com\/es\/#organization\"},\"potentialAction\":[{\"@type\":\"SearchAction\",\"target\":{\"@type\":\"EntryPoint\",\"urlTemplate\":\"https:\/\/www.msds-europe.com\/es\/?s={search_term_string}\"},\"query-input\":{\"@type\":\"PropertyValueSpecification\",\"valueRequired\":true,\"valueName\":\"search_term_string\"}}],\"inLanguage\":\"de\"},{\"@type\":\"Organization\",\"@id\":\"https:\/\/www.msds-europe.com\/es\/#organization\",\"name\":\"MSDS-Europe International branch of ToxInfo\",\"url\":\"https:\/\/www.msds-europe.com\/es\/\",\"logo\":{\"@type\":\"ImageObject\",\"inLanguage\":\"de\",\"@id\":\"https:\/\/www.msds-europe.com\/es\/#\/schema\/logo\/image\/\",\"url\":\"https:\/\/www.msds-europe.com\/wp-content\/uploads\/2021\/04\/msds-europe-logo.jpg\",\"contentUrl\":\"https:\/\/www.msds-europe.com\/wp-content\/uploads\/2021\/04\/msds-europe-logo.jpg\",\"width\":2296,\"height\":1067,\"caption\":\"MSDS-Europe International branch of ToxInfo\"},\"image\":{\"@id\":\"https:\/\/www.msds-europe.com\/es\/#\/schema\/logo\/image\/\"},\"sameAs\":[\"https:\/\/www.facebook.com\/toxinfokft\/\",\"https:\/\/x.com\/ToxInfoKft\"]}]}<\/script>\n<!-- \/ Yoast SEO plugin. -->","yoast_head_json":{"title":"Sicherheitsdatenblatt \u2013 wichtige Informationen im \u00dcberblick","description":"Die Wissensbasis zum Sicherheitsdatenblatt bietet Leitf\u00e4den und Artikel zum Verst\u00e4ndnis der Inhalte und rechtlichen Anforderungen.","robots":{"index":"index","follow":"follow","max-snippet":"max-snippet:-1","max-image-preview":"max-image-preview:large","max-video-preview":"max-video-preview:-1"},"canonical":"https:\/\/www.msds-europe.com\/de\/nutzliche-informationen-und-hintergrundsmaterialien-fur-sicherheitsdatenblatter\/","og_locale":"de_DE","og_type":"article","og_title":"Sicherheitsdatenblatt \u2013 wichtige Informationen im \u00dcberblick","og_description":"Die Wissensbasis zum Sicherheitsdatenblatt bietet Leitf\u00e4den und Artikel zum Verst\u00e4ndnis der Inhalte und rechtlichen Anforderungen.","og_url":"https:\/\/www.msds-europe.com\/de\/nutzliche-informationen-und-hintergrundsmaterialien-fur-sicherheitsdatenblatter\/","og_site_name":"MSDS Europe","article_publisher":"https:\/\/www.facebook.com\/toxinfokft\/","article_modified_time":"2026-03-11T10:29:04+00:00","og_image":[{"width":409,"height":245,"url":"https:\/\/www.msds-europe.com\/wp-content\/uploads\/2020\/03\/Kompass-zur-chemischen-Sicherheit.jpg","type":"image\/jpeg"}],"twitter_card":"summary_large_image","twitter_site":"@ToxInfoKft","twitter_misc":{"Gesch\u00e4tzte Lesezeit":"3\u00a0Minuten"},"schema":{"@context":"https:\/\/schema.org","@graph":[{"@type":"WebPage","@id":"https:\/\/www.msds-europe.com\/de\/nutzliche-informationen-und-hintergrundsmaterialien-fur-sicherheitsdatenblatter\/","url":"https:\/\/www.msds-europe.com\/de\/nutzliche-informationen-und-hintergrundsmaterialien-fur-sicherheitsdatenblatter\/","name":"Sicherheitsdatenblatt \u2013 wichtige Informationen im \u00dcberblick","isPartOf":{"@id":"https:\/\/www.msds-europe.com\/es\/#website"},"primaryImageOfPage":{"@id":"https:\/\/www.msds-europe.com\/de\/nutzliche-informationen-und-hintergrundsmaterialien-fur-sicherheitsdatenblatter\/#primaryimage"},"image":{"@id":"https:\/\/www.msds-europe.com\/de\/nutzliche-informationen-und-hintergrundsmaterialien-fur-sicherheitsdatenblatter\/#primaryimage"},"thumbnailUrl":"https:\/\/www.msds-europe.com\/wp-content\/uploads\/2020\/03\/Kompass-zur-chemischen-Sicherheit-300x180.jpg","datePublished":"2018-06-18T11:45:41+00:00","dateModified":"2026-03-11T10:29:04+00:00","description":"Die Wissensbasis zum Sicherheitsdatenblatt bietet Leitf\u00e4den und Artikel zum Verst\u00e4ndnis der Inhalte und rechtlichen Anforderungen.","breadcrumb":{"@id":"https:\/\/www.msds-europe.com\/de\/nutzliche-informationen-und-hintergrundsmaterialien-fur-sicherheitsdatenblatter\/#breadcrumb"},"inLanguage":"de","potentialAction":[{"@type":"ReadAction","target":["https:\/\/www.msds-europe.com\/de\/nutzliche-informationen-und-hintergrundsmaterialien-fur-sicherheitsdatenblatter\/"]}]},{"@type":"ImageObject","inLanguage":"de","@id":"https:\/\/www.msds-europe.com\/de\/nutzliche-informationen-und-hintergrundsmaterialien-fur-sicherheitsdatenblatter\/#primaryimage","url":"https:\/\/www.msds-europe.com\/wp-content\/uploads\/2020\/03\/Kompass-zur-chemischen-Sicherheit-300x180.jpg","contentUrl":"https:\/\/www.msds-europe.com\/wp-content\/uploads\/2020\/03\/Kompass-zur-chemischen-Sicherheit-300x180.jpg"},{"@type":"BreadcrumbList","@id":"https:\/\/www.msds-europe.com\/de\/nutzliche-informationen-und-hintergrundsmaterialien-fur-sicherheitsdatenblatter\/#breadcrumb","itemListElement":[{"@type":"ListItem","position":1,"name":"F\u0151oldal","item":"https:\/\/www.msds-europe.com\/de\/"},{"@type":"ListItem","position":2,"name":"N\u00fctzliche Informationen und Hintergrundsmaterialien f\u00fcr Sicherheitsdatenbl\u00e4tter"}]},{"@type":"WebSite","@id":"https:\/\/www.msds-europe.com\/es\/#website","url":"https:\/\/www.msds-europe.com\/es\/","name":"MSDS Europe","description":"","publisher":{"@id":"https:\/\/www.msds-europe.com\/es\/#organization"},"potentialAction":[{"@type":"SearchAction","target":{"@type":"EntryPoint","urlTemplate":"https:\/\/www.msds-europe.com\/es\/?s={search_term_string}"},"query-input":{"@type":"PropertyValueSpecification","valueRequired":true,"valueName":"search_term_string"}}],"inLanguage":"de"},{"@type":"Organization","@id":"https:\/\/www.msds-europe.com\/es\/#organization","name":"MSDS-Europe International branch of ToxInfo","url":"https:\/\/www.msds-europe.com\/es\/","logo":{"@type":"ImageObject","inLanguage":"de","@id":"https:\/\/www.msds-europe.com\/es\/#\/schema\/logo\/image\/","url":"https:\/\/www.msds-europe.com\/wp-content\/uploads\/2021\/04\/msds-europe-logo.jpg","contentUrl":"https:\/\/www.msds-europe.com\/wp-content\/uploads\/2021\/04\/msds-europe-logo.jpg","width":2296,"height":1067,"caption":"MSDS-Europe International branch of ToxInfo"},"image":{"@id":"https:\/\/www.msds-europe.com\/es\/#\/schema\/logo\/image\/"},"sameAs":["https:\/\/www.facebook.com\/toxinfokft\/","https:\/\/x.com\/ToxInfoKft"]}]}},"_links":{"self":[{"href":"https:\/\/www.msds-europe.com\/de\/wp-json\/wp\/v2\/pages\/4809","targetHints":{"allow":["GET"]}}],"collection":[{"href":"https:\/\/www.msds-europe.com\/de\/wp-json\/wp\/v2\/pages"}],"about":[{"href":"https:\/\/www.msds-europe.com\/de\/wp-json\/wp\/v2\/types\/page"}],"author":[{"embeddable":true,"href":"https:\/\/www.msds-europe.com\/de\/wp-json\/wp\/v2\/users\/2"}],"replies":[{"embeddable":true,"href":"https:\/\/www.msds-europe.com\/de\/wp-json\/wp\/v2\/comments?post=4809"}],"version-history":[{"count":32,"href":"https:\/\/www.msds-europe.com\/de\/wp-json\/wp\/v2\/pages\/4809\/revisions"}],"predecessor-version":[{"id":38532,"href":"https:\/\/www.msds-europe.com\/de\/wp-json\/wp\/v2\/pages\/4809\/revisions\/38532"}],"wp:attachment":[{"href":"https:\/\/www.msds-europe.com\/de\/wp-json\/wp\/v2\/media?parent=4809"}],"wp:term":[{"taxonomy":"post_tag","embeddable":true,"href":"https:\/\/www.msds-europe.com\/de\/wp-json\/wp\/v2\/tags?post=4809"}],"curies":[{"name":"wp","href":"https:\/\/api.w.org\/{rel}","templated":true}]}}