{"id":4770,"date":"2018-06-18T09:17:57","date_gmt":"2018-06-18T09:17:57","guid":{"rendered":"http:\/\/www.msds-europe.com\/reach-wissensbasis\/"},"modified":"2026-03-11T10:27:34","modified_gmt":"2026-03-11T10:27:34","slug":"reach-wissensbasis","status":"publish","type":"page","link":"https:\/\/www.msds-europe.com\/de\/reach-wissensbasis\/","title":{"rendered":"REACH Wissensbasis"},"content":{"rendered":"<p>&nbsp;<\/p>\n<h2><span style=\"color: #333333;\">Das Ziel der REACH-Wissensbasis<\/span><\/h2>\n<p style=\"text-align: justify;\">Durch die Einrichtung dieser Wissensbasis m\u00f6chten wir Hersteller, nachgeschaltete Anwender und Distributoren, die Pflichten unter der REACH-Verordnung haben, bei ihrer Arbeit unterst\u00fctzen.<\/p>\n<p style=\"text-align: justify;\">In der Kategorie \u201eREACH-Wissensbasis\u201c ver\u00f6ffentlichen wir haupts\u00e4chlich Artikel, die grundlegende Pflichten im Rahmen von REACH betreffen oder als schnelle Informationsquelle dienen k\u00f6nnen, ohne dass der umfangreiche Gesetzestext eingehend studiert werden muss.<\/p>\n<p style=\"text-align: justify;\">Mit dem auf unserer Website ver\u00f6ffentlichten fachlichen Material m\u00f6chten wir Unternehmen die M\u00f6glichkeit geben, \u00fcber ihr eigenes Mitwirken und ihre Pflichten unter der REACH-Verordnung zu entscheiden.<\/p>\n<p style=\"text-align: justify;\">Wir geben grundlegende Hintergrundinformationen zu bestimmten Bestimmungen und Teilaufgaben, die Ihnen helfen k\u00f6nnen, bei der Umsetzung die richtige Richtung zu finden.<\/p>\n<p>&nbsp;<\/p>\n<p style=\"text-align: justify;\"><strong>Achtung!<\/strong><br \/>\nEinige Artikel auf unserer Website behandeln aus Gr\u00fcnden der besseren Verst\u00e4ndlichkeit nicht alle Aspekte der chemischen Sicherheit vollst\u00e4ndig und k\u00f6nnen daher vereinfachte Formulierungen enthalten.<\/p>\n<p style=\"text-align: justify;\">Es ist in jedem Fall erforderlich, die REACH-bezogenen Aufgaben unternehmensspezifisch zu definieren; ma\u00dfgeblich sind ausschlie\u00dflich die Texte der jeweiligen Rechtsvorschriften.<\/p>\n<p style=\"text-align: justify;\">Lesen Sie die letzte \u00c4nderung der REACH-Verordnung unter \u201e<a href=\"https:\/\/www.msds-europe.com\/de\/rechtsanderungsverfolger\/\">Vorschriften zur Chemikaliensicherheit<\/a>\u201c.<\/p>\n<p>&nbsp;<\/p>\n<h4><span style=\"color: #333333;\">Die neuesten Artikel in der REACH-Wissensbasis<\/span><\/h4>\n<ul>\n<li><a href=\"https:\/\/www.msds-europe.com\/distributors-reach-communication-obligations\/\">REACH-Kommunikationspflichten der Distributoren<\/a><\/li>\n<li><a href=\"https:\/\/www.msds-europe.com\/authorization-svhc-substances\/\">Zulassung von SVHC-Stoffen<\/a><\/li>\n<li><a href=\"https:\/\/www.msds-europe.com\/downstream-user-reach-communication-obligations\/\">REACH-Kommunikationspflichten des nachgeschalteten Anwenders<\/a><\/li>\n<\/ul>\n<p>&nbsp;<\/p>\n<p><strong>Weitere hilfreiche Artikel<\/strong><\/p>\n<p><img decoding=\"async\" class=\"alignnone size-medium wp-image-20488 alignright\" src=\"https:\/\/www.msds-europe.com\/wp-content\/uploads\/2020\/03\/Kompass-zur-chemischen-Sicherheit-300x180.jpg\" alt=\"\" width=\"300\" height=\"180\" srcset=\"https:\/\/www.msds-europe.com\/wp-content\/uploads\/2020\/03\/Kompass-zur-chemischen-Sicherheit-300x180.jpg 300w, https:\/\/www.msds-europe.com\/wp-content\/uploads\/2020\/03\/Kompass-zur-chemischen-Sicherheit.jpg 409w\" sizes=\"(max-width: 300px) 100vw, 300px\" \/><\/p>\n<h3>Kompass zur chemischen Sicherheit<\/h3>\n<p style=\"text-align: justify;\"><strong>\u00dcber chemische Sicherheit \u2013 verst\u00e4ndlich erkl\u00e4rt.<\/strong><\/p>\n<p style=\"text-align: justify;\">In unserer Kolumne finden Sie hilfreiche Inhalte zu Vorschriften der chemischen Sicherheit, um Ihre Pflichten zu verstehen und sich auf deren Umsetzung vorzubereiten.<\/p>\n<p style=\"text-align: justify;\"><em>Neueste Beitr\u00e4ge im Kompass zur chemischen Sicherheit:<\/em><\/p>\n<ul>\n<li><a href=\"https:\/\/www.msds-europe.com\/de\/kompass-zur-chemischen-sicherheit\/#firefighting-foams\"><em>Auslaufen von PFAS-haltigen L\u00f6schsch\u00e4umen: Fristen, Umstellung und Abfallbewirtschaftung<\/em><\/a><\/li>\n<li><a href=\"https:\/\/www.msds-europe.com\/de\/kompass-zur-chemischen-sicherheit\/#clp-trap\"><em>Die CLP-Falle f\u00fcr Gemischhersteller im Jahr 2026: Fristen und Handlungsbedarf f\u00fcr Stoffe und Gemische<\/em><\/a><\/li>\n<li><em><a href=\"https:\/\/www.msds-europe.com\/de\/kompass-zur-chemischen-sicherheit\/#digitales-etikett\">Digitales Etikett unter CLP: Pflichten, Unternehmensma\u00dfnahmen und technische Umsetzung (QR-Code)<\/a><\/em><\/li>\n<li><a href=\"https:\/\/www.msds-europe.com\/de\/kompass-zur-chemischen-sicherheit\/#2026-kalender\"><em>Kalender 2026 f\u00fcr Fristen und Aufgaben der chemischen Sicherheit<\/em><\/a><\/li>\n<li><a href=\"https:\/\/www.msds-europe.com\/de\/kompass-zur-chemischen-sicherheit\/#online-werbung\"><em>Neue CLP-Vorschriften f\u00fcr Webshops: Kennzeichnung und Werbung<\/em><\/a><\/li>\n<\/ul>\n<p>&nbsp;<\/p>\n<p><a href=\"https:\/\/www.msds-europe.com\/de\/sicherheitsdatenblatt-uebersetzung\/\"><img decoding=\"async\" class=\"size-full wp-image-33294 alignright\" src=\"https:\/\/www.msds-europe.com\/wp-content\/uploads\/2025\/06\/MSDS-Europe-\u2013-Fachliche-Ressourcen.jpg\" alt=\"\" width=\"300\" height=\"277\" \/><\/a><\/p>\n<h3>Wissensdatenbank Sicherheitsdatenblatt<\/h3>\n<p style=\"text-align: justify;\">In der Kategorie \u201e<strong>Wissensdatenbank Sicherheitsdatenblatt<\/strong>\u201c ver\u00f6ffentlichen wir Artikel, die grundlegende Pflichten und wichtige Informationen zu Sicherheitsdatenbl\u00e4ttern (SDS\/SDB) in den Fokus r\u00fccken.<\/p>\n<p style=\"text-align: justify;\"><em>Neue Artikel in der \u201eWissensdatenbank Sicherheitsdatenblatt\u201c:<\/em><\/p>\n<ul>\n<li><a href=\"https:\/\/www.msds-europe.com\/de\/sds-abschnitt-1-produktidentifikator-ufi-gemische\/\"><em>SDS Abschnitt 1: Produktidentifikator &amp; UFI f\u00fcr Gemische<\/em><\/a><\/li>\n<li><a href=\"https:\/\/www.msds-europe.com\/de\/sds-sprachanforderungen\/\"><em>Sprache des Sicherheitsdatenblatts in der EU<\/em><\/a><\/li>\n<li><a href=\"https:\/\/www.msds-europe.com\/de\/sds-informationsquellen-datenbanken\/\"><em>N\u00fctzliche Informationsquellen und Datenbanken f\u00fcr die Erstellung von SDS<\/em><\/a><\/li>\n<li><a href=\"https:\/\/www.msds-europe.com\/de\/clp-2026-1-mai-neue-gefahrenklassen-gemische-sds-kennzeichnung\/\"><em>CLP 2026: neue Gefahrenklassen f\u00fcr Gemische \u2013 Handlungsbedarf bei SDS und Kennzeichnung<\/em><\/a><\/li>\n<\/ul>\n<p>&nbsp;<\/p>\n<p>&nbsp;<\/p>\n<h4><span style=\"color: #333333;\">Noch Fragen? <\/span><\/h4>\n<p style=\"text-align: justify;\">Kontaktieren Sie unseren Kundendienst oder stellen Sie Ihre Frage online unserem Experten.<\/p>\n<a href=\"https:\/\/www.msds-europe.com\/de\/kundendienst\/\" class=\"su-button su-button-style-default\" style=\"color:#ef552d;background-color:#fefefe;border-color:#cccccc;border-radius:6px\" target=\"_self\"><span style=\"color:#ef552d;padding:0px 18px;font-size:14px;line-height:28px;border-color:#ffffff;border-radius:6px;text-shadow:none\"> Kundendienst<\/span><\/a>\u00a0 \u00a0 \u00a0 \u00a0 \u00a0 \u00a0 \u00a0 <a href=\"https:\/\/www.msds-europe.com\/de\/angebotsanfrage-sicherheitsdatenblatt\/\" class=\"su-button su-button-style-default\" style=\"color:#ffffff;background-color:#ef552d;border-color:#c04424;border-radius:6px\" target=\"_self\"><span style=\"color:#ffffff;padding:0px 18px;font-size:14px;line-height:28px;border-color:#f4886c;border-radius:6px;text-shadow:0px 0px 2px #ffffff\"> Experten fragen<\/span><\/a>\n<p>&nbsp;<\/p>\n<h4><span style=\"color: #333333;\">Service-Empfehlung:\u00a0<\/span><\/h4>\n<ul>\n<li><a href=\"https:\/\/www.msds-europe.com\/de\/sicherheitsdatenblatt-uebersetzung\/\">SDB-\u00dcbersetzungsdienste<\/a><\/li>\n<li><a href=\"https:\/\/www.msds-europe.com\/de\/zusammenstellung-erstellung-von-sicherheitsdatenblaettern\/\">Erstellung von Sicherheitsdatenbl\u00e4ttern (SDB\/SDS)<\/a><\/li>\n<li><a href=\"https:\/\/www.msds-europe.com\/de\/ufi-dientsleistung\/\">Dienstleistungen im Zusammenhang mit der PCN-Meldung<\/a><\/li>\n<\/ul>\n<p>&nbsp;<\/p>\n<p>&nbsp;<\/p>\n","protected":false},"excerpt":{"rendered":"<p>Die REACH Wissensbasis enth\u00e4lt n\u00fctzliche Informationen die zur Befolgung der REACH Anforderungen auf allen Ebenen der Versorgungskette ben\u00f6tigt werden.<\/p>\n","protected":false},"author":2,"featured_media":0,"parent":0,"menu_order":0,"comment_status":"closed","ping_status":"closed","template":"page-category.php","meta":{"_acf_changed":false,"footnotes":""},"tags":[298],"class_list":["post-4770","page","type-page","status-publish","hentry","tag-wissensbasis"],"acf":[],"yoast_head":"<!-- This site is optimized with the Yoast SEO plugin v27.2 - https:\/\/yoast.com\/product\/yoast-seo-wordpress\/ -->\n<title>REACH-Wissensbasis: Leitf\u00e4den &amp; Pflichten | MSDS-Europe<\/title>\n<meta name=\"description\" content=\"Praxisnahe Artikel zu REACH-Anforderungen: f\u00fcr Hersteller, Importeure, H\u00e4ndler und nachgeschaltete Anwender \u2013 verst\u00e4ndlich und aktuell.\" \/>\n<meta name=\"robots\" content=\"index, follow, max-snippet:-1, max-image-preview:large, max-video-preview:-1\" \/>\n<link rel=\"canonical\" href=\"https:\/\/www.msds-europe.com\/de\/reach-wissensbasis\/\" \/>\n<meta property=\"og:locale\" content=\"de_DE\" \/>\n<meta property=\"og:type\" content=\"article\" \/>\n<meta property=\"og:title\" content=\"REACH-Wissensbasis: Leitf\u00e4den &amp; Pflichten | MSDS-Europe\" \/>\n<meta property=\"og:description\" content=\"Praxisnahe Artikel zu REACH-Anforderungen: f\u00fcr Hersteller, Importeure, H\u00e4ndler und nachgeschaltete Anwender \u2013 verst\u00e4ndlich und aktuell.\" \/>\n<meta property=\"og:url\" content=\"https:\/\/www.msds-europe.com\/de\/reach-wissensbasis\/\" \/>\n<meta property=\"og:site_name\" content=\"MSDS Europe\" \/>\n<meta property=\"article:publisher\" content=\"https:\/\/www.facebook.com\/toxinfokft\/\" \/>\n<meta property=\"article:modified_time\" content=\"2026-03-11T10:27:34+00:00\" \/>\n<meta property=\"og:image\" content=\"https:\/\/www.msds-europe.com\/wp-content\/uploads\/2020\/03\/Kompass-zur-chemischen-Sicherheit.jpg\" \/>\n\t<meta property=\"og:image:width\" content=\"409\" \/>\n\t<meta property=\"og:image:height\" content=\"245\" \/>\n\t<meta property=\"og:image:type\" content=\"image\/jpeg\" \/>\n<meta name=\"twitter:card\" content=\"summary_large_image\" \/>\n<meta name=\"twitter:site\" content=\"@ToxInfoKft\" \/>\n<meta name=\"twitter:label1\" content=\"Gesch\u00e4tzte Lesezeit\" \/>\n\t<meta name=\"twitter:data1\" content=\"3\u00a0Minuten\" \/>\n<script type=\"application\/ld+json\" class=\"yoast-schema-graph\">{\"@context\":\"https:\/\/schema.org\",\"@graph\":[{\"@type\":\"WebPage\",\"@id\":\"https:\/\/www.msds-europe.com\/de\/reach-wissensbasis\/\",\"url\":\"https:\/\/www.msds-europe.com\/de\/reach-wissensbasis\/\",\"name\":\"REACH-Wissensbasis: Leitf\u00e4den & Pflichten | MSDS-Europe\",\"isPartOf\":{\"@id\":\"https:\/\/www.msds-europe.com\/es\/#website\"},\"primaryImageOfPage\":{\"@id\":\"https:\/\/www.msds-europe.com\/de\/reach-wissensbasis\/#primaryimage\"},\"image\":{\"@id\":\"https:\/\/www.msds-europe.com\/de\/reach-wissensbasis\/#primaryimage\"},\"thumbnailUrl\":\"https:\/\/www.msds-europe.com\/wp-content\/uploads\/2020\/03\/Kompass-zur-chemischen-Sicherheit-300x180.jpg\",\"datePublished\":\"2018-06-18T09:17:57+00:00\",\"dateModified\":\"2026-03-11T10:27:34+00:00\",\"description\":\"Praxisnahe Artikel zu REACH-Anforderungen: f\u00fcr Hersteller, Importeure, H\u00e4ndler und nachgeschaltete Anwender \u2013 verst\u00e4ndlich und aktuell.\",\"breadcrumb\":{\"@id\":\"https:\/\/www.msds-europe.com\/de\/reach-wissensbasis\/#breadcrumb\"},\"inLanguage\":\"de\",\"potentialAction\":[{\"@type\":\"ReadAction\",\"target\":[\"https:\/\/www.msds-europe.com\/de\/reach-wissensbasis\/\"]}]},{\"@type\":\"ImageObject\",\"inLanguage\":\"de\",\"@id\":\"https:\/\/www.msds-europe.com\/de\/reach-wissensbasis\/#primaryimage\",\"url\":\"https:\/\/www.msds-europe.com\/wp-content\/uploads\/2020\/03\/Kompass-zur-chemischen-Sicherheit-300x180.jpg\",\"contentUrl\":\"https:\/\/www.msds-europe.com\/wp-content\/uploads\/2020\/03\/Kompass-zur-chemischen-Sicherheit-300x180.jpg\"},{\"@type\":\"BreadcrumbList\",\"@id\":\"https:\/\/www.msds-europe.com\/de\/reach-wissensbasis\/#breadcrumb\",\"itemListElement\":[{\"@type\":\"ListItem\",\"position\":1,\"name\":\"F\u0151oldal\",\"item\":\"https:\/\/www.msds-europe.com\/de\/\"},{\"@type\":\"ListItem\",\"position\":2,\"name\":\"REACH Wissensbasis\"}]},{\"@type\":\"WebSite\",\"@id\":\"https:\/\/www.msds-europe.com\/es\/#website\",\"url\":\"https:\/\/www.msds-europe.com\/es\/\",\"name\":\"MSDS Europe\",\"description\":\"\",\"publisher\":{\"@id\":\"https:\/\/www.msds-europe.com\/es\/#organization\"},\"potentialAction\":[{\"@type\":\"SearchAction\",\"target\":{\"@type\":\"EntryPoint\",\"urlTemplate\":\"https:\/\/www.msds-europe.com\/es\/?s={search_term_string}\"},\"query-input\":{\"@type\":\"PropertyValueSpecification\",\"valueRequired\":true,\"valueName\":\"search_term_string\"}}],\"inLanguage\":\"de\"},{\"@type\":\"Organization\",\"@id\":\"https:\/\/www.msds-europe.com\/es\/#organization\",\"name\":\"MSDS-Europe International branch of ToxInfo\",\"url\":\"https:\/\/www.msds-europe.com\/es\/\",\"logo\":{\"@type\":\"ImageObject\",\"inLanguage\":\"de\",\"@id\":\"https:\/\/www.msds-europe.com\/es\/#\/schema\/logo\/image\/\",\"url\":\"https:\/\/www.msds-europe.com\/wp-content\/uploads\/2021\/04\/msds-europe-logo.jpg\",\"contentUrl\":\"https:\/\/www.msds-europe.com\/wp-content\/uploads\/2021\/04\/msds-europe-logo.jpg\",\"width\":2296,\"height\":1067,\"caption\":\"MSDS-Europe International branch of ToxInfo\"},\"image\":{\"@id\":\"https:\/\/www.msds-europe.com\/es\/#\/schema\/logo\/image\/\"},\"sameAs\":[\"https:\/\/www.facebook.com\/toxinfokft\/\",\"https:\/\/x.com\/ToxInfoKft\"]}]}<\/script>\n<!-- \/ Yoast SEO plugin. -->","yoast_head_json":{"title":"REACH-Wissensbasis: Leitf\u00e4den & Pflichten | MSDS-Europe","description":"Praxisnahe Artikel zu REACH-Anforderungen: f\u00fcr Hersteller, Importeure, H\u00e4ndler und nachgeschaltete Anwender \u2013 verst\u00e4ndlich und aktuell.","robots":{"index":"index","follow":"follow","max-snippet":"max-snippet:-1","max-image-preview":"max-image-preview:large","max-video-preview":"max-video-preview:-1"},"canonical":"https:\/\/www.msds-europe.com\/de\/reach-wissensbasis\/","og_locale":"de_DE","og_type":"article","og_title":"REACH-Wissensbasis: Leitf\u00e4den & Pflichten | MSDS-Europe","og_description":"Praxisnahe Artikel zu REACH-Anforderungen: f\u00fcr Hersteller, Importeure, H\u00e4ndler und nachgeschaltete Anwender \u2013 verst\u00e4ndlich und aktuell.","og_url":"https:\/\/www.msds-europe.com\/de\/reach-wissensbasis\/","og_site_name":"MSDS Europe","article_publisher":"https:\/\/www.facebook.com\/toxinfokft\/","article_modified_time":"2026-03-11T10:27:34+00:00","og_image":[{"width":409,"height":245,"url":"https:\/\/www.msds-europe.com\/wp-content\/uploads\/2020\/03\/Kompass-zur-chemischen-Sicherheit.jpg","type":"image\/jpeg"}],"twitter_card":"summary_large_image","twitter_site":"@ToxInfoKft","twitter_misc":{"Gesch\u00e4tzte Lesezeit":"3\u00a0Minuten"},"schema":{"@context":"https:\/\/schema.org","@graph":[{"@type":"WebPage","@id":"https:\/\/www.msds-europe.com\/de\/reach-wissensbasis\/","url":"https:\/\/www.msds-europe.com\/de\/reach-wissensbasis\/","name":"REACH-Wissensbasis: Leitf\u00e4den & Pflichten | MSDS-Europe","isPartOf":{"@id":"https:\/\/www.msds-europe.com\/es\/#website"},"primaryImageOfPage":{"@id":"https:\/\/www.msds-europe.com\/de\/reach-wissensbasis\/#primaryimage"},"image":{"@id":"https:\/\/www.msds-europe.com\/de\/reach-wissensbasis\/#primaryimage"},"thumbnailUrl":"https:\/\/www.msds-europe.com\/wp-content\/uploads\/2020\/03\/Kompass-zur-chemischen-Sicherheit-300x180.jpg","datePublished":"2018-06-18T09:17:57+00:00","dateModified":"2026-03-11T10:27:34+00:00","description":"Praxisnahe Artikel zu REACH-Anforderungen: f\u00fcr Hersteller, Importeure, H\u00e4ndler und nachgeschaltete Anwender \u2013 verst\u00e4ndlich und aktuell.","breadcrumb":{"@id":"https:\/\/www.msds-europe.com\/de\/reach-wissensbasis\/#breadcrumb"},"inLanguage":"de","potentialAction":[{"@type":"ReadAction","target":["https:\/\/www.msds-europe.com\/de\/reach-wissensbasis\/"]}]},{"@type":"ImageObject","inLanguage":"de","@id":"https:\/\/www.msds-europe.com\/de\/reach-wissensbasis\/#primaryimage","url":"https:\/\/www.msds-europe.com\/wp-content\/uploads\/2020\/03\/Kompass-zur-chemischen-Sicherheit-300x180.jpg","contentUrl":"https:\/\/www.msds-europe.com\/wp-content\/uploads\/2020\/03\/Kompass-zur-chemischen-Sicherheit-300x180.jpg"},{"@type":"BreadcrumbList","@id":"https:\/\/www.msds-europe.com\/de\/reach-wissensbasis\/#breadcrumb","itemListElement":[{"@type":"ListItem","position":1,"name":"F\u0151oldal","item":"https:\/\/www.msds-europe.com\/de\/"},{"@type":"ListItem","position":2,"name":"REACH Wissensbasis"}]},{"@type":"WebSite","@id":"https:\/\/www.msds-europe.com\/es\/#website","url":"https:\/\/www.msds-europe.com\/es\/","name":"MSDS Europe","description":"","publisher":{"@id":"https:\/\/www.msds-europe.com\/es\/#organization"},"potentialAction":[{"@type":"SearchAction","target":{"@type":"EntryPoint","urlTemplate":"https:\/\/www.msds-europe.com\/es\/?s={search_term_string}"},"query-input":{"@type":"PropertyValueSpecification","valueRequired":true,"valueName":"search_term_string"}}],"inLanguage":"de"},{"@type":"Organization","@id":"https:\/\/www.msds-europe.com\/es\/#organization","name":"MSDS-Europe International branch of ToxInfo","url":"https:\/\/www.msds-europe.com\/es\/","logo":{"@type":"ImageObject","inLanguage":"de","@id":"https:\/\/www.msds-europe.com\/es\/#\/schema\/logo\/image\/","url":"https:\/\/www.msds-europe.com\/wp-content\/uploads\/2021\/04\/msds-europe-logo.jpg","contentUrl":"https:\/\/www.msds-europe.com\/wp-content\/uploads\/2021\/04\/msds-europe-logo.jpg","width":2296,"height":1067,"caption":"MSDS-Europe International branch of ToxInfo"},"image":{"@id":"https:\/\/www.msds-europe.com\/es\/#\/schema\/logo\/image\/"},"sameAs":["https:\/\/www.facebook.com\/toxinfokft\/","https:\/\/x.com\/ToxInfoKft"]}]}},"_links":{"self":[{"href":"https:\/\/www.msds-europe.com\/de\/wp-json\/wp\/v2\/pages\/4770","targetHints":{"allow":["GET"]}}],"collection":[{"href":"https:\/\/www.msds-europe.com\/de\/wp-json\/wp\/v2\/pages"}],"about":[{"href":"https:\/\/www.msds-europe.com\/de\/wp-json\/wp\/v2\/types\/page"}],"author":[{"embeddable":true,"href":"https:\/\/www.msds-europe.com\/de\/wp-json\/wp\/v2\/users\/2"}],"replies":[{"embeddable":true,"href":"https:\/\/www.msds-europe.com\/de\/wp-json\/wp\/v2\/comments?post=4770"}],"version-history":[{"count":20,"href":"https:\/\/www.msds-europe.com\/de\/wp-json\/wp\/v2\/pages\/4770\/revisions"}],"predecessor-version":[{"id":38530,"href":"https:\/\/www.msds-europe.com\/de\/wp-json\/wp\/v2\/pages\/4770\/revisions\/38530"}],"wp:attachment":[{"href":"https:\/\/www.msds-europe.com\/de\/wp-json\/wp\/v2\/media?parent=4770"}],"wp:term":[{"taxonomy":"post_tag","embeddable":true,"href":"https:\/\/www.msds-europe.com\/de\/wp-json\/wp\/v2\/tags?post=4770"}],"curies":[{"name":"wp","href":"https:\/\/api.w.org\/{rel}","templated":true}]}}