{"id":4628,"date":"2018-06-17T09:18:07","date_gmt":"2018-06-17T09:18:07","guid":{"rendered":"http:\/\/www.msds-europe.com\/online-angebotsanfrage-fur-sicherheitsdatenblatt-dienstleistungen\/"},"modified":"2026-04-21T11:44:16","modified_gmt":"2026-04-21T11:44:16","slug":"angebotsanfrage-sicherheitsdatenblatt","status":"publish","type":"page","link":"https:\/\/www.msds-europe.com\/de\/angebotsanfrage-sicherheitsdatenblatt\/","title":{"rendered":"Online Angebotsanfrage f\u00fcr Sicherheitsdatenblatt Dienstleistungen"},"content":{"rendered":"<p style=\"text-align: right;\"><em><a href=\"https:\/\/www.msds-europe.com\/de\/\">MSDS-Europe<\/a> \u2013 Online-Angebotsanfrage f\u00fcr sicherheitsdatenblattbezogene Dienstleistungen<\/em><\/p>\n<p>&nbsp;<\/p>\n<p style=\"text-align: justify;\">Wir senden Ihnen innerhalb von <strong>24 Stunden<\/strong> nach Eingang Ihrer Online-Anfrage ein schriftliches Angebot f\u00fcr die ausgew\u00e4hlten Dienstleistungen.<br \/>\nBitte beachten Sie, dass wir bei gr\u00f6\u00dferen Mengen einen deutlich g\u00fcnstigeren Preis anbieten k\u00f6nnen.<br \/>\nIm Rahmen eines Vertrags k\u00f6nnen wir den Mengenrabatt sogar auf eine gesch\u00e4tzte j\u00e4hrliche Gesamtmenge anwenden.<\/p>\n<p>&nbsp;<\/p>\n<h2 style=\"text-align: justify;\">Unterst\u00fctzung bei der Auswahl der richtigen Dienstleistung<\/h2>\n<p style=\"text-align: justify;\">Wir empfehlen unsere <a href=\"https:\/\/www.msds-europe.com\/de\/zusammenstellung-erstellung-von-sicherheitsdatenblaettern\/\">Dienstleistung zur Erstellung von Sicherheitsdatenbl\u00e4ttern<\/a> vor allem f\u00fcr nachgeschaltete Anwender, die Gemische herstellen, sowie f\u00fcr Importeure, um sie bei der Erf\u00fcllung ihrer Verpflichtungen zur Einstufung und\/oder zur Bereitstellung von Sicherheitsdatenbl\u00e4ttern zu unterst\u00fctzen.<\/p>\n<p style=\"text-align: justify;\">Wir empfehlen unsere <a href=\"https:\/\/www.msds-europe.com\/de\/sicherheitsdatenblatt-uebersetzung\/\">Dienstleistung zur \u00dcbersetzung von Sicherheitsdatenbl\u00e4ttern<\/a> in erster Linie f\u00fcr H\u00e4ndler und Importeure. Wir bieten die \u00dcbersetzung von Sicherheitsdatenbl\u00e4ttern aus jeder EU-Sprache in jede EU-Sprache an.<br \/>\nAls Zusatzleistung empfehlen wir, auf Grundlage des Sicherheitsdatenblatts auch einen Etikettenentwurf zu bestellen.<\/p>\n<p style=\"text-align: justify;\">Wenn Sie eine Zusatzleistung bestellen m\u00f6chten, geben Sie diese bitte im Bereich \u201eAnmerkung\u201c an.<\/p>\n<p style=\"text-align: justify;\">Wir empfehlen unsere <a href=\"https:\/\/www.msds-europe.com\/de\/sds-aktualisierung-ueberarbeitung\/\">Dienstleistung zur Aktualisierung von Sicherheitsdatenbl\u00e4ttern<\/a> in F\u00e4llen, in denen sich der Inhalt des Sicherheitsdatenblatts wesentlich \u00e4ndert oder \u00c4nderungen im regulatorischen Umfeld eine \u00dcberpr\u00fcfung erforderlich machen.<\/p>\n<p style=\"text-align: right;\"><em>FAQ \u2013 <a href=\"https:\/\/www.msds-europe.com\/de\/faq\/\">Fragen zu unseren Dienstleistungen<\/a><\/em><\/p>\n<h2 style=\"text-align: justify;\">Angebotsanfrage f\u00fcr Expressdienstleistungen<\/h2>\n<p style=\"text-align: justify;\">Unsere Dienstleistungen zur \u00dcbersetzung und Aktualisierung von Sicherheitsdatenbl\u00e4ttern sowie zur <a href=\"https:\/\/www.msds-europe.com\/de\/erstellung-von-etikettenentwuerfen\/\">Erstellung von Etikettenentw\u00fcrfen<\/a> sind auch als <a href=\"https:\/\/www.msds-europe.com\/de\/sicherheitsdatenblatt-bezogenes-express-service\/\">Expressdienstleistungen<\/a> verf\u00fcgbar \u2013 sogar mit einer Lieferfrist von 24 Stunden.<\/p>\n<p>&nbsp;<\/p>\n<p style=\"text-align: justify;\"><em>Wenn Sie Fragen zu Ihrer Bestellung oder zur Chemikaliensicherheit haben, wenden Sie sich bitte an unseren <a href=\"https:\/\/www.msds-europe.com\/de\/kundendienst\/\">Kundendienst<\/a>.<\/em><\/p>\n<h4 style=\"text-align: justify;\"><\/h4>\n\n<div class=\"wpcf7 no-js\" id=\"wpcf7-f6136-o1\" lang=\"hu-HU\" dir=\"ltr\" data-wpcf7-id=\"6136\">\n<div class=\"screen-reader-response\"><p role=\"status\" aria-live=\"polite\" aria-atomic=\"true\"><\/p> <ul><\/ul><\/div>\n<form action=\"\/de\/wp-json\/wp\/v2\/pages\/4628#wpcf7-f6136-o1\" method=\"post\" class=\"wpcf7-form init\" aria-label=\"Kapcsolatfelv\u00e9teli \u0171rlap\" novalidate=\"novalidate\" data-status=\"init\">\n<fieldset class=\"hidden-fields-container\"><input type=\"hidden\" name=\"_wpcf7\" value=\"6136\" \/><input type=\"hidden\" name=\"_wpcf7_version\" value=\"6.1.5\" \/><input type=\"hidden\" name=\"_wpcf7_locale\" value=\"hu_HU\" \/><input type=\"hidden\" name=\"_wpcf7_unit_tag\" value=\"wpcf7-f6136-o1\" \/><input type=\"hidden\" name=\"_wpcf7_container_post\" value=\"0\" \/><input type=\"hidden\" name=\"_wpcf7_posted_data_hash\" value=\"\" \/><input type=\"hidden\" name=\"_wpcf7_recaptcha_response\" value=\"\" \/>\n<\/fieldset>\n<div class=\"arajanlatkeres_form\">\n\t<div class=\"row contact_row\">\n\t\t<div class=\"col-sm-5 col-sm-offset-1\">\n\t\t\t<p><label>Name der Kontaktperson<\/label>\n\t\t\t<\/p>\n\t\t<\/div>\n\t\t<div class=\"col-sm-5\">\n\t\t\t<p><span class=\"wpcf7-form-control-wrap\" data-name=\"your-name\"><input size=\"40\" maxlength=\"400\" class=\"wpcf7-form-control wpcf7-text wpcf7-validates-as-required\" aria-required=\"true\" aria-invalid=\"false\" value=\"\" type=\"text\" name=\"your-name\" \/><\/span>\n\t\t\t<\/p>\n\t\t<\/div>\n\t<\/div>\n\t<div class=\"row contact_row\">\n\t\t<div class=\"col-sm-5 col-sm-offset-1\">\n\t\t\t<p><label>Name der Firma<\/label>\n\t\t\t<\/p>\n\t\t<\/div>\n\t\t<div class=\"col-sm-5\">\n\t\t\t<p><span class=\"wpcf7-form-control-wrap\" data-name=\"company-name\"><input size=\"40\" maxlength=\"400\" class=\"wpcf7-form-control wpcf7-text wpcf7-validates-as-required\" aria-required=\"true\" aria-invalid=\"false\" value=\"\" type=\"text\" name=\"company-name\" \/><\/span>\n\t\t\t<\/p>\n\t\t<\/div>\n\t<\/div>\n\t<div class=\"row contact_row\">\n\t\t<div class=\"col-sm-5 col-sm-offset-1\">\n\t\t\t<p><label>Firmenanschrift<\/label>\n\t\t\t<\/p>\n\t\t<\/div>\n\t\t<div class=\"col-sm-5\">\n\t\t\t<p><span class=\"wpcf7-form-control-wrap\" data-name=\"company-address\"><input size=\"40\" maxlength=\"400\" class=\"wpcf7-form-control wpcf7-text wpcf7-validates-as-required\" aria-required=\"true\" aria-invalid=\"false\" value=\"\" type=\"text\" name=\"company-address\" \/><\/span>\n\t\t\t<\/p>\n\t\t<\/div>\n\t<\/div>\n\t<div class=\"row contact_row\">\n\t\t<div class=\"col-sm-5 col-sm-offset-1\">\n\t\t\t<p><label>Telefonnummer<\/label>\n\t\t\t<\/p>\n\t\t<\/div>\n\t\t<div class=\"col-sm-5\">\n\t\t\t<p><span class=\"wpcf7-form-control-wrap\" data-name=\"company-phone\"><input size=\"40\" maxlength=\"400\" class=\"wpcf7-form-control wpcf7-text wpcf7-validates-as-required\" aria-required=\"true\" aria-invalid=\"false\" value=\"\" type=\"text\" name=\"company-phone\" \/><\/span>\n\t\t\t<\/p>\n\t\t<\/div>\n\t<\/div>\n\t<div class=\"row contact_row\">\n\t\t<div class=\"col-sm-5 col-sm-offset-1\">\n\t\t\t<p><label>E-Mail-Addresse<\/label>\n\t\t\t<\/p>\n\t\t<\/div>\n\t\t<div class=\"col-sm-5\">\n\t\t\t<p><span class=\"wpcf7-form-control-wrap\" data-name=\"your-email\"><input size=\"40\" maxlength=\"400\" class=\"wpcf7-form-control wpcf7-email wpcf7-validates-as-required wpcf7-text wpcf7-validates-as-email\" aria-required=\"true\" aria-invalid=\"false\" value=\"\" type=\"email\" name=\"your-email\" \/><\/span>\n\t\t\t<\/p>\n\t\t<\/div>\n\t<\/div>\n\t<div class=\"row contact_row\">\n\t\t<div class=\"col-sm-5 col-sm-offset-1\">\n\t\t\t<p><label>Sprache des originalen SDS<\/label>\n\t\t\t<\/p>\n\t\t<\/div>\n\t\t<div class=\"col-sm-5\">\n\t\t\t<p><span class=\"wpcf7-form-control-wrap\" data-name=\"language\"><input size=\"40\" maxlength=\"400\" class=\"wpcf7-form-control wpcf7-text wpcf7-validates-as-required\" aria-required=\"true\" aria-invalid=\"false\" value=\"\" type=\"text\" name=\"language\" \/><\/span>\n\t\t\t<\/p>\n\t\t<\/div>\n\t<\/div>\n\t<div class=\"row contact_row\">\n\t\t<div class=\"col-sm-5 col-sm-offset-1\">\n\t\t\t<p><label>Zielsprache und Zielland (bei \u00dcbersetzung)<\/label>\n\t\t\t<\/p>\n\t\t<\/div>\n\t\t<div class=\"col-sm-5\">\n\t\t\t<p><span class=\"wpcf7-form-control-wrap\" data-name=\"wished-language\"><input size=\"40\" maxlength=\"400\" class=\"wpcf7-form-control wpcf7-text\" aria-invalid=\"false\" value=\"\" type=\"text\" name=\"wished-language\" \/><\/span>\n\t\t\t<\/p>\n\t\t<\/div>\n\t<\/div>\n\t<div class=\"row contact_row\">\n\t\t<div class=\"col-sm-5 col-sm-offset-1\">\n\t\t\t<p><label>St\u00fcckzahl<\/label>\n\t\t\t<\/p>\n\t\t<\/div>\n\t\t<div class=\"col-sm-5\">\n\t\t\t<p><span class=\"wpcf7-form-control-wrap\" data-name=\"number\"><input size=\"40\" maxlength=\"400\" class=\"wpcf7-form-control wpcf7-text wpcf7-validates-as-required\" aria-required=\"true\" aria-invalid=\"false\" value=\"\" type=\"text\" name=\"number\" \/><\/span>\n\t\t\t<\/p>\n\t\t<\/div>\n\t<\/div>\n\t<div class=\"row contact_row\">\n\t\t<div class=\"col-sm-5 col-sm-offset-1\">\n\t\t\t<p><label>Anmerkung<\/label>\n\t\t\t<\/p>\n\t\t<\/div>\n\t\t<div class=\"col-sm-5\">\n\t\t\t<p><span class=\"wpcf7-form-control-wrap\" data-name=\"your-message\"><textarea cols=\"40\" rows=\"10\" maxlength=\"2000\" class=\"wpcf7-form-control wpcf7-textarea\" aria-invalid=\"false\" name=\"your-message\"><\/textarea><\/span>\n\t\t\t<\/p>\n\t\t<\/div>\n\t<\/div>\n\t<div class=\"row contact_row\">\n\t\t<div class=\"col-sm-10 col-sm-offset-1\">\n\t\t\t<p><span class=\"wpcf7-form-control-wrap\" data-name=\"radio-917\"><span class=\"wpcf7-form-control wpcf7-radio\"><span class=\"wpcf7-list-item first\"><input type=\"radio\" name=\"radio-917\" value=\"Erstellung von neuen Sicherheitsdatenbl\u00e4ttern\" checked=\"checked\" \/><span class=\"wpcf7-list-item-label\">Erstellung von neuen Sicherheitsdatenbl\u00e4ttern<\/span><\/span><span class=\"wpcf7-list-item\"><input type=\"radio\" name=\"radio-917\" value=\"Aktualisierung (\u00dcberarbeitung) von Sicherheitsdaterbl\u00e4ttern\" \/><span class=\"wpcf7-list-item-label\">Aktualisierung (\u00dcberarbeitung) von Sicherheitsdaterbl\u00e4ttern<\/span><\/span><span class=\"wpcf7-list-item\"><input type=\"radio\" name=\"radio-917\" value=\"\u00dcbersetzung von Sicherheitsdatenbl\u00e4ttern mit Anpassung\" \/><span class=\"wpcf7-list-item-label\">\u00dcbersetzung von Sicherheitsdatenbl\u00e4ttern mit Anpassung<\/span><\/span><span class=\"wpcf7-list-item last\"><input type=\"radio\" name=\"radio-917\" value=\"\u00dcbersetzung von Sicherheitsdatenbl\u00e4ttern ohne Anpassung\" \/><span class=\"wpcf7-list-item-label\">\u00dcbersetzung von Sicherheitsdatenbl\u00e4ttern ohne Anpassung<\/span><\/span><\/span><\/span>\n\t\t\t<\/p>\n\t\t<\/div>\n\t<\/div>\n\t<div class=\"row contact_row policy_row\">\n\t\t<div class=\"col-sm-10 col-sm-offset-1\">\n\t\t\t<p><span class=\"wpcf7-form-control-wrap\" data-name=\"policy\"><span class=\"wpcf7-form-control wpcf7-acceptance\"><span class=\"wpcf7-list-item\"><label><input type=\"checkbox\" name=\"policy\" value=\"1\" aria-invalid=\"false\" \/><span class=\"wpcf7-list-item-label\">Ich stimme der <a href=\"http:\/\/www.msds-europe.com\/privacy-policy\/\" target=\"_blank\" title=\"Datenschutzerkl\u00e4rung\">Datenschutzerkl\u00e4rung<\/a>.<\/span><\/label><\/span><\/span><\/span>\n\t\t\t<\/p>\n\t\t<\/div>\n\t<\/div>\n\t<div class=\"row contact_row\">\n\t\t<div class=\"col-sm-10 col-sm-offset-1 text-right\">\n\t\t\t<p><input class=\"wpcf7-form-control wpcf7-submit has-spinner\" type=\"submit\" value=\"Senden\" \/>\n\t\t\t<\/p>\n\t\t<\/div>\n\t<\/div>\n<\/div><div class=\"wpcf7-response-output\" aria-hidden=\"true\"><\/div>\n<\/form>\n<\/div>\n\n","protected":false},"excerpt":{"rendered":"<p>Online Angebotsanfrage f\u00fcr sicherheitsdatenblattbezogene Dienstleistungen. Schriftliches Angebot innerhalb von 24 Stunden.<\/p>\n","protected":false},"author":2,"featured_media":0,"parent":0,"menu_order":0,"comment_status":"closed","ping_status":"closed","template":"","meta":{"_acf_changed":false,"footnotes":""},"class_list":["post-4628","page","type-page","status-publish","hentry"],"acf":[],"yoast_head":"<!-- This site is optimized with the Yoast SEO plugin v27.2 - https:\/\/yoast.com\/product\/yoast-seo-wordpress\/ -->\n<title>Online Angebotsanfrage f\u00fcr sicherheitsdatenblattbezogene Dienstleistungen<\/title>\n<meta name=\"description\" content=\"Online Angebotsanfrage f\u00fcr sicherheitsdatenblattbezogene Dienstleistungen. Schriftliches Angebot innerhalb von 24 Stunden. Schnelle und einfache Angebotsanfrage ohne Verpflichtung.\" \/>\n<meta name=\"robots\" content=\"index, follow, max-snippet:-1, max-image-preview:large, max-video-preview:-1\" \/>\n<link rel=\"canonical\" href=\"https:\/\/www.msds-europe.com\/de\/angebotsanfrage-sicherheitsdatenblatt\/\" \/>\n<meta property=\"og:locale\" content=\"de_DE\" \/>\n<meta property=\"og:type\" content=\"article\" \/>\n<meta property=\"og:title\" content=\"Online Angebotsanfrage f\u00fcr sicherheitsdatenblattbezogene Dienstleistungen\" \/>\n<meta property=\"og:description\" content=\"Online Angebotsanfrage f\u00fcr sicherheitsdatenblattbezogene Dienstleistungen. Schriftliches Angebot innerhalb von 24 Stunden. Schnelle und einfache Angebotsanfrage ohne Verpflichtung.\" \/>\n<meta property=\"og:url\" content=\"https:\/\/www.msds-europe.com\/de\/angebotsanfrage-sicherheitsdatenblatt\/\" \/>\n<meta property=\"og:site_name\" content=\"MSDS Europe\" \/>\n<meta property=\"article:publisher\" content=\"https:\/\/www.facebook.com\/toxinfokft\/\" \/>\n<meta property=\"article:modified_time\" content=\"2026-04-21T11:44:16+00:00\" \/>\n<meta name=\"twitter:card\" content=\"summary_large_image\" \/>\n<meta name=\"twitter:site\" content=\"@ToxInfoKft\" \/>\n<meta name=\"twitter:label1\" content=\"Gesch\u00e4tzte Lesezeit\" \/>\n\t<meta name=\"twitter:data1\" content=\"2\u00a0Minuten\" \/>\n<script type=\"application\/ld+json\" class=\"yoast-schema-graph\">{\"@context\":\"https:\/\/schema.org\",\"@graph\":[{\"@type\":\"WebPage\",\"@id\":\"https:\/\/www.msds-europe.com\/de\/angebotsanfrage-sicherheitsdatenblatt\/\",\"url\":\"https:\/\/www.msds-europe.com\/de\/angebotsanfrage-sicherheitsdatenblatt\/\",\"name\":\"Online Angebotsanfrage f\u00fcr sicherheitsdatenblattbezogene Dienstleistungen\",\"isPartOf\":{\"@id\":\"https:\/\/www.msds-europe.com\/es\/#website\"},\"datePublished\":\"2018-06-17T09:18:07+00:00\",\"dateModified\":\"2026-04-21T11:44:16+00:00\",\"description\":\"Online Angebotsanfrage f\u00fcr sicherheitsdatenblattbezogene Dienstleistungen. Schriftliches Angebot innerhalb von 24 Stunden. Schnelle und einfache Angebotsanfrage ohne Verpflichtung.\",\"breadcrumb\":{\"@id\":\"https:\/\/www.msds-europe.com\/de\/angebotsanfrage-sicherheitsdatenblatt\/#breadcrumb\"},\"inLanguage\":\"de\",\"potentialAction\":[{\"@type\":\"ReadAction\",\"target\":[\"https:\/\/www.msds-europe.com\/de\/angebotsanfrage-sicherheitsdatenblatt\/\"]}]},{\"@type\":\"BreadcrumbList\",\"@id\":\"https:\/\/www.msds-europe.com\/de\/angebotsanfrage-sicherheitsdatenblatt\/#breadcrumb\",\"itemListElement\":[{\"@type\":\"ListItem\",\"position\":1,\"name\":\"F\u0151oldal\",\"item\":\"https:\/\/www.msds-europe.com\/de\/\"},{\"@type\":\"ListItem\",\"position\":2,\"name\":\"Online Angebotsanfrage f\u00fcr Sicherheitsdatenblatt Dienstleistungen\"}]},{\"@type\":\"WebSite\",\"@id\":\"https:\/\/www.msds-europe.com\/es\/#website\",\"url\":\"https:\/\/www.msds-europe.com\/es\/\",\"name\":\"MSDS Europe\",\"description\":\"\",\"publisher\":{\"@id\":\"https:\/\/www.msds-europe.com\/es\/#organization\"},\"potentialAction\":[{\"@type\":\"SearchAction\",\"target\":{\"@type\":\"EntryPoint\",\"urlTemplate\":\"https:\/\/www.msds-europe.com\/es\/?s={search_term_string}\"},\"query-input\":{\"@type\":\"PropertyValueSpecification\",\"valueRequired\":true,\"valueName\":\"search_term_string\"}}],\"inLanguage\":\"de\"},{\"@type\":\"Organization\",\"@id\":\"https:\/\/www.msds-europe.com\/es\/#organization\",\"name\":\"MSDS-Europe International branch of ToxInfo\",\"url\":\"https:\/\/www.msds-europe.com\/es\/\",\"logo\":{\"@type\":\"ImageObject\",\"inLanguage\":\"de\",\"@id\":\"https:\/\/www.msds-europe.com\/es\/#\/schema\/logo\/image\/\",\"url\":\"https:\/\/www.msds-europe.com\/wp-content\/uploads\/2021\/04\/msds-europe-logo.jpg\",\"contentUrl\":\"https:\/\/www.msds-europe.com\/wp-content\/uploads\/2021\/04\/msds-europe-logo.jpg\",\"width\":2296,\"height\":1067,\"caption\":\"MSDS-Europe International branch of ToxInfo\"},\"image\":{\"@id\":\"https:\/\/www.msds-europe.com\/es\/#\/schema\/logo\/image\/\"},\"sameAs\":[\"https:\/\/www.facebook.com\/toxinfokft\/\",\"https:\/\/x.com\/ToxInfoKft\"]}]}<\/script>\n<!-- \/ Yoast SEO plugin. -->","yoast_head_json":{"title":"Online Angebotsanfrage f\u00fcr sicherheitsdatenblattbezogene Dienstleistungen","description":"Online Angebotsanfrage f\u00fcr sicherheitsdatenblattbezogene Dienstleistungen. Schriftliches Angebot innerhalb von 24 Stunden. Schnelle und einfache Angebotsanfrage ohne Verpflichtung.","robots":{"index":"index","follow":"follow","max-snippet":"max-snippet:-1","max-image-preview":"max-image-preview:large","max-video-preview":"max-video-preview:-1"},"canonical":"https:\/\/www.msds-europe.com\/de\/angebotsanfrage-sicherheitsdatenblatt\/","og_locale":"de_DE","og_type":"article","og_title":"Online Angebotsanfrage f\u00fcr sicherheitsdatenblattbezogene Dienstleistungen","og_description":"Online Angebotsanfrage f\u00fcr sicherheitsdatenblattbezogene Dienstleistungen. Schriftliches Angebot innerhalb von 24 Stunden. Schnelle und einfache Angebotsanfrage ohne Verpflichtung.","og_url":"https:\/\/www.msds-europe.com\/de\/angebotsanfrage-sicherheitsdatenblatt\/","og_site_name":"MSDS Europe","article_publisher":"https:\/\/www.facebook.com\/toxinfokft\/","article_modified_time":"2026-04-21T11:44:16+00:00","twitter_card":"summary_large_image","twitter_site":"@ToxInfoKft","twitter_misc":{"Gesch\u00e4tzte Lesezeit":"2\u00a0Minuten"},"schema":{"@context":"https:\/\/schema.org","@graph":[{"@type":"WebPage","@id":"https:\/\/www.msds-europe.com\/de\/angebotsanfrage-sicherheitsdatenblatt\/","url":"https:\/\/www.msds-europe.com\/de\/angebotsanfrage-sicherheitsdatenblatt\/","name":"Online Angebotsanfrage f\u00fcr sicherheitsdatenblattbezogene Dienstleistungen","isPartOf":{"@id":"https:\/\/www.msds-europe.com\/es\/#website"},"datePublished":"2018-06-17T09:18:07+00:00","dateModified":"2026-04-21T11:44:16+00:00","description":"Online Angebotsanfrage f\u00fcr sicherheitsdatenblattbezogene Dienstleistungen. Schriftliches Angebot innerhalb von 24 Stunden. Schnelle und einfache Angebotsanfrage ohne Verpflichtung.","breadcrumb":{"@id":"https:\/\/www.msds-europe.com\/de\/angebotsanfrage-sicherheitsdatenblatt\/#breadcrumb"},"inLanguage":"de","potentialAction":[{"@type":"ReadAction","target":["https:\/\/www.msds-europe.com\/de\/angebotsanfrage-sicherheitsdatenblatt\/"]}]},{"@type":"BreadcrumbList","@id":"https:\/\/www.msds-europe.com\/de\/angebotsanfrage-sicherheitsdatenblatt\/#breadcrumb","itemListElement":[{"@type":"ListItem","position":1,"name":"F\u0151oldal","item":"https:\/\/www.msds-europe.com\/de\/"},{"@type":"ListItem","position":2,"name":"Online Angebotsanfrage f\u00fcr Sicherheitsdatenblatt Dienstleistungen"}]},{"@type":"WebSite","@id":"https:\/\/www.msds-europe.com\/es\/#website","url":"https:\/\/www.msds-europe.com\/es\/","name":"MSDS Europe","description":"","publisher":{"@id":"https:\/\/www.msds-europe.com\/es\/#organization"},"potentialAction":[{"@type":"SearchAction","target":{"@type":"EntryPoint","urlTemplate":"https:\/\/www.msds-europe.com\/es\/?s={search_term_string}"},"query-input":{"@type":"PropertyValueSpecification","valueRequired":true,"valueName":"search_term_string"}}],"inLanguage":"de"},{"@type":"Organization","@id":"https:\/\/www.msds-europe.com\/es\/#organization","name":"MSDS-Europe International branch of ToxInfo","url":"https:\/\/www.msds-europe.com\/es\/","logo":{"@type":"ImageObject","inLanguage":"de","@id":"https:\/\/www.msds-europe.com\/es\/#\/schema\/logo\/image\/","url":"https:\/\/www.msds-europe.com\/wp-content\/uploads\/2021\/04\/msds-europe-logo.jpg","contentUrl":"https:\/\/www.msds-europe.com\/wp-content\/uploads\/2021\/04\/msds-europe-logo.jpg","width":2296,"height":1067,"caption":"MSDS-Europe International branch of ToxInfo"},"image":{"@id":"https:\/\/www.msds-europe.com\/es\/#\/schema\/logo\/image\/"},"sameAs":["https:\/\/www.facebook.com\/toxinfokft\/","https:\/\/x.com\/ToxInfoKft"]}]}},"_links":{"self":[{"href":"https:\/\/www.msds-europe.com\/de\/wp-json\/wp\/v2\/pages\/4628","targetHints":{"allow":["GET"]}}],"collection":[{"href":"https:\/\/www.msds-europe.com\/de\/wp-json\/wp\/v2\/pages"}],"about":[{"href":"https:\/\/www.msds-europe.com\/de\/wp-json\/wp\/v2\/types\/page"}],"author":[{"embeddable":true,"href":"https:\/\/www.msds-europe.com\/de\/wp-json\/wp\/v2\/users\/2"}],"replies":[{"embeddable":true,"href":"https:\/\/www.msds-europe.com\/de\/wp-json\/wp\/v2\/comments?post=4628"}],"version-history":[{"count":14,"href":"https:\/\/www.msds-europe.com\/de\/wp-json\/wp\/v2\/pages\/4628\/revisions"}],"predecessor-version":[{"id":37332,"href":"https:\/\/www.msds-europe.com\/de\/wp-json\/wp\/v2\/pages\/4628\/revisions\/37332"}],"wp:attachment":[{"href":"https:\/\/www.msds-europe.com\/de\/wp-json\/wp\/v2\/media?parent=4628"}],"curies":[{"name":"wp","href":"https:\/\/api.w.org\/{rel}","templated":true}]}}