{"id":4512,"date":"2018-06-14T12:05:20","date_gmt":"2018-06-14T12:05:20","guid":{"rendered":"http:\/\/www.msds-europe.com\/erstellung-von-etikettenentwurfen\/"},"modified":"2026-03-04T12:58:25","modified_gmt":"2026-03-04T12:58:25","slug":"erstellung-von-etikettenentwuerfen","status":"publish","type":"page","link":"https:\/\/www.msds-europe.com\/de\/erstellung-von-etikettenentwuerfen\/","title":{"rendered":"Erstellung von Etikettenentw\u00fcrfen"},"content":{"rendered":"<p style=\"text-align: right;\"><em><a href=\"http:\/\/www.msds-europe.com\/de\/\">MSDS-Europe<\/a>\u00a0\u2013 <strong>\u00dcbersetzung des CLP-Etikettenentwurfs<\/strong>, Erstellung von Etikettenentw\u00fcrfen<\/em><\/p>\n<p>&nbsp;<\/p>\n<p style=\"text-align: justify;\">Bei Produkten, die nach dem 1. Juni 2015 in Verkehr gebracht werden, sollte die Kennzeichnung gem\u00e4\u00df der Verordnung (EG) Nr. <a href=\"https:\/\/www.msds-europe.com\/de\/rechtsanderungsverfolger\/#verordnung-1272-2008\">1272\/2008<\/a> (CLP) unter Ber\u00fccksichtigung sonstiger spezieller Anforderungen erfolgen.<\/p>\n<p>&nbsp;<\/p>\n<h3 style=\"text-align: justify;\"><span style=\"color: #333333;\">Der Lieferant des Produkts hat eine Kennzeichnungspflicht<\/span><\/h3>\n<ul>\n<li style=\"text-align: justify;\">wenn der Stoff oder das Gemisch gem\u00e4\u00df der CLP-Verordnung als gef\u00e4hrlich eingestuft ist<\/li>\n<li style=\"text-align: justify;\">wenn es sich um einen explosiven Gegenstand handelt<\/li>\n<li style=\"text-align: justify;\">wenn es sich um ein ungef\u00e4hrliches Gemisch handelt, das einen oder mehrere Stoffe enth\u00e4lt, die oberhalb der in Anhang II Teil 2 der CLP-Verordnung genannten Konzentrationen als gef\u00e4hrlich eingestuft sind.<\/li>\n<\/ul>\n<p style=\"text-align: justify;\">Im Falle einer <a href=\"https:\/\/www.msds-europe.com\/de\/digitales-etikett-clp-qr-code\/\">Kennzeichnungspflicht<\/a> erstellen wir den Etikettenentwurf f\u00fcr das Produkt gem\u00e4\u00df der <strong><a href=\"https:\/\/www.msds-europe.com\/de\/rechtsanderungsverfolger\/\">Verordnung<\/a> (EG) Nr. 1272\/2008 (CLP)<\/strong>.<\/p>\n<p>&nbsp;<\/p>\n<h2 style=\"text-align: justify;\">Unsere Dienstleistung \u201eErstellung von Etikettenentw\u00fcrfen\u201c besteht aus:<\/h2>\n<p style=\"text-align: justify;\"><a href=\"https:\/\/www.msds-europe.com\/de\/clp-online-werbung-2028\/\">Bestimmung der Kennzeichnungselemente<\/a> auf der Grundlage der einschl\u00e4gigen Vorschriften und des Sicherheitsdatenblatts des Kunden, in \u00dcbereinstimmung mit den Chemikaliensicherheitsvorschriften.<\/p>\n<p>&nbsp;<\/p>\n<h3 style=\"text-align: justify;\">Dokumente und Daten, die f\u00fcr die Erstellung des Etikettenentwurfs ben\u00f6tigt werden<\/h3>\n<p style=\"text-align: justify;\">Die Bestimmung der Kennzeichnungselemente basiert auf dem Sicherheitsdatenblatt, unter <a href=\"https:\/\/www.msds-europe.com\/de\/2026-chemikalien-compliance-kalender\/\">Ber\u00fccksichtigung der einschl\u00e4gigen Vorschriften<\/a>.<br \/>\nWir k\u00f6nnen unseren Kunden auch bei der \u00dcberarbeitung oder <a href=\"https:\/\/www.msds-europe.com\/de\/zusammenstellung-erstellung-von-sicherheitsdatenblaettern\/\">Erstellung des Sicherheitsdatenblatts<\/a> helfen, das f\u00fcr die Erstellung des Etikettenentwurfs unerl\u00e4sslich ist.<\/p>\n<p>&nbsp;<\/p>\n<h2 style=\"text-align: justify;\">\u00dcbersetzung des CLP-Etikettenentwurfs in alle EU-Sprachen<\/h2>\n<p style=\"text-align: justify;\">Wir \u00fcbersetzen Etikettenentw\u00fcrfe <strong>in die folgenden Sprachen<\/strong>:<\/p>\n<p style=\"text-align: justify;\"><strong><em>Englisch, Bulgarisch, Tschechisch, D\u00e4nisch, Estnisch, Finnisch, Franz\u00f6sisch, Griechisch, Niederl\u00e4ndisch, Kroatisch, Polnisch, Lettisch, Litauisch, Ungarisch, Deutsch, Italienisch, Portugiesisch, Rum\u00e4nisch, Spanisch, Schwedisch, Slowakisch, Slowenisch.<\/em><\/strong><\/p>\n<p>&nbsp;<\/p>\n<h3 style=\"text-align: justify;\">Qualit\u00e4tssicherung bei der Erstellung des Etikettenentwurfs<\/h3>\n<p style=\"text-align: justify;\">Bei der Erstellung des Etikettenentwurfs \u00fcberpr\u00fcfen unsere Spezialisten auch das Sicherheitsdatenblatt, das als Grundlage f\u00fcr die Erstellung des Etikettenentwurfs verwendet wird, <a href=\"https:\/\/www.msds-europe.com\/de\/clp-2026-1-mai-neue-gefahrenklassen-gemische-sds-kennzeichnung\/\">unter besonderer Ber\u00fccksichtigung der Gefahreneinstufung<\/a> und der H- und P-S\u00e4tze <em>(<a href=\"https:\/\/www.msds-europe.com\/de\/h-satze\/\">Gefahrenhinweise<\/a> und <a href=\"https:\/\/www.msds-europe.com\/de\/p-satze\/\">Sicherheitshinweise<\/a>)<\/em>.<\/p>\n<p style=\"text-align: justify;\">Die \u00dcberpr\u00fcfung der Quelldokumente und der erhaltenen Daten gew\u00e4hrleistet die Richtigkeit der Etikettenentw\u00fcrfe, die als Ergebnis unserer Dienstleistung zur Verf\u00fcgung gestellt werden.<\/p>\n<p style=\"text-align: right;\"><em>FAQ \u2013 <a href=\"https:\/\/www.msds-europe.com\/de\/faq\/\">Fragen im Zusammenhang mit dem Bestell- und Lieferprozess<\/a><\/em><\/p>\n<h3 style=\"text-align: justify;\">Kundenfreundliche Dienstleistungen<\/h3>\n<p style=\"text-align: justify;\">Wir beantworten Anfragen per E-Mail innerhalb von 24 Stunden.<br \/>\nAls Anhang zu unserem Angebot senden wir Ihnen auch unser Bestellformular, um den Bestellprozess zu vereinfachen.<\/p>\n<p style=\"text-align: justify;\">Wenn Sie bereits ein Sicherheitsdatenblatt haben, das den geltenden Vorschriften entspricht, senden Sie uns dieses bitte zusammen mit dem ausgef\u00fcllten Bestellformular.<\/p>\n<p style=\"text-align: justify;\">Bei der Bestellung von Sicherheitsdatenblatt-Dienstleistungen k\u00f6nnen Sie auch einen Etikettenentwurf als Zusatzleistung anfordern, der zusammen mit dem Sicherheitsdatenblatt erstellt wird.<br \/>\nIn diesem Fall ist die Bearbeitungszeit wesentlich k\u00fcrzer, da Sie das urspr\u00fcngliche Sicherheitsdatenblatt nicht erneut senden m\u00fcssen, und wir stellen Ihnen den Etikettenentwurf gleichzeitig mit dem Sicherheitsdatenblatt als Komplettservice zur Verf\u00fcgung.<\/p>\n<p style=\"text-align: right;\"><a href=\"https:\/\/www.msds-europe.com\/de\/kundendienst\/\" class=\"su-button su-button-style-default\" style=\"color:#060606;background-color:#ffffff;border-color:#cccccc;border-radius:5px\" target=\"_self\"><span style=\"color:#060606;padding:0px 16px;font-size:13px;line-height:26px;border-color:#ffffff;border-radius:5px;text-shadow:none\"> Kundenservice<\/span><\/a>\n<h3 style=\"text-align: justify;\">Garantie<\/h3>\n<p style=\"text-align: justify;\">Wir \u00fcbernehmen die volle fachliche und finanzielle Verantwortung f\u00fcr den von uns erstellten Etikettenentwurf. Unsere finanzielle Garantie umfasst den Ersatz aller direkten und indirekten Sch\u00e4den. Unser Kundenservice wird Ihre Beschwerden innerhalb von 24 Stunden bearbeiten.<\/p>\n<p>&nbsp;<\/p>\n<h3 style=\"text-align: justify;\">Professionelle Unterst\u00fctzung nach Erbringung der Dienstleistung<\/h3>\n<p style=\"text-align: justify;\">Unsere Kundenservice-Experten unterst\u00fctzen Sie auch bei der Interpretation und Verwendung des erstellten Etikettenentwurfs und k\u00f6nnen Ihnen bei anderen relevanten Aufgaben im Zusammenhang mit der Chemikaliensicherheit helfen.<\/p>\n<p style=\"text-align: right;\"><a href=\"https:\/\/www.msds-europe.com\/de\/msds-europe-kundenbetreuungsprogramm\/\"><em>Kundenservice-Programm \u2013 gemeinsam f\u00fcr die Chemikaliensicherheit<\/em><\/a><\/p>\n<p>&nbsp;<\/p>\n<h4 style=\"text-align: justify;\"><span style=\"color: #333333;\">Dienstleistungen im Zusammenhang mit unserem Service \u201eErstellung des Etikettenentwurfs\u201c<\/span><\/h4>\n<ul>\n<li style=\"text-align: justify;\">Dienstleistungen zur <a href=\"https:\/\/www.msds-europe.com\/de\/sicherheitsdatenblatt-uebersetzung\/\">\u00dcbersetzung von Sicherheitsdatenbl\u00e4ttern<\/a>. \u00dcbersetzung in alle Amtssprachen der EU.<\/li>\n<li style=\"text-align: justify;\">Sicherheitsdatenblatt-<a href=\"https:\/\/www.msds-europe.com\/de\/sds-aktualisierung-ueberarbeitung\/\">\u00dcberpr\u00fcfungs- und Aktualisierungsservice<\/a>, um sicherzustellen, dass Sicherheitsdatenbl\u00e4tter den aktuellen Vorschriften entsprechen.<\/li>\n<li style=\"text-align: justify;\"><a href=\"https:\/\/www.msds-europe.com\/de\/sicherheitsdatenblatt-bezogenes-express-service\/\">Express-Service<\/a>: \u00dcbersetzung oder Aktualisierung des Sicherheitsdatenblatts und Erstellung des Etikettenentwurfs innerhalb von 24 oder 72 Stunden.<\/li>\n<li style=\"text-align: justify;\">Inhalt unserer Dienstleistung \u201e<a href=\"https:\/\/www.msds-europe.com\/de\/zusammenstellung-erstellung-von-sicherheitsdatenblaettern\/\">Erstellung neuer Sicherheitsdatenbl\u00e4tter<\/a>\u201c: Die Erstellung eines Sicherheitsdatenblatts kann bei der Herstellung von Gemischen oder im Falle von Importaktivit\u00e4ten erforderlich sein.<\/li>\n<\/ul>\n<p>&nbsp;<\/p>\n<h4 style=\"text-align: justify;\"><span style=\"color: #333333;\">N\u00fctzliches professionelles Hintergrundmaterial im Zusammenhang mit unserem Service \u201eErstellung des Etikettenentwurfs\u201c<\/span><\/h4>\n<ul>\n<li style=\"text-align: justify;\">N\u00fctzliches Hintergrundmaterial f\u00fcr die <a href=\"https:\/\/www.msds-europe.com\/de\/clp-kennzeichnung-in-der-praxis\/\">praktische Umsetzung der Kennzeichnungspflicht gem\u00e4\u00df der CLP-Verordnung.<\/a><\/li>\n<li style=\"text-align: justify;\">Die <a href=\"https:\/\/www.msds-europe.com\/de\/inhalt-und-formatelemente-eines-sicherheitsdatenblattes\/\">Inhalts- und Formatelemente eines Sicherheitsdatenblatts<\/a> sind derzeit in der Verordnung (EU) 2020\/878 geregelt.<\/li>\n<\/ul>\n<p>::contentReference[oaicite:0]{index=0}<\/p>\n","protected":false},"excerpt":{"rendered":"<p>Erstellung eines CLP-Etikettenentwurfs f\u00fcr chemische Stoffe und Gemische. \u00dcbersetzung des Etikettenentwurfs in alle EU-Sprachen.<\/p>\n","protected":false},"author":2,"featured_media":0,"parent":0,"menu_order":0,"comment_status":"closed","ping_status":"closed","template":"","meta":{"_acf_changed":false,"footnotes":""},"tags":[301,247,248],"class_list":["post-4512","page","type-page","status-publish","hentry","tag-clp-kennzeichnung","tag-sicherheitsdatenblatt","tag-sicherheitsdatenblatt-dienstleistung"],"acf":[],"yoast_head":"<!-- This site is optimized with the Yoast SEO plugin v27.2 - https:\/\/yoast.com\/product\/yoast-seo-wordpress\/ -->\n<title>\u00dcbersetzung des CLP-Etikettenentwurfs in alle EU-Sprachen<\/title>\n<meta name=\"description\" content=\"Erstellung eines Etikettentwurfs gem\u00e4\u00df Verordnung 1272\/2008\/EG. \u00dcbersetzung des Etikettenentwurfs in allen EU-Sprachen.\" \/>\n<meta name=\"robots\" content=\"index, follow, max-snippet:-1, max-image-preview:large, max-video-preview:-1\" \/>\n<link rel=\"canonical\" href=\"https:\/\/www.msds-europe.com\/de\/erstellung-von-etikettenentwuerfen\/\" \/>\n<meta property=\"og:locale\" content=\"de_DE\" \/>\n<meta property=\"og:type\" content=\"article\" \/>\n<meta property=\"og:title\" content=\"\u00dcbersetzung des CLP-Etikettenentwurfs in alle EU-Sprachen\" \/>\n<meta property=\"og:description\" content=\"Erstellung eines Etikettentwurfs gem\u00e4\u00df Verordnung 1272\/2008\/EG. \u00dcbersetzung des Etikettenentwurfs in allen EU-Sprachen.\" \/>\n<meta property=\"og:url\" content=\"https:\/\/www.msds-europe.com\/de\/erstellung-von-etikettenentwuerfen\/\" \/>\n<meta property=\"og:site_name\" content=\"MSDS Europe\" \/>\n<meta property=\"article:publisher\" content=\"https:\/\/www.facebook.com\/toxinfokft\/\" \/>\n<meta property=\"article:modified_time\" content=\"2026-03-04T12:58:25+00:00\" \/>\n<meta name=\"twitter:card\" content=\"summary_large_image\" \/>\n<meta name=\"twitter:site\" content=\"@ToxInfoKft\" \/>\n<meta name=\"twitter:label1\" content=\"Gesch\u00e4tzte Lesezeit\" \/>\n\t<meta name=\"twitter:data1\" content=\"3\u00a0Minuten\" \/>\n<script type=\"application\/ld+json\" class=\"yoast-schema-graph\">{\"@context\":\"https:\/\/schema.org\",\"@graph\":[{\"@type\":\"WebPage\",\"@id\":\"https:\/\/www.msds-europe.com\/de\/erstellung-von-etikettenentwuerfen\/\",\"url\":\"https:\/\/www.msds-europe.com\/de\/erstellung-von-etikettenentwuerfen\/\",\"name\":\"\u00dcbersetzung des CLP-Etikettenentwurfs in alle EU-Sprachen\",\"isPartOf\":{\"@id\":\"https:\/\/www.msds-europe.com\/es\/#website\"},\"datePublished\":\"2018-06-14T12:05:20+00:00\",\"dateModified\":\"2026-03-04T12:58:25+00:00\",\"description\":\"Erstellung eines Etikettentwurfs gem\u00e4\u00df Verordnung 1272\/2008\/EG. \u00dcbersetzung des Etikettenentwurfs in allen EU-Sprachen.\",\"breadcrumb\":{\"@id\":\"https:\/\/www.msds-europe.com\/de\/erstellung-von-etikettenentwuerfen\/#breadcrumb\"},\"inLanguage\":\"de\",\"potentialAction\":[{\"@type\":\"ReadAction\",\"target\":[\"https:\/\/www.msds-europe.com\/de\/erstellung-von-etikettenentwuerfen\/\"]}]},{\"@type\":\"BreadcrumbList\",\"@id\":\"https:\/\/www.msds-europe.com\/de\/erstellung-von-etikettenentwuerfen\/#breadcrumb\",\"itemListElement\":[{\"@type\":\"ListItem\",\"position\":1,\"name\":\"F\u0151oldal\",\"item\":\"https:\/\/www.msds-europe.com\/de\/\"},{\"@type\":\"ListItem\",\"position\":2,\"name\":\"Erstellung von Etikettenentw\u00fcrfen\"}]},{\"@type\":\"WebSite\",\"@id\":\"https:\/\/www.msds-europe.com\/es\/#website\",\"url\":\"https:\/\/www.msds-europe.com\/es\/\",\"name\":\"MSDS Europe\",\"description\":\"\",\"publisher\":{\"@id\":\"https:\/\/www.msds-europe.com\/es\/#organization\"},\"potentialAction\":[{\"@type\":\"SearchAction\",\"target\":{\"@type\":\"EntryPoint\",\"urlTemplate\":\"https:\/\/www.msds-europe.com\/es\/?s={search_term_string}\"},\"query-input\":{\"@type\":\"PropertyValueSpecification\",\"valueRequired\":true,\"valueName\":\"search_term_string\"}}],\"inLanguage\":\"de\"},{\"@type\":\"Organization\",\"@id\":\"https:\/\/www.msds-europe.com\/es\/#organization\",\"name\":\"MSDS-Europe International branch of ToxInfo\",\"url\":\"https:\/\/www.msds-europe.com\/es\/\",\"logo\":{\"@type\":\"ImageObject\",\"inLanguage\":\"de\",\"@id\":\"https:\/\/www.msds-europe.com\/es\/#\/schema\/logo\/image\/\",\"url\":\"https:\/\/www.msds-europe.com\/wp-content\/uploads\/2021\/04\/msds-europe-logo.jpg\",\"contentUrl\":\"https:\/\/www.msds-europe.com\/wp-content\/uploads\/2021\/04\/msds-europe-logo.jpg\",\"width\":2296,\"height\":1067,\"caption\":\"MSDS-Europe International branch of ToxInfo\"},\"image\":{\"@id\":\"https:\/\/www.msds-europe.com\/es\/#\/schema\/logo\/image\/\"},\"sameAs\":[\"https:\/\/www.facebook.com\/toxinfokft\/\",\"https:\/\/x.com\/ToxInfoKft\"]}]}<\/script>\n<!-- \/ Yoast SEO plugin. -->","yoast_head_json":{"title":"\u00dcbersetzung des CLP-Etikettenentwurfs in alle EU-Sprachen","description":"Erstellung eines Etikettentwurfs gem\u00e4\u00df Verordnung 1272\/2008\/EG. \u00dcbersetzung des Etikettenentwurfs in allen EU-Sprachen.","robots":{"index":"index","follow":"follow","max-snippet":"max-snippet:-1","max-image-preview":"max-image-preview:large","max-video-preview":"max-video-preview:-1"},"canonical":"https:\/\/www.msds-europe.com\/de\/erstellung-von-etikettenentwuerfen\/","og_locale":"de_DE","og_type":"article","og_title":"\u00dcbersetzung des CLP-Etikettenentwurfs in alle EU-Sprachen","og_description":"Erstellung eines Etikettentwurfs gem\u00e4\u00df Verordnung 1272\/2008\/EG. \u00dcbersetzung des Etikettenentwurfs in allen EU-Sprachen.","og_url":"https:\/\/www.msds-europe.com\/de\/erstellung-von-etikettenentwuerfen\/","og_site_name":"MSDS Europe","article_publisher":"https:\/\/www.facebook.com\/toxinfokft\/","article_modified_time":"2026-03-04T12:58:25+00:00","twitter_card":"summary_large_image","twitter_site":"@ToxInfoKft","twitter_misc":{"Gesch\u00e4tzte Lesezeit":"3\u00a0Minuten"},"schema":{"@context":"https:\/\/schema.org","@graph":[{"@type":"WebPage","@id":"https:\/\/www.msds-europe.com\/de\/erstellung-von-etikettenentwuerfen\/","url":"https:\/\/www.msds-europe.com\/de\/erstellung-von-etikettenentwuerfen\/","name":"\u00dcbersetzung des CLP-Etikettenentwurfs in alle EU-Sprachen","isPartOf":{"@id":"https:\/\/www.msds-europe.com\/es\/#website"},"datePublished":"2018-06-14T12:05:20+00:00","dateModified":"2026-03-04T12:58:25+00:00","description":"Erstellung eines Etikettentwurfs gem\u00e4\u00df Verordnung 1272\/2008\/EG. \u00dcbersetzung des Etikettenentwurfs in allen EU-Sprachen.","breadcrumb":{"@id":"https:\/\/www.msds-europe.com\/de\/erstellung-von-etikettenentwuerfen\/#breadcrumb"},"inLanguage":"de","potentialAction":[{"@type":"ReadAction","target":["https:\/\/www.msds-europe.com\/de\/erstellung-von-etikettenentwuerfen\/"]}]},{"@type":"BreadcrumbList","@id":"https:\/\/www.msds-europe.com\/de\/erstellung-von-etikettenentwuerfen\/#breadcrumb","itemListElement":[{"@type":"ListItem","position":1,"name":"F\u0151oldal","item":"https:\/\/www.msds-europe.com\/de\/"},{"@type":"ListItem","position":2,"name":"Erstellung von Etikettenentw\u00fcrfen"}]},{"@type":"WebSite","@id":"https:\/\/www.msds-europe.com\/es\/#website","url":"https:\/\/www.msds-europe.com\/es\/","name":"MSDS Europe","description":"","publisher":{"@id":"https:\/\/www.msds-europe.com\/es\/#organization"},"potentialAction":[{"@type":"SearchAction","target":{"@type":"EntryPoint","urlTemplate":"https:\/\/www.msds-europe.com\/es\/?s={search_term_string}"},"query-input":{"@type":"PropertyValueSpecification","valueRequired":true,"valueName":"search_term_string"}}],"inLanguage":"de"},{"@type":"Organization","@id":"https:\/\/www.msds-europe.com\/es\/#organization","name":"MSDS-Europe International branch of ToxInfo","url":"https:\/\/www.msds-europe.com\/es\/","logo":{"@type":"ImageObject","inLanguage":"de","@id":"https:\/\/www.msds-europe.com\/es\/#\/schema\/logo\/image\/","url":"https:\/\/www.msds-europe.com\/wp-content\/uploads\/2021\/04\/msds-europe-logo.jpg","contentUrl":"https:\/\/www.msds-europe.com\/wp-content\/uploads\/2021\/04\/msds-europe-logo.jpg","width":2296,"height":1067,"caption":"MSDS-Europe International branch of ToxInfo"},"image":{"@id":"https:\/\/www.msds-europe.com\/es\/#\/schema\/logo\/image\/"},"sameAs":["https:\/\/www.facebook.com\/toxinfokft\/","https:\/\/x.com\/ToxInfoKft"]}]}},"_links":{"self":[{"href":"https:\/\/www.msds-europe.com\/de\/wp-json\/wp\/v2\/pages\/4512","targetHints":{"allow":["GET"]}}],"collection":[{"href":"https:\/\/www.msds-europe.com\/de\/wp-json\/wp\/v2\/pages"}],"about":[{"href":"https:\/\/www.msds-europe.com\/de\/wp-json\/wp\/v2\/types\/page"}],"author":[{"embeddable":true,"href":"https:\/\/www.msds-europe.com\/de\/wp-json\/wp\/v2\/users\/2"}],"replies":[{"embeddable":true,"href":"https:\/\/www.msds-europe.com\/de\/wp-json\/wp\/v2\/comments?post=4512"}],"version-history":[{"count":21,"href":"https:\/\/www.msds-europe.com\/de\/wp-json\/wp\/v2\/pages\/4512\/revisions"}],"predecessor-version":[{"id":38114,"href":"https:\/\/www.msds-europe.com\/de\/wp-json\/wp\/v2\/pages\/4512\/revisions\/38114"}],"wp:attachment":[{"href":"https:\/\/www.msds-europe.com\/de\/wp-json\/wp\/v2\/media?parent=4512"}],"wp:term":[{"taxonomy":"post_tag","embeddable":true,"href":"https:\/\/www.msds-europe.com\/de\/wp-json\/wp\/v2\/tags?post=4512"}],"curies":[{"name":"wp","href":"https:\/\/api.w.org\/{rel}","templated":true}]}}