{"id":4505,"date":"2018-06-14T11:57:59","date_gmt":"2018-06-14T11:57:59","guid":{"rendered":"http:\/\/www.msds-europe.com\/kosmetische-produkte-eine-sammlung-nutzlicher-informationen\/"},"modified":"2020-03-09T09:44:06","modified_gmt":"2020-03-09T09:44:06","slug":"kosmetische-produkte","status":"publish","type":"page","link":"https:\/\/www.msds-europe.com\/de\/kosmetische-produkte\/","title":{"rendered":"Kosmetische Produkte &#8211; eine Sammlung n\u00fctzlicher Informationen"},"content":{"rendered":"<p style=\"text-align: right;\"><em><a href=\"https:\/\/www.msds-europe.com\/de\/\">MSDS-Europe<\/a> \u2013\u00a0 Wissensbasis f\u00fcr kosmetische Produkte<\/em><\/p>\n<p style=\"text-align: justify;\">N\u00fctzliche Hintergrundsdaten und Information bez\u00fcglich der Anforderungen, Kosmetika in den Markt zu bringen und \u00fcber das Genehmigungsverfahren.<\/p>\n<p>&nbsp;<\/p>\n<h2 style=\"text-align: justify;\">Das Ziel der Wissensbasis f\u00fcr kosmetische Produkte<\/h2>\n<p style=\"text-align: justify;\">Durch die Einrichtung dieser Wissensbasis m\u00f6chten wir Unternehmen die kosmetische Produkte herstellen\/vertreiben in ihrer Arbeit unterst\u00fctzen.<br \/>\nIn der kosmetischen Wissensbasis ver\u00f6ffentlichen wir haupts\u00e4chlich Artikel die nicht mit einer bestimmten Aufgabe oder gesetzlichen Bestimmung verbunden sind, die aber trotzdem wichtige Information enthalten k\u00f6nnen.<\/p>\n<p style=\"text-align: justify;\"><strong>Achtung!<\/strong><br \/>\nBei der Bestimmung der Aufgaben im Zusammenhang mit einem kosmetischen Produkt m\u00fcssen immer alle besonderen Eigenschaften des Produktes und dessen Anwendung betrachtet werden.<br \/>\nMa\u00dfgebend ist nur\u00a0 der Text der jeweiligen rechtlichen Bestimmung, die auf unserer Webseite ver\u00f6ffentlichten Artikel sind nur zu Informationszwecken.<\/p>\n<p style=\"text-align: justify;\">Lesen Sie die neuesten Bestimmungen unter &#8222;<a href=\"https:\/\/www.msds-europe.com\/de\/rechtsanderungsverfolger\/\">Vorschriften zur Chemikaliensicherheit<\/a>&#8222;.<\/p>\n<p>&nbsp;<\/p>\n<p><strong>Andere hilfreiche Artikel<\/strong><\/p>\n<p><a href=\"https:\/\/www.msds-europe.com\/de\/kompass-zur-chemischen-sicherheit\/\"><img decoding=\"async\" class=\"alignnone size-medium wp-image-20488 alignright\" src=\"https:\/\/www.msds-europe.com\/wp-content\/uploads\/2020\/03\/Kompass-zur-chemischen-Sicherheit-300x180.jpg\" alt=\"\" width=\"300\" height=\"180\" srcset=\"https:\/\/www.msds-europe.com\/wp-content\/uploads\/2020\/03\/Kompass-zur-chemischen-Sicherheit-300x180.jpg 300w, https:\/\/www.msds-europe.com\/wp-content\/uploads\/2020\/03\/Kompass-zur-chemischen-Sicherheit.jpg 409w\" sizes=\"(max-width: 300px) 100vw, 300px\" \/><\/a><\/p>\n<h2 style=\"text-align: justify;\">Kompass zur chemischen Sicherheit<\/h2>\n<p><strong>\u00dcber die chemische Sicherheit auf verst\u00e4ndliche Weise.<\/strong><\/p>\n<p style=\"text-align: justify;\">In unserer neuen Kolumne k\u00f6nnen Sie \u00fcber die Vorschriften zur chemischen Sicherheit hilfreichen Inhalten finden, um Ihre Verpflichtungen zu verstehen und sich darauf vorzubereiten.<\/p>\n<p><a href=\"https:\/\/www.msds-europe.com\/de\/kompass-zur-chemischen-sicherheit\/\"><em>Die richtige Richtung in chemische Sicherheit\u2026<\/em><\/a><\/p>\n<p>&nbsp;<\/p>\n<h3 style=\"text-align: justify;\">Die neuesten Artikel der Wissensbasis f\u00fcr kosmetische Produkte<\/h3>\n<ul>\n<li style=\"text-align: justify;\"><a href=\"https:\/\/www.msds-europe.com\/de\/pflichten-handler-kosmetischen-produkten\/\">Pflichten der Vertreiber von kosmetischen Produkten<\/a><\/li>\n<li style=\"text-align: justify;\"><a href=\"https:\/\/www.msds-europe.com\/de\/pflichten-als-verantwortlicher-person-bezueglich-der-kosmetischen-produkte\/\">Pflichten der verantwortlichen Person<\/a><\/li>\n<\/ul>\n<p>&nbsp;<\/p>\n<h4 style=\"text-align: justify;\"><span style=\"color: #333333;\">Kostenlose Online-Beratung<\/span><\/h4>\n<p style=\"text-align: justify;\">Sollten Sie die ben\u00f6tigte Information auf unserem Webplatz nicht gefunden haben, stellen Sie einfach Ihre Fragen zur chemischen Sicherheit direkt an unseren Experten.<\/p>\n<p style=\"text-align: justify;\">Um Fragen zu schicken, verwenden Sie bitte nachstehende Mitteilungsapplikation:<br \/>\n<a href=\"https:\/\/www.msds-europe.com\/de\/online-beratung\/\">Kostenlose Online-Beratung<\/a><\/p>\n<p>&nbsp;<\/p>\n<h3 style=\"text-align: justify;\">Wenn Sie Hilfe ben\u00f6tigen<\/h3>\n<p style=\"text-align: justify;\">Unser <a href=\"https:\/\/www.msds-europe.com\/de\/kundendienst\/\">Kundendienst<\/a> hilft Ihnen bei der Wahl des richtigen Dienstes<\/p>\n<p>&nbsp;<\/p>\n<h3 style=\"text-align: justify;\"><span style=\"color: #333333;\">Unsere Dienstleistungen<\/span><\/h3>\n<ul>\n<li>Service f\u00fcr die <a href=\"https:\/\/www.msds-europe.com\/de\/cpnp-notifizierung-service\/\">Notifizierung von Kosmetikprodukten an das CPNP<\/a>-Portal<\/li>\n<li><a href=\"https:\/\/www.msds-europe.com\/de\/erstellung-von-sicherheitsbewertung-fur-kosmetische-produkte\/\">Erstellung einer Sicherheitsbewertung f\u00fcr kosmetische Mittel<\/a> gem\u00e4\u00df der Verordnung (EG) Nr. 1223\/2009<\/li>\n<li style=\"text-align: justify;\"><a href=\"https:\/\/www.msds-europe.com\/de\/erstellung-ubersetzung-von-etikettenentwurfe-fur-kosmetische-produkte\/\">Erstellung, \u00dcbersetzung von Etikettenentw\u00fcrfe f\u00fcr kosmetische<\/a> Produkte gem\u00e4\u00df den einschl\u00e4gigen Vorschriften<\/li>\n<\/ul>\n<p>&nbsp;<\/p>\n<blockquote class=\"wp-embedded-content\" data-secret=\"SoE3Z5FY9F\"><p><a href=\"https:\/\/www.msds-europe.com\/de\/dienstleistungen-kosmetische-produkte\/\">Dienstleistungen im Zusammenhang mit dem Inverkehrbringen von kosmetischen Mitteln<\/a><\/p><\/blockquote>\n<p><iframe class=\"wp-embedded-content\" sandbox=\"allow-scripts\" security=\"restricted\" style=\"position: absolute; visibility: hidden;\" title=\"&#8222;Dienstleistungen im Zusammenhang mit dem Inverkehrbringen von kosmetischen Mitteln&#8220; &#8211; MSDS Europe\" src=\"https:\/\/www.msds-europe.com\/de\/dienstleistungen-kosmetische-produkte\/embed\/#?secret=o68NWTpSTw#?secret=SoE3Z5FY9F\" data-secret=\"SoE3Z5FY9F\" width=\"500\" height=\"282\" frameborder=\"0\" marginwidth=\"0\" marginheight=\"0\" scrolling=\"no\"><\/iframe><\/p>\n<p>&nbsp;<\/p>\n","protected":false},"excerpt":{"rendered":"<p>Eine Sammlung n\u00fctzlicher Hintergrundsmaterialien welche Ihnen helfen soll, die rechtlichen Anforderungen bez\u00fcglich Kosmetika zu verstehen und zu befolgen.<\/p>\n","protected":false},"author":2,"featured_media":0,"parent":0,"menu_order":0,"comment_status":"closed","ping_status":"closed","template":"page-category.php","meta":{"_acf_changed":false,"footnotes":""},"tags":[272,297,298],"class_list":["post-4505","page","type-page","status-publish","hentry","tag-kosmetika-de","tag-kosmetika-wissensbasis","tag-wissensbasis"],"acf":[],"yoast_head":"<!-- This site is optimized with the Yoast SEO plugin v27.2 - https:\/\/yoast.com\/product\/yoast-seo-wordpress\/ -->\n<title>Hintergrundsinformation zur Verteilung kosmetischer Produkte<\/title>\n<meta name=\"description\" content=\"Die Wissensbasis f\u00fcr kosmetische Produkte hilft die rechtlichen Anforderungen bez\u00fcglich Kosmetika zu verstehen und zu befolgen.\" \/>\n<meta name=\"robots\" content=\"index, follow, max-snippet:-1, max-image-preview:large, max-video-preview:-1\" \/>\n<link rel=\"canonical\" href=\"https:\/\/www.msds-europe.com\/de\/kosmetische-produkte\/\" \/>\n<meta property=\"og:locale\" content=\"de_DE\" \/>\n<meta property=\"og:type\" content=\"article\" \/>\n<meta property=\"og:title\" content=\"Hintergrundsinformation zur Verteilung kosmetischer Produkte\" \/>\n<meta property=\"og:description\" content=\"Die Wissensbasis f\u00fcr kosmetische Produkte hilft die rechtlichen Anforderungen bez\u00fcglich Kosmetika zu verstehen und zu befolgen.\" \/>\n<meta property=\"og:url\" content=\"https:\/\/www.msds-europe.com\/de\/kosmetische-produkte\/\" \/>\n<meta property=\"og:site_name\" content=\"MSDS Europe\" \/>\n<meta property=\"article:publisher\" content=\"https:\/\/www.facebook.com\/toxinfokft\/\" \/>\n<meta property=\"article:modified_time\" content=\"2020-03-09T09:44:06+00:00\" \/>\n<meta property=\"og:image\" content=\"https:\/\/www.msds-europe.com\/wp-content\/uploads\/2020\/03\/Kompass-zur-chemischen-Sicherheit-300x180.jpg\" \/>\n<meta name=\"twitter:card\" content=\"summary_large_image\" \/>\n<meta name=\"twitter:site\" content=\"@ToxInfoKft\" \/>\n<meta name=\"twitter:label1\" content=\"Gesch\u00e4tzte Lesezeit\" \/>\n\t<meta name=\"twitter:data1\" content=\"2\u00a0Minuten\" \/>\n<script type=\"application\/ld+json\" class=\"yoast-schema-graph\">{\"@context\":\"https:\/\/schema.org\",\"@graph\":[{\"@type\":\"WebPage\",\"@id\":\"https:\/\/www.msds-europe.com\/de\/kosmetische-produkte\/\",\"url\":\"https:\/\/www.msds-europe.com\/de\/kosmetische-produkte\/\",\"name\":\"Hintergrundsinformation zur Verteilung kosmetischer Produkte\",\"isPartOf\":{\"@id\":\"https:\/\/www.msds-europe.com\/es\/#website\"},\"primaryImageOfPage\":{\"@id\":\"https:\/\/www.msds-europe.com\/de\/kosmetische-produkte\/#primaryimage\"},\"image\":{\"@id\":\"https:\/\/www.msds-europe.com\/de\/kosmetische-produkte\/#primaryimage\"},\"thumbnailUrl\":\"https:\/\/www.msds-europe.com\/wp-content\/uploads\/2020\/03\/Kompass-zur-chemischen-Sicherheit-300x180.jpg\",\"datePublished\":\"2018-06-14T11:57:59+00:00\",\"dateModified\":\"2020-03-09T09:44:06+00:00\",\"description\":\"Die Wissensbasis f\u00fcr kosmetische Produkte hilft die rechtlichen Anforderungen bez\u00fcglich Kosmetika zu verstehen und zu befolgen.\",\"breadcrumb\":{\"@id\":\"https:\/\/www.msds-europe.com\/de\/kosmetische-produkte\/#breadcrumb\"},\"inLanguage\":\"de\",\"potentialAction\":[{\"@type\":\"ReadAction\",\"target\":[\"https:\/\/www.msds-europe.com\/de\/kosmetische-produkte\/\"]}]},{\"@type\":\"ImageObject\",\"inLanguage\":\"de\",\"@id\":\"https:\/\/www.msds-europe.com\/de\/kosmetische-produkte\/#primaryimage\",\"url\":\"https:\/\/www.msds-europe.com\/wp-content\/uploads\/2020\/03\/Kompass-zur-chemischen-Sicherheit-300x180.jpg\",\"contentUrl\":\"https:\/\/www.msds-europe.com\/wp-content\/uploads\/2020\/03\/Kompass-zur-chemischen-Sicherheit-300x180.jpg\"},{\"@type\":\"BreadcrumbList\",\"@id\":\"https:\/\/www.msds-europe.com\/de\/kosmetische-produkte\/#breadcrumb\",\"itemListElement\":[{\"@type\":\"ListItem\",\"position\":1,\"name\":\"F\u0151oldal\",\"item\":\"https:\/\/www.msds-europe.com\/de\/\"},{\"@type\":\"ListItem\",\"position\":2,\"name\":\"Kosmetische Produkte &#8211; eine Sammlung n\u00fctzlicher Informationen\"}]},{\"@type\":\"WebSite\",\"@id\":\"https:\/\/www.msds-europe.com\/es\/#website\",\"url\":\"https:\/\/www.msds-europe.com\/es\/\",\"name\":\"MSDS Europe\",\"description\":\"\",\"publisher\":{\"@id\":\"https:\/\/www.msds-europe.com\/es\/#organization\"},\"potentialAction\":[{\"@type\":\"SearchAction\",\"target\":{\"@type\":\"EntryPoint\",\"urlTemplate\":\"https:\/\/www.msds-europe.com\/es\/?s={search_term_string}\"},\"query-input\":{\"@type\":\"PropertyValueSpecification\",\"valueRequired\":true,\"valueName\":\"search_term_string\"}}],\"inLanguage\":\"de\"},{\"@type\":\"Organization\",\"@id\":\"https:\/\/www.msds-europe.com\/es\/#organization\",\"name\":\"MSDS-Europe International branch of ToxInfo\",\"url\":\"https:\/\/www.msds-europe.com\/es\/\",\"logo\":{\"@type\":\"ImageObject\",\"inLanguage\":\"de\",\"@id\":\"https:\/\/www.msds-europe.com\/es\/#\/schema\/logo\/image\/\",\"url\":\"https:\/\/www.msds-europe.com\/wp-content\/uploads\/2021\/04\/msds-europe-logo.jpg\",\"contentUrl\":\"https:\/\/www.msds-europe.com\/wp-content\/uploads\/2021\/04\/msds-europe-logo.jpg\",\"width\":2296,\"height\":1067,\"caption\":\"MSDS-Europe International branch of ToxInfo\"},\"image\":{\"@id\":\"https:\/\/www.msds-europe.com\/es\/#\/schema\/logo\/image\/\"},\"sameAs\":[\"https:\/\/www.facebook.com\/toxinfokft\/\",\"https:\/\/x.com\/ToxInfoKft\"]}]}<\/script>\n<!-- \/ Yoast SEO plugin. -->","yoast_head_json":{"title":"Hintergrundsinformation zur Verteilung kosmetischer Produkte","description":"Die Wissensbasis f\u00fcr kosmetische Produkte hilft die rechtlichen Anforderungen bez\u00fcglich Kosmetika zu verstehen und zu befolgen.","robots":{"index":"index","follow":"follow","max-snippet":"max-snippet:-1","max-image-preview":"max-image-preview:large","max-video-preview":"max-video-preview:-1"},"canonical":"https:\/\/www.msds-europe.com\/de\/kosmetische-produkte\/","og_locale":"de_DE","og_type":"article","og_title":"Hintergrundsinformation zur Verteilung kosmetischer Produkte","og_description":"Die Wissensbasis f\u00fcr kosmetische Produkte hilft die rechtlichen Anforderungen bez\u00fcglich Kosmetika zu verstehen und zu befolgen.","og_url":"https:\/\/www.msds-europe.com\/de\/kosmetische-produkte\/","og_site_name":"MSDS Europe","article_publisher":"https:\/\/www.facebook.com\/toxinfokft\/","article_modified_time":"2020-03-09T09:44:06+00:00","og_image":[{"url":"https:\/\/www.msds-europe.com\/wp-content\/uploads\/2020\/03\/Kompass-zur-chemischen-Sicherheit-300x180.jpg","type":"","width":"","height":""}],"twitter_card":"summary_large_image","twitter_site":"@ToxInfoKft","twitter_misc":{"Gesch\u00e4tzte Lesezeit":"2\u00a0Minuten"},"schema":{"@context":"https:\/\/schema.org","@graph":[{"@type":"WebPage","@id":"https:\/\/www.msds-europe.com\/de\/kosmetische-produkte\/","url":"https:\/\/www.msds-europe.com\/de\/kosmetische-produkte\/","name":"Hintergrundsinformation zur Verteilung kosmetischer Produkte","isPartOf":{"@id":"https:\/\/www.msds-europe.com\/es\/#website"},"primaryImageOfPage":{"@id":"https:\/\/www.msds-europe.com\/de\/kosmetische-produkte\/#primaryimage"},"image":{"@id":"https:\/\/www.msds-europe.com\/de\/kosmetische-produkte\/#primaryimage"},"thumbnailUrl":"https:\/\/www.msds-europe.com\/wp-content\/uploads\/2020\/03\/Kompass-zur-chemischen-Sicherheit-300x180.jpg","datePublished":"2018-06-14T11:57:59+00:00","dateModified":"2020-03-09T09:44:06+00:00","description":"Die Wissensbasis f\u00fcr kosmetische Produkte hilft die rechtlichen Anforderungen bez\u00fcglich Kosmetika zu verstehen und zu befolgen.","breadcrumb":{"@id":"https:\/\/www.msds-europe.com\/de\/kosmetische-produkte\/#breadcrumb"},"inLanguage":"de","potentialAction":[{"@type":"ReadAction","target":["https:\/\/www.msds-europe.com\/de\/kosmetische-produkte\/"]}]},{"@type":"ImageObject","inLanguage":"de","@id":"https:\/\/www.msds-europe.com\/de\/kosmetische-produkte\/#primaryimage","url":"https:\/\/www.msds-europe.com\/wp-content\/uploads\/2020\/03\/Kompass-zur-chemischen-Sicherheit-300x180.jpg","contentUrl":"https:\/\/www.msds-europe.com\/wp-content\/uploads\/2020\/03\/Kompass-zur-chemischen-Sicherheit-300x180.jpg"},{"@type":"BreadcrumbList","@id":"https:\/\/www.msds-europe.com\/de\/kosmetische-produkte\/#breadcrumb","itemListElement":[{"@type":"ListItem","position":1,"name":"F\u0151oldal","item":"https:\/\/www.msds-europe.com\/de\/"},{"@type":"ListItem","position":2,"name":"Kosmetische Produkte &#8211; eine Sammlung n\u00fctzlicher Informationen"}]},{"@type":"WebSite","@id":"https:\/\/www.msds-europe.com\/es\/#website","url":"https:\/\/www.msds-europe.com\/es\/","name":"MSDS Europe","description":"","publisher":{"@id":"https:\/\/www.msds-europe.com\/es\/#organization"},"potentialAction":[{"@type":"SearchAction","target":{"@type":"EntryPoint","urlTemplate":"https:\/\/www.msds-europe.com\/es\/?s={search_term_string}"},"query-input":{"@type":"PropertyValueSpecification","valueRequired":true,"valueName":"search_term_string"}}],"inLanguage":"de"},{"@type":"Organization","@id":"https:\/\/www.msds-europe.com\/es\/#organization","name":"MSDS-Europe International branch of ToxInfo","url":"https:\/\/www.msds-europe.com\/es\/","logo":{"@type":"ImageObject","inLanguage":"de","@id":"https:\/\/www.msds-europe.com\/es\/#\/schema\/logo\/image\/","url":"https:\/\/www.msds-europe.com\/wp-content\/uploads\/2021\/04\/msds-europe-logo.jpg","contentUrl":"https:\/\/www.msds-europe.com\/wp-content\/uploads\/2021\/04\/msds-europe-logo.jpg","width":2296,"height":1067,"caption":"MSDS-Europe International branch of ToxInfo"},"image":{"@id":"https:\/\/www.msds-europe.com\/es\/#\/schema\/logo\/image\/"},"sameAs":["https:\/\/www.facebook.com\/toxinfokft\/","https:\/\/x.com\/ToxInfoKft"]}]}},"_links":{"self":[{"href":"https:\/\/www.msds-europe.com\/de\/wp-json\/wp\/v2\/pages\/4505","targetHints":{"allow":["GET"]}}],"collection":[{"href":"https:\/\/www.msds-europe.com\/de\/wp-json\/wp\/v2\/pages"}],"about":[{"href":"https:\/\/www.msds-europe.com\/de\/wp-json\/wp\/v2\/types\/page"}],"author":[{"embeddable":true,"href":"https:\/\/www.msds-europe.com\/de\/wp-json\/wp\/v2\/users\/2"}],"replies":[{"embeddable":true,"href":"https:\/\/www.msds-europe.com\/de\/wp-json\/wp\/v2\/comments?post=4505"}],"version-history":[{"count":6,"href":"https:\/\/www.msds-europe.com\/de\/wp-json\/wp\/v2\/pages\/4505\/revisions"}],"predecessor-version":[{"id":20528,"href":"https:\/\/www.msds-europe.com\/de\/wp-json\/wp\/v2\/pages\/4505\/revisions\/20528"}],"wp:attachment":[{"href":"https:\/\/www.msds-europe.com\/de\/wp-json\/wp\/v2\/media?parent=4505"}],"wp:term":[{"taxonomy":"post_tag","embeddable":true,"href":"https:\/\/www.msds-europe.com\/de\/wp-json\/wp\/v2\/tags?post=4505"}],"curies":[{"name":"wp","href":"https:\/\/api.w.org\/{rel}","templated":true}]}}