{"id":4458,"date":"2018-06-14T10:42:32","date_gmt":"2018-06-14T10:42:32","guid":{"rendered":"http:\/\/www.msds-europe.com\/sicherheitsdatenblatt-bezogenes-express-service-innerhalb-von-24-stunden\/"},"modified":"2026-02-18T14:56:10","modified_gmt":"2026-02-18T14:56:10","slug":"sicherheitsdatenblatt-bezogenes-express-service","status":"publish","type":"page","link":"https:\/\/www.msds-europe.com\/de\/sicherheitsdatenblatt-bezogenes-express-service\/","title":{"rendered":"Sicherheitsdatenblatt-bezogenes Rapid-Service innerhalb von 72 Stunden"},"content":{"rendered":"<p style=\"text-align: right;\"><em><a href=\"http:\/\/www.msds-europe.com\/de\/\">MSDS-Europe<\/a> \u2013 Sicherheitsdatenblattbezogener Rapid-Service<\/em><\/p>\n<p>&nbsp;<\/p>\n<p style=\"text-align: justify;\">Die \u00dcbersetzung oder Aktualisierung ist \u2013 abh\u00e4ngig von der bestellten Menge \u2013 auch als Rapid-Service mit einer Lieferzeit von 72 Stunden verf\u00fcgbar.<\/p>\n<p>&nbsp;<\/p>\n<h2 style=\"text-align: justify;\">Sicherheitsdatenblattbezogener Rapid-Service<\/h2>\n<ul>\n<li style=\"text-align: justify;\"><a href=\"http:\/\/www.msds-europe.com\/de\/sicherheitsdatenblatt-uebersetzung\/\">\u00dcbersetzung von Sicherheitsdatenbl\u00e4ttern<\/a><\/li>\n<li style=\"text-align: justify;\"><a href=\"http:\/\/www.msds-europe.com\/de\/sds-aktualisierung-ueberarbeitung\/\">Aktualisierung von Sicherheitsdatenbl\u00e4ttern (\u00dcberarbeitung)<\/a><\/li>\n<li style=\"text-align: justify;\"><a href=\"http:\/\/www.msds-europe.com\/de\/erstellung-von-etikettenentwuerfen\/\">Erstellung von Etikettenentw\u00fcrfen<\/a><\/li>\n<\/ul>\n<p>&nbsp;<\/p>\n<p style=\"text-align: justify;\">Klicken Sie auf einen der obigen Links oder kontaktieren Sie unseren Kundenservice f\u00fcr weitere Informationen zum Rapid-Service.<\/p>\n<p style=\"text-align: right;\"><a href=\"https:\/\/www.msds-europe.com\/de\/sds-sprachanforderungen\/\"><em>Sprache des Sicherheitsdatenblatts in der EU<\/em><\/a><\/p>\n<p style=\"text-align: right;\"><a href=\"https:\/\/www.msds-europe.com\/de\/clp-online-werbung-2028\/\"><em>Neue CLP-Vorschriften f\u00fcr Webshops: Kennzeichnung und Werbung<\/em><\/a><\/p>\n<p>&nbsp;<\/p>\n<h2 style=\"text-align: justify;\">Rapid-Service<\/h2>\n<p style=\"text-align: justify;\"><strong>Lieferfrist: 72 Stunden.<\/strong><\/p>\n<p style=\"text-align: justify;\">Der Standardprozess f\u00fcr die \u00dcbersetzung oder Aktualisierung von Sicherheitsdatenbl\u00e4ttern dauert 8\u201310 Arbeitstage.<\/p>\n<p>&nbsp;<\/p>\n<h3 style=\"text-align: justify;\">Beschleunigte Abwicklung<\/h3>\n<p style=\"text-align: justify;\">Um die Bearbeitung zu beschleunigen, kontaktieren Sie bitte unseren <a href=\"http:\/\/www.msds-europe.com\/de\/kundendienst\/\">Kundenservice<\/a> telefonisch, wenn Sie die Dienstleistung bestellen.<br \/>\nWenn Sie unser <a href=\"http:\/\/www.msds-europe.com\/de\/angebotsanfrage-sicherheitsdatenblatt\/\">Anfrageformular<\/a> verwenden, hinterlassen Sie bitte einen Kommentar, wenn Sie den Rapid-Service ben\u00f6tigen.<\/p>\n<p style=\"text-align: right;\"><em>FAQ \u2013 <a href=\"https:\/\/www.msds-europe.com\/de\/faq\/\">Fragen im Zusammenhang mit dem Bestell- und Lieferprozess<\/a><\/em><\/p>\n<h3 style=\"text-align: justify;\">Garantie<\/h3>\n<p style=\"text-align: justify;\">Unser Unternehmen bietet f\u00fcr Kunden, die den Rapid-Service anfordern, die gleichen Garantiebedingungen wie f\u00fcr Dienstleistungen mit Standardlieferfristen. Weitere Informationen zu unserer Garantie finden Sie bei den jeweiligen Dienstleistungen.<\/p>\n<p>&nbsp;<\/p>\n<h4><span style=\"color: #333333;\">Empfohlene Artikel<\/span><\/h4>\n<ul>\n<li><a title=\"G\u00fcltigkeitsdauer eines Sicherheitsdatenblattes\" href=\"http:\/\/www.msds-europe.com\/de\/gueltigkeitsdauer-sicherheitsdatenblatt\/\">G\u00fcltigkeitsdauer eines Sicherheitsdatenblattes<\/a><\/li>\n<li><a title=\"Vorgehensweise in der Erstellung und \u00dcbersetzung von Sicherheitsdatenbl\u00e4ttern\" href=\"http:\/\/www.msds-europe.com\/de\/vorgehensweise-in-der-erstellung-und-ubersetzung-von-sicherheitsdatenblattern\/\">Vorgehensweise in der Erstellung und \u00dcbersetzung von Sicherheitsdatenbl\u00e4ttern<\/a><\/li>\n<li><a title=\"Bedingungen, unter denen ein Sicherheitsdatenblatt geliefert werden muss\" href=\"http:\/\/www.msds-europe.com\/de\/wenn-ein-sdb-geliefert-werden-muss\/\">Bedingungen, unter denen ein Sicherheitsdatenblatt geliefert werden muss<\/a><\/li>\n<\/ul>\n<p>&nbsp;<\/p>\n","protected":false},"excerpt":{"rendered":"<p>Express-Service: \u00dcbersetzung oder Aktualisierung des Sicherheitsdatenblattes und Erstellung des Etikettenentwurfs innerhalb von 24 oder 72 Stunden.<\/p>\n","protected":false},"author":2,"featured_media":0,"parent":0,"menu_order":0,"comment_status":"closed","ping_status":"closed","template":"","meta":{"_acf_changed":false,"footnotes":""},"tags":[247,248],"class_list":["post-4458","page","type-page","status-publish","hentry","tag-sicherheitsdatenblatt","tag-sicherheitsdatenblatt-dienstleistung"],"acf":[],"yoast_head":"<!-- This site is optimized with the Yoast SEO plugin v27.2 - https:\/\/yoast.com\/product\/yoast-seo-wordpress\/ -->\n<title>Sicherheitsdatenblatt-bezogenes Rapid-Service | 72 Stunden<\/title>\n<meta name=\"description\" content=\"Sicherheitsdatenblatt-bezogenes Rapid-Service ist f\u00fcr die \u00dcbersetzung oder Aktualisierung des Sicherheitsdatenblattes und Erstellung des Etikettenentwurfs verf\u00fcgbar.\" \/>\n<meta name=\"robots\" content=\"index, follow, max-snippet:-1, max-image-preview:large, max-video-preview:-1\" \/>\n<link rel=\"canonical\" href=\"https:\/\/www.msds-europe.com\/de\/sicherheitsdatenblatt-bezogenes-express-service\/\" \/>\n<meta property=\"og:locale\" content=\"de_DE\" \/>\n<meta property=\"og:type\" content=\"article\" \/>\n<meta property=\"og:title\" content=\"Sicherheitsdatenblatt-bezogenes Rapid-Service | 72 Stunden\" \/>\n<meta property=\"og:description\" content=\"Sicherheitsdatenblatt-bezogenes Rapid-Service ist f\u00fcr die \u00dcbersetzung oder Aktualisierung des Sicherheitsdatenblattes und Erstellung des Etikettenentwurfs verf\u00fcgbar.\" \/>\n<meta property=\"og:url\" content=\"https:\/\/www.msds-europe.com\/de\/sicherheitsdatenblatt-bezogenes-express-service\/\" \/>\n<meta property=\"og:site_name\" content=\"MSDS Europe\" \/>\n<meta property=\"article:publisher\" content=\"https:\/\/www.facebook.com\/toxinfokft\/\" \/>\n<meta property=\"article:modified_time\" content=\"2026-02-18T14:56:10+00:00\" \/>\n<meta name=\"twitter:card\" content=\"summary_large_image\" \/>\n<meta name=\"twitter:site\" content=\"@ToxInfoKft\" \/>\n<meta name=\"twitter:label1\" content=\"Gesch\u00e4tzte Lesezeit\" \/>\n\t<meta name=\"twitter:data1\" content=\"1\u00a0Minute\" \/>\n<script type=\"application\/ld+json\" class=\"yoast-schema-graph\">{\"@context\":\"https:\/\/schema.org\",\"@graph\":[{\"@type\":\"WebPage\",\"@id\":\"https:\/\/www.msds-europe.com\/de\/sicherheitsdatenblatt-bezogenes-express-service\/\",\"url\":\"https:\/\/www.msds-europe.com\/de\/sicherheitsdatenblatt-bezogenes-express-service\/\",\"name\":\"Sicherheitsdatenblatt-bezogenes Rapid-Service | 72 Stunden\",\"isPartOf\":{\"@id\":\"https:\/\/www.msds-europe.com\/es\/#website\"},\"datePublished\":\"2018-06-14T10:42:32+00:00\",\"dateModified\":\"2026-02-18T14:56:10+00:00\",\"description\":\"Sicherheitsdatenblatt-bezogenes Rapid-Service ist f\u00fcr die \u00dcbersetzung oder Aktualisierung des Sicherheitsdatenblattes und Erstellung des Etikettenentwurfs verf\u00fcgbar.\",\"breadcrumb\":{\"@id\":\"https:\/\/www.msds-europe.com\/de\/sicherheitsdatenblatt-bezogenes-express-service\/#breadcrumb\"},\"inLanguage\":\"de\",\"potentialAction\":[{\"@type\":\"ReadAction\",\"target\":[\"https:\/\/www.msds-europe.com\/de\/sicherheitsdatenblatt-bezogenes-express-service\/\"]}]},{\"@type\":\"BreadcrumbList\",\"@id\":\"https:\/\/www.msds-europe.com\/de\/sicherheitsdatenblatt-bezogenes-express-service\/#breadcrumb\",\"itemListElement\":[{\"@type\":\"ListItem\",\"position\":1,\"name\":\"F\u0151oldal\",\"item\":\"https:\/\/www.msds-europe.com\/de\/\"},{\"@type\":\"ListItem\",\"position\":2,\"name\":\"Sicherheitsdatenblatt-bezogenes Rapid-Service innerhalb von 72 Stunden\"}]},{\"@type\":\"WebSite\",\"@id\":\"https:\/\/www.msds-europe.com\/es\/#website\",\"url\":\"https:\/\/www.msds-europe.com\/es\/\",\"name\":\"MSDS Europe\",\"description\":\"\",\"publisher\":{\"@id\":\"https:\/\/www.msds-europe.com\/es\/#organization\"},\"potentialAction\":[{\"@type\":\"SearchAction\",\"target\":{\"@type\":\"EntryPoint\",\"urlTemplate\":\"https:\/\/www.msds-europe.com\/es\/?s={search_term_string}\"},\"query-input\":{\"@type\":\"PropertyValueSpecification\",\"valueRequired\":true,\"valueName\":\"search_term_string\"}}],\"inLanguage\":\"de\"},{\"@type\":\"Organization\",\"@id\":\"https:\/\/www.msds-europe.com\/es\/#organization\",\"name\":\"MSDS-Europe International branch of ToxInfo\",\"url\":\"https:\/\/www.msds-europe.com\/es\/\",\"logo\":{\"@type\":\"ImageObject\",\"inLanguage\":\"de\",\"@id\":\"https:\/\/www.msds-europe.com\/es\/#\/schema\/logo\/image\/\",\"url\":\"https:\/\/www.msds-europe.com\/wp-content\/uploads\/2021\/04\/msds-europe-logo.jpg\",\"contentUrl\":\"https:\/\/www.msds-europe.com\/wp-content\/uploads\/2021\/04\/msds-europe-logo.jpg\",\"width\":2296,\"height\":1067,\"caption\":\"MSDS-Europe International branch of ToxInfo\"},\"image\":{\"@id\":\"https:\/\/www.msds-europe.com\/es\/#\/schema\/logo\/image\/\"},\"sameAs\":[\"https:\/\/www.facebook.com\/toxinfokft\/\",\"https:\/\/x.com\/ToxInfoKft\"]}]}<\/script>\n<!-- \/ Yoast SEO plugin. -->","yoast_head_json":{"title":"Sicherheitsdatenblatt-bezogenes Rapid-Service | 72 Stunden","description":"Sicherheitsdatenblatt-bezogenes Rapid-Service ist f\u00fcr die \u00dcbersetzung oder Aktualisierung des Sicherheitsdatenblattes und Erstellung des Etikettenentwurfs verf\u00fcgbar.","robots":{"index":"index","follow":"follow","max-snippet":"max-snippet:-1","max-image-preview":"max-image-preview:large","max-video-preview":"max-video-preview:-1"},"canonical":"https:\/\/www.msds-europe.com\/de\/sicherheitsdatenblatt-bezogenes-express-service\/","og_locale":"de_DE","og_type":"article","og_title":"Sicherheitsdatenblatt-bezogenes Rapid-Service | 72 Stunden","og_description":"Sicherheitsdatenblatt-bezogenes Rapid-Service ist f\u00fcr die \u00dcbersetzung oder Aktualisierung des Sicherheitsdatenblattes und Erstellung des Etikettenentwurfs verf\u00fcgbar.","og_url":"https:\/\/www.msds-europe.com\/de\/sicherheitsdatenblatt-bezogenes-express-service\/","og_site_name":"MSDS Europe","article_publisher":"https:\/\/www.facebook.com\/toxinfokft\/","article_modified_time":"2026-02-18T14:56:10+00:00","twitter_card":"summary_large_image","twitter_site":"@ToxInfoKft","twitter_misc":{"Gesch\u00e4tzte Lesezeit":"1\u00a0Minute"},"schema":{"@context":"https:\/\/schema.org","@graph":[{"@type":"WebPage","@id":"https:\/\/www.msds-europe.com\/de\/sicherheitsdatenblatt-bezogenes-express-service\/","url":"https:\/\/www.msds-europe.com\/de\/sicherheitsdatenblatt-bezogenes-express-service\/","name":"Sicherheitsdatenblatt-bezogenes Rapid-Service | 72 Stunden","isPartOf":{"@id":"https:\/\/www.msds-europe.com\/es\/#website"},"datePublished":"2018-06-14T10:42:32+00:00","dateModified":"2026-02-18T14:56:10+00:00","description":"Sicherheitsdatenblatt-bezogenes Rapid-Service ist f\u00fcr die \u00dcbersetzung oder Aktualisierung des Sicherheitsdatenblattes und Erstellung des Etikettenentwurfs verf\u00fcgbar.","breadcrumb":{"@id":"https:\/\/www.msds-europe.com\/de\/sicherheitsdatenblatt-bezogenes-express-service\/#breadcrumb"},"inLanguage":"de","potentialAction":[{"@type":"ReadAction","target":["https:\/\/www.msds-europe.com\/de\/sicherheitsdatenblatt-bezogenes-express-service\/"]}]},{"@type":"BreadcrumbList","@id":"https:\/\/www.msds-europe.com\/de\/sicherheitsdatenblatt-bezogenes-express-service\/#breadcrumb","itemListElement":[{"@type":"ListItem","position":1,"name":"F\u0151oldal","item":"https:\/\/www.msds-europe.com\/de\/"},{"@type":"ListItem","position":2,"name":"Sicherheitsdatenblatt-bezogenes Rapid-Service innerhalb von 72 Stunden"}]},{"@type":"WebSite","@id":"https:\/\/www.msds-europe.com\/es\/#website","url":"https:\/\/www.msds-europe.com\/es\/","name":"MSDS Europe","description":"","publisher":{"@id":"https:\/\/www.msds-europe.com\/es\/#organization"},"potentialAction":[{"@type":"SearchAction","target":{"@type":"EntryPoint","urlTemplate":"https:\/\/www.msds-europe.com\/es\/?s={search_term_string}"},"query-input":{"@type":"PropertyValueSpecification","valueRequired":true,"valueName":"search_term_string"}}],"inLanguage":"de"},{"@type":"Organization","@id":"https:\/\/www.msds-europe.com\/es\/#organization","name":"MSDS-Europe International branch of ToxInfo","url":"https:\/\/www.msds-europe.com\/es\/","logo":{"@type":"ImageObject","inLanguage":"de","@id":"https:\/\/www.msds-europe.com\/es\/#\/schema\/logo\/image\/","url":"https:\/\/www.msds-europe.com\/wp-content\/uploads\/2021\/04\/msds-europe-logo.jpg","contentUrl":"https:\/\/www.msds-europe.com\/wp-content\/uploads\/2021\/04\/msds-europe-logo.jpg","width":2296,"height":1067,"caption":"MSDS-Europe International branch of ToxInfo"},"image":{"@id":"https:\/\/www.msds-europe.com\/es\/#\/schema\/logo\/image\/"},"sameAs":["https:\/\/www.facebook.com\/toxinfokft\/","https:\/\/x.com\/ToxInfoKft"]}]}},"_links":{"self":[{"href":"https:\/\/www.msds-europe.com\/de\/wp-json\/wp\/v2\/pages\/4458","targetHints":{"allow":["GET"]}}],"collection":[{"href":"https:\/\/www.msds-europe.com\/de\/wp-json\/wp\/v2\/pages"}],"about":[{"href":"https:\/\/www.msds-europe.com\/de\/wp-json\/wp\/v2\/types\/page"}],"author":[{"embeddable":true,"href":"https:\/\/www.msds-europe.com\/de\/wp-json\/wp\/v2\/users\/2"}],"replies":[{"embeddable":true,"href":"https:\/\/www.msds-europe.com\/de\/wp-json\/wp\/v2\/comments?post=4458"}],"version-history":[{"count":11,"href":"https:\/\/www.msds-europe.com\/de\/wp-json\/wp\/v2\/pages\/4458\/revisions"}],"predecessor-version":[{"id":37143,"href":"https:\/\/www.msds-europe.com\/de\/wp-json\/wp\/v2\/pages\/4458\/revisions\/37143"}],"wp:attachment":[{"href":"https:\/\/www.msds-europe.com\/de\/wp-json\/wp\/v2\/media?parent=4458"}],"wp:term":[{"taxonomy":"post_tag","embeddable":true,"href":"https:\/\/www.msds-europe.com\/de\/wp-json\/wp\/v2\/tags?post=4458"}],"curies":[{"name":"wp","href":"https:\/\/api.w.org\/{rel}","templated":true}]}}